{"id":23262,"date":"2021-06-09T16:06:26","date_gmt":"2021-06-09T14:06:26","guid":{"rendered":"https:\/\/www.comau.com\/?page_id=23262"},"modified":"2021-07-21T12:49:29","modified_gmt":"2021-07-21T10:49:29","slug":"project-management-academy","status":"publish","type":"page","link":"https:\/\/www.comau.com\/fr\/competencies\/services\/project-management-academy\/","title":{"rendered":"Project Management Academy"},"content":{"rendered":"\n<h2 class=\"wp-block-heading\">Formations de d\u00e9veloppement professionnel<\/h2>\n\n<p>La Project Management Academy de Comau (Comau PM Academy) utilise des cours en salle, le partage de connaissances et la coop\u00e9ration avec d&rsquo;autres institutions pour fournir une formation de d\u00e9veloppement professionnel aux entreprises et aux particuliers partout dans le monde.<\/p>\n\n<p>La Comau PM Academy est un REP\u00ae &#8211; Registered Education Provider mondial &#8211; enregistr\u00e9 et est officiellement reconnue par le Project Management Institute (PMI)\u00ae, qui est une des associations mondiales les plus importantes dans la gestion de projets professionnels. Toutes les formations sont \u00e9labor\u00e9es en interne et propos\u00e9es par des professionnels de la gestion de projet Comau. Cela nous permet d&rsquo;associer l&rsquo;exp\u00e9rience du terrain avec des projets complexes (approche pragmatique) et des pratiques de gestion de projet internationalement reconnues (approche th\u00e9orique).<\/p>\n\n<p>PMI is a registered mark of the Project Management Institute, Inc.<\/p>\n\n<div class=\"wp-block-columns columns-bg-dark is-layout-flex wp-container-core-columns-is-layout-9d6595d7 wp-block-columns-is-layout-flex\">\n<div class=\"wp-block-column is-layout-flow wp-block-column-is-layout-flow\">\n<h3 class=\"wp-block-heading\">\u00c9l\u00e9ments fondamentaux de la gestion des risques<\/h3>\n\n\n\n<p>D\u00e9veloppez vos connaissances en gestion des risques li\u00e9s aux projets, notamment en ce qui concerne la d\u00e9tection des risques et les mesures pour \u00e9liminer, r\u00e9duire et consciemment traiter les risques, en accord avec les champs de connaissances pertinents du \u00ab\u202fA Guide to the Project Management Body of Knowledge (PMBOK\u00ae Guide) \u2013 Fifth Edition, Project Management Institute, Inc., 2013\u202f\u00bb. PMBOK est une marque d\u00e9pos\u00e9e du Project Management Institute, Inc. <br\/><br\/><strong>Dur\u00e9e : 16 heures<\/strong><\/p>\n\n\n\n<div class=\"wp-block-buttons is-layout-flex wp-block-buttons-is-layout-flex\">\n<div class=\"wp-block-button\"><a class=\"wp-block-button__link\" href=\"https:\/\/www.comau.com\/fr\/competencies\/consultancy-education\/companies-professionals\/risk-management-fundamentals\/\">Lire la suite<\/a><\/div>\n<\/div>\n<\/div>\n\n\n\n<div class=\"wp-block-column is-layout-flow wp-block-column-is-layout-flow\">\n<h3 class=\"wp-block-heading\">PMF &#8211; \u00c9l\u00e9ments fondamentaux de la gestion de projet<\/h3>\n\n\n\n<p>Ma\u00eetrisez mieux l\u2019application des processus et pratiques de gestion de projet en mettant l\u2019accent sur la d\u00e9finition, la mise en \u0153uvre, la gestion, la conduite, la surveillance et le contr\u00f4le des projets et de leurs composants.<br\/><br\/><strong>Dur\u00e9e : 3 jours<br\/>24 PDU (Professional Development Units &#8211; Unit\u00e9s de formation professionnelle) ou heures de contact<\/strong><\/p>\n\n\n\n<div class=\"wp-block-buttons is-layout-flex wp-block-buttons-is-layout-flex\">\n<div class=\"wp-block-button\"><a class=\"wp-block-button__link\" href=\"https:\/\/www.comau.com\/fr\/competencies\/consultancy-education\/companies-professionals\/pmf-project-management-fundamentals\/\">Lire la suite<\/a><\/div>\n<\/div>\n<\/div>\n<\/div>\n\n<div class=\"wp-block-columns columns-bg-dark is-layout-flex wp-container-core-columns-is-layout-9d6595d7 wp-block-columns-is-layout-flex\">\n<div class=\"wp-block-column is-layout-flow wp-block-column-is-layout-flow\">\n<h3 class=\"wp-block-heading\">PMP\u00ae &#8211; Certification Professionnel de la gestion de projet<\/h3>\n\n\n\n<p>Formation intensive destin\u00e9e \u00e0 couvrir tous les processus du Project Management Institute (PMI)\u00ae, ses \u00e9l\u00e9ments de base, ses outils, ses techniques et ses r\u00e9sultats. Elle apporte aussi des connaissances suppl\u00e9mentaires (ressources humaines, th\u00e9ories sur la qualit\u00e9, et responsabilit\u00e9 \u00e9thique et professionnelle) n\u00e9cessaires pour r\u00e9ussir l\u2019examen PMP\u00ae. PMP est une marque d\u00e9pos\u00e9e du Project Management Institute, Inc.<br\/><br\/><strong>Dur\u00e9e : 6 jours<br\/>42 PDU (Professional Development Units &#8211; Unit\u00e9s de formation professionnelle) ou heures de contact <\/strong><\/p>\n\n\n\n<div class=\"wp-block-buttons is-layout-flex wp-block-buttons-is-layout-flex\">\n<div class=\"wp-block-button\"><a class=\"wp-block-button__link\" href=\"https:\/\/www.comau.com\/fr\/competencies\/consultancy-education\/companies-professionals\/professional-project-management-with-pmp-certification\/\">Lire la suite<\/a><\/div>\n<\/div>\n<\/div>\n\n\n\n<div class=\"wp-block-column is-layout-flow wp-block-column-is-layout-flow\">\n<h3 class=\"wp-block-heading\">PME &#8211; \u00c9l\u00e9ments essentiels de la gestion de projet<\/h3>\n\n\n\n<p>Affinez votre compr\u00e9hension de l\u2019environnement de projet et am\u00e9liorez votre capacit\u00e9 \u00e0 appliquer efficacement les processus de gestion de projet.<br\/><br\/><strong>Dur\u00e9e : 2 jours <br\/>15 PDU (Professional Development Units &#8211; Unit\u00e9s de formation professionnelle) ou heures de contact<\/strong><\/p>\n\n\n\n<div class=\"wp-block-buttons is-layout-flex wp-block-buttons-is-layout-flex\">\n<div class=\"wp-block-button\"><a class=\"wp-block-button__link\" href=\"https:\/\/www.comau.com\/fr\/competencies\/consultancy-education\/companies-professionals\/project-management-essentials-pme\/\">Lire la suite<\/a><\/div>\n<\/div>\n<\/div>\n<\/div>\n","protected":false},"excerpt":{"rendered":"<p>Formations de d\u00e9veloppement professionnel La Project Management Academy de Comau (Comau PM Academy) utilise des cours en salle, le partage de connaissances et la coop\u00e9ration avec d&rsquo;autres institutions pour fournir une formation de d\u00e9veloppement professionnel aux entreprises et aux particuliers partout dans le monde. La Comau PM Academy est un REP\u00ae &#8211; Registered Education Provider [&hellip;]<\/p>\n","protected":false},"author":11,"featured_media":10293,"parent":65278,"menu_order":2,"comment_status":"closed","ping_status":"closed","template":"","meta":{"_acf_changed":false,"ep_exclude_from_search":false,"footnotes":""},"class_list":["post-23262","page","type-page","status-publish","has-post-thumbnail","hentry"],"acf":[],"yoast_head":"<!-- This site is optimized with the Yoast SEO plugin v26.9 - https:\/\/yoast.com\/product\/yoast-seo-wordpress\/ -->\n<title>Project Management Academy - Comau<\/title>\n<meta name=\"robots\" content=\"index, follow, max-snippet:-1, max-image-preview:large, max-video-preview:-1\" \/>\n<link rel=\"canonical\" href=\"https:\/\/www.comau.com\/fr\/competencies\/services\/project-management-academy\/\" \/>\n<meta property=\"og:locale\" content=\"fr_FR\" \/>\n<meta property=\"og:type\" content=\"article\" \/>\n<meta property=\"og:title\" content=\"Project Management Academy - Comau\" \/>\n<meta property=\"og:description\" content=\"Formations de d\u00e9veloppement professionnel La Project Management Academy de Comau (Comau PM Academy) utilise des cours en salle, le partage de connaissances et la coop\u00e9ration avec d&rsquo;autres institutions pour fournir une formation de d\u00e9veloppement professionnel aux entreprises et aux particuliers partout dans le monde. La Comau PM Academy est un REP\u00ae &#8211; Registered Education Provider [&hellip;]\" \/>\n<meta property=\"og:url\" content=\"https:\/\/www.comau.com\/fr\/competencies\/services\/project-management-academy\/\" \/>\n<meta property=\"og:site_name\" content=\"Comau\" \/>\n<meta property=\"article:publisher\" content=\"https:\/\/www.facebook.com\/COMAU\/\" \/>\n<meta property=\"article:modified_time\" content=\"2021-07-21T10:49:29+00:00\" \/>\n<meta property=\"og:image\" content=\"https:\/\/www.comau.com\/wp-content\/uploads\/2021\/06\/header_DSC1978.png\" \/>\n\t<meta property=\"og:image:width\" content=\"1280\" \/>\n\t<meta property=\"og:image:height\" content=\"485\" \/>\n\t<meta property=\"og:image:type\" content=\"image\/png\" \/>\n<meta name=\"twitter:card\" content=\"summary_large_image\" \/>\n<meta name=\"twitter:site\" content=\"@comaugroup\" \/>\n<meta name=\"twitter:label1\" content=\"Dur\u00e9e de lecture estim\u00e9e\" \/>\n\t<meta name=\"twitter:data1\" content=\"2 minutes\" \/>\n<script type=\"application\/ld+json\" class=\"yoast-schema-graph\">{\"@context\":\"https:\/\/schema.org\",\"@graph\":[{\"@type\":\"WebPage\",\"@id\":\"https:\/\/www.comau.com\/fr\/competencies\/services\/project-management-academy\/\",\"url\":\"https:\/\/www.comau.com\/fr\/competencies\/services\/project-management-academy\/\",\"name\":\"Project Management Academy - Comau\",\"isPartOf\":{\"@id\":\"https:\/\/www.comau.com\/fr\/#website\"},\"primaryImageOfPage\":{\"@id\":\"https:\/\/www.comau.com\/fr\/competencies\/services\/project-management-academy\/#primaryimage\"},\"image\":{\"@id\":\"https:\/\/www.comau.com\/fr\/competencies\/services\/project-management-academy\/#primaryimage\"},\"thumbnailUrl\":\"https:\/\/www.comau.com\/wp-content\/uploads\/2021\/06\/header_DSC1978.png\",\"datePublished\":\"2021-06-09T14:06:26+00:00\",\"dateModified\":\"2021-07-21T10:49:29+00:00\",\"breadcrumb\":{\"@id\":\"https:\/\/www.comau.com\/fr\/competencies\/services\/project-management-academy\/#breadcrumb\"},\"inLanguage\":\"fr-FR\",\"potentialAction\":[{\"@type\":\"ReadAction\",\"target\":[\"https:\/\/www.comau.com\/fr\/competencies\/services\/project-management-academy\/\"]}]},{\"@type\":\"ImageObject\",\"inLanguage\":\"fr-FR\",\"@id\":\"https:\/\/www.comau.com\/fr\/competencies\/services\/project-management-academy\/#primaryimage\",\"url\":\"https:\/\/www.comau.com\/wp-content\/uploads\/2021\/06\/header_DSC1978.png\",\"contentUrl\":\"https:\/\/www.comau.com\/wp-content\/uploads\/2021\/06\/header_DSC1978.png\",\"width\":1280,\"height\":485},{\"@type\":\"BreadcrumbList\",\"@id\":\"https:\/\/www.comau.com\/fr\/competencies\/services\/project-management-academy\/#breadcrumb\",\"itemListElement\":[{\"@type\":\"ListItem\",\"position\":1,\"name\":\"Home\",\"item\":\"https:\/\/www.comau.com\/fr\/\"},{\"@type\":\"ListItem\",\"position\":2,\"name\":\"Nos comp\u00e9tences\",\"item\":\"https:\/\/www.comau.com\/fr\/competencies\/\"},{\"@type\":\"ListItem\",\"position\":3,\"name\":\"Consultancy &amp; Education\",\"item\":\"https:\/\/www.comau.com\/fr\/competencies\/consultancy-education\/\"},{\"@type\":\"ListItem\",\"position\":4,\"name\":\"Gestion de projet\",\"item\":\"https:\/\/www.comau.com\/fr\/competencies\/consultancy-education\/project-management\/\"},{\"@type\":\"ListItem\",\"position\":5,\"name\":\"Project Management Academy\"}]},{\"@type\":\"WebSite\",\"@id\":\"https:\/\/www.comau.com\/fr\/#website\",\"url\":\"https:\/\/www.comau.com\/fr\/\",\"name\":\"Comau\",\"description\":\"Industrial automation and robotics\",\"publisher\":{\"@id\":\"https:\/\/www.comau.com\/fr\/#organization\"},\"potentialAction\":[{\"@type\":\"SearchAction\",\"target\":{\"@type\":\"EntryPoint\",\"urlTemplate\":\"https:\/\/www.comau.com\/fr\/?s={search_term_string}\"},\"query-input\":{\"@type\":\"PropertyValueSpecification\",\"valueRequired\":true,\"valueName\":\"search_term_string\"}}],\"inLanguage\":\"fr-FR\"},{\"@type\":\"Organization\",\"@id\":\"https:\/\/www.comau.com\/fr\/#organization\",\"name\":\"Comau\",\"url\":\"https:\/\/www.comau.com\/fr\/\",\"logo\":{\"@type\":\"ImageObject\",\"inLanguage\":\"fr-FR\",\"@id\":\"https:\/\/www.comau.com\/fr\/#\/schema\/logo\/image\/\",\"url\":\"https:\/\/www.comau.com\/wp-content\/uploads\/2024\/07\/cropped-Logo-COMAU.png\",\"contentUrl\":\"https:\/\/www.comau.com\/wp-content\/uploads\/2024\/07\/cropped-Logo-COMAU.png\",\"width\":434,\"height\":434,\"caption\":\"Comau\"},\"image\":{\"@id\":\"https:\/\/www.comau.com\/fr\/#\/schema\/logo\/image\/\"},\"sameAs\":[\"https:\/\/www.facebook.com\/COMAU\/\",\"https:\/\/x.com\/comaugroup\",\"https:\/\/www.instagram.com\/comaugroup\/\",\"https:\/\/www.linkedin.com\/company\/comau\",\"https:\/\/www.youtube.com\/user\/comau\"]}]}<\/script>\n<!-- \/ Yoast SEO plugin. -->","yoast_head_json":{"title":"Project Management Academy - Comau","robots":{"index":"index","follow":"follow","max-snippet":"max-snippet:-1","max-image-preview":"max-image-preview:large","max-video-preview":"max-video-preview:-1"},"canonical":"https:\/\/www.comau.com\/fr\/competencies\/services\/project-management-academy\/","og_locale":"fr_FR","og_type":"article","og_title":"Project Management Academy - Comau","og_description":"Formations de d\u00e9veloppement professionnel La Project Management Academy de Comau (Comau PM Academy) utilise des cours en salle, le partage de connaissances et la coop\u00e9ration avec d&rsquo;autres institutions pour fournir une formation de d\u00e9veloppement professionnel aux entreprises et aux particuliers partout dans le monde. La Comau PM Academy est un REP\u00ae &#8211; Registered Education Provider [&hellip;]","og_url":"https:\/\/www.comau.com\/fr\/competencies\/services\/project-management-academy\/","og_site_name":"Comau","article_publisher":"https:\/\/www.facebook.com\/COMAU\/","article_modified_time":"2021-07-21T10:49:29+00:00","og_image":[{"width":1280,"height":485,"url":"https:\/\/www.comau.com\/wp-content\/uploads\/2021\/06\/header_DSC1978.png","type":"image\/png"}],"twitter_card":"summary_large_image","twitter_site":"@comaugroup","twitter_misc":{"Dur\u00e9e de lecture estim\u00e9e":"2 minutes"},"schema":{"@context":"https:\/\/schema.org","@graph":[{"@type":"WebPage","@id":"https:\/\/www.comau.com\/fr\/competencies\/services\/project-management-academy\/","url":"https:\/\/www.comau.com\/fr\/competencies\/services\/project-management-academy\/","name":"Project Management Academy - Comau","isPartOf":{"@id":"https:\/\/www.comau.com\/fr\/#website"},"primaryImageOfPage":{"@id":"https:\/\/www.comau.com\/fr\/competencies\/services\/project-management-academy\/#primaryimage"},"image":{"@id":"https:\/\/www.comau.com\/fr\/competencies\/services\/project-management-academy\/#primaryimage"},"thumbnailUrl":"https:\/\/www.comau.com\/wp-content\/uploads\/2021\/06\/header_DSC1978.png","datePublished":"2021-06-09T14:06:26+00:00","dateModified":"2021-07-21T10:49:29+00:00","breadcrumb":{"@id":"https:\/\/www.comau.com\/fr\/competencies\/services\/project-management-academy\/#breadcrumb"},"inLanguage":"fr-FR","potentialAction":[{"@type":"ReadAction","target":["https:\/\/www.comau.com\/fr\/competencies\/services\/project-management-academy\/"]}]},{"@type":"ImageObject","inLanguage":"fr-FR","@id":"https:\/\/www.comau.com\/fr\/competencies\/services\/project-management-academy\/#primaryimage","url":"https:\/\/www.comau.com\/wp-content\/uploads\/2021\/06\/header_DSC1978.png","contentUrl":"https:\/\/www.comau.com\/wp-content\/uploads\/2021\/06\/header_DSC1978.png","width":1280,"height":485},{"@type":"BreadcrumbList","@id":"https:\/\/www.comau.com\/fr\/competencies\/services\/project-management-academy\/#breadcrumb","itemListElement":[{"@type":"ListItem","position":1,"name":"Home","item":"https:\/\/www.comau.com\/fr\/"},{"@type":"ListItem","position":2,"name":"Nos comp\u00e9tences","item":"https:\/\/www.comau.com\/fr\/competencies\/"},{"@type":"ListItem","position":3,"name":"Consultancy &amp; Education","item":"https:\/\/www.comau.com\/fr\/competencies\/consultancy-education\/"},{"@type":"ListItem","position":4,"name":"Gestion de projet","item":"https:\/\/www.comau.com\/fr\/competencies\/consultancy-education\/project-management\/"},{"@type":"ListItem","position":5,"name":"Project Management Academy"}]},{"@type":"WebSite","@id":"https:\/\/www.comau.com\/fr\/#website","url":"https:\/\/www.comau.com\/fr\/","name":"Comau","description":"Industrial automation and robotics","publisher":{"@id":"https:\/\/www.comau.com\/fr\/#organization"},"potentialAction":[{"@type":"SearchAction","target":{"@type":"EntryPoint","urlTemplate":"https:\/\/www.comau.com\/fr\/?s={search_term_string}"},"query-input":{"@type":"PropertyValueSpecification","valueRequired":true,"valueName":"search_term_string"}}],"inLanguage":"fr-FR"},{"@type":"Organization","@id":"https:\/\/www.comau.com\/fr\/#organization","name":"Comau","url":"https:\/\/www.comau.com\/fr\/","logo":{"@type":"ImageObject","inLanguage":"fr-FR","@id":"https:\/\/www.comau.com\/fr\/#\/schema\/logo\/image\/","url":"https:\/\/www.comau.com\/wp-content\/uploads\/2024\/07\/cropped-Logo-COMAU.png","contentUrl":"https:\/\/www.comau.com\/wp-content\/uploads\/2024\/07\/cropped-Logo-COMAU.png","width":434,"height":434,"caption":"Comau"},"image":{"@id":"https:\/\/www.comau.com\/fr\/#\/schema\/logo\/image\/"},"sameAs":["https:\/\/www.facebook.com\/COMAU\/","https:\/\/x.com\/comaugroup","https:\/\/www.instagram.com\/comaugroup\/","https:\/\/www.linkedin.com\/company\/comau","https:\/\/www.youtube.com\/user\/comau"]}]}},"_links":{"self":[{"href":"https:\/\/www.comau.com\/fr\/wp-json\/wp\/v2\/pages\/23262","targetHints":{"allow":["GET"]}}],"collection":[{"href":"https:\/\/www.comau.com\/fr\/wp-json\/wp\/v2\/pages"}],"about":[{"href":"https:\/\/www.comau.com\/fr\/wp-json\/wp\/v2\/types\/page"}],"author":[{"embeddable":true,"href":"https:\/\/www.comau.com\/fr\/wp-json\/wp\/v2\/users\/11"}],"replies":[{"embeddable":true,"href":"https:\/\/www.comau.com\/fr\/wp-json\/wp\/v2\/comments?post=23262"}],"version-history":[{"count":19,"href":"https:\/\/www.comau.com\/fr\/wp-json\/wp\/v2\/pages\/23262\/revisions"}],"predecessor-version":[{"id":32525,"href":"https:\/\/www.comau.com\/fr\/wp-json\/wp\/v2\/pages\/23262\/revisions\/32525"}],"up":[{"embeddable":true,"href":"https:\/\/www.comau.com\/fr\/wp-json\/wp\/v2\/pages\/65278"}],"wp:featuredmedia":[{"embeddable":true,"href":"https:\/\/www.comau.com\/fr\/wp-json\/wp\/v2\/media\/10293"}],"wp:attachment":[{"href":"https:\/\/www.comau.com\/fr\/wp-json\/wp\/v2\/media?parent=23262"}],"curies":[{"name":"wp","href":"https:\/\/api.w.org\/{rel}","templated":true}]}}