{"id":23257,"date":"2021-06-09T16:06:19","date_gmt":"2021-06-09T14:06:19","guid":{"rendered":"https:\/\/www.comau.com\/?page_id=23257"},"modified":"2021-07-17T18:50:14","modified_gmt":"2021-07-17T16:50:14","slug":"risk-management","status":"publish","type":"page","link":"https:\/\/www.comau.com\/fr\/competencies\/systems\/consultancy-education\/project-management\/risk-management\/","title":{"rendered":"Gestion des risques"},"content":{"rendered":"\n<h2 class=\"wp-block-heading\">Organisation de la gestion des risques<\/h2>\n\n\n\n<p>La gestion des risques forme une partie int\u00e9grante des r\u00e8gles de gouvernance de la soci\u00e9t\u00e9. Elle a pour objectif de d\u00e9terminer l&rsquo;exposition aux risques associ\u00e9s au fonctionnement de chaque ligne de production et de chaque unit\u00e9 organisationnelle et de mettre en place les actions de pr\u00e9vention et de correction n\u00e9cessaires.<\/p>\n\n\n\n<p>La gestion des risques apporte en r\u00e9alit\u00e9 \u00e0 l&rsquo;organisation les moyens et les connaissances pour d\u00e9tecter rapidement les risques et am\u00e8ne les employ\u00e9s, quel que soit leur niveau, \u00e0 prendre les mesures n\u00e9cessaires pour les traiter.<\/p>\n\n\n\n<p>Comau applique syst\u00e9matiquement ses Lignes directrices de gestion des risques \u00e0 son activit\u00e9 et \u00e9value les risques par rapport \u00e0 leur niveau de dommage potentiel et \u00e0 la probabilit\u00e9 de leur occurrence. La soci\u00e9t\u00e9 est pleinement consciente que la surveillance constante et l&rsquo;am\u00e9lioration de l&rsquo;efficacit\u00e9 des strat\u00e9gies de r\u00e9ponse sont une condition pr\u00e9alable essentielle pour la cr\u00e9ation de valeur qui b\u00e9n\u00e9ficiera \u00e0 Comau, \u00e0 ses clients et \u00e0 ses partenaires \u00e9conomiques.<\/p>\n\n\n\n<div class=\"wp-block-image\"><figure class=\"aligncenter size-large\"><img decoding=\"async\" width=\"650\" height=\"650\" src=\"https:\/\/www.comau.com\/wp-content\/uploads\/2021\/06\/risk_1.jpg\" alt=\"\" class=\"wp-image-10278\" srcset=\"https:\/\/www.comau.com\/wp-content\/uploads\/2021\/06\/risk_1.jpg 650w, https:\/\/www.comau.com\/wp-content\/uploads\/2021\/06\/risk_1-300x300.jpg 300w, https:\/\/www.comau.com\/wp-content\/uploads\/2021\/06\/risk_1-150x150.jpg 150w\" sizes=\"(max-width: 650px) 100vw, 650px\" \/><\/figure><\/div>\n\n\n\n<h2 class=\"wp-block-heading\">Gestion des risques de l&rsquo;entreprise : Domaines d&rsquo;application<\/h2>\n\n\n\n<p>L&rsquo;organisation de gestion des risques de Comau appartient au Bureau de gestion des projets. Son activit\u00e9 a pour principal objectif de fournir un cadre global pour la gestion des risques dans la soci\u00e9t\u00e9 et de collaborer avec les Business Lines (op\u00e9rations et ventes) et les Fonctions pour garantir que :<\/p>\n\n\n\n<ul class=\"wp-block-list\"><li>l&rsquo;acquisition de nouveaux projets \/ contrats est toujours pr\u00e9c\u00e9d\u00e9e d&rsquo;une \u00e9valuation des risques approfondie ;<\/li><li>l&rsquo;ex\u00e9cution des projets est caract\u00e9ris\u00e9e par l&rsquo;identification syst\u00e9matique, la pr\u00e9vention et la r\u00e9duction des risques ;<\/li><li>les r\u00e9sultats de l&rsquo;analyse des risques de portefeuille (BU, r\u00e9gion) sont consid\u00e9r\u00e9s comme un support valable \u00e0 prendre en compte pour prendre des d\u00e9cisions strat\u00e9giques.<\/li><\/ul>\n\n\n\n<div class=\"wp-block-image\"><figure class=\"aligncenter size-large\"><img decoding=\"async\" width=\"488\" height=\"325\" src=\"https:\/\/www.comau.com\/wp-content\/uploads\/2021\/06\/risk_2.jpg\" alt=\"\" class=\"wp-image-10283\" srcset=\"https:\/\/www.comau.com\/wp-content\/uploads\/2021\/06\/risk_2.jpg 488w, https:\/\/www.comau.com\/wp-content\/uploads\/2021\/06\/risk_2-300x200.jpg 300w\" sizes=\"(max-width: 488px) 100vw, 488px\" \/><\/figure><\/div>\n\n\n\n<p>Moreover, Comau\u2019s Risk Management organization is accountable for:<\/p>\n\n\n\n<ul class=\"wp-block-list\"><li>concevoir, organiser et fournir des sessions de formation pour les employ\u00e9s de Comau partout dans le monde afin d&rsquo;assurer la divulgation et la standardisation des meilleures pratiques et m\u00e9thodes sur le terrain ;<\/li><li>d\u00e9finir, d\u00e9velopper et distribuer des outils innovants qui pourraient faciliter et rendre plus efficaces les efforts de gestion des risques pour les \u00e9quipes de gestion des projets et des ventes ;<\/li><li>minimiser l&rsquo;exposition aux risques r\u00e9currents en collectant les retours d&rsquo;exp\u00e9rience li\u00e9s aux risques qui deviennent un \u00e9l\u00e9ment d&rsquo;actifs important pour l&rsquo;entreprise, mis \u00e0 disposition de chacun dans la soci\u00e9t\u00e9 ;<\/li><li>s&rsquo;assurer que les am\u00e9liorations continues sur le terrain sont atteintes.<\/li><\/ul>\n\n\n\n<div class=\"wp-block-image\"><figure class=\"aligncenter size-large\"><img decoding=\"async\" width=\"809\" height=\"444\" src=\"https:\/\/www.comau.com\/wp-content\/uploads\/2021\/06\/risk_3.jpg\" alt=\"\" class=\"wp-image-10288\" srcset=\"https:\/\/www.comau.com\/wp-content\/uploads\/2021\/06\/risk_3.jpg 809w, https:\/\/www.comau.com\/wp-content\/uploads\/2021\/06\/risk_3-300x165.jpg 300w, https:\/\/www.comau.com\/wp-content\/uploads\/2021\/06\/risk_3-768x421.jpg 768w\" sizes=\"(max-width: 809px) 100vw, 809px\" \/><\/figure><\/div>\n","protected":false},"excerpt":{"rendered":"<p>Organisation de la gestion des risques La gestion des risques forme une partie int\u00e9grante des r\u00e8gles de gouvernance de la soci\u00e9t\u00e9. Elle a pour objectif de d\u00e9terminer l&rsquo;exposition aux risques associ\u00e9s au fonctionnement de chaque ligne de production et de chaque unit\u00e9 organisationnelle et de mettre en place les actions de pr\u00e9vention et de correction [&hellip;]<\/p>\n","protected":false},"author":11,"featured_media":10273,"parent":6461,"menu_order":1,"comment_status":"closed","ping_status":"closed","template":"","meta":{"_acf_changed":false,"ep_exclude_from_search":false,"footnotes":""},"class_list":["post-23257","page","type-page","status-publish","has-post-thumbnail","hentry"],"acf":[],"yoast_head":"<!-- This site is optimized with the Yoast SEO plugin v26.9 - https:\/\/yoast.com\/product\/yoast-seo-wordpress\/ -->\n<title>Gestion des risques - Comau<\/title>\n<meta name=\"robots\" content=\"index, follow, max-snippet:-1, max-image-preview:large, max-video-preview:-1\" \/>\n<link rel=\"canonical\" href=\"https:\/\/www.comau.com\/fr\/competencies\/systems\/consultancy-education\/project-management\/risk-management\/\" \/>\n<meta property=\"og:locale\" content=\"fr_FR\" \/>\n<meta property=\"og:type\" content=\"article\" \/>\n<meta property=\"og:title\" content=\"Gestion des risques - Comau\" \/>\n<meta property=\"og:description\" content=\"Organisation de la gestion des risques La gestion des risques forme une partie int\u00e9grante des r\u00e8gles de gouvernance de la soci\u00e9t\u00e9. Elle a pour objectif de d\u00e9terminer l&rsquo;exposition aux risques associ\u00e9s au fonctionnement de chaque ligne de production et de chaque unit\u00e9 organisationnelle et de mettre en place les actions de pr\u00e9vention et de correction [&hellip;]\" \/>\n<meta property=\"og:url\" content=\"https:\/\/www.comau.com\/fr\/competencies\/systems\/consultancy-education\/project-management\/risk-management\/\" \/>\n<meta property=\"og:site_name\" content=\"Comau\" \/>\n<meta property=\"article:publisher\" content=\"https:\/\/www.facebook.com\/COMAU\/\" \/>\n<meta property=\"article:modified_time\" content=\"2021-07-17T16:50:14+00:00\" \/>\n<meta property=\"og:image\" content=\"https:\/\/www.comau.com\/wp-content\/uploads\/2021\/06\/riskmanagement_header.jpg\" \/>\n\t<meta property=\"og:image:width\" content=\"1280\" \/>\n\t<meta property=\"og:image:height\" content=\"485\" \/>\n\t<meta property=\"og:image:type\" content=\"image\/jpeg\" \/>\n<meta name=\"twitter:card\" content=\"summary_large_image\" \/>\n<meta name=\"twitter:site\" content=\"@comaugroup\" \/>\n<meta name=\"twitter:label1\" content=\"Dur\u00e9e de lecture estim\u00e9e\" \/>\n\t<meta name=\"twitter:data1\" content=\"3 minutes\" \/>\n<script type=\"application\/ld+json\" class=\"yoast-schema-graph\">{\"@context\":\"https:\/\/schema.org\",\"@graph\":[{\"@type\":\"WebPage\",\"@id\":\"https:\/\/www.comau.com\/fr\/competencies\/systems\/consultancy-education\/project-management\/risk-management\/\",\"url\":\"https:\/\/www.comau.com\/fr\/competencies\/systems\/consultancy-education\/project-management\/risk-management\/\",\"name\":\"Gestion des risques - Comau\",\"isPartOf\":{\"@id\":\"https:\/\/www.comau.com\/fr\/#website\"},\"primaryImageOfPage\":{\"@id\":\"https:\/\/www.comau.com\/fr\/competencies\/systems\/consultancy-education\/project-management\/risk-management\/#primaryimage\"},\"image\":{\"@id\":\"https:\/\/www.comau.com\/fr\/competencies\/systems\/consultancy-education\/project-management\/risk-management\/#primaryimage\"},\"thumbnailUrl\":\"https:\/\/www.comau.com\/wp-content\/uploads\/2021\/06\/riskmanagement_header.jpg\",\"datePublished\":\"2021-06-09T14:06:19+00:00\",\"dateModified\":\"2021-07-17T16:50:14+00:00\",\"breadcrumb\":{\"@id\":\"https:\/\/www.comau.com\/fr\/competencies\/systems\/consultancy-education\/project-management\/risk-management\/#breadcrumb\"},\"inLanguage\":\"fr-FR\",\"potentialAction\":[{\"@type\":\"ReadAction\",\"target\":[\"https:\/\/www.comau.com\/fr\/competencies\/systems\/consultancy-education\/project-management\/risk-management\/\"]}]},{\"@type\":\"ImageObject\",\"inLanguage\":\"fr-FR\",\"@id\":\"https:\/\/www.comau.com\/fr\/competencies\/systems\/consultancy-education\/project-management\/risk-management\/#primaryimage\",\"url\":\"https:\/\/www.comau.com\/wp-content\/uploads\/2021\/06\/riskmanagement_header.jpg\",\"contentUrl\":\"https:\/\/www.comau.com\/wp-content\/uploads\/2021\/06\/riskmanagement_header.jpg\",\"width\":1280,\"height\":485},{\"@type\":\"BreadcrumbList\",\"@id\":\"https:\/\/www.comau.com\/fr\/competencies\/systems\/consultancy-education\/project-management\/risk-management\/#breadcrumb\",\"itemListElement\":[{\"@type\":\"ListItem\",\"position\":1,\"name\":\"Home\",\"item\":\"https:\/\/www.comau.com\/fr\/\"},{\"@type\":\"ListItem\",\"position\":2,\"name\":\"Nos comp\u00e9tences\",\"item\":\"https:\/\/www.comau.com\/fr\/competencies\/\"},{\"@type\":\"ListItem\",\"position\":3,\"name\":\"Consultancy &amp; Education\",\"item\":\"https:\/\/www.comau.com\/fr\/competencies\/consultancy-education\/\"},{\"@type\":\"ListItem\",\"position\":4,\"name\":\"Gestion de projet\",\"item\":\"https:\/\/www.comau.com\/fr\/competencies\/consultancy-education\/project-management\/\"},{\"@type\":\"ListItem\",\"position\":5,\"name\":\"Gestion des risques\"}]},{\"@type\":\"WebSite\",\"@id\":\"https:\/\/www.comau.com\/fr\/#website\",\"url\":\"https:\/\/www.comau.com\/fr\/\",\"name\":\"Comau\",\"description\":\"Industrial automation and robotics\",\"publisher\":{\"@id\":\"https:\/\/www.comau.com\/fr\/#organization\"},\"potentialAction\":[{\"@type\":\"SearchAction\",\"target\":{\"@type\":\"EntryPoint\",\"urlTemplate\":\"https:\/\/www.comau.com\/fr\/?s={search_term_string}\"},\"query-input\":{\"@type\":\"PropertyValueSpecification\",\"valueRequired\":true,\"valueName\":\"search_term_string\"}}],\"inLanguage\":\"fr-FR\"},{\"@type\":\"Organization\",\"@id\":\"https:\/\/www.comau.com\/fr\/#organization\",\"name\":\"Comau\",\"url\":\"https:\/\/www.comau.com\/fr\/\",\"logo\":{\"@type\":\"ImageObject\",\"inLanguage\":\"fr-FR\",\"@id\":\"https:\/\/www.comau.com\/fr\/#\/schema\/logo\/image\/\",\"url\":\"https:\/\/www.comau.com\/wp-content\/uploads\/2024\/07\/cropped-Logo-COMAU.png\",\"contentUrl\":\"https:\/\/www.comau.com\/wp-content\/uploads\/2024\/07\/cropped-Logo-COMAU.png\",\"width\":434,\"height\":434,\"caption\":\"Comau\"},\"image\":{\"@id\":\"https:\/\/www.comau.com\/fr\/#\/schema\/logo\/image\/\"},\"sameAs\":[\"https:\/\/www.facebook.com\/COMAU\/\",\"https:\/\/x.com\/comaugroup\",\"https:\/\/www.instagram.com\/comaugroup\/\",\"https:\/\/www.linkedin.com\/company\/comau\",\"https:\/\/www.youtube.com\/user\/comau\"]}]}<\/script>\n<!-- \/ Yoast SEO plugin. -->","yoast_head_json":{"title":"Gestion des risques - Comau","robots":{"index":"index","follow":"follow","max-snippet":"max-snippet:-1","max-image-preview":"max-image-preview:large","max-video-preview":"max-video-preview:-1"},"canonical":"https:\/\/www.comau.com\/fr\/competencies\/systems\/consultancy-education\/project-management\/risk-management\/","og_locale":"fr_FR","og_type":"article","og_title":"Gestion des risques - Comau","og_description":"Organisation de la gestion des risques La gestion des risques forme une partie int\u00e9grante des r\u00e8gles de gouvernance de la soci\u00e9t\u00e9. Elle a pour objectif de d\u00e9terminer l&rsquo;exposition aux risques associ\u00e9s au fonctionnement de chaque ligne de production et de chaque unit\u00e9 organisationnelle et de mettre en place les actions de pr\u00e9vention et de correction [&hellip;]","og_url":"https:\/\/www.comau.com\/fr\/competencies\/systems\/consultancy-education\/project-management\/risk-management\/","og_site_name":"Comau","article_publisher":"https:\/\/www.facebook.com\/COMAU\/","article_modified_time":"2021-07-17T16:50:14+00:00","og_image":[{"width":1280,"height":485,"url":"https:\/\/www.comau.com\/wp-content\/uploads\/2021\/06\/riskmanagement_header.jpg","type":"image\/jpeg"}],"twitter_card":"summary_large_image","twitter_site":"@comaugroup","twitter_misc":{"Dur\u00e9e de lecture estim\u00e9e":"3 minutes"},"schema":{"@context":"https:\/\/schema.org","@graph":[{"@type":"WebPage","@id":"https:\/\/www.comau.com\/fr\/competencies\/systems\/consultancy-education\/project-management\/risk-management\/","url":"https:\/\/www.comau.com\/fr\/competencies\/systems\/consultancy-education\/project-management\/risk-management\/","name":"Gestion des risques - Comau","isPartOf":{"@id":"https:\/\/www.comau.com\/fr\/#website"},"primaryImageOfPage":{"@id":"https:\/\/www.comau.com\/fr\/competencies\/systems\/consultancy-education\/project-management\/risk-management\/#primaryimage"},"image":{"@id":"https:\/\/www.comau.com\/fr\/competencies\/systems\/consultancy-education\/project-management\/risk-management\/#primaryimage"},"thumbnailUrl":"https:\/\/www.comau.com\/wp-content\/uploads\/2021\/06\/riskmanagement_header.jpg","datePublished":"2021-06-09T14:06:19+00:00","dateModified":"2021-07-17T16:50:14+00:00","breadcrumb":{"@id":"https:\/\/www.comau.com\/fr\/competencies\/systems\/consultancy-education\/project-management\/risk-management\/#breadcrumb"},"inLanguage":"fr-FR","potentialAction":[{"@type":"ReadAction","target":["https:\/\/www.comau.com\/fr\/competencies\/systems\/consultancy-education\/project-management\/risk-management\/"]}]},{"@type":"ImageObject","inLanguage":"fr-FR","@id":"https:\/\/www.comau.com\/fr\/competencies\/systems\/consultancy-education\/project-management\/risk-management\/#primaryimage","url":"https:\/\/www.comau.com\/wp-content\/uploads\/2021\/06\/riskmanagement_header.jpg","contentUrl":"https:\/\/www.comau.com\/wp-content\/uploads\/2021\/06\/riskmanagement_header.jpg","width":1280,"height":485},{"@type":"BreadcrumbList","@id":"https:\/\/www.comau.com\/fr\/competencies\/systems\/consultancy-education\/project-management\/risk-management\/#breadcrumb","itemListElement":[{"@type":"ListItem","position":1,"name":"Home","item":"https:\/\/www.comau.com\/fr\/"},{"@type":"ListItem","position":2,"name":"Nos comp\u00e9tences","item":"https:\/\/www.comau.com\/fr\/competencies\/"},{"@type":"ListItem","position":3,"name":"Consultancy &amp; Education","item":"https:\/\/www.comau.com\/fr\/competencies\/consultancy-education\/"},{"@type":"ListItem","position":4,"name":"Gestion de projet","item":"https:\/\/www.comau.com\/fr\/competencies\/consultancy-education\/project-management\/"},{"@type":"ListItem","position":5,"name":"Gestion des risques"}]},{"@type":"WebSite","@id":"https:\/\/www.comau.com\/fr\/#website","url":"https:\/\/www.comau.com\/fr\/","name":"Comau","description":"Industrial automation and robotics","publisher":{"@id":"https:\/\/www.comau.com\/fr\/#organization"},"potentialAction":[{"@type":"SearchAction","target":{"@type":"EntryPoint","urlTemplate":"https:\/\/www.comau.com\/fr\/?s={search_term_string}"},"query-input":{"@type":"PropertyValueSpecification","valueRequired":true,"valueName":"search_term_string"}}],"inLanguage":"fr-FR"},{"@type":"Organization","@id":"https:\/\/www.comau.com\/fr\/#organization","name":"Comau","url":"https:\/\/www.comau.com\/fr\/","logo":{"@type":"ImageObject","inLanguage":"fr-FR","@id":"https:\/\/www.comau.com\/fr\/#\/schema\/logo\/image\/","url":"https:\/\/www.comau.com\/wp-content\/uploads\/2024\/07\/cropped-Logo-COMAU.png","contentUrl":"https:\/\/www.comau.com\/wp-content\/uploads\/2024\/07\/cropped-Logo-COMAU.png","width":434,"height":434,"caption":"Comau"},"image":{"@id":"https:\/\/www.comau.com\/fr\/#\/schema\/logo\/image\/"},"sameAs":["https:\/\/www.facebook.com\/COMAU\/","https:\/\/x.com\/comaugroup","https:\/\/www.instagram.com\/comaugroup\/","https:\/\/www.linkedin.com\/company\/comau","https:\/\/www.youtube.com\/user\/comau"]}]}},"_links":{"self":[{"href":"https:\/\/www.comau.com\/fr\/wp-json\/wp\/v2\/pages\/23257","targetHints":{"allow":["GET"]}}],"collection":[{"href":"https:\/\/www.comau.com\/fr\/wp-json\/wp\/v2\/pages"}],"about":[{"href":"https:\/\/www.comau.com\/fr\/wp-json\/wp\/v2\/types\/page"}],"author":[{"embeddable":true,"href":"https:\/\/www.comau.com\/fr\/wp-json\/wp\/v2\/users\/11"}],"replies":[{"embeddable":true,"href":"https:\/\/www.comau.com\/fr\/wp-json\/wp\/v2\/comments?post=23257"}],"version-history":[{"count":16,"href":"https:\/\/www.comau.com\/fr\/wp-json\/wp\/v2\/pages\/23257\/revisions"}],"predecessor-version":[{"id":25480,"href":"https:\/\/www.comau.com\/fr\/wp-json\/wp\/v2\/pages\/23257\/revisions\/25480"}],"up":[{"embeddable":true,"href":"https:\/\/www.comau.com\/fr\/wp-json\/wp\/v2\/pages\/6461"}],"wp:featuredmedia":[{"embeddable":true,"href":"https:\/\/www.comau.com\/fr\/wp-json\/wp\/v2\/media\/10273"}],"wp:attachment":[{"href":"https:\/\/www.comau.com\/fr\/wp-json\/wp\/v2\/media?parent=23257"}],"curies":[{"name":"wp","href":"https:\/\/api.w.org\/{rel}","templated":true}]}}