{"id":23207,"date":"2021-07-01T01:04:55","date_gmt":"2021-06-30T23:04:55","guid":{"rendered":"https:\/\/www.comau.com\/?page_id=23207"},"modified":"2022-10-10T18:22:09","modified_gmt":"2022-10-10T16:22:09","slug":"in-grid","status":"publish","type":"page","link":"https:\/\/www.comau.com\/fr\/competencies\/products-solutions\/digital-initiatives\/technologies\/in-grid\/","title":{"rendered":"In.Grid"},"content":{"rendered":"\n<p>Notre plate-forme r\u00e9seau innovante combine les univers num\u00e9rique et physique via la sensorisation, l&rsquo;analyse des donn\u00e9es et la surveillance en temps r\u00e9el de l&rsquo;\u00e9quipement et des syst\u00e8mes et de la ligne de production.<\/p>\n\n\n\n<p>in.Grid facilite l&rsquo;acquisition et l&rsquo;\u00e9change de donn\u00e9es en assurant l&rsquo;interconnexion des produits Comau et des \u00e9quipements et machines de fabrication d&rsquo;autres fabricants afin de permettre la surveillance des donn\u00e9es relatives aux technologies\/proc\u00e9d\u00e9s et la t\u00e9l\u00e9m\u00e9trie en vue d&rsquo;une maintenance pr\u00e9dictive et de la r\u00e9alisation d&rsquo;objectifs de productivit\u00e9.\nDe plus, in.Grid ne suit pas uniquement les processus de production automatis\u00e9s, mais \u00e9galement les processus manuels, gr\u00e2ce \u00e0 des appareils personnalis\u00e9s (par ex. Smartwatch, tablette) fournis aux op\u00e9rateurs.\nEn combinant la communication, le contr\u00f4le des donn\u00e9es et leur analyse au sein d&rsquo;une plate-forme unique facile \u00e0 utiliser, in.Grid vous aide \u00e0 tirer parti de toute la puissance de l&rsquo;Industrie 4.0 dans un environnement \u00e9conomique et hautement performant. <\/p>\n\n\n\n<p>La collecte, le traitement des donn\u00e9es et la connectivit\u00e9 sont assur\u00e9s au niveau des machines, des lignes ou des sites, alors que la plate-forme d&rsquo;analyse des donn\u00e9es avec ses algorithmes perfectionn\u00e9s, ses capacit\u00e9s en termes d&rsquo;Intelligence Artificielle et ses fonctions de stockage, peuvent \u00eatre h\u00e9berg\u00e9s sur le site proprement dit, dans un centre de donn\u00e9es externe ou sur un Cloud priv\u00e9. Les informations partag\u00e9es sont ensuite diffus\u00e9es via les ordinateurs \u00e0 \u00e9cran tactile des lignes, les appareils mobiles et les dispositifs \u00e9lectroniques portables. <\/p>\n\n\n\n<div class=\"wp-block-getwid-toggle download-dropdown has-icon-left\">\n<div class=\"wp-block-getwid-toggle__row\"><div class=\"wp-block-getwid-toggle__header-wrapper\"><span class=\"wp-block-getwid-toggle__header\"><a href=\"#\"><span class=\"wp-block-getwid-toggle__header-title\">Download the brochure<\/span><span class=\"wp-block-getwid-toggle__icon is-active\"><i class=\"fas fa-plus\"><\/i><\/span><span class=\"wp-block-getwid-toggle__icon is-passive\"><i class=\"fas fa-minus\"><\/i><\/span><\/a><\/span><\/div><div class=\"wp-block-getwid-toggle__content-wrapper\"><div class=\"wp-block-getwid-toggle__content\">\n<div class=\"wp-block-getwid-button-group\"><div class=\"wp-block-getwid-button-group__wrapper\">\n<div class=\"wp-block-button\"><a class=\"wp-block-button__link\" href=\"https:\/\/www.comau.com\/wp-content\/uploads\/2022\/10\/Ingrid-Demo.pdf\" target=\"_blank\" rel=\"noreferrer noopener\">Comau_inGrid_Brochure<\/a><\/div>\n<\/div><\/div>\n<\/div><\/div><\/div>\n<\/div>\n\n\n\n<figure class=\"wp-block-embed is-type-video is-provider-youtube wp-block-embed-youtube wp-embed-aspect-16-9 wp-has-aspect-ratio\"><div class=\"wp-block-embed__wrapper\">\n<iframe title=\"Comau in.Grid - Cross Competency Digital Platform\" width=\"640\" height=\"360\" src=\"https:\/\/www.youtube.com\/embed\/77uGVMrZ3bg?feature=oembed\" frameborder=\"0\" allow=\"accelerometer; autoplay; clipboard-write; encrypted-media; gyroscope; picture-in-picture; web-share\" referrerpolicy=\"strict-origin-when-cross-origin\" allowfullscreen><\/iframe>\n<\/div><\/figure>\n\n\n\n<h2 class=\"wp-block-heading\" id=\"principales-caracteristiques\">Principales caract\u00e9ristiques<\/h2>\n\n\n\n<ul class=\"wp-block-list\"><li>T\u00e9l\u00e9m\u00e9trie et surveillance compl\u00e8te des donn\u00e9es de technologies et de proc\u00e9d\u00e9s<\/li><li>Prise en charge du stockage des donn\u00e9es sur et hors site et via un service Cloud<\/li><li>Analyse des donn\u00e9es pour la maintenance adapt\u00e9e \u00e0 chaque situation et g\u00e9n\u00e9ration d&rsquo;alarmes pr\u00e9coces<\/li><li>Interface facile \u00e0 utiliser et totalement compatible avec les dispositifs portable<\/li><li>Infrastructure ind\u00e9pendante des marques\/fabricants<\/li><li>Algorithmes contr\u00f4l\u00e9s, bas\u00e9s sur les besoins et les demandes du client<\/li><\/ul>\n\n\n\n<h2 class=\"wp-block-heading\" id=\"principaux-avantages\">Principaux avantages<\/h2>\n\n\n\n<ul class=\"wp-block-list\"><li>V\u00e9rification rapide des param\u00e8tres de production \u00e0 toutes les \u00e9tapes du proc\u00e9d\u00e9 de fabrication<\/li><li>Op\u00e9rations de maintenance rationalis\u00e9es et pr\u00e9vention des probl\u00e8mes avant leur survenue<\/li><li>Augmentation de l&rsquo;efficacit\u00e9 et de l&rsquo;optimisation de la fabrication tout en r\u00e9duisant les d\u00e9lais de production<\/li><li>Test du comportement des lignes garantissant une augmentation de la productivit\u00e9, une meilleure qualit\u00e9 et une r\u00e9duction globale des co\u00fbts<\/li><li>Plate-forme ouverte prenant en charge les machines\/proc\u00e9d\u00e9s Comau et non-Comau<\/li><li>Options de stockage des donn\u00e9es multiples adaptables aux besoins du client<\/li><li>Interface disponible pour l&rsquo;architecture Digital Twin en temps r\u00e9el <\/li><\/ul>\n\n\n\n<h2 class=\"wp-block-heading\" id=\"offre-in-grid\">Offre in.Grid<\/h2>\n\n\n\n<div class=\"wp-block-columns columns-bg-dark is-layout-flex wp-container-core-columns-is-layout-9d6595d7 wp-block-columns-is-layout-flex\">\n<div class=\"wp-block-column is-layout-flow wp-block-column-is-layout-flow\">\n<figure class=\"wp-block-image size-large\"><img decoding=\"async\" width=\"199\" height=\"37\" src=\"https:\/\/www.comau.com\/wp-content\/uploads\/2021\/06\/in_grid_lot.png\" alt=\"in.Grid IOT\" class=\"wp-image-10053\" \/><\/figure>\n\n\n\n<p>Cette solution collecte des informations en temps r\u00e9el sur les machines et leurs sous-composants pour surveiller leur \u00e9tat de sant\u00e9 et r\u00e9duire les co\u00fbts de maintenance gr\u00e2ce \u00e0 des algorithmes avanc\u00e9s permettant la maintenance pr\u00e9dictive.\nOffre:<\/p>\n\n\n\n<ul class=\"wp-block-list\"><li>Conseil et \u00e9valuation<\/li><li>Connexion des machines \u00e0 l&rsquo;IoT<\/li><li>Plate-forme d&rsquo;analyse des donn\u00e9es et de t\u00e9l\u00e9m\u00e9trie avanc\u00e9e<\/li><\/ul>\n<\/div>\n\n\n\n<div class=\"wp-block-column is-layout-flow wp-block-column-is-layout-flow\">\n<figure class=\"wp-block-image size-large\"><img decoding=\"async\" width=\"200\" height=\"37\" src=\"https:\/\/www.comau.com\/wp-content\/uploads\/2021\/06\/in_grid_mes.png\" alt=\"in.Grid MES\" class=\"wp-image-10058\" \/><\/figure>\n\n\n\n<p>Cette solution d&rsquo;atelier collecte l&rsquo;ensemble des donn\u00e9es de production en temps r\u00e9el, de la r\u00e9ception des mati\u00e8res premi\u00e8re \u00e0 l&rsquo;exp\u00e9dition du produit fini.\nOffre:<\/p>\n\n\n\n<ul class=\"wp-block-list\"><li>Planification de la production, optimisation et planification du processus du moteur algorithmique et tra\u00e7abilit\u00e9 des donn\u00e9es<\/li><li>Cr\u00e9ation de POP (proc\u00e9dures op\u00e9rationnelles permanentes) num\u00e9riques, \u00e9tape par \u00e9tape<\/li><li>Int\u00e9gration des syst\u00e8mes h\u00e9rit\u00e9s<\/li><\/ul>\n<\/div>\n<\/div>\n","protected":false},"excerpt":{"rendered":"<p>Notre plate-forme r\u00e9seau innovante combine les univers num\u00e9rique et physique via la sensorisation, l&rsquo;analyse des donn\u00e9es et la surveillance en temps r\u00e9el de l&rsquo;\u00e9quipement et des syst\u00e8mes et de la ligne de production. in.Grid facilite l&rsquo;acquisition et l&rsquo;\u00e9change de donn\u00e9es en assurant l&rsquo;interconnexion des produits Comau et des \u00e9quipements et machines de fabrication d&rsquo;autres fabricants [&hellip;]<\/p>\n","protected":false},"author":11,"featured_media":10043,"parent":6216,"menu_order":12,"comment_status":"closed","ping_status":"closed","template":"","meta":{"_acf_changed":false,"ep_exclude_from_search":false,"footnotes":""},"class_list":["post-23207","page","type-page","status-publish","has-post-thumbnail","hentry"],"acf":[],"yoast_head":"<!-- This site is optimized with the Yoast SEO plugin v26.9 - https:\/\/yoast.com\/product\/yoast-seo-wordpress\/ -->\n<title>Ingrid Plateforme surveillance syst\u00e8mes industriels | Comau<\/title>\n<meta name=\"description\" content=\"D\u00e9couvrez la plateforme Ingrid de Comau pour le contr\u00f4le et surveillance des processus de production\u00a0!\" \/>\n<meta name=\"robots\" content=\"index, follow, max-snippet:-1, max-image-preview:large, max-video-preview:-1\" \/>\n<link rel=\"canonical\" href=\"https:\/\/www.comau.com\/fr\/competencies\/products-solutions\/digital-initiatives\/technologies\/in-grid\/\" \/>\n<meta property=\"og:locale\" content=\"fr_FR\" \/>\n<meta property=\"og:type\" content=\"article\" \/>\n<meta property=\"og:title\" content=\"Ingrid Plateforme surveillance syst\u00e8mes industriels | Comau\" \/>\n<meta property=\"og:description\" content=\"D\u00e9couvrez la plateforme Ingrid de Comau pour le contr\u00f4le et surveillance des processus de production\u00a0!\" \/>\n<meta property=\"og:url\" content=\"https:\/\/www.comau.com\/fr\/competencies\/products-solutions\/digital-initiatives\/technologies\/in-grid\/\" \/>\n<meta property=\"og:site_name\" content=\"Comau\" \/>\n<meta property=\"article:publisher\" content=\"https:\/\/www.facebook.com\/COMAU\/\" \/>\n<meta property=\"article:modified_time\" content=\"2022-10-10T16:22:09+00:00\" \/>\n<meta property=\"og:image\" content=\"https:\/\/www.comau.com\/wp-content\/uploads\/2021\/06\/inGRID_header.png\" \/>\n\t<meta property=\"og:image:width\" content=\"1280\" \/>\n\t<meta property=\"og:image:height\" content=\"485\" \/>\n\t<meta property=\"og:image:type\" content=\"image\/png\" \/>\n<meta name=\"twitter:card\" content=\"summary_large_image\" \/>\n<meta name=\"twitter:site\" content=\"@comaugroup\" \/>\n<meta name=\"twitter:label1\" content=\"Dur\u00e9e de lecture estim\u00e9e\" \/>\n\t<meta name=\"twitter:data1\" content=\"4 minutes\" \/>\n<script type=\"application\/ld+json\" class=\"yoast-schema-graph\">{\"@context\":\"https:\/\/schema.org\",\"@graph\":[{\"@type\":\"WebPage\",\"@id\":\"https:\/\/www.comau.com\/fr\/competencies\/products-solutions\/digital-initiatives\/technologies\/in-grid\/\",\"url\":\"https:\/\/www.comau.com\/fr\/competencies\/products-solutions\/digital-initiatives\/technologies\/in-grid\/\",\"name\":\"Ingrid Plateforme surveillance syst\u00e8mes industriels | Comau\",\"isPartOf\":{\"@id\":\"https:\/\/www.comau.com\/fr\/#website\"},\"primaryImageOfPage\":{\"@id\":\"https:\/\/www.comau.com\/fr\/competencies\/products-solutions\/digital-initiatives\/technologies\/in-grid\/#primaryimage\"},\"image\":{\"@id\":\"https:\/\/www.comau.com\/fr\/competencies\/products-solutions\/digital-initiatives\/technologies\/in-grid\/#primaryimage\"},\"thumbnailUrl\":\"https:\/\/www.comau.com\/wp-content\/uploads\/2021\/06\/inGRID_header.png\",\"datePublished\":\"2021-06-30T23:04:55+00:00\",\"dateModified\":\"2022-10-10T16:22:09+00:00\",\"description\":\"D\u00e9couvrez la plateforme Ingrid de Comau pour le contr\u00f4le et surveillance des processus de production\u00a0!\",\"breadcrumb\":{\"@id\":\"https:\/\/www.comau.com\/fr\/competencies\/products-solutions\/digital-initiatives\/technologies\/in-grid\/#breadcrumb\"},\"inLanguage\":\"fr-FR\",\"potentialAction\":[{\"@type\":\"ReadAction\",\"target\":[\"https:\/\/www.comau.com\/fr\/competencies\/products-solutions\/digital-initiatives\/technologies\/in-grid\/\"]}]},{\"@type\":\"ImageObject\",\"inLanguage\":\"fr-FR\",\"@id\":\"https:\/\/www.comau.com\/fr\/competencies\/products-solutions\/digital-initiatives\/technologies\/in-grid\/#primaryimage\",\"url\":\"https:\/\/www.comau.com\/wp-content\/uploads\/2021\/06\/inGRID_header.png\",\"contentUrl\":\"https:\/\/www.comau.com\/wp-content\/uploads\/2021\/06\/inGRID_header.png\",\"width\":1280,\"height\":485},{\"@type\":\"BreadcrumbList\",\"@id\":\"https:\/\/www.comau.com\/fr\/competencies\/products-solutions\/digital-initiatives\/technologies\/in-grid\/#breadcrumb\",\"itemListElement\":[{\"@type\":\"ListItem\",\"position\":1,\"name\":\"Home\",\"item\":\"https:\/\/www.comau.com\/fr\/\"},{\"@type\":\"ListItem\",\"position\":2,\"name\":\"Nos comp\u00e9tences\",\"item\":\"https:\/\/www.comau.com\/fr\/competencies\/\"},{\"@type\":\"ListItem\",\"position\":3,\"name\":\"Digital initiatives\",\"item\":\"https:\/\/www.comau.com\/fr\/competencies\/digital-initiatives\/\"},{\"@type\":\"ListItem\",\"position\":4,\"name\":\"Technologies\",\"item\":\"https:\/\/www.comau.com\/fr\/competencies\/digital-initiatives\/technologies\/\"},{\"@type\":\"ListItem\",\"position\":5,\"name\":\"In.Grid\"}]},{\"@type\":\"WebSite\",\"@id\":\"https:\/\/www.comau.com\/fr\/#website\",\"url\":\"https:\/\/www.comau.com\/fr\/\",\"name\":\"Comau\",\"description\":\"Industrial automation and robotics\",\"publisher\":{\"@id\":\"https:\/\/www.comau.com\/fr\/#organization\"},\"potentialAction\":[{\"@type\":\"SearchAction\",\"target\":{\"@type\":\"EntryPoint\",\"urlTemplate\":\"https:\/\/www.comau.com\/fr\/?s={search_term_string}\"},\"query-input\":{\"@type\":\"PropertyValueSpecification\",\"valueRequired\":true,\"valueName\":\"search_term_string\"}}],\"inLanguage\":\"fr-FR\"},{\"@type\":\"Organization\",\"@id\":\"https:\/\/www.comau.com\/fr\/#organization\",\"name\":\"Comau\",\"url\":\"https:\/\/www.comau.com\/fr\/\",\"logo\":{\"@type\":\"ImageObject\",\"inLanguage\":\"fr-FR\",\"@id\":\"https:\/\/www.comau.com\/fr\/#\/schema\/logo\/image\/\",\"url\":\"https:\/\/www.comau.com\/wp-content\/uploads\/2024\/07\/cropped-Logo-COMAU.png\",\"contentUrl\":\"https:\/\/www.comau.com\/wp-content\/uploads\/2024\/07\/cropped-Logo-COMAU.png\",\"width\":434,\"height\":434,\"caption\":\"Comau\"},\"image\":{\"@id\":\"https:\/\/www.comau.com\/fr\/#\/schema\/logo\/image\/\"},\"sameAs\":[\"https:\/\/www.facebook.com\/COMAU\/\",\"https:\/\/x.com\/comaugroup\",\"https:\/\/www.instagram.com\/comaugroup\/\",\"https:\/\/www.linkedin.com\/company\/comau\",\"https:\/\/www.youtube.com\/user\/comau\"]}]}<\/script>\n<!-- \/ Yoast SEO plugin. -->","yoast_head_json":{"title":"Ingrid Plateforme surveillance syst\u00e8mes industriels | Comau","description":"D\u00e9couvrez la plateforme Ingrid de Comau pour le contr\u00f4le et surveillance des processus de production\u00a0!","robots":{"index":"index","follow":"follow","max-snippet":"max-snippet:-1","max-image-preview":"max-image-preview:large","max-video-preview":"max-video-preview:-1"},"canonical":"https:\/\/www.comau.com\/fr\/competencies\/products-solutions\/digital-initiatives\/technologies\/in-grid\/","og_locale":"fr_FR","og_type":"article","og_title":"Ingrid Plateforme surveillance syst\u00e8mes industriels | Comau","og_description":"D\u00e9couvrez la plateforme Ingrid de Comau pour le contr\u00f4le et surveillance des processus de production\u00a0!","og_url":"https:\/\/www.comau.com\/fr\/competencies\/products-solutions\/digital-initiatives\/technologies\/in-grid\/","og_site_name":"Comau","article_publisher":"https:\/\/www.facebook.com\/COMAU\/","article_modified_time":"2022-10-10T16:22:09+00:00","og_image":[{"width":1280,"height":485,"url":"https:\/\/www.comau.com\/wp-content\/uploads\/2021\/06\/inGRID_header.png","type":"image\/png"}],"twitter_card":"summary_large_image","twitter_site":"@comaugroup","twitter_misc":{"Dur\u00e9e de lecture estim\u00e9e":"4 minutes"},"schema":{"@context":"https:\/\/schema.org","@graph":[{"@type":"WebPage","@id":"https:\/\/www.comau.com\/fr\/competencies\/products-solutions\/digital-initiatives\/technologies\/in-grid\/","url":"https:\/\/www.comau.com\/fr\/competencies\/products-solutions\/digital-initiatives\/technologies\/in-grid\/","name":"Ingrid Plateforme surveillance syst\u00e8mes industriels | Comau","isPartOf":{"@id":"https:\/\/www.comau.com\/fr\/#website"},"primaryImageOfPage":{"@id":"https:\/\/www.comau.com\/fr\/competencies\/products-solutions\/digital-initiatives\/technologies\/in-grid\/#primaryimage"},"image":{"@id":"https:\/\/www.comau.com\/fr\/competencies\/products-solutions\/digital-initiatives\/technologies\/in-grid\/#primaryimage"},"thumbnailUrl":"https:\/\/www.comau.com\/wp-content\/uploads\/2021\/06\/inGRID_header.png","datePublished":"2021-06-30T23:04:55+00:00","dateModified":"2022-10-10T16:22:09+00:00","description":"D\u00e9couvrez la plateforme Ingrid de Comau pour le contr\u00f4le et surveillance des processus de production\u00a0!","breadcrumb":{"@id":"https:\/\/www.comau.com\/fr\/competencies\/products-solutions\/digital-initiatives\/technologies\/in-grid\/#breadcrumb"},"inLanguage":"fr-FR","potentialAction":[{"@type":"ReadAction","target":["https:\/\/www.comau.com\/fr\/competencies\/products-solutions\/digital-initiatives\/technologies\/in-grid\/"]}]},{"@type":"ImageObject","inLanguage":"fr-FR","@id":"https:\/\/www.comau.com\/fr\/competencies\/products-solutions\/digital-initiatives\/technologies\/in-grid\/#primaryimage","url":"https:\/\/www.comau.com\/wp-content\/uploads\/2021\/06\/inGRID_header.png","contentUrl":"https:\/\/www.comau.com\/wp-content\/uploads\/2021\/06\/inGRID_header.png","width":1280,"height":485},{"@type":"BreadcrumbList","@id":"https:\/\/www.comau.com\/fr\/competencies\/products-solutions\/digital-initiatives\/technologies\/in-grid\/#breadcrumb","itemListElement":[{"@type":"ListItem","position":1,"name":"Home","item":"https:\/\/www.comau.com\/fr\/"},{"@type":"ListItem","position":2,"name":"Nos comp\u00e9tences","item":"https:\/\/www.comau.com\/fr\/competencies\/"},{"@type":"ListItem","position":3,"name":"Digital initiatives","item":"https:\/\/www.comau.com\/fr\/competencies\/digital-initiatives\/"},{"@type":"ListItem","position":4,"name":"Technologies","item":"https:\/\/www.comau.com\/fr\/competencies\/digital-initiatives\/technologies\/"},{"@type":"ListItem","position":5,"name":"In.Grid"}]},{"@type":"WebSite","@id":"https:\/\/www.comau.com\/fr\/#website","url":"https:\/\/www.comau.com\/fr\/","name":"Comau","description":"Industrial automation and robotics","publisher":{"@id":"https:\/\/www.comau.com\/fr\/#organization"},"potentialAction":[{"@type":"SearchAction","target":{"@type":"EntryPoint","urlTemplate":"https:\/\/www.comau.com\/fr\/?s={search_term_string}"},"query-input":{"@type":"PropertyValueSpecification","valueRequired":true,"valueName":"search_term_string"}}],"inLanguage":"fr-FR"},{"@type":"Organization","@id":"https:\/\/www.comau.com\/fr\/#organization","name":"Comau","url":"https:\/\/www.comau.com\/fr\/","logo":{"@type":"ImageObject","inLanguage":"fr-FR","@id":"https:\/\/www.comau.com\/fr\/#\/schema\/logo\/image\/","url":"https:\/\/www.comau.com\/wp-content\/uploads\/2024\/07\/cropped-Logo-COMAU.png","contentUrl":"https:\/\/www.comau.com\/wp-content\/uploads\/2024\/07\/cropped-Logo-COMAU.png","width":434,"height":434,"caption":"Comau"},"image":{"@id":"https:\/\/www.comau.com\/fr\/#\/schema\/logo\/image\/"},"sameAs":["https:\/\/www.facebook.com\/COMAU\/","https:\/\/x.com\/comaugroup","https:\/\/www.instagram.com\/comaugroup\/","https:\/\/www.linkedin.com\/company\/comau","https:\/\/www.youtube.com\/user\/comau"]}]}},"_links":{"self":[{"href":"https:\/\/www.comau.com\/fr\/wp-json\/wp\/v2\/pages\/23207","targetHints":{"allow":["GET"]}}],"collection":[{"href":"https:\/\/www.comau.com\/fr\/wp-json\/wp\/v2\/pages"}],"about":[{"href":"https:\/\/www.comau.com\/fr\/wp-json\/wp\/v2\/types\/page"}],"author":[{"embeddable":true,"href":"https:\/\/www.comau.com\/fr\/wp-json\/wp\/v2\/users\/11"}],"replies":[{"embeddable":true,"href":"https:\/\/www.comau.com\/fr\/wp-json\/wp\/v2\/comments?post=23207"}],"version-history":[{"count":32,"href":"https:\/\/www.comau.com\/fr\/wp-json\/wp\/v2\/pages\/23207\/revisions"}],"predecessor-version":[{"id":48173,"href":"https:\/\/www.comau.com\/fr\/wp-json\/wp\/v2\/pages\/23207\/revisions\/48173"}],"up":[{"embeddable":true,"href":"https:\/\/www.comau.com\/fr\/wp-json\/wp\/v2\/pages\/6216"}],"wp:featuredmedia":[{"embeddable":true,"href":"https:\/\/www.comau.com\/fr\/wp-json\/wp\/v2\/media\/10043"}],"wp:attachment":[{"href":"https:\/\/www.comau.com\/fr\/wp-json\/wp\/v2\/media?parent=23207"}],"curies":[{"name":"wp","href":"https:\/\/api.w.org\/{rel}","templated":true}]}}