{"id":23202,"date":"2021-07-01T01:03:37","date_gmt":"2021-06-30T23:03:37","guid":{"rendered":"https:\/\/www.comau.com\/?page_id=23202"},"modified":"2022-02-07T12:46:37","modified_gmt":"2022-02-07T11:46:37","slug":"m-i-o","status":"publish","type":"page","link":"https:\/\/www.comau.com\/fr\/competencies\/products-solutions\/digital-initiatives\/technologies\/m-i-o\/","title":{"rendered":"M.I.O."},"content":{"rendered":"\n<h2 class=\"wp-block-heading\" id=\"les-solutions-pour-la-logistique-4-0\">Les solutions pour la logistique 4.0<\/h2>\n\n\n\n<p>M.I.O. La modularit\u00e9 apporte des r\u00e9ponses \u00e0 l&rsquo;exigence de pr\u00e9paration pour la possibilit\u00e9 de reconfiguration des lignes de production modernes, ce qui favorise l&rsquo;optimisation des co\u00fbts pour les proc\u00e9d\u00e9s de logistique interne. Cette solution intelligente, hautement polyvalente et parfaitement adapt\u00e9e \u00e0 la logistique s&rsquo;applique facilement et de bout en bout au flux des mat\u00e9riaux (de l&rsquo;entrep\u00f4t aux lignes de production) et ce, dans une grande vari\u00e9t\u00e9 de secteurs industriels.<\/p>\n\n\n\n<p>M.I.O, la solution simple, intelligente et connect\u00e9e. L&rsquo;architecture verticale qui caract\u00e9rise ce module favorise l&rsquo;optimisation de l&rsquo;espace des usines, du fait de l&rsquo;exploitation \u00e0 plus forte densit\u00e9 par rapport aux syst\u00e8mes traditionnels. Pour quel r\u00e9sultat ? Une r\u00e9duction de la zone de logistique et des lignes combin\u00e9e \u00e0 l&rsquo;am\u00e9lioration de la gestion de l&rsquo;inventaire et de l&rsquo;efficacit\u00e9 op\u00e9rationnelle. De plus, le module M.I.O est compatible avec les produits AGILE1500, MATE, AURA, ainsi que les autres produits Comau con\u00e7us pour les applications avanc\u00e9es de logistique et de fabrication.<\/p>\n\n\n\n<p>M.I.O est une solution optimis\u00e9e pour l&rsquo;ex\u00e9cution des op\u00e9rations manuelles d&rsquo;assemblage en ligne pour tous les volumes de production, qui ne n\u00e9cessite pas un niveau \u00e9lev\u00e9 de personnalisation. De plus, le module peut aussi \u00eatre utilis\u00e9 dans une vari\u00e9t\u00e9 d&rsquo;applications, des lignes de prototypage en passant par les stations de secours, de r\u00e9paration et de chargement interm\u00e9diaire. Gr\u00e2ce \u00e0 sa compatibilit\u00e9 avec l&rsquo;Industrie 4.0 et IIoT, M.I.O. repr\u00e9sente une avanc\u00e9e majeure dans l&rsquo;int\u00e9gration des proc\u00e9d\u00e9s et de la logistique. <\/p>\n\n\n\n<div class=\"wp-block-getwid-toggle download-dropdown has-icon-left\">\n<div class=\"wp-block-getwid-toggle__row\"><div class=\"wp-block-getwid-toggle__header-wrapper\"><span class=\"wp-block-getwid-toggle__header\"><a href=\"#\"><span class=\"wp-block-getwid-toggle__header-title\">Download the brochure<\/span><span class=\"wp-block-getwid-toggle__icon is-active\"><i class=\"fas fa-plus\"><\/i><\/span><span class=\"wp-block-getwid-toggle__icon is-passive\"><i class=\"fas fa-minus\"><\/i><\/span><\/a><\/span><\/div><div class=\"wp-block-getwid-toggle__content-wrapper\"><div class=\"wp-block-getwid-toggle__content\">\n<div class=\"wp-block-getwid-button-group\"><div class=\"wp-block-getwid-button-group__wrapper\">\n<div class=\"wp-block-button\"><a class=\"wp-block-button__link\" href=\"https:\/\/www.comau.com\/wp-content\/uploads\/2021\/06\/Folder-Mio-Definitiva.pdf\" target=\"_blank\" rel=\"noreferrer noopener\">Comau_MIO_Brochure<\/a><\/div>\n<\/div><\/div>\n<\/div><\/div><\/div>\n<\/div>\n\n\n\n<h2 class=\"wp-block-heading\" id=\"principales-caracteristiques\">Principales caract\u00e9ristiques<\/h2>\n\n\n\n<ul class=\"wp-block-list\"><li>Positions de stockage : 8<\/li><li>Dimensions max. des conteneurs : L 400 x l 600 x H 147 mm<\/li><li>Charge utile max. par armoire : 20 kg (bo\u00eetier inclus)<\/li><li>Temps de rotation de l&rsquo;armoire : 7 s (1 \u00e9tape)<\/li><li>Syst\u00e8me de lecture : Codeur + Lecteur de matrice de donn\u00e9es pour l&rsquo;identification de l&rsquo;armoire<\/li><li>Syst\u00e8me de s\u00e9curit\u00e9 avec barri\u00e8res optiques<\/li><\/ul>\n\n\n\n<h2 class=\"wp-block-heading\" id=\"principaux-avantages\">Principaux avantages<\/h2>\n\n\n\n<ul class=\"wp-block-list\"><li>Conformit\u00e9 aux m\u00e9thodologies de fabrication de classe mondiale (WCM) : rationalisation et optimisation des flux logistiques<\/li><li>R\u00e9duction (jusqu&rsquo;\u00e0 60 %) de l&rsquo;encombrement par rapport aux syst\u00e8mes d&rsquo;approvisionnement traditionnels<\/li><li>R\u00e9duction de l&rsquo;encombrement au sol et optimisation de l&rsquo;implantation des usines gr\u00e2ce \u00e0 sa structure verticale<\/li><li>R\u00e9duction (jusqu&rsquo;\u00e0 30 %) des co\u00fbts de logistique<\/li><li>Optimisation (jusqu&rsquo;\u00e0 25 %) des op\u00e9rations logistiques<\/li><li>Polyvalence : adaptation \u00e0 tout type de proc\u00e9d\u00e9 en ligne<\/li><li>Flexibilit\u00e9 : optimisation de la gestion de tout volume de production<\/li><li>Programmation simple<\/li><li>Syst\u00e8me enfichable (\u00ab Plug-in \u00bb) pour une reconfiguration rapide et intuitive<\/li><\/ul>\n\n\n\n<div class=\"wp-block-getwid-images-slider has-arrows-inside has-dots-outside has-images-center has-cropped-images\"><div class=\"wp-block-getwid-images-slider__wrapper\" data-effect=\"slide\" data-slides-show=\"1\" data-slides-show-laptop=\"1\" data-slides-show-tablet=\"1\" data-slides-show-mobile=\"1\" data-slides-scroll=\"1\" data-autoplay=\"true\" data-autoplay-speed=\"6000\" data-infinite=\"true\" data-animation-speed=\"800\" data-center-mode=\"false\" data-variable-width=\"false\" data-arrows=\"inside\" data-dots=\"outside\" data-spacing=\"none\"><div class=\"wp-block-getwid-images-slider__item\"><figure><img decoding=\"async\" width=\"2250\" height=\"1159\" src=\"https:\/\/www.comau.com\/wp-content\/uploads\/2021\/06\/01.jpg\" data-id=\"1045\" data-link=\"https:\/\/www.comau.com\/competencies\/digital-initiatives\/m-i-o\/attachment\/01\/\" data-original-link=\"https:\/\/www.comau.com\/wp-content\/uploads\/2021\/06\/01.jpg\" class=\"wp-block-getwid-images-slider__image wp-image-10008\" srcset=\"https:\/\/www.comau.com\/wp-content\/uploads\/2021\/06\/01.jpg 2250w, https:\/\/www.comau.com\/wp-content\/uploads\/2021\/06\/01-300x155.jpg 300w, https:\/\/www.comau.com\/wp-content\/uploads\/2021\/06\/01-1024x527.jpg 1024w, https:\/\/www.comau.com\/wp-content\/uploads\/2021\/06\/01-768x396.jpg 768w, https:\/\/www.comau.com\/wp-content\/uploads\/2021\/06\/01-1536x791.jpg 1536w, https:\/\/www.comau.com\/wp-content\/uploads\/2021\/06\/01-2048x1055.jpg 2048w\" sizes=\"(max-width: 2250px) 100vw, 2250px\" \/><\/figure><\/div><div class=\"wp-block-getwid-images-slider__item\"><figure><img decoding=\"async\" width=\"2250\" height=\"1159\" src=\"https:\/\/www.comau.com\/wp-content\/uploads\/2021\/06\/02.jpg\" data-id=\"1046\" data-link=\"https:\/\/www.comau.com\/competencies\/digital-initiatives\/m-i-o\/attachment\/02\/\" data-original-link=\"https:\/\/www.comau.com\/wp-content\/uploads\/2021\/06\/02.jpg\" class=\"wp-block-getwid-images-slider__image wp-image-10013\" srcset=\"https:\/\/www.comau.com\/wp-content\/uploads\/2021\/06\/02.jpg 2250w, https:\/\/www.comau.com\/wp-content\/uploads\/2021\/06\/02-300x155.jpg 300w, https:\/\/www.comau.com\/wp-content\/uploads\/2021\/06\/02-1024x527.jpg 1024w, https:\/\/www.comau.com\/wp-content\/uploads\/2021\/06\/02-768x396.jpg 768w, https:\/\/www.comau.com\/wp-content\/uploads\/2021\/06\/02-1536x791.jpg 1536w, https:\/\/www.comau.com\/wp-content\/uploads\/2021\/06\/02-2048x1055.jpg 2048w\" sizes=\"(max-width: 2250px) 100vw, 2250px\" \/><\/figure><\/div><div class=\"wp-block-getwid-images-slider__item\"><figure><img decoding=\"async\" width=\"2250\" height=\"1159\" src=\"https:\/\/www.comau.com\/wp-content\/uploads\/2021\/06\/03.jpg\" data-id=\"1047\" data-link=\"https:\/\/www.comau.com\/competencies\/digital-initiatives\/m-i-o\/attachment\/03\/\" data-original-link=\"https:\/\/www.comau.com\/wp-content\/uploads\/2021\/06\/03.jpg\" class=\"wp-block-getwid-images-slider__image wp-image-10018\" srcset=\"https:\/\/www.comau.com\/wp-content\/uploads\/2021\/06\/03.jpg 2250w, https:\/\/www.comau.com\/wp-content\/uploads\/2021\/06\/03-300x155.jpg 300w, https:\/\/www.comau.com\/wp-content\/uploads\/2021\/06\/03-1024x527.jpg 1024w, https:\/\/www.comau.com\/wp-content\/uploads\/2021\/06\/03-768x396.jpg 768w, https:\/\/www.comau.com\/wp-content\/uploads\/2021\/06\/03-1536x791.jpg 1536w, https:\/\/www.comau.com\/wp-content\/uploads\/2021\/06\/03-2048x1055.jpg 2048w\" sizes=\"(max-width: 2250px) 100vw, 2250px\" \/><\/figure><\/div><div class=\"wp-block-getwid-images-slider__item\"><figure><img decoding=\"async\" width=\"2250\" height=\"1159\" src=\"https:\/\/www.comau.com\/wp-content\/uploads\/2021\/06\/04.jpg\" data-id=\"1048\" data-link=\"https:\/\/www.comau.com\/competencies\/digital-initiatives\/m-i-o\/attachment\/04\/\" data-original-link=\"https:\/\/www.comau.com\/wp-content\/uploads\/2021\/06\/04.jpg\" class=\"wp-block-getwid-images-slider__image wp-image-10023\" srcset=\"https:\/\/www.comau.com\/wp-content\/uploads\/2021\/06\/04.jpg 2250w, https:\/\/www.comau.com\/wp-content\/uploads\/2021\/06\/04-300x155.jpg 300w, https:\/\/www.comau.com\/wp-content\/uploads\/2021\/06\/04-1024x527.jpg 1024w, https:\/\/www.comau.com\/wp-content\/uploads\/2021\/06\/04-768x396.jpg 768w, https:\/\/www.comau.com\/wp-content\/uploads\/2021\/06\/04-1536x791.jpg 1536w, https:\/\/www.comau.com\/wp-content\/uploads\/2021\/06\/04-2048x1055.jpg 2048w\" sizes=\"(max-width: 2250px) 100vw, 2250px\" \/><\/figure><\/div><div class=\"wp-block-getwid-images-slider__item\"><figure><img decoding=\"async\" width=\"2250\" height=\"1159\" src=\"https:\/\/www.comau.com\/wp-content\/uploads\/2021\/06\/05.jpg\" data-id=\"1049\" data-link=\"https:\/\/www.comau.com\/competencies\/digital-initiatives\/m-i-o\/attachment\/05\/\" data-original-link=\"https:\/\/www.comau.com\/wp-content\/uploads\/2021\/06\/05.jpg\" class=\"wp-block-getwid-images-slider__image wp-image-10028\" srcset=\"https:\/\/www.comau.com\/wp-content\/uploads\/2021\/06\/05.jpg 2250w, https:\/\/www.comau.com\/wp-content\/uploads\/2021\/06\/05-300x155.jpg 300w, https:\/\/www.comau.com\/wp-content\/uploads\/2021\/06\/05-1024x527.jpg 1024w, https:\/\/www.comau.com\/wp-content\/uploads\/2021\/06\/05-768x396.jpg 768w, https:\/\/www.comau.com\/wp-content\/uploads\/2021\/06\/05-1536x791.jpg 1536w, https:\/\/www.comau.com\/wp-content\/uploads\/2021\/06\/05-2048x1055.jpg 2048w\" sizes=\"(max-width: 2250px) 100vw, 2250px\" \/><\/figure><\/div><div class=\"wp-block-getwid-images-slider__item\"><figure><img decoding=\"async\" width=\"2250\" height=\"1159\" src=\"https:\/\/www.comau.com\/wp-content\/uploads\/2021\/06\/06.jpg\" data-id=\"1050\" data-link=\"https:\/\/www.comau.com\/competencies\/digital-initiatives\/m-i-o\/attachment\/06\/\" data-original-link=\"https:\/\/www.comau.com\/wp-content\/uploads\/2021\/06\/06.jpg\" class=\"wp-block-getwid-images-slider__image wp-image-10033\" srcset=\"https:\/\/www.comau.com\/wp-content\/uploads\/2021\/06\/06.jpg 2250w, https:\/\/www.comau.com\/wp-content\/uploads\/2021\/06\/06-300x155.jpg 300w, https:\/\/www.comau.com\/wp-content\/uploads\/2021\/06\/06-1024x527.jpg 1024w, https:\/\/www.comau.com\/wp-content\/uploads\/2021\/06\/06-768x396.jpg 768w, https:\/\/www.comau.com\/wp-content\/uploads\/2021\/06\/06-1536x791.jpg 1536w, https:\/\/www.comau.com\/wp-content\/uploads\/2021\/06\/06-2048x1055.jpg 2048w\" sizes=\"(max-width: 2250px) 100vw, 2250px\" \/><\/figure><\/div><div class=\"wp-block-getwid-images-slider__item\"><figure><img decoding=\"async\" width=\"2250\" height=\"1159\" src=\"https:\/\/www.comau.com\/wp-content\/uploads\/2021\/06\/07.jpg\" data-id=\"1051\" data-link=\"https:\/\/www.comau.com\/competencies\/digital-initiatives\/m-i-o\/attachment\/07\/\" data-original-link=\"https:\/\/www.comau.com\/wp-content\/uploads\/2021\/06\/07.jpg\" class=\"wp-block-getwid-images-slider__image wp-image-10038\" srcset=\"https:\/\/www.comau.com\/wp-content\/uploads\/2021\/06\/07.jpg 2250w, https:\/\/www.comau.com\/wp-content\/uploads\/2021\/06\/07-300x155.jpg 300w, https:\/\/www.comau.com\/wp-content\/uploads\/2021\/06\/07-1024x527.jpg 1024w, https:\/\/www.comau.com\/wp-content\/uploads\/2021\/06\/07-768x396.jpg 768w, https:\/\/www.comau.com\/wp-content\/uploads\/2021\/06\/07-1536x791.jpg 1536w, https:\/\/www.comau.com\/wp-content\/uploads\/2021\/06\/07-2048x1055.jpg 2048w\" sizes=\"(max-width: 2250px) 100vw, 2250px\" \/><\/figure><\/div><\/div><\/div>\n","protected":false},"excerpt":{"rendered":"<p>Les solutions pour la logistique 4.0 M.I.O. La modularit\u00e9 apporte des r\u00e9ponses \u00e0 l&rsquo;exigence de pr\u00e9paration pour la possibilit\u00e9 de reconfiguration des lignes de production modernes, ce qui favorise l&rsquo;optimisation des co\u00fbts pour les proc\u00e9d\u00e9s de logistique interne. Cette solution intelligente, hautement polyvalente et parfaitement adapt\u00e9e \u00e0 la logistique s&rsquo;applique facilement et de bout en [&hellip;]<\/p>\n","protected":false},"author":11,"featured_media":9998,"parent":6216,"menu_order":11,"comment_status":"closed","ping_status":"closed","template":"","meta":{"_acf_changed":false,"ep_exclude_from_search":false,"footnotes":""},"class_list":["post-23202","page","type-page","status-publish","has-post-thumbnail","hentry"],"acf":[],"yoast_head":"<!-- This site is optimized with the Yoast SEO plugin v26.9 - https:\/\/yoast.com\/product\/yoast-seo-wordpress\/ -->\n<title>Modular Intralogistics Organizer : solution intra-logistique | Comau<\/title>\n<meta name=\"description\" content=\"D\u00e9couvrez M.I.O. un instrument con\u00e7u pour la reconfiguration des lignes de production pour l&#039;optimisation des co\u00fbts intralogistiques.\" \/>\n<meta name=\"robots\" content=\"index, follow, max-snippet:-1, max-image-preview:large, max-video-preview:-1\" \/>\n<link rel=\"canonical\" href=\"https:\/\/www.comau.com\/fr\/competencies\/products-solutions\/digital-initiatives\/technologies\/m-i-o\/\" \/>\n<meta property=\"og:locale\" content=\"fr_FR\" \/>\n<meta property=\"og:type\" content=\"article\" \/>\n<meta property=\"og:title\" content=\"Modular Intralogistics Organizer : solution intra-logistique | Comau\" \/>\n<meta property=\"og:description\" content=\"D\u00e9couvrez M.I.O. un instrument con\u00e7u pour la reconfiguration des lignes de production pour l&#039;optimisation des co\u00fbts intralogistiques.\" \/>\n<meta property=\"og:url\" content=\"https:\/\/www.comau.com\/fr\/competencies\/products-solutions\/digital-initiatives\/technologies\/m-i-o\/\" \/>\n<meta property=\"og:site_name\" content=\"Comau\" \/>\n<meta property=\"article:publisher\" content=\"https:\/\/www.facebook.com\/COMAU\/\" \/>\n<meta property=\"article:modified_time\" content=\"2022-02-07T11:46:37+00:00\" \/>\n<meta property=\"og:image\" content=\"https:\/\/www.comau.com\/wp-content\/uploads\/2021\/06\/MIO_header.jpg\" \/>\n\t<meta property=\"og:image:width\" content=\"1280\" \/>\n\t<meta property=\"og:image:height\" content=\"485\" \/>\n\t<meta property=\"og:image:type\" content=\"image\/jpeg\" \/>\n<meta name=\"twitter:card\" content=\"summary_large_image\" \/>\n<meta name=\"twitter:site\" content=\"@comaugroup\" \/>\n<meta name=\"twitter:label1\" content=\"Dur\u00e9e de lecture estim\u00e9e\" \/>\n\t<meta name=\"twitter:data1\" content=\"4 minutes\" \/>\n<script type=\"application\/ld+json\" class=\"yoast-schema-graph\">{\"@context\":\"https:\/\/schema.org\",\"@graph\":[{\"@type\":\"WebPage\",\"@id\":\"https:\/\/www.comau.com\/fr\/competencies\/products-solutions\/digital-initiatives\/technologies\/m-i-o\/\",\"url\":\"https:\/\/www.comau.com\/fr\/competencies\/products-solutions\/digital-initiatives\/technologies\/m-i-o\/\",\"name\":\"Modular Intralogistics Organizer : solution intra-logistique | Comau\",\"isPartOf\":{\"@id\":\"https:\/\/www.comau.com\/fr\/#website\"},\"primaryImageOfPage\":{\"@id\":\"https:\/\/www.comau.com\/fr\/competencies\/products-solutions\/digital-initiatives\/technologies\/m-i-o\/#primaryimage\"},\"image\":{\"@id\":\"https:\/\/www.comau.com\/fr\/competencies\/products-solutions\/digital-initiatives\/technologies\/m-i-o\/#primaryimage\"},\"thumbnailUrl\":\"https:\/\/www.comau.com\/wp-content\/uploads\/2021\/06\/MIO_header.jpg\",\"datePublished\":\"2021-06-30T23:03:37+00:00\",\"dateModified\":\"2022-02-07T11:46:37+00:00\",\"description\":\"D\u00e9couvrez M.I.O. un instrument con\u00e7u pour la reconfiguration des lignes de production pour l'optimisation des co\u00fbts intralogistiques.\",\"breadcrumb\":{\"@id\":\"https:\/\/www.comau.com\/fr\/competencies\/products-solutions\/digital-initiatives\/technologies\/m-i-o\/#breadcrumb\"},\"inLanguage\":\"fr-FR\",\"potentialAction\":[{\"@type\":\"ReadAction\",\"target\":[\"https:\/\/www.comau.com\/fr\/competencies\/products-solutions\/digital-initiatives\/technologies\/m-i-o\/\"]}]},{\"@type\":\"ImageObject\",\"inLanguage\":\"fr-FR\",\"@id\":\"https:\/\/www.comau.com\/fr\/competencies\/products-solutions\/digital-initiatives\/technologies\/m-i-o\/#primaryimage\",\"url\":\"https:\/\/www.comau.com\/wp-content\/uploads\/2021\/06\/MIO_header.jpg\",\"contentUrl\":\"https:\/\/www.comau.com\/wp-content\/uploads\/2021\/06\/MIO_header.jpg\",\"width\":1280,\"height\":485},{\"@type\":\"BreadcrumbList\",\"@id\":\"https:\/\/www.comau.com\/fr\/competencies\/products-solutions\/digital-initiatives\/technologies\/m-i-o\/#breadcrumb\",\"itemListElement\":[{\"@type\":\"ListItem\",\"position\":1,\"name\":\"Home\",\"item\":\"https:\/\/www.comau.com\/fr\/\"},{\"@type\":\"ListItem\",\"position\":2,\"name\":\"Nos comp\u00e9tences\",\"item\":\"https:\/\/www.comau.com\/fr\/competencies\/\"},{\"@type\":\"ListItem\",\"position\":3,\"name\":\"Digital initiatives\",\"item\":\"https:\/\/www.comau.com\/fr\/competencies\/digital-initiatives\/\"},{\"@type\":\"ListItem\",\"position\":4,\"name\":\"Technologies\",\"item\":\"https:\/\/www.comau.com\/fr\/competencies\/digital-initiatives\/technologies\/\"},{\"@type\":\"ListItem\",\"position\":5,\"name\":\"M.I.O.\"}]},{\"@type\":\"WebSite\",\"@id\":\"https:\/\/www.comau.com\/fr\/#website\",\"url\":\"https:\/\/www.comau.com\/fr\/\",\"name\":\"Comau\",\"description\":\"Industrial automation and robotics\",\"publisher\":{\"@id\":\"https:\/\/www.comau.com\/fr\/#organization\"},\"potentialAction\":[{\"@type\":\"SearchAction\",\"target\":{\"@type\":\"EntryPoint\",\"urlTemplate\":\"https:\/\/www.comau.com\/fr\/?s={search_term_string}\"},\"query-input\":{\"@type\":\"PropertyValueSpecification\",\"valueRequired\":true,\"valueName\":\"search_term_string\"}}],\"inLanguage\":\"fr-FR\"},{\"@type\":\"Organization\",\"@id\":\"https:\/\/www.comau.com\/fr\/#organization\",\"name\":\"Comau\",\"url\":\"https:\/\/www.comau.com\/fr\/\",\"logo\":{\"@type\":\"ImageObject\",\"inLanguage\":\"fr-FR\",\"@id\":\"https:\/\/www.comau.com\/fr\/#\/schema\/logo\/image\/\",\"url\":\"https:\/\/www.comau.com\/wp-content\/uploads\/2024\/07\/cropped-Logo-COMAU.png\",\"contentUrl\":\"https:\/\/www.comau.com\/wp-content\/uploads\/2024\/07\/cropped-Logo-COMAU.png\",\"width\":434,\"height\":434,\"caption\":\"Comau\"},\"image\":{\"@id\":\"https:\/\/www.comau.com\/fr\/#\/schema\/logo\/image\/\"},\"sameAs\":[\"https:\/\/www.facebook.com\/COMAU\/\",\"https:\/\/x.com\/comaugroup\",\"https:\/\/www.instagram.com\/comaugroup\/\",\"https:\/\/www.linkedin.com\/company\/comau\",\"https:\/\/www.youtube.com\/user\/comau\"]}]}<\/script>\n<!-- \/ Yoast SEO plugin. -->","yoast_head_json":{"title":"Modular Intralogistics Organizer : solution intra-logistique | Comau","description":"D\u00e9couvrez M.I.O. un instrument con\u00e7u pour la reconfiguration des lignes de production pour l'optimisation des co\u00fbts intralogistiques.","robots":{"index":"index","follow":"follow","max-snippet":"max-snippet:-1","max-image-preview":"max-image-preview:large","max-video-preview":"max-video-preview:-1"},"canonical":"https:\/\/www.comau.com\/fr\/competencies\/products-solutions\/digital-initiatives\/technologies\/m-i-o\/","og_locale":"fr_FR","og_type":"article","og_title":"Modular Intralogistics Organizer : solution intra-logistique | Comau","og_description":"D\u00e9couvrez M.I.O. un instrument con\u00e7u pour la reconfiguration des lignes de production pour l'optimisation des co\u00fbts intralogistiques.","og_url":"https:\/\/www.comau.com\/fr\/competencies\/products-solutions\/digital-initiatives\/technologies\/m-i-o\/","og_site_name":"Comau","article_publisher":"https:\/\/www.facebook.com\/COMAU\/","article_modified_time":"2022-02-07T11:46:37+00:00","og_image":[{"width":1280,"height":485,"url":"https:\/\/www.comau.com\/wp-content\/uploads\/2021\/06\/MIO_header.jpg","type":"image\/jpeg"}],"twitter_card":"summary_large_image","twitter_site":"@comaugroup","twitter_misc":{"Dur\u00e9e de lecture estim\u00e9e":"4 minutes"},"schema":{"@context":"https:\/\/schema.org","@graph":[{"@type":"WebPage","@id":"https:\/\/www.comau.com\/fr\/competencies\/products-solutions\/digital-initiatives\/technologies\/m-i-o\/","url":"https:\/\/www.comau.com\/fr\/competencies\/products-solutions\/digital-initiatives\/technologies\/m-i-o\/","name":"Modular Intralogistics Organizer : solution intra-logistique | Comau","isPartOf":{"@id":"https:\/\/www.comau.com\/fr\/#website"},"primaryImageOfPage":{"@id":"https:\/\/www.comau.com\/fr\/competencies\/products-solutions\/digital-initiatives\/technologies\/m-i-o\/#primaryimage"},"image":{"@id":"https:\/\/www.comau.com\/fr\/competencies\/products-solutions\/digital-initiatives\/technologies\/m-i-o\/#primaryimage"},"thumbnailUrl":"https:\/\/www.comau.com\/wp-content\/uploads\/2021\/06\/MIO_header.jpg","datePublished":"2021-06-30T23:03:37+00:00","dateModified":"2022-02-07T11:46:37+00:00","description":"D\u00e9couvrez M.I.O. un instrument con\u00e7u pour la reconfiguration des lignes de production pour l'optimisation des co\u00fbts intralogistiques.","breadcrumb":{"@id":"https:\/\/www.comau.com\/fr\/competencies\/products-solutions\/digital-initiatives\/technologies\/m-i-o\/#breadcrumb"},"inLanguage":"fr-FR","potentialAction":[{"@type":"ReadAction","target":["https:\/\/www.comau.com\/fr\/competencies\/products-solutions\/digital-initiatives\/technologies\/m-i-o\/"]}]},{"@type":"ImageObject","inLanguage":"fr-FR","@id":"https:\/\/www.comau.com\/fr\/competencies\/products-solutions\/digital-initiatives\/technologies\/m-i-o\/#primaryimage","url":"https:\/\/www.comau.com\/wp-content\/uploads\/2021\/06\/MIO_header.jpg","contentUrl":"https:\/\/www.comau.com\/wp-content\/uploads\/2021\/06\/MIO_header.jpg","width":1280,"height":485},{"@type":"BreadcrumbList","@id":"https:\/\/www.comau.com\/fr\/competencies\/products-solutions\/digital-initiatives\/technologies\/m-i-o\/#breadcrumb","itemListElement":[{"@type":"ListItem","position":1,"name":"Home","item":"https:\/\/www.comau.com\/fr\/"},{"@type":"ListItem","position":2,"name":"Nos comp\u00e9tences","item":"https:\/\/www.comau.com\/fr\/competencies\/"},{"@type":"ListItem","position":3,"name":"Digital initiatives","item":"https:\/\/www.comau.com\/fr\/competencies\/digital-initiatives\/"},{"@type":"ListItem","position":4,"name":"Technologies","item":"https:\/\/www.comau.com\/fr\/competencies\/digital-initiatives\/technologies\/"},{"@type":"ListItem","position":5,"name":"M.I.O."}]},{"@type":"WebSite","@id":"https:\/\/www.comau.com\/fr\/#website","url":"https:\/\/www.comau.com\/fr\/","name":"Comau","description":"Industrial automation and robotics","publisher":{"@id":"https:\/\/www.comau.com\/fr\/#organization"},"potentialAction":[{"@type":"SearchAction","target":{"@type":"EntryPoint","urlTemplate":"https:\/\/www.comau.com\/fr\/?s={search_term_string}"},"query-input":{"@type":"PropertyValueSpecification","valueRequired":true,"valueName":"search_term_string"}}],"inLanguage":"fr-FR"},{"@type":"Organization","@id":"https:\/\/www.comau.com\/fr\/#organization","name":"Comau","url":"https:\/\/www.comau.com\/fr\/","logo":{"@type":"ImageObject","inLanguage":"fr-FR","@id":"https:\/\/www.comau.com\/fr\/#\/schema\/logo\/image\/","url":"https:\/\/www.comau.com\/wp-content\/uploads\/2024\/07\/cropped-Logo-COMAU.png","contentUrl":"https:\/\/www.comau.com\/wp-content\/uploads\/2024\/07\/cropped-Logo-COMAU.png","width":434,"height":434,"caption":"Comau"},"image":{"@id":"https:\/\/www.comau.com\/fr\/#\/schema\/logo\/image\/"},"sameAs":["https:\/\/www.facebook.com\/COMAU\/","https:\/\/x.com\/comaugroup","https:\/\/www.instagram.com\/comaugroup\/","https:\/\/www.linkedin.com\/company\/comau","https:\/\/www.youtube.com\/user\/comau"]}]}},"_links":{"self":[{"href":"https:\/\/www.comau.com\/fr\/wp-json\/wp\/v2\/pages\/23202","targetHints":{"allow":["GET"]}}],"collection":[{"href":"https:\/\/www.comau.com\/fr\/wp-json\/wp\/v2\/pages"}],"about":[{"href":"https:\/\/www.comau.com\/fr\/wp-json\/wp\/v2\/types\/page"}],"author":[{"embeddable":true,"href":"https:\/\/www.comau.com\/fr\/wp-json\/wp\/v2\/users\/11"}],"replies":[{"embeddable":true,"href":"https:\/\/www.comau.com\/fr\/wp-json\/wp\/v2\/comments?post=23202"}],"version-history":[{"count":29,"href":"https:\/\/www.comau.com\/fr\/wp-json\/wp\/v2\/pages\/23202\/revisions"}],"predecessor-version":[{"id":42004,"href":"https:\/\/www.comau.com\/fr\/wp-json\/wp\/v2\/pages\/23202\/revisions\/42004"}],"up":[{"embeddable":true,"href":"https:\/\/www.comau.com\/fr\/wp-json\/wp\/v2\/pages\/6216"}],"wp:featuredmedia":[{"embeddable":true,"href":"https:\/\/www.comau.com\/fr\/wp-json\/wp\/v2\/media\/9998"}],"wp:attachment":[{"href":"https:\/\/www.comau.com\/fr\/wp-json\/wp\/v2\/media?parent=23202"}],"curies":[{"name":"wp","href":"https:\/\/api.w.org\/{rel}","templated":true}]}}