{"id":23197,"date":"2021-07-01T01:02:11","date_gmt":"2021-06-30T23:02:11","guid":{"rendered":"https:\/\/www.comau.com\/?page_id=23197"},"modified":"2021-07-20T14:47:08","modified_gmt":"2021-07-20T12:47:08","slug":"vir-gil","status":"publish","type":"page","link":"https:\/\/www.comau.com\/fr\/competencies\/products-solutions\/digital-initiatives\/technologies\/vir-gil\/","title":{"rendered":"Vir.GIL"},"content":{"rendered":"\n<p>Simple et intuitif, le syst\u00e8me Vir.GIL combine les technologies num\u00e9riques, des capteurs et un logiciel de contr\u00f4le pour guider les op\u00e9rateurs lors de l&rsquo;ex\u00e9cution des op\u00e9rations manuelles en \u00e9tablissant une interaction de type humaine entre l&rsquo;op\u00e9rateur et la machine.<\/p>\n\n<p>Utilisant des voyants lumineux pour guider l&rsquo;op\u00e9rateur et l&rsquo;aider \u00e0 suivre la s\u00e9quence manuelle appropri\u00e9e, des capteurs pour suivre l&rsquo;op\u00e9rateur et une intelligence int\u00e9gr\u00e9e pour assurer le suivi et certifier le proc\u00e9d\u00e9, Vir.GIL allie la parole aux gestes pour guider l&rsquo;op\u00e9rateur ou apprendre lui-m\u00eame de nouvelles s\u00e9quences en vue de l&rsquo;ex\u00e9cution de nouvelles t\u00e2ches.<\/p>\n\n<p>Vir.GIL peut \u00e9galement \u00eatre utilis\u00e9 dans le cadre d&rsquo;op\u00e9rations semi-manuelles en positionnant l&rsquo;op\u00e9rateur \u00e0 l&#8217;emplacement appropri\u00e9 et en confirmant l&rsquo;ex\u00e9cution du proc\u00e9d\u00e9 technologique uniquement lorsque l&rsquo;op\u00e9rateur et la pi\u00e8ce usin\u00e9e sont correctement positionn\u00e9s, garantissant ainsi la pr\u00e9cision et l&rsquo;am\u00e9lioration de la qualit\u00e9. De plus, gr\u00e2ce \u00e0 sa fonction de certification int\u00e9gr\u00e9e pour contr\u00f4ler l&rsquo;ex\u00e9cution parfaite des t\u00e2ches, Vir.GIL collecte des donn\u00e9es anonymes en temps r\u00e9el qui peuvent \u00eatre exploit\u00e9es pour v\u00e9rifier les param\u00e8tres techniques et am\u00e9liorer, si n\u00e9cessaire, l&rsquo;efficacit\u00e9 d&rsquo;ex\u00e9cution.<\/p>\n\n<div class=\"wp-block-getwid-toggle download-dropdown has-icon-left\">\n<div class=\"wp-block-getwid-toggle__row\"><div class=\"wp-block-getwid-toggle__header-wrapper\"><span class=\"wp-block-getwid-toggle__header\"><a href=\"#\"><span class=\"wp-block-getwid-toggle__header-title\">Download the brochure<\/span><span class=\"wp-block-getwid-toggle__icon is-active\"><i class=\"fas fa-plus\"><\/i><\/span><span class=\"wp-block-getwid-toggle__icon is-passive\"><i class=\"fas fa-minus\"><\/i><\/span><\/a><\/span><\/div><div class=\"wp-block-getwid-toggle__content-wrapper\"><div class=\"wp-block-getwid-toggle__content\">\n<div class=\"wp-block-getwid-button-group\"><div class=\"wp-block-getwid-button-group__wrapper\">\n<div class=\"wp-block-button\"><a class=\"wp-block-button__link\" href=\"https:\/\/www.comau.com\/wp-content\/uploads\/2021\/06\/Comau_VirGIL_Brochure.pdf\" target=\"_blank\" rel=\"noreferrer noopener\">Comau_VirGIL_Brochure<\/a><\/div>\n<\/div><\/div>\n<\/div><\/div><\/div>\n<\/div>\n\n<figure class=\"wp-block-embed is-type-video is-provider-youtube wp-block-embed-youtube wp-embed-aspect-16-9 wp-has-aspect-ratio\"><div class=\"wp-block-embed__wrapper\">\n<iframe title=\"Comau Vir.GIL - Comau&#039;s New Digital Assistant for Manual Operations\" width=\"640\" height=\"360\" src=\"https:\/\/www.youtube.com\/embed\/nSTIGK8ERcM?feature=oembed\" frameborder=\"0\" allow=\"accelerometer; autoplay; clipboard-write; encrypted-media; gyroscope; picture-in-picture; web-share\" referrerpolicy=\"strict-origin-when-cross-origin\" allowfullscreen><\/iframe>\n<\/div><\/figure>\n\n<h2 class=\"wp-block-heading\">Principales caract\u00e9ristiques<\/h2>\n\n<ul class=\"wp-block-list\"><li>Solution compl\u00e8te et \u00e9conomique con\u00e7ue pour faciliter les proc\u00e9d\u00e9s manuels de fabrication <\/li><li>Syst\u00e8me num\u00e9rique facile \u00e0 suivre gr\u00e2ce aux voyants lumineux qui guident l&rsquo;op\u00e9rateur et aux capteurs qui suivent ses d\u00e9placements <\/li><li>Contr\u00f4les int\u00e9gr\u00e9s utilisant une interaction de type humaine alliant la parole et les gestes<\/li><\/ul>\n\n<h2 class=\"wp-block-heading\">Principaux avantages<\/h2>\n\n<ul class=\"wp-block-list\"><li>R\u00e9duction de la fatigue psycho-physique de l&rsquo;op\u00e9rateur lors de l&rsquo;ex\u00e9cution d&rsquo;op\u00e9rations manuelles<\/li><li>Garantie de l&rsquo;ex\u00e9cution correcte des s\u00e9quences d&rsquo;op\u00e9rations, de l&rsquo;assemblage de pi\u00e8ces et de l&rsquo;ex\u00e9cution de proc\u00e9d\u00e9s<\/li><li>Augmentation de la qualit\u00e9 et de la pr\u00e9cision<\/li><li>G\u00e9n\u00e9ration de donn\u00e9es num\u00e9riques pour les applications et plates-formes IoT<\/li><li>Solution simple et \u00e9conomique pour l&rsquo;identification de la position des outils<\/li><li>Int\u00e9gration num\u00e9rique des t\u00e2ches manuelles \u00e0 l&rsquo;infrastructure Smart Factory<\/li><li>Formation sur le terrain pour les op\u00e9rateurs d\u00e9butants<\/li><\/ul>\n\n<div class=\"wp-block-getwid-images-slider has-arrows-inside has-dots-outside has-images-center has-cropped-images\"><div class=\"wp-block-getwid-images-slider__wrapper\" data-effect=\"slide\" data-slides-show=\"1\" data-slides-show-laptop=\"1\" data-slides-show-tablet=\"1\" data-slides-show-mobile=\"1\" data-slides-scroll=\"1\" data-autoplay=\"true\" data-autoplay-speed=\"6000\" data-infinite=\"true\" data-animation-speed=\"800\" data-center-mode=\"false\" data-variable-width=\"false\" data-arrows=\"inside\" data-dots=\"outside\" data-spacing=\"none\"><div class=\"wp-block-getwid-images-slider__item\"><figure><img decoding=\"async\" width=\"2250\" height=\"1159\" src=\"https:\/\/www.comau.com\/wp-content\/uploads\/2021\/06\/01.png\" data-id=\"1068\" data-link=\"https:\/\/www.comau.com\/competencies\/digital-initiatives\/vir-gil\/01-2\/\" data-original-link=\"https:\/\/www.comau.com\/wp-content\/uploads\/2021\/06\/01.png\" class=\"wp-block-getwid-images-slider__image wp-image-10073\" srcset=\"https:\/\/www.comau.com\/wp-content\/uploads\/2021\/06\/01.png 2250w, https:\/\/www.comau.com\/wp-content\/uploads\/2021\/06\/01-300x155.png 300w, https:\/\/www.comau.com\/wp-content\/uploads\/2021\/06\/01-1024x527.png 1024w, https:\/\/www.comau.com\/wp-content\/uploads\/2021\/06\/01-768x396.png 768w, https:\/\/www.comau.com\/wp-content\/uploads\/2021\/06\/01-1536x791.png 1536w, https:\/\/www.comau.com\/wp-content\/uploads\/2021\/06\/01-2048x1055.png 2048w\" sizes=\"(max-width: 2250px) 100vw, 2250px\" \/><\/figure><\/div><div class=\"wp-block-getwid-images-slider__item\"><figure><img decoding=\"async\" width=\"2250\" height=\"1159\" src=\"https:\/\/www.comau.com\/wp-content\/uploads\/2021\/06\/02.png\" data-id=\"1069\" data-link=\"https:\/\/www.comau.com\/competencies\/digital-initiatives\/vir-gil\/02-2\/\" data-original-link=\"https:\/\/www.comau.com\/wp-content\/uploads\/2021\/06\/02.png\" class=\"wp-block-getwid-images-slider__image wp-image-10078\" srcset=\"https:\/\/www.comau.com\/wp-content\/uploads\/2021\/06\/02.png 2250w, https:\/\/www.comau.com\/wp-content\/uploads\/2021\/06\/02-300x155.png 300w, https:\/\/www.comau.com\/wp-content\/uploads\/2021\/06\/02-1024x527.png 1024w, https:\/\/www.comau.com\/wp-content\/uploads\/2021\/06\/02-768x396.png 768w, https:\/\/www.comau.com\/wp-content\/uploads\/2021\/06\/02-1536x791.png 1536w, https:\/\/www.comau.com\/wp-content\/uploads\/2021\/06\/02-2048x1055.png 2048w\" sizes=\"(max-width: 2250px) 100vw, 2250px\" \/><\/figure><\/div><div class=\"wp-block-getwid-images-slider__item\"><figure><img decoding=\"async\" width=\"2250\" height=\"1159\" src=\"https:\/\/www.comau.com\/wp-content\/uploads\/2021\/06\/03.png\" data-id=\"1070\" data-link=\"https:\/\/www.comau.com\/competencies\/digital-initiatives\/vir-gil\/03-2\/\" data-original-link=\"https:\/\/www.comau.com\/wp-content\/uploads\/2021\/06\/03.png\" class=\"wp-block-getwid-images-slider__image wp-image-10083\" srcset=\"https:\/\/www.comau.com\/wp-content\/uploads\/2021\/06\/03.png 2250w, https:\/\/www.comau.com\/wp-content\/uploads\/2021\/06\/03-300x155.png 300w, https:\/\/www.comau.com\/wp-content\/uploads\/2021\/06\/03-1024x527.png 1024w, https:\/\/www.comau.com\/wp-content\/uploads\/2021\/06\/03-768x396.png 768w, https:\/\/www.comau.com\/wp-content\/uploads\/2021\/06\/03-1536x791.png 1536w, https:\/\/www.comau.com\/wp-content\/uploads\/2021\/06\/03-2048x1055.png 2048w\" sizes=\"(max-width: 2250px) 100vw, 2250px\" \/><\/figure><\/div><div class=\"wp-block-getwid-images-slider__item\"><figure><img decoding=\"async\" width=\"2250\" height=\"1159\" src=\"https:\/\/www.comau.com\/wp-content\/uploads\/2021\/06\/04.png\" data-id=\"1071\" data-link=\"https:\/\/www.comau.com\/competencies\/digital-initiatives\/vir-gil\/04-2\/\" data-original-link=\"https:\/\/www.comau.com\/wp-content\/uploads\/2021\/06\/04.png\" class=\"wp-block-getwid-images-slider__image wp-image-10088\" srcset=\"https:\/\/www.comau.com\/wp-content\/uploads\/2021\/06\/04.png 2250w, https:\/\/www.comau.com\/wp-content\/uploads\/2021\/06\/04-300x155.png 300w, https:\/\/www.comau.com\/wp-content\/uploads\/2021\/06\/04-1024x527.png 1024w, https:\/\/www.comau.com\/wp-content\/uploads\/2021\/06\/04-768x396.png 768w, https:\/\/www.comau.com\/wp-content\/uploads\/2021\/06\/04-1536x791.png 1536w, https:\/\/www.comau.com\/wp-content\/uploads\/2021\/06\/04-2048x1055.png 2048w\" sizes=\"(max-width: 2250px) 100vw, 2250px\" \/><\/figure><\/div><div class=\"wp-block-getwid-images-slider__item\"><figure><img decoding=\"async\" width=\"2250\" height=\"1159\" src=\"https:\/\/www.comau.com\/wp-content\/uploads\/2021\/06\/05.png\" data-id=\"1072\" data-link=\"https:\/\/www.comau.com\/competencies\/digital-initiatives\/vir-gil\/05-2\/\" data-original-link=\"https:\/\/www.comau.com\/wp-content\/uploads\/2021\/06\/05.png\" class=\"wp-block-getwid-images-slider__image wp-image-10093\" srcset=\"https:\/\/www.comau.com\/wp-content\/uploads\/2021\/06\/05.png 2250w, https:\/\/www.comau.com\/wp-content\/uploads\/2021\/06\/05-300x155.png 300w, https:\/\/www.comau.com\/wp-content\/uploads\/2021\/06\/05-1024x527.png 1024w, https:\/\/www.comau.com\/wp-content\/uploads\/2021\/06\/05-768x396.png 768w, https:\/\/www.comau.com\/wp-content\/uploads\/2021\/06\/05-1536x791.png 1536w, https:\/\/www.comau.com\/wp-content\/uploads\/2021\/06\/05-2048x1055.png 2048w\" sizes=\"(max-width: 2250px) 100vw, 2250px\" \/><\/figure><\/div><div class=\"wp-block-getwid-images-slider__item\"><figure><img decoding=\"async\" width=\"2250\" height=\"1159\" src=\"https:\/\/www.comau.com\/wp-content\/uploads\/2021\/06\/06.png\" data-id=\"1073\" data-link=\"https:\/\/www.comau.com\/competencies\/digital-initiatives\/vir-gil\/06-2\/\" data-original-link=\"https:\/\/www.comau.com\/wp-content\/uploads\/2021\/06\/06.png\" class=\"wp-block-getwid-images-slider__image wp-image-10098\" srcset=\"https:\/\/www.comau.com\/wp-content\/uploads\/2021\/06\/06.png 2250w, https:\/\/www.comau.com\/wp-content\/uploads\/2021\/06\/06-300x155.png 300w, https:\/\/www.comau.com\/wp-content\/uploads\/2021\/06\/06-1024x527.png 1024w, https:\/\/www.comau.com\/wp-content\/uploads\/2021\/06\/06-768x396.png 768w, https:\/\/www.comau.com\/wp-content\/uploads\/2021\/06\/06-1536x791.png 1536w, https:\/\/www.comau.com\/wp-content\/uploads\/2021\/06\/06-2048x1055.png 2048w\" sizes=\"(max-width: 2250px) 100vw, 2250px\" \/><\/figure><\/div><div class=\"wp-block-getwid-images-slider__item\"><figure><img decoding=\"async\" width=\"2250\" height=\"1159\" src=\"https:\/\/www.comau.com\/wp-content\/uploads\/2021\/06\/07.png\" data-id=\"1074\" data-link=\"https:\/\/www.comau.com\/competencies\/digital-initiatives\/vir-gil\/07-2\/\" data-original-link=\"https:\/\/www.comau.com\/wp-content\/uploads\/2021\/06\/07.png\" class=\"wp-block-getwid-images-slider__image wp-image-10103\" srcset=\"https:\/\/www.comau.com\/wp-content\/uploads\/2021\/06\/07.png 2250w, https:\/\/www.comau.com\/wp-content\/uploads\/2021\/06\/07-300x155.png 300w, https:\/\/www.comau.com\/wp-content\/uploads\/2021\/06\/07-1024x527.png 1024w, https:\/\/www.comau.com\/wp-content\/uploads\/2021\/06\/07-768x396.png 768w, https:\/\/www.comau.com\/wp-content\/uploads\/2021\/06\/07-1536x791.png 1536w, https:\/\/www.comau.com\/wp-content\/uploads\/2021\/06\/07-2048x1055.png 2048w\" sizes=\"(max-width: 2250px) 100vw, 2250px\" \/><\/figure><\/div><div class=\"wp-block-getwid-images-slider__item\"><figure><img decoding=\"async\" width=\"2250\" height=\"1159\" src=\"https:\/\/www.comau.com\/wp-content\/uploads\/2021\/06\/08.jpg\" data-id=\"1075\" data-link=\"https:\/\/www.comau.com\/competencies\/digital-initiatives\/vir-gil\/attachment\/08\/\" data-original-link=\"https:\/\/www.comau.com\/wp-content\/uploads\/2021\/06\/08.jpg\" class=\"wp-block-getwid-images-slider__image wp-image-10108\" srcset=\"https:\/\/www.comau.com\/wp-content\/uploads\/2021\/06\/08.jpg 2250w, https:\/\/www.comau.com\/wp-content\/uploads\/2021\/06\/08-300x155.jpg 300w, https:\/\/www.comau.com\/wp-content\/uploads\/2021\/06\/08-1024x527.jpg 1024w, https:\/\/www.comau.com\/wp-content\/uploads\/2021\/06\/08-768x396.jpg 768w, https:\/\/www.comau.com\/wp-content\/uploads\/2021\/06\/08-1536x791.jpg 1536w, https:\/\/www.comau.com\/wp-content\/uploads\/2021\/06\/08-2048x1055.jpg 2048w\" sizes=\"(max-width: 2250px) 100vw, 2250px\" \/><\/figure><\/div><\/div><\/div>\n","protected":false},"excerpt":{"rendered":"<p>Simple et intuitif, le syst\u00e8me Vir.GIL combine les technologies num\u00e9riques, des capteurs et un logiciel de contr\u00f4le pour guider les op\u00e9rateurs lors de l&rsquo;ex\u00e9cution des op\u00e9rations manuelles en \u00e9tablissant une interaction de type humaine entre l&rsquo;op\u00e9rateur et la machine. Utilisant des voyants lumineux pour guider l&rsquo;op\u00e9rateur et l&rsquo;aider \u00e0 suivre la s\u00e9quence manuelle appropri\u00e9e, des [&hellip;]<\/p>\n","protected":false},"author":11,"featured_media":10063,"parent":6216,"menu_order":13,"comment_status":"closed","ping_status":"closed","template":"","meta":{"_acf_changed":false,"ep_exclude_from_search":false,"footnotes":""},"class_list":["post-23197","page","type-page","status-publish","has-post-thumbnail","hentry"],"acf":[],"yoast_head":"<!-- This site is optimized with the Yoast SEO plugin v26.9 - https:\/\/yoast.com\/product\/yoast-seo-wordpress\/ -->\n<title>Vir.GIL - Comau<\/title>\n<meta name=\"robots\" content=\"index, follow, max-snippet:-1, max-image-preview:large, max-video-preview:-1\" \/>\n<link rel=\"canonical\" href=\"https:\/\/www.comau.com\/fr\/competencies\/products-solutions\/digital-initiatives\/technologies\/vir-gil\/\" \/>\n<meta property=\"og:locale\" content=\"fr_FR\" \/>\n<meta property=\"og:type\" content=\"article\" \/>\n<meta property=\"og:title\" content=\"Vir.GIL - Comau\" \/>\n<meta property=\"og:description\" content=\"Simple et intuitif, le syst\u00e8me Vir.GIL combine les technologies num\u00e9riques, des capteurs et un logiciel de contr\u00f4le pour guider les op\u00e9rateurs lors de l&rsquo;ex\u00e9cution des op\u00e9rations manuelles en \u00e9tablissant une interaction de type humaine entre l&rsquo;op\u00e9rateur et la machine. Utilisant des voyants lumineux pour guider l&rsquo;op\u00e9rateur et l&rsquo;aider \u00e0 suivre la s\u00e9quence manuelle appropri\u00e9e, des [&hellip;]\" \/>\n<meta property=\"og:url\" content=\"https:\/\/www.comau.com\/fr\/competencies\/products-solutions\/digital-initiatives\/technologies\/vir-gil\/\" \/>\n<meta property=\"og:site_name\" content=\"Comau\" \/>\n<meta property=\"article:publisher\" content=\"https:\/\/www.facebook.com\/COMAU\/\" \/>\n<meta property=\"article:modified_time\" content=\"2021-07-20T12:47:08+00:00\" \/>\n<meta property=\"og:image\" content=\"https:\/\/www.comau.com\/wp-content\/uploads\/2021\/06\/VirGIL_header.png\" \/>\n\t<meta property=\"og:image:width\" content=\"1280\" \/>\n\t<meta property=\"og:image:height\" content=\"485\" \/>\n\t<meta property=\"og:image:type\" content=\"image\/png\" \/>\n<meta name=\"twitter:card\" content=\"summary_large_image\" \/>\n<meta name=\"twitter:site\" content=\"@comaugroup\" \/>\n<meta name=\"twitter:label1\" content=\"Dur\u00e9e de lecture estim\u00e9e\" \/>\n\t<meta name=\"twitter:data1\" content=\"3 minutes\" \/>\n<script type=\"application\/ld+json\" class=\"yoast-schema-graph\">{\"@context\":\"https:\/\/schema.org\",\"@graph\":[{\"@type\":\"WebPage\",\"@id\":\"https:\/\/www.comau.com\/fr\/competencies\/products-solutions\/digital-initiatives\/technologies\/vir-gil\/\",\"url\":\"https:\/\/www.comau.com\/fr\/competencies\/products-solutions\/digital-initiatives\/technologies\/vir-gil\/\",\"name\":\"Vir.GIL - Comau\",\"isPartOf\":{\"@id\":\"https:\/\/www.comau.com\/fr\/#website\"},\"primaryImageOfPage\":{\"@id\":\"https:\/\/www.comau.com\/fr\/competencies\/products-solutions\/digital-initiatives\/technologies\/vir-gil\/#primaryimage\"},\"image\":{\"@id\":\"https:\/\/www.comau.com\/fr\/competencies\/products-solutions\/digital-initiatives\/technologies\/vir-gil\/#primaryimage\"},\"thumbnailUrl\":\"https:\/\/www.comau.com\/wp-content\/uploads\/2021\/06\/VirGIL_header.png\",\"datePublished\":\"2021-06-30T23:02:11+00:00\",\"dateModified\":\"2021-07-20T12:47:08+00:00\",\"breadcrumb\":{\"@id\":\"https:\/\/www.comau.com\/fr\/competencies\/products-solutions\/digital-initiatives\/technologies\/vir-gil\/#breadcrumb\"},\"inLanguage\":\"fr-FR\",\"potentialAction\":[{\"@type\":\"ReadAction\",\"target\":[\"https:\/\/www.comau.com\/fr\/competencies\/products-solutions\/digital-initiatives\/technologies\/vir-gil\/\"]}]},{\"@type\":\"ImageObject\",\"inLanguage\":\"fr-FR\",\"@id\":\"https:\/\/www.comau.com\/fr\/competencies\/products-solutions\/digital-initiatives\/technologies\/vir-gil\/#primaryimage\",\"url\":\"https:\/\/www.comau.com\/wp-content\/uploads\/2021\/06\/VirGIL_header.png\",\"contentUrl\":\"https:\/\/www.comau.com\/wp-content\/uploads\/2021\/06\/VirGIL_header.png\",\"width\":1280,\"height\":485},{\"@type\":\"BreadcrumbList\",\"@id\":\"https:\/\/www.comau.com\/fr\/competencies\/products-solutions\/digital-initiatives\/technologies\/vir-gil\/#breadcrumb\",\"itemListElement\":[{\"@type\":\"ListItem\",\"position\":1,\"name\":\"Home\",\"item\":\"https:\/\/www.comau.com\/fr\/\"},{\"@type\":\"ListItem\",\"position\":2,\"name\":\"Nos comp\u00e9tences\",\"item\":\"https:\/\/www.comau.com\/fr\/competencies\/\"},{\"@type\":\"ListItem\",\"position\":3,\"name\":\"Digital initiatives\",\"item\":\"https:\/\/www.comau.com\/fr\/competencies\/digital-initiatives\/\"},{\"@type\":\"ListItem\",\"position\":4,\"name\":\"Technologies\",\"item\":\"https:\/\/www.comau.com\/fr\/competencies\/digital-initiatives\/technologies\/\"},{\"@type\":\"ListItem\",\"position\":5,\"name\":\"Vir.GIL\"}]},{\"@type\":\"WebSite\",\"@id\":\"https:\/\/www.comau.com\/fr\/#website\",\"url\":\"https:\/\/www.comau.com\/fr\/\",\"name\":\"Comau\",\"description\":\"Industrial automation and robotics\",\"publisher\":{\"@id\":\"https:\/\/www.comau.com\/fr\/#organization\"},\"potentialAction\":[{\"@type\":\"SearchAction\",\"target\":{\"@type\":\"EntryPoint\",\"urlTemplate\":\"https:\/\/www.comau.com\/fr\/?s={search_term_string}\"},\"query-input\":{\"@type\":\"PropertyValueSpecification\",\"valueRequired\":true,\"valueName\":\"search_term_string\"}}],\"inLanguage\":\"fr-FR\"},{\"@type\":\"Organization\",\"@id\":\"https:\/\/www.comau.com\/fr\/#organization\",\"name\":\"Comau\",\"url\":\"https:\/\/www.comau.com\/fr\/\",\"logo\":{\"@type\":\"ImageObject\",\"inLanguage\":\"fr-FR\",\"@id\":\"https:\/\/www.comau.com\/fr\/#\/schema\/logo\/image\/\",\"url\":\"https:\/\/www.comau.com\/wp-content\/uploads\/2024\/07\/cropped-Logo-COMAU.png\",\"contentUrl\":\"https:\/\/www.comau.com\/wp-content\/uploads\/2024\/07\/cropped-Logo-COMAU.png\",\"width\":434,\"height\":434,\"caption\":\"Comau\"},\"image\":{\"@id\":\"https:\/\/www.comau.com\/fr\/#\/schema\/logo\/image\/\"},\"sameAs\":[\"https:\/\/www.facebook.com\/COMAU\/\",\"https:\/\/x.com\/comaugroup\",\"https:\/\/www.instagram.com\/comaugroup\/\",\"https:\/\/www.linkedin.com\/company\/comau\",\"https:\/\/www.youtube.com\/user\/comau\"]}]}<\/script>\n<!-- \/ Yoast SEO plugin. -->","yoast_head_json":{"title":"Vir.GIL - Comau","robots":{"index":"index","follow":"follow","max-snippet":"max-snippet:-1","max-image-preview":"max-image-preview:large","max-video-preview":"max-video-preview:-1"},"canonical":"https:\/\/www.comau.com\/fr\/competencies\/products-solutions\/digital-initiatives\/technologies\/vir-gil\/","og_locale":"fr_FR","og_type":"article","og_title":"Vir.GIL - Comau","og_description":"Simple et intuitif, le syst\u00e8me Vir.GIL combine les technologies num\u00e9riques, des capteurs et un logiciel de contr\u00f4le pour guider les op\u00e9rateurs lors de l&rsquo;ex\u00e9cution des op\u00e9rations manuelles en \u00e9tablissant une interaction de type humaine entre l&rsquo;op\u00e9rateur et la machine. Utilisant des voyants lumineux pour guider l&rsquo;op\u00e9rateur et l&rsquo;aider \u00e0 suivre la s\u00e9quence manuelle appropri\u00e9e, des [&hellip;]","og_url":"https:\/\/www.comau.com\/fr\/competencies\/products-solutions\/digital-initiatives\/technologies\/vir-gil\/","og_site_name":"Comau","article_publisher":"https:\/\/www.facebook.com\/COMAU\/","article_modified_time":"2021-07-20T12:47:08+00:00","og_image":[{"width":1280,"height":485,"url":"https:\/\/www.comau.com\/wp-content\/uploads\/2021\/06\/VirGIL_header.png","type":"image\/png"}],"twitter_card":"summary_large_image","twitter_site":"@comaugroup","twitter_misc":{"Dur\u00e9e de lecture estim\u00e9e":"3 minutes"},"schema":{"@context":"https:\/\/schema.org","@graph":[{"@type":"WebPage","@id":"https:\/\/www.comau.com\/fr\/competencies\/products-solutions\/digital-initiatives\/technologies\/vir-gil\/","url":"https:\/\/www.comau.com\/fr\/competencies\/products-solutions\/digital-initiatives\/technologies\/vir-gil\/","name":"Vir.GIL - Comau","isPartOf":{"@id":"https:\/\/www.comau.com\/fr\/#website"},"primaryImageOfPage":{"@id":"https:\/\/www.comau.com\/fr\/competencies\/products-solutions\/digital-initiatives\/technologies\/vir-gil\/#primaryimage"},"image":{"@id":"https:\/\/www.comau.com\/fr\/competencies\/products-solutions\/digital-initiatives\/technologies\/vir-gil\/#primaryimage"},"thumbnailUrl":"https:\/\/www.comau.com\/wp-content\/uploads\/2021\/06\/VirGIL_header.png","datePublished":"2021-06-30T23:02:11+00:00","dateModified":"2021-07-20T12:47:08+00:00","breadcrumb":{"@id":"https:\/\/www.comau.com\/fr\/competencies\/products-solutions\/digital-initiatives\/technologies\/vir-gil\/#breadcrumb"},"inLanguage":"fr-FR","potentialAction":[{"@type":"ReadAction","target":["https:\/\/www.comau.com\/fr\/competencies\/products-solutions\/digital-initiatives\/technologies\/vir-gil\/"]}]},{"@type":"ImageObject","inLanguage":"fr-FR","@id":"https:\/\/www.comau.com\/fr\/competencies\/products-solutions\/digital-initiatives\/technologies\/vir-gil\/#primaryimage","url":"https:\/\/www.comau.com\/wp-content\/uploads\/2021\/06\/VirGIL_header.png","contentUrl":"https:\/\/www.comau.com\/wp-content\/uploads\/2021\/06\/VirGIL_header.png","width":1280,"height":485},{"@type":"BreadcrumbList","@id":"https:\/\/www.comau.com\/fr\/competencies\/products-solutions\/digital-initiatives\/technologies\/vir-gil\/#breadcrumb","itemListElement":[{"@type":"ListItem","position":1,"name":"Home","item":"https:\/\/www.comau.com\/fr\/"},{"@type":"ListItem","position":2,"name":"Nos comp\u00e9tences","item":"https:\/\/www.comau.com\/fr\/competencies\/"},{"@type":"ListItem","position":3,"name":"Digital initiatives","item":"https:\/\/www.comau.com\/fr\/competencies\/digital-initiatives\/"},{"@type":"ListItem","position":4,"name":"Technologies","item":"https:\/\/www.comau.com\/fr\/competencies\/digital-initiatives\/technologies\/"},{"@type":"ListItem","position":5,"name":"Vir.GIL"}]},{"@type":"WebSite","@id":"https:\/\/www.comau.com\/fr\/#website","url":"https:\/\/www.comau.com\/fr\/","name":"Comau","description":"Industrial automation and robotics","publisher":{"@id":"https:\/\/www.comau.com\/fr\/#organization"},"potentialAction":[{"@type":"SearchAction","target":{"@type":"EntryPoint","urlTemplate":"https:\/\/www.comau.com\/fr\/?s={search_term_string}"},"query-input":{"@type":"PropertyValueSpecification","valueRequired":true,"valueName":"search_term_string"}}],"inLanguage":"fr-FR"},{"@type":"Organization","@id":"https:\/\/www.comau.com\/fr\/#organization","name":"Comau","url":"https:\/\/www.comau.com\/fr\/","logo":{"@type":"ImageObject","inLanguage":"fr-FR","@id":"https:\/\/www.comau.com\/fr\/#\/schema\/logo\/image\/","url":"https:\/\/www.comau.com\/wp-content\/uploads\/2024\/07\/cropped-Logo-COMAU.png","contentUrl":"https:\/\/www.comau.com\/wp-content\/uploads\/2024\/07\/cropped-Logo-COMAU.png","width":434,"height":434,"caption":"Comau"},"image":{"@id":"https:\/\/www.comau.com\/fr\/#\/schema\/logo\/image\/"},"sameAs":["https:\/\/www.facebook.com\/COMAU\/","https:\/\/x.com\/comaugroup","https:\/\/www.instagram.com\/comaugroup\/","https:\/\/www.linkedin.com\/company\/comau","https:\/\/www.youtube.com\/user\/comau"]}]}},"_links":{"self":[{"href":"https:\/\/www.comau.com\/fr\/wp-json\/wp\/v2\/pages\/23197","targetHints":{"allow":["GET"]}}],"collection":[{"href":"https:\/\/www.comau.com\/fr\/wp-json\/wp\/v2\/pages"}],"about":[{"href":"https:\/\/www.comau.com\/fr\/wp-json\/wp\/v2\/types\/page"}],"author":[{"embeddable":true,"href":"https:\/\/www.comau.com\/fr\/wp-json\/wp\/v2\/users\/11"}],"replies":[{"embeddable":true,"href":"https:\/\/www.comau.com\/fr\/wp-json\/wp\/v2\/comments?post=23197"}],"version-history":[{"count":18,"href":"https:\/\/www.comau.com\/fr\/wp-json\/wp\/v2\/pages\/23197\/revisions"}],"predecessor-version":[{"id":31776,"href":"https:\/\/www.comau.com\/fr\/wp-json\/wp\/v2\/pages\/23197\/revisions\/31776"}],"up":[{"embeddable":true,"href":"https:\/\/www.comau.com\/fr\/wp-json\/wp\/v2\/pages\/6216"}],"wp:featuredmedia":[{"embeddable":true,"href":"https:\/\/www.comau.com\/fr\/wp-json\/wp\/v2\/media\/10063"}],"wp:attachment":[{"href":"https:\/\/www.comau.com\/fr\/wp-json\/wp\/v2\/media?parent=23197"}],"curies":[{"name":"wp","href":"https:\/\/api.w.org\/{rel}","templated":true}]}}