{"id":23187,"date":"2021-06-08T12:30:09","date_gmt":"2021-06-08T10:30:09","guid":{"rendered":"https:\/\/www.comau.com\/?page_id=23187"},"modified":"2021-07-20T11:30:38","modified_gmt":"2021-07-20T09:30:38","slug":"smartrobcomau-automated","status":"publish","type":"page","link":"https:\/\/www.comau.com\/fr\/competencies\/products-solutions\/powertrain-machining\/power-system-products\/smartrobcomau-automated\/","title":{"rendered":"SmartRobComau Automated"},"content":{"rendered":"\n<h2 class=\"wp-block-heading\">Valeur ajout\u00e9e pour le client<\/h2>\n\n<ul class=\"wp-block-list\"><li>Int\u00e9gration : processus en s\u00e9rie ou parall\u00e8le. <\/li><li>Adaptabilit\u00e9 : alignement de l&rsquo;investissement en capital avec la demande du march\u00e9. <\/li><li>R\u00e9outillage rapide : changement d&rsquo;outil facile pour une grande flexibilit\u00e9 de la production. <\/li><li>Jusqu&rsquo;\u00e0 50 % de r\u00e9duction de l&rsquo;espace au sol requis. <\/li><li>Ergonomie : manutention de mat\u00e9riaux automatis\u00e9e, dispositifs de transport et commandes faciles d&rsquo;acc\u00e8s.<\/li><li>Logistique de mat\u00e9riel optimis\u00e9e : livraison du mat\u00e9riel en un point unique. <\/li><li>Fabrication en flux tendu : optimisation des \u00e9conomies de co\u00fbts, r\u00e9duction des d\u00e9chets et r\u00e9duction des encours de fabrication. <\/li><li>Jusqu&rsquo;\u00e0 60 % de r\u00e9duction de la consommation d&rsquo;\u00e9lectricit\u00e9 et de fluides. <\/li><li>Commandes de machine g\u00e9r\u00e9es par le mode d&rsquo;\u00e9conomie lorsque le syst\u00e8me est au ralenti. <\/li><li>R\u00e9duction de l&rsquo;encombrement au sol. <\/li><li>R\u00e9duction des composants aliment\u00e9s.<\/li><\/ul>\n\n<figure class=\"wp-block-image size-large\"><img decoding=\"async\" width=\"1024\" height=\"348\" src=\"https:\/\/www.comau.com\/wp-content\/uploads\/2021\/06\/smartrobcomau-automated_img-1024x348.jpg\" alt=\"\" class=\"wp-image-748\" srcset=\"https:\/\/www.comau.com\/wp-content\/uploads\/2021\/06\/smartrobcomau-automated_img-1024x348.jpg 1024w, https:\/\/www.comau.com\/wp-content\/uploads\/2021\/06\/smartrobcomau-automated_img-300x102.jpg 300w, https:\/\/www.comau.com\/wp-content\/uploads\/2021\/06\/smartrobcomau-automated_img-768x261.jpg 768w, https:\/\/www.comau.com\/wp-content\/uploads\/2021\/06\/smartrobcomau-automated_img.jpg 1179w\" sizes=\"(max-width: 1024px) 100vw, 1024px\" \/><\/figure>\n\n<h2 class=\"wp-block-heading\">Caract\u00e9ristiques techniques<\/h2>\n\n<figure class=\"wp-block-table is-style-stripes\"><table><thead><tr><th>SMARTROBCOMAU AUTOMATED<\/th><th>UNIT\u00c9<\/th><th>1800 1 banc<\/th><th>1800 2 banc<\/th><th>1800 3 banc<\/th><th>2400 1 banc<\/th><th>2400 2 banc<\/th><th>2400 3 banc<\/th><\/tr><\/thead><tbody><tr><td>Largeur<\/td><td>mm<\/td><td>1.800<\/td><td>1.800<\/td><td>1.800<\/td><td>2.400<\/td><td>2.400<\/td><td>2.400<\/td><\/tr><tr><td>Hauteur<\/td><td>mm<\/td><td>2.500<\/td><td>2.500<\/td><td>2.500<\/td><td>2.500<\/td><td>2.500<\/td><td>2.500<\/td><\/tr><tr><td>Longueur <\/td><td>mm<\/td><td>2.150<\/td><td>3.500<\/td><td>4.850<\/td><td>2.150<\/td><td>3.500<\/td><td>4.850<\/td><\/tr><tr><td>Longueur de palette<\/td><td>mm<\/td><td>500-800<\/td><td>500-800<\/td><td>500-800<\/td><td>&gt;800<\/td><td>&gt;800<\/td><td>&gt;800<\/td><\/tr><\/tbody><\/table><\/figure>\n\n<div class=\"wp-block-getwid-toggle download-dropdown has-icon-left\">\n<div class=\"wp-block-getwid-toggle__row\"><div class=\"wp-block-getwid-toggle__header-wrapper\"><span class=\"wp-block-getwid-toggle__header\"><a href=\"#\"><span class=\"wp-block-getwid-toggle__header-title\">Technical sheets<\/span><span class=\"wp-block-getwid-toggle__icon is-active\"><i class=\"fas fa-plus\"><\/i><\/span><span class=\"wp-block-getwid-toggle__icon is-passive\"><i class=\"fas fa-minus\"><\/i><\/span><\/a><\/span><\/div><div class=\"wp-block-getwid-toggle__content-wrapper\"><div class=\"wp-block-getwid-toggle__content\">\n<div class=\"wp-block-getwid-button-group\"><div class=\"wp-block-getwid-button-group__wrapper\">\n<div class=\"wp-block-button\"><a class=\"wp-block-button__link\" href=\"https:\/\/www.comau.com\/wp-content\/uploads\/2021\/06\/EN_brochure_smartrobauto.pdf\" target=\"_blank\" rel=\"noreferrer noopener\">SmartRobComau Automated<\/a><\/div>\n<\/div><\/div>\n<\/div><\/div><\/div>\n<\/div>\n","protected":false},"excerpt":{"rendered":"<p>Valeur ajout\u00e9e pour le client Int\u00e9gration : processus en s\u00e9rie ou parall\u00e8le. Adaptabilit\u00e9 : alignement de l&rsquo;investissement en capital avec la demande du march\u00e9. R\u00e9outillage rapide : changement d&rsquo;outil facile pour une grande flexibilit\u00e9 de la production. Jusqu&rsquo;\u00e0 50 % de r\u00e9duction de l&rsquo;espace au sol requis. Ergonomie : manutention de mat\u00e9riaux automatis\u00e9e, dispositifs de [&hellip;]<\/p>\n","protected":false},"author":11,"featured_media":5959,"parent":5946,"menu_order":5,"comment_status":"closed","ping_status":"closed","template":"","meta":{"_acf_changed":false,"ep_exclude_from_search":false,"footnotes":""},"class_list":["post-23187","page","type-page","status-publish","has-post-thumbnail","hentry"],"acf":[],"yoast_head":"<!-- This site is optimized with the Yoast SEO plugin v26.9 - https:\/\/yoast.com\/product\/yoast-seo-wordpress\/ -->\n<title>SmartRobComau Automated - Comau<\/title>\n<meta name=\"robots\" content=\"index, follow, max-snippet:-1, max-image-preview:large, max-video-preview:-1\" \/>\n<link rel=\"canonical\" href=\"https:\/\/www.comau.com\/fr\/competencies\/products-solutions\/powertrain-machining\/power-system-products\/smartrobcomau-automated\/\" \/>\n<meta property=\"og:locale\" content=\"fr_FR\" \/>\n<meta property=\"og:type\" content=\"article\" \/>\n<meta property=\"og:title\" content=\"SmartRobComau Automated - Comau\" \/>\n<meta property=\"og:description\" content=\"Valeur ajout\u00e9e pour le client Int\u00e9gration : processus en s\u00e9rie ou parall\u00e8le. Adaptabilit\u00e9 : alignement de l&rsquo;investissement en capital avec la demande du march\u00e9. R\u00e9outillage rapide : changement d&rsquo;outil facile pour une grande flexibilit\u00e9 de la production. Jusqu&rsquo;\u00e0 50 % de r\u00e9duction de l&rsquo;espace au sol requis. Ergonomie : manutention de mat\u00e9riaux automatis\u00e9e, dispositifs de [&hellip;]\" \/>\n<meta property=\"og:url\" content=\"https:\/\/www.comau.com\/fr\/competencies\/products-solutions\/powertrain-machining\/power-system-products\/smartrobcomau-automated\/\" \/>\n<meta property=\"og:site_name\" content=\"Comau\" \/>\n<meta property=\"article:publisher\" content=\"https:\/\/www.facebook.com\/COMAU\/\" \/>\n<meta property=\"article:modified_time\" content=\"2021-07-20T09:30:38+00:00\" \/>\n<meta property=\"og:image\" content=\"https:\/\/www.comau.com\/wp-content\/uploads\/2021\/06\/smartrobcomau-automated_header.jpg\" \/>\n\t<meta property=\"og:image:width\" content=\"1280\" \/>\n\t<meta property=\"og:image:height\" content=\"485\" \/>\n\t<meta property=\"og:image:type\" content=\"image\/jpeg\" \/>\n<meta name=\"twitter:card\" content=\"summary_large_image\" \/>\n<meta name=\"twitter:site\" content=\"@comaugroup\" \/>\n<meta name=\"twitter:label1\" content=\"Dur\u00e9e de lecture estim\u00e9e\" \/>\n\t<meta name=\"twitter:data1\" content=\"1 minute\" \/>\n<script type=\"application\/ld+json\" class=\"yoast-schema-graph\">{\"@context\":\"https:\/\/schema.org\",\"@graph\":[{\"@type\":\"WebPage\",\"@id\":\"https:\/\/www.comau.com\/fr\/competencies\/products-solutions\/powertrain-machining\/power-system-products\/smartrobcomau-automated\/\",\"url\":\"https:\/\/www.comau.com\/fr\/competencies\/products-solutions\/powertrain-machining\/power-system-products\/smartrobcomau-automated\/\",\"name\":\"SmartRobComau Automated - Comau\",\"isPartOf\":{\"@id\":\"https:\/\/www.comau.com\/fr\/#website\"},\"primaryImageOfPage\":{\"@id\":\"https:\/\/www.comau.com\/fr\/competencies\/products-solutions\/powertrain-machining\/power-system-products\/smartrobcomau-automated\/#primaryimage\"},\"image\":{\"@id\":\"https:\/\/www.comau.com\/fr\/competencies\/products-solutions\/powertrain-machining\/power-system-products\/smartrobcomau-automated\/#primaryimage\"},\"thumbnailUrl\":\"https:\/\/www.comau.com\/wp-content\/uploads\/2021\/06\/smartrobcomau-automated_header.jpg\",\"datePublished\":\"2021-06-08T10:30:09+00:00\",\"dateModified\":\"2021-07-20T09:30:38+00:00\",\"breadcrumb\":{\"@id\":\"https:\/\/www.comau.com\/fr\/competencies\/products-solutions\/powertrain-machining\/power-system-products\/smartrobcomau-automated\/#breadcrumb\"},\"inLanguage\":\"fr-FR\",\"potentialAction\":[{\"@type\":\"ReadAction\",\"target\":[\"https:\/\/www.comau.com\/fr\/competencies\/products-solutions\/powertrain-machining\/power-system-products\/smartrobcomau-automated\/\"]}]},{\"@type\":\"ImageObject\",\"inLanguage\":\"fr-FR\",\"@id\":\"https:\/\/www.comau.com\/fr\/competencies\/products-solutions\/powertrain-machining\/power-system-products\/smartrobcomau-automated\/#primaryimage\",\"url\":\"https:\/\/www.comau.com\/wp-content\/uploads\/2021\/06\/smartrobcomau-automated_header.jpg\",\"contentUrl\":\"https:\/\/www.comau.com\/wp-content\/uploads\/2021\/06\/smartrobcomau-automated_header.jpg\",\"width\":1280,\"height\":485},{\"@type\":\"BreadcrumbList\",\"@id\":\"https:\/\/www.comau.com\/fr\/competencies\/products-solutions\/powertrain-machining\/power-system-products\/smartrobcomau-automated\/#breadcrumb\",\"itemListElement\":[{\"@type\":\"ListItem\",\"position\":1,\"name\":\"Home\",\"item\":\"https:\/\/www.comau.com\/fr\/\"},{\"@type\":\"ListItem\",\"position\":2,\"name\":\"Nos comp\u00e9tences\",\"item\":\"https:\/\/www.comau.com\/fr\/competencies\/\"},{\"@type\":\"ListItem\",\"position\":3,\"name\":\"Products &amp; Solutions\",\"item\":\"https:\/\/www.comau.com\/fr\/competencies\/products-solutions\/\"},{\"@type\":\"ListItem\",\"position\":4,\"name\":\"Powertrain &amp; Machining\",\"item\":\"https:\/\/www.comau.com\/fr\/competencies\/products-solutions\/powertrain-machining\/\"},{\"@type\":\"ListItem\",\"position\":5,\"name\":\"Syst\u00e8mes d&rsquo;alimentation et produits\",\"item\":\"https:\/\/www.comau.com\/fr\/competencies\/products-solutions\/powertrain-machining\/power-system-products\/\"},{\"@type\":\"ListItem\",\"position\":6,\"name\":\"SmartRobComau Automated\"}]},{\"@type\":\"WebSite\",\"@id\":\"https:\/\/www.comau.com\/fr\/#website\",\"url\":\"https:\/\/www.comau.com\/fr\/\",\"name\":\"Comau\",\"description\":\"Industrial automation and robotics\",\"publisher\":{\"@id\":\"https:\/\/www.comau.com\/fr\/#organization\"},\"potentialAction\":[{\"@type\":\"SearchAction\",\"target\":{\"@type\":\"EntryPoint\",\"urlTemplate\":\"https:\/\/www.comau.com\/fr\/?s={search_term_string}\"},\"query-input\":{\"@type\":\"PropertyValueSpecification\",\"valueRequired\":true,\"valueName\":\"search_term_string\"}}],\"inLanguage\":\"fr-FR\"},{\"@type\":\"Organization\",\"@id\":\"https:\/\/www.comau.com\/fr\/#organization\",\"name\":\"Comau\",\"url\":\"https:\/\/www.comau.com\/fr\/\",\"logo\":{\"@type\":\"ImageObject\",\"inLanguage\":\"fr-FR\",\"@id\":\"https:\/\/www.comau.com\/fr\/#\/schema\/logo\/image\/\",\"url\":\"https:\/\/www.comau.com\/wp-content\/uploads\/2024\/07\/cropped-Logo-COMAU.png\",\"contentUrl\":\"https:\/\/www.comau.com\/wp-content\/uploads\/2024\/07\/cropped-Logo-COMAU.png\",\"width\":434,\"height\":434,\"caption\":\"Comau\"},\"image\":{\"@id\":\"https:\/\/www.comau.com\/fr\/#\/schema\/logo\/image\/\"},\"sameAs\":[\"https:\/\/www.facebook.com\/COMAU\/\",\"https:\/\/x.com\/comaugroup\",\"https:\/\/www.instagram.com\/comaugroup\/\",\"https:\/\/www.linkedin.com\/company\/comau\",\"https:\/\/www.youtube.com\/user\/comau\"]}]}<\/script>\n<!-- \/ Yoast SEO plugin. -->","yoast_head_json":{"title":"SmartRobComau Automated - Comau","robots":{"index":"index","follow":"follow","max-snippet":"max-snippet:-1","max-image-preview":"max-image-preview:large","max-video-preview":"max-video-preview:-1"},"canonical":"https:\/\/www.comau.com\/fr\/competencies\/products-solutions\/powertrain-machining\/power-system-products\/smartrobcomau-automated\/","og_locale":"fr_FR","og_type":"article","og_title":"SmartRobComau Automated - Comau","og_description":"Valeur ajout\u00e9e pour le client Int\u00e9gration : processus en s\u00e9rie ou parall\u00e8le. Adaptabilit\u00e9 : alignement de l&rsquo;investissement en capital avec la demande du march\u00e9. R\u00e9outillage rapide : changement d&rsquo;outil facile pour une grande flexibilit\u00e9 de la production. Jusqu&rsquo;\u00e0 50 % de r\u00e9duction de l&rsquo;espace au sol requis. Ergonomie : manutention de mat\u00e9riaux automatis\u00e9e, dispositifs de [&hellip;]","og_url":"https:\/\/www.comau.com\/fr\/competencies\/products-solutions\/powertrain-machining\/power-system-products\/smartrobcomau-automated\/","og_site_name":"Comau","article_publisher":"https:\/\/www.facebook.com\/COMAU\/","article_modified_time":"2021-07-20T09:30:38+00:00","og_image":[{"width":1280,"height":485,"url":"https:\/\/www.comau.com\/wp-content\/uploads\/2021\/06\/smartrobcomau-automated_header.jpg","type":"image\/jpeg"}],"twitter_card":"summary_large_image","twitter_site":"@comaugroup","twitter_misc":{"Dur\u00e9e de lecture estim\u00e9e":"1 minute"},"schema":{"@context":"https:\/\/schema.org","@graph":[{"@type":"WebPage","@id":"https:\/\/www.comau.com\/fr\/competencies\/products-solutions\/powertrain-machining\/power-system-products\/smartrobcomau-automated\/","url":"https:\/\/www.comau.com\/fr\/competencies\/products-solutions\/powertrain-machining\/power-system-products\/smartrobcomau-automated\/","name":"SmartRobComau Automated - Comau","isPartOf":{"@id":"https:\/\/www.comau.com\/fr\/#website"},"primaryImageOfPage":{"@id":"https:\/\/www.comau.com\/fr\/competencies\/products-solutions\/powertrain-machining\/power-system-products\/smartrobcomau-automated\/#primaryimage"},"image":{"@id":"https:\/\/www.comau.com\/fr\/competencies\/products-solutions\/powertrain-machining\/power-system-products\/smartrobcomau-automated\/#primaryimage"},"thumbnailUrl":"https:\/\/www.comau.com\/wp-content\/uploads\/2021\/06\/smartrobcomau-automated_header.jpg","datePublished":"2021-06-08T10:30:09+00:00","dateModified":"2021-07-20T09:30:38+00:00","breadcrumb":{"@id":"https:\/\/www.comau.com\/fr\/competencies\/products-solutions\/powertrain-machining\/power-system-products\/smartrobcomau-automated\/#breadcrumb"},"inLanguage":"fr-FR","potentialAction":[{"@type":"ReadAction","target":["https:\/\/www.comau.com\/fr\/competencies\/products-solutions\/powertrain-machining\/power-system-products\/smartrobcomau-automated\/"]}]},{"@type":"ImageObject","inLanguage":"fr-FR","@id":"https:\/\/www.comau.com\/fr\/competencies\/products-solutions\/powertrain-machining\/power-system-products\/smartrobcomau-automated\/#primaryimage","url":"https:\/\/www.comau.com\/wp-content\/uploads\/2021\/06\/smartrobcomau-automated_header.jpg","contentUrl":"https:\/\/www.comau.com\/wp-content\/uploads\/2021\/06\/smartrobcomau-automated_header.jpg","width":1280,"height":485},{"@type":"BreadcrumbList","@id":"https:\/\/www.comau.com\/fr\/competencies\/products-solutions\/powertrain-machining\/power-system-products\/smartrobcomau-automated\/#breadcrumb","itemListElement":[{"@type":"ListItem","position":1,"name":"Home","item":"https:\/\/www.comau.com\/fr\/"},{"@type":"ListItem","position":2,"name":"Nos comp\u00e9tences","item":"https:\/\/www.comau.com\/fr\/competencies\/"},{"@type":"ListItem","position":3,"name":"Products &amp; Solutions","item":"https:\/\/www.comau.com\/fr\/competencies\/products-solutions\/"},{"@type":"ListItem","position":4,"name":"Powertrain &amp; Machining","item":"https:\/\/www.comau.com\/fr\/competencies\/products-solutions\/powertrain-machining\/"},{"@type":"ListItem","position":5,"name":"Syst\u00e8mes d&rsquo;alimentation et produits","item":"https:\/\/www.comau.com\/fr\/competencies\/products-solutions\/powertrain-machining\/power-system-products\/"},{"@type":"ListItem","position":6,"name":"SmartRobComau Automated"}]},{"@type":"WebSite","@id":"https:\/\/www.comau.com\/fr\/#website","url":"https:\/\/www.comau.com\/fr\/","name":"Comau","description":"Industrial automation and robotics","publisher":{"@id":"https:\/\/www.comau.com\/fr\/#organization"},"potentialAction":[{"@type":"SearchAction","target":{"@type":"EntryPoint","urlTemplate":"https:\/\/www.comau.com\/fr\/?s={search_term_string}"},"query-input":{"@type":"PropertyValueSpecification","valueRequired":true,"valueName":"search_term_string"}}],"inLanguage":"fr-FR"},{"@type":"Organization","@id":"https:\/\/www.comau.com\/fr\/#organization","name":"Comau","url":"https:\/\/www.comau.com\/fr\/","logo":{"@type":"ImageObject","inLanguage":"fr-FR","@id":"https:\/\/www.comau.com\/fr\/#\/schema\/logo\/image\/","url":"https:\/\/www.comau.com\/wp-content\/uploads\/2024\/07\/cropped-Logo-COMAU.png","contentUrl":"https:\/\/www.comau.com\/wp-content\/uploads\/2024\/07\/cropped-Logo-COMAU.png","width":434,"height":434,"caption":"Comau"},"image":{"@id":"https:\/\/www.comau.com\/fr\/#\/schema\/logo\/image\/"},"sameAs":["https:\/\/www.facebook.com\/COMAU\/","https:\/\/x.com\/comaugroup","https:\/\/www.instagram.com\/comaugroup\/","https:\/\/www.linkedin.com\/company\/comau","https:\/\/www.youtube.com\/user\/comau"]}]}},"_links":{"self":[{"href":"https:\/\/www.comau.com\/fr\/wp-json\/wp\/v2\/pages\/23187","targetHints":{"allow":["GET"]}}],"collection":[{"href":"https:\/\/www.comau.com\/fr\/wp-json\/wp\/v2\/pages"}],"about":[{"href":"https:\/\/www.comau.com\/fr\/wp-json\/wp\/v2\/types\/page"}],"author":[{"embeddable":true,"href":"https:\/\/www.comau.com\/fr\/wp-json\/wp\/v2\/users\/11"}],"replies":[{"embeddable":true,"href":"https:\/\/www.comau.com\/fr\/wp-json\/wp\/v2\/comments?post=23187"}],"version-history":[{"count":26,"href":"https:\/\/www.comau.com\/fr\/wp-json\/wp\/v2\/pages\/23187\/revisions"}],"predecessor-version":[{"id":26234,"href":"https:\/\/www.comau.com\/fr\/wp-json\/wp\/v2\/pages\/23187\/revisions\/26234"}],"up":[{"embeddable":true,"href":"https:\/\/www.comau.com\/fr\/wp-json\/wp\/v2\/pages\/5946"}],"wp:featuredmedia":[{"embeddable":true,"href":"https:\/\/www.comau.com\/fr\/wp-json\/wp\/v2\/media\/5959"}],"wp:attachment":[{"href":"https:\/\/www.comau.com\/fr\/wp-json\/wp\/v2\/media?parent=23187"}],"curies":[{"name":"wp","href":"https:\/\/api.w.org\/{rel}","templated":true}]}}