{"id":23177,"date":"2021-06-08T12:29:34","date_gmt":"2021-06-08T10:29:34","guid":{"rendered":"https:\/\/www.comau.com\/?page_id=23177"},"modified":"2021-07-20T11:24:43","modified_gmt":"2021-07-20T09:24:43","slug":"smartcellcomau","status":"publish","type":"page","link":"https:\/\/www.comau.com\/fr\/competencies\/products-solutions\/powertrain-machining\/power-system-products\/smartcellcomau\/","title":{"rendered":"SmartCellComau"},"content":{"rendered":"\n<h2 class=\"wp-block-heading\">Valeur ajout\u00e9e pour le client<\/h2>\n\n<ul class=\"wp-block-list\"><li>Fiabilit\u00e9 : processus parall\u00e8le vs. processus en s\u00e9rie <\/li><li>Adaptabilit\u00e9 : alignement de l&rsquo;investissement en capital avec la demande du march\u00e9. <\/li><li>R\u00e9outillage rapide : changement d&rsquo;outil facile pour une grande flexibilit\u00e9 de la production. <\/li><li>Moins d&rsquo;encombrement au sol : jusqu&rsquo;\u00e0 50 %. <\/li><li>Livraison : courte dur\u00e9e gr\u00e2ce \u00e0 une machine standard. <\/li><li>Production : temps de lancement r\u00e9duit. <\/li><li>Logistique de mat\u00e9riel optimis\u00e9e : livraison du mat\u00e9riel en un point unique. <\/li><li>Fabrication en flux tendu : r\u00e9duction du WIP (Work In Process &#8211; encours de fabrication). <\/li><li>R\u00e9duction de la consommation de courant et de fluide. <\/li><li>Fonction d&rsquo;auto-apprentissage de la consommation nominale (option). <\/li><li>Surveillance suppl\u00e9mentaire de la consommation et alerte (option). <\/li><li>Collecte des donn\u00e9es de consommation et analyse de co\u00fbt (option). <\/li><li>Surveillance de la consommation d&rsquo;\u00e9lectricit\u00e9, d&rsquo;air et de r\u00e9frig\u00e9rant. Gestion de la fonction d&rsquo;\u00e9conomie d&rsquo;\u00e9nergie (Ecosmart, option). <\/li><li>Supervision de l&rsquo;\u00e9nergie d&rsquo;usine pr\u00e9dispos\u00e9e (option).<\/li><\/ul>\n\n<div class=\"wp-block-getwid-images-slider has-arrows-inside has-dots-outside has-images-center has-cropped-images\"><div class=\"wp-block-getwid-images-slider__wrapper\" data-effect=\"slide\" data-slides-show=\"1\" data-slides-show-laptop=\"1\" data-slides-show-tablet=\"1\" data-slides-show-mobile=\"1\" data-slides-scroll=\"1\" data-autoplay=\"true\" data-autoplay-speed=\"6000\" data-infinite=\"true\" data-animation-speed=\"800\" data-center-mode=\"false\" data-variable-width=\"false\" data-arrows=\"inside\" data-dots=\"outside\" data-spacing=\"none\"><div class=\"wp-block-getwid-images-slider__item\"><figure><img decoding=\"async\" width=\"1179\" height=\"401\" src=\"https:\/\/www.comau.com\/wp-content\/uploads\/2021\/06\/SmartCell_1.jpg\" data-id=\"740\" data-link=\"https:\/\/www.comau.com\/competencies\/powertrain-machining\/power-system-products\/smartcellcomau\/smartcell_1\/\" data-original-link=\"https:\/\/www.comau.com\/wp-content\/uploads\/2021\/06\/SmartCell_1.jpg\" class=\"wp-block-getwid-images-slider__image wp-image-9859\" srcset=\"https:\/\/www.comau.com\/wp-content\/uploads\/2021\/06\/SmartCell_1.jpg 1179w, https:\/\/www.comau.com\/wp-content\/uploads\/2021\/06\/SmartCell_1-300x102.jpg 300w, https:\/\/www.comau.com\/wp-content\/uploads\/2021\/06\/SmartCell_1-1024x348.jpg 1024w, https:\/\/www.comau.com\/wp-content\/uploads\/2021\/06\/SmartCell_1-768x261.jpg 768w\" sizes=\"(max-width: 1179px) 100vw, 1179px\" \/><\/figure><\/div><div class=\"wp-block-getwid-images-slider__item\"><figure><img decoding=\"async\" width=\"1179\" height=\"401\" src=\"https:\/\/www.comau.com\/wp-content\/uploads\/2021\/06\/SmartCell_2.jpg\" data-id=\"739\" data-link=\"https:\/\/www.comau.com\/competencies\/powertrain-machining\/power-system-products\/smartcellcomau\/smartcell_2\/\" data-original-link=\"https:\/\/www.comau.com\/wp-content\/uploads\/2021\/06\/SmartCell_2.jpg\" class=\"wp-block-getwid-images-slider__image wp-image-9854\" srcset=\"https:\/\/www.comau.com\/wp-content\/uploads\/2021\/06\/SmartCell_2.jpg 1179w, https:\/\/www.comau.com\/wp-content\/uploads\/2021\/06\/SmartCell_2-300x102.jpg 300w, https:\/\/www.comau.com\/wp-content\/uploads\/2021\/06\/SmartCell_2-1024x348.jpg 1024w, https:\/\/www.comau.com\/wp-content\/uploads\/2021\/06\/SmartCell_2-768x261.jpg 768w\" sizes=\"(max-width: 1179px) 100vw, 1179px\" \/><\/figure><\/div><\/div><\/div>\n\n<h2 class=\"wp-block-heading\">Caract\u00e9ristiques techniques<\/h2>\n\n<figure class=\"wp-block-table is-style-stripes\"><table><tbody><tr><td><strong>Largeur (mm)<\/strong><\/td><td>2.200<\/td><\/tr><tr><td><strong>Longueur (mm)<\/strong><\/td><td>4.800<\/td><\/tr><tr><td><strong>Hauteur (mm)<\/strong><\/td><td>3.100<\/td><\/tr><tr><td><strong>Course des axes<\/strong><\/td><td><\/td><\/tr><tr><td><strong>Axe X (mm)<\/strong><\/td><td>2.110<\/td><\/tr><tr><td><strong>Axe Y (mm)<\/strong><\/td><td>2.000<\/td><\/tr><tr><td><strong>Axe Z (mm)<\/strong><\/td><td>600<\/td><\/tr><tr><td><strong>\u03b1 (Alpha) (degr\u00e9s)<\/strong><\/td><td>225ccw &#8211; 135cw<\/td><\/tr><tr><td><strong>\u03b2 (Beta) (degr\u00e9s)<\/strong><\/td><td>15ccw &#8211; 15cw<\/td><\/tr><\/tbody><\/table><figcaption>Principales dimensions<\/figcaption><\/figure>\n\n<div class=\"wp-block-getwid-toggle download-dropdown has-icon-left\">\n<div class=\"wp-block-getwid-toggle__row\"><div class=\"wp-block-getwid-toggle__header-wrapper\"><span class=\"wp-block-getwid-toggle__header\"><a href=\"#\"><span class=\"wp-block-getwid-toggle__header-title\">Technical sheets<\/span><span class=\"wp-block-getwid-toggle__icon is-active\"><i class=\"fas fa-plus\"><\/i><\/span><span class=\"wp-block-getwid-toggle__icon is-passive\"><i class=\"fas fa-minus\"><\/i><\/span><\/a><\/span><\/div><div class=\"wp-block-getwid-toggle__content-wrapper\"><div class=\"wp-block-getwid-toggle__content\">\n<div class=\"wp-block-getwid-button-group\"><div class=\"wp-block-getwid-button-group__wrapper\">\n<div class=\"wp-block-button\"><a class=\"wp-block-button__link\" href=\"https:\/\/www.comau.com\/wp-content\/uploads\/2021\/06\/EN_brochure_smartcell.pdf\" target=\"_blank\" rel=\"noreferrer noopener\">SmartCell<\/a><\/div>\n<\/div><\/div>\n<\/div><\/div><\/div>\n<\/div>\n","protected":false},"excerpt":{"rendered":"<p>Valeur ajout\u00e9e pour le client Fiabilit\u00e9 : processus parall\u00e8le vs. processus en s\u00e9rie Adaptabilit\u00e9 : alignement de l&rsquo;investissement en capital avec la demande du march\u00e9. R\u00e9outillage rapide : changement d&rsquo;outil facile pour une grande flexibilit\u00e9 de la production. Moins d&rsquo;encombrement au sol : jusqu&rsquo;\u00e0 50 %. Livraison : courte dur\u00e9e gr\u00e2ce \u00e0 une machine standard. [&hellip;]<\/p>\n","protected":false},"author":11,"featured_media":5957,"parent":5946,"menu_order":3,"comment_status":"closed","ping_status":"closed","template":"","meta":{"_acf_changed":false,"ep_exclude_from_search":false,"footnotes":""},"class_list":["post-23177","page","type-page","status-publish","has-post-thumbnail","hentry"],"acf":[],"yoast_head":"<!-- This site is optimized with the Yoast SEO plugin v26.9 - https:\/\/yoast.com\/product\/yoast-seo-wordpress\/ -->\n<title>SmartCellComau - Comau<\/title>\n<meta name=\"robots\" content=\"index, follow, max-snippet:-1, max-image-preview:large, max-video-preview:-1\" \/>\n<link rel=\"canonical\" href=\"https:\/\/www.comau.com\/fr\/competencies\/products-solutions\/powertrain-machining\/power-system-products\/smartcellcomau\/\" \/>\n<meta property=\"og:locale\" content=\"fr_FR\" \/>\n<meta property=\"og:type\" content=\"article\" \/>\n<meta property=\"og:title\" content=\"SmartCellComau - Comau\" \/>\n<meta property=\"og:description\" content=\"Valeur ajout\u00e9e pour le client Fiabilit\u00e9 : processus parall\u00e8le vs. processus en s\u00e9rie Adaptabilit\u00e9 : alignement de l&rsquo;investissement en capital avec la demande du march\u00e9. R\u00e9outillage rapide : changement d&rsquo;outil facile pour une grande flexibilit\u00e9 de la production. Moins d&rsquo;encombrement au sol : jusqu&rsquo;\u00e0 50 %. Livraison : courte dur\u00e9e gr\u00e2ce \u00e0 une machine standard. [&hellip;]\" \/>\n<meta property=\"og:url\" content=\"https:\/\/www.comau.com\/fr\/competencies\/products-solutions\/powertrain-machining\/power-system-products\/smartcellcomau\/\" \/>\n<meta property=\"og:site_name\" content=\"Comau\" \/>\n<meta property=\"article:publisher\" content=\"https:\/\/www.facebook.com\/COMAU\/\" \/>\n<meta property=\"article:modified_time\" content=\"2021-07-20T09:24:43+00:00\" \/>\n<meta property=\"og:image\" content=\"https:\/\/www.comau.com\/wp-content\/uploads\/2021\/06\/smartcellcomau_header.jpg\" \/>\n\t<meta property=\"og:image:width\" content=\"1280\" \/>\n\t<meta property=\"og:image:height\" content=\"485\" \/>\n\t<meta property=\"og:image:type\" content=\"image\/jpeg\" \/>\n<meta name=\"twitter:card\" content=\"summary_large_image\" \/>\n<meta name=\"twitter:site\" content=\"@comaugroup\" \/>\n<meta name=\"twitter:label1\" content=\"Dur\u00e9e de lecture estim\u00e9e\" \/>\n\t<meta name=\"twitter:data1\" content=\"2 minutes\" \/>\n<script type=\"application\/ld+json\" class=\"yoast-schema-graph\">{\"@context\":\"https:\/\/schema.org\",\"@graph\":[{\"@type\":\"WebPage\",\"@id\":\"https:\/\/www.comau.com\/fr\/competencies\/products-solutions\/powertrain-machining\/power-system-products\/smartcellcomau\/\",\"url\":\"https:\/\/www.comau.com\/fr\/competencies\/products-solutions\/powertrain-machining\/power-system-products\/smartcellcomau\/\",\"name\":\"SmartCellComau - Comau\",\"isPartOf\":{\"@id\":\"https:\/\/www.comau.com\/fr\/#website\"},\"primaryImageOfPage\":{\"@id\":\"https:\/\/www.comau.com\/fr\/competencies\/products-solutions\/powertrain-machining\/power-system-products\/smartcellcomau\/#primaryimage\"},\"image\":{\"@id\":\"https:\/\/www.comau.com\/fr\/competencies\/products-solutions\/powertrain-machining\/power-system-products\/smartcellcomau\/#primaryimage\"},\"thumbnailUrl\":\"https:\/\/www.comau.com\/wp-content\/uploads\/2021\/06\/smartcellcomau_header.jpg\",\"datePublished\":\"2021-06-08T10:29:34+00:00\",\"dateModified\":\"2021-07-20T09:24:43+00:00\",\"breadcrumb\":{\"@id\":\"https:\/\/www.comau.com\/fr\/competencies\/products-solutions\/powertrain-machining\/power-system-products\/smartcellcomau\/#breadcrumb\"},\"inLanguage\":\"fr-FR\",\"potentialAction\":[{\"@type\":\"ReadAction\",\"target\":[\"https:\/\/www.comau.com\/fr\/competencies\/products-solutions\/powertrain-machining\/power-system-products\/smartcellcomau\/\"]}]},{\"@type\":\"ImageObject\",\"inLanguage\":\"fr-FR\",\"@id\":\"https:\/\/www.comau.com\/fr\/competencies\/products-solutions\/powertrain-machining\/power-system-products\/smartcellcomau\/#primaryimage\",\"url\":\"https:\/\/www.comau.com\/wp-content\/uploads\/2021\/06\/smartcellcomau_header.jpg\",\"contentUrl\":\"https:\/\/www.comau.com\/wp-content\/uploads\/2021\/06\/smartcellcomau_header.jpg\",\"width\":1280,\"height\":485},{\"@type\":\"BreadcrumbList\",\"@id\":\"https:\/\/www.comau.com\/fr\/competencies\/products-solutions\/powertrain-machining\/power-system-products\/smartcellcomau\/#breadcrumb\",\"itemListElement\":[{\"@type\":\"ListItem\",\"position\":1,\"name\":\"Home\",\"item\":\"https:\/\/www.comau.com\/fr\/\"},{\"@type\":\"ListItem\",\"position\":2,\"name\":\"Nos comp\u00e9tences\",\"item\":\"https:\/\/www.comau.com\/fr\/competencies\/\"},{\"@type\":\"ListItem\",\"position\":3,\"name\":\"Products &amp; Solutions\",\"item\":\"https:\/\/www.comau.com\/fr\/competencies\/products-solutions\/\"},{\"@type\":\"ListItem\",\"position\":4,\"name\":\"Powertrain &amp; Machining\",\"item\":\"https:\/\/www.comau.com\/fr\/competencies\/products-solutions\/powertrain-machining\/\"},{\"@type\":\"ListItem\",\"position\":5,\"name\":\"Syst\u00e8mes d&rsquo;alimentation et produits\",\"item\":\"https:\/\/www.comau.com\/fr\/competencies\/products-solutions\/powertrain-machining\/power-system-products\/\"},{\"@type\":\"ListItem\",\"position\":6,\"name\":\"SmartCellComau\"}]},{\"@type\":\"WebSite\",\"@id\":\"https:\/\/www.comau.com\/fr\/#website\",\"url\":\"https:\/\/www.comau.com\/fr\/\",\"name\":\"Comau\",\"description\":\"Industrial automation and robotics\",\"publisher\":{\"@id\":\"https:\/\/www.comau.com\/fr\/#organization\"},\"potentialAction\":[{\"@type\":\"SearchAction\",\"target\":{\"@type\":\"EntryPoint\",\"urlTemplate\":\"https:\/\/www.comau.com\/fr\/?s={search_term_string}\"},\"query-input\":{\"@type\":\"PropertyValueSpecification\",\"valueRequired\":true,\"valueName\":\"search_term_string\"}}],\"inLanguage\":\"fr-FR\"},{\"@type\":\"Organization\",\"@id\":\"https:\/\/www.comau.com\/fr\/#organization\",\"name\":\"Comau\",\"url\":\"https:\/\/www.comau.com\/fr\/\",\"logo\":{\"@type\":\"ImageObject\",\"inLanguage\":\"fr-FR\",\"@id\":\"https:\/\/www.comau.com\/fr\/#\/schema\/logo\/image\/\",\"url\":\"https:\/\/www.comau.com\/wp-content\/uploads\/2024\/07\/cropped-Logo-COMAU.png\",\"contentUrl\":\"https:\/\/www.comau.com\/wp-content\/uploads\/2024\/07\/cropped-Logo-COMAU.png\",\"width\":434,\"height\":434,\"caption\":\"Comau\"},\"image\":{\"@id\":\"https:\/\/www.comau.com\/fr\/#\/schema\/logo\/image\/\"},\"sameAs\":[\"https:\/\/www.facebook.com\/COMAU\/\",\"https:\/\/x.com\/comaugroup\",\"https:\/\/www.instagram.com\/comaugroup\/\",\"https:\/\/www.linkedin.com\/company\/comau\",\"https:\/\/www.youtube.com\/user\/comau\"]}]}<\/script>\n<!-- \/ Yoast SEO plugin. -->","yoast_head_json":{"title":"SmartCellComau - Comau","robots":{"index":"index","follow":"follow","max-snippet":"max-snippet:-1","max-image-preview":"max-image-preview:large","max-video-preview":"max-video-preview:-1"},"canonical":"https:\/\/www.comau.com\/fr\/competencies\/products-solutions\/powertrain-machining\/power-system-products\/smartcellcomau\/","og_locale":"fr_FR","og_type":"article","og_title":"SmartCellComau - Comau","og_description":"Valeur ajout\u00e9e pour le client Fiabilit\u00e9 : processus parall\u00e8le vs. processus en s\u00e9rie Adaptabilit\u00e9 : alignement de l&rsquo;investissement en capital avec la demande du march\u00e9. R\u00e9outillage rapide : changement d&rsquo;outil facile pour une grande flexibilit\u00e9 de la production. Moins d&rsquo;encombrement au sol : jusqu&rsquo;\u00e0 50 %. Livraison : courte dur\u00e9e gr\u00e2ce \u00e0 une machine standard. [&hellip;]","og_url":"https:\/\/www.comau.com\/fr\/competencies\/products-solutions\/powertrain-machining\/power-system-products\/smartcellcomau\/","og_site_name":"Comau","article_publisher":"https:\/\/www.facebook.com\/COMAU\/","article_modified_time":"2021-07-20T09:24:43+00:00","og_image":[{"width":1280,"height":485,"url":"https:\/\/www.comau.com\/wp-content\/uploads\/2021\/06\/smartcellcomau_header.jpg","type":"image\/jpeg"}],"twitter_card":"summary_large_image","twitter_site":"@comaugroup","twitter_misc":{"Dur\u00e9e de lecture estim\u00e9e":"2 minutes"},"schema":{"@context":"https:\/\/schema.org","@graph":[{"@type":"WebPage","@id":"https:\/\/www.comau.com\/fr\/competencies\/products-solutions\/powertrain-machining\/power-system-products\/smartcellcomau\/","url":"https:\/\/www.comau.com\/fr\/competencies\/products-solutions\/powertrain-machining\/power-system-products\/smartcellcomau\/","name":"SmartCellComau - Comau","isPartOf":{"@id":"https:\/\/www.comau.com\/fr\/#website"},"primaryImageOfPage":{"@id":"https:\/\/www.comau.com\/fr\/competencies\/products-solutions\/powertrain-machining\/power-system-products\/smartcellcomau\/#primaryimage"},"image":{"@id":"https:\/\/www.comau.com\/fr\/competencies\/products-solutions\/powertrain-machining\/power-system-products\/smartcellcomau\/#primaryimage"},"thumbnailUrl":"https:\/\/www.comau.com\/wp-content\/uploads\/2021\/06\/smartcellcomau_header.jpg","datePublished":"2021-06-08T10:29:34+00:00","dateModified":"2021-07-20T09:24:43+00:00","breadcrumb":{"@id":"https:\/\/www.comau.com\/fr\/competencies\/products-solutions\/powertrain-machining\/power-system-products\/smartcellcomau\/#breadcrumb"},"inLanguage":"fr-FR","potentialAction":[{"@type":"ReadAction","target":["https:\/\/www.comau.com\/fr\/competencies\/products-solutions\/powertrain-machining\/power-system-products\/smartcellcomau\/"]}]},{"@type":"ImageObject","inLanguage":"fr-FR","@id":"https:\/\/www.comau.com\/fr\/competencies\/products-solutions\/powertrain-machining\/power-system-products\/smartcellcomau\/#primaryimage","url":"https:\/\/www.comau.com\/wp-content\/uploads\/2021\/06\/smartcellcomau_header.jpg","contentUrl":"https:\/\/www.comau.com\/wp-content\/uploads\/2021\/06\/smartcellcomau_header.jpg","width":1280,"height":485},{"@type":"BreadcrumbList","@id":"https:\/\/www.comau.com\/fr\/competencies\/products-solutions\/powertrain-machining\/power-system-products\/smartcellcomau\/#breadcrumb","itemListElement":[{"@type":"ListItem","position":1,"name":"Home","item":"https:\/\/www.comau.com\/fr\/"},{"@type":"ListItem","position":2,"name":"Nos comp\u00e9tences","item":"https:\/\/www.comau.com\/fr\/competencies\/"},{"@type":"ListItem","position":3,"name":"Products &amp; Solutions","item":"https:\/\/www.comau.com\/fr\/competencies\/products-solutions\/"},{"@type":"ListItem","position":4,"name":"Powertrain &amp; Machining","item":"https:\/\/www.comau.com\/fr\/competencies\/products-solutions\/powertrain-machining\/"},{"@type":"ListItem","position":5,"name":"Syst\u00e8mes d&rsquo;alimentation et produits","item":"https:\/\/www.comau.com\/fr\/competencies\/products-solutions\/powertrain-machining\/power-system-products\/"},{"@type":"ListItem","position":6,"name":"SmartCellComau"}]},{"@type":"WebSite","@id":"https:\/\/www.comau.com\/fr\/#website","url":"https:\/\/www.comau.com\/fr\/","name":"Comau","description":"Industrial automation and robotics","publisher":{"@id":"https:\/\/www.comau.com\/fr\/#organization"},"potentialAction":[{"@type":"SearchAction","target":{"@type":"EntryPoint","urlTemplate":"https:\/\/www.comau.com\/fr\/?s={search_term_string}"},"query-input":{"@type":"PropertyValueSpecification","valueRequired":true,"valueName":"search_term_string"}}],"inLanguage":"fr-FR"},{"@type":"Organization","@id":"https:\/\/www.comau.com\/fr\/#organization","name":"Comau","url":"https:\/\/www.comau.com\/fr\/","logo":{"@type":"ImageObject","inLanguage":"fr-FR","@id":"https:\/\/www.comau.com\/fr\/#\/schema\/logo\/image\/","url":"https:\/\/www.comau.com\/wp-content\/uploads\/2024\/07\/cropped-Logo-COMAU.png","contentUrl":"https:\/\/www.comau.com\/wp-content\/uploads\/2024\/07\/cropped-Logo-COMAU.png","width":434,"height":434,"caption":"Comau"},"image":{"@id":"https:\/\/www.comau.com\/fr\/#\/schema\/logo\/image\/"},"sameAs":["https:\/\/www.facebook.com\/COMAU\/","https:\/\/x.com\/comaugroup","https:\/\/www.instagram.com\/comaugroup\/","https:\/\/www.linkedin.com\/company\/comau","https:\/\/www.youtube.com\/user\/comau"]}]}},"_links":{"self":[{"href":"https:\/\/www.comau.com\/fr\/wp-json\/wp\/v2\/pages\/23177","targetHints":{"allow":["GET"]}}],"collection":[{"href":"https:\/\/www.comau.com\/fr\/wp-json\/wp\/v2\/pages"}],"about":[{"href":"https:\/\/www.comau.com\/fr\/wp-json\/wp\/v2\/types\/page"}],"author":[{"embeddable":true,"href":"https:\/\/www.comau.com\/fr\/wp-json\/wp\/v2\/users\/11"}],"replies":[{"embeddable":true,"href":"https:\/\/www.comau.com\/fr\/wp-json\/wp\/v2\/comments?post=23177"}],"version-history":[{"count":29,"href":"https:\/\/www.comau.com\/fr\/wp-json\/wp\/v2\/pages\/23177\/revisions"}],"predecessor-version":[{"id":26051,"href":"https:\/\/www.comau.com\/fr\/wp-json\/wp\/v2\/pages\/23177\/revisions\/26051"}],"up":[{"embeddable":true,"href":"https:\/\/www.comau.com\/fr\/wp-json\/wp\/v2\/pages\/5946"}],"wp:featuredmedia":[{"embeddable":true,"href":"https:\/\/www.comau.com\/fr\/wp-json\/wp\/v2\/media\/5957"}],"wp:attachment":[{"href":"https:\/\/www.comau.com\/fr\/wp-json\/wp\/v2\/media?parent=23177"}],"curies":[{"name":"wp","href":"https:\/\/api.w.org\/{rel}","templated":true}]}}