{"id":23163,"date":"2021-06-08T12:28:39","date_gmt":"2021-06-08T10:28:39","guid":{"rendered":"https:\/\/www.comau.com\/?page_id=23163"},"modified":"2022-02-07T14:07:52","modified_gmt":"2022-02-07T13:07:52","slug":"internal-combustion-engine-assembly","status":"publish","type":"page","link":"https:\/\/www.comau.com\/fr\/competencies\/products-solutions\/powertrain-machining\/power-system-products\/internal-combustion-engine-assembly\/","title":{"rendered":"Internal Combustion Engine Assembly"},"content":{"rendered":"\n<h2 class=\"wp-block-heading\" id=\"la-puissance-pour-faire-evoluer-la-mobilite\">La puissance pour faire \u00e9voluer la mobilit\u00e9<\/h2>\n\n\n\n<p>Gr\u00e2ce \u00e0 notre portefeuille complet de groupes motopropulseurs et \u00e0 plus de quatre d\u00e9cennies de comp\u00e9tence en mati\u00e8re d\u2019ing\u00e9nierie, Comau est votre fournisseur de solutions E-Driveline pour les syst\u00e8mes de production de moteurs et l\u2019assemblage de transmission. <\/p>\n\n\n\n<p>Nos solutions d\u2019assemblage r\u00e9pondent \u00e0 vos besoins en \u00e9volution et proposent les technologies les plus avanc\u00e9es. Qu\u2019il s\u2019agisse de cellules en s\u00e9rie ou en parall\u00e8le manuelles, semi-automatiques ou enti\u00e8rement automatis\u00e9es, nous offrons une large gamme de choix pour apporter de l\u2019efficacit\u00e9 aux flux de production actuels pour :<\/p>\n\n\n\n<ul class=\"wp-block-list\"><li>Assemblage de culasses<\/li><li>Assemblage de moteurs<\/li><li>Assemblage de transmissions<\/li><li>Assemblage de suspensions <\/li><\/ul>\n\n\n\n<h2 class=\"wp-block-heading\" id=\"fournisseur-de-service-complet\">Fournisseur de service complet<\/h2>\n\n\n\n<p>Chaque client ayant des objectifs d\u2019assemblage, des exigences et des d\u00e9fis diff\u00e9rents, notre portefeuille de solutions E-Driveline pour l\u2019assemblage de culasses, de moteurs et de transmissions inclut de nombreuses options pour maximiser le flux de production.<\/p>\n\n\n\n<div class=\"wp-block-image\"><figure class=\"aligncenter size-large\"><img decoding=\"async\" width=\"768\" height=\"726\" src=\"https:\/\/www.comau.com\/wp-content\/uploads\/2021\/06\/Tab_Internal-combustion.png\" alt=\"\" class=\"wp-image-9834\" srcset=\"https:\/\/www.comau.com\/wp-content\/uploads\/2021\/06\/Tab_Internal-combustion.png 768w, https:\/\/www.comau.com\/wp-content\/uploads\/2021\/06\/Tab_Internal-combustion-300x284.png 300w\" sizes=\"(max-width: 768px) 100vw, 768px\" \/><\/figure><\/div>\n\n\n\n<h2 class=\"wp-block-heading\" id=\"avantages\">Avantages<\/h2>\n\n\n\n<figure class=\"wp-block-image size-large\"><img decoding=\"async\" width=\"784\" height=\"203\" src=\"https:\/\/www.comau.com\/wp-content\/uploads\/2021\/06\/E-ICEbenefits-1.png\" alt=\"\" class=\"wp-image-9844\" srcset=\"https:\/\/www.comau.com\/wp-content\/uploads\/2021\/06\/E-ICEbenefits-1.png 784w, https:\/\/www.comau.com\/wp-content\/uploads\/2021\/06\/E-ICEbenefits-1-300x78.png 300w, https:\/\/www.comau.com\/wp-content\/uploads\/2021\/06\/E-ICEbenefits-1-768x199.png 768w\" sizes=\"(max-width: 784px) 100vw, 784px\" \/><\/figure>\n","protected":false},"excerpt":{"rendered":"<p>La puissance pour faire \u00e9voluer la mobilit\u00e9 Gr\u00e2ce \u00e0 notre portefeuille complet de groupes motopropulseurs et \u00e0 plus de quatre d\u00e9cennies de comp\u00e9tence en mati\u00e8re d\u2019ing\u00e9nierie, Comau est votre fournisseur de solutions E-Driveline pour les syst\u00e8mes de production de moteurs et l\u2019assemblage de transmission. Nos solutions d\u2019assemblage r\u00e9pondent \u00e0 vos besoins en \u00e9volution et proposent [&hellip;]<\/p>\n","protected":false},"author":11,"featured_media":5956,"parent":5946,"menu_order":1,"comment_status":"closed","ping_status":"closed","template":"","meta":{"_acf_changed":false,"ep_exclude_from_search":false,"footnotes":""},"class_list":["post-23163","page","type-page","status-publish","has-post-thumbnail","hentry"],"acf":[],"yoast_head":"<!-- This site is optimized with the Yoast SEO plugin v26.9 - https:\/\/yoast.com\/product\/yoast-seo-wordpress\/ -->\n<title>Production et assemblage des moteurs \u00e9lectriques | Comau<\/title>\n<meta name=\"description\" content=\"Comau propose les meilleures technologies d&#039;assemblage de moteurs \u00e9lectriques, adapt\u00e9es \u00e0 toutes les exigences : en savoir plus...\" \/>\n<meta name=\"robots\" content=\"index, follow, max-snippet:-1, max-image-preview:large, max-video-preview:-1\" \/>\n<link rel=\"canonical\" href=\"https:\/\/www.comau.com\/fr\/competencies\/products-solutions\/powertrain-machining\/power-system-products\/internal-combustion-engine-assembly\/\" \/>\n<meta property=\"og:locale\" content=\"fr_FR\" \/>\n<meta property=\"og:type\" content=\"article\" \/>\n<meta property=\"og:title\" content=\"Production et assemblage des moteurs \u00e9lectriques | Comau\" \/>\n<meta property=\"og:description\" content=\"Comau propose les meilleures technologies d&#039;assemblage de moteurs \u00e9lectriques, adapt\u00e9es \u00e0 toutes les exigences : en savoir plus...\" \/>\n<meta property=\"og:url\" content=\"https:\/\/www.comau.com\/fr\/competencies\/products-solutions\/powertrain-machining\/power-system-products\/internal-combustion-engine-assembly\/\" \/>\n<meta property=\"og:site_name\" content=\"Comau\" \/>\n<meta property=\"article:publisher\" content=\"https:\/\/www.facebook.com\/COMAU\/\" \/>\n<meta property=\"article:modified_time\" content=\"2022-02-07T13:07:52+00:00\" \/>\n<meta property=\"og:image\" content=\"https:\/\/www.comau.com\/wp-content\/uploads\/2021\/06\/emobility_header2.png\" \/>\n\t<meta property=\"og:image:width\" content=\"1280\" \/>\n\t<meta property=\"og:image:height\" content=\"485\" \/>\n\t<meta property=\"og:image:type\" content=\"image\/png\" \/>\n<meta name=\"twitter:card\" content=\"summary_large_image\" \/>\n<meta name=\"twitter:site\" content=\"@comaugroup\" \/>\n<meta name=\"twitter:label1\" content=\"Dur\u00e9e de lecture estim\u00e9e\" \/>\n\t<meta name=\"twitter:data1\" content=\"2 minutes\" \/>\n<script type=\"application\/ld+json\" class=\"yoast-schema-graph\">{\"@context\":\"https:\/\/schema.org\",\"@graph\":[{\"@type\":\"WebPage\",\"@id\":\"https:\/\/www.comau.com\/fr\/competencies\/products-solutions\/powertrain-machining\/power-system-products\/internal-combustion-engine-assembly\/\",\"url\":\"https:\/\/www.comau.com\/fr\/competencies\/products-solutions\/powertrain-machining\/power-system-products\/internal-combustion-engine-assembly\/\",\"name\":\"Production et assemblage des moteurs \u00e9lectriques | Comau\",\"isPartOf\":{\"@id\":\"https:\/\/www.comau.com\/fr\/#website\"},\"primaryImageOfPage\":{\"@id\":\"https:\/\/www.comau.com\/fr\/competencies\/products-solutions\/powertrain-machining\/power-system-products\/internal-combustion-engine-assembly\/#primaryimage\"},\"image\":{\"@id\":\"https:\/\/www.comau.com\/fr\/competencies\/products-solutions\/powertrain-machining\/power-system-products\/internal-combustion-engine-assembly\/#primaryimage\"},\"thumbnailUrl\":\"https:\/\/www.comau.com\/wp-content\/uploads\/2021\/06\/emobility_header2.png\",\"datePublished\":\"2021-06-08T10:28:39+00:00\",\"dateModified\":\"2022-02-07T13:07:52+00:00\",\"description\":\"Comau propose les meilleures technologies d'assemblage de moteurs \u00e9lectriques, adapt\u00e9es \u00e0 toutes les exigences : en savoir plus...\",\"breadcrumb\":{\"@id\":\"https:\/\/www.comau.com\/fr\/competencies\/products-solutions\/powertrain-machining\/power-system-products\/internal-combustion-engine-assembly\/#breadcrumb\"},\"inLanguage\":\"fr-FR\",\"potentialAction\":[{\"@type\":\"ReadAction\",\"target\":[\"https:\/\/www.comau.com\/fr\/competencies\/products-solutions\/powertrain-machining\/power-system-products\/internal-combustion-engine-assembly\/\"]}]},{\"@type\":\"ImageObject\",\"inLanguage\":\"fr-FR\",\"@id\":\"https:\/\/www.comau.com\/fr\/competencies\/products-solutions\/powertrain-machining\/power-system-products\/internal-combustion-engine-assembly\/#primaryimage\",\"url\":\"https:\/\/www.comau.com\/wp-content\/uploads\/2021\/06\/emobility_header2.png\",\"contentUrl\":\"https:\/\/www.comau.com\/wp-content\/uploads\/2021\/06\/emobility_header2.png\",\"width\":1280,\"height\":485},{\"@type\":\"BreadcrumbList\",\"@id\":\"https:\/\/www.comau.com\/fr\/competencies\/products-solutions\/powertrain-machining\/power-system-products\/internal-combustion-engine-assembly\/#breadcrumb\",\"itemListElement\":[{\"@type\":\"ListItem\",\"position\":1,\"name\":\"Home\",\"item\":\"https:\/\/www.comau.com\/fr\/\"},{\"@type\":\"ListItem\",\"position\":2,\"name\":\"Nos comp\u00e9tences\",\"item\":\"https:\/\/www.comau.com\/fr\/competencies\/\"},{\"@type\":\"ListItem\",\"position\":3,\"name\":\"Products &amp; Solutions\",\"item\":\"https:\/\/www.comau.com\/fr\/competencies\/products-solutions\/\"},{\"@type\":\"ListItem\",\"position\":4,\"name\":\"Powertrain &amp; Machining\",\"item\":\"https:\/\/www.comau.com\/fr\/competencies\/products-solutions\/powertrain-machining\/\"},{\"@type\":\"ListItem\",\"position\":5,\"name\":\"Syst\u00e8mes d&rsquo;alimentation et produits\",\"item\":\"https:\/\/www.comau.com\/fr\/competencies\/products-solutions\/powertrain-machining\/power-system-products\/\"},{\"@type\":\"ListItem\",\"position\":6,\"name\":\"Internal Combustion Engine Assembly\"}]},{\"@type\":\"WebSite\",\"@id\":\"https:\/\/www.comau.com\/fr\/#website\",\"url\":\"https:\/\/www.comau.com\/fr\/\",\"name\":\"Comau\",\"description\":\"Industrial automation and robotics\",\"publisher\":{\"@id\":\"https:\/\/www.comau.com\/fr\/#organization\"},\"potentialAction\":[{\"@type\":\"SearchAction\",\"target\":{\"@type\":\"EntryPoint\",\"urlTemplate\":\"https:\/\/www.comau.com\/fr\/?s={search_term_string}\"},\"query-input\":{\"@type\":\"PropertyValueSpecification\",\"valueRequired\":true,\"valueName\":\"search_term_string\"}}],\"inLanguage\":\"fr-FR\"},{\"@type\":\"Organization\",\"@id\":\"https:\/\/www.comau.com\/fr\/#organization\",\"name\":\"Comau\",\"url\":\"https:\/\/www.comau.com\/fr\/\",\"logo\":{\"@type\":\"ImageObject\",\"inLanguage\":\"fr-FR\",\"@id\":\"https:\/\/www.comau.com\/fr\/#\/schema\/logo\/image\/\",\"url\":\"https:\/\/www.comau.com\/wp-content\/uploads\/2024\/07\/cropped-Logo-COMAU.png\",\"contentUrl\":\"https:\/\/www.comau.com\/wp-content\/uploads\/2024\/07\/cropped-Logo-COMAU.png\",\"width\":434,\"height\":434,\"caption\":\"Comau\"},\"image\":{\"@id\":\"https:\/\/www.comau.com\/fr\/#\/schema\/logo\/image\/\"},\"sameAs\":[\"https:\/\/www.facebook.com\/COMAU\/\",\"https:\/\/x.com\/comaugroup\",\"https:\/\/www.instagram.com\/comaugroup\/\",\"https:\/\/www.linkedin.com\/company\/comau\",\"https:\/\/www.youtube.com\/user\/comau\"]}]}<\/script>\n<!-- \/ Yoast SEO plugin. -->","yoast_head_json":{"title":"Production et assemblage des moteurs \u00e9lectriques | Comau","description":"Comau propose les meilleures technologies d'assemblage de moteurs \u00e9lectriques, adapt\u00e9es \u00e0 toutes les exigences : en savoir plus...","robots":{"index":"index","follow":"follow","max-snippet":"max-snippet:-1","max-image-preview":"max-image-preview:large","max-video-preview":"max-video-preview:-1"},"canonical":"https:\/\/www.comau.com\/fr\/competencies\/products-solutions\/powertrain-machining\/power-system-products\/internal-combustion-engine-assembly\/","og_locale":"fr_FR","og_type":"article","og_title":"Production et assemblage des moteurs \u00e9lectriques | Comau","og_description":"Comau propose les meilleures technologies d'assemblage de moteurs \u00e9lectriques, adapt\u00e9es \u00e0 toutes les exigences : en savoir plus...","og_url":"https:\/\/www.comau.com\/fr\/competencies\/products-solutions\/powertrain-machining\/power-system-products\/internal-combustion-engine-assembly\/","og_site_name":"Comau","article_publisher":"https:\/\/www.facebook.com\/COMAU\/","article_modified_time":"2022-02-07T13:07:52+00:00","og_image":[{"width":1280,"height":485,"url":"https:\/\/www.comau.com\/wp-content\/uploads\/2021\/06\/emobility_header2.png","type":"image\/png"}],"twitter_card":"summary_large_image","twitter_site":"@comaugroup","twitter_misc":{"Dur\u00e9e de lecture estim\u00e9e":"2 minutes"},"schema":{"@context":"https:\/\/schema.org","@graph":[{"@type":"WebPage","@id":"https:\/\/www.comau.com\/fr\/competencies\/products-solutions\/powertrain-machining\/power-system-products\/internal-combustion-engine-assembly\/","url":"https:\/\/www.comau.com\/fr\/competencies\/products-solutions\/powertrain-machining\/power-system-products\/internal-combustion-engine-assembly\/","name":"Production et assemblage des moteurs \u00e9lectriques | Comau","isPartOf":{"@id":"https:\/\/www.comau.com\/fr\/#website"},"primaryImageOfPage":{"@id":"https:\/\/www.comau.com\/fr\/competencies\/products-solutions\/powertrain-machining\/power-system-products\/internal-combustion-engine-assembly\/#primaryimage"},"image":{"@id":"https:\/\/www.comau.com\/fr\/competencies\/products-solutions\/powertrain-machining\/power-system-products\/internal-combustion-engine-assembly\/#primaryimage"},"thumbnailUrl":"https:\/\/www.comau.com\/wp-content\/uploads\/2021\/06\/emobility_header2.png","datePublished":"2021-06-08T10:28:39+00:00","dateModified":"2022-02-07T13:07:52+00:00","description":"Comau propose les meilleures technologies d'assemblage de moteurs \u00e9lectriques, adapt\u00e9es \u00e0 toutes les exigences : en savoir plus...","breadcrumb":{"@id":"https:\/\/www.comau.com\/fr\/competencies\/products-solutions\/powertrain-machining\/power-system-products\/internal-combustion-engine-assembly\/#breadcrumb"},"inLanguage":"fr-FR","potentialAction":[{"@type":"ReadAction","target":["https:\/\/www.comau.com\/fr\/competencies\/products-solutions\/powertrain-machining\/power-system-products\/internal-combustion-engine-assembly\/"]}]},{"@type":"ImageObject","inLanguage":"fr-FR","@id":"https:\/\/www.comau.com\/fr\/competencies\/products-solutions\/powertrain-machining\/power-system-products\/internal-combustion-engine-assembly\/#primaryimage","url":"https:\/\/www.comau.com\/wp-content\/uploads\/2021\/06\/emobility_header2.png","contentUrl":"https:\/\/www.comau.com\/wp-content\/uploads\/2021\/06\/emobility_header2.png","width":1280,"height":485},{"@type":"BreadcrumbList","@id":"https:\/\/www.comau.com\/fr\/competencies\/products-solutions\/powertrain-machining\/power-system-products\/internal-combustion-engine-assembly\/#breadcrumb","itemListElement":[{"@type":"ListItem","position":1,"name":"Home","item":"https:\/\/www.comau.com\/fr\/"},{"@type":"ListItem","position":2,"name":"Nos comp\u00e9tences","item":"https:\/\/www.comau.com\/fr\/competencies\/"},{"@type":"ListItem","position":3,"name":"Products &amp; Solutions","item":"https:\/\/www.comau.com\/fr\/competencies\/products-solutions\/"},{"@type":"ListItem","position":4,"name":"Powertrain &amp; Machining","item":"https:\/\/www.comau.com\/fr\/competencies\/products-solutions\/powertrain-machining\/"},{"@type":"ListItem","position":5,"name":"Syst\u00e8mes d&rsquo;alimentation et produits","item":"https:\/\/www.comau.com\/fr\/competencies\/products-solutions\/powertrain-machining\/power-system-products\/"},{"@type":"ListItem","position":6,"name":"Internal Combustion Engine Assembly"}]},{"@type":"WebSite","@id":"https:\/\/www.comau.com\/fr\/#website","url":"https:\/\/www.comau.com\/fr\/","name":"Comau","description":"Industrial automation and robotics","publisher":{"@id":"https:\/\/www.comau.com\/fr\/#organization"},"potentialAction":[{"@type":"SearchAction","target":{"@type":"EntryPoint","urlTemplate":"https:\/\/www.comau.com\/fr\/?s={search_term_string}"},"query-input":{"@type":"PropertyValueSpecification","valueRequired":true,"valueName":"search_term_string"}}],"inLanguage":"fr-FR"},{"@type":"Organization","@id":"https:\/\/www.comau.com\/fr\/#organization","name":"Comau","url":"https:\/\/www.comau.com\/fr\/","logo":{"@type":"ImageObject","inLanguage":"fr-FR","@id":"https:\/\/www.comau.com\/fr\/#\/schema\/logo\/image\/","url":"https:\/\/www.comau.com\/wp-content\/uploads\/2024\/07\/cropped-Logo-COMAU.png","contentUrl":"https:\/\/www.comau.com\/wp-content\/uploads\/2024\/07\/cropped-Logo-COMAU.png","width":434,"height":434,"caption":"Comau"},"image":{"@id":"https:\/\/www.comau.com\/fr\/#\/schema\/logo\/image\/"},"sameAs":["https:\/\/www.facebook.com\/COMAU\/","https:\/\/x.com\/comaugroup","https:\/\/www.instagram.com\/comaugroup\/","https:\/\/www.linkedin.com\/company\/comau","https:\/\/www.youtube.com\/user\/comau"]}]}},"_links":{"self":[{"href":"https:\/\/www.comau.com\/fr\/wp-json\/wp\/v2\/pages\/23163","targetHints":{"allow":["GET"]}}],"collection":[{"href":"https:\/\/www.comau.com\/fr\/wp-json\/wp\/v2\/pages"}],"about":[{"href":"https:\/\/www.comau.com\/fr\/wp-json\/wp\/v2\/types\/page"}],"author":[{"embeddable":true,"href":"https:\/\/www.comau.com\/fr\/wp-json\/wp\/v2\/users\/11"}],"replies":[{"embeddable":true,"href":"https:\/\/www.comau.com\/fr\/wp-json\/wp\/v2\/comments?post=23163"}],"version-history":[{"count":13,"href":"https:\/\/www.comau.com\/fr\/wp-json\/wp\/v2\/pages\/23163\/revisions"}],"predecessor-version":[{"id":42024,"href":"https:\/\/www.comau.com\/fr\/wp-json\/wp\/v2\/pages\/23163\/revisions\/42024"}],"up":[{"embeddable":true,"href":"https:\/\/www.comau.com\/fr\/wp-json\/wp\/v2\/pages\/5946"}],"wp:featuredmedia":[{"embeddable":true,"href":"https:\/\/www.comau.com\/fr\/wp-json\/wp\/v2\/media\/5956"}],"wp:attachment":[{"href":"https:\/\/www.comau.com\/fr\/wp-json\/wp\/v2\/media?parent=23163"}],"curies":[{"name":"wp","href":"https:\/\/api.w.org\/{rel}","templated":true}]}}