{"id":23124,"date":"2021-06-08T11:33:41","date_gmt":"2021-06-08T09:33:41","guid":{"rendered":"https:\/\/www.comau.com\/?page_id=23124"},"modified":"2021-07-20T11:13:41","modified_gmt":"2021-07-20T09:13:41","slug":"smartspraycomau","status":"publish","type":"page","link":"https:\/\/www.comau.com\/fr\/competencies\/products-solutions\/machining-system-products\/smartspraycomau\/","title":{"rendered":"SmartSprayComau"},"content":{"rendered":"\n<p>Syst\u00e8me innovant con\u00e7u sp\u00e9cialement pour le secteur automobile, SmartSprayComau utilise la technologie PTWA (Plasma Transferred Wire Arc &#8211; Plasma \u00e0 arc \u00e9lectrique transf\u00e9r\u00e9) pour rev\u00eatir les al\u00e9sages des cylindres en cr\u00e9ant une fine couche de mat\u00e9riau dur par projection de particules de m\u00e9tal fondu \u00e0 une vitesse extr\u00eamement \u00e9lev\u00e9e.<\/p>\n\n<figure class=\"wp-block-embed is-type-video is-provider-youtube wp-block-embed-youtube wp-embed-aspect-16-9 wp-has-aspect-ratio\"><div class=\"wp-block-embed__wrapper\">\n<iframe title=\"Comau | PTWA\" width=\"640\" height=\"360\" src=\"https:\/\/www.youtube.com\/embed\/5CW1oGku910?feature=oembed\" frameborder=\"0\" allow=\"accelerometer; autoplay; clipboard-write; encrypted-media; gyroscope; picture-in-picture; web-share\" referrerpolicy=\"strict-origin-when-cross-origin\" allowfullscreen><\/iframe>\n<\/div><\/figure>\n\n<h2 class=\"wp-block-heading\">Valeur ajout\u00e9e de Comau<\/h2>\n\n<ul class=\"wp-block-list\"><li>Exp\u00e9rience: des d\u00e9cennies d&rsquo;expertise dans la machinerie des carrosseries et des groupes motopropulseurs, alli\u00e9es \u00e0 une position de leader dans le domaine de la projection thermique.<\/li><li>Polyvalence : un vaste \u00e9ventail de configurations modulaires qui permettent des installations \u00e0 faible ou \u00e0 fort volume<\/li><li>Bloc d&rsquo;aluminium monolithique<\/li><li>R\u00e9duction des co\u00fbts et du poids<\/li><li>Pack moteur en aluminium r\u00e9duit<\/li><li>Flexibilit\u00e9 des produits et de la production<\/li><li>Meilleure thermodynamique<\/li><\/ul>\n\n<h2 class=\"wp-block-heading\">Avantages en mati\u00e8re d&rsquo;\u00e9cologie<\/h2>\n\n<ul class=\"wp-block-list\"><li>R\u00e9duction des NVH, des cognements et des frottements<\/li><li>Aucun vide, faible capacit\u00e9 thermique (Q)<\/li><li>R\u00e9duction des frottements jusqu&rsquo;\u00e0 55 %<\/li><li>Jusqu&rsquo;\u00e0 3 fois plus durable que les rev\u00eatements en fonte<\/li><li>Outil Start\/Stop<\/li><li>\u00c9missions plus efficientes<\/li><li>\u00c9conomie de carburant jusqu&rsquo;\u00e0 3 % plus importante<\/li><\/ul>\n\n<h2 class=\"wp-block-heading\">SmartSprayComau LS100<\/h2>\n\n<figure class=\"wp-block-table is-style-stripes\"><table><tbody><tr><td><strong>Robot simple<\/strong><\/td><td>Alimentation \u00e9lectrique 135 Amp simple<\/td><\/tr><tr><td><strong>Torche simple<\/strong><\/td><td>Table de charge A\/B avec deux appareils simples<\/td><\/tr><tr><td><strong>Air comprim\u00e9<\/strong><\/td><td>1 200 l\/min \u2013 ISO Classe 2 \u00e0 8,4 bars<\/td><\/tr><tr><td><strong>Argon<\/strong><\/td><td>80 l\/min \u00e0 8,4 bars<\/td><\/tr><tr><td><strong>Hydrog\u00e8ne<\/strong><\/td><td>15 l\/min \u00e0 8,4 bars<\/td><\/tr><tr><td><strong>Collecte de la poussi\u00e8re<\/strong><\/td><td>70 nm3\/min<\/td><\/tr><\/tbody><\/table><figcaption>Configuration de base LS 100<\/figcaption><\/figure>\n\n<h2 class=\"wp-block-heading\">SmartSprayComau LS200<\/h2>\n\n<figure class=\"wp-block-table is-style-stripes\"><table><tbody><tr><td><strong>Robot double<\/strong><\/td><td>Alimentation \u00e9lectrique 100 Amp double<\/td><\/tr><tr><td><strong>Torches doubles<\/strong><\/td><td>Table de charge A\/B avec deux appareils doubles<\/td><\/tr><tr><td><strong>Air comprim\u00e9<\/strong><\/td><td>2 400 l\/min \u2013 ISO Classe 2 \u00e0 8,4 bars<\/td><\/tr><tr><td><strong>Argon<\/strong><\/td><td>160 l\/min \u00e0 8,4 bars<\/td><\/tr><tr><td><strong>Hydrog\u00e8ne<\/strong><\/td><td>30 l\/min \u00e0 8,4 bars<\/td><\/tr><tr><td><strong>Collecte de la poussi\u00e8re<\/strong><\/td><td>120 nm3\/min<\/td><\/tr><\/tbody><\/table><figcaption>Configuration de base LS 200<\/figcaption><\/figure>\n","protected":false},"excerpt":{"rendered":"<p>Syst\u00e8me innovant con\u00e7u sp\u00e9cialement pour le secteur automobile, SmartSprayComau utilise la technologie PTWA (Plasma Transferred Wire Arc &#8211; Plasma \u00e0 arc \u00e9lectrique transf\u00e9r\u00e9) pour rev\u00eatir les al\u00e9sages des cylindres en cr\u00e9ant une fine couche de mat\u00e9riau dur par projection de particules de m\u00e9tal fondu \u00e0 une vitesse extr\u00eamement \u00e9lev\u00e9e. Valeur ajout\u00e9e de Comau Exp\u00e9rience: des [&hellip;]<\/p>\n","protected":false},"author":11,"featured_media":5880,"parent":5835,"menu_order":10,"comment_status":"closed","ping_status":"closed","template":"","meta":{"_acf_changed":false,"ep_exclude_from_search":false,"footnotes":""},"class_list":["post-23124","page","type-page","status-publish","has-post-thumbnail","hentry"],"acf":[],"yoast_head":"<!-- This site is optimized with the Yoast SEO plugin v26.9 - https:\/\/yoast.com\/product\/yoast-seo-wordpress\/ -->\n<title>SmartSprayComau - Comau<\/title>\n<meta name=\"robots\" content=\"index, follow, max-snippet:-1, max-image-preview:large, max-video-preview:-1\" \/>\n<link rel=\"canonical\" href=\"https:\/\/www.comau.com\/fr\/competencies\/products-solutions\/machining-system-products\/smartspraycomau\/\" \/>\n<meta property=\"og:locale\" content=\"fr_FR\" \/>\n<meta property=\"og:type\" content=\"article\" \/>\n<meta property=\"og:title\" content=\"SmartSprayComau - Comau\" \/>\n<meta property=\"og:description\" content=\"Syst\u00e8me innovant con\u00e7u sp\u00e9cialement pour le secteur automobile, SmartSprayComau utilise la technologie PTWA (Plasma Transferred Wire Arc &#8211; Plasma \u00e0 arc \u00e9lectrique transf\u00e9r\u00e9) pour rev\u00eatir les al\u00e9sages des cylindres en cr\u00e9ant une fine couche de mat\u00e9riau dur par projection de particules de m\u00e9tal fondu \u00e0 une vitesse extr\u00eamement \u00e9lev\u00e9e. Valeur ajout\u00e9e de Comau Exp\u00e9rience: des [&hellip;]\" \/>\n<meta property=\"og:url\" content=\"https:\/\/www.comau.com\/fr\/competencies\/products-solutions\/machining-system-products\/smartspraycomau\/\" \/>\n<meta property=\"og:site_name\" content=\"Comau\" \/>\n<meta property=\"article:publisher\" content=\"https:\/\/www.facebook.com\/COMAU\/\" \/>\n<meta property=\"article:modified_time\" content=\"2021-07-20T09:13:41+00:00\" \/>\n<meta property=\"og:image\" content=\"https:\/\/www.comau.com\/wp-content\/uploads\/2021\/06\/SmartSprayComau_header_new.jpg\" \/>\n\t<meta property=\"og:image:width\" content=\"1280\" \/>\n\t<meta property=\"og:image:height\" content=\"485\" \/>\n\t<meta property=\"og:image:type\" content=\"image\/jpeg\" \/>\n<meta name=\"twitter:card\" content=\"summary_large_image\" \/>\n<meta name=\"twitter:site\" content=\"@comaugroup\" \/>\n<meta name=\"twitter:label1\" content=\"Dur\u00e9e de lecture estim\u00e9e\" \/>\n\t<meta name=\"twitter:data1\" content=\"2 minutes\" \/>\n<script type=\"application\/ld+json\" class=\"yoast-schema-graph\">{\"@context\":\"https:\/\/schema.org\",\"@graph\":[{\"@type\":\"WebPage\",\"@id\":\"https:\/\/www.comau.com\/fr\/competencies\/products-solutions\/machining-system-products\/smartspraycomau\/\",\"url\":\"https:\/\/www.comau.com\/fr\/competencies\/products-solutions\/machining-system-products\/smartspraycomau\/\",\"name\":\"SmartSprayComau - Comau\",\"isPartOf\":{\"@id\":\"https:\/\/www.comau.com\/fr\/#website\"},\"primaryImageOfPage\":{\"@id\":\"https:\/\/www.comau.com\/fr\/competencies\/products-solutions\/machining-system-products\/smartspraycomau\/#primaryimage\"},\"image\":{\"@id\":\"https:\/\/www.comau.com\/fr\/competencies\/products-solutions\/machining-system-products\/smartspraycomau\/#primaryimage\"},\"thumbnailUrl\":\"https:\/\/www.comau.com\/wp-content\/uploads\/2021\/06\/SmartSprayComau_header_new.jpg\",\"datePublished\":\"2021-06-08T09:33:41+00:00\",\"dateModified\":\"2021-07-20T09:13:41+00:00\",\"breadcrumb\":{\"@id\":\"https:\/\/www.comau.com\/fr\/competencies\/products-solutions\/machining-system-products\/smartspraycomau\/#breadcrumb\"},\"inLanguage\":\"fr-FR\",\"potentialAction\":[{\"@type\":\"ReadAction\",\"target\":[\"https:\/\/www.comau.com\/fr\/competencies\/products-solutions\/machining-system-products\/smartspraycomau\/\"]}]},{\"@type\":\"ImageObject\",\"inLanguage\":\"fr-FR\",\"@id\":\"https:\/\/www.comau.com\/fr\/competencies\/products-solutions\/machining-system-products\/smartspraycomau\/#primaryimage\",\"url\":\"https:\/\/www.comau.com\/wp-content\/uploads\/2021\/06\/SmartSprayComau_header_new.jpg\",\"contentUrl\":\"https:\/\/www.comau.com\/wp-content\/uploads\/2021\/06\/SmartSprayComau_header_new.jpg\",\"width\":1280,\"height\":485},{\"@type\":\"BreadcrumbList\",\"@id\":\"https:\/\/www.comau.com\/fr\/competencies\/products-solutions\/machining-system-products\/smartspraycomau\/#breadcrumb\",\"itemListElement\":[{\"@type\":\"ListItem\",\"position\":1,\"name\":\"Home\",\"item\":\"https:\/\/www.comau.com\/fr\/\"},{\"@type\":\"ListItem\",\"position\":2,\"name\":\"Nos comp\u00e9tences\",\"item\":\"https:\/\/www.comau.com\/fr\/competencies\/\"},{\"@type\":\"ListItem\",\"position\":3,\"name\":\"Products &amp; Solutions\",\"item\":\"https:\/\/www.comau.com\/fr\/competencies\/products-solutions\/\"},{\"@type\":\"ListItem\",\"position\":4,\"name\":\"Machining System &amp; Products\",\"item\":\"https:\/\/www.comau.com\/fr\/competencies\/products-solutions\/machining-system-products\/\"},{\"@type\":\"ListItem\",\"position\":5,\"name\":\"SmartSprayComau\"}]},{\"@type\":\"WebSite\",\"@id\":\"https:\/\/www.comau.com\/fr\/#website\",\"url\":\"https:\/\/www.comau.com\/fr\/\",\"name\":\"Comau\",\"description\":\"Industrial automation and robotics\",\"publisher\":{\"@id\":\"https:\/\/www.comau.com\/fr\/#organization\"},\"potentialAction\":[{\"@type\":\"SearchAction\",\"target\":{\"@type\":\"EntryPoint\",\"urlTemplate\":\"https:\/\/www.comau.com\/fr\/?s={search_term_string}\"},\"query-input\":{\"@type\":\"PropertyValueSpecification\",\"valueRequired\":true,\"valueName\":\"search_term_string\"}}],\"inLanguage\":\"fr-FR\"},{\"@type\":\"Organization\",\"@id\":\"https:\/\/www.comau.com\/fr\/#organization\",\"name\":\"Comau\",\"url\":\"https:\/\/www.comau.com\/fr\/\",\"logo\":{\"@type\":\"ImageObject\",\"inLanguage\":\"fr-FR\",\"@id\":\"https:\/\/www.comau.com\/fr\/#\/schema\/logo\/image\/\",\"url\":\"https:\/\/www.comau.com\/wp-content\/uploads\/2024\/07\/cropped-Logo-COMAU.png\",\"contentUrl\":\"https:\/\/www.comau.com\/wp-content\/uploads\/2024\/07\/cropped-Logo-COMAU.png\",\"width\":434,\"height\":434,\"caption\":\"Comau\"},\"image\":{\"@id\":\"https:\/\/www.comau.com\/fr\/#\/schema\/logo\/image\/\"},\"sameAs\":[\"https:\/\/www.facebook.com\/COMAU\/\",\"https:\/\/x.com\/comaugroup\",\"https:\/\/www.instagram.com\/comaugroup\/\",\"https:\/\/www.linkedin.com\/company\/comau\",\"https:\/\/www.youtube.com\/user\/comau\"]}]}<\/script>\n<!-- \/ Yoast SEO plugin. -->","yoast_head_json":{"title":"SmartSprayComau - Comau","robots":{"index":"index","follow":"follow","max-snippet":"max-snippet:-1","max-image-preview":"max-image-preview:large","max-video-preview":"max-video-preview:-1"},"canonical":"https:\/\/www.comau.com\/fr\/competencies\/products-solutions\/machining-system-products\/smartspraycomau\/","og_locale":"fr_FR","og_type":"article","og_title":"SmartSprayComau - Comau","og_description":"Syst\u00e8me innovant con\u00e7u sp\u00e9cialement pour le secteur automobile, SmartSprayComau utilise la technologie PTWA (Plasma Transferred Wire Arc &#8211; Plasma \u00e0 arc \u00e9lectrique transf\u00e9r\u00e9) pour rev\u00eatir les al\u00e9sages des cylindres en cr\u00e9ant une fine couche de mat\u00e9riau dur par projection de particules de m\u00e9tal fondu \u00e0 une vitesse extr\u00eamement \u00e9lev\u00e9e. Valeur ajout\u00e9e de Comau Exp\u00e9rience: des [&hellip;]","og_url":"https:\/\/www.comau.com\/fr\/competencies\/products-solutions\/machining-system-products\/smartspraycomau\/","og_site_name":"Comau","article_publisher":"https:\/\/www.facebook.com\/COMAU\/","article_modified_time":"2021-07-20T09:13:41+00:00","og_image":[{"width":1280,"height":485,"url":"https:\/\/www.comau.com\/wp-content\/uploads\/2021\/06\/SmartSprayComau_header_new.jpg","type":"image\/jpeg"}],"twitter_card":"summary_large_image","twitter_site":"@comaugroup","twitter_misc":{"Dur\u00e9e de lecture estim\u00e9e":"2 minutes"},"schema":{"@context":"https:\/\/schema.org","@graph":[{"@type":"WebPage","@id":"https:\/\/www.comau.com\/fr\/competencies\/products-solutions\/machining-system-products\/smartspraycomau\/","url":"https:\/\/www.comau.com\/fr\/competencies\/products-solutions\/machining-system-products\/smartspraycomau\/","name":"SmartSprayComau - Comau","isPartOf":{"@id":"https:\/\/www.comau.com\/fr\/#website"},"primaryImageOfPage":{"@id":"https:\/\/www.comau.com\/fr\/competencies\/products-solutions\/machining-system-products\/smartspraycomau\/#primaryimage"},"image":{"@id":"https:\/\/www.comau.com\/fr\/competencies\/products-solutions\/machining-system-products\/smartspraycomau\/#primaryimage"},"thumbnailUrl":"https:\/\/www.comau.com\/wp-content\/uploads\/2021\/06\/SmartSprayComau_header_new.jpg","datePublished":"2021-06-08T09:33:41+00:00","dateModified":"2021-07-20T09:13:41+00:00","breadcrumb":{"@id":"https:\/\/www.comau.com\/fr\/competencies\/products-solutions\/machining-system-products\/smartspraycomau\/#breadcrumb"},"inLanguage":"fr-FR","potentialAction":[{"@type":"ReadAction","target":["https:\/\/www.comau.com\/fr\/competencies\/products-solutions\/machining-system-products\/smartspraycomau\/"]}]},{"@type":"ImageObject","inLanguage":"fr-FR","@id":"https:\/\/www.comau.com\/fr\/competencies\/products-solutions\/machining-system-products\/smartspraycomau\/#primaryimage","url":"https:\/\/www.comau.com\/wp-content\/uploads\/2021\/06\/SmartSprayComau_header_new.jpg","contentUrl":"https:\/\/www.comau.com\/wp-content\/uploads\/2021\/06\/SmartSprayComau_header_new.jpg","width":1280,"height":485},{"@type":"BreadcrumbList","@id":"https:\/\/www.comau.com\/fr\/competencies\/products-solutions\/machining-system-products\/smartspraycomau\/#breadcrumb","itemListElement":[{"@type":"ListItem","position":1,"name":"Home","item":"https:\/\/www.comau.com\/fr\/"},{"@type":"ListItem","position":2,"name":"Nos comp\u00e9tences","item":"https:\/\/www.comau.com\/fr\/competencies\/"},{"@type":"ListItem","position":3,"name":"Products &amp; Solutions","item":"https:\/\/www.comau.com\/fr\/competencies\/products-solutions\/"},{"@type":"ListItem","position":4,"name":"Machining System &amp; Products","item":"https:\/\/www.comau.com\/fr\/competencies\/products-solutions\/machining-system-products\/"},{"@type":"ListItem","position":5,"name":"SmartSprayComau"}]},{"@type":"WebSite","@id":"https:\/\/www.comau.com\/fr\/#website","url":"https:\/\/www.comau.com\/fr\/","name":"Comau","description":"Industrial automation and robotics","publisher":{"@id":"https:\/\/www.comau.com\/fr\/#organization"},"potentialAction":[{"@type":"SearchAction","target":{"@type":"EntryPoint","urlTemplate":"https:\/\/www.comau.com\/fr\/?s={search_term_string}"},"query-input":{"@type":"PropertyValueSpecification","valueRequired":true,"valueName":"search_term_string"}}],"inLanguage":"fr-FR"},{"@type":"Organization","@id":"https:\/\/www.comau.com\/fr\/#organization","name":"Comau","url":"https:\/\/www.comau.com\/fr\/","logo":{"@type":"ImageObject","inLanguage":"fr-FR","@id":"https:\/\/www.comau.com\/fr\/#\/schema\/logo\/image\/","url":"https:\/\/www.comau.com\/wp-content\/uploads\/2024\/07\/cropped-Logo-COMAU.png","contentUrl":"https:\/\/www.comau.com\/wp-content\/uploads\/2024\/07\/cropped-Logo-COMAU.png","width":434,"height":434,"caption":"Comau"},"image":{"@id":"https:\/\/www.comau.com\/fr\/#\/schema\/logo\/image\/"},"sameAs":["https:\/\/www.facebook.com\/COMAU\/","https:\/\/x.com\/comaugroup","https:\/\/www.instagram.com\/comaugroup\/","https:\/\/www.linkedin.com\/company\/comau","https:\/\/www.youtube.com\/user\/comau"]}]}},"_links":{"self":[{"href":"https:\/\/www.comau.com\/fr\/wp-json\/wp\/v2\/pages\/23124","targetHints":{"allow":["GET"]}}],"collection":[{"href":"https:\/\/www.comau.com\/fr\/wp-json\/wp\/v2\/pages"}],"about":[{"href":"https:\/\/www.comau.com\/fr\/wp-json\/wp\/v2\/types\/page"}],"author":[{"embeddable":true,"href":"https:\/\/www.comau.com\/fr\/wp-json\/wp\/v2\/users\/11"}],"replies":[{"embeddable":true,"href":"https:\/\/www.comau.com\/fr\/wp-json\/wp\/v2\/comments?post=23124"}],"version-history":[{"count":39,"href":"https:\/\/www.comau.com\/fr\/wp-json\/wp\/v2\/pages\/23124\/revisions"}],"predecessor-version":[{"id":26718,"href":"https:\/\/www.comau.com\/fr\/wp-json\/wp\/v2\/pages\/23124\/revisions\/26718"}],"up":[{"embeddable":true,"href":"https:\/\/www.comau.com\/fr\/wp-json\/wp\/v2\/pages\/5835"}],"wp:featuredmedia":[{"embeddable":true,"href":"https:\/\/www.comau.com\/fr\/wp-json\/wp\/v2\/media\/5880"}],"wp:attachment":[{"href":"https:\/\/www.comau.com\/fr\/wp-json\/wp\/v2\/media?parent=23124"}],"curies":[{"name":"wp","href":"https:\/\/api.w.org\/{rel}","templated":true}]}}