{"id":23119,"date":"2021-06-08T11:33:28","date_gmt":"2021-06-08T09:33:28","guid":{"rendered":"https:\/\/www.comau.com\/?page_id=23119"},"modified":"2021-07-18T18:13:31","modified_gmt":"2021-07-18T16:13:31","slug":"smartrevcomau-60b","status":"publish","type":"page","link":"https:\/\/www.comau.com\/fr\/competencies\/products-solutions\/machining-system-products\/smartrevcomau-60b\/","title":{"rendered":"SmartRevComau 60B"},"content":{"rendered":"\n<h2 class=\"wp-block-heading\">Valeur ajout\u00e9e pour le client<\/h2>\n\n<ul class=\"wp-block-list\"><li>\u200bFlexibilit\u00e9 : r\u00e9alisation de plusieurs types ou longueurs de vilebrequin et solution de changement automatique<\/li><li>Polyvalence : chargement manuel ou automatique des pi\u00e8ces<\/li><li>\u00c9quilibrage : parfait du premier coup<\/li><li>Gestion des modes d\u2019\u00e9conomie d\u2019\u00e9nergie<\/li><li>Encombrement faible<\/li><\/ul>\n\n<figure class=\"wp-block-image size-large\"><img decoding=\"async\" width=\"1024\" height=\"388\" src=\"https:\/\/www.comau.com\/wp-content\/uploads\/2021\/06\/SmartRev-60B_header-1024x388.jpg\" alt=\"\" class=\"wp-image-5878\" srcset=\"https:\/\/www.comau.com\/wp-content\/uploads\/2021\/06\/SmartRev-60B_header-1024x388.jpg 1024w, https:\/\/www.comau.com\/wp-content\/uploads\/2021\/06\/SmartRev-60B_header-300x114.jpg 300w, https:\/\/www.comau.com\/wp-content\/uploads\/2021\/06\/SmartRev-60B_header-768x291.jpg 768w, https:\/\/www.comau.com\/wp-content\/uploads\/2021\/06\/SmartRev-60B_header.jpg 1280w\" sizes=\"(max-width: 1024px) 100vw, 1024px\" \/><\/figure>\n\n<h2 class=\"wp-block-heading\">Caract\u00e9ristiques techniques<\/h2>\n\n<figure class=\"wp-block-table is-style-stripes\"><table><tbody><tr><td><strong>Diff\u00e9rente configuration du moteur : <\/strong><\/td><td>L2-L3-L4-L5 V6-V8<\/td><\/tr><tr><td><strong>Longueur (mm)<\/strong><\/td><td>250 to 600<\/td><\/tr><tr><td><strong>Poids maximum (kg) :<\/strong><\/td><td>30<\/td><\/tr><tr><td><strong>Diam. max. contrepoids (mm) :<\/strong><\/td><td>200<\/td><\/tr><\/tbody><\/table><\/figure>\n","protected":false},"excerpt":{"rendered":"<p>Valeur ajout\u00e9e pour le client \u200bFlexibilit\u00e9 : r\u00e9alisation de plusieurs types ou longueurs de vilebrequin et solution de changement automatique Polyvalence : chargement manuel ou automatique des pi\u00e8ces \u00c9quilibrage : parfait du premier coup Gestion des modes d\u2019\u00e9conomie d\u2019\u00e9nergie Encombrement faible Caract\u00e9ristiques techniques Diff\u00e9rente configuration du moteur : L2-L3-L4-L5 V6-V8 Longueur (mm) 250 to 600 [&hellip;]<\/p>\n","protected":false},"author":11,"featured_media":5878,"parent":5835,"menu_order":9,"comment_status":"closed","ping_status":"closed","template":"","meta":{"_acf_changed":false,"ep_exclude_from_search":false,"footnotes":""},"class_list":["post-23119","page","type-page","status-publish","has-post-thumbnail","hentry"],"acf":[],"yoast_head":"<!-- This site is optimized with the Yoast SEO plugin v26.9 - https:\/\/yoast.com\/product\/yoast-seo-wordpress\/ -->\n<title>SmartRevComau 60B - Comau<\/title>\n<meta name=\"robots\" content=\"index, follow, max-snippet:-1, max-image-preview:large, max-video-preview:-1\" \/>\n<link rel=\"canonical\" href=\"https:\/\/www.comau.com\/fr\/competencies\/products-solutions\/machining-system-products\/smartrevcomau-60b\/\" \/>\n<meta property=\"og:locale\" content=\"fr_FR\" \/>\n<meta property=\"og:type\" content=\"article\" \/>\n<meta property=\"og:title\" content=\"SmartRevComau 60B - Comau\" \/>\n<meta property=\"og:description\" content=\"Valeur ajout\u00e9e pour le client \u200bFlexibilit\u00e9 : r\u00e9alisation de plusieurs types ou longueurs de vilebrequin et solution de changement automatique Polyvalence : chargement manuel ou automatique des pi\u00e8ces \u00c9quilibrage : parfait du premier coup Gestion des modes d\u2019\u00e9conomie d\u2019\u00e9nergie Encombrement faible Caract\u00e9ristiques techniques Diff\u00e9rente configuration du moteur : L2-L3-L4-L5 V6-V8 Longueur (mm) 250 to 600 [&hellip;]\" \/>\n<meta property=\"og:url\" content=\"https:\/\/www.comau.com\/fr\/competencies\/products-solutions\/machining-system-products\/smartrevcomau-60b\/\" \/>\n<meta property=\"og:site_name\" content=\"Comau\" \/>\n<meta property=\"article:publisher\" content=\"https:\/\/www.facebook.com\/COMAU\/\" \/>\n<meta property=\"article:modified_time\" content=\"2021-07-18T16:13:31+00:00\" \/>\n<meta property=\"og:image\" content=\"https:\/\/www.comau.com\/wp-content\/uploads\/2021\/06\/SmartRev-60B_header.jpg\" \/>\n\t<meta property=\"og:image:width\" content=\"1280\" \/>\n\t<meta property=\"og:image:height\" content=\"485\" \/>\n\t<meta property=\"og:image:type\" content=\"image\/jpeg\" \/>\n<meta name=\"twitter:card\" content=\"summary_large_image\" \/>\n<meta name=\"twitter:site\" content=\"@comaugroup\" \/>\n<meta name=\"twitter:label1\" content=\"Dur\u00e9e de lecture estim\u00e9e\" \/>\n\t<meta name=\"twitter:data1\" content=\"1 minute\" \/>\n<script type=\"application\/ld+json\" class=\"yoast-schema-graph\">{\"@context\":\"https:\/\/schema.org\",\"@graph\":[{\"@type\":\"WebPage\",\"@id\":\"https:\/\/www.comau.com\/fr\/competencies\/products-solutions\/machining-system-products\/smartrevcomau-60b\/\",\"url\":\"https:\/\/www.comau.com\/fr\/competencies\/products-solutions\/machining-system-products\/smartrevcomau-60b\/\",\"name\":\"SmartRevComau 60B - Comau\",\"isPartOf\":{\"@id\":\"https:\/\/www.comau.com\/fr\/#website\"},\"primaryImageOfPage\":{\"@id\":\"https:\/\/www.comau.com\/fr\/competencies\/products-solutions\/machining-system-products\/smartrevcomau-60b\/#primaryimage\"},\"image\":{\"@id\":\"https:\/\/www.comau.com\/fr\/competencies\/products-solutions\/machining-system-products\/smartrevcomau-60b\/#primaryimage\"},\"thumbnailUrl\":\"https:\/\/www.comau.com\/wp-content\/uploads\/2021\/06\/SmartRev-60B_header.jpg\",\"datePublished\":\"2021-06-08T09:33:28+00:00\",\"dateModified\":\"2021-07-18T16:13:31+00:00\",\"breadcrumb\":{\"@id\":\"https:\/\/www.comau.com\/fr\/competencies\/products-solutions\/machining-system-products\/smartrevcomau-60b\/#breadcrumb\"},\"inLanguage\":\"fr-FR\",\"potentialAction\":[{\"@type\":\"ReadAction\",\"target\":[\"https:\/\/www.comau.com\/fr\/competencies\/products-solutions\/machining-system-products\/smartrevcomau-60b\/\"]}]},{\"@type\":\"ImageObject\",\"inLanguage\":\"fr-FR\",\"@id\":\"https:\/\/www.comau.com\/fr\/competencies\/products-solutions\/machining-system-products\/smartrevcomau-60b\/#primaryimage\",\"url\":\"https:\/\/www.comau.com\/wp-content\/uploads\/2021\/06\/SmartRev-60B_header.jpg\",\"contentUrl\":\"https:\/\/www.comau.com\/wp-content\/uploads\/2021\/06\/SmartRev-60B_header.jpg\",\"width\":1280,\"height\":485},{\"@type\":\"BreadcrumbList\",\"@id\":\"https:\/\/www.comau.com\/fr\/competencies\/products-solutions\/machining-system-products\/smartrevcomau-60b\/#breadcrumb\",\"itemListElement\":[{\"@type\":\"ListItem\",\"position\":1,\"name\":\"Home\",\"item\":\"https:\/\/www.comau.com\/fr\/\"},{\"@type\":\"ListItem\",\"position\":2,\"name\":\"Nos comp\u00e9tences\",\"item\":\"https:\/\/www.comau.com\/fr\/competencies\/\"},{\"@type\":\"ListItem\",\"position\":3,\"name\":\"Products &amp; Solutions\",\"item\":\"https:\/\/www.comau.com\/fr\/competencies\/products-solutions\/\"},{\"@type\":\"ListItem\",\"position\":4,\"name\":\"Machining System &amp; Products\",\"item\":\"https:\/\/www.comau.com\/fr\/competencies\/products-solutions\/machining-system-products\/\"},{\"@type\":\"ListItem\",\"position\":5,\"name\":\"SmartRevComau 60B\"}]},{\"@type\":\"WebSite\",\"@id\":\"https:\/\/www.comau.com\/fr\/#website\",\"url\":\"https:\/\/www.comau.com\/fr\/\",\"name\":\"Comau\",\"description\":\"Industrial automation and robotics\",\"publisher\":{\"@id\":\"https:\/\/www.comau.com\/fr\/#organization\"},\"potentialAction\":[{\"@type\":\"SearchAction\",\"target\":{\"@type\":\"EntryPoint\",\"urlTemplate\":\"https:\/\/www.comau.com\/fr\/?s={search_term_string}\"},\"query-input\":{\"@type\":\"PropertyValueSpecification\",\"valueRequired\":true,\"valueName\":\"search_term_string\"}}],\"inLanguage\":\"fr-FR\"},{\"@type\":\"Organization\",\"@id\":\"https:\/\/www.comau.com\/fr\/#organization\",\"name\":\"Comau\",\"url\":\"https:\/\/www.comau.com\/fr\/\",\"logo\":{\"@type\":\"ImageObject\",\"inLanguage\":\"fr-FR\",\"@id\":\"https:\/\/www.comau.com\/fr\/#\/schema\/logo\/image\/\",\"url\":\"https:\/\/www.comau.com\/wp-content\/uploads\/2024\/07\/cropped-Logo-COMAU.png\",\"contentUrl\":\"https:\/\/www.comau.com\/wp-content\/uploads\/2024\/07\/cropped-Logo-COMAU.png\",\"width\":434,\"height\":434,\"caption\":\"Comau\"},\"image\":{\"@id\":\"https:\/\/www.comau.com\/fr\/#\/schema\/logo\/image\/\"},\"sameAs\":[\"https:\/\/www.facebook.com\/COMAU\/\",\"https:\/\/x.com\/comaugroup\",\"https:\/\/www.instagram.com\/comaugroup\/\",\"https:\/\/www.linkedin.com\/company\/comau\",\"https:\/\/www.youtube.com\/user\/comau\"]}]}<\/script>\n<!-- \/ Yoast SEO plugin. -->","yoast_head_json":{"title":"SmartRevComau 60B - Comau","robots":{"index":"index","follow":"follow","max-snippet":"max-snippet:-1","max-image-preview":"max-image-preview:large","max-video-preview":"max-video-preview:-1"},"canonical":"https:\/\/www.comau.com\/fr\/competencies\/products-solutions\/machining-system-products\/smartrevcomau-60b\/","og_locale":"fr_FR","og_type":"article","og_title":"SmartRevComau 60B - Comau","og_description":"Valeur ajout\u00e9e pour le client \u200bFlexibilit\u00e9 : r\u00e9alisation de plusieurs types ou longueurs de vilebrequin et solution de changement automatique Polyvalence : chargement manuel ou automatique des pi\u00e8ces \u00c9quilibrage : parfait du premier coup Gestion des modes d\u2019\u00e9conomie d\u2019\u00e9nergie Encombrement faible Caract\u00e9ristiques techniques Diff\u00e9rente configuration du moteur : L2-L3-L4-L5 V6-V8 Longueur (mm) 250 to 600 [&hellip;]","og_url":"https:\/\/www.comau.com\/fr\/competencies\/products-solutions\/machining-system-products\/smartrevcomau-60b\/","og_site_name":"Comau","article_publisher":"https:\/\/www.facebook.com\/COMAU\/","article_modified_time":"2021-07-18T16:13:31+00:00","og_image":[{"width":1280,"height":485,"url":"https:\/\/www.comau.com\/wp-content\/uploads\/2021\/06\/SmartRev-60B_header.jpg","type":"image\/jpeg"}],"twitter_card":"summary_large_image","twitter_site":"@comaugroup","twitter_misc":{"Dur\u00e9e de lecture estim\u00e9e":"1 minute"},"schema":{"@context":"https:\/\/schema.org","@graph":[{"@type":"WebPage","@id":"https:\/\/www.comau.com\/fr\/competencies\/products-solutions\/machining-system-products\/smartrevcomau-60b\/","url":"https:\/\/www.comau.com\/fr\/competencies\/products-solutions\/machining-system-products\/smartrevcomau-60b\/","name":"SmartRevComau 60B - Comau","isPartOf":{"@id":"https:\/\/www.comau.com\/fr\/#website"},"primaryImageOfPage":{"@id":"https:\/\/www.comau.com\/fr\/competencies\/products-solutions\/machining-system-products\/smartrevcomau-60b\/#primaryimage"},"image":{"@id":"https:\/\/www.comau.com\/fr\/competencies\/products-solutions\/machining-system-products\/smartrevcomau-60b\/#primaryimage"},"thumbnailUrl":"https:\/\/www.comau.com\/wp-content\/uploads\/2021\/06\/SmartRev-60B_header.jpg","datePublished":"2021-06-08T09:33:28+00:00","dateModified":"2021-07-18T16:13:31+00:00","breadcrumb":{"@id":"https:\/\/www.comau.com\/fr\/competencies\/products-solutions\/machining-system-products\/smartrevcomau-60b\/#breadcrumb"},"inLanguage":"fr-FR","potentialAction":[{"@type":"ReadAction","target":["https:\/\/www.comau.com\/fr\/competencies\/products-solutions\/machining-system-products\/smartrevcomau-60b\/"]}]},{"@type":"ImageObject","inLanguage":"fr-FR","@id":"https:\/\/www.comau.com\/fr\/competencies\/products-solutions\/machining-system-products\/smartrevcomau-60b\/#primaryimage","url":"https:\/\/www.comau.com\/wp-content\/uploads\/2021\/06\/SmartRev-60B_header.jpg","contentUrl":"https:\/\/www.comau.com\/wp-content\/uploads\/2021\/06\/SmartRev-60B_header.jpg","width":1280,"height":485},{"@type":"BreadcrumbList","@id":"https:\/\/www.comau.com\/fr\/competencies\/products-solutions\/machining-system-products\/smartrevcomau-60b\/#breadcrumb","itemListElement":[{"@type":"ListItem","position":1,"name":"Home","item":"https:\/\/www.comau.com\/fr\/"},{"@type":"ListItem","position":2,"name":"Nos comp\u00e9tences","item":"https:\/\/www.comau.com\/fr\/competencies\/"},{"@type":"ListItem","position":3,"name":"Products &amp; Solutions","item":"https:\/\/www.comau.com\/fr\/competencies\/products-solutions\/"},{"@type":"ListItem","position":4,"name":"Machining System &amp; Products","item":"https:\/\/www.comau.com\/fr\/competencies\/products-solutions\/machining-system-products\/"},{"@type":"ListItem","position":5,"name":"SmartRevComau 60B"}]},{"@type":"WebSite","@id":"https:\/\/www.comau.com\/fr\/#website","url":"https:\/\/www.comau.com\/fr\/","name":"Comau","description":"Industrial automation and robotics","publisher":{"@id":"https:\/\/www.comau.com\/fr\/#organization"},"potentialAction":[{"@type":"SearchAction","target":{"@type":"EntryPoint","urlTemplate":"https:\/\/www.comau.com\/fr\/?s={search_term_string}"},"query-input":{"@type":"PropertyValueSpecification","valueRequired":true,"valueName":"search_term_string"}}],"inLanguage":"fr-FR"},{"@type":"Organization","@id":"https:\/\/www.comau.com\/fr\/#organization","name":"Comau","url":"https:\/\/www.comau.com\/fr\/","logo":{"@type":"ImageObject","inLanguage":"fr-FR","@id":"https:\/\/www.comau.com\/fr\/#\/schema\/logo\/image\/","url":"https:\/\/www.comau.com\/wp-content\/uploads\/2024\/07\/cropped-Logo-COMAU.png","contentUrl":"https:\/\/www.comau.com\/wp-content\/uploads\/2024\/07\/cropped-Logo-COMAU.png","width":434,"height":434,"caption":"Comau"},"image":{"@id":"https:\/\/www.comau.com\/fr\/#\/schema\/logo\/image\/"},"sameAs":["https:\/\/www.facebook.com\/COMAU\/","https:\/\/x.com\/comaugroup","https:\/\/www.instagram.com\/comaugroup\/","https:\/\/www.linkedin.com\/company\/comau","https:\/\/www.youtube.com\/user\/comau"]}]}},"_links":{"self":[{"href":"https:\/\/www.comau.com\/fr\/wp-json\/wp\/v2\/pages\/23119","targetHints":{"allow":["GET"]}}],"collection":[{"href":"https:\/\/www.comau.com\/fr\/wp-json\/wp\/v2\/pages"}],"about":[{"href":"https:\/\/www.comau.com\/fr\/wp-json\/wp\/v2\/types\/page"}],"author":[{"embeddable":true,"href":"https:\/\/www.comau.com\/fr\/wp-json\/wp\/v2\/users\/11"}],"replies":[{"embeddable":true,"href":"https:\/\/www.comau.com\/fr\/wp-json\/wp\/v2\/comments?post=23119"}],"version-history":[{"count":12,"href":"https:\/\/www.comau.com\/fr\/wp-json\/wp\/v2\/pages\/23119\/revisions"}],"predecessor-version":[{"id":26780,"href":"https:\/\/www.comau.com\/fr\/wp-json\/wp\/v2\/pages\/23119\/revisions\/26780"}],"up":[{"embeddable":true,"href":"https:\/\/www.comau.com\/fr\/wp-json\/wp\/v2\/pages\/5835"}],"wp:featuredmedia":[{"embeddable":true,"href":"https:\/\/www.comau.com\/fr\/wp-json\/wp\/v2\/media\/5878"}],"wp:attachment":[{"href":"https:\/\/www.comau.com\/fr\/wp-json\/wp\/v2\/media?parent=23119"}],"curies":[{"name":"wp","href":"https:\/\/api.w.org\/{rel}","templated":true}]}}