{"id":23109,"date":"2021-06-08T11:33:00","date_gmt":"2021-06-08T09:33:00","guid":{"rendered":"https:\/\/www.comau.com\/?page_id=23109"},"modified":"2021-07-20T11:11:36","modified_gmt":"2021-07-20T09:11:36","slug":"smartrevcomau-60cm","status":"publish","type":"page","link":"https:\/\/www.comau.com\/fr\/competencies\/products-solutions\/machining-system-products\/smartrevcomau-60cm\/","title":{"rendered":"SmartRevComau 60CM"},"content":{"rendered":"\n<h2 class=\"wp-block-heading\">Valeur ajout\u00e9e pour le client<\/h2>\n\n<ul class=\"wp-block-list\"><li>Exp\u00e9rience: Comau est l&rsquo;un des seuls fournisseurs leaders qui ma\u00eetrisent les deux processus : l&rsquo;usinage, l&rsquo;\u00e9quilibrage et les offres cl\u00e9s en main (demi-ligne).<\/li><li>Flexibilit\u00e9: r\u00e9alisation de multiples types ou longueurs de vilebrequin et solutions de changement automatique en option. <\/li><li>Polyvalence : Chargement manuel ou automatique des pi\u00e8ces, avec protection.<\/li><li>Machines d\u00e9di\u00e9es au vilebrequin : obtenir des r\u00e9sultats exceptionnels avec des solutions robustes et fiables.<\/li><li>\u00c9quilibrage : parfait du premier coup<\/li><li>Gestion des modes d\u2019\u00e9conomie d\u2019\u00e9nergie<\/li><li>Consommation de fluides r\u00e9duite.<\/li><li>Derni\u00e8re g\u00e9n\u00e9ration de composants \u00e0 basse consommation d&rsquo;\u00e9nergie.<\/li><li>Encombrement faible<\/li><\/ul>\n\n<figure class=\"wp-block-image size-large\"><img decoding=\"async\" width=\"1024\" height=\"388\" src=\"https:\/\/www.comau.com\/wp-content\/uploads\/2021\/06\/SmartRevComau60CM_header-1024x388.jpg\" alt=\"\" class=\"wp-image-630\" srcset=\"https:\/\/www.comau.com\/wp-content\/uploads\/2021\/06\/SmartRevComau60CM_header-1024x388.jpg 1024w, https:\/\/www.comau.com\/wp-content\/uploads\/2021\/06\/SmartRevComau60CM_header-300x114.jpg 300w, https:\/\/www.comau.com\/wp-content\/uploads\/2021\/06\/SmartRevComau60CM_header-768x291.jpg 768w, https:\/\/www.comau.com\/wp-content\/uploads\/2021\/06\/SmartRevComau60CM_header.jpg 1280w\" sizes=\"(max-width: 1024px) 100vw, 1024px\" \/><\/figure>\n\n<h2 class=\"wp-block-heading\">Caract\u00e9ristiques techniques<\/h2>\n\n<figure class=\"wp-block-table is-style-stripes\"><table><tbody><tr><td><strong>Configuration du moteur<\/strong><\/td><td>Inline or V-engine (I2, I3, I4, I5, V6, V8)<\/td><\/tr><tr><td><strong>Longueur (mm)<\/strong><\/td><td>250 to 600<\/td><\/tr><tr><td><strong>Poids maximum (kg) :<\/strong><\/td><td>30<\/td><\/tr><tr><td><strong>Diam. max. contrepoids (mm) :<\/strong><\/td><td>200<\/td><\/tr><\/tbody><\/table><figcaption>Caract\u00e9ristiques du vilebrequin<\/figcaption><\/figure>\n","protected":false},"excerpt":{"rendered":"<p>Valeur ajout\u00e9e pour le client Exp\u00e9rience: Comau est l&rsquo;un des seuls fournisseurs leaders qui ma\u00eetrisent les deux processus : l&rsquo;usinage, l&rsquo;\u00e9quilibrage et les offres cl\u00e9s en main (demi-ligne). Flexibilit\u00e9: r\u00e9alisation de multiples types ou longueurs de vilebrequin et solutions de changement automatique en option. Polyvalence : Chargement manuel ou automatique des pi\u00e8ces, avec protection. Machines [&hellip;]<\/p>\n","protected":false},"author":11,"featured_media":5876,"parent":5835,"menu_order":7,"comment_status":"closed","ping_status":"closed","template":"","meta":{"_acf_changed":false,"ep_exclude_from_search":false,"footnotes":""},"class_list":["post-23109","page","type-page","status-publish","has-post-thumbnail","hentry"],"acf":[],"yoast_head":"<!-- This site is optimized with the Yoast SEO plugin v26.9 - https:\/\/yoast.com\/product\/yoast-seo-wordpress\/ -->\n<title>SmartRevComau 60CM - Comau<\/title>\n<meta name=\"robots\" content=\"index, follow, max-snippet:-1, max-image-preview:large, max-video-preview:-1\" \/>\n<link rel=\"canonical\" href=\"https:\/\/www.comau.com\/fr\/competencies\/products-solutions\/machining-system-products\/smartrevcomau-60cm\/\" \/>\n<meta property=\"og:locale\" content=\"fr_FR\" \/>\n<meta property=\"og:type\" content=\"article\" \/>\n<meta property=\"og:title\" content=\"SmartRevComau 60CM - Comau\" \/>\n<meta property=\"og:description\" content=\"Valeur ajout\u00e9e pour le client Exp\u00e9rience: Comau est l&rsquo;un des seuls fournisseurs leaders qui ma\u00eetrisent les deux processus : l&rsquo;usinage, l&rsquo;\u00e9quilibrage et les offres cl\u00e9s en main (demi-ligne). Flexibilit\u00e9: r\u00e9alisation de multiples types ou longueurs de vilebrequin et solutions de changement automatique en option. Polyvalence : Chargement manuel ou automatique des pi\u00e8ces, avec protection. Machines [&hellip;]\" \/>\n<meta property=\"og:url\" content=\"https:\/\/www.comau.com\/fr\/competencies\/products-solutions\/machining-system-products\/smartrevcomau-60cm\/\" \/>\n<meta property=\"og:site_name\" content=\"Comau\" \/>\n<meta property=\"article:publisher\" content=\"https:\/\/www.facebook.com\/COMAU\/\" \/>\n<meta property=\"article:modified_time\" content=\"2021-07-20T09:11:36+00:00\" \/>\n<meta property=\"og:image\" content=\"https:\/\/www.comau.com\/wp-content\/uploads\/2021\/06\/SmartRevComau60CM_header.jpg\" \/>\n\t<meta property=\"og:image:width\" content=\"1280\" \/>\n\t<meta property=\"og:image:height\" content=\"485\" \/>\n\t<meta property=\"og:image:type\" content=\"image\/jpeg\" \/>\n<meta name=\"twitter:card\" content=\"summary_large_image\" \/>\n<meta name=\"twitter:site\" content=\"@comaugroup\" \/>\n<meta name=\"twitter:label1\" content=\"Dur\u00e9e de lecture estim\u00e9e\" \/>\n\t<meta name=\"twitter:data1\" content=\"1 minute\" \/>\n<script type=\"application\/ld+json\" class=\"yoast-schema-graph\">{\"@context\":\"https:\/\/schema.org\",\"@graph\":[{\"@type\":\"WebPage\",\"@id\":\"https:\/\/www.comau.com\/fr\/competencies\/products-solutions\/machining-system-products\/smartrevcomau-60cm\/\",\"url\":\"https:\/\/www.comau.com\/fr\/competencies\/products-solutions\/machining-system-products\/smartrevcomau-60cm\/\",\"name\":\"SmartRevComau 60CM - Comau\",\"isPartOf\":{\"@id\":\"https:\/\/www.comau.com\/fr\/#website\"},\"primaryImageOfPage\":{\"@id\":\"https:\/\/www.comau.com\/fr\/competencies\/products-solutions\/machining-system-products\/smartrevcomau-60cm\/#primaryimage\"},\"image\":{\"@id\":\"https:\/\/www.comau.com\/fr\/competencies\/products-solutions\/machining-system-products\/smartrevcomau-60cm\/#primaryimage\"},\"thumbnailUrl\":\"https:\/\/www.comau.com\/wp-content\/uploads\/2021\/06\/SmartRevComau60CM_header.jpg\",\"datePublished\":\"2021-06-08T09:33:00+00:00\",\"dateModified\":\"2021-07-20T09:11:36+00:00\",\"breadcrumb\":{\"@id\":\"https:\/\/www.comau.com\/fr\/competencies\/products-solutions\/machining-system-products\/smartrevcomau-60cm\/#breadcrumb\"},\"inLanguage\":\"fr-FR\",\"potentialAction\":[{\"@type\":\"ReadAction\",\"target\":[\"https:\/\/www.comau.com\/fr\/competencies\/products-solutions\/machining-system-products\/smartrevcomau-60cm\/\"]}]},{\"@type\":\"ImageObject\",\"inLanguage\":\"fr-FR\",\"@id\":\"https:\/\/www.comau.com\/fr\/competencies\/products-solutions\/machining-system-products\/smartrevcomau-60cm\/#primaryimage\",\"url\":\"https:\/\/www.comau.com\/wp-content\/uploads\/2021\/06\/SmartRevComau60CM_header.jpg\",\"contentUrl\":\"https:\/\/www.comau.com\/wp-content\/uploads\/2021\/06\/SmartRevComau60CM_header.jpg\",\"width\":1280,\"height\":485},{\"@type\":\"BreadcrumbList\",\"@id\":\"https:\/\/www.comau.com\/fr\/competencies\/products-solutions\/machining-system-products\/smartrevcomau-60cm\/#breadcrumb\",\"itemListElement\":[{\"@type\":\"ListItem\",\"position\":1,\"name\":\"Home\",\"item\":\"https:\/\/www.comau.com\/fr\/\"},{\"@type\":\"ListItem\",\"position\":2,\"name\":\"Nos comp\u00e9tences\",\"item\":\"https:\/\/www.comau.com\/fr\/competencies\/\"},{\"@type\":\"ListItem\",\"position\":3,\"name\":\"Products &amp; Solutions\",\"item\":\"https:\/\/www.comau.com\/fr\/competencies\/products-solutions\/\"},{\"@type\":\"ListItem\",\"position\":4,\"name\":\"Machining System &amp; Products\",\"item\":\"https:\/\/www.comau.com\/fr\/competencies\/products-solutions\/machining-system-products\/\"},{\"@type\":\"ListItem\",\"position\":5,\"name\":\"SmartRevComau 60CM\"}]},{\"@type\":\"WebSite\",\"@id\":\"https:\/\/www.comau.com\/fr\/#website\",\"url\":\"https:\/\/www.comau.com\/fr\/\",\"name\":\"Comau\",\"description\":\"Industrial automation and robotics\",\"publisher\":{\"@id\":\"https:\/\/www.comau.com\/fr\/#organization\"},\"potentialAction\":[{\"@type\":\"SearchAction\",\"target\":{\"@type\":\"EntryPoint\",\"urlTemplate\":\"https:\/\/www.comau.com\/fr\/?s={search_term_string}\"},\"query-input\":{\"@type\":\"PropertyValueSpecification\",\"valueRequired\":true,\"valueName\":\"search_term_string\"}}],\"inLanguage\":\"fr-FR\"},{\"@type\":\"Organization\",\"@id\":\"https:\/\/www.comau.com\/fr\/#organization\",\"name\":\"Comau\",\"url\":\"https:\/\/www.comau.com\/fr\/\",\"logo\":{\"@type\":\"ImageObject\",\"inLanguage\":\"fr-FR\",\"@id\":\"https:\/\/www.comau.com\/fr\/#\/schema\/logo\/image\/\",\"url\":\"https:\/\/www.comau.com\/wp-content\/uploads\/2024\/07\/cropped-Logo-COMAU.png\",\"contentUrl\":\"https:\/\/www.comau.com\/wp-content\/uploads\/2024\/07\/cropped-Logo-COMAU.png\",\"width\":434,\"height\":434,\"caption\":\"Comau\"},\"image\":{\"@id\":\"https:\/\/www.comau.com\/fr\/#\/schema\/logo\/image\/\"},\"sameAs\":[\"https:\/\/www.facebook.com\/COMAU\/\",\"https:\/\/x.com\/comaugroup\",\"https:\/\/www.instagram.com\/comaugroup\/\",\"https:\/\/www.linkedin.com\/company\/comau\",\"https:\/\/www.youtube.com\/user\/comau\"]}]}<\/script>\n<!-- \/ Yoast SEO plugin. -->","yoast_head_json":{"title":"SmartRevComau 60CM - Comau","robots":{"index":"index","follow":"follow","max-snippet":"max-snippet:-1","max-image-preview":"max-image-preview:large","max-video-preview":"max-video-preview:-1"},"canonical":"https:\/\/www.comau.com\/fr\/competencies\/products-solutions\/machining-system-products\/smartrevcomau-60cm\/","og_locale":"fr_FR","og_type":"article","og_title":"SmartRevComau 60CM - Comau","og_description":"Valeur ajout\u00e9e pour le client Exp\u00e9rience: Comau est l&rsquo;un des seuls fournisseurs leaders qui ma\u00eetrisent les deux processus : l&rsquo;usinage, l&rsquo;\u00e9quilibrage et les offres cl\u00e9s en main (demi-ligne). Flexibilit\u00e9: r\u00e9alisation de multiples types ou longueurs de vilebrequin et solutions de changement automatique en option. Polyvalence : Chargement manuel ou automatique des pi\u00e8ces, avec protection. Machines [&hellip;]","og_url":"https:\/\/www.comau.com\/fr\/competencies\/products-solutions\/machining-system-products\/smartrevcomau-60cm\/","og_site_name":"Comau","article_publisher":"https:\/\/www.facebook.com\/COMAU\/","article_modified_time":"2021-07-20T09:11:36+00:00","og_image":[{"width":1280,"height":485,"url":"https:\/\/www.comau.com\/wp-content\/uploads\/2021\/06\/SmartRevComau60CM_header.jpg","type":"image\/jpeg"}],"twitter_card":"summary_large_image","twitter_site":"@comaugroup","twitter_misc":{"Dur\u00e9e de lecture estim\u00e9e":"1 minute"},"schema":{"@context":"https:\/\/schema.org","@graph":[{"@type":"WebPage","@id":"https:\/\/www.comau.com\/fr\/competencies\/products-solutions\/machining-system-products\/smartrevcomau-60cm\/","url":"https:\/\/www.comau.com\/fr\/competencies\/products-solutions\/machining-system-products\/smartrevcomau-60cm\/","name":"SmartRevComau 60CM - Comau","isPartOf":{"@id":"https:\/\/www.comau.com\/fr\/#website"},"primaryImageOfPage":{"@id":"https:\/\/www.comau.com\/fr\/competencies\/products-solutions\/machining-system-products\/smartrevcomau-60cm\/#primaryimage"},"image":{"@id":"https:\/\/www.comau.com\/fr\/competencies\/products-solutions\/machining-system-products\/smartrevcomau-60cm\/#primaryimage"},"thumbnailUrl":"https:\/\/www.comau.com\/wp-content\/uploads\/2021\/06\/SmartRevComau60CM_header.jpg","datePublished":"2021-06-08T09:33:00+00:00","dateModified":"2021-07-20T09:11:36+00:00","breadcrumb":{"@id":"https:\/\/www.comau.com\/fr\/competencies\/products-solutions\/machining-system-products\/smartrevcomau-60cm\/#breadcrumb"},"inLanguage":"fr-FR","potentialAction":[{"@type":"ReadAction","target":["https:\/\/www.comau.com\/fr\/competencies\/products-solutions\/machining-system-products\/smartrevcomau-60cm\/"]}]},{"@type":"ImageObject","inLanguage":"fr-FR","@id":"https:\/\/www.comau.com\/fr\/competencies\/products-solutions\/machining-system-products\/smartrevcomau-60cm\/#primaryimage","url":"https:\/\/www.comau.com\/wp-content\/uploads\/2021\/06\/SmartRevComau60CM_header.jpg","contentUrl":"https:\/\/www.comau.com\/wp-content\/uploads\/2021\/06\/SmartRevComau60CM_header.jpg","width":1280,"height":485},{"@type":"BreadcrumbList","@id":"https:\/\/www.comau.com\/fr\/competencies\/products-solutions\/machining-system-products\/smartrevcomau-60cm\/#breadcrumb","itemListElement":[{"@type":"ListItem","position":1,"name":"Home","item":"https:\/\/www.comau.com\/fr\/"},{"@type":"ListItem","position":2,"name":"Nos comp\u00e9tences","item":"https:\/\/www.comau.com\/fr\/competencies\/"},{"@type":"ListItem","position":3,"name":"Products &amp; Solutions","item":"https:\/\/www.comau.com\/fr\/competencies\/products-solutions\/"},{"@type":"ListItem","position":4,"name":"Machining System &amp; Products","item":"https:\/\/www.comau.com\/fr\/competencies\/products-solutions\/machining-system-products\/"},{"@type":"ListItem","position":5,"name":"SmartRevComau 60CM"}]},{"@type":"WebSite","@id":"https:\/\/www.comau.com\/fr\/#website","url":"https:\/\/www.comau.com\/fr\/","name":"Comau","description":"Industrial automation and robotics","publisher":{"@id":"https:\/\/www.comau.com\/fr\/#organization"},"potentialAction":[{"@type":"SearchAction","target":{"@type":"EntryPoint","urlTemplate":"https:\/\/www.comau.com\/fr\/?s={search_term_string}"},"query-input":{"@type":"PropertyValueSpecification","valueRequired":true,"valueName":"search_term_string"}}],"inLanguage":"fr-FR"},{"@type":"Organization","@id":"https:\/\/www.comau.com\/fr\/#organization","name":"Comau","url":"https:\/\/www.comau.com\/fr\/","logo":{"@type":"ImageObject","inLanguage":"fr-FR","@id":"https:\/\/www.comau.com\/fr\/#\/schema\/logo\/image\/","url":"https:\/\/www.comau.com\/wp-content\/uploads\/2024\/07\/cropped-Logo-COMAU.png","contentUrl":"https:\/\/www.comau.com\/wp-content\/uploads\/2024\/07\/cropped-Logo-COMAU.png","width":434,"height":434,"caption":"Comau"},"image":{"@id":"https:\/\/www.comau.com\/fr\/#\/schema\/logo\/image\/"},"sameAs":["https:\/\/www.facebook.com\/COMAU\/","https:\/\/x.com\/comaugroup","https:\/\/www.instagram.com\/comaugroup\/","https:\/\/www.linkedin.com\/company\/comau","https:\/\/www.youtube.com\/user\/comau"]}]}},"_links":{"self":[{"href":"https:\/\/www.comau.com\/fr\/wp-json\/wp\/v2\/pages\/23109","targetHints":{"allow":["GET"]}}],"collection":[{"href":"https:\/\/www.comau.com\/fr\/wp-json\/wp\/v2\/pages"}],"about":[{"href":"https:\/\/www.comau.com\/fr\/wp-json\/wp\/v2\/types\/page"}],"author":[{"embeddable":true,"href":"https:\/\/www.comau.com\/fr\/wp-json\/wp\/v2\/users\/11"}],"replies":[{"embeddable":true,"href":"https:\/\/www.comau.com\/fr\/wp-json\/wp\/v2\/comments?post=23109"}],"version-history":[{"count":17,"href":"https:\/\/www.comau.com\/fr\/wp-json\/wp\/v2\/pages\/23109\/revisions"}],"predecessor-version":[{"id":30867,"href":"https:\/\/www.comau.com\/fr\/wp-json\/wp\/v2\/pages\/23109\/revisions\/30867"}],"up":[{"embeddable":true,"href":"https:\/\/www.comau.com\/fr\/wp-json\/wp\/v2\/pages\/5835"}],"wp:featuredmedia":[{"embeddable":true,"href":"https:\/\/www.comau.com\/fr\/wp-json\/wp\/v2\/media\/5876"}],"wp:attachment":[{"href":"https:\/\/www.comau.com\/fr\/wp-json\/wp\/v2\/media?parent=23109"}],"curies":[{"name":"wp","href":"https:\/\/api.w.org\/{rel}","templated":true}]}}