{"id":23079,"date":"2021-06-08T11:32:12","date_gmt":"2021-06-08T09:32:12","guid":{"rendered":"https:\/\/www.comau.com\/?page_id=23079"},"modified":"2022-02-07T14:03:42","modified_gmt":"2022-02-07T13:03:42","slug":"smartdrivecomau-700l","status":"publish","type":"page","link":"https:\/\/www.comau.com\/fr\/competencies\/products-solutions\/machining-system-products\/smartdrivecomau-700l\/","title":{"rendered":"SmartDriveComau 700L"},"content":{"rendered":"\n<p>La conception simple du centre d&rsquo;usinage horizontal SmartDriveComau 700L met \u00e0 profit l&rsquo;exp\u00e9rience de Comau dans le domaine de l&rsquo;usinage rapide, pr\u00e9cis et intensif.<\/p>\n\n\n\n<p>Le choix de technologies \u00e0 moteur lin\u00e9aire ou \u00e0 vis \u00e0 billes, ainsi qu&rsquo;un vaste \u00e9ventail de configurations modulaires et d&rsquo;options, rendent cette machine compatible avec toutes les applications majeures de l&rsquo;industrie de fabrication, que ce soit en tant que machine autonome ou int\u00e9gr\u00e9e dans un syst\u00e8me d&rsquo;usinage hautement flexible.<\/p>\n\n\n\n<figure class=\"wp-block-embed is-type-video is-provider-youtube wp-block-embed-youtube wp-embed-aspect-16-9 wp-has-aspect-ratio\"><div class=\"wp-block-embed__wrapper\">\n<iframe title=\"SmartDriveComau 700L\" width=\"640\" height=\"360\" src=\"https:\/\/www.youtube.com\/embed\/Mr0i6jXgd4A?feature=oembed\" frameborder=\"0\" allow=\"accelerometer; autoplay; clipboard-write; encrypted-media; gyroscope; picture-in-picture; web-share\" referrerpolicy=\"strict-origin-when-cross-origin\" allowfullscreen><\/iframe>\n<\/div><\/figure>\n\n\n\n<h2 class=\"wp-block-heading\" id=\"valeur-ajoutee-pour-le-client\">Valeur ajout\u00e9e pour le client<\/h2>\n\n\n\n<ul class=\"wp-block-list\"><li>Un usinage haute vitesse avec une pr\u00e9cision dynamique garantit une productivit\u00e9 et une qualit\u00e9 \u00e9lev\u00e9es<\/li><li>Un grand choix de broches et de magasins d&rsquo;outils. <\/li><li>Un design extr\u00eamement rigide de la structure garantit un bon comportement en termes de vibration pour les op\u00e9rations d&rsquo;\u00e9bauche et de finissage. <\/li><li>Les tables rotatives &#8211; axe A, B ou combinaison des deux &#8211; sont directement entra\u00een\u00e9es par des moteurs \u00e0 couple \u00e9lev\u00e9, garantissant une r\u00e9p\u00e9tabilit\u00e9 pr\u00e9cise et \u00e0 long terme et z\u00e9ro usure. <\/li><li>Les configurations modulaires pour le chargement\/d\u00e9chargement offrent la possibilit\u00e9 d&rsquo;une int\u00e9gration dans des syst\u00e8mes de fabrication incroyablement flexibles et r\u00e9utilisables.<\/li><\/ul>\n\n\n\n<h2 class=\"wp-block-heading\" id=\"avantages-en-matiere-d-ecologie\">Avantages en mati\u00e8re d&rsquo;\u00e9cologie<\/h2>\n\n\n\n<ul class=\"wp-block-list\"><li>Gestion des modes d\u2019\u00e9conomie d\u2019\u00e9nergie<\/li><li>Consommation de fluides r\u00e9duite<\/li><li>Composants de toute derni\u00e8re g\u00e9n\u00e9ration \u00e0 faible consommation d\u2019\u00e9nergie<\/li><li>Encombrement faible<\/li><\/ul>\n\n\n\n<h2 class=\"wp-block-heading\" id=\"smartdrivecomau-700l\">SmartDriveComau 700L<\/h2>\n\n\n\n<figure class=\"wp-block-table is-style-stripes\"><table><tbody><tr><td><strong>Technologie d&rsquo;entra\u00eenement<\/strong><\/td><td>Moteur lin\u00e9aire<\/td><\/tr><tr><td><strong>Course X (mm)<\/strong><\/td><td>700<\/td><\/tr><tr><td><strong>Course Y (mm)<\/strong><\/td><td>700<\/td><\/tr><tr><td><strong>Course Z (mm)<\/strong><\/td><td>800<\/td><\/tr><\/tbody><\/table><figcaption>Technologie d&rsquo;axe et course<\/figcaption><\/figure>\n","protected":false},"excerpt":{"rendered":"<p>La conception simple du centre d&rsquo;usinage horizontal SmartDriveComau 700L met \u00e0 profit l&rsquo;exp\u00e9rience de Comau dans le domaine de l&rsquo;usinage rapide, pr\u00e9cis et intensif. Le choix de technologies \u00e0 moteur lin\u00e9aire ou \u00e0 vis \u00e0 billes, ainsi qu&rsquo;un vaste \u00e9ventail de configurations modulaires et d&rsquo;options, rendent cette machine compatible avec toutes les applications majeures de [&hellip;]<\/p>\n","protected":false},"author":11,"featured_media":5873,"parent":5835,"menu_order":4,"comment_status":"closed","ping_status":"closed","template":"","meta":{"_acf_changed":false,"ep_exclude_from_search":false,"footnotes":""},"class_list":["post-23079","page","type-page","status-publish","has-post-thumbnail","hentry"],"acf":[],"yoast_head":"<!-- This site is optimized with the Yoast SEO plugin v26.9 - https:\/\/yoast.com\/product\/yoast-seo-wordpress\/ -->\n<title>Centre d\u2019usinage horizontal SmartDriveComau 700L<\/title>\n<meta name=\"description\" content=\"D\u00e9couvrez le centre d\u2019usinage horizontal SmartDriveComau 700L avec technologie \u00e0 moteur lin\u00e9aire ou \u00e0 vis \u00e0 billes.\" \/>\n<meta name=\"robots\" content=\"index, follow, max-snippet:-1, max-image-preview:large, max-video-preview:-1\" \/>\n<link rel=\"canonical\" href=\"https:\/\/www.comau.com\/fr\/competencies\/products-solutions\/machining-system-products\/smartdrivecomau-700l\/\" \/>\n<meta property=\"og:locale\" content=\"fr_FR\" \/>\n<meta property=\"og:type\" content=\"article\" \/>\n<meta property=\"og:title\" content=\"Centre d\u2019usinage horizontal SmartDriveComau 700L\" \/>\n<meta property=\"og:description\" content=\"D\u00e9couvrez le centre d\u2019usinage horizontal SmartDriveComau 700L avec technologie \u00e0 moteur lin\u00e9aire ou \u00e0 vis \u00e0 billes.\" \/>\n<meta property=\"og:url\" content=\"https:\/\/www.comau.com\/fr\/competencies\/products-solutions\/machining-system-products\/smartdrivecomau-700l\/\" \/>\n<meta property=\"og:site_name\" content=\"Comau\" \/>\n<meta property=\"article:publisher\" content=\"https:\/\/www.facebook.com\/COMAU\/\" \/>\n<meta property=\"article:modified_time\" content=\"2022-02-07T13:03:42+00:00\" \/>\n<meta property=\"og:image\" content=\"https:\/\/www.comau.com\/wp-content\/uploads\/2021\/06\/SmartDriveComau700L_header.jpg\" \/>\n\t<meta property=\"og:image:width\" content=\"1280\" \/>\n\t<meta property=\"og:image:height\" content=\"485\" \/>\n\t<meta property=\"og:image:type\" content=\"image\/jpeg\" \/>\n<meta name=\"twitter:card\" content=\"summary_large_image\" \/>\n<meta name=\"twitter:site\" content=\"@comaugroup\" \/>\n<meta name=\"twitter:label1\" content=\"Dur\u00e9e de lecture estim\u00e9e\" \/>\n\t<meta name=\"twitter:data1\" content=\"1 minute\" \/>\n<script type=\"application\/ld+json\" class=\"yoast-schema-graph\">{\"@context\":\"https:\/\/schema.org\",\"@graph\":[{\"@type\":\"WebPage\",\"@id\":\"https:\/\/www.comau.com\/fr\/competencies\/products-solutions\/machining-system-products\/smartdrivecomau-700l\/\",\"url\":\"https:\/\/www.comau.com\/fr\/competencies\/products-solutions\/machining-system-products\/smartdrivecomau-700l\/\",\"name\":\"Centre d\u2019usinage horizontal SmartDriveComau 700L\",\"isPartOf\":{\"@id\":\"https:\/\/www.comau.com\/fr\/#website\"},\"primaryImageOfPage\":{\"@id\":\"https:\/\/www.comau.com\/fr\/competencies\/products-solutions\/machining-system-products\/smartdrivecomau-700l\/#primaryimage\"},\"image\":{\"@id\":\"https:\/\/www.comau.com\/fr\/competencies\/products-solutions\/machining-system-products\/smartdrivecomau-700l\/#primaryimage\"},\"thumbnailUrl\":\"https:\/\/www.comau.com\/wp-content\/uploads\/2021\/06\/SmartDriveComau700L_header.jpg\",\"datePublished\":\"2021-06-08T09:32:12+00:00\",\"dateModified\":\"2022-02-07T13:03:42+00:00\",\"description\":\"D\u00e9couvrez le centre d\u2019usinage horizontal SmartDriveComau 700L avec technologie \u00e0 moteur lin\u00e9aire ou \u00e0 vis \u00e0 billes.\",\"breadcrumb\":{\"@id\":\"https:\/\/www.comau.com\/fr\/competencies\/products-solutions\/machining-system-products\/smartdrivecomau-700l\/#breadcrumb\"},\"inLanguage\":\"fr-FR\",\"potentialAction\":[{\"@type\":\"ReadAction\",\"target\":[\"https:\/\/www.comau.com\/fr\/competencies\/products-solutions\/machining-system-products\/smartdrivecomau-700l\/\"]}]},{\"@type\":\"ImageObject\",\"inLanguage\":\"fr-FR\",\"@id\":\"https:\/\/www.comau.com\/fr\/competencies\/products-solutions\/machining-system-products\/smartdrivecomau-700l\/#primaryimage\",\"url\":\"https:\/\/www.comau.com\/wp-content\/uploads\/2021\/06\/SmartDriveComau700L_header.jpg\",\"contentUrl\":\"https:\/\/www.comau.com\/wp-content\/uploads\/2021\/06\/SmartDriveComau700L_header.jpg\",\"width\":1280,\"height\":485},{\"@type\":\"BreadcrumbList\",\"@id\":\"https:\/\/www.comau.com\/fr\/competencies\/products-solutions\/machining-system-products\/smartdrivecomau-700l\/#breadcrumb\",\"itemListElement\":[{\"@type\":\"ListItem\",\"position\":1,\"name\":\"Home\",\"item\":\"https:\/\/www.comau.com\/fr\/\"},{\"@type\":\"ListItem\",\"position\":2,\"name\":\"Nos comp\u00e9tences\",\"item\":\"https:\/\/www.comau.com\/fr\/competencies\/\"},{\"@type\":\"ListItem\",\"position\":3,\"name\":\"Products &amp; Solutions\",\"item\":\"https:\/\/www.comau.com\/fr\/competencies\/products-solutions\/\"},{\"@type\":\"ListItem\",\"position\":4,\"name\":\"Machining System &amp; Products\",\"item\":\"https:\/\/www.comau.com\/fr\/competencies\/products-solutions\/machining-system-products\/\"},{\"@type\":\"ListItem\",\"position\":5,\"name\":\"SmartDriveComau 700L\"}]},{\"@type\":\"WebSite\",\"@id\":\"https:\/\/www.comau.com\/fr\/#website\",\"url\":\"https:\/\/www.comau.com\/fr\/\",\"name\":\"Comau\",\"description\":\"Industrial automation and robotics\",\"publisher\":{\"@id\":\"https:\/\/www.comau.com\/fr\/#organization\"},\"potentialAction\":[{\"@type\":\"SearchAction\",\"target\":{\"@type\":\"EntryPoint\",\"urlTemplate\":\"https:\/\/www.comau.com\/fr\/?s={search_term_string}\"},\"query-input\":{\"@type\":\"PropertyValueSpecification\",\"valueRequired\":true,\"valueName\":\"search_term_string\"}}],\"inLanguage\":\"fr-FR\"},{\"@type\":\"Organization\",\"@id\":\"https:\/\/www.comau.com\/fr\/#organization\",\"name\":\"Comau\",\"url\":\"https:\/\/www.comau.com\/fr\/\",\"logo\":{\"@type\":\"ImageObject\",\"inLanguage\":\"fr-FR\",\"@id\":\"https:\/\/www.comau.com\/fr\/#\/schema\/logo\/image\/\",\"url\":\"https:\/\/www.comau.com\/wp-content\/uploads\/2024\/07\/cropped-Logo-COMAU.png\",\"contentUrl\":\"https:\/\/www.comau.com\/wp-content\/uploads\/2024\/07\/cropped-Logo-COMAU.png\",\"width\":434,\"height\":434,\"caption\":\"Comau\"},\"image\":{\"@id\":\"https:\/\/www.comau.com\/fr\/#\/schema\/logo\/image\/\"},\"sameAs\":[\"https:\/\/www.facebook.com\/COMAU\/\",\"https:\/\/x.com\/comaugroup\",\"https:\/\/www.instagram.com\/comaugroup\/\",\"https:\/\/www.linkedin.com\/company\/comau\",\"https:\/\/www.youtube.com\/user\/comau\"]}]}<\/script>\n<!-- \/ Yoast SEO plugin. -->","yoast_head_json":{"title":"Centre d\u2019usinage horizontal SmartDriveComau 700L","description":"D\u00e9couvrez le centre d\u2019usinage horizontal SmartDriveComau 700L avec technologie \u00e0 moteur lin\u00e9aire ou \u00e0 vis \u00e0 billes.","robots":{"index":"index","follow":"follow","max-snippet":"max-snippet:-1","max-image-preview":"max-image-preview:large","max-video-preview":"max-video-preview:-1"},"canonical":"https:\/\/www.comau.com\/fr\/competencies\/products-solutions\/machining-system-products\/smartdrivecomau-700l\/","og_locale":"fr_FR","og_type":"article","og_title":"Centre d\u2019usinage horizontal SmartDriveComau 700L","og_description":"D\u00e9couvrez le centre d\u2019usinage horizontal SmartDriveComau 700L avec technologie \u00e0 moteur lin\u00e9aire ou \u00e0 vis \u00e0 billes.","og_url":"https:\/\/www.comau.com\/fr\/competencies\/products-solutions\/machining-system-products\/smartdrivecomau-700l\/","og_site_name":"Comau","article_publisher":"https:\/\/www.facebook.com\/COMAU\/","article_modified_time":"2022-02-07T13:03:42+00:00","og_image":[{"width":1280,"height":485,"url":"https:\/\/www.comau.com\/wp-content\/uploads\/2021\/06\/SmartDriveComau700L_header.jpg","type":"image\/jpeg"}],"twitter_card":"summary_large_image","twitter_site":"@comaugroup","twitter_misc":{"Dur\u00e9e de lecture estim\u00e9e":"1 minute"},"schema":{"@context":"https:\/\/schema.org","@graph":[{"@type":"WebPage","@id":"https:\/\/www.comau.com\/fr\/competencies\/products-solutions\/machining-system-products\/smartdrivecomau-700l\/","url":"https:\/\/www.comau.com\/fr\/competencies\/products-solutions\/machining-system-products\/smartdrivecomau-700l\/","name":"Centre d\u2019usinage horizontal SmartDriveComau 700L","isPartOf":{"@id":"https:\/\/www.comau.com\/fr\/#website"},"primaryImageOfPage":{"@id":"https:\/\/www.comau.com\/fr\/competencies\/products-solutions\/machining-system-products\/smartdrivecomau-700l\/#primaryimage"},"image":{"@id":"https:\/\/www.comau.com\/fr\/competencies\/products-solutions\/machining-system-products\/smartdrivecomau-700l\/#primaryimage"},"thumbnailUrl":"https:\/\/www.comau.com\/wp-content\/uploads\/2021\/06\/SmartDriveComau700L_header.jpg","datePublished":"2021-06-08T09:32:12+00:00","dateModified":"2022-02-07T13:03:42+00:00","description":"D\u00e9couvrez le centre d\u2019usinage horizontal SmartDriveComau 700L avec technologie \u00e0 moteur lin\u00e9aire ou \u00e0 vis \u00e0 billes.","breadcrumb":{"@id":"https:\/\/www.comau.com\/fr\/competencies\/products-solutions\/machining-system-products\/smartdrivecomau-700l\/#breadcrumb"},"inLanguage":"fr-FR","potentialAction":[{"@type":"ReadAction","target":["https:\/\/www.comau.com\/fr\/competencies\/products-solutions\/machining-system-products\/smartdrivecomau-700l\/"]}]},{"@type":"ImageObject","inLanguage":"fr-FR","@id":"https:\/\/www.comau.com\/fr\/competencies\/products-solutions\/machining-system-products\/smartdrivecomau-700l\/#primaryimage","url":"https:\/\/www.comau.com\/wp-content\/uploads\/2021\/06\/SmartDriveComau700L_header.jpg","contentUrl":"https:\/\/www.comau.com\/wp-content\/uploads\/2021\/06\/SmartDriveComau700L_header.jpg","width":1280,"height":485},{"@type":"BreadcrumbList","@id":"https:\/\/www.comau.com\/fr\/competencies\/products-solutions\/machining-system-products\/smartdrivecomau-700l\/#breadcrumb","itemListElement":[{"@type":"ListItem","position":1,"name":"Home","item":"https:\/\/www.comau.com\/fr\/"},{"@type":"ListItem","position":2,"name":"Nos comp\u00e9tences","item":"https:\/\/www.comau.com\/fr\/competencies\/"},{"@type":"ListItem","position":3,"name":"Products &amp; Solutions","item":"https:\/\/www.comau.com\/fr\/competencies\/products-solutions\/"},{"@type":"ListItem","position":4,"name":"Machining System &amp; Products","item":"https:\/\/www.comau.com\/fr\/competencies\/products-solutions\/machining-system-products\/"},{"@type":"ListItem","position":5,"name":"SmartDriveComau 700L"}]},{"@type":"WebSite","@id":"https:\/\/www.comau.com\/fr\/#website","url":"https:\/\/www.comau.com\/fr\/","name":"Comau","description":"Industrial automation and robotics","publisher":{"@id":"https:\/\/www.comau.com\/fr\/#organization"},"potentialAction":[{"@type":"SearchAction","target":{"@type":"EntryPoint","urlTemplate":"https:\/\/www.comau.com\/fr\/?s={search_term_string}"},"query-input":{"@type":"PropertyValueSpecification","valueRequired":true,"valueName":"search_term_string"}}],"inLanguage":"fr-FR"},{"@type":"Organization","@id":"https:\/\/www.comau.com\/fr\/#organization","name":"Comau","url":"https:\/\/www.comau.com\/fr\/","logo":{"@type":"ImageObject","inLanguage":"fr-FR","@id":"https:\/\/www.comau.com\/fr\/#\/schema\/logo\/image\/","url":"https:\/\/www.comau.com\/wp-content\/uploads\/2024\/07\/cropped-Logo-COMAU.png","contentUrl":"https:\/\/www.comau.com\/wp-content\/uploads\/2024\/07\/cropped-Logo-COMAU.png","width":434,"height":434,"caption":"Comau"},"image":{"@id":"https:\/\/www.comau.com\/fr\/#\/schema\/logo\/image\/"},"sameAs":["https:\/\/www.facebook.com\/COMAU\/","https:\/\/x.com\/comaugroup","https:\/\/www.instagram.com\/comaugroup\/","https:\/\/www.linkedin.com\/company\/comau","https:\/\/www.youtube.com\/user\/comau"]}]}},"_links":{"self":[{"href":"https:\/\/www.comau.com\/fr\/wp-json\/wp\/v2\/pages\/23079","targetHints":{"allow":["GET"]}}],"collection":[{"href":"https:\/\/www.comau.com\/fr\/wp-json\/wp\/v2\/pages"}],"about":[{"href":"https:\/\/www.comau.com\/fr\/wp-json\/wp\/v2\/types\/page"}],"author":[{"embeddable":true,"href":"https:\/\/www.comau.com\/fr\/wp-json\/wp\/v2\/users\/11"}],"replies":[{"embeddable":true,"href":"https:\/\/www.comau.com\/fr\/wp-json\/wp\/v2\/comments?post=23079"}],"version-history":[{"count":22,"href":"https:\/\/www.comau.com\/fr\/wp-json\/wp\/v2\/pages\/23079\/revisions"}],"predecessor-version":[{"id":42018,"href":"https:\/\/www.comau.com\/fr\/wp-json\/wp\/v2\/pages\/23079\/revisions\/42018"}],"up":[{"embeddable":true,"href":"https:\/\/www.comau.com\/fr\/wp-json\/wp\/v2\/pages\/5835"}],"wp:featuredmedia":[{"embeddable":true,"href":"https:\/\/www.comau.com\/fr\/wp-json\/wp\/v2\/media\/5873"}],"wp:attachment":[{"href":"https:\/\/www.comau.com\/fr\/wp-json\/wp\/v2\/media?parent=23079"}],"curies":[{"name":"wp","href":"https:\/\/api.w.org\/{rel}","templated":true}]}}