{"id":23054,"date":"2021-06-08T11:29:42","date_gmt":"2021-06-08T09:29:42","guid":{"rendered":"https:\/\/www.comau.com\/?page_id=23054"},"modified":"2023-05-17T00:54:24","modified_gmt":"2023-05-16T22:54:24","slug":"turnkey-systems","status":"publish","type":"page","link":"https:\/\/www.comau.com\/fr\/competencies\/products-solutions\/machining-system-products\/turnkey-systems\/","title":{"rendered":"Int\u00e9gration syst\u00e8mes d&rsquo;usinage et logistique"},"content":{"rendered":"\n<h2 class=\"wp-block-heading\" id=\"une-approche-complete-de-l-integration-des-systemes\">Une approche compl\u00e8te de l&rsquo;int\u00e9gration des syst\u00e8mes<\/h2>\n\n\n\n<p>Quelle que soit la complexit\u00e9 de vos besoins d&rsquo;usinage, notre expertise en mati\u00e8re de syst\u00e8mes et de technologies orient\u00e9s vers les r\u00e9sultats peut vous aider \u00e0 \u00eatre rapidement performants. Nous avons la comp\u00e9tence de d\u00e9velopper n&rsquo;importe quel processus d&rsquo;usinage, et pouvons assurer une productivit\u00e9, une flexibilit\u00e9 et une qualit\u00e9 \u00e0 long terme gr\u00e2ce \u00e0 une vaste gamme de produits modulaires couvrant l&rsquo;int\u00e9gralit\u00e9 de la cha\u00eene de production. Nous offrons en particulier une gamme compl\u00e8te d&rsquo;\u00e9quipements d&rsquo;assemblage et de test int\u00e9gr\u00e9s au processus d&rsquo;usinage, garantissant aux processus d&rsquo;usinage et d&rsquo;assemblage une qualit\u00e9 constante pendant toute la dur\u00e9e de vie de votre \u00e9quipement.<\/p>\n\n\n\n<div class=\"wp-block-columns is-layout-flex wp-container-core-columns-is-layout-9d6595d7 wp-block-columns-is-layout-flex\">\n<div class=\"wp-block-column is-layout-flow wp-block-column-is-layout-flow\">\n<div class=\"wp-block-getwid-image-box has-text-center has-mobile-layout-default has-mobile-alignment-default\"><div class=\"wp-block-getwid-image-box__image-container is-position-top\"><div class=\"wp-block-getwid-image-box__image-wrapper\"><img decoding=\"async\" width=\"184\" height=\"130\" src=\"https:\/\/www.comau.com\/wp-content\/uploads\/2021\/06\/global_experience.jpg\" alt=\"\" class=\"wp-block-getwid-image-box__image wp-image-9784\" \/><\/div><\/div><div class=\"wp-block-getwid-image-box__content\">\n\n<h3 class=\"wp-block-heading\"><\/h3>\n\n\n<p>Exp\u00e9rience mondiale<\/p>\n\n<\/div><\/div>\n<\/div>\n\n\n\n<div class=\"wp-block-column is-layout-flow wp-block-column-is-layout-flow\">\n<div class=\"wp-block-getwid-image-box has-text-center has-mobile-layout-default has-mobile-alignment-default\"><div class=\"wp-block-getwid-image-box__image-container is-position-top\"><div class=\"wp-block-getwid-image-box__image-wrapper\"><img decoding=\"async\" width=\"184\" height=\"130\" src=\"https:\/\/www.comau.com\/wp-content\/uploads\/2021\/06\/integrated_systems_and_turn-key_solutions.jpg\" alt=\"\" class=\"wp-block-getwid-image-box__image wp-image-9789\" \/><\/div><\/div><div class=\"wp-block-getwid-image-box__content\">\n\n<h3 class=\"wp-block-heading\"><\/h3>\n\n\n<p>Syst\u00e8mes int\u00e9gr\u00e9s et solutions cl\u00e9s en main<\/p>\n\n<\/div><\/div>\n<\/div>\n\n\n\n<div class=\"wp-block-column is-layout-flow wp-block-column-is-layout-flow\">\n<div class=\"wp-block-getwid-image-box has-text-center has-mobile-layout-default has-mobile-alignment-default\"><div class=\"wp-block-getwid-image-box__image-container is-position-top\"><div class=\"wp-block-getwid-image-box__image-wrapper\"><img decoding=\"async\" width=\"184\" height=\"130\" src=\"https:\/\/www.comau.com\/wp-content\/uploads\/2021\/06\/local_support.jpg\" alt=\"\" class=\"wp-block-getwid-image-box__image wp-image-9794\" \/><\/div><\/div><div class=\"wp-block-getwid-image-box__content\">\n\n<h3 class=\"wp-block-heading\"><\/h3>\n\n\n<p>Support local<\/p>\n\n<\/div><\/div>\n<\/div>\n\n\n\n<div class=\"wp-block-column is-layout-flow wp-block-column-is-layout-flow\">\n<div class=\"wp-block-getwid-image-box has-text-center has-mobile-layout-default has-mobile-alignment-default\"><div class=\"wp-block-getwid-image-box__image-container is-position-top\"><div class=\"wp-block-getwid-image-box__image-wrapper\"><img decoding=\"async\" width=\"184\" height=\"130\" src=\"https:\/\/www.comau.com\/wp-content\/uploads\/2021\/06\/modular-service-adapted-to-your-business.jpg\" alt=\"\" class=\"wp-block-getwid-image-box__image wp-image-9799\" \/><\/div><\/div><div class=\"wp-block-getwid-image-box__content\">\n\n<h3 class=\"wp-block-heading\"><\/h3>\n\n\n<p>Des services modulaires adapt\u00e9s \u00e0 votre entreprise<\/p>\n\n<\/div><\/div>\n<\/div>\n<\/div>\n\n\n\n<h2 class=\"wp-block-heading\" id=\"notre-expertise\">Notre expertise<\/h2>\n\n\n\n<ul class=\"wp-block-list\">\n<li>Ing\u00e9nierie des processus<\/li>\n\n\n\n<li>Modules d&rsquo;usinage, divers \u00e9quipements<\/li>\n\n\n\n<li>Architecture des syst\u00e8mes<\/li>\n\n\n\n<li>Automatisation<\/li>\n\n\n\n<li>Logistique et simulation des flux de travail du TRS (Taux de rendement synth\u00e9tique)<\/li>\n<\/ul>\n\n\n\n<h3 class=\"wp-block-heading\" id=\"vos-besoins\">Vos besoins<\/h3>\n\n\n\n<ul class=\"wp-block-list\">\n<li>Qualit\u00e9 absolue<\/li>\n\n\n\n<li>R\u00e9duction du co\u00fbt du cycle de vie<\/li>\n\n\n\n<li>Flexibilit\u00e9<\/li>\n<\/ul>\n\n\n\n<h3 class=\"wp-block-heading\" id=\"vos-avantages\">Vos avantages<\/h3>\n\n\n\n<ul class=\"wp-block-list\">\n<li>Gestion facilit\u00e9e de l&rsquo;interface<\/li>\n\n\n\n<li>Qualit\u00e9 des processus garantie<\/li>\n\n\n\n<li>Efficacit\u00e9 \u00e9lev\u00e9e des syst\u00e8mes<\/li>\n<\/ul>\n\n\n\n<h2 class=\"wp-block-heading\" id=\"equipements-divers\">\u00c9quipements divers<\/h2>\n\n\n\n<p>Nous sommes en mesure d&rsquo;assurer une productivit\u00e9, une flexibilit\u00e9 et une qualit\u00e9 \u00e0 long terme gr\u00e2ce \u00e0 une vaste gamme d&rsquo;\u00e9quipements divers, incluant notamment des \u00e9quipements d&rsquo;assemblage et de test int\u00e9gr\u00e9s au processus d&rsquo;usinage. Nous nous chargeons \u00e9galement des activit\u00e9s allant du marquage \u00e0 l&rsquo;inspection finale en passant par la manutention et la logistique, et int\u00e9grons les op\u00e9rations externalis\u00e9es pour offrir des syst\u00e8mes cl\u00e9s en main incluant l&rsquo;aff\u00fbtage, le nettoyage et la mesure. En d&rsquo;autres termes, nous offrons des solutions int\u00e9gr\u00e9es capable de s&rsquo;adapter totalement \u00e0 tous vos besoins de fabrication, aujourd&rsquo;hui comme demain.<\/p>\n\n\n\n<h3 class=\"wp-block-heading\" id=\"pourquoi\">Pourquoi<\/h3>\n\n\n\n<ul class=\"wp-block-list\">\n<li>Pour g\u00e9rer l&rsquo;ensemble des processus via un seul et unique fournisseur<\/li>\n\n\n\n<li>Pour r\u00e9duire les co\u00fbts de gestion des projets (site de mise en service unique, logistique des pi\u00e8ces d&rsquo;essai)<\/li>\n\n\n\n<li>Pour am\u00e9liorer la coh\u00e9rence des processus d&rsquo;usinage et d&rsquo;assemblage<\/li>\n<\/ul>\n\n\n\n<h3 class=\"wp-block-heading\" id=\"quoi\">Quoi<\/h3>\n\n\n\n<ul class=\"wp-block-list\">\n<li>Une gamme compl\u00e8te de solutions d&rsquo;assemblage et de test <\/li>\n\n\n\n<li>Des solutions robotique pour une flexibilit\u00e9 \u00e9lev\u00e9e<\/li>\n\n\n\n<li>Des solutions adapt\u00e9es \u00e0 tout type de processus, qu&rsquo;il soit manuel ou automatique<\/li>\n<\/ul>\n\n\n\n<h3 class=\"wp-block-heading\" id=\"valeur-ajoutee-pour-le-client\">Valeur ajout\u00e9e pour le client<\/h3>\n\n\n\n<ul class=\"wp-block-list\">\n<li>Un seul fournisseur pour les processus d&rsquo;usinage et d&rsquo;assemblag<\/li>\n\n\n\n<li>R\u00e9duction de la logistique des pi\u00e8ces d&rsquo;essai<\/li>\n\n\n\n<li>Qualit\u00e9 des processus<\/li>\n\n\n\n<li>Haut niveau de flexibilit\u00e9 et de r\u00e9utilisation possible<\/li>\n<\/ul>\n\n\n\n<h3 class=\"wp-block-heading\" id=\"listes-des-equipements-divers-proposes-par-comau\">Listes des \u00e9quipements divers propos\u00e9s par Comau<\/h3>\n\n\n\n<ul class=\"wp-block-list\">\n<li>Station d&rsquo;assemblage par guide et si\u00e8ge<\/li>\n\n\n\n<li>Test de fuites (interm\u00e9diaire et final)<\/li>\n\n\n\n<li>Station d&rsquo;assemblage des billes en acier\/obturateurs\/goujons<\/li>\n\n\n\n<li>Assemblage des chapeaux\/plaques d&rsquo;assise\/ch\u00e2ssis en \u00e9chelle<\/li>\n\n\n\n<li>Station de marquage<\/li>\n\n\n\n<li>Inspection finale<\/li>\n<\/ul>\n\n\n\n<h2 class=\"wp-block-heading\" id=\"automatisation\">Automatisation<\/h2>\n\n\n\n<figure class=\"wp-block-image size-large\"><img decoding=\"async\" width=\"1024\" height=\"388\" src=\"https:\/\/www.comau.com\/wp-content\/uploads\/2021\/06\/Canvas-interni-robot-1024x388.jpg\" alt=\"\" class=\"wp-image-5867\" srcset=\"https:\/\/www.comau.com\/wp-content\/uploads\/2021\/06\/Canvas-interni-robot-1024x388.jpg 1024w, https:\/\/www.comau.com\/wp-content\/uploads\/2021\/06\/Canvas-interni-robot-300x114.jpg 300w, https:\/\/www.comau.com\/wp-content\/uploads\/2021\/06\/Canvas-interni-robot-768x291.jpg 768w, https:\/\/www.comau.com\/wp-content\/uploads\/2021\/06\/Canvas-interni-robot.jpg 1280w\" sizes=\"(max-width: 1024px) 100vw, 1024px\" \/><\/figure>\n\n\n\n<h3 class=\"wp-block-heading\" id=\"pourquoi\">Pourquoi<\/h3>\n\n\n\n<ul class=\"wp-block-list\">\n<li>Pour g\u00e9rer l&rsquo;int\u00e9gralit\u00e9 des processus via un seul et unique fournisseur<\/li>\n\n\n\n<li>Pour faciliter la communication entre les interfaces<\/li>\n\n\n\n<li>Pour s&rsquo;adapter aux exigences de votre niveau de production<\/li>\n\n\n\n<li>La logistique de la ligne de production est la colonne vert\u00e9brale du syst\u00e8me<\/li>\n<\/ul>\n\n\n\n<h3 class=\"wp-block-heading\" id=\"quoi\">Quoi<\/h3>\n\n\n\n<ul class=\"wp-block-list\">\n<li>Une gamme de solutions pour votre ligne de production<\/li>\n\n\n\n<li>Fourniture et int\u00e9gration des robots<\/li>\n\n\n\n<li>Ing\u00e9nierie et fourniture de syst\u00e8mes de pr\u00e9hension et d&rsquo;automatisation d&rsquo;atelier sp\u00e9cifique<\/li>\n\n\n\n<li>Mise en service virtuelle<\/li>\n<\/ul>\n\n\n\n<h3 class=\"wp-block-heading\" id=\"valeur-ajoutee-pour-le-client\">Valeur ajout\u00e9e pour le client<\/h3>\n\n\n\n<ul class=\"wp-block-list\">\n<li>Un seul fournisseur de solutions cl\u00e9s en main ma\u00eetrisant la logistique et les interfaces<\/li>\n\n\n\n<li>TRS am\u00e9lior\u00e9<\/li>\n\n\n\n<li>Haut niveau de flexibilit\u00e9 et de r\u00e9utilisation possible<\/li>\n\n\n\n<li>Validation anticip\u00e9e des outils neufs ou r\u00e9outill\u00e9s via une mise en service virtuelle<\/li>\n<\/ul>\n\n\n\n<h2 class=\"wp-block-heading\" id=\"mise-en-service-virtuelle-la-premiere-etape-de-la-transformation-numerique\">Mise en service virtuelle : la premi\u00e8re \u00e9tape de la transformation num\u00e9rique<\/h2>\n\n\n\n<p>La mise en service virtuelle consiste \u00e0 utiliser des outils de simulation 3D pour tester les modifications apport\u00e9es \u00e0 l\u2019usine avant que ces modifications ne prennent r\u00e9ellement effet au sein de l\u2019usine physique. Cette technologie permet d\u2019\u00e9viter les risques de temps d\u2019arr\u00eat et les co\u00fbts associ\u00e9s, tout en r\u00e9duisant les probl\u00e8mes de d\u00e9marrage potentiels et en acc\u00e9l\u00e9rant la mise en \u0153uvre des syst\u00e8mes.<\/p>\n\n\n\n<p>Cette technologie permet de v\u00e9rifier et de valider les modifications apport\u00e9es \u00e0 l\u2019usine, de b\u00e2tir un syst\u00e8me avant que les nouveaux projets ne soient valid\u00e9s, mais aussi d\u2019utiliser un simulateur pour former les \u00e9quipes op\u00e9rationnelles et de maintenance apr\u00e8s la mise en service ou pour planifier des modifications ult\u00e9rieures (dans ce cas par des experts techniques).<\/p>\n\n\n\n<figure class=\"wp-block-embed is-type-video is-provider-youtube wp-block-embed-youtube wp-embed-aspect-16-9 wp-has-aspect-ratio\"><div class=\"wp-block-embed__wrapper\">\n<iframe title=\"Comau Virtual Commissioning: the first step to the Digital Transformation\" width=\"640\" height=\"360\" src=\"https:\/\/www.youtube.com\/embed\/lJ6m5JkPKMk?feature=oembed\" frameborder=\"0\" allow=\"accelerometer; autoplay; clipboard-write; encrypted-media; gyroscope; picture-in-picture; web-share\" referrerpolicy=\"strict-origin-when-cross-origin\" allowfullscreen><\/iframe>\n<\/div><\/figure>\n","protected":false},"excerpt":{"rendered":"<p>Une approche compl\u00e8te de l&rsquo;int\u00e9gration des syst\u00e8mes Quelle que soit la complexit\u00e9 de vos besoins d&rsquo;usinage, notre expertise en mati\u00e8re de syst\u00e8mes et de technologies orient\u00e9s vers les r\u00e9sultats peut vous aider \u00e0 \u00eatre rapidement performants. Nous avons la comp\u00e9tence de d\u00e9velopper n&rsquo;importe quel processus d&rsquo;usinage, et pouvons assurer une productivit\u00e9, une flexibilit\u00e9 et une [&hellip;]<\/p>\n","protected":false},"author":11,"featured_media":5867,"parent":5835,"menu_order":2,"comment_status":"closed","ping_status":"closed","template":"","meta":{"_acf_changed":false,"ep_exclude_from_search":false,"footnotes":""},"class_list":["post-23054","page","type-page","status-publish","has-post-thumbnail","hentry"],"acf":[],"yoast_head":"<!-- This site is optimized with the Yoast SEO plugin v26.9 - https:\/\/yoast.com\/product\/yoast-seo-wordpress\/ -->\n<title>Int\u00e9gration syst\u00e8mes d&#039;usinage et logistique | Comau<\/title>\n<meta name=\"description\" content=\"D\u00e9couvrez les solutions et l&#039;int\u00e9gration des syst\u00e8mes d&#039;usinage et l&#039;automatisation logistique de Comau\u00a0: optimisez votre entreprise\u00a0!\" \/>\n<meta name=\"robots\" content=\"index, follow, max-snippet:-1, max-image-preview:large, max-video-preview:-1\" \/>\n<link rel=\"canonical\" href=\"https:\/\/www.comau.com\/fr\/competencies\/products-solutions\/machining-system-products\/turnkey-systems\/\" \/>\n<meta property=\"og:locale\" content=\"fr_FR\" \/>\n<meta property=\"og:type\" content=\"article\" \/>\n<meta property=\"og:title\" content=\"Int\u00e9gration syst\u00e8mes d&#039;usinage et logistique | Comau\" \/>\n<meta property=\"og:description\" content=\"D\u00e9couvrez les solutions et l&#039;int\u00e9gration des syst\u00e8mes d&#039;usinage et l&#039;automatisation logistique de Comau\u00a0: optimisez votre entreprise\u00a0!\" \/>\n<meta property=\"og:url\" content=\"https:\/\/www.comau.com\/fr\/competencies\/products-solutions\/machining-system-products\/turnkey-systems\/\" \/>\n<meta property=\"og:site_name\" content=\"Comau\" \/>\n<meta property=\"article:publisher\" content=\"https:\/\/www.facebook.com\/COMAU\/\" \/>\n<meta property=\"article:modified_time\" content=\"2023-05-16T22:54:24+00:00\" \/>\n<meta property=\"og:image\" content=\"https:\/\/www.comau.com\/wp-content\/uploads\/2021\/06\/Canvas-interni-robot.jpg\" \/>\n\t<meta property=\"og:image:width\" content=\"1280\" \/>\n\t<meta property=\"og:image:height\" content=\"485\" \/>\n\t<meta property=\"og:image:type\" content=\"image\/jpeg\" \/>\n<meta name=\"twitter:card\" content=\"summary_large_image\" \/>\n<meta name=\"twitter:site\" content=\"@comaugroup\" \/>\n<meta name=\"twitter:label1\" content=\"Dur\u00e9e de lecture estim\u00e9e\" \/>\n\t<meta name=\"twitter:data1\" content=\"4 minutes\" \/>\n<script type=\"application\/ld+json\" class=\"yoast-schema-graph\">{\"@context\":\"https:\/\/schema.org\",\"@graph\":[{\"@type\":\"WebPage\",\"@id\":\"https:\/\/www.comau.com\/fr\/competencies\/products-solutions\/machining-system-products\/turnkey-systems\/\",\"url\":\"https:\/\/www.comau.com\/fr\/competencies\/products-solutions\/machining-system-products\/turnkey-systems\/\",\"name\":\"Int\u00e9gration syst\u00e8mes d'usinage et logistique | Comau\",\"isPartOf\":{\"@id\":\"https:\/\/www.comau.com\/fr\/#website\"},\"primaryImageOfPage\":{\"@id\":\"https:\/\/www.comau.com\/fr\/competencies\/products-solutions\/machining-system-products\/turnkey-systems\/#primaryimage\"},\"image\":{\"@id\":\"https:\/\/www.comau.com\/fr\/competencies\/products-solutions\/machining-system-products\/turnkey-systems\/#primaryimage\"},\"thumbnailUrl\":\"https:\/\/www.comau.com\/wp-content\/uploads\/2021\/06\/Canvas-interni-robot.jpg\",\"datePublished\":\"2021-06-08T09:29:42+00:00\",\"dateModified\":\"2023-05-16T22:54:24+00:00\",\"description\":\"D\u00e9couvrez les solutions et l'int\u00e9gration des syst\u00e8mes d'usinage et l'automatisation logistique de Comau\u00a0: optimisez votre entreprise\u00a0!\",\"breadcrumb\":{\"@id\":\"https:\/\/www.comau.com\/fr\/competencies\/products-solutions\/machining-system-products\/turnkey-systems\/#breadcrumb\"},\"inLanguage\":\"fr-FR\",\"potentialAction\":[{\"@type\":\"ReadAction\",\"target\":[\"https:\/\/www.comau.com\/fr\/competencies\/products-solutions\/machining-system-products\/turnkey-systems\/\"]}]},{\"@type\":\"ImageObject\",\"inLanguage\":\"fr-FR\",\"@id\":\"https:\/\/www.comau.com\/fr\/competencies\/products-solutions\/machining-system-products\/turnkey-systems\/#primaryimage\",\"url\":\"https:\/\/www.comau.com\/wp-content\/uploads\/2021\/06\/Canvas-interni-robot.jpg\",\"contentUrl\":\"https:\/\/www.comau.com\/wp-content\/uploads\/2021\/06\/Canvas-interni-robot.jpg\",\"width\":1280,\"height\":485},{\"@type\":\"BreadcrumbList\",\"@id\":\"https:\/\/www.comau.com\/fr\/competencies\/products-solutions\/machining-system-products\/turnkey-systems\/#breadcrumb\",\"itemListElement\":[{\"@type\":\"ListItem\",\"position\":1,\"name\":\"Home\",\"item\":\"https:\/\/www.comau.com\/fr\/\"},{\"@type\":\"ListItem\",\"position\":2,\"name\":\"Nos comp\u00e9tences\",\"item\":\"https:\/\/www.comau.com\/fr\/competencies\/\"},{\"@type\":\"ListItem\",\"position\":3,\"name\":\"Products &amp; Solutions\",\"item\":\"https:\/\/www.comau.com\/fr\/competencies\/products-solutions\/\"},{\"@type\":\"ListItem\",\"position\":4,\"name\":\"Machining System &amp; Products\",\"item\":\"https:\/\/www.comau.com\/fr\/competencies\/products-solutions\/machining-system-products\/\"},{\"@type\":\"ListItem\",\"position\":5,\"name\":\"Int\u00e9gration syst\u00e8mes d&#8217;usinage et logistique\"}]},{\"@type\":\"WebSite\",\"@id\":\"https:\/\/www.comau.com\/fr\/#website\",\"url\":\"https:\/\/www.comau.com\/fr\/\",\"name\":\"Comau\",\"description\":\"Industrial automation and robotics\",\"publisher\":{\"@id\":\"https:\/\/www.comau.com\/fr\/#organization\"},\"potentialAction\":[{\"@type\":\"SearchAction\",\"target\":{\"@type\":\"EntryPoint\",\"urlTemplate\":\"https:\/\/www.comau.com\/fr\/?s={search_term_string}\"},\"query-input\":{\"@type\":\"PropertyValueSpecification\",\"valueRequired\":true,\"valueName\":\"search_term_string\"}}],\"inLanguage\":\"fr-FR\"},{\"@type\":\"Organization\",\"@id\":\"https:\/\/www.comau.com\/fr\/#organization\",\"name\":\"Comau\",\"url\":\"https:\/\/www.comau.com\/fr\/\",\"logo\":{\"@type\":\"ImageObject\",\"inLanguage\":\"fr-FR\",\"@id\":\"https:\/\/www.comau.com\/fr\/#\/schema\/logo\/image\/\",\"url\":\"https:\/\/www.comau.com\/wp-content\/uploads\/2024\/07\/cropped-Logo-COMAU.png\",\"contentUrl\":\"https:\/\/www.comau.com\/wp-content\/uploads\/2024\/07\/cropped-Logo-COMAU.png\",\"width\":434,\"height\":434,\"caption\":\"Comau\"},\"image\":{\"@id\":\"https:\/\/www.comau.com\/fr\/#\/schema\/logo\/image\/\"},\"sameAs\":[\"https:\/\/www.facebook.com\/COMAU\/\",\"https:\/\/x.com\/comaugroup\",\"https:\/\/www.instagram.com\/comaugroup\/\",\"https:\/\/www.linkedin.com\/company\/comau\",\"https:\/\/www.youtube.com\/user\/comau\"]}]}<\/script>\n<!-- \/ Yoast SEO plugin. -->","yoast_head_json":{"title":"Int\u00e9gration syst\u00e8mes d'usinage et logistique | Comau","description":"D\u00e9couvrez les solutions et l'int\u00e9gration des syst\u00e8mes d'usinage et l'automatisation logistique de Comau\u00a0: optimisez votre entreprise\u00a0!","robots":{"index":"index","follow":"follow","max-snippet":"max-snippet:-1","max-image-preview":"max-image-preview:large","max-video-preview":"max-video-preview:-1"},"canonical":"https:\/\/www.comau.com\/fr\/competencies\/products-solutions\/machining-system-products\/turnkey-systems\/","og_locale":"fr_FR","og_type":"article","og_title":"Int\u00e9gration syst\u00e8mes d'usinage et logistique | Comau","og_description":"D\u00e9couvrez les solutions et l'int\u00e9gration des syst\u00e8mes d'usinage et l'automatisation logistique de Comau\u00a0: optimisez votre entreprise\u00a0!","og_url":"https:\/\/www.comau.com\/fr\/competencies\/products-solutions\/machining-system-products\/turnkey-systems\/","og_site_name":"Comau","article_publisher":"https:\/\/www.facebook.com\/COMAU\/","article_modified_time":"2023-05-16T22:54:24+00:00","og_image":[{"width":1280,"height":485,"url":"https:\/\/www.comau.com\/wp-content\/uploads\/2021\/06\/Canvas-interni-robot.jpg","type":"image\/jpeg"}],"twitter_card":"summary_large_image","twitter_site":"@comaugroup","twitter_misc":{"Dur\u00e9e de lecture estim\u00e9e":"4 minutes"},"schema":{"@context":"https:\/\/schema.org","@graph":[{"@type":"WebPage","@id":"https:\/\/www.comau.com\/fr\/competencies\/products-solutions\/machining-system-products\/turnkey-systems\/","url":"https:\/\/www.comau.com\/fr\/competencies\/products-solutions\/machining-system-products\/turnkey-systems\/","name":"Int\u00e9gration syst\u00e8mes d'usinage et logistique | Comau","isPartOf":{"@id":"https:\/\/www.comau.com\/fr\/#website"},"primaryImageOfPage":{"@id":"https:\/\/www.comau.com\/fr\/competencies\/products-solutions\/machining-system-products\/turnkey-systems\/#primaryimage"},"image":{"@id":"https:\/\/www.comau.com\/fr\/competencies\/products-solutions\/machining-system-products\/turnkey-systems\/#primaryimage"},"thumbnailUrl":"https:\/\/www.comau.com\/wp-content\/uploads\/2021\/06\/Canvas-interni-robot.jpg","datePublished":"2021-06-08T09:29:42+00:00","dateModified":"2023-05-16T22:54:24+00:00","description":"D\u00e9couvrez les solutions et l'int\u00e9gration des syst\u00e8mes d'usinage et l'automatisation logistique de Comau\u00a0: optimisez votre entreprise\u00a0!","breadcrumb":{"@id":"https:\/\/www.comau.com\/fr\/competencies\/products-solutions\/machining-system-products\/turnkey-systems\/#breadcrumb"},"inLanguage":"fr-FR","potentialAction":[{"@type":"ReadAction","target":["https:\/\/www.comau.com\/fr\/competencies\/products-solutions\/machining-system-products\/turnkey-systems\/"]}]},{"@type":"ImageObject","inLanguage":"fr-FR","@id":"https:\/\/www.comau.com\/fr\/competencies\/products-solutions\/machining-system-products\/turnkey-systems\/#primaryimage","url":"https:\/\/www.comau.com\/wp-content\/uploads\/2021\/06\/Canvas-interni-robot.jpg","contentUrl":"https:\/\/www.comau.com\/wp-content\/uploads\/2021\/06\/Canvas-interni-robot.jpg","width":1280,"height":485},{"@type":"BreadcrumbList","@id":"https:\/\/www.comau.com\/fr\/competencies\/products-solutions\/machining-system-products\/turnkey-systems\/#breadcrumb","itemListElement":[{"@type":"ListItem","position":1,"name":"Home","item":"https:\/\/www.comau.com\/fr\/"},{"@type":"ListItem","position":2,"name":"Nos comp\u00e9tences","item":"https:\/\/www.comau.com\/fr\/competencies\/"},{"@type":"ListItem","position":3,"name":"Products &amp; Solutions","item":"https:\/\/www.comau.com\/fr\/competencies\/products-solutions\/"},{"@type":"ListItem","position":4,"name":"Machining System &amp; Products","item":"https:\/\/www.comau.com\/fr\/competencies\/products-solutions\/machining-system-products\/"},{"@type":"ListItem","position":5,"name":"Int\u00e9gration syst\u00e8mes d&#8217;usinage et logistique"}]},{"@type":"WebSite","@id":"https:\/\/www.comau.com\/fr\/#website","url":"https:\/\/www.comau.com\/fr\/","name":"Comau","description":"Industrial automation and robotics","publisher":{"@id":"https:\/\/www.comau.com\/fr\/#organization"},"potentialAction":[{"@type":"SearchAction","target":{"@type":"EntryPoint","urlTemplate":"https:\/\/www.comau.com\/fr\/?s={search_term_string}"},"query-input":{"@type":"PropertyValueSpecification","valueRequired":true,"valueName":"search_term_string"}}],"inLanguage":"fr-FR"},{"@type":"Organization","@id":"https:\/\/www.comau.com\/fr\/#organization","name":"Comau","url":"https:\/\/www.comau.com\/fr\/","logo":{"@type":"ImageObject","inLanguage":"fr-FR","@id":"https:\/\/www.comau.com\/fr\/#\/schema\/logo\/image\/","url":"https:\/\/www.comau.com\/wp-content\/uploads\/2024\/07\/cropped-Logo-COMAU.png","contentUrl":"https:\/\/www.comau.com\/wp-content\/uploads\/2024\/07\/cropped-Logo-COMAU.png","width":434,"height":434,"caption":"Comau"},"image":{"@id":"https:\/\/www.comau.com\/fr\/#\/schema\/logo\/image\/"},"sameAs":["https:\/\/www.facebook.com\/COMAU\/","https:\/\/x.com\/comaugroup","https:\/\/www.instagram.com\/comaugroup\/","https:\/\/www.linkedin.com\/company\/comau","https:\/\/www.youtube.com\/user\/comau"]}]}},"_links":{"self":[{"href":"https:\/\/www.comau.com\/fr\/wp-json\/wp\/v2\/pages\/23054","targetHints":{"allow":["GET"]}}],"collection":[{"href":"https:\/\/www.comau.com\/fr\/wp-json\/wp\/v2\/pages"}],"about":[{"href":"https:\/\/www.comau.com\/fr\/wp-json\/wp\/v2\/types\/page"}],"author":[{"embeddable":true,"href":"https:\/\/www.comau.com\/fr\/wp-json\/wp\/v2\/users\/11"}],"replies":[{"embeddable":true,"href":"https:\/\/www.comau.com\/fr\/wp-json\/wp\/v2\/comments?post=23054"}],"version-history":[{"count":67,"href":"https:\/\/www.comau.com\/fr\/wp-json\/wp\/v2\/pages\/23054\/revisions"}],"predecessor-version":[{"id":53268,"href":"https:\/\/www.comau.com\/fr\/wp-json\/wp\/v2\/pages\/23054\/revisions\/53268"}],"up":[{"embeddable":true,"href":"https:\/\/www.comau.com\/fr\/wp-json\/wp\/v2\/pages\/5835"}],"wp:featuredmedia":[{"embeddable":true,"href":"https:\/\/www.comau.com\/fr\/wp-json\/wp\/v2\/media\/5867"}],"wp:attachment":[{"href":"https:\/\/www.comau.com\/fr\/wp-json\/wp\/v2\/media?parent=23054"}],"curies":[{"name":"wp","href":"https:\/\/api.w.org\/{rel}","templated":true}]}}