{"id":23049,"date":"2021-06-08T11:29:58","date_gmt":"2021-06-08T09:29:58","guid":{"rendered":"https:\/\/www.comau.com\/?page_id=23049"},"modified":"2022-02-07T14:03:15","modified_gmt":"2022-02-07T13:03:15","slug":"customer-services-and-digital-retooling","status":"publish","type":"page","link":"https:\/\/www.comau.com\/fr\/competencies\/products-solutions\/machining-system-products\/customer-services-and-digital-retooling\/","title":{"rendered":"Services client et r\u00e9outillage num\u00e9rique"},"content":{"rendered":"\n<h2 class=\"wp-block-heading\" id=\"support-a-grande-echelle\">Support \u00e0 grande \u00e9chelle<\/h2>\n\n\n\n<p>Comau offre des services transversaux complets s&rsquo;appuyant sur un r\u00e9seau mondial de service client, une large gamme de pi\u00e8ces de rechange et de programmes de formation personnalis\u00e9s. Nous offrons \u00e9galement des services professionnels d&rsquo;analyse et de maintenance des machines en plus de solutions de r\u00e9novation et de r\u00e9outillage. Nos services couvrent tous les types de machines, quel que soit le fabricant, et incluent toutes les op\u00e9rations allant de la configuration \u00e0 la mise en service en passant par le d\u00e9pannage, le test et la r\u00e9ponse aux demandes des clients. <\/p>\n\n\n\n<div class=\"wp-block-image\"><figure class=\"aligncenter size-large\"><img decoding=\"async\" width=\"780\" height=\"463\" src=\"https:\/\/www.comau.com\/wp-content\/uploads\/2021\/06\/CustomerCare.png\" alt=\"\" class=\"wp-image-9804\" srcset=\"https:\/\/www.comau.com\/wp-content\/uploads\/2021\/06\/CustomerCare.png 780w, https:\/\/www.comau.com\/wp-content\/uploads\/2021\/06\/CustomerCare-300x178.png 300w, https:\/\/www.comau.com\/wp-content\/uploads\/2021\/06\/CustomerCare-768x456.png 768w\" sizes=\"(max-width: 780px) 100vw, 780px\" \/><\/figure><\/div>\n\n\n\n<h2 class=\"wp-block-heading\" id=\"service-client\">Service client<\/h2>\n\n\n\n<h3 class=\"wp-block-heading\" id=\"garantie-et-assistance\">Garantie et assistance<\/h3>\n\n\n\n<ul class=\"wp-block-list\"><li>Des techniciens hautement qualifi\u00e9s <\/li><li>Contr\u00f4les de la garantie pour s&rsquo;assurer des performances optimales des machines install\u00e9es <\/li><li>Assistance r\u00e9guli\u00e8re et sur demande pendant la production <\/li><li>Support sur site par une pr\u00e9sence locale <\/li><li>Modifications des machines install\u00e9es <\/li><\/ul>\n\n\n\n<h3 class=\"wp-block-heading\" id=\"detection-des-pannes-et-maintenance-predictive-suivi-de-l-etat-des-machines-et-reparation\">D\u00e9tection des pannes et maintenance pr\u00e9dictive, suivi de l&rsquo;\u00e9tat des machines et r\u00e9paration<\/h3>\n\n\n\n<ul class=\"wp-block-list\"><li>Concept de partenariat de maintenance des machines pour aider et accompagner les \u00e9quipes de maintenance des usines de nos clients <\/li><li>Contr\u00f4le de la g\u00e9om\u00e9trie pour d\u00e9tecter les \u00e9carts des axes de d\u00e9placement <\/li><li>D\u00e9tection et rectification des d\u00e9faut via des diagnostics \u00e0 distance (e-wan) <\/li><li>Surveillance \u00e0 distance des performances des broches, service Dr. Spindle <\/li><li>Red\u00e9marrage rapide des machines <\/li><\/ul>\n\n\n\n<h3 class=\"wp-block-heading\" id=\"gestion-des-pieces-de-rechange\">Gestion des pi\u00e8ces de rechange<\/h3>\n\n\n\n<ul class=\"wp-block-list\"><li>Pi\u00e8ces d&rsquo;usure et de rechange d&rsquo;origine <\/li><li>Livraison de modules complets et de kits <\/li><li>Solution de stockage <\/li><\/ul>\n\n\n\n<h2 class=\"wp-block-heading\" id=\"formation\">Formation<\/h2>\n\n\n\n<p>Nous proposons des programmes de formation standard et personnalis\u00e9s pour vous aider \u00e0 tirer le meilleur de nos machines et \u00e0 maximiser le rendement du capital que vous avez investi. Nos formations ont \u00e9t\u00e9 con\u00e7ues pour r\u00e9pondre \u00e0 vos besoins et sont disponibles pour tous les secteurs et les produits de notre large gamme<\/p>\n\n\n\n<ul class=\"wp-block-list\"><li>Formation standard et avanc\u00e9e <\/li><li>Solutions personnalis\u00e9es <\/li><li>e-Learning (formation multim\u00e9dia) <\/li><li>R\u00e9alit\u00e9 augment\u00e9e et assistance \u00e0 distance <\/li><li>Comau web Academy <\/li><\/ul>\n\n\n\n<p>Nos formations couvrent toutes les t\u00e2ches op\u00e9rationnelles et de maintenance notamment dans les domaines m\u00e9caniques, \u00e9lectriques, des fluides, la programmation et le d\u00e9pannage, la s\u00e9curit\u00e9 et l&rsquo;ergonomie. <\/p>\n\n\n\n<h2 class=\"wp-block-heading\" id=\"reoutillage\">R\u00e9outillage<\/h2>\n\n\n\n<p>Notre service de r\u00e9outillage mondial est ind\u00e9pendant du fabricant et des processus d&rsquo;usinage utilis\u00e9s et implique une refonte compl\u00e8te des machines-outils et de leurs composants, notamment via des solutions IoT (Internet des objets). <\/p>\n\n\n\n<div class=\"wp-block-image\"><figure class=\"aligncenter size-large\"><img decoding=\"async\" width=\"780\" height=\"400\" src=\"https:\/\/www.comau.com\/wp-content\/uploads\/2021\/06\/retooling.jpg\" alt=\"\" class=\"wp-image-9809\" srcset=\"https:\/\/www.comau.com\/wp-content\/uploads\/2021\/06\/retooling.jpg 780w, https:\/\/www.comau.com\/wp-content\/uploads\/2021\/06\/retooling-300x154.jpg 300w, https:\/\/www.comau.com\/wp-content\/uploads\/2021\/06\/retooling-768x394.jpg 768w\" sizes=\"(max-width: 780px) 100vw, 780px\" \/><\/figure><\/div>\n\n\n\n<p>Notre sch\u00e9ma de comp\u00e9tences s&rsquo;appuie sur des experts sp\u00e9cialis\u00e9s en mati\u00e8re d&rsquo;achats, de fabrication, de gestion de la qualit\u00e9, de la mise en service \u00e9lectrique et de la documentation.<\/p>\n\n\n\n<h3 class=\"wp-block-heading\" id=\"notre-expertise\">Notre expertise<\/h3>\n\n\n\n<ul class=\"wp-block-list\"><li>Ing\u00e9nierie des processus et configuration<\/li><li>Int\u00e9gration des machine neuves ou d&rsquo;occasion<\/li><li>Automatisation, logistique, syst\u00e8mes de pr\u00e9hension<\/li><li>Remise en \u00e9tat des anciennes machines (de toutes marques)<\/li><li>Gestion sur site<\/li><li>Int\u00e9gration num\u00e9rique<\/li><\/ul>\n\n\n\n<h3 class=\"wp-block-heading\" id=\"vos-besoins\">Vos besoins<\/h3>\n\n\n\n<ul class=\"wp-block-list\"><li>D\u00e9m\u00e9nagement et r\u00e9utilisation des \u00e9quipements existants<\/li><li>Extension de capacit\u00e9<\/li><li>Mise en place de nouveaux programmes de production<\/li><li>Courte p\u00e9riode d&rsquo;arr\u00eat<\/li><li>Mise en \u0153uvre de l&rsquo;IoT<\/li><\/ul>\n\n\n\n<h3 class=\"wp-block-heading\" id=\"vos-avantages\">Vos avantages<\/h3>\n\n\n\n<ul class=\"wp-block-list\"><li>Un compromis optimal entre co\u00fbts et qualit\u00e9<\/li><li>La solution id\u00e9ale entre les cycles d&rsquo;investissement <\/li><li>Un red\u00e9marrage et une acc\u00e9l\u00e9ration de la production rapides <\/li><li>Une approche personnalis\u00e9e : transformation de projets et de pi\u00e8ces de diff\u00e9rentes tailles en syst\u00e8mes cl\u00e9s en main<\/li><li>Tous les avantages de l&rsquo;int\u00e9gration num\u00e9rique <ul><li>Facilit\u00e9 d&rsquo;utilisation<\/li><li>Facilit\u00e9 d&rsquo;entretien<\/li><li>Taux de rendement synth\u00e9tique (TRS) sup\u00e9rieur<\/li><li>Support efficace<\/li><li>Qualit\u00e9 sup\u00e9rieure<\/li><li>Am\u00e9lioration continue<\/li><\/ul><\/li><\/ul>\n\n\n\n<h2 class=\"wp-block-heading\" id=\"reoutillage-numerique-garantissant-une-reussite-continue\">R\u00e9outillage num\u00e9rique garantissant une r\u00e9ussite continue<\/h2>\n\n\n\n<ul class=\"wp-block-list\"><li>Aide \u00e0 l&rsquo;utilisation et \u00e0 la maintenance<\/li><li>Maintenance pr\u00e9ventive et pr\u00e9dictive<\/li><li>Services Digital Twin<\/li><li>Assistance \u00e0 distance<\/li><li>Gestion des pi\u00e8ces de rechange<\/li><li>S\u00e9curit\u00e9 des op\u00e9rateurs et des machines<\/li><li>Cybers\u00e9curit\u00e9<\/li><\/ul>\n\n\n\n<h2 class=\"wp-block-heading\" id=\"mise-a-niveau\">Mise \u00e0 niveau<\/h2>\n\n\n\n<h3 class=\"wp-block-heading\" id=\"optimisation-des-performances\">Optimisation des performances<\/h3>\n\n\n\n<p>Gr\u00e2ce \u00e0 notre savoir-faire et notre longue exp\u00e9rience en mati\u00e8re de processus, les sp\u00e9cialistes de l&rsquo;entretien Comau peuvent vous aider \u00e0 augmenter l&rsquo;efficacit\u00e9 et la productivit\u00e9 de vos machines et syst\u00e8mes en modifiant les param\u00e8tres BT, en int\u00e9grant de nouveaux syst\u00e8mes de commande ou en utilisant de nouvelles technologies<\/p>\n\n\n\n<ul class=\"wp-block-list\"><li>Discussion technique pr\u00e9liminaire<\/li><li>Contr\u00f4le des temps de cycle du processus actuel<\/li><li>Contr\u00f4le de la qualit\u00e9 du processus actuel<\/li><li>Modifications pour am\u00e9liorer les temps de cycle et la qualit\u00e9 de la production<\/li><li>Am\u00e9lioration de la fiabilit\u00e9 et de la facilit\u00e9 de maintenance de l&rsquo;\u00e9quipement<\/li><li>Optimisation du retour sur investissement<\/li><\/ul>\n\n\n\n<h3 class=\"wp-block-heading\" id=\"remise-en-etat\">Remise en \u00e9tat<\/h3>\n\n\n\n<p>La remise en \u00e9tat peut vous permettre de conserver une machine traditionnelle sans sacrifier la fiabilit\u00e9 et la qualit\u00e9, et constitue une solution id\u00e9ale pour faire la transition en attendant de nouveaux investissements technologiques.<\/p>\n\n\n\n<ul class=\"wp-block-list\"><li><strong>M\u00e9canique :<\/strong> r\u00e9paration des coulisses, remplacement des pi\u00e8ces d&rsquo;usure, reconditionnement des broches, remplacement des composants obsol\u00e8tes, ajustement de la g\u00e9om\u00e9trie.<\/li><li><strong>Fluides :<\/strong> nettoyage, r\u00e9paration des fuites, contr\u00f4le et changement des flexibles, filtres, remplacement des composants obsol\u00e8tes, ajustement du d\u00e9bit et de la pression.<\/li><li><strong>\u00c9lectricit\u00e9 :<\/strong> remise en \u00e9tat des armoires et des panneaux \u00e9lectriques, remplacement des c\u00e2bles, des capteurs, des actionneurs, remplacement des composants obsol\u00e8tes.<\/li><li><strong>Syst\u00e8mes de commande et entra\u00eenements :<\/strong> remplacement des \u00e9quipements obsol\u00e8tes.<\/li><li><strong>Logiciels :<\/strong> contr\u00f4le et mise \u00e0 niveau des logiciels.<\/li><\/ul>\n\n\n\n<h3 class=\"wp-block-heading\" id=\"services-de-conseil\">Services de conseil<\/h3>\n\n\n\n<p>Nous nous engageons \u00e0 aider les entreprises \u00e0 am\u00e9liorer leur comp\u00e9titivit\u00e9. Pour ce faire, nous mettons \u00e0 votre disposition un ensemble de comp\u00e9tences et d&rsquo;exp\u00e9riences concr\u00e8tes pour identifier et prioriser les zones d&rsquo;am\u00e9lioration capables d&rsquo;impacter v\u00e9ritablement votre activit\u00e9.<\/p>\n\n\n\n<ul class=\"wp-block-list\"><li>Solutions syst\u00e8mes<\/li><li>Conseil en mati\u00e8re de r\u00e9duction des CAPEX<\/li><li>Am\u00e9lioration du TRS des lignes existantes <\/li><li>\u00c9tude de faisabilit\u00e9 des processus de production \u00e9cologiques ou de la reconversion des friches industrielles <\/li><li>Gestion des installations <\/li><li>\u00c9valuation Industrie 4.0<\/li><\/ul>\n","protected":false},"excerpt":{"rendered":"<p>Support \u00e0 grande \u00e9chelle Comau offre des services transversaux complets s&rsquo;appuyant sur un r\u00e9seau mondial de service client, une large gamme de pi\u00e8ces de rechange et de programmes de formation personnalis\u00e9s. Nous offrons \u00e9galement des services professionnels d&rsquo;analyse et de maintenance des machines en plus de solutions de r\u00e9novation et de r\u00e9outillage. Nos services couvrent [&hellip;]<\/p>\n","protected":false},"author":11,"featured_media":5868,"parent":5835,"menu_order":1,"comment_status":"closed","ping_status":"closed","template":"","meta":{"_acf_changed":false,"ep_exclude_from_search":false,"footnotes":""},"class_list":["post-23049","page","type-page","status-publish","has-post-thumbnail","hentry"],"acf":[],"yoast_head":"<!-- This site is optimized with the Yoast SEO plugin v26.9 - https:\/\/yoast.com\/product\/yoast-seo-wordpress\/ -->\n<title>Retooling num\u00e9rique et gestion des syst\u00e8mes d&#039;usinage<\/title>\n<meta name=\"description\" content=\"Comau est sp\u00e9cialis\u00e9 dans le retooling num\u00e9rique et dans la gestion et le contr\u00f4le des syst\u00e8mes d&#039;usinage\u00a0: en savoir plus...\" \/>\n<meta name=\"robots\" content=\"index, follow, max-snippet:-1, max-image-preview:large, max-video-preview:-1\" \/>\n<link rel=\"canonical\" href=\"https:\/\/www.comau.com\/fr\/competencies\/products-solutions\/machining-system-products\/customer-services-and-digital-retooling\/\" \/>\n<meta property=\"og:locale\" content=\"fr_FR\" \/>\n<meta property=\"og:type\" content=\"article\" \/>\n<meta property=\"og:title\" content=\"Retooling num\u00e9rique et gestion des syst\u00e8mes d&#039;usinage\" \/>\n<meta property=\"og:description\" content=\"Comau est sp\u00e9cialis\u00e9 dans le retooling num\u00e9rique et dans la gestion et le contr\u00f4le des syst\u00e8mes d&#039;usinage\u00a0: en savoir plus...\" \/>\n<meta property=\"og:url\" content=\"https:\/\/www.comau.com\/fr\/competencies\/products-solutions\/machining-system-products\/customer-services-and-digital-retooling\/\" \/>\n<meta property=\"og:site_name\" content=\"Comau\" \/>\n<meta property=\"article:publisher\" content=\"https:\/\/www.facebook.com\/COMAU\/\" \/>\n<meta property=\"article:modified_time\" content=\"2022-02-07T13:03:15+00:00\" \/>\n<meta property=\"og:image\" content=\"https:\/\/www.comau.com\/wp-content\/uploads\/2021\/06\/Canvas-interni-mano.jpg\" \/>\n\t<meta property=\"og:image:width\" content=\"1280\" \/>\n\t<meta property=\"og:image:height\" content=\"485\" \/>\n\t<meta property=\"og:image:type\" content=\"image\/jpeg\" \/>\n<meta name=\"twitter:card\" content=\"summary_large_image\" \/>\n<meta name=\"twitter:site\" content=\"@comaugroup\" \/>\n<meta name=\"twitter:label1\" content=\"Dur\u00e9e de lecture estim\u00e9e\" \/>\n\t<meta name=\"twitter:data1\" content=\"5 minutes\" \/>\n<script type=\"application\/ld+json\" class=\"yoast-schema-graph\">{\"@context\":\"https:\/\/schema.org\",\"@graph\":[{\"@type\":\"WebPage\",\"@id\":\"https:\/\/www.comau.com\/fr\/competencies\/products-solutions\/machining-system-products\/customer-services-and-digital-retooling\/\",\"url\":\"https:\/\/www.comau.com\/fr\/competencies\/products-solutions\/machining-system-products\/customer-services-and-digital-retooling\/\",\"name\":\"Retooling num\u00e9rique et gestion des syst\u00e8mes d'usinage\",\"isPartOf\":{\"@id\":\"https:\/\/www.comau.com\/fr\/#website\"},\"primaryImageOfPage\":{\"@id\":\"https:\/\/www.comau.com\/fr\/competencies\/products-solutions\/machining-system-products\/customer-services-and-digital-retooling\/#primaryimage\"},\"image\":{\"@id\":\"https:\/\/www.comau.com\/fr\/competencies\/products-solutions\/machining-system-products\/customer-services-and-digital-retooling\/#primaryimage\"},\"thumbnailUrl\":\"https:\/\/www.comau.com\/wp-content\/uploads\/2021\/06\/Canvas-interni-mano.jpg\",\"datePublished\":\"2021-06-08T09:29:58+00:00\",\"dateModified\":\"2022-02-07T13:03:15+00:00\",\"description\":\"Comau est sp\u00e9cialis\u00e9 dans le retooling num\u00e9rique et dans la gestion et le contr\u00f4le des syst\u00e8mes d'usinage\u00a0: en savoir plus...\",\"breadcrumb\":{\"@id\":\"https:\/\/www.comau.com\/fr\/competencies\/products-solutions\/machining-system-products\/customer-services-and-digital-retooling\/#breadcrumb\"},\"inLanguage\":\"fr-FR\",\"potentialAction\":[{\"@type\":\"ReadAction\",\"target\":[\"https:\/\/www.comau.com\/fr\/competencies\/products-solutions\/machining-system-products\/customer-services-and-digital-retooling\/\"]}]},{\"@type\":\"ImageObject\",\"inLanguage\":\"fr-FR\",\"@id\":\"https:\/\/www.comau.com\/fr\/competencies\/products-solutions\/machining-system-products\/customer-services-and-digital-retooling\/#primaryimage\",\"url\":\"https:\/\/www.comau.com\/wp-content\/uploads\/2021\/06\/Canvas-interni-mano.jpg\",\"contentUrl\":\"https:\/\/www.comau.com\/wp-content\/uploads\/2021\/06\/Canvas-interni-mano.jpg\",\"width\":1280,\"height\":485},{\"@type\":\"BreadcrumbList\",\"@id\":\"https:\/\/www.comau.com\/fr\/competencies\/products-solutions\/machining-system-products\/customer-services-and-digital-retooling\/#breadcrumb\",\"itemListElement\":[{\"@type\":\"ListItem\",\"position\":1,\"name\":\"Home\",\"item\":\"https:\/\/www.comau.com\/fr\/\"},{\"@type\":\"ListItem\",\"position\":2,\"name\":\"Nos comp\u00e9tences\",\"item\":\"https:\/\/www.comau.com\/fr\/competencies\/\"},{\"@type\":\"ListItem\",\"position\":3,\"name\":\"Products &amp; Solutions\",\"item\":\"https:\/\/www.comau.com\/fr\/competencies\/products-solutions\/\"},{\"@type\":\"ListItem\",\"position\":4,\"name\":\"Machining System &amp; Products\",\"item\":\"https:\/\/www.comau.com\/fr\/competencies\/products-solutions\/machining-system-products\/\"},{\"@type\":\"ListItem\",\"position\":5,\"name\":\"Services client et r\u00e9outillage num\u00e9rique\"}]},{\"@type\":\"WebSite\",\"@id\":\"https:\/\/www.comau.com\/fr\/#website\",\"url\":\"https:\/\/www.comau.com\/fr\/\",\"name\":\"Comau\",\"description\":\"Industrial automation and robotics\",\"publisher\":{\"@id\":\"https:\/\/www.comau.com\/fr\/#organization\"},\"potentialAction\":[{\"@type\":\"SearchAction\",\"target\":{\"@type\":\"EntryPoint\",\"urlTemplate\":\"https:\/\/www.comau.com\/fr\/?s={search_term_string}\"},\"query-input\":{\"@type\":\"PropertyValueSpecification\",\"valueRequired\":true,\"valueName\":\"search_term_string\"}}],\"inLanguage\":\"fr-FR\"},{\"@type\":\"Organization\",\"@id\":\"https:\/\/www.comau.com\/fr\/#organization\",\"name\":\"Comau\",\"url\":\"https:\/\/www.comau.com\/fr\/\",\"logo\":{\"@type\":\"ImageObject\",\"inLanguage\":\"fr-FR\",\"@id\":\"https:\/\/www.comau.com\/fr\/#\/schema\/logo\/image\/\",\"url\":\"https:\/\/www.comau.com\/wp-content\/uploads\/2024\/07\/cropped-Logo-COMAU.png\",\"contentUrl\":\"https:\/\/www.comau.com\/wp-content\/uploads\/2024\/07\/cropped-Logo-COMAU.png\",\"width\":434,\"height\":434,\"caption\":\"Comau\"},\"image\":{\"@id\":\"https:\/\/www.comau.com\/fr\/#\/schema\/logo\/image\/\"},\"sameAs\":[\"https:\/\/www.facebook.com\/COMAU\/\",\"https:\/\/x.com\/comaugroup\",\"https:\/\/www.instagram.com\/comaugroup\/\",\"https:\/\/www.linkedin.com\/company\/comau\",\"https:\/\/www.youtube.com\/user\/comau\"]}]}<\/script>\n<!-- \/ Yoast SEO plugin. -->","yoast_head_json":{"title":"Retooling num\u00e9rique et gestion des syst\u00e8mes d'usinage","description":"Comau est sp\u00e9cialis\u00e9 dans le retooling num\u00e9rique et dans la gestion et le contr\u00f4le des syst\u00e8mes d'usinage\u00a0: en savoir plus...","robots":{"index":"index","follow":"follow","max-snippet":"max-snippet:-1","max-image-preview":"max-image-preview:large","max-video-preview":"max-video-preview:-1"},"canonical":"https:\/\/www.comau.com\/fr\/competencies\/products-solutions\/machining-system-products\/customer-services-and-digital-retooling\/","og_locale":"fr_FR","og_type":"article","og_title":"Retooling num\u00e9rique et gestion des syst\u00e8mes d'usinage","og_description":"Comau est sp\u00e9cialis\u00e9 dans le retooling num\u00e9rique et dans la gestion et le contr\u00f4le des syst\u00e8mes d'usinage\u00a0: en savoir plus...","og_url":"https:\/\/www.comau.com\/fr\/competencies\/products-solutions\/machining-system-products\/customer-services-and-digital-retooling\/","og_site_name":"Comau","article_publisher":"https:\/\/www.facebook.com\/COMAU\/","article_modified_time":"2022-02-07T13:03:15+00:00","og_image":[{"width":1280,"height":485,"url":"https:\/\/www.comau.com\/wp-content\/uploads\/2021\/06\/Canvas-interni-mano.jpg","type":"image\/jpeg"}],"twitter_card":"summary_large_image","twitter_site":"@comaugroup","twitter_misc":{"Dur\u00e9e de lecture estim\u00e9e":"5 minutes"},"schema":{"@context":"https:\/\/schema.org","@graph":[{"@type":"WebPage","@id":"https:\/\/www.comau.com\/fr\/competencies\/products-solutions\/machining-system-products\/customer-services-and-digital-retooling\/","url":"https:\/\/www.comau.com\/fr\/competencies\/products-solutions\/machining-system-products\/customer-services-and-digital-retooling\/","name":"Retooling num\u00e9rique et gestion des syst\u00e8mes d'usinage","isPartOf":{"@id":"https:\/\/www.comau.com\/fr\/#website"},"primaryImageOfPage":{"@id":"https:\/\/www.comau.com\/fr\/competencies\/products-solutions\/machining-system-products\/customer-services-and-digital-retooling\/#primaryimage"},"image":{"@id":"https:\/\/www.comau.com\/fr\/competencies\/products-solutions\/machining-system-products\/customer-services-and-digital-retooling\/#primaryimage"},"thumbnailUrl":"https:\/\/www.comau.com\/wp-content\/uploads\/2021\/06\/Canvas-interni-mano.jpg","datePublished":"2021-06-08T09:29:58+00:00","dateModified":"2022-02-07T13:03:15+00:00","description":"Comau est sp\u00e9cialis\u00e9 dans le retooling num\u00e9rique et dans la gestion et le contr\u00f4le des syst\u00e8mes d'usinage\u00a0: en savoir plus...","breadcrumb":{"@id":"https:\/\/www.comau.com\/fr\/competencies\/products-solutions\/machining-system-products\/customer-services-and-digital-retooling\/#breadcrumb"},"inLanguage":"fr-FR","potentialAction":[{"@type":"ReadAction","target":["https:\/\/www.comau.com\/fr\/competencies\/products-solutions\/machining-system-products\/customer-services-and-digital-retooling\/"]}]},{"@type":"ImageObject","inLanguage":"fr-FR","@id":"https:\/\/www.comau.com\/fr\/competencies\/products-solutions\/machining-system-products\/customer-services-and-digital-retooling\/#primaryimage","url":"https:\/\/www.comau.com\/wp-content\/uploads\/2021\/06\/Canvas-interni-mano.jpg","contentUrl":"https:\/\/www.comau.com\/wp-content\/uploads\/2021\/06\/Canvas-interni-mano.jpg","width":1280,"height":485},{"@type":"BreadcrumbList","@id":"https:\/\/www.comau.com\/fr\/competencies\/products-solutions\/machining-system-products\/customer-services-and-digital-retooling\/#breadcrumb","itemListElement":[{"@type":"ListItem","position":1,"name":"Home","item":"https:\/\/www.comau.com\/fr\/"},{"@type":"ListItem","position":2,"name":"Nos comp\u00e9tences","item":"https:\/\/www.comau.com\/fr\/competencies\/"},{"@type":"ListItem","position":3,"name":"Products &amp; Solutions","item":"https:\/\/www.comau.com\/fr\/competencies\/products-solutions\/"},{"@type":"ListItem","position":4,"name":"Machining System &amp; Products","item":"https:\/\/www.comau.com\/fr\/competencies\/products-solutions\/machining-system-products\/"},{"@type":"ListItem","position":5,"name":"Services client et r\u00e9outillage num\u00e9rique"}]},{"@type":"WebSite","@id":"https:\/\/www.comau.com\/fr\/#website","url":"https:\/\/www.comau.com\/fr\/","name":"Comau","description":"Industrial automation and robotics","publisher":{"@id":"https:\/\/www.comau.com\/fr\/#organization"},"potentialAction":[{"@type":"SearchAction","target":{"@type":"EntryPoint","urlTemplate":"https:\/\/www.comau.com\/fr\/?s={search_term_string}"},"query-input":{"@type":"PropertyValueSpecification","valueRequired":true,"valueName":"search_term_string"}}],"inLanguage":"fr-FR"},{"@type":"Organization","@id":"https:\/\/www.comau.com\/fr\/#organization","name":"Comau","url":"https:\/\/www.comau.com\/fr\/","logo":{"@type":"ImageObject","inLanguage":"fr-FR","@id":"https:\/\/www.comau.com\/fr\/#\/schema\/logo\/image\/","url":"https:\/\/www.comau.com\/wp-content\/uploads\/2024\/07\/cropped-Logo-COMAU.png","contentUrl":"https:\/\/www.comau.com\/wp-content\/uploads\/2024\/07\/cropped-Logo-COMAU.png","width":434,"height":434,"caption":"Comau"},"image":{"@id":"https:\/\/www.comau.com\/fr\/#\/schema\/logo\/image\/"},"sameAs":["https:\/\/www.facebook.com\/COMAU\/","https:\/\/x.com\/comaugroup","https:\/\/www.instagram.com\/comaugroup\/","https:\/\/www.linkedin.com\/company\/comau","https:\/\/www.youtube.com\/user\/comau"]}]}},"_links":{"self":[{"href":"https:\/\/www.comau.com\/fr\/wp-json\/wp\/v2\/pages\/23049","targetHints":{"allow":["GET"]}}],"collection":[{"href":"https:\/\/www.comau.com\/fr\/wp-json\/wp\/v2\/pages"}],"about":[{"href":"https:\/\/www.comau.com\/fr\/wp-json\/wp\/v2\/types\/page"}],"author":[{"embeddable":true,"href":"https:\/\/www.comau.com\/fr\/wp-json\/wp\/v2\/users\/11"}],"replies":[{"embeddable":true,"href":"https:\/\/www.comau.com\/fr\/wp-json\/wp\/v2\/comments?post=23049"}],"version-history":[{"count":94,"href":"https:\/\/www.comau.com\/fr\/wp-json\/wp\/v2\/pages\/23049\/revisions"}],"predecessor-version":[{"id":42016,"href":"https:\/\/www.comau.com\/fr\/wp-json\/wp\/v2\/pages\/23049\/revisions\/42016"}],"up":[{"embeddable":true,"href":"https:\/\/www.comau.com\/fr\/wp-json\/wp\/v2\/pages\/5835"}],"wp:featuredmedia":[{"embeddable":true,"href":"https:\/\/www.comau.com\/fr\/wp-json\/wp\/v2\/media\/5868"}],"wp:attachment":[{"href":"https:\/\/www.comau.com\/fr\/wp-json\/wp\/v2\/media?parent=23049"}],"curies":[{"name":"wp","href":"https:\/\/api.w.org\/{rel}","templated":true}]}}