{"id":22294,"date":"2021-06-08T14:51:32","date_gmt":"2021-06-08T12:51:32","guid":{"rendered":"https:\/\/www.comau.com\/?page_id=22294"},"modified":"2022-02-07T14:14:33","modified_gmt":"2022-02-07T13:14:33","slug":"teach-pendant","status":"publish","type":"page","link":"https:\/\/www.comau.com\/fr\/competencies\/products-solutions\/controls-auxiliary-equipment\/teach-pendant\/","title":{"rendered":"Teach pendant"},"content":{"rendered":"\n<p>Ergonomie am\u00e9lior\u00e9e, r\u00e9duction de la fatigue des articulations, facilit\u00e9 d&rsquo;utilisation, poids total r\u00e9duit, plus grande libert\u00e9 de mouvement. La puissance est entre vos mains.<\/p>\n\n\n\n<div class=\"wp-block-getwid-images-slider has-arrows-inside has-dots-outside has-images-center has-cropped-images\"><div class=\"wp-block-getwid-images-slider__wrapper\" data-effect=\"slide\" data-slides-show=\"1\" data-slides-show-laptop=\"1\" data-slides-show-tablet=\"1\" data-slides-show-mobile=\"1\" data-slides-scroll=\"1\" data-autoplay=\"true\" data-autoplay-speed=\"6000\" data-infinite=\"true\" data-animation-speed=\"800\" data-center-mode=\"false\" data-variable-width=\"false\" data-arrows=\"inside\" data-dots=\"outside\" data-spacing=\"none\"><div class=\"wp-block-getwid-images-slider__item\"><figure><img decoding=\"async\" width=\"1179\" height=\"401\" src=\"https:\/\/www.comau.com\/wp-content\/uploads\/2021\/06\/TP5_1.jpg\" data-id=\"938\" data-link=\"https:\/\/www.comau.com\/competencies\/robotics-automation\/controls-auxiliary-equipment\/teach-pendant\/tp5_1\/\" data-original-link=\"https:\/\/www.comau.com\/wp-content\/uploads\/2021\/06\/TP5_1.jpg\" class=\"wp-block-getwid-images-slider__image wp-image-9909\" srcset=\"https:\/\/www.comau.com\/wp-content\/uploads\/2021\/06\/TP5_1.jpg 1179w, https:\/\/www.comau.com\/wp-content\/uploads\/2021\/06\/TP5_1-300x102.jpg 300w, https:\/\/www.comau.com\/wp-content\/uploads\/2021\/06\/TP5_1-1024x348.jpg 1024w, https:\/\/www.comau.com\/wp-content\/uploads\/2021\/06\/TP5_1-768x261.jpg 768w\" sizes=\"(max-width: 1179px) 100vw, 1179px\" \/><\/figure><\/div><div class=\"wp-block-getwid-images-slider__item\"><figure><img decoding=\"async\" width=\"1179\" height=\"401\" src=\"https:\/\/www.comau.com\/wp-content\/uploads\/2021\/06\/TP5_2.jpg\" data-id=\"939\" data-link=\"https:\/\/www.comau.com\/competencies\/robotics-automation\/controls-auxiliary-equipment\/teach-pendant\/tp5_2\/\" data-original-link=\"https:\/\/www.comau.com\/wp-content\/uploads\/2021\/06\/TP5_2.jpg\" class=\"wp-block-getwid-images-slider__image wp-image-9914\" srcset=\"https:\/\/www.comau.com\/wp-content\/uploads\/2021\/06\/TP5_2.jpg 1179w, https:\/\/www.comau.com\/wp-content\/uploads\/2021\/06\/TP5_2-300x102.jpg 300w, https:\/\/www.comau.com\/wp-content\/uploads\/2021\/06\/TP5_2-1024x348.jpg 1024w, https:\/\/www.comau.com\/wp-content\/uploads\/2021\/06\/TP5_2-768x261.jpg 768w\" sizes=\"(max-width: 1179px) 100vw, 1179px\" \/><\/figure><\/div><div class=\"wp-block-getwid-images-slider__item\"><figure><img decoding=\"async\" width=\"1179\" height=\"401\" src=\"https:\/\/www.comau.com\/wp-content\/uploads\/2021\/06\/TP5_4.jpg\" data-id=\"940\" data-link=\"https:\/\/www.comau.com\/competencies\/robotics-automation\/controls-auxiliary-equipment\/teach-pendant\/tp5_4\/\" data-original-link=\"https:\/\/www.comau.com\/wp-content\/uploads\/2021\/06\/TP5_4.jpg\" class=\"wp-block-getwid-images-slider__image wp-image-9919\" srcset=\"https:\/\/www.comau.com\/wp-content\/uploads\/2021\/06\/TP5_4.jpg 1179w, https:\/\/www.comau.com\/wp-content\/uploads\/2021\/06\/TP5_4-300x102.jpg 300w, https:\/\/www.comau.com\/wp-content\/uploads\/2021\/06\/TP5_4-1024x348.jpg 1024w, https:\/\/www.comau.com\/wp-content\/uploads\/2021\/06\/TP5_4-768x261.jpg 768w\" sizes=\"(max-width: 1179px) 100vw, 1179px\" \/><\/figure><\/div><div class=\"wp-block-getwid-images-slider__item\"><figure><img decoding=\"async\" width=\"1179\" height=\"401\" src=\"https:\/\/www.comau.com\/wp-content\/uploads\/2021\/06\/TP5_5.jpg\" data-id=\"941\" data-link=\"https:\/\/www.comau.com\/competencies\/robotics-automation\/controls-auxiliary-equipment\/teach-pendant\/tp5_5\/\" data-original-link=\"https:\/\/www.comau.com\/wp-content\/uploads\/2021\/06\/TP5_5.jpg\" class=\"wp-block-getwid-images-slider__image wp-image-9924\" srcset=\"https:\/\/www.comau.com\/wp-content\/uploads\/2021\/06\/TP5_5.jpg 1179w, https:\/\/www.comau.com\/wp-content\/uploads\/2021\/06\/TP5_5-300x102.jpg 300w, https:\/\/www.comau.com\/wp-content\/uploads\/2021\/06\/TP5_5-1024x348.jpg 1024w, https:\/\/www.comau.com\/wp-content\/uploads\/2021\/06\/TP5_5-768x261.jpg 768w\" sizes=\"(max-width: 1179px) 100vw, 1179px\" \/><\/figure><\/div><\/div><\/div>\n\n\n\n<h2 class=\"wp-block-heading\" id=\"boitier-et-cable\">Bo\u00eetier et c\u00e2ble<\/h2>\n\n\n\n<ul class=\"wp-block-list\"><li>Design \u00e9labor\u00e9 et pr\u00e9cision du d\u00e9tail pour garantir une ergonomie am\u00e9lior\u00e9e <\/li><li>L&rsquo;activation de touches sur l&rsquo;arri\u00e8re r\u00e9duit la fatigue des articulations et garantit une utilisation plus facile de la zone de clavier centrale <\/li><li>La manipulation est plus facile et peut s&rsquo;effectuer de diff\u00e9rentes fa\u00e7ons, afin de r\u00e9duire la fatigue de l&rsquo;op\u00e9rateur <\/li><li>L\u00e9g\u00e8ret\u00e9 et plus grande maniabilit\u00e9 <\/li><li>La poign\u00e9e sup\u00e9rieure pratique fournit une libert\u00e9 de mouvement plus importante et permet de suspendre le bo\u00eetier de commande m\u00eame loin du contr\u00f4leur<\/li><\/ul>\n\n\n\n<h2 class=\"wp-block-heading\" id=\"convivialite\">Convivialit\u00e9<\/h2>\n\n\n\n<ul class=\"wp-block-list\"><li>La facilit\u00e9 d&rsquo;utilisation permet un apprentissage rapide par l&rsquo;op\u00e9rateur gr\u00e2ce \u00e0 une \u00ab \u00e9volution naturelle \u00bb par rapport aux versions pr\u00e9c\u00e9dentes <\/li><li>Compatibilit\u00e9 totale avec les applications existantes qui ont \u00e9t\u00e9 d\u00e9velopp\u00e9es par les clients pour la plate-forme C5G<\/li><\/ul>\n\n\n\n<h2 class=\"wp-block-heading\" id=\"architecture-materielle-et-logicielle\">Architecture mat\u00e9rielle et logicielle<\/h2>\n\n\n\n<ul class=\"wp-block-list\"><li>Graphiques am\u00e9lior\u00e9s pour une utilisation plus intuitive <\/li><li>Port USB plus rapide<\/li><\/ul>\n\n\n\n<h2 class=\"wp-block-heading\" id=\"ecran-et-clavier\">\u00c9cran et clavier<\/h2>\n\n\n\n<ul class=\"wp-block-list\"><li>Le large \u00e9cran tactile 7\u201d fournit une interaction plus simple et plus rapide <\/li><li>Fonctionnements optimis\u00e9s, m\u00eame en utilisant uniquement le clavier, pour une utilisation am\u00e9lior\u00e9e dans des environnements de production difficiles <\/li><li>Clavier simplifi\u00e9 con\u00e7u pour localiser les touches plus facilement pendant la phase de programmation gr\u00e2ce \u00e0 des r\u00e9f\u00e9rences tactiles sp\u00e9ciales sur la membrane <\/li><li>R\u00e9action du clavier am\u00e9lior\u00e9e lorsque l&rsquo;on appuie sur les boutons<\/li><\/ul>\n","protected":false},"excerpt":{"rendered":"<p>Ergonomie am\u00e9lior\u00e9e, r\u00e9duction de la fatigue des articulations, facilit\u00e9 d&rsquo;utilisation, poids total r\u00e9duit, plus grande libert\u00e9 de mouvement. La puissance est entre vos mains. Bo\u00eetier et c\u00e2ble Design \u00e9labor\u00e9 et pr\u00e9cision du d\u00e9tail pour garantir une ergonomie am\u00e9lior\u00e9e L&rsquo;activation de touches sur l&rsquo;arri\u00e8re r\u00e9duit la fatigue des articulations et garantit une utilisation plus facile de [&hellip;]<\/p>\n","protected":false},"author":11,"featured_media":6002,"parent":5976,"menu_order":4,"comment_status":"closed","ping_status":"closed","template":"","meta":{"_acf_changed":false,"ep_exclude_from_search":false,"footnotes":""},"class_list":["post-22294","page","type-page","status-publish","has-post-thumbnail","hentry"],"acf":[],"yoast_head":"<!-- This site is optimized with the Yoast SEO plugin v26.9 - https:\/\/yoast.com\/product\/yoast-seo-wordpress\/ -->\n<title>Bo\u00eetier de programmation portatif ergonomique | Comau<\/title>\n<meta name=\"description\" content=\"Le teach pendant de Comau a \u00e9t\u00e9 con\u00e7u pour \u00eatre ergonomique, pratique et l\u00e9ger afin de r\u00e9duire les efforts n\u00e9cessaires\u00a0: d\u00e9couvrez-le\u00a0!\" \/>\n<meta name=\"robots\" content=\"index, follow, max-snippet:-1, max-image-preview:large, max-video-preview:-1\" \/>\n<link rel=\"canonical\" href=\"https:\/\/www.comau.com\/fr\/competencies\/products-solutions\/controls-auxiliary-equipment\/teach-pendant\/\" \/>\n<meta property=\"og:locale\" content=\"fr_FR\" \/>\n<meta property=\"og:type\" content=\"article\" \/>\n<meta property=\"og:title\" content=\"Bo\u00eetier de programmation portatif ergonomique | Comau\" \/>\n<meta property=\"og:description\" content=\"Le teach pendant de Comau a \u00e9t\u00e9 con\u00e7u pour \u00eatre ergonomique, pratique et l\u00e9ger afin de r\u00e9duire les efforts n\u00e9cessaires\u00a0: d\u00e9couvrez-le\u00a0!\" \/>\n<meta property=\"og:url\" content=\"https:\/\/www.comau.com\/fr\/competencies\/products-solutions\/controls-auxiliary-equipment\/teach-pendant\/\" \/>\n<meta property=\"og:site_name\" content=\"Comau\" \/>\n<meta property=\"article:publisher\" content=\"https:\/\/www.facebook.com\/COMAU\/\" \/>\n<meta property=\"article:modified_time\" content=\"2022-02-07T13:14:33+00:00\" \/>\n<meta property=\"og:image\" content=\"https:\/\/www.comau.com\/wp-content\/uploads\/2021\/06\/tech-pendant_header.jpg\" \/>\n\t<meta property=\"og:image:width\" content=\"1280\" \/>\n\t<meta property=\"og:image:height\" content=\"485\" \/>\n\t<meta property=\"og:image:type\" content=\"image\/jpeg\" \/>\n<meta name=\"twitter:card\" content=\"summary_large_image\" \/>\n<meta name=\"twitter:site\" content=\"@comaugroup\" \/>\n<meta name=\"twitter:label1\" content=\"Dur\u00e9e de lecture estim\u00e9e\" \/>\n\t<meta name=\"twitter:data1\" content=\"2 minutes\" \/>\n<script type=\"application\/ld+json\" class=\"yoast-schema-graph\">{\"@context\":\"https:\/\/schema.org\",\"@graph\":[{\"@type\":\"WebPage\",\"@id\":\"https:\/\/www.comau.com\/fr\/competencies\/products-solutions\/controls-auxiliary-equipment\/teach-pendant\/\",\"url\":\"https:\/\/www.comau.com\/fr\/competencies\/products-solutions\/controls-auxiliary-equipment\/teach-pendant\/\",\"name\":\"Bo\u00eetier de programmation portatif ergonomique | Comau\",\"isPartOf\":{\"@id\":\"https:\/\/www.comau.com\/fr\/#website\"},\"primaryImageOfPage\":{\"@id\":\"https:\/\/www.comau.com\/fr\/competencies\/products-solutions\/controls-auxiliary-equipment\/teach-pendant\/#primaryimage\"},\"image\":{\"@id\":\"https:\/\/www.comau.com\/fr\/competencies\/products-solutions\/controls-auxiliary-equipment\/teach-pendant\/#primaryimage\"},\"thumbnailUrl\":\"https:\/\/www.comau.com\/wp-content\/uploads\/2021\/06\/tech-pendant_header.jpg\",\"datePublished\":\"2021-06-08T12:51:32+00:00\",\"dateModified\":\"2022-02-07T13:14:33+00:00\",\"description\":\"Le teach pendant de Comau a \u00e9t\u00e9 con\u00e7u pour \u00eatre ergonomique, pratique et l\u00e9ger afin de r\u00e9duire les efforts n\u00e9cessaires\u00a0: d\u00e9couvrez-le\u00a0!\",\"breadcrumb\":{\"@id\":\"https:\/\/www.comau.com\/fr\/competencies\/products-solutions\/controls-auxiliary-equipment\/teach-pendant\/#breadcrumb\"},\"inLanguage\":\"fr-FR\",\"potentialAction\":[{\"@type\":\"ReadAction\",\"target\":[\"https:\/\/www.comau.com\/fr\/competencies\/products-solutions\/controls-auxiliary-equipment\/teach-pendant\/\"]}]},{\"@type\":\"ImageObject\",\"inLanguage\":\"fr-FR\",\"@id\":\"https:\/\/www.comau.com\/fr\/competencies\/products-solutions\/controls-auxiliary-equipment\/teach-pendant\/#primaryimage\",\"url\":\"https:\/\/www.comau.com\/wp-content\/uploads\/2021\/06\/tech-pendant_header.jpg\",\"contentUrl\":\"https:\/\/www.comau.com\/wp-content\/uploads\/2021\/06\/tech-pendant_header.jpg\",\"width\":1280,\"height\":485},{\"@type\":\"BreadcrumbList\",\"@id\":\"https:\/\/www.comau.com\/fr\/competencies\/products-solutions\/controls-auxiliary-equipment\/teach-pendant\/#breadcrumb\",\"itemListElement\":[{\"@type\":\"ListItem\",\"position\":1,\"name\":\"Home\",\"item\":\"https:\/\/www.comau.com\/fr\/\"},{\"@type\":\"ListItem\",\"position\":2,\"name\":\"Nos comp\u00e9tences\",\"item\":\"https:\/\/www.comau.com\/fr\/competencies\/\"},{\"@type\":\"ListItem\",\"position\":3,\"name\":\"Robotics &amp; Automation\",\"item\":\"https:\/\/www.comau.com\/fr\/competencies\/robotics-automation\/\"},{\"@type\":\"ListItem\",\"position\":4,\"name\":\"Controls et \u00c9quipement auxiliaire\",\"item\":\"https:\/\/www.comau.com\/fr\/competencies\/robotics-automation\/controls-auxiliary-equipment\/\"},{\"@type\":\"ListItem\",\"position\":5,\"name\":\"Teach pendant\"}]},{\"@type\":\"WebSite\",\"@id\":\"https:\/\/www.comau.com\/fr\/#website\",\"url\":\"https:\/\/www.comau.com\/fr\/\",\"name\":\"Comau\",\"description\":\"Industrial automation and robotics\",\"publisher\":{\"@id\":\"https:\/\/www.comau.com\/fr\/#organization\"},\"potentialAction\":[{\"@type\":\"SearchAction\",\"target\":{\"@type\":\"EntryPoint\",\"urlTemplate\":\"https:\/\/www.comau.com\/fr\/?s={search_term_string}\"},\"query-input\":{\"@type\":\"PropertyValueSpecification\",\"valueRequired\":true,\"valueName\":\"search_term_string\"}}],\"inLanguage\":\"fr-FR\"},{\"@type\":\"Organization\",\"@id\":\"https:\/\/www.comau.com\/fr\/#organization\",\"name\":\"Comau\",\"url\":\"https:\/\/www.comau.com\/fr\/\",\"logo\":{\"@type\":\"ImageObject\",\"inLanguage\":\"fr-FR\",\"@id\":\"https:\/\/www.comau.com\/fr\/#\/schema\/logo\/image\/\",\"url\":\"https:\/\/www.comau.com\/wp-content\/uploads\/2024\/07\/cropped-Logo-COMAU.png\",\"contentUrl\":\"https:\/\/www.comau.com\/wp-content\/uploads\/2024\/07\/cropped-Logo-COMAU.png\",\"width\":434,\"height\":434,\"caption\":\"Comau\"},\"image\":{\"@id\":\"https:\/\/www.comau.com\/fr\/#\/schema\/logo\/image\/\"},\"sameAs\":[\"https:\/\/www.facebook.com\/COMAU\/\",\"https:\/\/x.com\/comaugroup\",\"https:\/\/www.instagram.com\/comaugroup\/\",\"https:\/\/www.linkedin.com\/company\/comau\",\"https:\/\/www.youtube.com\/user\/comau\"]}]}<\/script>\n<!-- \/ Yoast SEO plugin. -->","yoast_head_json":{"title":"Bo\u00eetier de programmation portatif ergonomique | Comau","description":"Le teach pendant de Comau a \u00e9t\u00e9 con\u00e7u pour \u00eatre ergonomique, pratique et l\u00e9ger afin de r\u00e9duire les efforts n\u00e9cessaires\u00a0: d\u00e9couvrez-le\u00a0!","robots":{"index":"index","follow":"follow","max-snippet":"max-snippet:-1","max-image-preview":"max-image-preview:large","max-video-preview":"max-video-preview:-1"},"canonical":"https:\/\/www.comau.com\/fr\/competencies\/products-solutions\/controls-auxiliary-equipment\/teach-pendant\/","og_locale":"fr_FR","og_type":"article","og_title":"Bo\u00eetier de programmation portatif ergonomique | Comau","og_description":"Le teach pendant de Comau a \u00e9t\u00e9 con\u00e7u pour \u00eatre ergonomique, pratique et l\u00e9ger afin de r\u00e9duire les efforts n\u00e9cessaires\u00a0: d\u00e9couvrez-le\u00a0!","og_url":"https:\/\/www.comau.com\/fr\/competencies\/products-solutions\/controls-auxiliary-equipment\/teach-pendant\/","og_site_name":"Comau","article_publisher":"https:\/\/www.facebook.com\/COMAU\/","article_modified_time":"2022-02-07T13:14:33+00:00","og_image":[{"width":1280,"height":485,"url":"https:\/\/www.comau.com\/wp-content\/uploads\/2021\/06\/tech-pendant_header.jpg","type":"image\/jpeg"}],"twitter_card":"summary_large_image","twitter_site":"@comaugroup","twitter_misc":{"Dur\u00e9e de lecture estim\u00e9e":"2 minutes"},"schema":{"@context":"https:\/\/schema.org","@graph":[{"@type":"WebPage","@id":"https:\/\/www.comau.com\/fr\/competencies\/products-solutions\/controls-auxiliary-equipment\/teach-pendant\/","url":"https:\/\/www.comau.com\/fr\/competencies\/products-solutions\/controls-auxiliary-equipment\/teach-pendant\/","name":"Bo\u00eetier de programmation portatif ergonomique | Comau","isPartOf":{"@id":"https:\/\/www.comau.com\/fr\/#website"},"primaryImageOfPage":{"@id":"https:\/\/www.comau.com\/fr\/competencies\/products-solutions\/controls-auxiliary-equipment\/teach-pendant\/#primaryimage"},"image":{"@id":"https:\/\/www.comau.com\/fr\/competencies\/products-solutions\/controls-auxiliary-equipment\/teach-pendant\/#primaryimage"},"thumbnailUrl":"https:\/\/www.comau.com\/wp-content\/uploads\/2021\/06\/tech-pendant_header.jpg","datePublished":"2021-06-08T12:51:32+00:00","dateModified":"2022-02-07T13:14:33+00:00","description":"Le teach pendant de Comau a \u00e9t\u00e9 con\u00e7u pour \u00eatre ergonomique, pratique et l\u00e9ger afin de r\u00e9duire les efforts n\u00e9cessaires\u00a0: d\u00e9couvrez-le\u00a0!","breadcrumb":{"@id":"https:\/\/www.comau.com\/fr\/competencies\/products-solutions\/controls-auxiliary-equipment\/teach-pendant\/#breadcrumb"},"inLanguage":"fr-FR","potentialAction":[{"@type":"ReadAction","target":["https:\/\/www.comau.com\/fr\/competencies\/products-solutions\/controls-auxiliary-equipment\/teach-pendant\/"]}]},{"@type":"ImageObject","inLanguage":"fr-FR","@id":"https:\/\/www.comau.com\/fr\/competencies\/products-solutions\/controls-auxiliary-equipment\/teach-pendant\/#primaryimage","url":"https:\/\/www.comau.com\/wp-content\/uploads\/2021\/06\/tech-pendant_header.jpg","contentUrl":"https:\/\/www.comau.com\/wp-content\/uploads\/2021\/06\/tech-pendant_header.jpg","width":1280,"height":485},{"@type":"BreadcrumbList","@id":"https:\/\/www.comau.com\/fr\/competencies\/products-solutions\/controls-auxiliary-equipment\/teach-pendant\/#breadcrumb","itemListElement":[{"@type":"ListItem","position":1,"name":"Home","item":"https:\/\/www.comau.com\/fr\/"},{"@type":"ListItem","position":2,"name":"Nos comp\u00e9tences","item":"https:\/\/www.comau.com\/fr\/competencies\/"},{"@type":"ListItem","position":3,"name":"Robotics &amp; Automation","item":"https:\/\/www.comau.com\/fr\/competencies\/robotics-automation\/"},{"@type":"ListItem","position":4,"name":"Controls et \u00c9quipement auxiliaire","item":"https:\/\/www.comau.com\/fr\/competencies\/robotics-automation\/controls-auxiliary-equipment\/"},{"@type":"ListItem","position":5,"name":"Teach pendant"}]},{"@type":"WebSite","@id":"https:\/\/www.comau.com\/fr\/#website","url":"https:\/\/www.comau.com\/fr\/","name":"Comau","description":"Industrial automation and robotics","publisher":{"@id":"https:\/\/www.comau.com\/fr\/#organization"},"potentialAction":[{"@type":"SearchAction","target":{"@type":"EntryPoint","urlTemplate":"https:\/\/www.comau.com\/fr\/?s={search_term_string}"},"query-input":{"@type":"PropertyValueSpecification","valueRequired":true,"valueName":"search_term_string"}}],"inLanguage":"fr-FR"},{"@type":"Organization","@id":"https:\/\/www.comau.com\/fr\/#organization","name":"Comau","url":"https:\/\/www.comau.com\/fr\/","logo":{"@type":"ImageObject","inLanguage":"fr-FR","@id":"https:\/\/www.comau.com\/fr\/#\/schema\/logo\/image\/","url":"https:\/\/www.comau.com\/wp-content\/uploads\/2024\/07\/cropped-Logo-COMAU.png","contentUrl":"https:\/\/www.comau.com\/wp-content\/uploads\/2024\/07\/cropped-Logo-COMAU.png","width":434,"height":434,"caption":"Comau"},"image":{"@id":"https:\/\/www.comau.com\/fr\/#\/schema\/logo\/image\/"},"sameAs":["https:\/\/www.facebook.com\/COMAU\/","https:\/\/x.com\/comaugroup","https:\/\/www.instagram.com\/comaugroup\/","https:\/\/www.linkedin.com\/company\/comau","https:\/\/www.youtube.com\/user\/comau"]}]}},"_links":{"self":[{"href":"https:\/\/www.comau.com\/fr\/wp-json\/wp\/v2\/pages\/22294","targetHints":{"allow":["GET"]}}],"collection":[{"href":"https:\/\/www.comau.com\/fr\/wp-json\/wp\/v2\/pages"}],"about":[{"href":"https:\/\/www.comau.com\/fr\/wp-json\/wp\/v2\/types\/page"}],"author":[{"embeddable":true,"href":"https:\/\/www.comau.com\/fr\/wp-json\/wp\/v2\/users\/11"}],"replies":[{"embeddable":true,"href":"https:\/\/www.comau.com\/fr\/wp-json\/wp\/v2\/comments?post=22294"}],"version-history":[{"count":24,"href":"https:\/\/www.comau.com\/fr\/wp-json\/wp\/v2\/pages\/22294\/revisions"}],"predecessor-version":[{"id":42038,"href":"https:\/\/www.comau.com\/fr\/wp-json\/wp\/v2\/pages\/22294\/revisions\/42038"}],"up":[{"embeddable":true,"href":"https:\/\/www.comau.com\/fr\/wp-json\/wp\/v2\/pages\/5976"}],"wp:featuredmedia":[{"embeddable":true,"href":"https:\/\/www.comau.com\/fr\/wp-json\/wp\/v2\/media\/6002"}],"wp:attachment":[{"href":"https:\/\/www.comau.com\/fr\/wp-json\/wp\/v2\/media?parent=22294"}],"curies":[{"name":"wp","href":"https:\/\/api.w.org\/{rel}","templated":true}]}}