{"id":22289,"date":"2021-06-08T18:15:57","date_gmt":"2021-06-08T16:15:57","guid":{"rendered":"https:\/\/www.comau.com\/?page_id=22289"},"modified":"2021-07-26T12:29:56","modified_gmt":"2021-07-26T10:29:56","slug":"r1c-4","status":"publish","type":"page","link":"https:\/\/www.comau.com\/fr\/competencies\/products-solutions\/controls-auxiliary-equipment\/r1c-4\/","title":{"rendered":"R1C-4"},"content":{"rendered":"\n<p>Le R1C-4 est une unit\u00e9 de commande d\u00e9di\u00e9e pour la famille Rebel- S.<\/p>\n\n<ul class=\"wp-block-list\"><li>G\u00e8re 4 axes<\/li><li>Aucune batterie (pas d&rsquo;UPS)<\/li><li>Pas de BCM pour les surcharges ou les courts-circuits<\/li><li>\u00c0 la place, un fusible exerce cette fonction pour le 24 V dirig\u00e9 vers l&rsquo;ext\u00e9rieur<\/li><\/ul>\n\n<p>Deux \u00e9tats de fonctionnement ont \u00e9t\u00e9 identifi\u00e9s : Le R1C-4<\/p>\n\n<p>peut \u00eatre \u2028utilis\u00e9 avec VirtualTP5 ou normalTP5.<\/p>\n\n<p>Le R1C-4 permet une interaction num\u00e9rique avec le robot via une interface PC sans interrompre le fonctionnement normal du robot.\u2028<\/p>\n\n<p>Ce mode de fonctionnement permet :<\/p>\n\n<ul class=\"wp-block-list\"><li>L&rsquo;affichage de l&rsquo;interface du TP5 sur un PC et l&rsquo;interaction avec ce dernier<\/li><li>Le mouvement du robot (JOG), le d\u00e9marrage des COMMANDES, le D\u00c9MARRAGE\/ARR\u00caT du cycle \u00e9galement avec les portes ouvertes (et avec un op\u00e9rateur dans la cellule).<\/li><\/ul>\n\n<h2 class=\"wp-block-heading\">Caract\u00e9ristiques techniques<\/h2>\n\n<figure class=\"wp-block-table is-style-stripes\"><table class=\"has-fixed-layout\"><tbody><tr><td><strong>Hauteur x Largeur x Profondeur (version de base sans options)<\/strong><\/td><td>266 x 427 x 498 mm 10.47 x 16.81 x 19.60 in<\/td><\/tr><\/tbody><\/table><figcaption>Dimensions<\/figcaption><\/figure>\n\n<figure class=\"wp-block-table is-style-stripes\"><table class=\"has-fixed-layout\"><tbody><tr><td><strong>Unit\u00e9 de commande (version standard) Le poids sp\u00e9cifi\u00e9 peut varier en fonction de la configuration, en particulier si les options Application Box et Autotransformateur sont int\u00e9gr\u00e9es. Consultez toujours la plaque install\u00e9e sur l&rsquo;unit\u00e9 de commande.<\/strong><\/td><td>23 kg \/ 50 lb without packaging<\/td><\/tr><\/tbody><\/table><figcaption>Poids<\/figcaption><\/figure>\n\n<figure class=\"wp-block-table is-style-stripes\"><table class=\"has-fixed-layout\"><tbody><tr><td><strong>Tension d&rsquo;alimentation (conform\u00e9ment \u00e0 la norme EN 60204-1 \u00a7 4.3.3, interruption de tension n&rsquo;exc\u00e9dant pas 20 ms)<\/strong><\/td><td>230 Vac \u00b1 10%<\/td><\/tr><tr><td><strong>Fr\u00e9quence (conform\u00e9ment \u00e0 la norme EN 60204-1 \u00a7 4.3.3)<\/strong><\/td><td>50 to 60 Hz (\u00b12 Hz)<\/td><\/tr><tr><td><strong>Courant nominal de l&rsquo;interrupteur principal<\/strong><\/td><td>16 A to 250 Vac<br\/>Note: the supply disconnecting device is a switch-disconnector<\/td><\/tr><tr><td><strong>Puissance install\u00e9e<\/strong><\/td><td>3 KW<\/td><\/tr><tr><td><strong>Puissance des circuits auxiliaires<\/strong><\/td><td>24 Vdc<\/td><\/tr><\/tbody><\/table><figcaption>Alimentation \u00e9lectrique<\/figcaption><\/figure>\n\n<figure class=\"wp-block-table is-style-stripes\"><table class=\"has-fixed-layout\"><tbody><tr><td><strong>Protection de l&rsquo;armoire (conform\u00e9ment \u00e0 la norme EN 60529)<\/strong><\/td><td>IP 2x<\/td><\/tr><tr><td><strong>Temp\u00e9rature ambiante sans syst\u00e8mes de refroidissement (conditions de test conformes \u00e0 la norme EN 60068-2-14)<\/strong><\/td><td>from +5 \u00b0C to +45 \u00b0C from +41 \u00b0F to 113 \u00b0F<\/td><\/tr><tr><td><strong>Temp\u00e9rature ambiante de stockage (conform\u00e9ment \u00e0 la norme EN 60204-1 \u00a7 4.5)<\/strong><\/td><td>from -25 \u00b0C to +55 \u00b0C from -13 \u00b0F to 131 \u00b0F +70 \u00b0C \/ 158 \u00b0F for periods shorter than one hour.<\/td><\/tr><tr><td><strong>Gradient thermique maximal<\/strong><\/td><td>1,5 \u00b0C\/minute 2,7 \u00b0F\/minute<\/td><\/tr><tr><td><strong>Humidit\u00e9 relative (conform\u00e9ment \u00e0 la norme EN 60204-1 \u00a7 4.4.4, conditions de test HD 323.2.3. S2)<\/strong><\/td><td>from 5% to 95% without condensate<\/td><\/tr><tr><td><strong>Altitude du site d&rsquo;installation (conform\u00e9ment \u00e0 la norme EN 60204-1 \u00a7 4.4.5)<\/strong><\/td><td>from 0 to 1.000 m \/ 0 to 3280 ft above sea level<\/td><\/tr><\/tbody><\/table><figcaption>Conditions environnementales<\/figcaption><\/figure>\n\n<figure class=\"wp-block-table is-style-stripes\"><table class=\"has-fixed-layout\"><tbody><tr><td><strong>Total pour le syst\u00e8me<\/strong><\/td><td>up to 4 axes<\/td><\/tr><\/tbody><\/table><figcaption>Axes contr\u00f4lables<\/figcaption><\/figure>\n\n<figure class=\"wp-block-table is-style-stripes\"><table class=\"has-fixed-layout\"><tbody><tr><td><strong>Armoire<\/strong><\/td><td>Forced air recirculation (with exhaust fan)<\/td><\/tr><tr><td><strong>Commande d&rsquo;entra\u00eenement<\/strong><\/td><td>Recyclage d&rsquo;air forc\u00e9<\/td><\/tr><\/tbody><\/table><figcaption>Refroidissement<\/figcaption><\/figure>\n\n<figure class=\"wp-block-table is-style-stripes\"><table class=\"has-fixed-layout\"><tbody><tr><td><strong>Vibration sinuso\u00efdale (conform\u00e9ment \u00e0 la norme EN 60068-2-64)<\/strong><\/td><td>Fr\u00e9quence 10 &#8211; 250 Hz \/ Acc\u00e9l\u00e9ration efficace sur l&rsquo;axe Z 0,6 g \/ Acc\u00e9l\u00e9ration efficace sur l&rsquo;axe X-Y 0,2 g<\/td><\/tr><\/tbody><\/table><figcaption>Vibrations et chocs pendant le transport<\/figcaption><\/figure>\n\n<figure class=\"wp-block-table is-style-stripes\"><table class=\"has-fixed-layout\"><tbody><tr><td><strong>Position d&rsquo;installation<\/strong><\/td><td>Inside the RACK cabinet<\/td><\/tr><tr><td><strong>Dimensions minimales int\u00e9rieures de l&rsquo;armoire de racks (largeur x profondeur x hauteur)<\/strong><\/td><td>483 x 600 x 265.9 mm 19 x 23.62 x 10.47 in<\/td><\/tr><tr><td><strong>Espace occup\u00e9 dans l&rsquo;armoire de racks<\/strong><\/td><td>6 Units<\/td><\/tr><tr><td><strong>Nombre de racks \u00e0 placer entre deux unit\u00e9s de commande en cas d&rsquo;installation simultan\u00e9e dans la m\u00eame armoire<\/strong><\/td><td>Minimum 1 Unit<\/td><\/tr><\/tbody><\/table><figcaption>Exigences d&rsquo;installation<\/figcaption><\/figure>\n","protected":false},"excerpt":{"rendered":"<p>Le R1C-4 est une unit\u00e9 de commande d\u00e9di\u00e9e pour la famille Rebel- S. G\u00e8re 4 axes Aucune batterie (pas d&rsquo;UPS) Pas de BCM pour les surcharges ou les courts-circuits \u00c0 la place, un fusible exerce cette fonction pour le 24 V dirig\u00e9 vers l&rsquo;ext\u00e9rieur Deux \u00e9tats de fonctionnement ont \u00e9t\u00e9 identifi\u00e9s : Le R1C-4 peut [&hellip;]<\/p>\n","protected":false},"author":11,"featured_media":6001,"parent":5976,"menu_order":3,"comment_status":"closed","ping_status":"closed","template":"","meta":{"_acf_changed":false,"ep_exclude_from_search":false,"footnotes":""},"class_list":["post-22289","page","type-page","status-publish","has-post-thumbnail","hentry"],"acf":[],"yoast_head":"<!-- This site is optimized with the Yoast SEO plugin v26.9 - https:\/\/yoast.com\/product\/yoast-seo-wordpress\/ -->\n<title>R1C-4 - Comau<\/title>\n<meta name=\"robots\" content=\"index, follow, max-snippet:-1, max-image-preview:large, max-video-preview:-1\" \/>\n<link rel=\"canonical\" href=\"https:\/\/www.comau.com\/fr\/competencies\/products-solutions\/controls-auxiliary-equipment\/r1c-4\/\" \/>\n<meta property=\"og:locale\" content=\"fr_FR\" \/>\n<meta property=\"og:type\" content=\"article\" \/>\n<meta property=\"og:title\" content=\"R1C-4 - Comau\" \/>\n<meta property=\"og:description\" content=\"Le R1C-4 est une unit\u00e9 de commande d\u00e9di\u00e9e pour la famille Rebel- S. G\u00e8re 4 axes Aucune batterie (pas d&rsquo;UPS) Pas de BCM pour les surcharges ou les courts-circuits \u00c0 la place, un fusible exerce cette fonction pour le 24 V dirig\u00e9 vers l&rsquo;ext\u00e9rieur Deux \u00e9tats de fonctionnement ont \u00e9t\u00e9 identifi\u00e9s : Le R1C-4 peut [&hellip;]\" \/>\n<meta property=\"og:url\" content=\"https:\/\/www.comau.com\/fr\/competencies\/products-solutions\/controls-auxiliary-equipment\/r1c-4\/\" \/>\n<meta property=\"og:site_name\" content=\"Comau\" \/>\n<meta property=\"article:publisher\" content=\"https:\/\/www.facebook.com\/COMAU\/\" \/>\n<meta property=\"article:modified_time\" content=\"2021-07-26T10:29:56+00:00\" \/>\n<meta property=\"og:image\" content=\"https:\/\/www.comau.com\/wp-content\/uploads\/2021\/06\/R1C_header.jpg\" \/>\n\t<meta property=\"og:image:width\" content=\"1280\" \/>\n\t<meta property=\"og:image:height\" content=\"485\" \/>\n\t<meta property=\"og:image:type\" content=\"image\/jpeg\" \/>\n<meta name=\"twitter:card\" content=\"summary_large_image\" \/>\n<meta name=\"twitter:site\" content=\"@comaugroup\" \/>\n<meta name=\"twitter:label1\" content=\"Dur\u00e9e de lecture estim\u00e9e\" \/>\n\t<meta name=\"twitter:data1\" content=\"3 minutes\" \/>\n<script type=\"application\/ld+json\" class=\"yoast-schema-graph\">{\"@context\":\"https:\/\/schema.org\",\"@graph\":[{\"@type\":\"WebPage\",\"@id\":\"https:\/\/www.comau.com\/fr\/competencies\/products-solutions\/controls-auxiliary-equipment\/r1c-4\/\",\"url\":\"https:\/\/www.comau.com\/fr\/competencies\/products-solutions\/controls-auxiliary-equipment\/r1c-4\/\",\"name\":\"R1C-4 - Comau\",\"isPartOf\":{\"@id\":\"https:\/\/www.comau.com\/fr\/#website\"},\"primaryImageOfPage\":{\"@id\":\"https:\/\/www.comau.com\/fr\/competencies\/products-solutions\/controls-auxiliary-equipment\/r1c-4\/#primaryimage\"},\"image\":{\"@id\":\"https:\/\/www.comau.com\/fr\/competencies\/products-solutions\/controls-auxiliary-equipment\/r1c-4\/#primaryimage\"},\"thumbnailUrl\":\"https:\/\/www.comau.com\/wp-content\/uploads\/2021\/06\/R1C_header.jpg\",\"datePublished\":\"2021-06-08T16:15:57+00:00\",\"dateModified\":\"2021-07-26T10:29:56+00:00\",\"breadcrumb\":{\"@id\":\"https:\/\/www.comau.com\/fr\/competencies\/products-solutions\/controls-auxiliary-equipment\/r1c-4\/#breadcrumb\"},\"inLanguage\":\"fr-FR\",\"potentialAction\":[{\"@type\":\"ReadAction\",\"target\":[\"https:\/\/www.comau.com\/fr\/competencies\/products-solutions\/controls-auxiliary-equipment\/r1c-4\/\"]}]},{\"@type\":\"ImageObject\",\"inLanguage\":\"fr-FR\",\"@id\":\"https:\/\/www.comau.com\/fr\/competencies\/products-solutions\/controls-auxiliary-equipment\/r1c-4\/#primaryimage\",\"url\":\"https:\/\/www.comau.com\/wp-content\/uploads\/2021\/06\/R1C_header.jpg\",\"contentUrl\":\"https:\/\/www.comau.com\/wp-content\/uploads\/2021\/06\/R1C_header.jpg\",\"width\":1280,\"height\":485},{\"@type\":\"BreadcrumbList\",\"@id\":\"https:\/\/www.comau.com\/fr\/competencies\/products-solutions\/controls-auxiliary-equipment\/r1c-4\/#breadcrumb\",\"itemListElement\":[{\"@type\":\"ListItem\",\"position\":1,\"name\":\"Home\",\"item\":\"https:\/\/www.comau.com\/fr\/\"},{\"@type\":\"ListItem\",\"position\":2,\"name\":\"Nos comp\u00e9tences\",\"item\":\"https:\/\/www.comau.com\/fr\/competencies\/\"},{\"@type\":\"ListItem\",\"position\":3,\"name\":\"Robotics &amp; Automation\",\"item\":\"https:\/\/www.comau.com\/fr\/competencies\/robotics-automation\/\"},{\"@type\":\"ListItem\",\"position\":4,\"name\":\"Controls et \u00c9quipement auxiliaire\",\"item\":\"https:\/\/www.comau.com\/fr\/competencies\/robotics-automation\/controls-auxiliary-equipment\/\"},{\"@type\":\"ListItem\",\"position\":5,\"name\":\"R1C-4\"}]},{\"@type\":\"WebSite\",\"@id\":\"https:\/\/www.comau.com\/fr\/#website\",\"url\":\"https:\/\/www.comau.com\/fr\/\",\"name\":\"Comau\",\"description\":\"Industrial automation and robotics\",\"publisher\":{\"@id\":\"https:\/\/www.comau.com\/fr\/#organization\"},\"potentialAction\":[{\"@type\":\"SearchAction\",\"target\":{\"@type\":\"EntryPoint\",\"urlTemplate\":\"https:\/\/www.comau.com\/fr\/?s={search_term_string}\"},\"query-input\":{\"@type\":\"PropertyValueSpecification\",\"valueRequired\":true,\"valueName\":\"search_term_string\"}}],\"inLanguage\":\"fr-FR\"},{\"@type\":\"Organization\",\"@id\":\"https:\/\/www.comau.com\/fr\/#organization\",\"name\":\"Comau\",\"url\":\"https:\/\/www.comau.com\/fr\/\",\"logo\":{\"@type\":\"ImageObject\",\"inLanguage\":\"fr-FR\",\"@id\":\"https:\/\/www.comau.com\/fr\/#\/schema\/logo\/image\/\",\"url\":\"https:\/\/www.comau.com\/wp-content\/uploads\/2024\/07\/cropped-Logo-COMAU.png\",\"contentUrl\":\"https:\/\/www.comau.com\/wp-content\/uploads\/2024\/07\/cropped-Logo-COMAU.png\",\"width\":434,\"height\":434,\"caption\":\"Comau\"},\"image\":{\"@id\":\"https:\/\/www.comau.com\/fr\/#\/schema\/logo\/image\/\"},\"sameAs\":[\"https:\/\/www.facebook.com\/COMAU\/\",\"https:\/\/x.com\/comaugroup\",\"https:\/\/www.instagram.com\/comaugroup\/\",\"https:\/\/www.linkedin.com\/company\/comau\",\"https:\/\/www.youtube.com\/user\/comau\"]}]}<\/script>\n<!-- \/ Yoast SEO plugin. -->","yoast_head_json":{"title":"R1C-4 - Comau","robots":{"index":"index","follow":"follow","max-snippet":"max-snippet:-1","max-image-preview":"max-image-preview:large","max-video-preview":"max-video-preview:-1"},"canonical":"https:\/\/www.comau.com\/fr\/competencies\/products-solutions\/controls-auxiliary-equipment\/r1c-4\/","og_locale":"fr_FR","og_type":"article","og_title":"R1C-4 - Comau","og_description":"Le R1C-4 est une unit\u00e9 de commande d\u00e9di\u00e9e pour la famille Rebel- S. G\u00e8re 4 axes Aucune batterie (pas d&rsquo;UPS) Pas de BCM pour les surcharges ou les courts-circuits \u00c0 la place, un fusible exerce cette fonction pour le 24 V dirig\u00e9 vers l&rsquo;ext\u00e9rieur Deux \u00e9tats de fonctionnement ont \u00e9t\u00e9 identifi\u00e9s : Le R1C-4 peut [&hellip;]","og_url":"https:\/\/www.comau.com\/fr\/competencies\/products-solutions\/controls-auxiliary-equipment\/r1c-4\/","og_site_name":"Comau","article_publisher":"https:\/\/www.facebook.com\/COMAU\/","article_modified_time":"2021-07-26T10:29:56+00:00","og_image":[{"width":1280,"height":485,"url":"https:\/\/www.comau.com\/wp-content\/uploads\/2021\/06\/R1C_header.jpg","type":"image\/jpeg"}],"twitter_card":"summary_large_image","twitter_site":"@comaugroup","twitter_misc":{"Dur\u00e9e de lecture estim\u00e9e":"3 minutes"},"schema":{"@context":"https:\/\/schema.org","@graph":[{"@type":"WebPage","@id":"https:\/\/www.comau.com\/fr\/competencies\/products-solutions\/controls-auxiliary-equipment\/r1c-4\/","url":"https:\/\/www.comau.com\/fr\/competencies\/products-solutions\/controls-auxiliary-equipment\/r1c-4\/","name":"R1C-4 - Comau","isPartOf":{"@id":"https:\/\/www.comau.com\/fr\/#website"},"primaryImageOfPage":{"@id":"https:\/\/www.comau.com\/fr\/competencies\/products-solutions\/controls-auxiliary-equipment\/r1c-4\/#primaryimage"},"image":{"@id":"https:\/\/www.comau.com\/fr\/competencies\/products-solutions\/controls-auxiliary-equipment\/r1c-4\/#primaryimage"},"thumbnailUrl":"https:\/\/www.comau.com\/wp-content\/uploads\/2021\/06\/R1C_header.jpg","datePublished":"2021-06-08T16:15:57+00:00","dateModified":"2021-07-26T10:29:56+00:00","breadcrumb":{"@id":"https:\/\/www.comau.com\/fr\/competencies\/products-solutions\/controls-auxiliary-equipment\/r1c-4\/#breadcrumb"},"inLanguage":"fr-FR","potentialAction":[{"@type":"ReadAction","target":["https:\/\/www.comau.com\/fr\/competencies\/products-solutions\/controls-auxiliary-equipment\/r1c-4\/"]}]},{"@type":"ImageObject","inLanguage":"fr-FR","@id":"https:\/\/www.comau.com\/fr\/competencies\/products-solutions\/controls-auxiliary-equipment\/r1c-4\/#primaryimage","url":"https:\/\/www.comau.com\/wp-content\/uploads\/2021\/06\/R1C_header.jpg","contentUrl":"https:\/\/www.comau.com\/wp-content\/uploads\/2021\/06\/R1C_header.jpg","width":1280,"height":485},{"@type":"BreadcrumbList","@id":"https:\/\/www.comau.com\/fr\/competencies\/products-solutions\/controls-auxiliary-equipment\/r1c-4\/#breadcrumb","itemListElement":[{"@type":"ListItem","position":1,"name":"Home","item":"https:\/\/www.comau.com\/fr\/"},{"@type":"ListItem","position":2,"name":"Nos comp\u00e9tences","item":"https:\/\/www.comau.com\/fr\/competencies\/"},{"@type":"ListItem","position":3,"name":"Robotics &amp; Automation","item":"https:\/\/www.comau.com\/fr\/competencies\/robotics-automation\/"},{"@type":"ListItem","position":4,"name":"Controls et \u00c9quipement auxiliaire","item":"https:\/\/www.comau.com\/fr\/competencies\/robotics-automation\/controls-auxiliary-equipment\/"},{"@type":"ListItem","position":5,"name":"R1C-4"}]},{"@type":"WebSite","@id":"https:\/\/www.comau.com\/fr\/#website","url":"https:\/\/www.comau.com\/fr\/","name":"Comau","description":"Industrial automation and robotics","publisher":{"@id":"https:\/\/www.comau.com\/fr\/#organization"},"potentialAction":[{"@type":"SearchAction","target":{"@type":"EntryPoint","urlTemplate":"https:\/\/www.comau.com\/fr\/?s={search_term_string}"},"query-input":{"@type":"PropertyValueSpecification","valueRequired":true,"valueName":"search_term_string"}}],"inLanguage":"fr-FR"},{"@type":"Organization","@id":"https:\/\/www.comau.com\/fr\/#organization","name":"Comau","url":"https:\/\/www.comau.com\/fr\/","logo":{"@type":"ImageObject","inLanguage":"fr-FR","@id":"https:\/\/www.comau.com\/fr\/#\/schema\/logo\/image\/","url":"https:\/\/www.comau.com\/wp-content\/uploads\/2024\/07\/cropped-Logo-COMAU.png","contentUrl":"https:\/\/www.comau.com\/wp-content\/uploads\/2024\/07\/cropped-Logo-COMAU.png","width":434,"height":434,"caption":"Comau"},"image":{"@id":"https:\/\/www.comau.com\/fr\/#\/schema\/logo\/image\/"},"sameAs":["https:\/\/www.facebook.com\/COMAU\/","https:\/\/x.com\/comaugroup","https:\/\/www.instagram.com\/comaugroup\/","https:\/\/www.linkedin.com\/company\/comau","https:\/\/www.youtube.com\/user\/comau"]}]}},"_links":{"self":[{"href":"https:\/\/www.comau.com\/fr\/wp-json\/wp\/v2\/pages\/22289","targetHints":{"allow":["GET"]}}],"collection":[{"href":"https:\/\/www.comau.com\/fr\/wp-json\/wp\/v2\/pages"}],"about":[{"href":"https:\/\/www.comau.com\/fr\/wp-json\/wp\/v2\/types\/page"}],"author":[{"embeddable":true,"href":"https:\/\/www.comau.com\/fr\/wp-json\/wp\/v2\/users\/11"}],"replies":[{"embeddable":true,"href":"https:\/\/www.comau.com\/fr\/wp-json\/wp\/v2\/comments?post=22289"}],"version-history":[{"count":47,"href":"https:\/\/www.comau.com\/fr\/wp-json\/wp\/v2\/pages\/22289\/revisions"}],"predecessor-version":[{"id":37359,"href":"https:\/\/www.comau.com\/fr\/wp-json\/wp\/v2\/pages\/22289\/revisions\/37359"}],"up":[{"embeddable":true,"href":"https:\/\/www.comau.com\/fr\/wp-json\/wp\/v2\/pages\/5976"}],"wp:featuredmedia":[{"embeddable":true,"href":"https:\/\/www.comau.com\/fr\/wp-json\/wp\/v2\/media\/6001"}],"wp:attachment":[{"href":"https:\/\/www.comau.com\/fr\/wp-json\/wp\/v2\/media?parent=22289"}],"curies":[{"name":"wp","href":"https:\/\/api.w.org\/{rel}","templated":true}]}}