{"id":22275,"date":"2021-06-08T18:15:25","date_gmt":"2021-06-08T16:15:25","guid":{"rendered":"https:\/\/www.comau.com\/?page_id=22275"},"modified":"2021-07-26T12:20:27","modified_gmt":"2021-07-26T10:20:27","slug":"c5g","status":"publish","type":"page","link":"https:\/\/www.comau.com\/fr\/competencies\/products-solutions\/controls-auxiliary-equipment\/c5g\/","title":{"rendered":"C5G"},"content":{"rendered":"\n<h2 class=\"wp-block-heading\">Tous vos besoins sous contr\u00f4le<\/h2>\n\n<p>Syst\u00e8me modulaire \u00e0 traitement rapide pour unit\u00e9s de commande, E\/S et bus de champ, espace libre et ergonomique pour l&rsquo;int\u00e9gration de fonctions d&rsquo;application, dimensions compactes. Tous vos besoins sous contr\u00f4le.<\/p>\n\n<div class=\"wp-block-getwid-images-slider has-arrows-inside has-dots-outside has-images-center has-cropped-images\"><div class=\"wp-block-getwid-images-slider__wrapper\" data-effect=\"slide\" data-slides-show=\"1\" data-slides-show-laptop=\"1\" data-slides-show-tablet=\"1\" data-slides-show-mobile=\"1\" data-slides-scroll=\"1\" data-autoplay=\"true\" data-autoplay-speed=\"6000\" data-infinite=\"true\" data-animation-speed=\"800\" data-center-mode=\"false\" data-variable-width=\"false\" data-arrows=\"inside\" data-dots=\"outside\" data-spacing=\"none\"><div class=\"wp-block-getwid-images-slider__item\"><figure><img decoding=\"async\" width=\"1179\" height=\"401\" src=\"https:\/\/www.comau.com\/wp-content\/uploads\/2021\/06\/CSG5_1.jpg\" data-id=\"922\" data-link=\"https:\/\/www.comau.com\/competencies\/robotics-automation\/controls-auxiliary-equipment\/c5g\/csg5_1\/\" data-original-link=\"https:\/\/www.comau.com\/wp-content\/uploads\/2021\/06\/CSG5_1.jpg\" class=\"wp-block-getwid-images-slider__image wp-image-9899\" srcset=\"https:\/\/www.comau.com\/wp-content\/uploads\/2021\/06\/CSG5_1.jpg 1179w, https:\/\/www.comau.com\/wp-content\/uploads\/2021\/06\/CSG5_1-300x102.jpg 300w, https:\/\/www.comau.com\/wp-content\/uploads\/2021\/06\/CSG5_1-1024x348.jpg 1024w, https:\/\/www.comau.com\/wp-content\/uploads\/2021\/06\/CSG5_1-768x261.jpg 768w\" sizes=\"(max-width: 1179px) 100vw, 1179px\" \/><\/figure><\/div><div class=\"wp-block-getwid-images-slider__item\"><figure><img decoding=\"async\" width=\"1179\" height=\"401\" src=\"https:\/\/www.comau.com\/wp-content\/uploads\/2021\/06\/CSG5_2.jpg\" data-id=\"923\" data-link=\"https:\/\/www.comau.com\/competencies\/robotics-automation\/controls-auxiliary-equipment\/c5g\/csg5_2\/\" data-original-link=\"https:\/\/www.comau.com\/wp-content\/uploads\/2021\/06\/CSG5_2.jpg\" class=\"wp-block-getwid-images-slider__image wp-image-9904\" srcset=\"https:\/\/www.comau.com\/wp-content\/uploads\/2021\/06\/CSG5_2.jpg 1179w, https:\/\/www.comau.com\/wp-content\/uploads\/2021\/06\/CSG5_2-300x102.jpg 300w, https:\/\/www.comau.com\/wp-content\/uploads\/2021\/06\/CSG5_2-1024x348.jpg 1024w, https:\/\/www.comau.com\/wp-content\/uploads\/2021\/06\/CSG5_2-768x261.jpg 768w\" sizes=\"(max-width: 1179px) 100vw, 1179px\" \/><\/figure><\/div><\/div><\/div>\n\n<h2 class=\"wp-block-heading\">Haute puissance de traitement<\/h2>\n\n<p>Le CG5 utilise la toute derni\u00e8re g\u00e9n\u00e9ration de PC industriels APC820 avec la technologie de CPU Core2 Duo, atteignant des performances \u00e9lev\u00e9es tout en consommant peu d&rsquo;\u00e9nergie.<\/p>\n\n<h2 class=\"wp-block-heading\">\u00c9conomies d&rsquo;\u00e9nergie<\/h2>\n\n<ul class=\"wp-block-list\"><li>La plus basse consommation en veille, faible consommation pendant le fonctionnement<\/li><li>Syst\u00e8me de refroidissement proportionnel au fonctionnement de l&rsquo;unit\u00e9 de commande<\/li><li>Syst\u00e8me de r\u00e9cup\u00e9ration d&rsquo;\u00e9nergie du r\u00e9seau avec programme de contenu hautement dynamique<\/li><\/ul>\n\n<h2 class=\"wp-block-heading\">Flexibilit\u00e9 et fiabilit\u00e9<\/h2>\n\n<p>La nouvelle g\u00e9n\u00e9ration de bus de champ bas\u00e9e sur la technologie Hilscher, int\u00e9gr\u00e9e par B&amp;R dans leur gamme X20 E\/S \u00e0 distance, garantit une interface flexible et fiable dans toute application client. Des interfaces modulaires sont disponibles, telles que des E\/S num\u00e9riques, des E\/S analogiques et pour toutes sortes de transducteur de position, encodeur, r\u00e9solveur etc.<\/p>\n\n<h2 class=\"wp-block-heading\">RobotSAFE<\/h2>\n\n<p>Les mod\u00e8les de contr\u00f4leur de robot Safe permettent une gestion s\u00e9curis\u00e9e du mouvement du robot (mode joint ou cart\u00e9sien) et des capteurs de vitesse, ce qui pr\u00e9sente l&rsquo;avantage de permettre des disposition plus petites et une absence de barri\u00e8res physiques. Nous garantissons la s\u00e9curit\u00e9 de votre cellule automatique sans affecter votre productivit\u00e9.<\/p>\n\n<h2 class=\"wp-block-heading\">Modularit\u00e9 \/ expansibilit\u00e9<\/h2>\n\n<p>Syst\u00e8me modulaire pour entra\u00eenements jusqu&rsquo;\u00e0 13 axes dans la fonction d&rsquo;armoire de base de l&rsquo;alimentation, et mod\u00e8le de robot.<\/p>\n\n<h2 class=\"wp-block-heading\">Gestion simultan\u00e9e de plusieurs robots<\/h2>\n\n<p>Architecture mat\u00e9rielle con\u00e7ue pour g\u00e9rer jusqu&rsquo;\u00e0 16 axes dans une configuration \u00e0 plusieurs bras, avec Application box.<\/p>\n\n<div class=\"wp-block-columns compact-rows is-layout-flex wp-container-core-columns-is-layout-9d6595d7 wp-block-columns-is-layout-flex\">\n<div class=\"wp-block-column is-layout-flow wp-block-column-is-layout-flow\">\n<h2 class=\"wp-block-heading\">Bo\u00eetier et c\u00e2ble<\/h2>\n\n\n\n<ul class=\"wp-block-list\"><li>Traitement rapide avec architecture dual core<\/li><li>Syst\u00e8me modulaire pour unit\u00e9s d&rsquo;entra\u00eenement et E\/S et bus de champ<\/li><li>Espace libre et ergonomique pour l&rsquo;int\u00e9gration des fonctions d&rsquo;application<\/li><li>Syst\u00e8me d&rsquo;\u00e9conomie d&rsquo;\u00e9nergie<\/li><li>\u00c9galement disponible en version s\u00e9curis\u00e9e<\/li><li>\u00c9galement disponible en version contr\u00f4leur ouvert<\/li><\/ul>\n<\/div>\n\n\n\n<div class=\"wp-block-column is-layout-flow wp-block-column-is-layout-flow\">\n<h2 class=\"wp-block-heading\">Principales caract\u00e9ristiques techniques<\/h2>\n\n\n\n<ul class=\"wp-block-list\"><li>Dimensions : 800x500x1 100 mm<\/li><li>Temp\u00e9rature de service : 5 \u00e0 45 \u00b0C (5 \u00e0 55 \u00b0C avec refroidisseur)<\/li><li>Humidit\u00e9 : 90 % max, sans condensation<\/li><li>Plage de puissance r\u00e9seau \u00e9tendue : de 400 \u00e0 500 V<\/li><\/ul>\n<\/div>\n<\/div>\n\n<h2 class=\"wp-block-heading\">Caract\u00e9ristiques techniques<\/h2>\n\n<figure class=\"wp-block-table is-style-stripes\"><table class=\"has-fixed-layout\"><tbody><tr><td><strong>Hauteur x Largeur x Profondeur (version de base sans options)<\/strong><\/td><td>1110 x 800 x 510 mm<br\/>43.31 x 31.50 x 20.08 in<\/td><\/tr><tr><td><strong>Hauteur avec option Roue<\/strong><\/td><td>aucune diff\u00e9rence<\/td><\/tr><tr><td><strong>Hauteur avec option Prise sur\u00e9lev\u00e9e 100 mm<\/strong><\/td><td>+100 mm (+3.94 in)<\/td><\/tr><tr><td><strong>Hauteur avec option Application Box *3<\/strong><\/td><td>+540 mm (+21.26 in)<\/td><\/tr><tr><td><strong>Hauteur avec option Climatiseur<\/strong><\/td><td>+340 mm (+13.38 in)<\/td><\/tr><tr><td><strong>Hauteur avec option Autotransformateur<\/strong><\/td><td>+200 mm (+7.87 in)<\/td><\/tr><\/tbody><\/table><figcaption>Dimensions<\/figcaption><\/figure>\n\n<figure class=\"wp-block-table is-style-stripes\"><table class=\"has-fixed-layout\"><tbody><tr><td><strong>Unit\u00e9 de commande (version standard) Le poids sp\u00e9cifi\u00e9 peut varier en fonction de la configuration, en particulier si les options Application Box et Autotransformateur sont int\u00e9gr\u00e9es. Consultez toujours la plaque install\u00e9e sur l&rsquo;unit\u00e9 de commande.<\/strong><\/td><td>125 kg \/ 275 lb without packaging<\/td><\/tr><tr><td><strong>Climatiseur (en option)<\/strong><\/td><td>+31 kg \/ 68 lb<\/td><\/tr><tr><td><strong>Autotransformateur (en option)<\/strong><\/td><td>+40 kg \/ 88 lb<\/td><\/tr><\/tbody><\/table><figcaption>Poids<\/figcaption><\/figure>\n\n<figure class=\"wp-block-table is-style-stripes\"><table class=\"has-fixed-layout\"><tbody><tr><td><strong>Tension d&rsquo;alimentation (conform\u00e9ment \u00e0 la norme EN 60204-1 \u00a7 4.3.3, interruption de tension n&rsquo;exc\u00e9dant pas 20 ms)<\/strong><\/td><td>from 400 Vac -10% to 480 Vac +10%<br\/>(optional from a 500 Vac -10% to 575 Vac +10%)*1<\/td><\/tr><tr><td><strong>Fr\u00e9quence (conform\u00e9ment \u00e0 la norme EN 60204-1 \u00a7 4.3.3)<\/strong><\/td><td>50 a 60 Hz (\u00b12 Hz)<\/td><\/tr><tr><td><strong>Puissance d&rsquo;interruption de l&rsquo;interrupteur principal<\/strong><\/td><td>Remarque : Sur l&rsquo;unit\u00e9 de commande du mod\u00e8le pour l&rsquo;Am\u00e9rique du nord, le disjoncteur est un interrupteur d&rsquo;isolement simple.<\/td><\/tr><tr><td><strong>Puissance install\u00e9e<\/strong><\/td><td>from 4 to 12 kVA (see Tab. 3.2)<\/td><\/tr><tr><td><strong>Puissance des circuits auxiliaires<\/strong><\/td><td>24 Vdc<\/td><\/tr><\/tbody><\/table><figcaption>Alimentation \u00e9lectrique<\/figcaption><\/figure>\n\n<figure class=\"wp-block-table is-style-stripes\"><table class=\"has-fixed-layout\"><tbody><tr><td><strong>Protection de l&rsquo;armoire (compartiment arri\u00e8re exclu) (conform\u00e9ment \u00e0 la norme EN 60529)<\/strong><\/td><td>IP 54 \/ NEMA 12<\/td><\/tr><tr><td><strong>Protection du compartiment arri\u00e8re (conform\u00e9ment \u00e0 la norme EN 60529)<\/strong><\/td><td>IP 2x<\/td><\/tr><tr><td><strong>Temp\u00e9rature ambiante sans syst\u00e8mes de refroidissement (conditions de test conformes \u00e0 la norme EN 60068-2-14)<\/strong><\/td><td>from +5 \u00b0C to +45 \u00b0C *2 <br\/>from +41 \u00b0F a 113 \u00b0F<\/td><\/tr><tr><td><strong>Temp\u00e9rature ambiante avec syst\u00e8mes de refroidissement (conditions de test conformes \u00e0 la norme EN 60068-2-14)<\/strong><\/td><td>from +5 \u00b0C to +55 \u00b0C *2<br\/>from +41 \u00b0F a 131 \u00b0F<\/td><\/tr><tr><td><strong>Temp\u00e9rature ambiante de stockage (conform\u00e9ment \u00e0 la norme EN 60204-1 \u00a7 4.5)<\/strong><\/td><td>from -25 \u00b0C a +55 \u00b0C<br\/>from -13 \u00b0F a 131 \u00b0F<br\/>+70 \u00b0C \/ 158 \u00b0F for periods shorter one hour.<\/td><\/tr><tr><td><strong>Gradient thermique maximal<\/strong><\/td><td>1,5 \u00b0C\/minute<br\/>2,7 \u00b0F\/minute<\/td><\/tr><tr><td><strong>Humidit\u00e9 relative (conform\u00e9ment \u00e0 la norme EN 60204-1 \u00a7 4.4.4, conditions de test HD 323.2.3. S2)<\/strong><\/td><td>from 5% to 95% without condensation<\/td><\/tr><tr><td><strong>Altitude du site d&rsquo;installation (conform\u00e9ment \u00e0 la norme EN 60204-1 \u00a7 4.4.5)<\/strong><\/td><td>from 0 a 1.000 m \/ 0 to 3280 ft above mean sea level<\/td><\/tr><\/tbody><\/table><figcaption>Conditions environnementales<\/figcaption><\/figure>\n\n<figure class=\"wp-block-table is-style-stripes\"><table class=\"has-fixed-layout\"><tbody><tr><td><strong>Total pour le syst\u00e8me<\/strong><\/td><td>up to 16 axes<\/td><\/tr><tr><td><strong>Unit\u00e9 de commande sans armoires d&rsquo;extension<\/strong><\/td><td>up to 11 axes<\/td><\/tr><\/tbody><\/table><figcaption>Capacit\u00e9 de contr\u00f4le d&rsquo;axe<\/figcaption><\/figure>\n\n<figure class=\"wp-block-table is-style-stripes\"><table class=\"has-fixed-layout\"><tbody><tr><td><strong>Mod\u00e8le d&rsquo;armoire standard<\/strong><\/td><td>Convention naturelle<\/td><\/tr><tr><td><strong>Armoire avec options de refroidissement<\/strong><\/td><td>Climatiseur<\/td><\/tr><tr><td><strong>Commande d&rsquo;entra\u00eenement<\/strong><\/td><td>Recyclage d&rsquo;air forc\u00e9<\/td><\/tr><\/tbody><\/table><figcaption>Refroidissement<\/figcaption><\/figure>\n\n<figure class=\"wp-block-table is-style-stripes\"><table class=\"has-fixed-layout\"><tbody><tr><td><strong>Vibration sinuso\u00efdale (conform\u00e9ment \u00e0 la norme EN 60068-2-64)<\/strong><\/td><td>Fr\u00e9quence 10 &#8211; 250 Hz \/ Acc\u00e9l\u00e9ration efficace sur l&rsquo;axe Z 0,6 g \/ Acc\u00e9l\u00e9ration efficace sur l&rsquo;axe X-Y 0,2 g<\/td><\/tr><\/tbody><\/table><figcaption>Vibrations et chocs<\/figcaption><\/figure>\n","protected":false},"excerpt":{"rendered":"<p>Tous vos besoins sous contr\u00f4le Syst\u00e8me modulaire \u00e0 traitement rapide pour unit\u00e9s de commande, E\/S et bus de champ, espace libre et ergonomique pour l&rsquo;int\u00e9gration de fonctions d&rsquo;application, dimensions compactes. Tous vos besoins sous contr\u00f4le. Haute puissance de traitement Le CG5 utilise la toute derni\u00e8re g\u00e9n\u00e9ration de PC industriels APC820 avec la technologie de CPU [&hellip;]<\/p>\n","protected":false},"author":11,"featured_media":6000,"parent":5976,"menu_order":1,"comment_status":"closed","ping_status":"closed","template":"","meta":{"_acf_changed":false,"ep_exclude_from_search":false,"footnotes":""},"class_list":["post-22275","page","type-page","status-publish","has-post-thumbnail","hentry"],"acf":[],"yoast_head":"<!-- This site is optimized with the Yoast SEO plugin v26.9 - https:\/\/yoast.com\/product\/yoast-seo-wordpress\/ -->\n<title>C5G - Comau<\/title>\n<meta name=\"robots\" content=\"index, follow, max-snippet:-1, max-image-preview:large, max-video-preview:-1\" \/>\n<link rel=\"canonical\" href=\"https:\/\/www.comau.com\/fr\/competencies\/products-solutions\/controls-auxiliary-equipment\/c5g\/\" \/>\n<meta property=\"og:locale\" content=\"fr_FR\" \/>\n<meta property=\"og:type\" content=\"article\" \/>\n<meta property=\"og:title\" content=\"C5G - Comau\" \/>\n<meta property=\"og:description\" content=\"Tous vos besoins sous contr\u00f4le Syst\u00e8me modulaire \u00e0 traitement rapide pour unit\u00e9s de commande, E\/S et bus de champ, espace libre et ergonomique pour l&rsquo;int\u00e9gration de fonctions d&rsquo;application, dimensions compactes. Tous vos besoins sous contr\u00f4le. Haute puissance de traitement Le CG5 utilise la toute derni\u00e8re g\u00e9n\u00e9ration de PC industriels APC820 avec la technologie de CPU [&hellip;]\" \/>\n<meta property=\"og:url\" content=\"https:\/\/www.comau.com\/fr\/competencies\/products-solutions\/controls-auxiliary-equipment\/c5g\/\" \/>\n<meta property=\"og:site_name\" content=\"Comau\" \/>\n<meta property=\"article:publisher\" content=\"https:\/\/www.facebook.com\/COMAU\/\" \/>\n<meta property=\"article:modified_time\" content=\"2021-07-26T10:20:27+00:00\" \/>\n<meta property=\"og:image\" content=\"https:\/\/www.comau.com\/wp-content\/uploads\/2021\/06\/controls_header.jpg\" \/>\n\t<meta property=\"og:image:width\" content=\"1280\" \/>\n\t<meta property=\"og:image:height\" content=\"485\" \/>\n\t<meta property=\"og:image:type\" content=\"image\/jpeg\" \/>\n<meta name=\"twitter:card\" content=\"summary_large_image\" \/>\n<meta name=\"twitter:site\" content=\"@comaugroup\" \/>\n<meta name=\"twitter:label1\" content=\"Dur\u00e9e de lecture estim\u00e9e\" \/>\n\t<meta name=\"twitter:data1\" content=\"4 minutes\" \/>\n<script type=\"application\/ld+json\" class=\"yoast-schema-graph\">{\"@context\":\"https:\/\/schema.org\",\"@graph\":[{\"@type\":\"WebPage\",\"@id\":\"https:\/\/www.comau.com\/fr\/competencies\/products-solutions\/controls-auxiliary-equipment\/c5g\/\",\"url\":\"https:\/\/www.comau.com\/fr\/competencies\/products-solutions\/controls-auxiliary-equipment\/c5g\/\",\"name\":\"C5G - Comau\",\"isPartOf\":{\"@id\":\"https:\/\/www.comau.com\/fr\/#website\"},\"primaryImageOfPage\":{\"@id\":\"https:\/\/www.comau.com\/fr\/competencies\/products-solutions\/controls-auxiliary-equipment\/c5g\/#primaryimage\"},\"image\":{\"@id\":\"https:\/\/www.comau.com\/fr\/competencies\/products-solutions\/controls-auxiliary-equipment\/c5g\/#primaryimage\"},\"thumbnailUrl\":\"https:\/\/www.comau.com\/wp-content\/uploads\/2021\/06\/controls_header.jpg\",\"datePublished\":\"2021-06-08T16:15:25+00:00\",\"dateModified\":\"2021-07-26T10:20:27+00:00\",\"breadcrumb\":{\"@id\":\"https:\/\/www.comau.com\/fr\/competencies\/products-solutions\/controls-auxiliary-equipment\/c5g\/#breadcrumb\"},\"inLanguage\":\"fr-FR\",\"potentialAction\":[{\"@type\":\"ReadAction\",\"target\":[\"https:\/\/www.comau.com\/fr\/competencies\/products-solutions\/controls-auxiliary-equipment\/c5g\/\"]}]},{\"@type\":\"ImageObject\",\"inLanguage\":\"fr-FR\",\"@id\":\"https:\/\/www.comau.com\/fr\/competencies\/products-solutions\/controls-auxiliary-equipment\/c5g\/#primaryimage\",\"url\":\"https:\/\/www.comau.com\/wp-content\/uploads\/2021\/06\/controls_header.jpg\",\"contentUrl\":\"https:\/\/www.comau.com\/wp-content\/uploads\/2021\/06\/controls_header.jpg\",\"width\":1280,\"height\":485},{\"@type\":\"BreadcrumbList\",\"@id\":\"https:\/\/www.comau.com\/fr\/competencies\/products-solutions\/controls-auxiliary-equipment\/c5g\/#breadcrumb\",\"itemListElement\":[{\"@type\":\"ListItem\",\"position\":1,\"name\":\"Home\",\"item\":\"https:\/\/www.comau.com\/fr\/\"},{\"@type\":\"ListItem\",\"position\":2,\"name\":\"Nos comp\u00e9tences\",\"item\":\"https:\/\/www.comau.com\/fr\/competencies\/\"},{\"@type\":\"ListItem\",\"position\":3,\"name\":\"Robotics &amp; Automation\",\"item\":\"https:\/\/www.comau.com\/fr\/competencies\/robotics-automation\/\"},{\"@type\":\"ListItem\",\"position\":4,\"name\":\"Controls et \u00c9quipement auxiliaire\",\"item\":\"https:\/\/www.comau.com\/fr\/competencies\/robotics-automation\/controls-auxiliary-equipment\/\"},{\"@type\":\"ListItem\",\"position\":5,\"name\":\"C5G\"}]},{\"@type\":\"WebSite\",\"@id\":\"https:\/\/www.comau.com\/fr\/#website\",\"url\":\"https:\/\/www.comau.com\/fr\/\",\"name\":\"Comau\",\"description\":\"Industrial automation and robotics\",\"publisher\":{\"@id\":\"https:\/\/www.comau.com\/fr\/#organization\"},\"potentialAction\":[{\"@type\":\"SearchAction\",\"target\":{\"@type\":\"EntryPoint\",\"urlTemplate\":\"https:\/\/www.comau.com\/fr\/?s={search_term_string}\"},\"query-input\":{\"@type\":\"PropertyValueSpecification\",\"valueRequired\":true,\"valueName\":\"search_term_string\"}}],\"inLanguage\":\"fr-FR\"},{\"@type\":\"Organization\",\"@id\":\"https:\/\/www.comau.com\/fr\/#organization\",\"name\":\"Comau\",\"url\":\"https:\/\/www.comau.com\/fr\/\",\"logo\":{\"@type\":\"ImageObject\",\"inLanguage\":\"fr-FR\",\"@id\":\"https:\/\/www.comau.com\/fr\/#\/schema\/logo\/image\/\",\"url\":\"https:\/\/www.comau.com\/wp-content\/uploads\/2024\/07\/cropped-Logo-COMAU.png\",\"contentUrl\":\"https:\/\/www.comau.com\/wp-content\/uploads\/2024\/07\/cropped-Logo-COMAU.png\",\"width\":434,\"height\":434,\"caption\":\"Comau\"},\"image\":{\"@id\":\"https:\/\/www.comau.com\/fr\/#\/schema\/logo\/image\/\"},\"sameAs\":[\"https:\/\/www.facebook.com\/COMAU\/\",\"https:\/\/x.com\/comaugroup\",\"https:\/\/www.instagram.com\/comaugroup\/\",\"https:\/\/www.linkedin.com\/company\/comau\",\"https:\/\/www.youtube.com\/user\/comau\"]}]}<\/script>\n<!-- \/ Yoast SEO plugin. -->","yoast_head_json":{"title":"C5G - Comau","robots":{"index":"index","follow":"follow","max-snippet":"max-snippet:-1","max-image-preview":"max-image-preview:large","max-video-preview":"max-video-preview:-1"},"canonical":"https:\/\/www.comau.com\/fr\/competencies\/products-solutions\/controls-auxiliary-equipment\/c5g\/","og_locale":"fr_FR","og_type":"article","og_title":"C5G - Comau","og_description":"Tous vos besoins sous contr\u00f4le Syst\u00e8me modulaire \u00e0 traitement rapide pour unit\u00e9s de commande, E\/S et bus de champ, espace libre et ergonomique pour l&rsquo;int\u00e9gration de fonctions d&rsquo;application, dimensions compactes. Tous vos besoins sous contr\u00f4le. Haute puissance de traitement Le CG5 utilise la toute derni\u00e8re g\u00e9n\u00e9ration de PC industriels APC820 avec la technologie de CPU [&hellip;]","og_url":"https:\/\/www.comau.com\/fr\/competencies\/products-solutions\/controls-auxiliary-equipment\/c5g\/","og_site_name":"Comau","article_publisher":"https:\/\/www.facebook.com\/COMAU\/","article_modified_time":"2021-07-26T10:20:27+00:00","og_image":[{"width":1280,"height":485,"url":"https:\/\/www.comau.com\/wp-content\/uploads\/2021\/06\/controls_header.jpg","type":"image\/jpeg"}],"twitter_card":"summary_large_image","twitter_site":"@comaugroup","twitter_misc":{"Dur\u00e9e de lecture estim\u00e9e":"4 minutes"},"schema":{"@context":"https:\/\/schema.org","@graph":[{"@type":"WebPage","@id":"https:\/\/www.comau.com\/fr\/competencies\/products-solutions\/controls-auxiliary-equipment\/c5g\/","url":"https:\/\/www.comau.com\/fr\/competencies\/products-solutions\/controls-auxiliary-equipment\/c5g\/","name":"C5G - Comau","isPartOf":{"@id":"https:\/\/www.comau.com\/fr\/#website"},"primaryImageOfPage":{"@id":"https:\/\/www.comau.com\/fr\/competencies\/products-solutions\/controls-auxiliary-equipment\/c5g\/#primaryimage"},"image":{"@id":"https:\/\/www.comau.com\/fr\/competencies\/products-solutions\/controls-auxiliary-equipment\/c5g\/#primaryimage"},"thumbnailUrl":"https:\/\/www.comau.com\/wp-content\/uploads\/2021\/06\/controls_header.jpg","datePublished":"2021-06-08T16:15:25+00:00","dateModified":"2021-07-26T10:20:27+00:00","breadcrumb":{"@id":"https:\/\/www.comau.com\/fr\/competencies\/products-solutions\/controls-auxiliary-equipment\/c5g\/#breadcrumb"},"inLanguage":"fr-FR","potentialAction":[{"@type":"ReadAction","target":["https:\/\/www.comau.com\/fr\/competencies\/products-solutions\/controls-auxiliary-equipment\/c5g\/"]}]},{"@type":"ImageObject","inLanguage":"fr-FR","@id":"https:\/\/www.comau.com\/fr\/competencies\/products-solutions\/controls-auxiliary-equipment\/c5g\/#primaryimage","url":"https:\/\/www.comau.com\/wp-content\/uploads\/2021\/06\/controls_header.jpg","contentUrl":"https:\/\/www.comau.com\/wp-content\/uploads\/2021\/06\/controls_header.jpg","width":1280,"height":485},{"@type":"BreadcrumbList","@id":"https:\/\/www.comau.com\/fr\/competencies\/products-solutions\/controls-auxiliary-equipment\/c5g\/#breadcrumb","itemListElement":[{"@type":"ListItem","position":1,"name":"Home","item":"https:\/\/www.comau.com\/fr\/"},{"@type":"ListItem","position":2,"name":"Nos comp\u00e9tences","item":"https:\/\/www.comau.com\/fr\/competencies\/"},{"@type":"ListItem","position":3,"name":"Robotics &amp; Automation","item":"https:\/\/www.comau.com\/fr\/competencies\/robotics-automation\/"},{"@type":"ListItem","position":4,"name":"Controls et \u00c9quipement auxiliaire","item":"https:\/\/www.comau.com\/fr\/competencies\/robotics-automation\/controls-auxiliary-equipment\/"},{"@type":"ListItem","position":5,"name":"C5G"}]},{"@type":"WebSite","@id":"https:\/\/www.comau.com\/fr\/#website","url":"https:\/\/www.comau.com\/fr\/","name":"Comau","description":"Industrial automation and robotics","publisher":{"@id":"https:\/\/www.comau.com\/fr\/#organization"},"potentialAction":[{"@type":"SearchAction","target":{"@type":"EntryPoint","urlTemplate":"https:\/\/www.comau.com\/fr\/?s={search_term_string}"},"query-input":{"@type":"PropertyValueSpecification","valueRequired":true,"valueName":"search_term_string"}}],"inLanguage":"fr-FR"},{"@type":"Organization","@id":"https:\/\/www.comau.com\/fr\/#organization","name":"Comau","url":"https:\/\/www.comau.com\/fr\/","logo":{"@type":"ImageObject","inLanguage":"fr-FR","@id":"https:\/\/www.comau.com\/fr\/#\/schema\/logo\/image\/","url":"https:\/\/www.comau.com\/wp-content\/uploads\/2024\/07\/cropped-Logo-COMAU.png","contentUrl":"https:\/\/www.comau.com\/wp-content\/uploads\/2024\/07\/cropped-Logo-COMAU.png","width":434,"height":434,"caption":"Comau"},"image":{"@id":"https:\/\/www.comau.com\/fr\/#\/schema\/logo\/image\/"},"sameAs":["https:\/\/www.facebook.com\/COMAU\/","https:\/\/x.com\/comaugroup","https:\/\/www.instagram.com\/comaugroup\/","https:\/\/www.linkedin.com\/company\/comau","https:\/\/www.youtube.com\/user\/comau"]}]}},"_links":{"self":[{"href":"https:\/\/www.comau.com\/fr\/wp-json\/wp\/v2\/pages\/22275","targetHints":{"allow":["GET"]}}],"collection":[{"href":"https:\/\/www.comau.com\/fr\/wp-json\/wp\/v2\/pages"}],"about":[{"href":"https:\/\/www.comau.com\/fr\/wp-json\/wp\/v2\/types\/page"}],"author":[{"embeddable":true,"href":"https:\/\/www.comau.com\/fr\/wp-json\/wp\/v2\/users\/11"}],"replies":[{"embeddable":true,"href":"https:\/\/www.comau.com\/fr\/wp-json\/wp\/v2\/comments?post=22275"}],"version-history":[{"count":73,"href":"https:\/\/www.comau.com\/fr\/wp-json\/wp\/v2\/pages\/22275\/revisions"}],"predecessor-version":[{"id":37353,"href":"https:\/\/www.comau.com\/fr\/wp-json\/wp\/v2\/pages\/22275\/revisions\/37353"}],"up":[{"embeddable":true,"href":"https:\/\/www.comau.com\/fr\/wp-json\/wp\/v2\/pages\/5976"}],"wp:featuredmedia":[{"embeddable":true,"href":"https:\/\/www.comau.com\/fr\/wp-json\/wp\/v2\/media\/6000"}],"wp:attachment":[{"href":"https:\/\/www.comau.com\/fr\/wp-json\/wp\/v2\/media?parent=22275"}],"curies":[{"name":"wp","href":"https:\/\/api.w.org\/{rel}","templated":true}]}}