{"id":13523,"date":"2021-06-01T00:02:23","date_gmt":"2021-05-31T22:02:23","guid":{"rendered":"https:\/\/www.comau.com\/?page_id=13523"},"modified":"2024-07-10T18:25:32","modified_gmt":"2024-07-10T16:25:32","slug":"our-vision-humanufacturing","status":"publish","type":"page","link":"https:\/\/www.comau.com\/fr\/about-us\/our-vision-humanufacturing\/","title":{"rendered":"Vision: HUMANufacturing"},"content":{"rendered":"\n<p>L&rsquo;innovation est un sujet r\u00e9current qui accompagne l&rsquo;ensemble des activit\u00e9s de Comau &#8211; des produits aux syst\u00e8mes et de la formation \u00e0 la relation avec le client &#8211; et constitue v\u00e9ritablement le fer de lanced&rsquo;une nouvelle \u00e8re en mati\u00e8re d&rsquo;automatisation, \u00e0 la fois ouverte, connect\u00e9e et facile \u00e0 comprendre et \u00e0 utiliser. <\/p>\n\n\n\n<p>Soutenue par une combinaison gagnante de savoir-faire technologique avanc\u00e9 et d&rsquo;exp\u00e9rience de long terme, l&rsquo;innovation Comau stimule le d\u00e9veloppement de nouveaux produits, de technologies de pointe et du concept puissant dans lequel l&rsquo;usine optimise l&rsquo;automatisation en s&rsquo;appuyant aussi bien sur l&rsquo;humain que sur les machines. C&rsquo;est ce que l&rsquo;on appelle l&rsquo;HUMANufacturing. <\/p>\n\n\n\n<figure class=\"wp-block-embed is-type-video is-provider-youtube wp-block-embed-youtube wp-embed-aspect-16-9 wp-has-aspect-ratio\"><div class=\"wp-block-embed__wrapper\">\n<iframe title=\"Video Comau Humanufacturing\" width=\"640\" height=\"360\" src=\"https:\/\/www.youtube.com\/embed\/Cdxo-YCzvbA?feature=oembed\" frameborder=\"0\" allow=\"accelerometer; autoplay; clipboard-write; encrypted-media; gyroscope; picture-in-picture; web-share\" referrerpolicy=\"strict-origin-when-cross-origin\" allowfullscreen><\/iframe>\n<\/div><\/figure>\n\n\n\n<h2 class=\"wp-block-heading\" id=\"une-nouvelle-facon-de-fabriquer\">Une nouvelle fa\u00e7on de fabriquer<\/h2>\n\n\n\n<p>HUMANufacturing d\u00e9finit l\u2019approche que nous avons adopt\u00e9e pour relever les d\u00e9fis et satisfaire les besoins d&rsquo;un march\u00e9 en pleine \u00e9volution. <\/p>\n\n\n<div class=\"wp-block-image\">\n<figure class=\"aligncenter size-large\"><img decoding=\"async\" width=\"790\" height=\"300\" src=\"https:\/\/www.comau.com\/wp-content\/uploads\/2021\/06\/1.jpg\" alt=\"\" class=\"wp-image-13562\" srcset=\"https:\/\/www.comau.com\/wp-content\/uploads\/2021\/06\/1.jpg 790w, https:\/\/www.comau.com\/wp-content\/uploads\/2021\/06\/1-300x114.jpg 300w, https:\/\/www.comau.com\/wp-content\/uploads\/2021\/06\/1-768x292.jpg 768w\" sizes=\"(max-width: 790px) 100vw, 790px\" \/><\/figure>\n<\/div>\n\n\n<p>En combinant des solutions industrielles 4.0 habilit\u00e9es avec des appareils portables innovants de transfert de donn\u00e9es en temps r\u00e9el et de r\u00e9alit\u00e9 virtuelle, nous aidons les entreprises \u00e0 tirer profit du potentiel de l\u2019automatisation appropri\u00e9e pour rationaliser leurs processus, assurer une meilleure qualit\u00e9 et am\u00e9liorer la flexibilit\u00e9 de leur potentiel de production. <\/p>\n\n\n\n<p>C&rsquo;est un exemple concret de la mani\u00e8re dont Comau utilise son exp\u00e9rience de plus de quatre d\u00e9cennies en mati\u00e8re d&rsquo;automatisation pour concevoir des infrastructures d&rsquo;usine intelligentes, inspir\u00e9es par l&rsquo;innovation et support\u00e9es par un savoir-faire, une culture et une vision. Plus important encore, l&rsquo;HUMANufacturing place l&rsquo;humain au centre d&rsquo;un environnement de fabrication collaboratif, s\u00fbr et synergique. <\/p>\n\n\n\n<h2 class=\"wp-block-heading\" id=\"nos-piliers-de-l-innovation\">Nos piliers de l\u2019Innovation<\/h2>\n\n\n\n<p>L\u2019Innovation Ouverte et la co-cr\u00e9ation sont deux \u00e9l\u00e9ments essentiels de notre approche HUMANufacturing. L&rsquo;Innovation Ouverte nous permet de recueillir les id\u00e9es et l&rsquo;\u00e9nergie de personnes en dehors de notre organisation afin de g\u00e9n\u00e9rer des technologies de rupture pour nos produits et solutions. Notre mod\u00e8le d\u2019Innovation Ouverte est ax\u00e9 sur:<\/p>\n\n\n\n<h3 class=\"wp-block-heading\" id=\"des-solutions-faciles-a-utiliser\">Des solutions faciles \u00e0 utiliser<\/h3>\n\n\n\n<p>\nDes architectures de production de mieux en mieux adapt\u00e9es aux demandes dynamiques du march\u00e9, dont la majorit\u00e9 n\u00e9cessite des changements radicaux en termes de typologies de production. La Facilit\u00e9 d\u2019utilisation est un crit\u00e8re primordial de tout(e) produit ou solution con\u00e7u(e) par Comau. C\u2019est ce qui a guid\u00e9 la Human Machine Interface (HMI) de Comau. C\u2019est \u00e9galement ce qui permet \u00e0 nos ing\u00e9nieurs de contr\u00f4le de concevoir des solutions intuitives, faciles \u00e0 comprendre et \u00e0 utiliser qui simplifient l\u2019automatisation en cachant les technologies et caract\u00e9ristiques innovantes potentiellement trop complexes pour l&rsquo;utilisateur final.<\/p>\n\n\n\n<h3 class=\"wp-block-heading\" id=\"solutions-de-fabrication-a-valeur-ajoutee-soutenues-par-des-technologies-de-pointe\">Solutions de fabrication \u00e0 valeur ajout\u00e9e soutenues par des technologies de pointe<\/h3>\n\n\n\n<p>En mati\u00e8re d&rsquo;innovation, nous soutenons en priorit\u00e9 le d\u00e9veloppement, le perfectionnement et la mise en place d&rsquo;un ensemble global de technologies habilitantes de fabrication et de processus innovants qui facilitent la flexibilit\u00e9, l\u2019utilisation de mat\u00e9riaux de pointe, la r\u00e9alisation de performances \u00e9lev\u00e9es en termes de qualit\u00e9 et de productivit\u00e9 (pr\u00e9cision et z\u00e9ro d\u00e9faut), l\u2019utilisation efficace de l\u2019\u00e9nergie et des mat\u00e9riaux et une r\u00e9duction drastique des \u00e9missions.<\/p>\n\n\n\n<h3 class=\"wp-block-heading\" id=\"collaboration-entre-robots-et-humains\">Collaboration entre robots et humains<\/h3>\n\n\n\n<p>Les activit\u00e9s mises en place pour r\u00e9pondre \u00e0 cette priorit\u00e9 d\u2019innovation sont orient\u00e9es sur les rapports symbiotiques entre les hommes et les machines, cherchant \u00e0 mieux comprendre le comportement humain et \u00e0 aller plus loin que les approches conventionnelles.<\/p>\n","protected":false},"excerpt":{"rendered":"<p>L&rsquo;innovation est un sujet r\u00e9current qui accompagne l&rsquo;ensemble des activit\u00e9s de Comau &#8211; des produits aux syst\u00e8mes et de la formation \u00e0 la relation avec le client &#8211; et constitue v\u00e9ritablement le fer de lanced&rsquo;une nouvelle \u00e8re en mati\u00e8re d&rsquo;automatisation, \u00e0 la fois ouverte, connect\u00e9e et facile \u00e0 comprendre et \u00e0 utiliser. Soutenue par une [&hellip;]<\/p>\n","protected":false},"author":11,"featured_media":4498,"parent":5215,"menu_order":2,"comment_status":"closed","ping_status":"closed","template":"","meta":{"_acf_changed":false,"ep_exclude_from_search":false,"footnotes":""},"class_list":["post-13523","page","type-page","status-publish","has-post-thumbnail","hentry"],"acf":[],"yoast_head":"<!-- This site is optimized with the Yoast SEO plugin v26.9 - https:\/\/yoast.com\/product\/yoast-seo-wordpress\/ -->\n<title>Syst\u00e8mes automatis\u00e9s de production | Comau<\/title>\n<meta name=\"description\" content=\"Comau stimule l&#039;optimisation industrielle en s\u2019appuyant aussi bien sur l\u2019humain que sur les machines. C\u2019est ce que l\u2019on appelle l\u2019HUMANufacturing.\" \/>\n<meta name=\"robots\" content=\"index, follow, max-snippet:-1, max-image-preview:large, max-video-preview:-1\" \/>\n<link rel=\"canonical\" href=\"https:\/\/www.comau.com\/fr\/about-us\/our-vision-humanufacturing\/\" \/>\n<meta property=\"og:locale\" content=\"fr_FR\" \/>\n<meta property=\"og:type\" content=\"article\" \/>\n<meta property=\"og:title\" content=\"Syst\u00e8mes automatis\u00e9s de production | Comau\" \/>\n<meta property=\"og:description\" content=\"Comau stimule l&#039;optimisation industrielle en s\u2019appuyant aussi bien sur l\u2019humain que sur les machines. C\u2019est ce que l\u2019on appelle l\u2019HUMANufacturing.\" \/>\n<meta property=\"og:url\" content=\"https:\/\/www.comau.com\/fr\/about-us\/our-vision-humanufacturing\/\" \/>\n<meta property=\"og:site_name\" content=\"Comau\" \/>\n<meta property=\"article:publisher\" content=\"https:\/\/www.facebook.com\/COMAU\/\" \/>\n<meta property=\"article:modified_time\" content=\"2024-07-10T16:25:32+00:00\" \/>\n<meta property=\"og:image\" content=\"https:\/\/www.comau.com\/wp-content\/uploads\/2021\/06\/Comau_Humanufaturing_HannoverMesse_header.jpg\" \/>\n\t<meta property=\"og:image:width\" content=\"1280\" \/>\n\t<meta property=\"og:image:height\" content=\"485\" \/>\n\t<meta property=\"og:image:type\" content=\"image\/jpeg\" \/>\n<meta name=\"twitter:card\" content=\"summary_large_image\" \/>\n<meta name=\"twitter:site\" content=\"@comaugroup\" \/>\n<meta name=\"twitter:label1\" content=\"Dur\u00e9e de lecture estim\u00e9e\" \/>\n\t<meta name=\"twitter:data1\" content=\"3 minutes\" \/>\n<script type=\"application\/ld+json\" class=\"yoast-schema-graph\">{\"@context\":\"https:\/\/schema.org\",\"@graph\":[{\"@type\":\"WebPage\",\"@id\":\"https:\/\/www.comau.com\/fr\/about-us\/our-vision-humanufacturing\/\",\"url\":\"https:\/\/www.comau.com\/fr\/about-us\/our-vision-humanufacturing\/\",\"name\":\"Syst\u00e8mes automatis\u00e9s de production | Comau\",\"isPartOf\":{\"@id\":\"https:\/\/www.comau.com\/fr\/#website\"},\"primaryImageOfPage\":{\"@id\":\"https:\/\/www.comau.com\/fr\/about-us\/our-vision-humanufacturing\/#primaryimage\"},\"image\":{\"@id\":\"https:\/\/www.comau.com\/fr\/about-us\/our-vision-humanufacturing\/#primaryimage\"},\"thumbnailUrl\":\"https:\/\/www.comau.com\/wp-content\/uploads\/2021\/06\/Comau_Humanufaturing_HannoverMesse_header.jpg\",\"datePublished\":\"2021-05-31T22:02:23+00:00\",\"dateModified\":\"2024-07-10T16:25:32+00:00\",\"description\":\"Comau stimule l'optimisation industrielle en s\u2019appuyant aussi bien sur l\u2019humain que sur les machines. C\u2019est ce que l\u2019on appelle l\u2019HUMANufacturing.\",\"breadcrumb\":{\"@id\":\"https:\/\/www.comau.com\/fr\/about-us\/our-vision-humanufacturing\/#breadcrumb\"},\"inLanguage\":\"fr-FR\",\"potentialAction\":[{\"@type\":\"ReadAction\",\"target\":[\"https:\/\/www.comau.com\/fr\/about-us\/our-vision-humanufacturing\/\"]}]},{\"@type\":\"ImageObject\",\"inLanguage\":\"fr-FR\",\"@id\":\"https:\/\/www.comau.com\/fr\/about-us\/our-vision-humanufacturing\/#primaryimage\",\"url\":\"https:\/\/www.comau.com\/wp-content\/uploads\/2021\/06\/Comau_Humanufaturing_HannoverMesse_header.jpg\",\"contentUrl\":\"https:\/\/www.comau.com\/wp-content\/uploads\/2021\/06\/Comau_Humanufaturing_HannoverMesse_header.jpg\",\"width\":1280,\"height\":485},{\"@type\":\"BreadcrumbList\",\"@id\":\"https:\/\/www.comau.com\/fr\/about-us\/our-vision-humanufacturing\/#breadcrumb\",\"itemListElement\":[{\"@type\":\"ListItem\",\"position\":1,\"name\":\"Home\",\"item\":\"https:\/\/www.comau.com\/fr\/\"},{\"@type\":\"ListItem\",\"position\":2,\"name\":\"\u00c0 propos de Comau\",\"item\":\"https:\/\/www.comau.com\/fr\/about-us\/\"},{\"@type\":\"ListItem\",\"position\":3,\"name\":\"Vision: HUMANufacturing\"}]},{\"@type\":\"WebSite\",\"@id\":\"https:\/\/www.comau.com\/fr\/#website\",\"url\":\"https:\/\/www.comau.com\/fr\/\",\"name\":\"Comau\",\"description\":\"Industrial automation and robotics\",\"publisher\":{\"@id\":\"https:\/\/www.comau.com\/fr\/#organization\"},\"potentialAction\":[{\"@type\":\"SearchAction\",\"target\":{\"@type\":\"EntryPoint\",\"urlTemplate\":\"https:\/\/www.comau.com\/fr\/?s={search_term_string}\"},\"query-input\":{\"@type\":\"PropertyValueSpecification\",\"valueRequired\":true,\"valueName\":\"search_term_string\"}}],\"inLanguage\":\"fr-FR\"},{\"@type\":\"Organization\",\"@id\":\"https:\/\/www.comau.com\/fr\/#organization\",\"name\":\"Comau\",\"url\":\"https:\/\/www.comau.com\/fr\/\",\"logo\":{\"@type\":\"ImageObject\",\"inLanguage\":\"fr-FR\",\"@id\":\"https:\/\/www.comau.com\/fr\/#\/schema\/logo\/image\/\",\"url\":\"https:\/\/www.comau.com\/wp-content\/uploads\/2024\/07\/cropped-Logo-COMAU.png\",\"contentUrl\":\"https:\/\/www.comau.com\/wp-content\/uploads\/2024\/07\/cropped-Logo-COMAU.png\",\"width\":434,\"height\":434,\"caption\":\"Comau\"},\"image\":{\"@id\":\"https:\/\/www.comau.com\/fr\/#\/schema\/logo\/image\/\"},\"sameAs\":[\"https:\/\/www.facebook.com\/COMAU\/\",\"https:\/\/x.com\/comaugroup\",\"https:\/\/www.instagram.com\/comaugroup\/\",\"https:\/\/www.linkedin.com\/company\/comau\",\"https:\/\/www.youtube.com\/user\/comau\"]}]}<\/script>\n<!-- \/ Yoast SEO plugin. -->","yoast_head_json":{"title":"Syst\u00e8mes automatis\u00e9s de production | Comau","description":"Comau stimule l'optimisation industrielle en s\u2019appuyant aussi bien sur l\u2019humain que sur les machines. C\u2019est ce que l\u2019on appelle l\u2019HUMANufacturing.","robots":{"index":"index","follow":"follow","max-snippet":"max-snippet:-1","max-image-preview":"max-image-preview:large","max-video-preview":"max-video-preview:-1"},"canonical":"https:\/\/www.comau.com\/fr\/about-us\/our-vision-humanufacturing\/","og_locale":"fr_FR","og_type":"article","og_title":"Syst\u00e8mes automatis\u00e9s de production | Comau","og_description":"Comau stimule l'optimisation industrielle en s\u2019appuyant aussi bien sur l\u2019humain que sur les machines. C\u2019est ce que l\u2019on appelle l\u2019HUMANufacturing.","og_url":"https:\/\/www.comau.com\/fr\/about-us\/our-vision-humanufacturing\/","og_site_name":"Comau","article_publisher":"https:\/\/www.facebook.com\/COMAU\/","article_modified_time":"2024-07-10T16:25:32+00:00","og_image":[{"width":1280,"height":485,"url":"https:\/\/www.comau.com\/wp-content\/uploads\/2021\/06\/Comau_Humanufaturing_HannoverMesse_header.jpg","type":"image\/jpeg"}],"twitter_card":"summary_large_image","twitter_site":"@comaugroup","twitter_misc":{"Dur\u00e9e de lecture estim\u00e9e":"3 minutes"},"schema":{"@context":"https:\/\/schema.org","@graph":[{"@type":"WebPage","@id":"https:\/\/www.comau.com\/fr\/about-us\/our-vision-humanufacturing\/","url":"https:\/\/www.comau.com\/fr\/about-us\/our-vision-humanufacturing\/","name":"Syst\u00e8mes automatis\u00e9s de production | Comau","isPartOf":{"@id":"https:\/\/www.comau.com\/fr\/#website"},"primaryImageOfPage":{"@id":"https:\/\/www.comau.com\/fr\/about-us\/our-vision-humanufacturing\/#primaryimage"},"image":{"@id":"https:\/\/www.comau.com\/fr\/about-us\/our-vision-humanufacturing\/#primaryimage"},"thumbnailUrl":"https:\/\/www.comau.com\/wp-content\/uploads\/2021\/06\/Comau_Humanufaturing_HannoverMesse_header.jpg","datePublished":"2021-05-31T22:02:23+00:00","dateModified":"2024-07-10T16:25:32+00:00","description":"Comau stimule l'optimisation industrielle en s\u2019appuyant aussi bien sur l\u2019humain que sur les machines. C\u2019est ce que l\u2019on appelle l\u2019HUMANufacturing.","breadcrumb":{"@id":"https:\/\/www.comau.com\/fr\/about-us\/our-vision-humanufacturing\/#breadcrumb"},"inLanguage":"fr-FR","potentialAction":[{"@type":"ReadAction","target":["https:\/\/www.comau.com\/fr\/about-us\/our-vision-humanufacturing\/"]}]},{"@type":"ImageObject","inLanguage":"fr-FR","@id":"https:\/\/www.comau.com\/fr\/about-us\/our-vision-humanufacturing\/#primaryimage","url":"https:\/\/www.comau.com\/wp-content\/uploads\/2021\/06\/Comau_Humanufaturing_HannoverMesse_header.jpg","contentUrl":"https:\/\/www.comau.com\/wp-content\/uploads\/2021\/06\/Comau_Humanufaturing_HannoverMesse_header.jpg","width":1280,"height":485},{"@type":"BreadcrumbList","@id":"https:\/\/www.comau.com\/fr\/about-us\/our-vision-humanufacturing\/#breadcrumb","itemListElement":[{"@type":"ListItem","position":1,"name":"Home","item":"https:\/\/www.comau.com\/fr\/"},{"@type":"ListItem","position":2,"name":"\u00c0 propos de Comau","item":"https:\/\/www.comau.com\/fr\/about-us\/"},{"@type":"ListItem","position":3,"name":"Vision: HUMANufacturing"}]},{"@type":"WebSite","@id":"https:\/\/www.comau.com\/fr\/#website","url":"https:\/\/www.comau.com\/fr\/","name":"Comau","description":"Industrial automation and robotics","publisher":{"@id":"https:\/\/www.comau.com\/fr\/#organization"},"potentialAction":[{"@type":"SearchAction","target":{"@type":"EntryPoint","urlTemplate":"https:\/\/www.comau.com\/fr\/?s={search_term_string}"},"query-input":{"@type":"PropertyValueSpecification","valueRequired":true,"valueName":"search_term_string"}}],"inLanguage":"fr-FR"},{"@type":"Organization","@id":"https:\/\/www.comau.com\/fr\/#organization","name":"Comau","url":"https:\/\/www.comau.com\/fr\/","logo":{"@type":"ImageObject","inLanguage":"fr-FR","@id":"https:\/\/www.comau.com\/fr\/#\/schema\/logo\/image\/","url":"https:\/\/www.comau.com\/wp-content\/uploads\/2024\/07\/cropped-Logo-COMAU.png","contentUrl":"https:\/\/www.comau.com\/wp-content\/uploads\/2024\/07\/cropped-Logo-COMAU.png","width":434,"height":434,"caption":"Comau"},"image":{"@id":"https:\/\/www.comau.com\/fr\/#\/schema\/logo\/image\/"},"sameAs":["https:\/\/www.facebook.com\/COMAU\/","https:\/\/x.com\/comaugroup","https:\/\/www.instagram.com\/comaugroup\/","https:\/\/www.linkedin.com\/company\/comau","https:\/\/www.youtube.com\/user\/comau"]}]}},"_links":{"self":[{"href":"https:\/\/www.comau.com\/fr\/wp-json\/wp\/v2\/pages\/13523","targetHints":{"allow":["GET"]}}],"collection":[{"href":"https:\/\/www.comau.com\/fr\/wp-json\/wp\/v2\/pages"}],"about":[{"href":"https:\/\/www.comau.com\/fr\/wp-json\/wp\/v2\/types\/page"}],"author":[{"embeddable":true,"href":"https:\/\/www.comau.com\/fr\/wp-json\/wp\/v2\/users\/11"}],"replies":[{"embeddable":true,"href":"https:\/\/www.comau.com\/fr\/wp-json\/wp\/v2\/comments?post=13523"}],"version-history":[{"count":47,"href":"https:\/\/www.comau.com\/fr\/wp-json\/wp\/v2\/pages\/13523\/revisions"}],"predecessor-version":[{"id":65031,"href":"https:\/\/www.comau.com\/fr\/wp-json\/wp\/v2\/pages\/13523\/revisions\/65031"}],"up":[{"embeddable":true,"href":"https:\/\/www.comau.com\/fr\/wp-json\/wp\/v2\/pages\/5215"}],"wp:featuredmedia":[{"embeddable":true,"href":"https:\/\/www.comau.com\/fr\/wp-json\/wp\/v2\/media\/4498"}],"wp:attachment":[{"href":"https:\/\/www.comau.com\/fr\/wp-json\/wp\/v2\/media?parent=13523"}],"curies":[{"name":"wp","href":"https:\/\/api.w.org\/{rel}","templated":true}]}}