{"id":68,"date":"2021-06-01T00:03:52","date_gmt":"2021-05-31T22:03:52","guid":{"rendered":"https:\/\/www.comau.com\/?page_id=68"},"modified":"2026-02-11T23:33:09","modified_gmt":"2026-02-11T22:33:09","slug":"global-presence","status":"publish","type":"page","link":"https:\/\/www.comau.com\/en\/about-us\/global-presence\/","title":{"rendered":"Global Presence"},"content":{"rendered":"\n<h2 class=\"wp-block-heading\">Global customer-focused presence<\/h2>\n\n\n\n<p>The global marketplace moves too fast to accept delays. At Comau we know that every minute counts when you\u2019ve got questions.<\/p>\n\n\n\n<p>Headquartered in Turin, Italy, Comau has an international <strong>network of 8 innovation centers and 11 manufacturing plants that span 11 countries and employ 3,800 people<\/strong>. Automha, headquartered in Bergamo, Italy, has 4 subsidiaries and manufacturing facilities in both Italy and China, which employ a total of 280 people.<\/p>\n\n\n\n<p>We\u2019re truly global so that we can be genuinely local. Wherever your base of operations sits,&nbsp;Comau\u2019s trusted support isn\u2019t far. And decades of PMI project management with cross-cultural and multinational teams backs our international network. So you know we can collaborate with your team to drive performance and make things work smoothly.<\/p>\n\n\n\n<h3 class=\"wp-block-heading has-text-align-center\">Comau at a glance<\/h3>\n\n\n\n<div class=\"wp-block-columns is-layout-flex wp-container-core-columns-is-layout-9d6595d7 wp-block-columns-is-layout-flex\">\n<div class=\"wp-block-column is-layout-flow wp-block-column-is-layout-flow\">\n<div class=\"wp-block-getwid-image-box has-text-center has-mobile-layout-default has-mobile-alignment-default\"><div class=\"wp-block-getwid-image-box__image-container is-position-top\"><div class=\"wp-block-getwid-image-box__image-wrapper\"><img decoding=\"async\" width=\"144\" height=\"89\" src=\"https:\/\/www.comau.com\/wp-content\/uploads\/2021\/06\/plants.png\" alt=\"\" class=\"wp-block-getwid-image-box__image wp-image-229\"\/><\/div><\/div><div class=\"wp-block-getwid-image-box__content\">\n<h3 class=\"wp-block-heading\"><\/h3>\n\n\n\n<p><strong>14<\/strong> manufacturing plants<\/p>\n<\/div><\/div>\n<\/div>\n\n\n\n<div class=\"wp-block-column is-layout-flow wp-block-column-is-layout-flow\">\n<div class=\"wp-block-getwid-image-box has-text-center has-mobile-layout-default has-mobile-alignment-default\"><div class=\"wp-block-getwid-image-box__image-container is-position-top\"><div class=\"wp-block-getwid-image-box__image-wrapper\"><img decoding=\"async\" width=\"184\" height=\"130\" src=\"https:\/\/www.comau.com\/wp-content\/uploads\/2021\/06\/innovationCenters.png\" alt=\"\" class=\"wp-block-getwid-image-box__image wp-image-241\"\/><\/div><\/div><div class=\"wp-block-getwid-image-box__content\">\n<h3 class=\"wp-block-heading\"><\/h3>\n\n\n\n<p><strong>8<\/strong> innovation centers<\/p>\n<\/div><\/div>\n<\/div>\n\n\n\n<div class=\"wp-block-column is-layout-flow wp-block-column-is-layout-flow\">\n<div class=\"wp-block-getwid-image-box has-text-center has-mobile-layout-default has-mobile-alignment-default\"><div class=\"wp-block-getwid-image-box__image-container is-position-top\"><div class=\"wp-block-getwid-image-box__image-wrapper\"><img decoding=\"async\" width=\"142\" height=\"68\" src=\"https:\/\/www.comau.com\/wp-content\/uploads\/2021\/06\/employees-idea.png\" alt=\"\" class=\"wp-block-getwid-image-box__image wp-image-238\"\/><\/div><\/div><div class=\"wp-block-getwid-image-box__content\">\n<h3 class=\"wp-block-heading\"><\/h3>\n\n\n\n<p><strong>4,000+<\/strong> employees<\/p>\n<\/div><\/div>\n<\/div>\n<\/div>\n\n\n\n<div style=\"height:25px\" aria-hidden=\"true\" class=\"wp-block-spacer\"><\/div>\n\n\n\n<h2 class=\"wp-block-heading\">Locations<\/h2>\n\n\n\n<div style=\"height:25px\" aria-hidden=\"true\" class=\"wp-block-spacer\"><\/div>\n\n\n\n<div class=\"wp-block-getwid-toggle has-icon-left\">\n<div class=\"wp-block-getwid-toggle__row\"><div class=\"wp-block-getwid-toggle__header-wrapper\"><span class=\"wp-block-getwid-toggle__header\"><a href=\"#\"><span class=\"wp-block-getwid-toggle__header-title\">Comau S.p.A &#8211; Global Headquarters<\/span><span class=\"wp-block-getwid-toggle__icon is-active\"><i class=\"fas fa-plus\"><\/i><\/span><span class=\"wp-block-getwid-toggle__icon is-passive\"><i class=\"fas fa-minus\"><\/i><\/span><\/a><\/span><\/div><div class=\"wp-block-getwid-toggle__content-wrapper\"><div class=\"wp-block-getwid-toggle__content\">\n<p>Via Rivalta 30, Grugliasco, Torino 10095, IT<\/p>\n<\/div><\/div><\/div>\n<\/div>\n\n\n\n<div style=\"height:25px\" aria-hidden=\"true\" class=\"wp-block-spacer\"><\/div>\n\n\n\n<div class=\"wp-block-getwid-toggle has-icon-left\">\n<div class=\"wp-block-getwid-toggle__row\"><div class=\"wp-block-getwid-toggle__header-wrapper\"><span class=\"wp-block-getwid-toggle__header\"><a href=\"#\"><span class=\"wp-block-getwid-toggle__header-title\">Comau LLC &#8211; North American Headquarter<\/span><span class=\"wp-block-getwid-toggle__icon is-active\"><i class=\"fas fa-plus\"><\/i><\/span><span class=\"wp-block-getwid-toggle__icon is-passive\"><i class=\"fas fa-minus\"><\/i><\/span><\/a><\/span><\/div><div class=\"wp-block-getwid-toggle__content-wrapper\"><div class=\"wp-block-getwid-toggle__content\">\n<p>21000 Telegraph Rd., Southfield, Michigan 48033, US<\/p>\n<\/div><\/div><\/div>\n<\/div>\n\n\n\n<div style=\"height:25px\" aria-hidden=\"true\" class=\"wp-block-spacer\"><\/div>\n\n\n\n<div class=\"wp-block-getwid-toggle has-icon-left\">\n<div class=\"wp-block-getwid-toggle__row\"><div class=\"wp-block-getwid-toggle__header-wrapper\"><span class=\"wp-block-getwid-toggle__header\"><a href=\"#\"><span class=\"wp-block-getwid-toggle__header-title\">Comau (Shanghai) Engineering Co. Ltd<\/span><span class=\"wp-block-getwid-toggle__icon is-active\"><i class=\"fas fa-plus\"><\/i><\/span><span class=\"wp-block-getwid-toggle__icon is-passive\"><i class=\"fas fa-minus\"><\/i><\/span><\/a><\/span><\/div><div class=\"wp-block-getwid-toggle__content-wrapper\"><div class=\"wp-block-getwid-toggle__content\">\n<p>1353 Jiu Gan Road \u2013 Sijing Town, Songjiang Ditrict, Shanghai, 201601, CN<\/p>\n<\/div><\/div><\/div>\n<\/div>\n\n\n\n<div style=\"height:25px\" aria-hidden=\"true\" class=\"wp-block-spacer\"><\/div>\n\n\n\n<div class=\"wp-block-getwid-toggle has-icon-left\">\n<div class=\"wp-block-getwid-toggle__row\"><div class=\"wp-block-getwid-toggle__header-wrapper\"><span class=\"wp-block-getwid-toggle__header\"><a href=\"#\"><span class=\"wp-block-getwid-toggle__header-title\">Comau do Brasil Automa\u00e7\u00e3o e Servi\u00e7os Industriais<\/span><span class=\"wp-block-getwid-toggle__icon is-active\"><i class=\"fas fa-plus\"><\/i><\/span><span class=\"wp-block-getwid-toggle__icon is-passive\"><i class=\"fas fa-minus\"><\/i><\/span><\/a><\/span><\/div><div class=\"wp-block-getwid-toggle__content-wrapper\"><div class=\"wp-block-getwid-toggle__content\">\n<p>Avenida do Contorno, 3455, Distrito Industrial Paulo Camilo Pena Betim, MG, Betim, BR<\/p>\n\n\n\n<p>Avenida Alexandre de Gusm\u00e3o, 1395, Vila Homero Thon, Santo Andr\u00e9, S\u00e3o Paulo, BR<\/p>\n<\/div><\/div><\/div>\n<\/div>\n\n\n\n<div style=\"height:25px\" aria-hidden=\"true\" class=\"wp-block-spacer\"><\/div>\n\n\n\n<div class=\"wp-block-getwid-toggle has-icon-left\">\n<div class=\"wp-block-getwid-toggle__row\"><div class=\"wp-block-getwid-toggle__header-wrapper\"><span class=\"wp-block-getwid-toggle__header\"><a href=\"#\"><span class=\"wp-block-getwid-toggle__header-title\">Comau India Pvt. Ltd.<\/span><span class=\"wp-block-getwid-toggle__icon is-active\"><i class=\"fas fa-plus\"><\/i><\/span><span class=\"wp-block-getwid-toggle__icon is-passive\"><i class=\"fas fa-minus\"><\/i><\/span><\/a><\/span><\/div><div class=\"wp-block-getwid-toggle__content-wrapper\"><div class=\"wp-block-getwid-toggle__content\">\n<p>34Km Milestone \u2013 Pune-Nagar Road \u2013 Shikrapur \u2013 Pune, Pune, 412 208, IN<\/p>\n<\/div><\/div><\/div>\n<\/div>\n\n\n\n<div style=\"height:25px\" aria-hidden=\"true\" class=\"wp-block-spacer\"><\/div>\n\n\n\n<div class=\"wp-block-getwid-toggle has-icon-left\">\n<div class=\"wp-block-getwid-toggle__row\"><div class=\"wp-block-getwid-toggle__header-wrapper\"><span class=\"wp-block-getwid-toggle__header\"><a href=\"#\"><span class=\"wp-block-getwid-toggle__header-title\">Comau Germany GmbH<\/span><span class=\"wp-block-getwid-toggle__icon is-active\"><i class=\"fas fa-plus\"><\/i><\/span><span class=\"wp-block-getwid-toggle__icon is-passive\"><i class=\"fas fa-minus\"><\/i><\/span><\/a><\/span><\/div><div class=\"wp-block-getwid-toggle__content-wrapper\"><div class=\"wp-block-getwid-toggle__content\">\n<p>Butzweilerhofallee 3 d, Cologne, 50829, DE<\/p>\n<\/div><\/div><\/div>\n<\/div>\n\n\n\n<div style=\"height:25px\" aria-hidden=\"true\" class=\"wp-block-spacer\"><\/div>\n\n\n\n<div class=\"wp-block-getwid-toggle has-icon-left\">\n<div class=\"wp-block-getwid-toggle__row\"><div class=\"wp-block-getwid-toggle__header-wrapper\"><span class=\"wp-block-getwid-toggle__header\"><a href=\"#\"><span class=\"wp-block-getwid-toggle__header-title\">Comau UK Ltd.<\/span><span class=\"wp-block-getwid-toggle__icon is-active\"><i class=\"fas fa-plus\"><\/i><\/span><span class=\"wp-block-getwid-toggle__icon is-passive\"><i class=\"fas fa-minus\"><\/i><\/span><\/a><\/span><\/div><div class=\"wp-block-getwid-toggle__content-wrapper\"><div class=\"wp-block-getwid-toggle__content\">\n<p>Unit A2 Swift Park \u2013 Old Leicester Road, Rugby, CV21 1DZ, GB<\/p>\n<\/div><\/div><\/div>\n<\/div>\n\n\n\n<div style=\"height:25px\" aria-hidden=\"true\" class=\"wp-block-spacer\"><\/div>\n\n\n\n<div class=\"wp-block-getwid-toggle has-icon-left\">\n<div class=\"wp-block-getwid-toggle__row\"><div class=\"wp-block-getwid-toggle__header-wrapper\"><span class=\"wp-block-getwid-toggle__header\"><a href=\"#\"><span class=\"wp-block-getwid-toggle__header-title\">Comau Mexico<\/span><span class=\"wp-block-getwid-toggle__icon is-active\"><i class=\"fas fa-plus\"><\/i><\/span><span class=\"wp-block-getwid-toggle__icon is-passive\"><i class=\"fas fa-minus\"><\/i><\/span><\/a><\/span><\/div><div class=\"wp-block-getwid-toggle__content-wrapper\"><div class=\"wp-block-getwid-toggle__content\">\n<p>Autopista Chamapa Lecher\u00eda KM 2.5 No. Int: B017, Cuautitl\u00e1n Izcalli, 54769, MX<\/p>\n<\/div><\/div><\/div>\n<\/div>\n\n\n\n<div style=\"height:25px\" aria-hidden=\"true\" class=\"wp-block-spacer\"><\/div>\n\n\n\n<div class=\"wp-block-getwid-toggle has-icon-left\">\n<div class=\"wp-block-getwid-toggle__row\"><div class=\"wp-block-getwid-toggle__header-wrapper\"><span class=\"wp-block-getwid-toggle__header\"><a href=\"#\"><span class=\"wp-block-getwid-toggle__header-title\">Comau Romania<\/span><span class=\"wp-block-getwid-toggle__icon is-active\"><i class=\"fas fa-plus\"><\/i><\/span><span class=\"wp-block-getwid-toggle__icon is-passive\"><i class=\"fas fa-minus\"><\/i><\/span><\/a><\/span><\/div><div class=\"wp-block-getwid-toggle__content-wrapper\"><div class=\"wp-block-getwid-toggle__content\">\n<p>Sos.Borsului 53B, Oradea, Bihor County 410605, RO<\/p>\n<\/div><\/div><\/div>\n<\/div>\n\n\n\n<div style=\"height:25px\" aria-hidden=\"true\" class=\"wp-block-spacer\"><\/div>\n\n\n\n<div class=\"wp-block-getwid-toggle has-icon-left\">\n<div class=\"wp-block-getwid-toggle__row\"><div class=\"wp-block-getwid-toggle__header-wrapper\"><span class=\"wp-block-getwid-toggle__header\"><a href=\"#\"><span class=\"wp-block-getwid-toggle__header-title\">Comau France<\/span><span class=\"wp-block-getwid-toggle__icon is-active\"><i class=\"fas fa-plus\"><\/i><\/span><span class=\"wp-block-getwid-toggle__icon is-passive\"><i class=\"fas fa-minus\"><\/i><\/span><\/a><\/span><\/div><div class=\"wp-block-getwid-toggle__content-wrapper\"><div class=\"wp-block-getwid-toggle__content\">\n<p>Rue de l&#8217;industrie, Castres, Occitanie 81100, FR<\/p>\n<\/div><\/div><\/div>\n<\/div>\n\n\n\n<div style=\"height:25px\" aria-hidden=\"true\" class=\"wp-block-spacer\"><\/div>\n\n\n\n<div class=\"wp-block-getwid-toggle has-icon-left\">\n<div class=\"wp-block-getwid-toggle__row\"><div class=\"wp-block-getwid-toggle__header-wrapper\"><span class=\"wp-block-getwid-toggle__header\"><a href=\"#\"><span class=\"wp-block-getwid-toggle__header-title\">Comau Espa\u00f1a<\/span><span class=\"wp-block-getwid-toggle__icon is-active\"><i class=\"fas fa-plus\"><\/i><\/span><span class=\"wp-block-getwid-toggle__icon is-passive\"><i class=\"fas fa-minus\"><\/i><\/span><\/a><\/span><\/div><div class=\"wp-block-getwid-toggle__content-wrapper\"><div class=\"wp-block-getwid-toggle__content\">\n<p>Calle de Eduardo Barreiros, 110, Madrid, Community of Madrid 28041, ES<\/p>\n<\/div><\/div><\/div>\n<\/div>\n\n\n\n<div style=\"height:50px\" aria-hidden=\"true\" class=\"wp-block-spacer\"><\/div>\n\n\n\n<p><\/p>\n\n\n\n<p>Comau is a worldwide leader in delivering advanced automation solutions across diverse industries. Together with Automha, a fully owned company specializing in global intralogistics and warehousing automation, Comau is enabling companies of all sizes in almost any industry to unlock the full potential of automation, robotics, and digital technologies \u2013 and to increase their efficiency, flexibility, and competitiveness in rapidly growing markets.<br><\/p>\n","protected":false},"excerpt":{"rendered":"<p>Global customer-focused presence The global marketplace moves too fast to accept delays. At Comau we know that every minute counts when you\u2019ve got questions. Headquartered in Turin, Italy, Comau has an international network of 8 innovation centers and 11 manufacturing plants that span 11 countries and employ 3,800 people. Automha, headquartered in Bergamo, Italy, has [&hellip;]<\/p>\n","protected":false},"author":11,"featured_media":2748,"parent":23,"menu_order":3,"comment_status":"closed","ping_status":"closed","template":"","meta":{"_acf_changed":false,"ep_exclude_from_search":false,"footnotes":""},"class_list":["post-68","page","type-page","status-publish","has-post-thumbnail","hentry"],"acf":[],"yoast_head":"<!-- This site is optimized with the Yoast SEO plugin v26.9 - https:\/\/yoast.com\/product\/yoast-seo-wordpress\/ -->\n<title>Global Presence Network - Comau<\/title>\n<meta name=\"description\" content=\"Comau global presence: we&#039;ve created an international network in 11 different countries to respond quickly to your needs, anytime, anywhere!\" \/>\n<meta name=\"robots\" content=\"index, follow, max-snippet:-1, max-image-preview:large, max-video-preview:-1\" \/>\n<link rel=\"canonical\" href=\"https:\/\/www.comau.com\/en\/about-us\/global-presence\/\" \/>\n<meta property=\"og:locale\" content=\"en_US\" \/>\n<meta property=\"og:type\" content=\"article\" \/>\n<meta property=\"og:title\" content=\"Global Presence Network - Comau\" \/>\n<meta property=\"og:description\" content=\"Comau global presence: we&#039;ve created an international network in 11 different countries to respond quickly to your needs, anytime, anywhere!\" \/>\n<meta property=\"og:url\" content=\"https:\/\/www.comau.com\/en\/about-us\/global-presence\/\" \/>\n<meta property=\"og:site_name\" content=\"Comau\" \/>\n<meta property=\"article:publisher\" content=\"https:\/\/www.facebook.com\/COMAU\/\" \/>\n<meta property=\"article:modified_time\" content=\"2026-02-11T22:33:09+00:00\" \/>\n<meta property=\"og:image\" content=\"https:\/\/www.comau.com\/wp-content\/uploads\/2021\/06\/Main-Image-global-presence@2x-1.jpg\" \/>\n\t<meta property=\"og:image:width\" content=\"2400\" \/>\n\t<meta property=\"og:image:height\" content=\"1002\" \/>\n\t<meta property=\"og:image:type\" content=\"image\/jpeg\" \/>\n<meta name=\"twitter:card\" content=\"summary_large_image\" \/>\n<meta name=\"twitter:site\" content=\"@comaugroup\" \/>\n<meta name=\"twitter:label1\" content=\"Est. reading time\" \/>\n\t<meta name=\"twitter:data1\" content=\"3 minutes\" \/>\n<script type=\"application\/ld+json\" class=\"yoast-schema-graph\">{\"@context\":\"https:\/\/schema.org\",\"@graph\":[{\"@type\":\"WebPage\",\"@id\":\"https:\/\/www.comau.com\/en\/about-us\/global-presence\/\",\"url\":\"https:\/\/www.comau.com\/en\/about-us\/global-presence\/\",\"name\":\"Global Presence Network - Comau\",\"isPartOf\":{\"@id\":\"https:\/\/www.comau.com\/en\/#website\"},\"primaryImageOfPage\":{\"@id\":\"https:\/\/www.comau.com\/en\/about-us\/global-presence\/#primaryimage\"},\"image\":{\"@id\":\"https:\/\/www.comau.com\/en\/about-us\/global-presence\/#primaryimage\"},\"thumbnailUrl\":\"https:\/\/www.comau.com\/wp-content\/uploads\/2021\/06\/Main-Image-global-presence@2x-1.jpg\",\"datePublished\":\"2021-05-31T22:03:52+00:00\",\"dateModified\":\"2026-02-11T22:33:09+00:00\",\"description\":\"Comau global presence: we've created an international network in 11 different countries to respond quickly to your needs, anytime, anywhere!\",\"breadcrumb\":{\"@id\":\"https:\/\/www.comau.com\/en\/about-us\/global-presence\/#breadcrumb\"},\"inLanguage\":\"en-US\",\"potentialAction\":[{\"@type\":\"ReadAction\",\"target\":[\"https:\/\/www.comau.com\/en\/about-us\/global-presence\/\"]}]},{\"@type\":\"ImageObject\",\"inLanguage\":\"en-US\",\"@id\":\"https:\/\/www.comau.com\/en\/about-us\/global-presence\/#primaryimage\",\"url\":\"https:\/\/www.comau.com\/wp-content\/uploads\/2021\/06\/Main-Image-global-presence@2x-1.jpg\",\"contentUrl\":\"https:\/\/www.comau.com\/wp-content\/uploads\/2021\/06\/Main-Image-global-presence@2x-1.jpg\",\"width\":2400,\"height\":1002},{\"@type\":\"BreadcrumbList\",\"@id\":\"https:\/\/www.comau.com\/en\/about-us\/global-presence\/#breadcrumb\",\"itemListElement\":[{\"@type\":\"ListItem\",\"position\":1,\"name\":\"Home\",\"item\":\"https:\/\/www.comau.com\/en\/\"},{\"@type\":\"ListItem\",\"position\":2,\"name\":\"About Comau\",\"item\":\"https:\/\/www.comau.com\/en\/about-us\/\"},{\"@type\":\"ListItem\",\"position\":3,\"name\":\"Global Presence\"}]},{\"@type\":\"WebSite\",\"@id\":\"https:\/\/www.comau.com\/en\/#website\",\"url\":\"https:\/\/www.comau.com\/en\/\",\"name\":\"Comau\",\"description\":\"Industrial automation and robotics\",\"publisher\":{\"@id\":\"https:\/\/www.comau.com\/en\/#organization\"},\"potentialAction\":[{\"@type\":\"SearchAction\",\"target\":{\"@type\":\"EntryPoint\",\"urlTemplate\":\"https:\/\/www.comau.com\/en\/?s={search_term_string}\"},\"query-input\":{\"@type\":\"PropertyValueSpecification\",\"valueRequired\":true,\"valueName\":\"search_term_string\"}}],\"inLanguage\":\"en-US\"},{\"@type\":\"Organization\",\"@id\":\"https:\/\/www.comau.com\/en\/#organization\",\"name\":\"Comau\",\"url\":\"https:\/\/www.comau.com\/en\/\",\"logo\":{\"@type\":\"ImageObject\",\"inLanguage\":\"en-US\",\"@id\":\"https:\/\/www.comau.com\/en\/#\/schema\/logo\/image\/\",\"url\":\"https:\/\/www.comau.com\/wp-content\/uploads\/2024\/07\/cropped-Logo-COMAU.png\",\"contentUrl\":\"https:\/\/www.comau.com\/wp-content\/uploads\/2024\/07\/cropped-Logo-COMAU.png\",\"width\":434,\"height\":434,\"caption\":\"Comau\"},\"image\":{\"@id\":\"https:\/\/www.comau.com\/en\/#\/schema\/logo\/image\/\"},\"sameAs\":[\"https:\/\/www.facebook.com\/COMAU\/\",\"https:\/\/x.com\/comaugroup\",\"https:\/\/www.instagram.com\/comaugroup\/\",\"https:\/\/www.linkedin.com\/company\/comau\",\"https:\/\/www.youtube.com\/user\/comau\"]}]}<\/script>\n<!-- \/ Yoast SEO plugin. -->","yoast_head_json":{"title":"Global Presence Network - Comau","description":"Comau global presence: we've created an international network in 11 different countries to respond quickly to your needs, anytime, anywhere!","robots":{"index":"index","follow":"follow","max-snippet":"max-snippet:-1","max-image-preview":"max-image-preview:large","max-video-preview":"max-video-preview:-1"},"canonical":"https:\/\/www.comau.com\/en\/about-us\/global-presence\/","og_locale":"en_US","og_type":"article","og_title":"Global Presence Network - Comau","og_description":"Comau global presence: we've created an international network in 11 different countries to respond quickly to your needs, anytime, anywhere!","og_url":"https:\/\/www.comau.com\/en\/about-us\/global-presence\/","og_site_name":"Comau","article_publisher":"https:\/\/www.facebook.com\/COMAU\/","article_modified_time":"2026-02-11T22:33:09+00:00","og_image":[{"width":2400,"height":1002,"url":"https:\/\/www.comau.com\/wp-content\/uploads\/2021\/06\/Main-Image-global-presence@2x-1.jpg","type":"image\/jpeg"}],"twitter_card":"summary_large_image","twitter_site":"@comaugroup","twitter_misc":{"Est. reading time":"3 minutes"},"schema":{"@context":"https:\/\/schema.org","@graph":[{"@type":"WebPage","@id":"https:\/\/www.comau.com\/en\/about-us\/global-presence\/","url":"https:\/\/www.comau.com\/en\/about-us\/global-presence\/","name":"Global Presence Network - Comau","isPartOf":{"@id":"https:\/\/www.comau.com\/en\/#website"},"primaryImageOfPage":{"@id":"https:\/\/www.comau.com\/en\/about-us\/global-presence\/#primaryimage"},"image":{"@id":"https:\/\/www.comau.com\/en\/about-us\/global-presence\/#primaryimage"},"thumbnailUrl":"https:\/\/www.comau.com\/wp-content\/uploads\/2021\/06\/Main-Image-global-presence@2x-1.jpg","datePublished":"2021-05-31T22:03:52+00:00","dateModified":"2026-02-11T22:33:09+00:00","description":"Comau global presence: we've created an international network in 11 different countries to respond quickly to your needs, anytime, anywhere!","breadcrumb":{"@id":"https:\/\/www.comau.com\/en\/about-us\/global-presence\/#breadcrumb"},"inLanguage":"en-US","potentialAction":[{"@type":"ReadAction","target":["https:\/\/www.comau.com\/en\/about-us\/global-presence\/"]}]},{"@type":"ImageObject","inLanguage":"en-US","@id":"https:\/\/www.comau.com\/en\/about-us\/global-presence\/#primaryimage","url":"https:\/\/www.comau.com\/wp-content\/uploads\/2021\/06\/Main-Image-global-presence@2x-1.jpg","contentUrl":"https:\/\/www.comau.com\/wp-content\/uploads\/2021\/06\/Main-Image-global-presence@2x-1.jpg","width":2400,"height":1002},{"@type":"BreadcrumbList","@id":"https:\/\/www.comau.com\/en\/about-us\/global-presence\/#breadcrumb","itemListElement":[{"@type":"ListItem","position":1,"name":"Home","item":"https:\/\/www.comau.com\/en\/"},{"@type":"ListItem","position":2,"name":"About Comau","item":"https:\/\/www.comau.com\/en\/about-us\/"},{"@type":"ListItem","position":3,"name":"Global Presence"}]},{"@type":"WebSite","@id":"https:\/\/www.comau.com\/en\/#website","url":"https:\/\/www.comau.com\/en\/","name":"Comau","description":"Industrial automation and robotics","publisher":{"@id":"https:\/\/www.comau.com\/en\/#organization"},"potentialAction":[{"@type":"SearchAction","target":{"@type":"EntryPoint","urlTemplate":"https:\/\/www.comau.com\/en\/?s={search_term_string}"},"query-input":{"@type":"PropertyValueSpecification","valueRequired":true,"valueName":"search_term_string"}}],"inLanguage":"en-US"},{"@type":"Organization","@id":"https:\/\/www.comau.com\/en\/#organization","name":"Comau","url":"https:\/\/www.comau.com\/en\/","logo":{"@type":"ImageObject","inLanguage":"en-US","@id":"https:\/\/www.comau.com\/en\/#\/schema\/logo\/image\/","url":"https:\/\/www.comau.com\/wp-content\/uploads\/2024\/07\/cropped-Logo-COMAU.png","contentUrl":"https:\/\/www.comau.com\/wp-content\/uploads\/2024\/07\/cropped-Logo-COMAU.png","width":434,"height":434,"caption":"Comau"},"image":{"@id":"https:\/\/www.comau.com\/en\/#\/schema\/logo\/image\/"},"sameAs":["https:\/\/www.facebook.com\/COMAU\/","https:\/\/x.com\/comaugroup","https:\/\/www.instagram.com\/comaugroup\/","https:\/\/www.linkedin.com\/company\/comau","https:\/\/www.youtube.com\/user\/comau"]}]}},"_links":{"self":[{"href":"https:\/\/www.comau.com\/en\/wp-json\/wp\/v2\/pages\/68","targetHints":{"allow":["GET"]}}],"collection":[{"href":"https:\/\/www.comau.com\/en\/wp-json\/wp\/v2\/pages"}],"about":[{"href":"https:\/\/www.comau.com\/en\/wp-json\/wp\/v2\/types\/page"}],"author":[{"embeddable":true,"href":"https:\/\/www.comau.com\/en\/wp-json\/wp\/v2\/users\/11"}],"replies":[{"embeddable":true,"href":"https:\/\/www.comau.com\/en\/wp-json\/wp\/v2\/comments?post=68"}],"version-history":[{"count":38,"href":"https:\/\/www.comau.com\/en\/wp-json\/wp\/v2\/pages\/68\/revisions"}],"predecessor-version":[{"id":85747,"href":"https:\/\/www.comau.com\/en\/wp-json\/wp\/v2\/pages\/68\/revisions\/85747"}],"up":[{"embeddable":true,"href":"https:\/\/www.comau.com\/en\/wp-json\/wp\/v2\/pages\/23"}],"wp:featuredmedia":[{"embeddable":true,"href":"https:\/\/www.comau.com\/en\/wp-json\/wp\/v2\/media\/2748"}],"wp:attachment":[{"href":"https:\/\/www.comau.com\/en\/wp-json\/wp\/v2\/media?parent=68"}],"curies":[{"name":"wp","href":"https:\/\/api.w.org\/{rel}","templated":true}]}}