{"id":81003,"date":"2022-07-01T14:38:37","date_gmt":"2022-07-01T12:38:37","guid":{"rendered":"https:\/\/www.comau.com\/?page_id=81003"},"modified":"2025-09-15T05:20:43","modified_gmt":"2025-09-15T03:20:43","slug":"naechstes-level-roboterschweissen-mit-e-do-und-soldamatic","status":"publish","type":"page","link":"https:\/\/www.comau.com\/de\/competencies\/services\/naechstes-level-roboterschweissen-mit-e-do-und-soldamatic\/","title":{"rendered":"Training der n\u00e4chsten Generation mit e.DO\u2122 und Soldamatic"},"content":{"rendered":"\n<h2 class=\"wp-block-heading\">Die Leistungsf\u00e4higkeit von Augmented Reality freischalten<\/h2>\n\n\n\n<p>Comau und Seabery bieten jetzt ein modernes Trainingsprogramm an, das auf dem<a href=\"https:\/\/www.comau.com\/en\/our-offer\/systems\/educational-robotics\/edo-robot\/\"> e.DO\u2122-Bildungsroboter<\/a> basiert, dessen programmierbare Teach-Pendant-Einstellungen nahezu jeder professionellen und p\u00e4dagogischen Anforderung gerecht werden.<\/p>\n\n\n\n<p>Die umfassende und skalierbare L\u00f6sung bietet alles, was Sch\u00fcler und Fachkr\u00e4fte ben\u00f6tigen, um die F\u00e4higkeiten zu erlernen und zu \u00fcben, die f\u00fcr die Kompetenz und Zertifizierung als Roboterschwei\u00dfer erforderlich sind. Sie wurde entwickelt, um dem weltweiten Bedarf an erfahrenen Schwei\u00dffachkr\u00e4ften gerecht zu werden.<\/p>\n\n\n\n<div style=\"height:25px\" aria-hidden=\"true\" class=\"wp-block-spacer\"><\/div>\n\n\n\n<h2 class=\"wp-block-heading\"><strong>Roboterschwei\u00dfen im Klassenzimmer lernen<\/strong><\/h2>\n\n\n\n<p>Obwohl die Automatisierung der Industrie 4.0 den weltweiten Bedarf an Roboterschwei\u00dfern antreibt, ist eine spezielle Ausbildung in traditionellen Institutionen oder Berufsschulen oft schwer zu finden, haupts\u00e4chlich aufgrund hoher Kosten und des Bedarfs an spezieller Sicherheitsausr\u00fcstung. Um dieser Herausforderung zu begegnen, bieten Comau und Seabery nun ein umfassendes praktisches Trainingsprogramm an, das in praktisch jedem Klassenzimmer oder Weiterbildungsumfeld \u00fcber eine multisensorische Trainingsschnittstelle vermittelt werden kann.<\/p>\n\n\n\n<p>Roboterschwei\u00dfer sind hochqualifizierte Mitarbeiter, die eine lohnende und nachhaltige Karriere genie\u00dfen k\u00f6nnen. Als branchenweit erstes Training dieser Art reproduziert unser e.DO\u2122\/Soldamatic-Simulator eine reale Roboterschwei\u00dfumgebung, um sowohl einen Beschleuniger f\u00fcr Industrie 4.0 als auch einen progressiven Schritt zur Schlie\u00dfung der weltweiten L\u00fccke an qualifizierten technischen Arbeitskr\u00e4ften zu bieten.<\/p>\n\n\n\n<p>Es erm\u00f6glicht zudem unbegrenztes \u00dcben, das an nahezu jede Schwei\u00dfverfahrensspezifikation (WPS) angepasst werden kann, w\u00e4hrend es spezialisierte Themen wie fortgeschrittene Schwei\u00dfn\u00e4hte und die Erstellung von Roboterschwei\u00dfsimulationen f\u00fcr nahezu jede Position abdeckt.<\/p>\n\n\n\n<p>Der erfolgreiche Abschluss des Kurses f\u00fchrt zum Erwerb einer Comau Roboter-Schwei\u00dflizenz, die die Studenten sofort f\u00fcr die Arbeitssuche nutzen k\u00f6nnen.<\/p>\n\n\n\n<p><\/p>\n\n\n\n<figure class=\"wp-block-embed is-type-video is-provider-youtube wp-block-embed-youtube wp-embed-aspect-16-9 wp-has-aspect-ratio\"><div class=\"wp-block-embed__wrapper\">\n<iframe title=\"Next-generation training with e.DO and Soldamatic\" width=\"640\" height=\"360\" src=\"https:\/\/www.youtube.com\/embed\/hysjuu0HaD0?feature=oembed\" frameborder=\"0\" allow=\"accelerometer; autoplay; clipboard-write; encrypted-media; gyroscope; picture-in-picture; web-share\" referrerpolicy=\"strict-origin-when-cross-origin\" allowfullscreen><\/iframe>\n<\/div><\/figure>\n\n\n\n<p><\/p>\n\n\n\n<h2 class=\"wp-block-heading has-vivid-cyan-blue-color has-text-color\">Vorteile<\/h2>\n\n\n\n<ul class=\"wp-block-list\">\n<li>Innovativ und benutzerfreundlich<\/li>\n\n\n\n<li>Konzipiert f\u00fcr den Unterricht und die berufliche Weiterbildung<\/li>\n\n\n\n<li>Augmented Reality vermittelt auf sicherem Wege praktische F\u00e4higkeiten<\/li>\n\n\n\n<li>Diese spezielle L\u00f6sung erf\u00fcllt die wachsende Nachfrage nach Schwei\u00dffachkr\u00e4ften<\/li>\n\n\n\n<li>Die Comau Robotics Schwei\u00dflizenz wird nach Abschluss des Kurses erworben<\/li>\n<\/ul>\n\n\n\n<div class=\"wp-block-buttons is-layout-flex wp-block-buttons-is-layout-flex\">\n<div class=\"wp-block-button is-style-fill\"><a class=\"wp-block-button__link wp-element-button\" href=\"https:\/\/www.comau.com\/wp-content\/uploads\/2022\/07\/Brochure-Seabery-x-Comau.pdf\" target=\"_blank\" rel=\"noreferrer noopener\">Brosch\u00fcre herunterladen [ENG]<\/a><\/div>\n<\/div>\n\n\n\n<p><\/p>\n\n\n\n<h2 class=\"wp-block-heading\"><strong>\u00dcber Seabery<\/strong><\/h2>\n\n\n\n<p>Seabery Augmented Technology ist das weltweit f\u00fchrende Unternehmen in der Entwicklung von Bildungsl\u00f6sungen mit Augmented-Reality-Technologie. Die Soldamatic Augmented Training-L\u00f6sung ist derzeit in \u00fcber 80 L\u00e4ndern implementiert, und ihr Wachstum ist exponentiell. Soldamatic ist mit der HyperReal-SimTM-Technologie ausgestattet und wurde bei den Auggie Awards (Silicon Valley, Kalifornien) als Die beste Augmented Reality Anwendung in der Bildung ausgezeichnet, da sie ein neues Modell in der Welt der traditionellen Ausbildung vorschl\u00e4gt.<\/p>\n","protected":false},"excerpt":{"rendered":"<p>Die Leistungsf\u00e4higkeit von Augmented Reality freischalten Comau und Seabery bieten jetzt ein modernes Trainingsprogramm an, das auf dem e.DO\u2122-Bildungsroboter basiert, dessen programmierbare Teach-Pendant-Einstellungen nahezu jeder professionellen und p\u00e4dagogischen Anforderung gerecht werden. Die umfassende und skalierbare L\u00f6sung bietet alles, was Sch\u00fcler und Fachkr\u00e4fte ben\u00f6tigen, um die F\u00e4higkeiten zu erlernen und zu \u00fcben, die f\u00fcr die Kompetenz [&hellip;]<\/p>\n","protected":false},"author":21,"featured_media":46324,"parent":65280,"menu_order":0,"comment_status":"closed","ping_status":"closed","template":"","meta":{"_acf_changed":false,"ep_exclude_from_search":false,"footnotes":""},"class_list":["post-81003","page","type-page","status-publish","has-post-thumbnail","hentry"],"acf":[],"yoast_head":"<!-- This site is optimized with the Yoast SEO plugin v26.9 - https:\/\/yoast.com\/product\/yoast-seo-wordpress\/ -->\n<title>Training der n\u00e4chsten Generation mit e.DO\u2122 und Soldamatic - Comau<\/title>\n<meta name=\"description\" content=\"Die Leistungsf\u00e4higkeit von Augmented Reality freischalten.\" \/>\n<meta name=\"robots\" content=\"index, follow, max-snippet:-1, max-image-preview:large, max-video-preview:-1\" \/>\n<link rel=\"canonical\" href=\"https:\/\/www.comau.com\/de\/competencies\/services\/naechstes-level-roboterschweissen-mit-e-do-und-soldamatic\/\" \/>\n<meta property=\"og:locale\" content=\"de_DE\" \/>\n<meta property=\"og:type\" content=\"article\" \/>\n<meta property=\"og:title\" content=\"Training der n\u00e4chsten Generation mit e.DO\u2122 und Soldamatic - Comau\" \/>\n<meta property=\"og:description\" content=\"Die Leistungsf\u00e4higkeit von Augmented Reality freischalten.\" \/>\n<meta property=\"og:url\" content=\"https:\/\/www.comau.com\/de\/competencies\/services\/naechstes-level-roboterschweissen-mit-e-do-und-soldamatic\/\" \/>\n<meta property=\"og:site_name\" content=\"Comau\" \/>\n<meta property=\"article:publisher\" content=\"https:\/\/www.facebook.com\/COMAU\/\" \/>\n<meta property=\"article:modified_time\" content=\"2025-09-15T03:20:43+00:00\" \/>\n<meta property=\"og:image\" content=\"https:\/\/www.comau.com\/wp-content\/uploads\/2022\/07\/edo-Soldamatic-photo.jpg\" \/>\n\t<meta property=\"og:image:width\" content=\"1450\" \/>\n\t<meta property=\"og:image:height\" content=\"450\" \/>\n\t<meta property=\"og:image:type\" content=\"image\/jpeg\" \/>\n<meta name=\"twitter:card\" content=\"summary_large_image\" \/>\n<meta name=\"twitter:site\" content=\"@comaugroup\" \/>\n<meta name=\"twitter:label1\" content=\"Gesch\u00e4tzte Lesezeit\" \/>\n\t<meta name=\"twitter:data1\" content=\"2\u00a0Minuten\" \/>\n<script type=\"application\/ld+json\" class=\"yoast-schema-graph\">{\"@context\":\"https:\/\/schema.org\",\"@graph\":[{\"@type\":\"WebPage\",\"@id\":\"https:\/\/www.comau.com\/de\/competencies\/services\/naechstes-level-roboterschweissen-mit-e-do-und-soldamatic\/\",\"url\":\"https:\/\/www.comau.com\/de\/competencies\/services\/naechstes-level-roboterschweissen-mit-e-do-und-soldamatic\/\",\"name\":\"Training der n\u00e4chsten Generation mit e.DO\u2122 und Soldamatic - Comau\",\"isPartOf\":{\"@id\":\"https:\/\/www.comau.com\/de\/#website\"},\"primaryImageOfPage\":{\"@id\":\"https:\/\/www.comau.com\/de\/competencies\/services\/naechstes-level-roboterschweissen-mit-e-do-und-soldamatic\/#primaryimage\"},\"image\":{\"@id\":\"https:\/\/www.comau.com\/de\/competencies\/services\/naechstes-level-roboterschweissen-mit-e-do-und-soldamatic\/#primaryimage\"},\"thumbnailUrl\":\"https:\/\/www.comau.com\/wp-content\/uploads\/2022\/07\/edo-Soldamatic-photo.jpg\",\"datePublished\":\"2022-07-01T12:38:37+00:00\",\"dateModified\":\"2025-09-15T03:20:43+00:00\",\"description\":\"Die Leistungsf\u00e4higkeit von Augmented Reality freischalten.\",\"breadcrumb\":{\"@id\":\"https:\/\/www.comau.com\/de\/competencies\/services\/naechstes-level-roboterschweissen-mit-e-do-und-soldamatic\/#breadcrumb\"},\"inLanguage\":\"de\",\"potentialAction\":[{\"@type\":\"ReadAction\",\"target\":[\"https:\/\/www.comau.com\/de\/competencies\/services\/naechstes-level-roboterschweissen-mit-e-do-und-soldamatic\/\"]}]},{\"@type\":\"ImageObject\",\"inLanguage\":\"de\",\"@id\":\"https:\/\/www.comau.com\/de\/competencies\/services\/naechstes-level-roboterschweissen-mit-e-do-und-soldamatic\/#primaryimage\",\"url\":\"https:\/\/www.comau.com\/wp-content\/uploads\/2022\/07\/edo-Soldamatic-photo.jpg\",\"contentUrl\":\"https:\/\/www.comau.com\/wp-content\/uploads\/2022\/07\/edo-Soldamatic-photo.jpg\",\"width\":1450,\"height\":450},{\"@type\":\"BreadcrumbList\",\"@id\":\"https:\/\/www.comau.com\/de\/competencies\/services\/naechstes-level-roboterschweissen-mit-e-do-und-soldamatic\/#breadcrumb\",\"itemListElement\":[{\"@type\":\"ListItem\",\"position\":1,\"name\":\"Home\",\"item\":\"https:\/\/www.comau.com\/de\/\"},{\"@type\":\"ListItem\",\"position\":2,\"name\":\"Unsere Kompetenzen\",\"item\":\"https:\/\/www.comau.com\/de\/competencies\/\"},{\"@type\":\"ListItem\",\"position\":3,\"name\":\"Services\",\"item\":\"https:\/\/www.comau.com\/de\/competencies\/services\/\"},{\"@type\":\"ListItem\",\"position\":4,\"name\":\"Training der n\u00e4chsten Generation mit e.DO\u2122 und Soldamatic\"}]},{\"@type\":\"WebSite\",\"@id\":\"https:\/\/www.comau.com\/de\/#website\",\"url\":\"https:\/\/www.comau.com\/de\/\",\"name\":\"Comau\",\"description\":\"Industrial automation and robotics\",\"publisher\":{\"@id\":\"https:\/\/www.comau.com\/de\/#organization\"},\"potentialAction\":[{\"@type\":\"SearchAction\",\"target\":{\"@type\":\"EntryPoint\",\"urlTemplate\":\"https:\/\/www.comau.com\/de\/?s={search_term_string}\"},\"query-input\":{\"@type\":\"PropertyValueSpecification\",\"valueRequired\":true,\"valueName\":\"search_term_string\"}}],\"inLanguage\":\"de\"},{\"@type\":\"Organization\",\"@id\":\"https:\/\/www.comau.com\/de\/#organization\",\"name\":\"Comau\",\"url\":\"https:\/\/www.comau.com\/de\/\",\"logo\":{\"@type\":\"ImageObject\",\"inLanguage\":\"de\",\"@id\":\"https:\/\/www.comau.com\/de\/#\/schema\/logo\/image\/\",\"url\":\"https:\/\/www.comau.com\/wp-content\/uploads\/2024\/07\/cropped-Logo-COMAU.png\",\"contentUrl\":\"https:\/\/www.comau.com\/wp-content\/uploads\/2024\/07\/cropped-Logo-COMAU.png\",\"width\":434,\"height\":434,\"caption\":\"Comau\"},\"image\":{\"@id\":\"https:\/\/www.comau.com\/de\/#\/schema\/logo\/image\/\"},\"sameAs\":[\"https:\/\/www.facebook.com\/COMAU\/\",\"https:\/\/x.com\/comaugroup\",\"https:\/\/www.instagram.com\/comaugroup\/\",\"https:\/\/www.linkedin.com\/company\/comau\",\"https:\/\/www.youtube.com\/user\/comau\"]}]}<\/script>\n<!-- \/ Yoast SEO plugin. -->","yoast_head_json":{"title":"Training der n\u00e4chsten Generation mit e.DO\u2122 und Soldamatic - Comau","description":"Die Leistungsf\u00e4higkeit von Augmented Reality freischalten.","robots":{"index":"index","follow":"follow","max-snippet":"max-snippet:-1","max-image-preview":"max-image-preview:large","max-video-preview":"max-video-preview:-1"},"canonical":"https:\/\/www.comau.com\/de\/competencies\/services\/naechstes-level-roboterschweissen-mit-e-do-und-soldamatic\/","og_locale":"de_DE","og_type":"article","og_title":"Training der n\u00e4chsten Generation mit e.DO\u2122 und Soldamatic - Comau","og_description":"Die Leistungsf\u00e4higkeit von Augmented Reality freischalten.","og_url":"https:\/\/www.comau.com\/de\/competencies\/services\/naechstes-level-roboterschweissen-mit-e-do-und-soldamatic\/","og_site_name":"Comau","article_publisher":"https:\/\/www.facebook.com\/COMAU\/","article_modified_time":"2025-09-15T03:20:43+00:00","og_image":[{"width":1450,"height":450,"url":"https:\/\/www.comau.com\/wp-content\/uploads\/2022\/07\/edo-Soldamatic-photo.jpg","type":"image\/jpeg"}],"twitter_card":"summary_large_image","twitter_site":"@comaugroup","twitter_misc":{"Gesch\u00e4tzte Lesezeit":"2\u00a0Minuten"},"schema":{"@context":"https:\/\/schema.org","@graph":[{"@type":"WebPage","@id":"https:\/\/www.comau.com\/de\/competencies\/services\/naechstes-level-roboterschweissen-mit-e-do-und-soldamatic\/","url":"https:\/\/www.comau.com\/de\/competencies\/services\/naechstes-level-roboterschweissen-mit-e-do-und-soldamatic\/","name":"Training der n\u00e4chsten Generation mit e.DO\u2122 und Soldamatic - Comau","isPartOf":{"@id":"https:\/\/www.comau.com\/de\/#website"},"primaryImageOfPage":{"@id":"https:\/\/www.comau.com\/de\/competencies\/services\/naechstes-level-roboterschweissen-mit-e-do-und-soldamatic\/#primaryimage"},"image":{"@id":"https:\/\/www.comau.com\/de\/competencies\/services\/naechstes-level-roboterschweissen-mit-e-do-und-soldamatic\/#primaryimage"},"thumbnailUrl":"https:\/\/www.comau.com\/wp-content\/uploads\/2022\/07\/edo-Soldamatic-photo.jpg","datePublished":"2022-07-01T12:38:37+00:00","dateModified":"2025-09-15T03:20:43+00:00","description":"Die Leistungsf\u00e4higkeit von Augmented Reality freischalten.","breadcrumb":{"@id":"https:\/\/www.comau.com\/de\/competencies\/services\/naechstes-level-roboterschweissen-mit-e-do-und-soldamatic\/#breadcrumb"},"inLanguage":"de","potentialAction":[{"@type":"ReadAction","target":["https:\/\/www.comau.com\/de\/competencies\/services\/naechstes-level-roboterschweissen-mit-e-do-und-soldamatic\/"]}]},{"@type":"ImageObject","inLanguage":"de","@id":"https:\/\/www.comau.com\/de\/competencies\/services\/naechstes-level-roboterschweissen-mit-e-do-und-soldamatic\/#primaryimage","url":"https:\/\/www.comau.com\/wp-content\/uploads\/2022\/07\/edo-Soldamatic-photo.jpg","contentUrl":"https:\/\/www.comau.com\/wp-content\/uploads\/2022\/07\/edo-Soldamatic-photo.jpg","width":1450,"height":450},{"@type":"BreadcrumbList","@id":"https:\/\/www.comau.com\/de\/competencies\/services\/naechstes-level-roboterschweissen-mit-e-do-und-soldamatic\/#breadcrumb","itemListElement":[{"@type":"ListItem","position":1,"name":"Home","item":"https:\/\/www.comau.com\/de\/"},{"@type":"ListItem","position":2,"name":"Unsere Kompetenzen","item":"https:\/\/www.comau.com\/de\/competencies\/"},{"@type":"ListItem","position":3,"name":"Services","item":"https:\/\/www.comau.com\/de\/competencies\/services\/"},{"@type":"ListItem","position":4,"name":"Training der n\u00e4chsten Generation mit e.DO\u2122 und Soldamatic"}]},{"@type":"WebSite","@id":"https:\/\/www.comau.com\/de\/#website","url":"https:\/\/www.comau.com\/de\/","name":"Comau","description":"Industrial automation and robotics","publisher":{"@id":"https:\/\/www.comau.com\/de\/#organization"},"potentialAction":[{"@type":"SearchAction","target":{"@type":"EntryPoint","urlTemplate":"https:\/\/www.comau.com\/de\/?s={search_term_string}"},"query-input":{"@type":"PropertyValueSpecification","valueRequired":true,"valueName":"search_term_string"}}],"inLanguage":"de"},{"@type":"Organization","@id":"https:\/\/www.comau.com\/de\/#organization","name":"Comau","url":"https:\/\/www.comau.com\/de\/","logo":{"@type":"ImageObject","inLanguage":"de","@id":"https:\/\/www.comau.com\/de\/#\/schema\/logo\/image\/","url":"https:\/\/www.comau.com\/wp-content\/uploads\/2024\/07\/cropped-Logo-COMAU.png","contentUrl":"https:\/\/www.comau.com\/wp-content\/uploads\/2024\/07\/cropped-Logo-COMAU.png","width":434,"height":434,"caption":"Comau"},"image":{"@id":"https:\/\/www.comau.com\/de\/#\/schema\/logo\/image\/"},"sameAs":["https:\/\/www.facebook.com\/COMAU\/","https:\/\/x.com\/comaugroup","https:\/\/www.instagram.com\/comaugroup\/","https:\/\/www.linkedin.com\/company\/comau","https:\/\/www.youtube.com\/user\/comau"]}]}},"_links":{"self":[{"href":"https:\/\/www.comau.com\/de\/wp-json\/wp\/v2\/pages\/81003","targetHints":{"allow":["GET"]}}],"collection":[{"href":"https:\/\/www.comau.com\/de\/wp-json\/wp\/v2\/pages"}],"about":[{"href":"https:\/\/www.comau.com\/de\/wp-json\/wp\/v2\/types\/page"}],"author":[{"embeddable":true,"href":"https:\/\/www.comau.com\/de\/wp-json\/wp\/v2\/users\/21"}],"replies":[{"embeddable":true,"href":"https:\/\/www.comau.com\/de\/wp-json\/wp\/v2\/comments?post=81003"}],"version-history":[{"count":6,"href":"https:\/\/www.comau.com\/de\/wp-json\/wp\/v2\/pages\/81003\/revisions"}],"predecessor-version":[{"id":81353,"href":"https:\/\/www.comau.com\/de\/wp-json\/wp\/v2\/pages\/81003\/revisions\/81353"}],"up":[{"embeddable":true,"href":"https:\/\/www.comau.com\/de\/wp-json\/wp\/v2\/pages\/65280"}],"wp:featuredmedia":[{"embeddable":true,"href":"https:\/\/www.comau.com\/de\/wp-json\/wp\/v2\/media\/46324"}],"wp:attachment":[{"href":"https:\/\/www.comau.com\/de\/wp-json\/wp\/v2\/media?parent=81003"}],"curies":[{"name":"wp","href":"https:\/\/api.w.org\/{rel}","templated":true}]}}