{"id":6542,"date":"2021-05-31T00:05:00","date_gmt":"2021-05-30T22:05:00","guid":{"rendered":"https:\/\/www.comau.com\/contact-us\/"},"modified":"2024-12-06T17:38:57","modified_gmt":"2024-12-06T16:38:57","slug":"contact-us","status":"publish","type":"page","link":"https:\/\/www.comau.com\/de\/contact-us\/","title":{"rendered":"Kontaktiere uns"},"content":{"rendered":"\n<div class=\"wp-block-group\"><div class=\"wp-block-group__inner-container is-layout-constrained wp-block-group-is-layout-constrained\">\n<div class=\"wp-block-columns is-layout-flex wp-container-core-columns-is-layout-9d6595d7 wp-block-columns-is-layout-flex\">\n<div class=\"wp-block-column is-layout-flow wp-block-column-is-layout-flow\">\n<h2 class=\"wp-block-heading\">Verkaufsbereich<\/h2>\n\n\n\n<figure class=\"wp-block-image size-large\"><img decoding=\"async\" width=\"1024\" height=\"682\" src=\"https:\/\/www.comau.com\/wp-content\/uploads\/2024\/04\/salesarea-1024x682.jpg\" alt=\"\" class=\"wp-image-62066\" srcset=\"https:\/\/www.comau.com\/wp-content\/uploads\/2024\/04\/salesarea-1024x682.jpg 1024w, https:\/\/www.comau.com\/wp-content\/uploads\/2024\/04\/salesarea-300x200.jpg 300w, https:\/\/www.comau.com\/wp-content\/uploads\/2024\/04\/salesarea-768x512.jpg 768w, https:\/\/www.comau.com\/wp-content\/uploads\/2024\/04\/salesarea.jpg 1235w\" sizes=\"(max-width: 1024px) 100vw, 1024px\" \/><\/figure>\n\n\n\n<p>Wenn Sie kommerzielle Informationen zu unseren Produkten und Dienstleistungen erhalten m\u00f6chten, f\u00fcllen Sie das Formular aus und Sie werden so schnell wie m\u00f6glich kontaktiert.<\/p>\n\n\n\n<div class=\"wp-block-buttons is-layout-flex wp-block-buttons-is-layout-flex\">\n<div class=\"wp-block-button\"><a class=\"wp-block-button__link wp-element-button\" href=\"https:\/\/www.comau.com\/de\/contact-us\/sales-area\/\">Verkaufsbereich Formular<\/a><\/div>\n<\/div>\n<\/div>\n\n\n\n<div class=\"wp-block-column is-layout-flow wp-block-column-is-layout-flow\">\n<h2 class=\"wp-block-heading\">Kundenservice<\/h2>\n\n\n\n<figure class=\"wp-block-image size-full\"><img decoding=\"async\" width=\"627\" height=\"418\" src=\"https:\/\/www.comau.com\/wp-content\/uploads\/2024\/04\/customerservice.jpg\" alt=\"\" class=\"wp-image-62072\" srcset=\"https:\/\/www.comau.com\/wp-content\/uploads\/2024\/04\/customerservice.jpg 627w, https:\/\/www.comau.com\/wp-content\/uploads\/2024\/04\/customerservice-300x200.jpg 300w\" sizes=\"(max-width: 627px) 100vw, 627px\" \/><\/figure>\n\n\n\n<p>Wenn Sie Hilfe oder technischen Support zu unseren Produkten oder Dienstleistungen ben\u00f6tigen, schreiben Sie uns, indem Sie das folgende Formular ausf\u00fcllen.<\/p>\n\n\n\n<div class=\"wp-block-buttons is-layout-flex wp-block-buttons-is-layout-flex\">\n<div class=\"wp-block-button\"><a class=\"wp-block-button__link wp-element-button\" href=\"https:\/\/www.comau.com\/de\/contact-us\/after-sales\/?_gl=1*u8jfhf*_up*MQ..*_ga*MzI2MDc0NTA2LjE3MzM1MDMwNjI.*_ga_9M7B6QBXTC*MTczMzUwMzA2Mi4xLjEuMTczMzUwMzA2Ny4wLjAuOTM1MTAyNTI1\" target=\"_blank\" rel=\"noreferrer noopener\">Kundenservice Formular<\/a><\/div>\n<\/div>\n<\/div>\n<\/div>\n<\/div><\/div>\n\n\n\n<div class=\"wp-block-group\"><div class=\"wp-block-group__inner-container is-layout-constrained wp-block-group-is-layout-constrained\">\n<div class=\"wp-block-columns is-layout-flex wp-container-core-columns-is-layout-9d6595d7 wp-block-columns-is-layout-flex\">\n<div class=\"wp-block-column is-layout-flow wp-block-column-is-layout-flow\">\n<h2 class=\"wp-block-heading\">Medienbereich<\/h2>\n\n\n\n<figure class=\"wp-block-image size-full\"><img decoding=\"async\" width=\"1024\" height=\"683\" src=\"https:\/\/www.comau.com\/wp-content\/uploads\/2021\/07\/Comau_newsroom_Press-release.jpg\" alt=\"\" class=\"wp-image-37380\" srcset=\"https:\/\/www.comau.com\/wp-content\/uploads\/2021\/07\/Comau_newsroom_Press-release.jpg 1024w, https:\/\/www.comau.com\/wp-content\/uploads\/2021\/07\/Comau_newsroom_Press-release-300x200.jpg 300w, https:\/\/www.comau.com\/wp-content\/uploads\/2021\/07\/Comau_newsroom_Press-release-768x512.jpg 768w\" sizes=\"(max-width: 1024px) 100vw, 1024px\" \/><\/figure>\n\n\n\n<p>Sie k\u00f6nnen mit unserer Pressestelle und den Leitern des Bereichs Medien in Kontakt treten, indem Sie unten Ihre Kontaktdaten eingeben.<br><\/p>\n\n\n\n<div class=\"wp-block-buttons is-layout-flex wp-block-buttons-is-layout-flex\">\n<div class=\"wp-block-button\"><a class=\"wp-block-button__link wp-element-button\" href=\"https:\/\/www.comau.com\/de\/contact-us\/media-area\/\">Medienbereich Formular<\/a><\/div>\n<\/div>\n<\/div>\n\n\n\n<div class=\"wp-block-column is-layout-flow wp-block-column-is-layout-flow\">\n<h2 class=\"wp-block-heading\">Arbeite mit uns<\/h2>\n\n\n\n<figure class=\"wp-block-image size-full\"><img decoding=\"async\" width=\"1070\" height=\"713\" src=\"https:\/\/www.comau.com\/wp-content\/uploads\/2024\/04\/workwithus.jpg\" alt=\"\" class=\"wp-image-62078\" srcset=\"https:\/\/www.comau.com\/wp-content\/uploads\/2024\/04\/workwithus.jpg 1070w, https:\/\/www.comau.com\/wp-content\/uploads\/2024\/04\/workwithus-300x200.jpg 300w, https:\/\/www.comau.com\/wp-content\/uploads\/2024\/04\/workwithus-1024x682.jpg 1024w, https:\/\/www.comau.com\/wp-content\/uploads\/2024\/04\/workwithus-768x512.jpg 768w\" sizes=\"(max-width: 1070px) 100vw, 1070px\" \/><\/figure>\n\n\n\n<p>Wenn Sie daran interessiert sind, unserem Team beizutreten oder mit unserem Unternehmen zusammenzuarbeiten, geben Sie in diesem Abschnitt Ihre Daten und Ihren Lebenslauf ein.<\/p>\n\n\n\n<div class=\"wp-block-buttons is-layout-flex wp-block-buttons-is-layout-flex\">\n<div class=\"wp-block-button\"><a class=\"wp-block-button__link wp-element-button\" href=\"https:\/\/www.comau.com\/de\/contact-us\/work-with-us\/\">Arbeite mit uns Formular<\/a><\/div>\n<\/div>\n<\/div>\n<\/div>\n<\/div><\/div>\n","protected":false},"excerpt":{"rendered":"<p>Verkaufsbereich Wenn Sie kommerzielle Informationen zu unseren Produkten und Dienstleistungen erhalten m\u00f6chten, f\u00fcllen Sie das Formular aus und Sie werden so schnell wie m\u00f6glich kontaktiert. Kundenservice Wenn Sie Hilfe oder technischen Support zu unseren Produkten oder Dienstleistungen ben\u00f6tigen, schreiben Sie uns, indem Sie das folgende Formular ausf\u00fcllen. Medienbereich Sie k\u00f6nnen mit unserer Pressestelle und den [&hellip;]<\/p>\n","protected":false},"author":11,"featured_media":3830,"parent":0,"menu_order":5,"comment_status":"closed","ping_status":"closed","template":"","meta":{"_acf_changed":false,"ep_exclude_from_search":false,"footnotes":""},"class_list":["post-6542","page","type-page","status-publish","has-post-thumbnail","hentry"],"acf":[],"yoast_head":"<!-- This site is optimized with the Yoast SEO plugin v26.9 - https:\/\/yoast.com\/product\/yoast-seo-wordpress\/ -->\n<title>Kontaktiere uns - Comau<\/title>\n<meta name=\"robots\" content=\"index, follow, max-snippet:-1, max-image-preview:large, max-video-preview:-1\" \/>\n<link rel=\"canonical\" href=\"https:\/\/www.comau.com\/de\/contact-us\/\" \/>\n<meta property=\"og:locale\" content=\"de_DE\" \/>\n<meta property=\"og:type\" content=\"article\" \/>\n<meta property=\"og:title\" content=\"Kontaktiere uns - Comau\" \/>\n<meta property=\"og:description\" content=\"Verkaufsbereich Wenn Sie kommerzielle Informationen zu unseren Produkten und Dienstleistungen erhalten m\u00f6chten, f\u00fcllen Sie das Formular aus und Sie werden so schnell wie m\u00f6glich kontaktiert. Kundenservice Wenn Sie Hilfe oder technischen Support zu unseren Produkten oder Dienstleistungen ben\u00f6tigen, schreiben Sie uns, indem Sie das folgende Formular ausf\u00fcllen. Medienbereich Sie k\u00f6nnen mit unserer Pressestelle und den [&hellip;]\" \/>\n<meta property=\"og:url\" content=\"https:\/\/www.comau.com\/de\/contact-us\/\" \/>\n<meta property=\"og:site_name\" content=\"Comau\" \/>\n<meta property=\"article:publisher\" content=\"https:\/\/www.facebook.com\/COMAU\/\" \/>\n<meta property=\"article:modified_time\" content=\"2024-12-06T16:38:57+00:00\" \/>\n<meta property=\"og:image\" content=\"https:\/\/www.comau.com\/wp-content\/uploads\/2021\/06\/Comau_-Careers_MainImage.jpg\" \/>\n\t<meta property=\"og:image:width\" content=\"1425\" \/>\n\t<meta property=\"og:image:height\" content=\"450\" \/>\n\t<meta property=\"og:image:type\" content=\"image\/jpeg\" \/>\n<meta name=\"twitter:card\" content=\"summary_large_image\" \/>\n<meta name=\"twitter:site\" content=\"@comaugroup\" \/>\n<meta name=\"twitter:label1\" content=\"Gesch\u00e4tzte Lesezeit\" \/>\n\t<meta name=\"twitter:data1\" content=\"2\u00a0Minuten\" \/>\n<script type=\"application\/ld+json\" class=\"yoast-schema-graph\">{\"@context\":\"https:\/\/schema.org\",\"@graph\":[{\"@type\":\"WebPage\",\"@id\":\"https:\/\/www.comau.com\/de\/contact-us\/\",\"url\":\"https:\/\/www.comau.com\/de\/contact-us\/\",\"name\":\"Kontaktiere uns - Comau\",\"isPartOf\":{\"@id\":\"https:\/\/www.comau.com\/de\/#website\"},\"primaryImageOfPage\":{\"@id\":\"https:\/\/www.comau.com\/de\/contact-us\/#primaryimage\"},\"image\":{\"@id\":\"https:\/\/www.comau.com\/de\/contact-us\/#primaryimage\"},\"thumbnailUrl\":\"https:\/\/www.comau.com\/wp-content\/uploads\/2021\/06\/Comau_-Careers_MainImage.jpg\",\"datePublished\":\"2021-05-30T22:05:00+00:00\",\"dateModified\":\"2024-12-06T16:38:57+00:00\",\"breadcrumb\":{\"@id\":\"https:\/\/www.comau.com\/de\/contact-us\/#breadcrumb\"},\"inLanguage\":\"de\",\"potentialAction\":[{\"@type\":\"ReadAction\",\"target\":[\"https:\/\/www.comau.com\/de\/contact-us\/\"]}]},{\"@type\":\"ImageObject\",\"inLanguage\":\"de\",\"@id\":\"https:\/\/www.comau.com\/de\/contact-us\/#primaryimage\",\"url\":\"https:\/\/www.comau.com\/wp-content\/uploads\/2021\/06\/Comau_-Careers_MainImage.jpg\",\"contentUrl\":\"https:\/\/www.comau.com\/wp-content\/uploads\/2021\/06\/Comau_-Careers_MainImage.jpg\",\"width\":1425,\"height\":450},{\"@type\":\"BreadcrumbList\",\"@id\":\"https:\/\/www.comau.com\/de\/contact-us\/#breadcrumb\",\"itemListElement\":[{\"@type\":\"ListItem\",\"position\":1,\"name\":\"Home\",\"item\":\"https:\/\/www.comau.com\/de\/\"},{\"@type\":\"ListItem\",\"position\":2,\"name\":\"Kontaktiere uns\"}]},{\"@type\":\"WebSite\",\"@id\":\"https:\/\/www.comau.com\/de\/#website\",\"url\":\"https:\/\/www.comau.com\/de\/\",\"name\":\"Comau\",\"description\":\"Industrial automation and robotics\",\"publisher\":{\"@id\":\"https:\/\/www.comau.com\/de\/#organization\"},\"potentialAction\":[{\"@type\":\"SearchAction\",\"target\":{\"@type\":\"EntryPoint\",\"urlTemplate\":\"https:\/\/www.comau.com\/de\/?s={search_term_string}\"},\"query-input\":{\"@type\":\"PropertyValueSpecification\",\"valueRequired\":true,\"valueName\":\"search_term_string\"}}],\"inLanguage\":\"de\"},{\"@type\":\"Organization\",\"@id\":\"https:\/\/www.comau.com\/de\/#organization\",\"name\":\"Comau\",\"url\":\"https:\/\/www.comau.com\/de\/\",\"logo\":{\"@type\":\"ImageObject\",\"inLanguage\":\"de\",\"@id\":\"https:\/\/www.comau.com\/de\/#\/schema\/logo\/image\/\",\"url\":\"https:\/\/www.comau.com\/wp-content\/uploads\/2024\/07\/cropped-Logo-COMAU.png\",\"contentUrl\":\"https:\/\/www.comau.com\/wp-content\/uploads\/2024\/07\/cropped-Logo-COMAU.png\",\"width\":434,\"height\":434,\"caption\":\"Comau\"},\"image\":{\"@id\":\"https:\/\/www.comau.com\/de\/#\/schema\/logo\/image\/\"},\"sameAs\":[\"https:\/\/www.facebook.com\/COMAU\/\",\"https:\/\/x.com\/comaugroup\",\"https:\/\/www.instagram.com\/comaugroup\/\",\"https:\/\/www.linkedin.com\/company\/comau\",\"https:\/\/www.youtube.com\/user\/comau\"]}]}<\/script>\n<!-- \/ Yoast SEO plugin. -->","yoast_head_json":{"title":"Kontaktiere uns - Comau","robots":{"index":"index","follow":"follow","max-snippet":"max-snippet:-1","max-image-preview":"max-image-preview:large","max-video-preview":"max-video-preview:-1"},"canonical":"https:\/\/www.comau.com\/de\/contact-us\/","og_locale":"de_DE","og_type":"article","og_title":"Kontaktiere uns - Comau","og_description":"Verkaufsbereich Wenn Sie kommerzielle Informationen zu unseren Produkten und Dienstleistungen erhalten m\u00f6chten, f\u00fcllen Sie das Formular aus und Sie werden so schnell wie m\u00f6glich kontaktiert. Kundenservice Wenn Sie Hilfe oder technischen Support zu unseren Produkten oder Dienstleistungen ben\u00f6tigen, schreiben Sie uns, indem Sie das folgende Formular ausf\u00fcllen. Medienbereich Sie k\u00f6nnen mit unserer Pressestelle und den [&hellip;]","og_url":"https:\/\/www.comau.com\/de\/contact-us\/","og_site_name":"Comau","article_publisher":"https:\/\/www.facebook.com\/COMAU\/","article_modified_time":"2024-12-06T16:38:57+00:00","og_image":[{"width":1425,"height":450,"url":"https:\/\/www.comau.com\/wp-content\/uploads\/2021\/06\/Comau_-Careers_MainImage.jpg","type":"image\/jpeg"}],"twitter_card":"summary_large_image","twitter_site":"@comaugroup","twitter_misc":{"Gesch\u00e4tzte Lesezeit":"2\u00a0Minuten"},"schema":{"@context":"https:\/\/schema.org","@graph":[{"@type":"WebPage","@id":"https:\/\/www.comau.com\/de\/contact-us\/","url":"https:\/\/www.comau.com\/de\/contact-us\/","name":"Kontaktiere uns - Comau","isPartOf":{"@id":"https:\/\/www.comau.com\/de\/#website"},"primaryImageOfPage":{"@id":"https:\/\/www.comau.com\/de\/contact-us\/#primaryimage"},"image":{"@id":"https:\/\/www.comau.com\/de\/contact-us\/#primaryimage"},"thumbnailUrl":"https:\/\/www.comau.com\/wp-content\/uploads\/2021\/06\/Comau_-Careers_MainImage.jpg","datePublished":"2021-05-30T22:05:00+00:00","dateModified":"2024-12-06T16:38:57+00:00","breadcrumb":{"@id":"https:\/\/www.comau.com\/de\/contact-us\/#breadcrumb"},"inLanguage":"de","potentialAction":[{"@type":"ReadAction","target":["https:\/\/www.comau.com\/de\/contact-us\/"]}]},{"@type":"ImageObject","inLanguage":"de","@id":"https:\/\/www.comau.com\/de\/contact-us\/#primaryimage","url":"https:\/\/www.comau.com\/wp-content\/uploads\/2021\/06\/Comau_-Careers_MainImage.jpg","contentUrl":"https:\/\/www.comau.com\/wp-content\/uploads\/2021\/06\/Comau_-Careers_MainImage.jpg","width":1425,"height":450},{"@type":"BreadcrumbList","@id":"https:\/\/www.comau.com\/de\/contact-us\/#breadcrumb","itemListElement":[{"@type":"ListItem","position":1,"name":"Home","item":"https:\/\/www.comau.com\/de\/"},{"@type":"ListItem","position":2,"name":"Kontaktiere uns"}]},{"@type":"WebSite","@id":"https:\/\/www.comau.com\/de\/#website","url":"https:\/\/www.comau.com\/de\/","name":"Comau","description":"Industrial automation and robotics","publisher":{"@id":"https:\/\/www.comau.com\/de\/#organization"},"potentialAction":[{"@type":"SearchAction","target":{"@type":"EntryPoint","urlTemplate":"https:\/\/www.comau.com\/de\/?s={search_term_string}"},"query-input":{"@type":"PropertyValueSpecification","valueRequired":true,"valueName":"search_term_string"}}],"inLanguage":"de"},{"@type":"Organization","@id":"https:\/\/www.comau.com\/de\/#organization","name":"Comau","url":"https:\/\/www.comau.com\/de\/","logo":{"@type":"ImageObject","inLanguage":"de","@id":"https:\/\/www.comau.com\/de\/#\/schema\/logo\/image\/","url":"https:\/\/www.comau.com\/wp-content\/uploads\/2024\/07\/cropped-Logo-COMAU.png","contentUrl":"https:\/\/www.comau.com\/wp-content\/uploads\/2024\/07\/cropped-Logo-COMAU.png","width":434,"height":434,"caption":"Comau"},"image":{"@id":"https:\/\/www.comau.com\/de\/#\/schema\/logo\/image\/"},"sameAs":["https:\/\/www.facebook.com\/COMAU\/","https:\/\/x.com\/comaugroup","https:\/\/www.instagram.com\/comaugroup\/","https:\/\/www.linkedin.com\/company\/comau","https:\/\/www.youtube.com\/user\/comau"]}]}},"_links":{"self":[{"href":"https:\/\/www.comau.com\/de\/wp-json\/wp\/v2\/pages\/6542","targetHints":{"allow":["GET"]}}],"collection":[{"href":"https:\/\/www.comau.com\/de\/wp-json\/wp\/v2\/pages"}],"about":[{"href":"https:\/\/www.comau.com\/de\/wp-json\/wp\/v2\/types\/page"}],"author":[{"embeddable":true,"href":"https:\/\/www.comau.com\/de\/wp-json\/wp\/v2\/users\/11"}],"replies":[{"embeddable":true,"href":"https:\/\/www.comau.com\/de\/wp-json\/wp\/v2\/comments?post=6542"}],"version-history":[{"count":10,"href":"https:\/\/www.comau.com\/de\/wp-json\/wp\/v2\/pages\/6542\/revisions"}],"predecessor-version":[{"id":71419,"href":"https:\/\/www.comau.com\/de\/wp-json\/wp\/v2\/pages\/6542\/revisions\/71419"}],"wp:featuredmedia":[{"embeddable":true,"href":"https:\/\/www.comau.com\/de\/wp-json\/wp\/v2\/media\/3830"}],"wp:attachment":[{"href":"https:\/\/www.comau.com\/de\/wp-json\/wp\/v2\/media?parent=6542"}],"curies":[{"name":"wp","href":"https:\/\/api.w.org\/{rel}","templated":true}]}}