{"id":65270,"date":"2024-07-12T11:45:04","date_gmt":"2024-07-12T09:45:04","guid":{"rendered":"https:\/\/www.comau.com\/?page_id=65270"},"modified":"2025-07-02T00:22:56","modified_gmt":"2025-07-01T22:22:56","slug":"products-solutions","status":"publish","type":"page","link":"https:\/\/www.comau.com\/de\/competencies\/products-solutions\/","title":{"rendered":"Produkte &amp; L\u00f6sungen"},"content":{"rendered":"\n<h2 class=\"wp-block-heading\">Innovationen vorantreiben durch fortschrittliche Automatisierung<\/h2>\n\n\n\n<p>Die fortschrittlichen Automatisierungsl\u00f6sungen von Comau bieten durch Spitzentechnologie eine verbesserte Produktivit\u00e4t, Energieeinsparungen und Kostensenkung. In Zusammenarbeit mit einem gro\u00dfen Netzwerk von Distributoren begegnen wir den Automatisierungsherausforderungen verschiedener Industrien weltweit.<\/p>\n\n\n\n<div style=\"height:var(--wp--preset--spacing--40)\" aria-hidden=\"true\" class=\"wp-block-spacer\"><\/div>\n\n\n\n<div class=\"wp-block-group wide-section-light-1\"><div class=\"wp-block-group__inner-container is-layout-flow wp-block-group-is-layout-flow\">\n<div class=\"wp-block-columns align-items-center compact-rows is-layout-flex wp-container-core-columns-is-layout-9d6595d7 wp-block-columns-is-layout-flex\">\n<div class=\"wp-block-column is-layout-flow wp-block-column-is-layout-flow\" style=\"flex-basis:55%\">\n<h2 class=\"wp-block-heading\" id=\"app-marketplace\">Industrieroboter<\/h2>\n\n\n\n<p>Wir bieten \u00fcber 40 verschiedene Modelle hochwertiger Industrieroboter an, darunter kollaborative und mobile Robotikl\u00f6sungen, mit Traglastkapazit\u00e4ten von 3 bis 650 kg.<\/p>\n\n\n\n<div class=\"wp-block-columns is-layout-flex wp-container-core-columns-is-layout-9d6595d7 wp-block-columns-is-layout-flex\">\n<div class=\"wp-block-column is-layout-flow wp-block-column-is-layout-flow\">\n<p><\/p>\n\n\n\n<div class=\"wp-block-buttons is-layout-flex wp-block-buttons-is-layout-flex\">\n<div class=\"wp-block-button\"><a class=\"wp-block-button__link wp-element-button\" href=\"https:\/\/www.comau.com\/de\/competencies\/products-solutions\/robot-team\/\" target=\"_blank\" rel=\"noreferrer noopener\">Entdecken Sie unsere Roboterfamilie<\/a><\/div>\n<\/div>\n<\/div>\n\n\n\n<div class=\"wp-block-column is-layout-flow wp-block-column-is-layout-flow\">\n<p><\/p>\n\n\n\n<div class=\"wp-block-buttons is-layout-flex wp-block-buttons-is-layout-flex\">\n<div class=\"wp-block-button\"><a class=\"wp-block-button__link wp-element-button\" href=\"https:\/\/www.comau.com\/wp-content\/uploads\/2025\/07\/Comau_Robotik_Kompakter_Katalog2025_DE.pdf\" target=\"_blank\" rel=\"noreferrer noopener\">Kompakter katalog herunterladen<\/a><\/div>\n<\/div>\n<\/div>\n<\/div>\n\n\n\n<div class=\"wp-block-buttons is-layout-flex wp-block-buttons-is-layout-flex\"><\/div>\n<\/div>\n\n\n\n<div class=\"wp-block-column is-layout-flow wp-block-column-is-layout-flow\" style=\"flex-basis:45%\">\n<figure class=\"wp-block-image size-large\"><a href=\"https:\/\/www.comau.com\/de\/competencies\/products-solutions\/robot-team\/\"><img decoding=\"async\" width=\"1024\" height=\"576\" src=\"https:\/\/www.comau.com\/wp-content\/uploads\/2025\/06\/Comau_Robot_family-1024x576.jpg\" alt=\"\" class=\"wp-image-78851\" style=\"object-fit:cover\" srcset=\"https:\/\/www.comau.com\/wp-content\/uploads\/2025\/06\/Comau_Robot_family-1024x576.jpg 1024w, https:\/\/www.comau.com\/wp-content\/uploads\/2025\/06\/Comau_Robot_family-300x169.jpg 300w, https:\/\/www.comau.com\/wp-content\/uploads\/2025\/06\/Comau_Robot_family-768x432.jpg 768w, https:\/\/www.comau.com\/wp-content\/uploads\/2025\/06\/Comau_Robot_family-1536x864.jpg 1536w, https:\/\/www.comau.com\/wp-content\/uploads\/2025\/06\/Comau_Robot_family-2048x1152.jpg 2048w\" sizes=\"(max-width: 1024px) 100vw, 1024px\" \/><\/a><\/figure>\n<\/div>\n<\/div>\n<\/div><\/div>\n\n\n\n<div style=\"height:var(--wp--preset--spacing--30)\" aria-hidden=\"true\" class=\"wp-block-spacer\"><\/div>\n\n\n\n<h2 class=\"wp-block-heading\" id=\"our-robots-work-with\">Unsere Roboter arbeiten mit:<\/h2>\n\n\n\n<div class=\"wp-block-columns is-layout-flex wp-container-core-columns-is-layout-9d6595d7 wp-block-columns-is-layout-flex\">\n<div class=\"wp-block-column is-layout-flow wp-block-column-is-layout-flow\">\n<div class=\"wp-block-getwid-image-box getwid-animation has-text-left has-mobile-layout-default has-mobile-alignment-default\" data-animation=\"zoomSmall\"><div class=\"wp-block-getwid-image-box__image-container is-position-top\"><a href=\"https:\/\/www.comau.com\/de\/competencies\/products-solutions\/mi-ra\/\" target=\"_blank\" rel=\"noreferrer noopener\" class=\"wp-block-getwid-image-box__image-wrapper\"><img decoding=\"async\" width=\"600\" height=\"268\" src=\"https:\/\/www.comau.com\/wp-content\/uploads\/2024\/07\/comau-solutions-vision-systems.jpg\" alt=\"robotic arm with AI vision system\" class=\"wp-block-getwid-image-box__image wp-image-65507\" srcset=\"https:\/\/www.comau.com\/wp-content\/uploads\/2024\/07\/comau-solutions-vision-systems.jpg 600w, https:\/\/www.comau.com\/wp-content\/uploads\/2024\/07\/comau-solutions-vision-systems-300x134.jpg 300w\" sizes=\"(max-width: 600px) 100vw, 600px\" \/><\/a><\/div><div class=\"wp-block-getwid-image-box__content\">\n<h3 class=\"wp-block-heading\" id=\"teach-pendant\">Bildverarbeitungssysteme<\/h3>\n\n\n\n<p>KI-gest\u00fctzte Vision-Systeme und kognitive Anwendungen.<\/p>\n<\/div><\/div>\n<\/div>\n\n\n\n<div class=\"wp-block-column is-layout-flow wp-block-column-is-layout-flow\">\n<div class=\"wp-block-getwid-image-box getwid-animation has-text-left has-mobile-layout-default has-mobile-alignment-default\" data-animation=\"zoomSmall\"><div class=\"wp-block-getwid-image-box__image-container is-position-top\"><a href=\"https:\/\/www.comau.com\/de\/competencies\/products-solutions\/controls-auxiliary-equipment\/\" target=\"_blank\" rel=\"noreferrer noopener\" class=\"wp-block-getwid-image-box__image-wrapper\"><img decoding=\"async\" width=\"392\" height=\"181\" src=\"https:\/\/www.comau.com\/wp-content\/uploads\/2021\/06\/controllers.jpg\" alt=\"\" class=\"wp-block-getwid-image-box__image wp-image-755\" srcset=\"https:\/\/www.comau.com\/wp-content\/uploads\/2021\/06\/controllers.jpg 392w, https:\/\/www.comau.com\/wp-content\/uploads\/2021\/06\/controllers-300x139.jpg 300w\" sizes=\"(max-width: 392px) 100vw, 392px\" \/><\/a><\/div><div class=\"wp-block-getwid-image-box__content\">\n<h3 class=\"wp-block-heading\" id=\"controls\">Robotersteuerung &amp; Software<\/h3>\n\n\n\n<p>Bereitstellung der Leistung und Intelligenz, die Sie ben\u00f6tigen.<\/p>\n<\/div><\/div>\n<\/div>\n\n\n\n<div class=\"wp-block-column is-layout-flow wp-block-column-is-layout-flow\">\n<div class=\"wp-block-getwid-image-box getwid-animation has-text-left has-mobile-layout-default has-mobile-alignment-default\" data-animation=\"zoomSmall\"><div class=\"wp-block-getwid-image-box__image-container is-position-top\"><a href=\"https:\/\/www.comau.com\/en\/our-offer\/products-and-solutions\/controls-auxiliary-equipment\/\" target=\"_blank\" rel=\"noreferrer noopener\" class=\"wp-block-getwid-image-box__image-wrapper\"><img decoding=\"async\" width=\"392\" height=\"181\" src=\"https:\/\/www.comau.com\/wp-content\/uploads\/2021\/06\/auxiliary-equipment.jpg\" alt=\"\" class=\"wp-block-getwid-image-box__image wp-image-757\" srcset=\"https:\/\/www.comau.com\/wp-content\/uploads\/2021\/06\/auxiliary-equipment.jpg 392w, https:\/\/www.comau.com\/wp-content\/uploads\/2021\/06\/auxiliary-equipment-300x139.jpg 300w\" sizes=\"(max-width: 392px) 100vw, 392px\" \/><\/a><\/div><div class=\"wp-block-getwid-image-box__content\">\n<h3 class=\"wp-block-heading\" id=\"auxiliary-equipment\">Zusatzausr\u00fcstung<\/h3>\n\n\n\n<p>Erm\u00f6glichende Ausr\u00fcstung f\u00fcr erh\u00f6hte Funktionalit\u00e4t.<\/p>\n<\/div><\/div>\n<\/div>\n\n\n\n<div class=\"wp-block-column is-layout-flow wp-block-column-is-layout-flow\">\n<div class=\"wp-block-getwid-image-box getwid-animation has-text-left has-mobile-layout-default has-mobile-alignment-default\" data-animation=\"zoomSmall\"><div class=\"wp-block-getwid-image-box__image-container is-position-top\"><a href=\"https:\/\/www.comau.com\/de\/competencies\/products-solutions\/automation-products\/\" target=\"_blank\" rel=\"noreferrer noopener\" class=\"wp-block-getwid-image-box__image-wrapper\"><img decoding=\"async\" width=\"600\" height=\"268\" src=\"https:\/\/www.comau.com\/wp-content\/uploads\/2024\/07\/comau-products-welding-gun-1.jpg\" alt=\"industrial welding gun for spot welding\" class=\"wp-block-getwid-image-box__image wp-image-65520\" srcset=\"https:\/\/www.comau.com\/wp-content\/uploads\/2024\/07\/comau-products-welding-gun-1.jpg 600w, https:\/\/www.comau.com\/wp-content\/uploads\/2024\/07\/comau-products-welding-gun-1-300x134.jpg 300w\" sizes=\"(max-width: 600px) 100vw, 600px\" \/><\/a><\/div><div class=\"wp-block-getwid-image-box__content\">\n<h3 class=\"wp-block-heading\" id=\"software\">Schwei\u00dfzangen und -maschinen<\/h3>\n\n\n\n<p>Gew\u00e4hrleistung der Zuverl\u00e4ssigkeit f\u00fcr pr\u00e4zise Fertigung.<\/p>\n<\/div><\/div>\n<\/div>\n<\/div>\n\n\n\n<div style=\"height:var(--wp--preset--spacing--30)\" aria-hidden=\"true\" class=\"wp-block-spacer\"><\/div>\n\n\n\n<div class=\"wp-block-group wide-section-light-1\"><div class=\"wp-block-group__inner-container is-layout-flow wp-block-group-is-layout-flow\">\n<div class=\"wp-block-columns align-items-center compact-rows is-layout-flex wp-container-core-columns-is-layout-9d6595d7 wp-block-columns-is-layout-flex\">\n<div class=\"wp-block-column is-layout-flow wp-block-column-is-layout-flow\" style=\"flex-basis:55%\">\n<h2 class=\"wp-block-heading\" id=\"app-marketplace\">Tragbare Robotik\/Exoskelette<\/h2>\n\n\n\n<p><strong>Robotische Exoskelett-L\u00f6sungen: Muskelunterst\u00fctzende Technologie:<\/strong> Unsere innovativen Exoskelett-Anz\u00fcge bieten zwei verschiedene L\u00f6sungen, die entwickelt wurden, um Muskeln effektiv zu unterst\u00fctzen und ergonomische Risiken zu mindern.<\/p>\n\n\n\n<div class=\"wp-block-buttons is-layout-flex wp-block-buttons-is-layout-flex\">\n<div class=\"wp-block-button\"><a class=\"wp-block-button__link wp-element-button\" href=\"https:\/\/www.comau.com\/de\/competencies\/products-solutions\/wearable-robotics-exoskeletons\/\" target=\"_blank\" rel=\"noreferrer noopener\">MATE entdecken<\/a><\/div>\n<\/div>\n<\/div>\n\n\n\n<div class=\"wp-block-column is-layout-flow wp-block-column-is-layout-flow\" style=\"flex-basis:45%\">\n<figure class=\"wp-block-image size-large is-resized\"><a href=\"https:\/\/www.comau.com\/de\/competencies\/products-solutions\/wearable-robotics-exoskeletons\/\"><img decoding=\"async\" width=\"1024\" height=\"731\" src=\"https:\/\/www.comau.com\/wp-content\/uploads\/2024\/05\/Comau_MATE_Exoskeletons-1024x731.jpg\" alt=\"\" class=\"wp-image-63103\" style=\"object-fit:cover;width:350px;height:250px\" srcset=\"https:\/\/www.comau.com\/wp-content\/uploads\/2024\/05\/Comau_MATE_Exoskeletons-1024x731.jpg 1024w, https:\/\/www.comau.com\/wp-content\/uploads\/2024\/05\/Comau_MATE_Exoskeletons-300x214.jpg 300w, https:\/\/www.comau.com\/wp-content\/uploads\/2024\/05\/Comau_MATE_Exoskeletons-768x549.jpg 768w, https:\/\/www.comau.com\/wp-content\/uploads\/2024\/05\/Comau_MATE_Exoskeletons-1536x1097.jpg 1536w, https:\/\/www.comau.com\/wp-content\/uploads\/2024\/05\/Comau_MATE_Exoskeletons-2048x1463.jpg 2048w\" sizes=\"(max-width: 1024px) 100vw, 1024px\" \/><\/a><\/figure>\n<\/div>\n<\/div>\n<\/div><\/div>\n\n\n\n<div class=\"wp-block-columns align-items-center compact-rows wide-section-light-2 is-layout-flex wp-container-core-columns-is-layout-9d6595d7 wp-block-columns-is-layout-flex\">\n<div class=\"wp-block-column is-layout-flow wp-block-column-is-layout-flow\" style=\"flex-basis:45%\">\n<figure class=\"wp-block-image size-large is-resized\"><img decoding=\"async\" width=\"1024\" height=\"729\" src=\"https:\/\/www.comau.com\/wp-content\/uploads\/2024\/01\/comau_ingrid_software_link-1024x729.jpg\" alt=\"computer software for digital manufacturing\" class=\"wp-image-59529\" style=\"object-fit:cover;width:350px;height:250px\" srcset=\"https:\/\/www.comau.com\/wp-content\/uploads\/2024\/01\/comau_ingrid_software_link-1024x729.jpg 1024w, https:\/\/www.comau.com\/wp-content\/uploads\/2024\/01\/comau_ingrid_software_link-300x214.jpg 300w, https:\/\/www.comau.com\/wp-content\/uploads\/2024\/01\/comau_ingrid_software_link-768x547.jpg 768w, https:\/\/www.comau.com\/wp-content\/uploads\/2024\/01\/comau_ingrid_software_link.jpg 1440w\" sizes=\"(max-width: 1024px) 100vw, 1024px\" \/><\/figure>\n<\/div>\n\n\n\n<div class=\"wp-block-column is-layout-flow wp-block-column-is-layout-flow\" style=\"flex-basis:55%\">\n<h2 class=\"wp-block-heading\" id=\"customer-services\">Digitale IoT-Plattformen<\/h2>\n\n\n\n<p>Digitale Tools zur Prozessoptimierung, die die Leistungsf\u00e4higkeit der digitalen Fertigung nutzen.<\/p>\n\n\n\n<ul class=\"wp-block-list\">\n<li>Echtzeit-Zustands\u00fcberwachung und vorausschauende Wartung<\/li>\n\n\n\n<li>Verbesserung der MTBF (Mean Time Between Failures)<\/li>\n\n\n\n<li>Reduzierung von Lagerbestands- und pr\u00e4ventiven Wartungskosten<\/li>\n\n\n\n<li>Rationalisierung der Produktion, Steigerung der Produktionsraten und Verbesserung der Qualit\u00e4t<\/li>\n<\/ul>\n\n\n\n<div class=\"wp-block-buttons is-layout-flex wp-block-buttons-is-layout-flex\">\n<div class=\"wp-block-button\"><a class=\"wp-block-button__link wp-element-button\" href=\"https:\/\/www.comau.com\/en\/our-offer\/products-and-solutions\/digital-iot-platforms\/\" target=\"_blank\" rel=\"noreferrer noopener\">Mehr erfahren<\/a><\/div>\n<\/div>\n<\/div>\n<\/div>\n","protected":false},"excerpt":{"rendered":"<p>Innovationen vorantreiben durch fortschrittliche Automatisierung Die fortschrittlichen Automatisierungsl\u00f6sungen von Comau bieten durch Spitzentechnologie eine verbesserte Produktivit\u00e4t, Energieeinsparungen und Kostensenkung. In Zusammenarbeit mit einem gro\u00dfen Netzwerk von Distributoren begegnen wir den Automatisierungsherausforderungen verschiedener Industrien weltweit. Industrieroboter Wir bieten \u00fcber 40 verschiedene Modelle hochwertiger Industrieroboter an, darunter kollaborative und mobile Robotikl\u00f6sungen, mit Traglastkapazit\u00e4ten von 3 bis 650 [&hellip;]<\/p>\n","protected":false},"author":4,"featured_media":0,"parent":4763,"menu_order":0,"comment_status":"closed","ping_status":"closed","template":"","meta":{"_acf_changed":false,"ep_exclude_from_search":false,"footnotes":""},"class_list":["post-65270","page","type-page","status-publish","hentry"],"acf":[],"yoast_head":"<!-- This site is optimized with the Yoast SEO plugin v26.9 - https:\/\/yoast.com\/product\/yoast-seo-wordpress\/ -->\n<title>Produkte &amp; L\u00f6sungen - Comau<\/title>\n<meta name=\"robots\" content=\"index, follow, max-snippet:-1, max-image-preview:large, max-video-preview:-1\" \/>\n<link rel=\"canonical\" href=\"https:\/\/www.comau.com\/de\/competencies\/products-solutions\/\" \/>\n<meta property=\"og:locale\" content=\"de_DE\" \/>\n<meta property=\"og:type\" content=\"article\" \/>\n<meta property=\"og:title\" content=\"Produkte &amp; L\u00f6sungen - Comau\" \/>\n<meta property=\"og:description\" content=\"Innovationen vorantreiben durch fortschrittliche Automatisierung Die fortschrittlichen Automatisierungsl\u00f6sungen von Comau bieten durch Spitzentechnologie eine verbesserte Produktivit\u00e4t, Energieeinsparungen und Kostensenkung. In Zusammenarbeit mit einem gro\u00dfen Netzwerk von Distributoren begegnen wir den Automatisierungsherausforderungen verschiedener Industrien weltweit. Industrieroboter Wir bieten \u00fcber 40 verschiedene Modelle hochwertiger Industrieroboter an, darunter kollaborative und mobile Robotikl\u00f6sungen, mit Traglastkapazit\u00e4ten von 3 bis 650 [&hellip;]\" \/>\n<meta property=\"og:url\" content=\"https:\/\/www.comau.com\/de\/competencies\/products-solutions\/\" \/>\n<meta property=\"og:site_name\" content=\"Comau\" \/>\n<meta property=\"article:publisher\" content=\"https:\/\/www.facebook.com\/COMAU\/\" \/>\n<meta property=\"article:modified_time\" content=\"2025-07-01T22:22:56+00:00\" \/>\n<meta property=\"og:image\" content=\"https:\/\/www.comau.com\/wp-content\/uploads\/2025\/06\/Comau_Robot_family.jpg\" \/>\n\t<meta property=\"og:image:width\" content=\"2560\" \/>\n\t<meta property=\"og:image:height\" content=\"1440\" \/>\n\t<meta property=\"og:image:type\" content=\"image\/jpeg\" \/>\n<meta name=\"twitter:card\" content=\"summary_large_image\" \/>\n<meta name=\"twitter:site\" content=\"@comaugroup\" \/>\n<meta name=\"twitter:label1\" content=\"Gesch\u00e4tzte Lesezeit\" \/>\n\t<meta name=\"twitter:data1\" content=\"3\u00a0Minuten\" \/>\n<script type=\"application\/ld+json\" class=\"yoast-schema-graph\">{\"@context\":\"https:\/\/schema.org\",\"@graph\":[{\"@type\":\"WebPage\",\"@id\":\"https:\/\/www.comau.com\/de\/competencies\/products-solutions\/\",\"url\":\"https:\/\/www.comau.com\/de\/competencies\/products-solutions\/\",\"name\":\"Produkte &amp; L\u00f6sungen - Comau\",\"isPartOf\":{\"@id\":\"https:\/\/www.comau.com\/de\/#website\"},\"primaryImageOfPage\":{\"@id\":\"https:\/\/www.comau.com\/de\/competencies\/products-solutions\/#primaryimage\"},\"image\":{\"@id\":\"https:\/\/www.comau.com\/de\/competencies\/products-solutions\/#primaryimage\"},\"thumbnailUrl\":\"https:\/\/www.comau.com\/wp-content\/uploads\/2025\/06\/Comau_Robot_family-1024x576.jpg\",\"datePublished\":\"2024-07-12T09:45:04+00:00\",\"dateModified\":\"2025-07-01T22:22:56+00:00\",\"breadcrumb\":{\"@id\":\"https:\/\/www.comau.com\/de\/competencies\/products-solutions\/#breadcrumb\"},\"inLanguage\":\"de\",\"potentialAction\":[{\"@type\":\"ReadAction\",\"target\":[\"https:\/\/www.comau.com\/de\/competencies\/products-solutions\/\"]}]},{\"@type\":\"ImageObject\",\"inLanguage\":\"de\",\"@id\":\"https:\/\/www.comau.com\/de\/competencies\/products-solutions\/#primaryimage\",\"url\":\"https:\/\/www.comau.com\/wp-content\/uploads\/2025\/06\/Comau_Robot_family-1024x576.jpg\",\"contentUrl\":\"https:\/\/www.comau.com\/wp-content\/uploads\/2025\/06\/Comau_Robot_family-1024x576.jpg\"},{\"@type\":\"BreadcrumbList\",\"@id\":\"https:\/\/www.comau.com\/de\/competencies\/products-solutions\/#breadcrumb\",\"itemListElement\":[{\"@type\":\"ListItem\",\"position\":1,\"name\":\"Home\",\"item\":\"https:\/\/www.comau.com\/de\/\"},{\"@type\":\"ListItem\",\"position\":2,\"name\":\"Unsere Kompetenzen\",\"item\":\"https:\/\/www.comau.com\/de\/competencies\/\"},{\"@type\":\"ListItem\",\"position\":3,\"name\":\"Produkte &amp; L\u00f6sungen\"}]},{\"@type\":\"WebSite\",\"@id\":\"https:\/\/www.comau.com\/de\/#website\",\"url\":\"https:\/\/www.comau.com\/de\/\",\"name\":\"Comau\",\"description\":\"Industrial automation and robotics\",\"publisher\":{\"@id\":\"https:\/\/www.comau.com\/de\/#organization\"},\"potentialAction\":[{\"@type\":\"SearchAction\",\"target\":{\"@type\":\"EntryPoint\",\"urlTemplate\":\"https:\/\/www.comau.com\/de\/?s={search_term_string}\"},\"query-input\":{\"@type\":\"PropertyValueSpecification\",\"valueRequired\":true,\"valueName\":\"search_term_string\"}}],\"inLanguage\":\"de\"},{\"@type\":\"Organization\",\"@id\":\"https:\/\/www.comau.com\/de\/#organization\",\"name\":\"Comau\",\"url\":\"https:\/\/www.comau.com\/de\/\",\"logo\":{\"@type\":\"ImageObject\",\"inLanguage\":\"de\",\"@id\":\"https:\/\/www.comau.com\/de\/#\/schema\/logo\/image\/\",\"url\":\"https:\/\/www.comau.com\/wp-content\/uploads\/2024\/07\/cropped-Logo-COMAU.png\",\"contentUrl\":\"https:\/\/www.comau.com\/wp-content\/uploads\/2024\/07\/cropped-Logo-COMAU.png\",\"width\":434,\"height\":434,\"caption\":\"Comau\"},\"image\":{\"@id\":\"https:\/\/www.comau.com\/de\/#\/schema\/logo\/image\/\"},\"sameAs\":[\"https:\/\/www.facebook.com\/COMAU\/\",\"https:\/\/x.com\/comaugroup\",\"https:\/\/www.instagram.com\/comaugroup\/\",\"https:\/\/www.linkedin.com\/company\/comau\",\"https:\/\/www.youtube.com\/user\/comau\"]}]}<\/script>\n<!-- \/ Yoast SEO plugin. -->","yoast_head_json":{"title":"Produkte &amp; L\u00f6sungen - Comau","robots":{"index":"index","follow":"follow","max-snippet":"max-snippet:-1","max-image-preview":"max-image-preview:large","max-video-preview":"max-video-preview:-1"},"canonical":"https:\/\/www.comau.com\/de\/competencies\/products-solutions\/","og_locale":"de_DE","og_type":"article","og_title":"Produkte &amp; L\u00f6sungen - Comau","og_description":"Innovationen vorantreiben durch fortschrittliche Automatisierung Die fortschrittlichen Automatisierungsl\u00f6sungen von Comau bieten durch Spitzentechnologie eine verbesserte Produktivit\u00e4t, Energieeinsparungen und Kostensenkung. In Zusammenarbeit mit einem gro\u00dfen Netzwerk von Distributoren begegnen wir den Automatisierungsherausforderungen verschiedener Industrien weltweit. Industrieroboter Wir bieten \u00fcber 40 verschiedene Modelle hochwertiger Industrieroboter an, darunter kollaborative und mobile Robotikl\u00f6sungen, mit Traglastkapazit\u00e4ten von 3 bis 650 [&hellip;]","og_url":"https:\/\/www.comau.com\/de\/competencies\/products-solutions\/","og_site_name":"Comau","article_publisher":"https:\/\/www.facebook.com\/COMAU\/","article_modified_time":"2025-07-01T22:22:56+00:00","og_image":[{"width":2560,"height":1440,"url":"https:\/\/www.comau.com\/wp-content\/uploads\/2025\/06\/Comau_Robot_family.jpg","type":"image\/jpeg"}],"twitter_card":"summary_large_image","twitter_site":"@comaugroup","twitter_misc":{"Gesch\u00e4tzte Lesezeit":"3\u00a0Minuten"},"schema":{"@context":"https:\/\/schema.org","@graph":[{"@type":"WebPage","@id":"https:\/\/www.comau.com\/de\/competencies\/products-solutions\/","url":"https:\/\/www.comau.com\/de\/competencies\/products-solutions\/","name":"Produkte &amp; L\u00f6sungen - Comau","isPartOf":{"@id":"https:\/\/www.comau.com\/de\/#website"},"primaryImageOfPage":{"@id":"https:\/\/www.comau.com\/de\/competencies\/products-solutions\/#primaryimage"},"image":{"@id":"https:\/\/www.comau.com\/de\/competencies\/products-solutions\/#primaryimage"},"thumbnailUrl":"https:\/\/www.comau.com\/wp-content\/uploads\/2025\/06\/Comau_Robot_family-1024x576.jpg","datePublished":"2024-07-12T09:45:04+00:00","dateModified":"2025-07-01T22:22:56+00:00","breadcrumb":{"@id":"https:\/\/www.comau.com\/de\/competencies\/products-solutions\/#breadcrumb"},"inLanguage":"de","potentialAction":[{"@type":"ReadAction","target":["https:\/\/www.comau.com\/de\/competencies\/products-solutions\/"]}]},{"@type":"ImageObject","inLanguage":"de","@id":"https:\/\/www.comau.com\/de\/competencies\/products-solutions\/#primaryimage","url":"https:\/\/www.comau.com\/wp-content\/uploads\/2025\/06\/Comau_Robot_family-1024x576.jpg","contentUrl":"https:\/\/www.comau.com\/wp-content\/uploads\/2025\/06\/Comau_Robot_family-1024x576.jpg"},{"@type":"BreadcrumbList","@id":"https:\/\/www.comau.com\/de\/competencies\/products-solutions\/#breadcrumb","itemListElement":[{"@type":"ListItem","position":1,"name":"Home","item":"https:\/\/www.comau.com\/de\/"},{"@type":"ListItem","position":2,"name":"Unsere Kompetenzen","item":"https:\/\/www.comau.com\/de\/competencies\/"},{"@type":"ListItem","position":3,"name":"Produkte &amp; L\u00f6sungen"}]},{"@type":"WebSite","@id":"https:\/\/www.comau.com\/de\/#website","url":"https:\/\/www.comau.com\/de\/","name":"Comau","description":"Industrial automation and robotics","publisher":{"@id":"https:\/\/www.comau.com\/de\/#organization"},"potentialAction":[{"@type":"SearchAction","target":{"@type":"EntryPoint","urlTemplate":"https:\/\/www.comau.com\/de\/?s={search_term_string}"},"query-input":{"@type":"PropertyValueSpecification","valueRequired":true,"valueName":"search_term_string"}}],"inLanguage":"de"},{"@type":"Organization","@id":"https:\/\/www.comau.com\/de\/#organization","name":"Comau","url":"https:\/\/www.comau.com\/de\/","logo":{"@type":"ImageObject","inLanguage":"de","@id":"https:\/\/www.comau.com\/de\/#\/schema\/logo\/image\/","url":"https:\/\/www.comau.com\/wp-content\/uploads\/2024\/07\/cropped-Logo-COMAU.png","contentUrl":"https:\/\/www.comau.com\/wp-content\/uploads\/2024\/07\/cropped-Logo-COMAU.png","width":434,"height":434,"caption":"Comau"},"image":{"@id":"https:\/\/www.comau.com\/de\/#\/schema\/logo\/image\/"},"sameAs":["https:\/\/www.facebook.com\/COMAU\/","https:\/\/x.com\/comaugroup","https:\/\/www.instagram.com\/comaugroup\/","https:\/\/www.linkedin.com\/company\/comau","https:\/\/www.youtube.com\/user\/comau"]}]}},"_links":{"self":[{"href":"https:\/\/www.comau.com\/de\/wp-json\/wp\/v2\/pages\/65270","targetHints":{"allow":["GET"]}}],"collection":[{"href":"https:\/\/www.comau.com\/de\/wp-json\/wp\/v2\/pages"}],"about":[{"href":"https:\/\/www.comau.com\/de\/wp-json\/wp\/v2\/types\/page"}],"author":[{"embeddable":true,"href":"https:\/\/www.comau.com\/de\/wp-json\/wp\/v2\/users\/4"}],"replies":[{"embeddable":true,"href":"https:\/\/www.comau.com\/de\/wp-json\/wp\/v2\/comments?post=65270"}],"version-history":[{"count":6,"href":"https:\/\/www.comau.com\/de\/wp-json\/wp\/v2\/pages\/65270\/revisions"}],"predecessor-version":[{"id":79517,"href":"https:\/\/www.comau.com\/de\/wp-json\/wp\/v2\/pages\/65270\/revisions\/79517"}],"up":[{"embeddable":true,"href":"https:\/\/www.comau.com\/de\/wp-json\/wp\/v2\/pages\/4763"}],"wp:attachment":[{"href":"https:\/\/www.comau.com\/de\/wp-json\/wp\/v2\/media?parent=65270"}],"curies":[{"name":"wp","href":"https:\/\/api.w.org\/{rel}","templated":true}]}}