{"id":6497,"date":"2021-05-31T02:13:25","date_gmt":"2021-05-31T00:13:25","guid":{"rendered":"https:\/\/www.comau.com\/company-info\/"},"modified":"2025-01-14T16:57:02","modified_gmt":"2025-01-14T15:57:02","slug":"company-info","status":"publish","type":"page","link":"https:\/\/www.comau.com\/de\/company-info\/","title":{"rendered":"Company Info"},"content":{"rendered":"\n<h2 class=\"wp-block-heading\">Comau ist weltweit f\u00fchrend in der Bereitstellung nachhaltiger L\u00f6sungen f\u00fcr fortschrittliche Automatisierung.<\/h2>\n\n\n\n<p>Mit 50 Jahren Erfahrung und einer globalen Pr\u00e4senz hilft Comau Unternehmen jeder Gr\u00f6\u00dfe in nahezu allen Branchen, die Vorteile der Automatisierung zu nutzen. <\/p>\n\n\n\n<p>Unterst\u00fctzt durch ein kontinuierliches Engagement f\u00fcr die Entwicklung innovativer und benutzerfreundlicher Technologien umfasst das Portfolio Produkte und Systeme f\u00fcr die Fahrzeugproduktion, mit einer starken Pr\u00e4senz in der Elektromobilit\u00e4t sowie fortschrittliche Robotik und digitale L\u00f6sungen, um schnell wachsende M\u00e4rkte in industriellen Sektoren zu adressieren. Das Angebot des Unternehmens erstreckt sich auch auf Projektmanagement und Beratung. <\/p>\n\n\n\n<p>Durch die Schulungsaktivit\u00e4ten der Academy setzt sich Comau daf\u00fcr ein, das technische und betriebswirtschaftliche Wissen zu erweitern, das notwendig ist, um die Herausforderungen im Bereich der Automatisierung zu meistern und die Chancen eines sich st\u00e4ndig ver\u00e4ndernden Marktes zu nutzen.<\/p>\n\n\n\n<p>Comau hat seinen Sitz in Turin, Italien, und verf\u00fcgt \u00fcber ein internationales Netzwerk von 7 Innovationszentren und 12 Fertigungsst\u00e4tten in 12 L\u00e4ndern mit insgesamt 3.700 Mitarbeitern. Gemeinsam mit einem breiten Netzwerk von Vertriebspartnern und Partnern ist das Unternehmen in der Lage, schnell auf die Bed\u00fcrfnisse seiner Kunden zu reagieren, egal wo diese sich weltweit befinden. www.comau.com.<\/p>\n\n\n\n<div style=\"height:100px\" aria-hidden=\"true\" class=\"wp-block-spacer\"><\/div>\n\n\n\n<h3 class=\"wp-block-heading\">Comau S.p.A.<\/h3>\n\n\n\n<p>Registered Office: Via Rivalta, 30, 10095 Grugliasco (TO) \u2013 Italy<br>Fully Paid Share Capital: Euro 48,013,959<br>Registered in the REA Torino 474119<br>Registered in the Register of Torino Companies, Tax Code and VAT n. 00952120012<br>EEC IT00952120012<\/p>\n","protected":false},"excerpt":{"rendered":"<p>Comau ist weltweit f\u00fchrend in der Bereitstellung nachhaltiger L\u00f6sungen f\u00fcr fortschrittliche Automatisierung. Mit 50 Jahren Erfahrung und einer globalen Pr\u00e4senz hilft Comau Unternehmen jeder Gr\u00f6\u00dfe in nahezu allen Branchen, die Vorteile der Automatisierung zu nutzen. Unterst\u00fctzt durch ein kontinuierliches Engagement f\u00fcr die Entwicklung innovativer und benutzerfreundlicher Technologien umfasst das Portfolio Produkte und Systeme f\u00fcr die [&hellip;]<\/p>\n","protected":false},"author":11,"featured_media":0,"parent":0,"menu_order":13,"comment_status":"closed","ping_status":"closed","template":"","meta":{"_acf_changed":false,"ep_exclude_from_search":false,"footnotes":""},"class_list":["post-6497","page","type-page","status-publish","hentry"],"acf":[],"yoast_head":"<!-- This site is optimized with the Yoast SEO plugin v26.9 - https:\/\/yoast.com\/product\/yoast-seo-wordpress\/ -->\n<title>Unternehmensinfo - Comau<\/title>\n<meta name=\"description\" content=\"Lesen Sie mehr \u00fcber Comau, ein italienisches Unternehmen im Bereich Industrielle Automatisierung und bleiben Sie auf dem Laufenden \u00fcber die Welt der Robotik.\" \/>\n<meta name=\"robots\" content=\"index, follow, max-snippet:-1, max-image-preview:large, max-video-preview:-1\" \/>\n<link rel=\"canonical\" href=\"https:\/\/www.comau.com\/de\/company-info\/\" \/>\n<meta property=\"og:locale\" content=\"de_DE\" \/>\n<meta property=\"og:type\" content=\"article\" \/>\n<meta property=\"og:title\" content=\"Unternehmensinfo - Comau\" \/>\n<meta property=\"og:description\" content=\"Lesen Sie mehr \u00fcber Comau, ein italienisches Unternehmen im Bereich Industrielle Automatisierung und bleiben Sie auf dem Laufenden \u00fcber die Welt der Robotik.\" \/>\n<meta property=\"og:url\" content=\"https:\/\/www.comau.com\/de\/company-info\/\" \/>\n<meta property=\"og:site_name\" content=\"Comau\" \/>\n<meta property=\"article:publisher\" content=\"https:\/\/www.facebook.com\/COMAU\/\" \/>\n<meta property=\"article:modified_time\" content=\"2025-01-14T15:57:02+00:00\" \/>\n<meta name=\"twitter:card\" content=\"summary_large_image\" \/>\n<meta name=\"twitter:site\" content=\"@comaugroup\" \/>\n<meta name=\"twitter:label1\" content=\"Gesch\u00e4tzte Lesezeit\" \/>\n\t<meta name=\"twitter:data1\" content=\"1\u00a0Minute\" \/>\n<script type=\"application\/ld+json\" class=\"yoast-schema-graph\">{\"@context\":\"https:\/\/schema.org\",\"@graph\":[{\"@type\":\"WebPage\",\"@id\":\"https:\/\/www.comau.com\/de\/company-info\/\",\"url\":\"https:\/\/www.comau.com\/de\/company-info\/\",\"name\":\"Unternehmensinfo - Comau\",\"isPartOf\":{\"@id\":\"https:\/\/www.comau.com\/de\/#website\"},\"datePublished\":\"2021-05-31T00:13:25+00:00\",\"dateModified\":\"2025-01-14T15:57:02+00:00\",\"description\":\"Lesen Sie mehr \u00fcber Comau, ein italienisches Unternehmen im Bereich Industrielle Automatisierung und bleiben Sie auf dem Laufenden \u00fcber die Welt der Robotik.\",\"breadcrumb\":{\"@id\":\"https:\/\/www.comau.com\/de\/company-info\/#breadcrumb\"},\"inLanguage\":\"de\",\"potentialAction\":[{\"@type\":\"ReadAction\",\"target\":[\"https:\/\/www.comau.com\/de\/company-info\/\"]}]},{\"@type\":\"BreadcrumbList\",\"@id\":\"https:\/\/www.comau.com\/de\/company-info\/#breadcrumb\",\"itemListElement\":[{\"@type\":\"ListItem\",\"position\":1,\"name\":\"Home\",\"item\":\"https:\/\/www.comau.com\/de\/\"},{\"@type\":\"ListItem\",\"position\":2,\"name\":\"Company Info\"}]},{\"@type\":\"WebSite\",\"@id\":\"https:\/\/www.comau.com\/de\/#website\",\"url\":\"https:\/\/www.comau.com\/de\/\",\"name\":\"Comau\",\"description\":\"Industrial automation and robotics\",\"publisher\":{\"@id\":\"https:\/\/www.comau.com\/de\/#organization\"},\"potentialAction\":[{\"@type\":\"SearchAction\",\"target\":{\"@type\":\"EntryPoint\",\"urlTemplate\":\"https:\/\/www.comau.com\/de\/?s={search_term_string}\"},\"query-input\":{\"@type\":\"PropertyValueSpecification\",\"valueRequired\":true,\"valueName\":\"search_term_string\"}}],\"inLanguage\":\"de\"},{\"@type\":\"Organization\",\"@id\":\"https:\/\/www.comau.com\/de\/#organization\",\"name\":\"Comau\",\"url\":\"https:\/\/www.comau.com\/de\/\",\"logo\":{\"@type\":\"ImageObject\",\"inLanguage\":\"de\",\"@id\":\"https:\/\/www.comau.com\/de\/#\/schema\/logo\/image\/\",\"url\":\"https:\/\/www.comau.com\/wp-content\/uploads\/2024\/07\/cropped-Logo-COMAU.png\",\"contentUrl\":\"https:\/\/www.comau.com\/wp-content\/uploads\/2024\/07\/cropped-Logo-COMAU.png\",\"width\":434,\"height\":434,\"caption\":\"Comau\"},\"image\":{\"@id\":\"https:\/\/www.comau.com\/de\/#\/schema\/logo\/image\/\"},\"sameAs\":[\"https:\/\/www.facebook.com\/COMAU\/\",\"https:\/\/x.com\/comaugroup\",\"https:\/\/www.instagram.com\/comaugroup\/\",\"https:\/\/www.linkedin.com\/company\/comau\",\"https:\/\/www.youtube.com\/user\/comau\"]}]}<\/script>\n<!-- \/ Yoast SEO plugin. -->","yoast_head_json":{"title":"Unternehmensinfo - Comau","description":"Lesen Sie mehr \u00fcber Comau, ein italienisches Unternehmen im Bereich Industrielle Automatisierung und bleiben Sie auf dem Laufenden \u00fcber die Welt der Robotik.","robots":{"index":"index","follow":"follow","max-snippet":"max-snippet:-1","max-image-preview":"max-image-preview:large","max-video-preview":"max-video-preview:-1"},"canonical":"https:\/\/www.comau.com\/de\/company-info\/","og_locale":"de_DE","og_type":"article","og_title":"Unternehmensinfo - Comau","og_description":"Lesen Sie mehr \u00fcber Comau, ein italienisches Unternehmen im Bereich Industrielle Automatisierung und bleiben Sie auf dem Laufenden \u00fcber die Welt der Robotik.","og_url":"https:\/\/www.comau.com\/de\/company-info\/","og_site_name":"Comau","article_publisher":"https:\/\/www.facebook.com\/COMAU\/","article_modified_time":"2025-01-14T15:57:02+00:00","twitter_card":"summary_large_image","twitter_site":"@comaugroup","twitter_misc":{"Gesch\u00e4tzte Lesezeit":"1\u00a0Minute"},"schema":{"@context":"https:\/\/schema.org","@graph":[{"@type":"WebPage","@id":"https:\/\/www.comau.com\/de\/company-info\/","url":"https:\/\/www.comau.com\/de\/company-info\/","name":"Unternehmensinfo - Comau","isPartOf":{"@id":"https:\/\/www.comau.com\/de\/#website"},"datePublished":"2021-05-31T00:13:25+00:00","dateModified":"2025-01-14T15:57:02+00:00","description":"Lesen Sie mehr \u00fcber Comau, ein italienisches Unternehmen im Bereich Industrielle Automatisierung und bleiben Sie auf dem Laufenden \u00fcber die Welt der Robotik.","breadcrumb":{"@id":"https:\/\/www.comau.com\/de\/company-info\/#breadcrumb"},"inLanguage":"de","potentialAction":[{"@type":"ReadAction","target":["https:\/\/www.comau.com\/de\/company-info\/"]}]},{"@type":"BreadcrumbList","@id":"https:\/\/www.comau.com\/de\/company-info\/#breadcrumb","itemListElement":[{"@type":"ListItem","position":1,"name":"Home","item":"https:\/\/www.comau.com\/de\/"},{"@type":"ListItem","position":2,"name":"Company Info"}]},{"@type":"WebSite","@id":"https:\/\/www.comau.com\/de\/#website","url":"https:\/\/www.comau.com\/de\/","name":"Comau","description":"Industrial automation and robotics","publisher":{"@id":"https:\/\/www.comau.com\/de\/#organization"},"potentialAction":[{"@type":"SearchAction","target":{"@type":"EntryPoint","urlTemplate":"https:\/\/www.comau.com\/de\/?s={search_term_string}"},"query-input":{"@type":"PropertyValueSpecification","valueRequired":true,"valueName":"search_term_string"}}],"inLanguage":"de"},{"@type":"Organization","@id":"https:\/\/www.comau.com\/de\/#organization","name":"Comau","url":"https:\/\/www.comau.com\/de\/","logo":{"@type":"ImageObject","inLanguage":"de","@id":"https:\/\/www.comau.com\/de\/#\/schema\/logo\/image\/","url":"https:\/\/www.comau.com\/wp-content\/uploads\/2024\/07\/cropped-Logo-COMAU.png","contentUrl":"https:\/\/www.comau.com\/wp-content\/uploads\/2024\/07\/cropped-Logo-COMAU.png","width":434,"height":434,"caption":"Comau"},"image":{"@id":"https:\/\/www.comau.com\/de\/#\/schema\/logo\/image\/"},"sameAs":["https:\/\/www.facebook.com\/COMAU\/","https:\/\/x.com\/comaugroup","https:\/\/www.instagram.com\/comaugroup\/","https:\/\/www.linkedin.com\/company\/comau","https:\/\/www.youtube.com\/user\/comau"]}]}},"_links":{"self":[{"href":"https:\/\/www.comau.com\/de\/wp-json\/wp\/v2\/pages\/6497","targetHints":{"allow":["GET"]}}],"collection":[{"href":"https:\/\/www.comau.com\/de\/wp-json\/wp\/v2\/pages"}],"about":[{"href":"https:\/\/www.comau.com\/de\/wp-json\/wp\/v2\/types\/page"}],"author":[{"embeddable":true,"href":"https:\/\/www.comau.com\/de\/wp-json\/wp\/v2\/users\/11"}],"replies":[{"embeddable":true,"href":"https:\/\/www.comau.com\/de\/wp-json\/wp\/v2\/comments?post=6497"}],"version-history":[{"count":2,"href":"https:\/\/www.comau.com\/de\/wp-json\/wp\/v2\/pages\/6497\/revisions"}],"predecessor-version":[{"id":71803,"href":"https:\/\/www.comau.com\/de\/wp-json\/wp\/v2\/pages\/6497\/revisions\/71803"}],"wp:attachment":[{"href":"https:\/\/www.comau.com\/de\/wp-json\/wp\/v2\/media?parent=6497"}],"curies":[{"name":"wp","href":"https:\/\/api.w.org\/{rel}","templated":true}]}}