{"id":6462,"date":"2021-07-01T01:09:11","date_gmt":"2021-06-30T23:09:11","guid":{"rendered":"https:\/\/www.comau.com\/?page_id=6462"},"modified":"2022-02-03T17:54:24","modified_gmt":"2022-02-03T16:54:24","slug":"project-management","status":"publish","type":"page","link":"https:\/\/www.comau.com\/de\/competencies\/systems\/consultancy-education\/project-management\/","title":{"rendered":"Projektmanagement"},"content":{"rendered":"\n<h2 class=\"wp-block-heading\" id=\"wertschopfung-fur-unsere-kunden\">Wertsch\u00f6pfung f\u00fcr unsere Kunden<\/h2>\n\n\n\n<p>Unser Gesch\u00e4ft ist projektorientiert, und unsere L\u00f6sungen sind komplex. Erstens m\u00fcssen wir komplexe automatisierte Systeme liefern. Zweitens arbeiten wir in einem globalen Markt. Daher m\u00fcssen wir globale Beitr\u00e4ge und globale Bed\u00fcrfnisse (intern in unserer Organisation und extern in den Organisationen unserer Kunden) integrieren.<\/p>\n\n\n\n<p>Projektmanagement ist nicht nur ein internes Erfordernis. Es bedeutet auch einen Mehrwert f\u00fcr unsere Kunden. Unserer Projekte sind auf Erfolg ausgerichtet. Dies wiederum wirkt sich in Erfolg f\u00fcr unsere Kunden aus, die bei der Umsetzung ihrer gesch\u00e4ftlichen Strategien auf uns vertrauen.<\/p>\n\n\n\n<p>F\u00fcr uns bedeutet Projektmanagement mehr als nur den Erfolg des aktuellen Projekts. Es ist vielmehr ein wesentlicher Faktor, um Ihr zuk\u00fcnftiges Wachstum gestalten zu k\u00f6nnen.<\/p>\n\n\n\n<p>Projektmanagement nimmt innerhalb unserer Organisationsstrategie eine zentrale Rolle ein.<\/p>\n\n\n\n<p>Und genau aus diesem Grund hat Comau integrierte Modelle und Instrumente entwickelt, die es uns erm\u00f6glichen, besser, intelligenter und effektiver zu arbeiten.<\/p>\n\n\n\n<div class=\"wp-block-columns columns-bg-dark three-per-row is-layout-flex wp-container-core-columns-is-layout-9d6595d7 wp-block-columns-is-layout-flex\">\n<div class=\"wp-block-column is-layout-flow wp-block-column-is-layout-flow\">\n<h3 class=\"wp-block-heading\" id=\"project-management-office\">Project Management Office<\/h3>\n\n\n\n<p><strong>Unser Engagement f\u00fcr den Projekterfolg beruht auf Comaus zentralen Werten<\/strong><\/p>\n\n\n\n<p>Der einzige Weg der Projektverwaltung besteht darin, es zu erm\u00f6glichen, dass Beitr\u00e4ge aus unterschiedlichen Unternehmensbereichen zusammengef\u00fchrt und konstruktiv nutzbar gemacht werden. Dies ist das erkl\u00e4rte Ziel unseres Project Management Office (PMO), das Prozesse, Instrumente und Methodiken entwickelt, die den Grad der Kooperation im gesamten Unternehmen erh\u00f6hen.<\/p>\n<\/div>\n\n\n\n<div class=\"wp-block-column is-layout-flow wp-block-column-is-layout-flow\">\n<h3 class=\"wp-block-heading\" id=\"risikomanagement\">Risikomanagement<\/h3>\n\n\n\n<p><strong>Jeder muss sich seiner Verantwortung bewusst sein<\/strong><\/p>\n\n\n\n<p>Comau ist sich vollkommen bewusst, dass die t\u00e4glichen Herausforderungen seiner Gesch\u00e4ftsf\u00fchrung unweigerlich mit gewissen Risiken verbunden sind.\nSchlecht gehandhabte oder \u2013 umso schlechter \u2013 nicht erkannte Bedrohungen k\u00f6nnen Werte vernichten.\nEin effektives Risikomanagement verschafft Comau nicht nur Chancen und Wettbewerbsvorteile, sondern tr\u00e4gt auch erheblich dazu bei, das Vertrauen unserer Kunden und Gesch\u00e4ftspartner zu gewinnen.<\/p>\n\n\n\n<div class=\"wp-block-buttons is-layout-flex wp-block-buttons-is-layout-flex\">\n<div class=\"wp-block-button\"><a class=\"wp-block-button__link\" href=\"https:\/\/www.comau.com\/de\/competencies\/systems\/consultancy-education\/project-management\/risk-management\/\">Weiterlesen<\/a><\/div>\n<\/div>\n<\/div>\n\n\n\n<div class=\"wp-block-column is-layout-flow wp-block-column-is-layout-flow\">\n<h3 class=\"wp-block-heading\" id=\"project-management-academy\">Project Management Academy<\/h3>\n\n\n\n<p><strong>Leistungssteigerung durch Mitarbeiterfortbildung<\/strong><\/p>\n\n\n\n<p>Die Project Management Academy ist der Ort, an dem Theorie und Praxis aufeinandertreffen, um Menschen in ihrer Weiterentwicklung zu unterst\u00fctzen. F\u00fcr uns sind die Menschen der ausschlaggebende Faktor f\u00fcr den Erfolg eines Projekts.<\/p>\n\n\n\n<div class=\"wp-block-buttons is-layout-flex wp-block-buttons-is-layout-flex\">\n<div class=\"wp-block-button\"><a class=\"wp-block-button__link\" href=\"https:\/\/www.comau.com\/de\/competencies\/services\/project-management-academy\/\">Weiterlesen<\/a><\/div>\n<\/div>\n<\/div>\n<\/div>\n\n\n\n<h2 class=\"wp-block-heading\" id=\"wir-bieten-systemlosungen\">Wir bieten Systeml\u00f6sungen<\/h2>\n\n\n\n<p>In enger Zusammenarbeit mit unseren Kunden und den professionellsten Anbietern auf dem Markt entwickeln wir ma\u00dfgeschneiderte L\u00f6sungen. Der Erfolg unserer Projektumsetzung wird durch eine kontinuierliche Feedback-Schleife basierend auf Projektmanagement-Austauschsystemen, bew\u00e4hrten Unternehmensabl\u00e4ufen und speziellen Projektmanagementteams gew\u00e4hrleistet. Durch gemeinsames und abgestimmtes Arbeiten werden gesetzte Ziele nach und nach realisiert und erhalten.<\/p>\n\n\n\n<p>Zudem ist die Partnerschaft, die wir w\u00e4hrend eines Projekts mit unseren Kunden aufgebaut haben, mit dessen Abschluss nicht beendet, sondern bleibt (in Form von Kundendienstleistungen, Umr\u00fcstungsprojekten, Prozessoptimierung) auch weiterhin bestehen.<\/p>\n\n\n\n<h2 class=\"wp-block-heading\" id=\"wir-fordern-projekt-und-programmmanagement-kompetenz\">Wir f\u00f6rdern Projekt- und Programmmanagement-Kompetenz<\/h2>\n\n\n\n<p>Wir sind \u00fcberzeugt, dass ein f\u00fchrungsorientiertes Projektmanagement den Unterschied zwischen Erfolg und Scheitern ausmachen kann. Daher haben wir eine Project Management Academy (Comau PM Academy) ins Leben gerufen, um Manager auf allen Ebenen bei der Verfeinerung ihrer F\u00fchrungskompetenz und -kultur zu unterst\u00fctzen.<\/p>\n\n\n\n<p>Die PM Academy, die sich zu einem echten Kompetenzzentrum innerhalb der Stellantis N.V. entwickelt hat, ist ein zertifizierter REP\u00ae (Registered Education Provider). Sie hat die offizielle Anerkennung des Project Management Institute (PMI)\u00ae, der gr\u00f6\u00dften internationalen professionellen Projektmanagementvereinigung, und bietet Weiterbildungskurse an verschiedenen Standorten weltweit an.<\/p>\n\n\n\n<p>PMI is a registered mark of the Project Management Institute, Inc.<\/p>\n\n\n\n<h2 class=\"wp-block-heading\" id=\"wir-investieren-auf-globaler-ebene-in-die-project-management-professional-pmp-zertifizierung\">Wir investieren auf globaler Ebene in die Project Management Professional (PMP)\u00ae-Zertifizierung<\/h2>\n\n\n\n<div class=\"wp-block-image\"><figure class=\"aligncenter size-large\"><img decoding=\"async\" width=\"590\" height=\"405\" src=\"https:\/\/www.comau.com\/wp-content\/uploads\/2021\/06\/grafico-PMP-certification_2.jpg\" alt=\"\" class=\"wp-image-6476\" srcset=\"https:\/\/www.comau.com\/wp-content\/uploads\/2021\/06\/grafico-PMP-certification_2.jpg 590w, https:\/\/www.comau.com\/wp-content\/uploads\/2021\/06\/grafico-PMP-certification_2-300x206.jpg 300w\" sizes=\"(max-width: 590px) 100vw, 590px\" \/><figcaption>The chart bars represent the Comau Managers who have PMP\u00ae Certification.<br>PMP is a registered marks of the Project Management Institute, Inc.<\/figcaption><\/figure><\/div>\n\n\n\n<div class=\"wp-block-buttons is-layout-flex wp-block-buttons-is-layout-flex\">\n<div class=\"wp-block-button\"><a class=\"wp-block-button__link\" href=\"https:\/\/www.pmi.org\/\" target=\"_blank\" rel=\"noreferrer noopener\">Erkunden Sie das PMI Portal<\/a><\/div>\n<\/div>\n\n\n\n<h2 class=\"wp-block-heading\" id=\"multikulturelles-projektmanagement-die-neue-herausforderung\">Multikulturelles Projektmanagement \u2013 Die neue Herausforderung<\/h2>\n\n\n\n<p>Bei Comau haben wir es \u00fcberwiegend mit multinationalen Projekten zu tun. Ein entscheidender Faktor ist, die kulturell unterschiedlichen Erfordernisse, die dabei aufeinander treffen, zu integrieren. Daher erwarten wir von unseren Projektmanagern, dass sie als multikulturelle Vertreter den Aufbau interkultureller Teams proaktiv unterst\u00fctzen und interkulturelle Projekte leiten. Zu diesem Zweck haben wir ein spezielles PM Multicultural Program entwickelt, das die Zusammenarbeit zwischen Teams erleichtern soll, die sich aus Mitarbeitern unterschiedlicher Nationalit\u00e4ten zusammensetzen.<\/p>\n\n\n\n<p>Die daf\u00fcr entwickelten praktischen Instrumente wurden in einer Toolbox zusammengestellt, die unsere Projektmanager bei ihren Projekten benutzen.<\/p>\n\n\n\n<h2 class=\"wp-block-heading\" id=\"multikulturelle-toolbox\">Multikulturelle Toolbox<\/h2>\n\n\n\n<p>Unsere Toolbox umfasst drei Bereiche, die mit den Hauptphasen verkn\u00fcpft sind, mit denen es ein Team w\u00e4hrend eines Projekts zu tun hat:<\/p>\n\n\n\n<ul class=\"wp-block-list\"><li><strong>Building a Project Team<\/strong> \u2013 umfasst Instrumente zur Unterst\u00fctzung der einleitenden Aktivit\u00e4ten bei einem Projekt<\/li><li><strong>Managing a Project Team<\/strong> \u2013 umfasst Instrumente zur Unterst\u00fctzung von Planungs-, Durchf\u00fchrungs-, \u00dcberwachungs- und Kontrollaktivit\u00e4ten<\/li><li><strong>Learning from a Project Team<\/strong> \u2013 umfasst Instrumente zur Unterst\u00fctzung der abschlie\u00dfenden Aktivit\u00e4ten <\/li><\/ul>\n\n\n\n<p>Diese dreizehn, auf die drei Bereiche verteilten praktischen Instrumente bilden die Grundlage f\u00fcr das erfolgreiche Management eines multikulturellen Teams.<\/p>\n\n\n\n<h3 class=\"wp-block-heading\" id=\"aufbau-eines-projektteams\">Aufbau eines Projektteams<\/h3>\n\n\n\n<ul class=\"wp-block-list\"><li>Teamressourcen-Audit<\/li><li>Teamkultur-Portrait<\/li><li>Projektbaumlebenx<\/li><li>Gemeinsames Ziel<\/li><li>Team Ground-Regeln<\/li><li>Kommunikationsprofil<\/li><\/ul>\n\n\n\n<h3 class=\"wp-block-heading\" id=\"leitung-eines-projektteams\">Leitung eines Projektteams<\/h3>\n\n\n\n<ul class=\"wp-block-list\"><li>Angleichung der Arbeitspraktiken<\/li><li>Projektkommunikations-Audit<\/li><li>Kulturelle Vielfalt und schriftliche Kommunikation<\/li><li>Beeinflussende Styles Map<\/li><li>Konfliktstilmatrix<\/li><\/ul>\n\n\n\n<h3 class=\"wp-block-heading\" id=\"von-einem-projektteam-lernen\">Von einem Projektteam lernen<\/h3>\n\n\n\n<ul class=\"wp-block-list\"><li>\u00dcberpr\u00fcfen, reflektieren, \u00fcberarbeiten<\/li><li>Verbreitung Mindmap<\/li><\/ul>\n\n\n\n<div class=\"wp-block-columns align-items-center wide-section-light-1 is-layout-flex wp-container-core-columns-is-layout-9d6595d7 wp-block-columns-is-layout-flex\">\n<div class=\"wp-block-column is-layout-flow wp-block-column-is-layout-flow\">\n<h2 class=\"wp-block-heading\" id=\"umgang-mit-kulturubergreifenden-herausforderungen\">Umgang mit kultur\u00fcbergreifenden Herausforderungen<\/h2>\n\n\n\n<p>Umgang mit kultur\u00fcbergreifenden Herausforderungen<\/p>\n\n\n\n<div class=\"wp-block-buttons is-layout-flex wp-block-buttons-is-layout-flex\">\n<div class=\"wp-block-button\"><a class=\"wp-block-button__link\" href=\"https:\/\/www.comau.com\/de\/competencies\/systems\/consultancy-education\/publications\/\">Weiterlesen<\/a><\/div>\n<\/div>\n<\/div>\n\n\n\n<div class=\"wp-block-column is-layout-flow wp-block-column-is-layout-flow\">\n<figure class=\"wp-block-image size-large\"><img decoding=\"async\" width=\"709\" height=\"578\" src=\"https:\/\/www.comau.com\/wp-content\/uploads\/2021\/06\/comau_book.png\" alt=\"\" class=\"wp-image-6477\" srcset=\"https:\/\/www.comau.com\/wp-content\/uploads\/2021\/06\/comau_book.png 709w, https:\/\/www.comau.com\/wp-content\/uploads\/2021\/06\/comau_book-300x245.png 300w\" sizes=\"(max-width: 709px) 100vw, 709px\" \/><\/figure>\n<\/div>\n<\/div>\n","protected":false},"excerpt":{"rendered":"<p>Wertsch\u00f6pfung f\u00fcr unsere Kunden Unser Gesch\u00e4ft ist projektorientiert, und unsere L\u00f6sungen sind komplex. Erstens m\u00fcssen wir komplexe automatisierte Systeme liefern. Zweitens arbeiten wir in einem globalen Markt. Daher m\u00fcssen wir globale Beitr\u00e4ge und globale Bed\u00fcrfnisse (intern in unserer Organisation und extern in den Organisationen unserer Kunden) integrieren. Projektmanagement ist nicht nur ein internes Erfordernis. Es [&hellip;]<\/p>\n","protected":false},"author":11,"featured_media":6475,"parent":6242,"menu_order":9,"comment_status":"closed","ping_status":"closed","template":"","meta":{"_acf_changed":false,"ep_exclude_from_search":false,"footnotes":""},"class_list":["post-6462","page","type-page","status-publish","has-post-thumbnail","hentry"],"acf":[],"yoast_head":"<!-- This site is optimized with the Yoast SEO plugin v26.9 - https:\/\/yoast.com\/product\/yoast-seo-wordpress\/ -->\n<title>Unsere Leistungen: Project Management | Comau<\/title>\n<meta name=\"description\" content=\"Comau f\u00f6rdert Projekt- und Programmmanagement-Kompetenzen mit der Project Management Academy f\u00fcr unsere Kunden.\" \/>\n<meta name=\"robots\" content=\"index, follow, max-snippet:-1, max-image-preview:large, max-video-preview:-1\" \/>\n<link rel=\"canonical\" href=\"https:\/\/www.comau.com\/de\/competencies\/systems\/consultancy-education\/project-management\/\" \/>\n<meta property=\"og:locale\" content=\"de_DE\" \/>\n<meta property=\"og:type\" content=\"article\" \/>\n<meta property=\"og:title\" content=\"Unsere Leistungen: Project Management | Comau\" \/>\n<meta property=\"og:description\" content=\"Comau f\u00f6rdert Projekt- und Programmmanagement-Kompetenzen mit der Project Management Academy f\u00fcr unsere Kunden.\" \/>\n<meta property=\"og:url\" content=\"https:\/\/www.comau.com\/de\/competencies\/systems\/consultancy-education\/project-management\/\" \/>\n<meta property=\"og:site_name\" content=\"Comau\" \/>\n<meta property=\"article:publisher\" content=\"https:\/\/www.facebook.com\/COMAU\/\" \/>\n<meta property=\"article:modified_time\" content=\"2022-02-03T16:54:24+00:00\" \/>\n<meta property=\"og:image\" content=\"https:\/\/www.comau.com\/wp-content\/uploads\/2021\/06\/project-management_header.jpg\" \/>\n\t<meta property=\"og:image:width\" content=\"1280\" \/>\n\t<meta property=\"og:image:height\" content=\"485\" \/>\n\t<meta property=\"og:image:type\" content=\"image\/jpeg\" \/>\n<meta name=\"twitter:card\" content=\"summary_large_image\" \/>\n<meta name=\"twitter:site\" content=\"@comaugroup\" \/>\n<meta name=\"twitter:label1\" content=\"Gesch\u00e4tzte Lesezeit\" \/>\n\t<meta name=\"twitter:data1\" content=\"4\u00a0Minuten\" \/>\n<script type=\"application\/ld+json\" class=\"yoast-schema-graph\">{\"@context\":\"https:\/\/schema.org\",\"@graph\":[{\"@type\":\"WebPage\",\"@id\":\"https:\/\/www.comau.com\/de\/competencies\/systems\/consultancy-education\/project-management\/\",\"url\":\"https:\/\/www.comau.com\/de\/competencies\/systems\/consultancy-education\/project-management\/\",\"name\":\"Unsere Leistungen: Project Management | Comau\",\"isPartOf\":{\"@id\":\"https:\/\/www.comau.com\/de\/#website\"},\"primaryImageOfPage\":{\"@id\":\"https:\/\/www.comau.com\/de\/competencies\/systems\/consultancy-education\/project-management\/#primaryimage\"},\"image\":{\"@id\":\"https:\/\/www.comau.com\/de\/competencies\/systems\/consultancy-education\/project-management\/#primaryimage\"},\"thumbnailUrl\":\"https:\/\/www.comau.com\/wp-content\/uploads\/2021\/06\/project-management_header.jpg\",\"datePublished\":\"2021-06-30T23:09:11+00:00\",\"dateModified\":\"2022-02-03T16:54:24+00:00\",\"description\":\"Comau f\u00f6rdert Projekt- und Programmmanagement-Kompetenzen mit der Project Management Academy f\u00fcr unsere Kunden.\",\"breadcrumb\":{\"@id\":\"https:\/\/www.comau.com\/de\/competencies\/systems\/consultancy-education\/project-management\/#breadcrumb\"},\"inLanguage\":\"de\",\"potentialAction\":[{\"@type\":\"ReadAction\",\"target\":[\"https:\/\/www.comau.com\/de\/competencies\/systems\/consultancy-education\/project-management\/\"]}]},{\"@type\":\"ImageObject\",\"inLanguage\":\"de\",\"@id\":\"https:\/\/www.comau.com\/de\/competencies\/systems\/consultancy-education\/project-management\/#primaryimage\",\"url\":\"https:\/\/www.comau.com\/wp-content\/uploads\/2021\/06\/project-management_header.jpg\",\"contentUrl\":\"https:\/\/www.comau.com\/wp-content\/uploads\/2021\/06\/project-management_header.jpg\",\"width\":1280,\"height\":485},{\"@type\":\"BreadcrumbList\",\"@id\":\"https:\/\/www.comau.com\/de\/competencies\/systems\/consultancy-education\/project-management\/#breadcrumb\",\"itemListElement\":[{\"@type\":\"ListItem\",\"position\":1,\"name\":\"Home\",\"item\":\"https:\/\/www.comau.com\/de\/\"},{\"@type\":\"ListItem\",\"position\":2,\"name\":\"Unsere Kompetenzen\",\"item\":\"https:\/\/www.comau.com\/de\/competencies\/\"},{\"@type\":\"ListItem\",\"position\":3,\"name\":\"Consultancy &amp; Education\",\"item\":\"https:\/\/www.comau.com\/de\/competencies\/consultancy-education\/\"},{\"@type\":\"ListItem\",\"position\":4,\"name\":\"Projektmanagement\"}]},{\"@type\":\"WebSite\",\"@id\":\"https:\/\/www.comau.com\/de\/#website\",\"url\":\"https:\/\/www.comau.com\/de\/\",\"name\":\"Comau\",\"description\":\"Industrial automation and robotics\",\"publisher\":{\"@id\":\"https:\/\/www.comau.com\/de\/#organization\"},\"potentialAction\":[{\"@type\":\"SearchAction\",\"target\":{\"@type\":\"EntryPoint\",\"urlTemplate\":\"https:\/\/www.comau.com\/de\/?s={search_term_string}\"},\"query-input\":{\"@type\":\"PropertyValueSpecification\",\"valueRequired\":true,\"valueName\":\"search_term_string\"}}],\"inLanguage\":\"de\"},{\"@type\":\"Organization\",\"@id\":\"https:\/\/www.comau.com\/de\/#organization\",\"name\":\"Comau\",\"url\":\"https:\/\/www.comau.com\/de\/\",\"logo\":{\"@type\":\"ImageObject\",\"inLanguage\":\"de\",\"@id\":\"https:\/\/www.comau.com\/de\/#\/schema\/logo\/image\/\",\"url\":\"https:\/\/www.comau.com\/wp-content\/uploads\/2024\/07\/cropped-Logo-COMAU.png\",\"contentUrl\":\"https:\/\/www.comau.com\/wp-content\/uploads\/2024\/07\/cropped-Logo-COMAU.png\",\"width\":434,\"height\":434,\"caption\":\"Comau\"},\"image\":{\"@id\":\"https:\/\/www.comau.com\/de\/#\/schema\/logo\/image\/\"},\"sameAs\":[\"https:\/\/www.facebook.com\/COMAU\/\",\"https:\/\/x.com\/comaugroup\",\"https:\/\/www.instagram.com\/comaugroup\/\",\"https:\/\/www.linkedin.com\/company\/comau\",\"https:\/\/www.youtube.com\/user\/comau\"]}]}<\/script>\n<!-- \/ Yoast SEO plugin. -->","yoast_head_json":{"title":"Unsere Leistungen: Project Management | Comau","description":"Comau f\u00f6rdert Projekt- und Programmmanagement-Kompetenzen mit der Project Management Academy f\u00fcr unsere Kunden.","robots":{"index":"index","follow":"follow","max-snippet":"max-snippet:-1","max-image-preview":"max-image-preview:large","max-video-preview":"max-video-preview:-1"},"canonical":"https:\/\/www.comau.com\/de\/competencies\/systems\/consultancy-education\/project-management\/","og_locale":"de_DE","og_type":"article","og_title":"Unsere Leistungen: Project Management | Comau","og_description":"Comau f\u00f6rdert Projekt- und Programmmanagement-Kompetenzen mit der Project Management Academy f\u00fcr unsere Kunden.","og_url":"https:\/\/www.comau.com\/de\/competencies\/systems\/consultancy-education\/project-management\/","og_site_name":"Comau","article_publisher":"https:\/\/www.facebook.com\/COMAU\/","article_modified_time":"2022-02-03T16:54:24+00:00","og_image":[{"width":1280,"height":485,"url":"https:\/\/www.comau.com\/wp-content\/uploads\/2021\/06\/project-management_header.jpg","type":"image\/jpeg"}],"twitter_card":"summary_large_image","twitter_site":"@comaugroup","twitter_misc":{"Gesch\u00e4tzte Lesezeit":"4\u00a0Minuten"},"schema":{"@context":"https:\/\/schema.org","@graph":[{"@type":"WebPage","@id":"https:\/\/www.comau.com\/de\/competencies\/systems\/consultancy-education\/project-management\/","url":"https:\/\/www.comau.com\/de\/competencies\/systems\/consultancy-education\/project-management\/","name":"Unsere Leistungen: Project Management | Comau","isPartOf":{"@id":"https:\/\/www.comau.com\/de\/#website"},"primaryImageOfPage":{"@id":"https:\/\/www.comau.com\/de\/competencies\/systems\/consultancy-education\/project-management\/#primaryimage"},"image":{"@id":"https:\/\/www.comau.com\/de\/competencies\/systems\/consultancy-education\/project-management\/#primaryimage"},"thumbnailUrl":"https:\/\/www.comau.com\/wp-content\/uploads\/2021\/06\/project-management_header.jpg","datePublished":"2021-06-30T23:09:11+00:00","dateModified":"2022-02-03T16:54:24+00:00","description":"Comau f\u00f6rdert Projekt- und Programmmanagement-Kompetenzen mit der Project Management Academy f\u00fcr unsere Kunden.","breadcrumb":{"@id":"https:\/\/www.comau.com\/de\/competencies\/systems\/consultancy-education\/project-management\/#breadcrumb"},"inLanguage":"de","potentialAction":[{"@type":"ReadAction","target":["https:\/\/www.comau.com\/de\/competencies\/systems\/consultancy-education\/project-management\/"]}]},{"@type":"ImageObject","inLanguage":"de","@id":"https:\/\/www.comau.com\/de\/competencies\/systems\/consultancy-education\/project-management\/#primaryimage","url":"https:\/\/www.comau.com\/wp-content\/uploads\/2021\/06\/project-management_header.jpg","contentUrl":"https:\/\/www.comau.com\/wp-content\/uploads\/2021\/06\/project-management_header.jpg","width":1280,"height":485},{"@type":"BreadcrumbList","@id":"https:\/\/www.comau.com\/de\/competencies\/systems\/consultancy-education\/project-management\/#breadcrumb","itemListElement":[{"@type":"ListItem","position":1,"name":"Home","item":"https:\/\/www.comau.com\/de\/"},{"@type":"ListItem","position":2,"name":"Unsere Kompetenzen","item":"https:\/\/www.comau.com\/de\/competencies\/"},{"@type":"ListItem","position":3,"name":"Consultancy &amp; Education","item":"https:\/\/www.comau.com\/de\/competencies\/consultancy-education\/"},{"@type":"ListItem","position":4,"name":"Projektmanagement"}]},{"@type":"WebSite","@id":"https:\/\/www.comau.com\/de\/#website","url":"https:\/\/www.comau.com\/de\/","name":"Comau","description":"Industrial automation and robotics","publisher":{"@id":"https:\/\/www.comau.com\/de\/#organization"},"potentialAction":[{"@type":"SearchAction","target":{"@type":"EntryPoint","urlTemplate":"https:\/\/www.comau.com\/de\/?s={search_term_string}"},"query-input":{"@type":"PropertyValueSpecification","valueRequired":true,"valueName":"search_term_string"}}],"inLanguage":"de"},{"@type":"Organization","@id":"https:\/\/www.comau.com\/de\/#organization","name":"Comau","url":"https:\/\/www.comau.com\/de\/","logo":{"@type":"ImageObject","inLanguage":"de","@id":"https:\/\/www.comau.com\/de\/#\/schema\/logo\/image\/","url":"https:\/\/www.comau.com\/wp-content\/uploads\/2024\/07\/cropped-Logo-COMAU.png","contentUrl":"https:\/\/www.comau.com\/wp-content\/uploads\/2024\/07\/cropped-Logo-COMAU.png","width":434,"height":434,"caption":"Comau"},"image":{"@id":"https:\/\/www.comau.com\/de\/#\/schema\/logo\/image\/"},"sameAs":["https:\/\/www.facebook.com\/COMAU\/","https:\/\/x.com\/comaugroup","https:\/\/www.instagram.com\/comaugroup\/","https:\/\/www.linkedin.com\/company\/comau","https:\/\/www.youtube.com\/user\/comau"]}]}},"_links":{"self":[{"href":"https:\/\/www.comau.com\/de\/wp-json\/wp\/v2\/pages\/6462","targetHints":{"allow":["GET"]}}],"collection":[{"href":"https:\/\/www.comau.com\/de\/wp-json\/wp\/v2\/pages"}],"about":[{"href":"https:\/\/www.comau.com\/de\/wp-json\/wp\/v2\/types\/page"}],"author":[{"embeddable":true,"href":"https:\/\/www.comau.com\/de\/wp-json\/wp\/v2\/users\/11"}],"replies":[{"embeddable":true,"href":"https:\/\/www.comau.com\/de\/wp-json\/wp\/v2\/comments?post=6462"}],"version-history":[{"count":70,"href":"https:\/\/www.comau.com\/de\/wp-json\/wp\/v2\/pages\/6462\/revisions"}],"predecessor-version":[{"id":41761,"href":"https:\/\/www.comau.com\/de\/wp-json\/wp\/v2\/pages\/6462\/revisions\/41761"}],"up":[{"embeddable":true,"href":"https:\/\/www.comau.com\/de\/wp-json\/wp\/v2\/pages\/6242"}],"wp:featuredmedia":[{"embeddable":true,"href":"https:\/\/www.comau.com\/de\/wp-json\/wp\/v2\/media\/6475"}],"wp:attachment":[{"href":"https:\/\/www.comau.com\/de\/wp-json\/wp\/v2\/media?parent=6462"}],"curies":[{"name":"wp","href":"https:\/\/api.w.org\/{rel}","templated":true}]}}