{"id":6400,"date":"2021-07-01T01:06:36","date_gmt":"2021-06-30T23:06:36","guid":{"rendered":"https:\/\/www.comau.com\/?page_id=6400"},"modified":"2022-10-25T17:20:47","modified_gmt":"2022-10-25T15:20:47","slug":"web-academy","status":"publish","type":"page","link":"https:\/\/www.comau.com\/de\/competencies\/systems\/consultancy-education\/web-academy\/","title":{"rendered":"Web Academy"},"content":{"rendered":"\n<h2 class=\"wp-block-heading\" id=\"schulung-wann-und-wo-sie-wollen\">Schulung \u2013 wann und wo Sie wollen<\/h2>\n\n\n\n<p>\u200bDie Comau Web Academy bietet individuelle Schulungsl\u00f6sungen f\u00fcr Unternehmen, Schulen und einzelne Fachkr\u00e4fte an. In Form einer interaktiven und benutzerfreundlichen LMS-Lernplattform kombiniert die Web Academy-Schulung theoretische Inhalte mit Multimedia-Tools und praktischen Lernaktivit\u00e4ten im Rahmen einer innovativen, praxisorientierten Lernerfahrung.<\/p>\n\n\n\n<p>Alle Kurse sind von einem PC oder Tablet aus zug\u00e4nglich und k\u00f6nnen mit oder ohne Zugriff auf einen physikalischen Roboter absolviert werden. Au\u00dferdem l\u00e4sst sich die Web Academy-Schulung an Ihre spezifische Anforderungen anpassen \u2013 von einer reinen Online-Schulung bis zu einem pers\u00f6nlichen Feedback und\/oder gef\u00fchrten Unterrichtseinheiten. <\/p>\n\n\n\n<h2 class=\"wp-block-heading\" id=\"probeversion\">Probeversion<\/h2>\n\n\n\n<figure class=\"wp-block-image size-large\"><a href=\"https:\/\/trial.comauwebacademy.com\/uep\/en\/story_html5.html\" target=\"_blank\" rel=\"noopener\"><img decoding=\"async\" width=\"1024\" height=\"388\" src=\"https:\/\/www.comau.com\/wp-content\/uploads\/2021\/06\/01-1-1024x388.png\" alt=\"\" class=\"wp-image-1249\" srcset=\"https:\/\/www.comau.com\/wp-content\/uploads\/2021\/06\/01-1-1024x388.png 1024w, https:\/\/www.comau.com\/wp-content\/uploads\/2021\/06\/01-1-300x114.png 300w, https:\/\/www.comau.com\/wp-content\/uploads\/2021\/06\/01-1-768x291.png 768w, https:\/\/www.comau.com\/wp-content\/uploads\/2021\/06\/01-1.png 1280w\" sizes=\"(max-width: 1024px) 100vw, 1024px\" \/><\/a><\/figure>\n\n\n\n<h2 class=\"wp-block-heading\" id=\"web-academy-numbers\">Zahlen der Web Academy<\/h2>\n\n\n\n<div class=\"wp-block-columns is-layout-flex wp-container-core-columns-is-layout-9d6595d7 wp-block-columns-is-layout-flex\">\n<div class=\"wp-block-column is-layout-flow wp-block-column-is-layout-flow\">\n<div class=\"wp-block-getwid-image-box has-text-center has-mobile-layout-default has-mobile-alignment-default\"><div class=\"wp-block-getwid-image-box__image-container is-position-top\"><div class=\"wp-block-getwid-image-box__image-wrapper\"><img decoding=\"async\" width=\"184\" height=\"130\" src=\"https:\/\/www.comau.com\/wp-content\/uploads\/2021\/06\/international-training-partners.jpg\" alt=\"\" class=\"wp-block-getwid-image-box__image wp-image-1256\" \/><\/div><\/div><div class=\"wp-block-getwid-image-box__content\">\n<h3 class=\"wp-block-heading\"><\/h3>\n\n\n\n<p><strong>10,000<\/strong> registrierte Benutzer<\/p>\n<\/div><\/div>\n<\/div>\n\n\n\n<div class=\"wp-block-column is-layout-flow wp-block-column-is-layout-flow\">\n<div class=\"wp-block-getwid-image-box has-text-center has-mobile-layout-default has-mobile-alignment-default\"><div class=\"wp-block-getwid-image-box__image-container is-position-top\"><div class=\"wp-block-getwid-image-box__image-wrapper\"><img decoding=\"async\" width=\"184\" height=\"130\" src=\"https:\/\/www.comau.com\/wp-content\/uploads\/2021\/06\/plants.jpg\" alt=\"\" class=\"wp-block-getwid-image-box__image wp-image-1257\" \/><\/div><\/div><div class=\"wp-block-getwid-image-box__content\">\n<h3 class=\"wp-block-heading\"><\/h3>\n\n\n\n<p><strong>+150<\/strong> Unternehmen<\/p>\n<\/div><\/div>\n<\/div>\n\n\n\n<div class=\"wp-block-column is-layout-flow wp-block-column-is-layout-flow\">\n<div class=\"wp-block-getwid-image-box has-text-center has-mobile-layout-default has-mobile-alignment-default\"><div class=\"wp-block-getwid-image-box__image-container is-position-top\"><div class=\"wp-block-getwid-image-box__image-wrapper\"><img decoding=\"async\" width=\"184\" height=\"130\" src=\"https:\/\/www.comau.com\/wp-content\/uploads\/2021\/06\/plants.jpg\" alt=\"\" class=\"wp-block-getwid-image-box__image wp-image-1257\" \/><\/div><\/div><div class=\"wp-block-getwid-image-box__content\">\n<h3 class=\"wp-block-heading\"><\/h3>\n\n\n\n<p><strong>200+<\/strong> Schulen<\/p>\n<\/div><\/div>\n<\/div>\n<\/div>\n\n\n\n<h2 class=\"wp-block-heading\" id=\"massgeschneiderte-losungen-fur-ihre-erfordernisse\">Ma\u00dfgeschneiderte L\u00f6sungen f\u00fcr Ihre Erfordernisse<\/h2>\n\n\n\n<p>Bei der Comau Web Academy k\u00f6nnen Sie die Schulungsl\u00f6sung w\u00e4hlen, die f\u00fcr Ihre Erfordernisse am besten geeignet ist. Jeder Kurs besteht aus vier Modulen, wobei es die LMS-Plattform jedem Benutzer gestattet, sein Lerntempo selbst zu bestimmen. So k\u00f6nnen Sie Ihre Schulung so oft Sie wollen unterbrechen und neu beginnen.  <\/p>\n\n\n\n<p>Unsere reinen Online-Kurse bieten Ihnen die Freiheit, zu lernen wann und wo Sie wollen. Die Bewertung erfolgt \u00fcber Online-Quizfragen und -\u00dcbungen, wobei die Teilnehmer eine Abschlussurkunde erhalten, wenn Sie die abschlie\u00dfende Bewertungspr\u00fcfung bestanden haben. F\u00fcr eine noch pers\u00f6nlichere Unterst\u00fctzung bietet die Web Academy einen kombinierten Online-Kurs an, bei dem die Benutzer \u2013 online \u2013 von einem professionellen Schulungsleiter betreut und bewertet werden und R\u00fcckmeldung erhalten. Unternehmen und Einzelpersonen, die den direkten Kontakt zu einem der Comau-Schulungsleiter bevorzugen, k\u00f6nnen vor Ort in einer der Schulungseinrichtungen der Comau Academy an dem Kurs teilnehmen. <\/p>\n\n\n\n<h3 class=\"wp-block-heading\" id=\"losung-1-e-learning\">L\u00f6sung 1: e-Learning<\/h3>\n\n\n\n<ul class=\"wp-block-list\"><li>Theoretische Inhalte <\/li><li>Praktische Inhalte (\u00dcbungen und Simulationen)<\/li><li>Bewertung und Analyse<\/li><li>Abschlusstest + Abschlussurkunde<\/li><\/ul>\n\n\n\n<h3 class=\"wp-block-heading\" id=\"losung-2-e-learning-ausbilder-feedback\">L\u00f6sung 2: e-Learning + Ausbilder-Feedback<\/h3>\n\n\n\n<ul class=\"wp-block-list\"><li>Theoretische Inhalte <\/li><li>Praktische Inhalte (\u00dcbungen und Simulationen)<\/li><li>Detaillierte Analyse + Feedback<\/li><li>Abschlusstest + Feedback<\/li><li>Robotik-Zertifikat<\/li><\/ul>\n\n\n\n<h3 class=\"wp-block-heading\" id=\"losung-3-e-learning-vor-ort-schulung\">L\u00f6sung 3: e-Learning + Vor-Ort-Schulung<\/h3>\n\n\n\n<ul class=\"wp-block-list\"><li>Multimedia-Unterrichtsraum<\/li><li>Praktische Inhalte (\u00dcbungen und Simulationen)<\/li><li>Praktische Inhalte (\u00dcbungen und Simulationen)<\/li><li>Praktische Aktivit\u00e4ten und \u00dcbungen bei Comau<\/li><li>Abschlusstest + Feedback<\/li><li>Robotik-Zertifikat<\/li><\/ul>\n\n\n\n<h2 class=\"wp-block-heading\" id=\"legen-sie-los\">Legen Sie los<\/h2>\n\n\n\n<p>\u200bEs ist ganz einfach, eine Web Academy-Lizenz zu erwerben und mit Ihrer Schulung zu beginnen. Wenden Sie sich einfach an Comau, um Ihr Interesse zu bekunden und Ihr pers\u00f6nliches Passwort und entsprechende Anweisungen zu erhalten. Sie haben vollst\u00e4ndig Zugriff auf jeden Kurs, f\u00fcr den Sie angemeldet sind, und k\u00f6nnen Ihre Schulung nach Belieben unterbrechen und fortsetzen. <\/p>\n","protected":false},"excerpt":{"rendered":"<p>Schulung \u2013 wann und wo Sie wollen \u200bDie Comau Web Academy bietet individuelle Schulungsl\u00f6sungen f\u00fcr Unternehmen, Schulen und einzelne Fachkr\u00e4fte an. In Form einer interaktiven und benutzerfreundlichen LMS-Lernplattform kombiniert die Web Academy-Schulung theoretische Inhalte mit Multimedia-Tools und praktischen Lernaktivit\u00e4ten im Rahmen einer innovativen, praxisorientierten Lernerfahrung. Alle Kurse sind von einem PC oder Tablet aus zug\u00e4nglich [&hellip;]<\/p>\n","protected":false},"author":11,"featured_media":6415,"parent":6242,"menu_order":6,"comment_status":"closed","ping_status":"closed","template":"","meta":{"_acf_changed":false,"ep_exclude_from_search":false,"footnotes":""},"class_list":["post-6400","page","type-page","status-publish","has-post-thumbnail","hentry"],"acf":[],"yoast_head":"<!-- This site is optimized with the Yoast SEO plugin v26.9 - https:\/\/yoast.com\/product\/yoast-seo-wordpress\/ -->\n<title>Unsere Leistungen: die Web Academy | Comau<\/title>\n<meta name=\"description\" content=\"Schulung - wann und wo Sie wollen: \u200bDie Comau Web Academy bietet individuelle Schulungsl\u00f6sungen f\u00fcr Unternehmen, Schulen und einzelne Fachkr\u00e4fte.\" \/>\n<meta name=\"robots\" content=\"index, follow, max-snippet:-1, max-image-preview:large, max-video-preview:-1\" \/>\n<link rel=\"canonical\" href=\"https:\/\/www.comau.com\/de\/competencies\/systems\/consultancy-education\/web-academy\/\" \/>\n<meta property=\"og:locale\" content=\"de_DE\" \/>\n<meta property=\"og:type\" content=\"article\" \/>\n<meta property=\"og:title\" content=\"Unsere Leistungen: die Web Academy | Comau\" \/>\n<meta property=\"og:description\" content=\"Schulung - wann und wo Sie wollen: \u200bDie Comau Web Academy bietet individuelle Schulungsl\u00f6sungen f\u00fcr Unternehmen, Schulen und einzelne Fachkr\u00e4fte.\" \/>\n<meta property=\"og:url\" content=\"https:\/\/www.comau.com\/de\/competencies\/systems\/consultancy-education\/web-academy\/\" \/>\n<meta property=\"og:site_name\" content=\"Comau\" \/>\n<meta property=\"article:publisher\" content=\"https:\/\/www.facebook.com\/COMAU\/\" \/>\n<meta property=\"article:modified_time\" content=\"2022-10-25T15:20:47+00:00\" \/>\n<meta property=\"og:image\" content=\"https:\/\/www.comau.com\/wp-content\/uploads\/2021\/06\/WebAcademy_header.jpg\" \/>\n\t<meta property=\"og:image:width\" content=\"1280\" \/>\n\t<meta property=\"og:image:height\" content=\"485\" \/>\n\t<meta property=\"og:image:type\" content=\"image\/jpeg\" \/>\n<meta name=\"twitter:card\" content=\"summary_large_image\" \/>\n<meta name=\"twitter:site\" content=\"@comaugroup\" \/>\n<meta name=\"twitter:label1\" content=\"Gesch\u00e4tzte Lesezeit\" \/>\n\t<meta name=\"twitter:data1\" content=\"3\u00a0Minuten\" \/>\n<script type=\"application\/ld+json\" class=\"yoast-schema-graph\">{\"@context\":\"https:\/\/schema.org\",\"@graph\":[{\"@type\":\"WebPage\",\"@id\":\"https:\/\/www.comau.com\/de\/competencies\/systems\/consultancy-education\/web-academy\/\",\"url\":\"https:\/\/www.comau.com\/de\/competencies\/systems\/consultancy-education\/web-academy\/\",\"name\":\"Unsere Leistungen: die Web Academy | Comau\",\"isPartOf\":{\"@id\":\"https:\/\/www.comau.com\/de\/#website\"},\"primaryImageOfPage\":{\"@id\":\"https:\/\/www.comau.com\/de\/competencies\/systems\/consultancy-education\/web-academy\/#primaryimage\"},\"image\":{\"@id\":\"https:\/\/www.comau.com\/de\/competencies\/systems\/consultancy-education\/web-academy\/#primaryimage\"},\"thumbnailUrl\":\"https:\/\/www.comau.com\/wp-content\/uploads\/2021\/06\/WebAcademy_header.jpg\",\"datePublished\":\"2021-06-30T23:06:36+00:00\",\"dateModified\":\"2022-10-25T15:20:47+00:00\",\"description\":\"Schulung - wann und wo Sie wollen: \u200bDie Comau Web Academy bietet individuelle Schulungsl\u00f6sungen f\u00fcr Unternehmen, Schulen und einzelne Fachkr\u00e4fte.\",\"breadcrumb\":{\"@id\":\"https:\/\/www.comau.com\/de\/competencies\/systems\/consultancy-education\/web-academy\/#breadcrumb\"},\"inLanguage\":\"de\",\"potentialAction\":[{\"@type\":\"ReadAction\",\"target\":[\"https:\/\/www.comau.com\/de\/competencies\/systems\/consultancy-education\/web-academy\/\"]}]},{\"@type\":\"ImageObject\",\"inLanguage\":\"de\",\"@id\":\"https:\/\/www.comau.com\/de\/competencies\/systems\/consultancy-education\/web-academy\/#primaryimage\",\"url\":\"https:\/\/www.comau.com\/wp-content\/uploads\/2021\/06\/WebAcademy_header.jpg\",\"contentUrl\":\"https:\/\/www.comau.com\/wp-content\/uploads\/2021\/06\/WebAcademy_header.jpg\",\"width\":1280,\"height\":485},{\"@type\":\"BreadcrumbList\",\"@id\":\"https:\/\/www.comau.com\/de\/competencies\/systems\/consultancy-education\/web-academy\/#breadcrumb\",\"itemListElement\":[{\"@type\":\"ListItem\",\"position\":1,\"name\":\"Home\",\"item\":\"https:\/\/www.comau.com\/de\/\"},{\"@type\":\"ListItem\",\"position\":2,\"name\":\"Unsere Kompetenzen\",\"item\":\"https:\/\/www.comau.com\/de\/competencies\/\"},{\"@type\":\"ListItem\",\"position\":3,\"name\":\"Consultancy &amp; Education\",\"item\":\"https:\/\/www.comau.com\/de\/competencies\/consultancy-education\/\"},{\"@type\":\"ListItem\",\"position\":4,\"name\":\"Web Academy\"}]},{\"@type\":\"WebSite\",\"@id\":\"https:\/\/www.comau.com\/de\/#website\",\"url\":\"https:\/\/www.comau.com\/de\/\",\"name\":\"Comau\",\"description\":\"Industrial automation and robotics\",\"publisher\":{\"@id\":\"https:\/\/www.comau.com\/de\/#organization\"},\"potentialAction\":[{\"@type\":\"SearchAction\",\"target\":{\"@type\":\"EntryPoint\",\"urlTemplate\":\"https:\/\/www.comau.com\/de\/?s={search_term_string}\"},\"query-input\":{\"@type\":\"PropertyValueSpecification\",\"valueRequired\":true,\"valueName\":\"search_term_string\"}}],\"inLanguage\":\"de\"},{\"@type\":\"Organization\",\"@id\":\"https:\/\/www.comau.com\/de\/#organization\",\"name\":\"Comau\",\"url\":\"https:\/\/www.comau.com\/de\/\",\"logo\":{\"@type\":\"ImageObject\",\"inLanguage\":\"de\",\"@id\":\"https:\/\/www.comau.com\/de\/#\/schema\/logo\/image\/\",\"url\":\"https:\/\/www.comau.com\/wp-content\/uploads\/2024\/07\/cropped-Logo-COMAU.png\",\"contentUrl\":\"https:\/\/www.comau.com\/wp-content\/uploads\/2024\/07\/cropped-Logo-COMAU.png\",\"width\":434,\"height\":434,\"caption\":\"Comau\"},\"image\":{\"@id\":\"https:\/\/www.comau.com\/de\/#\/schema\/logo\/image\/\"},\"sameAs\":[\"https:\/\/www.facebook.com\/COMAU\/\",\"https:\/\/x.com\/comaugroup\",\"https:\/\/www.instagram.com\/comaugroup\/\",\"https:\/\/www.linkedin.com\/company\/comau\",\"https:\/\/www.youtube.com\/user\/comau\"]}]}<\/script>\n<!-- \/ Yoast SEO plugin. -->","yoast_head_json":{"title":"Unsere Leistungen: die Web Academy | Comau","description":"Schulung - wann und wo Sie wollen: \u200bDie Comau Web Academy bietet individuelle Schulungsl\u00f6sungen f\u00fcr Unternehmen, Schulen und einzelne Fachkr\u00e4fte.","robots":{"index":"index","follow":"follow","max-snippet":"max-snippet:-1","max-image-preview":"max-image-preview:large","max-video-preview":"max-video-preview:-1"},"canonical":"https:\/\/www.comau.com\/de\/competencies\/systems\/consultancy-education\/web-academy\/","og_locale":"de_DE","og_type":"article","og_title":"Unsere Leistungen: die Web Academy | Comau","og_description":"Schulung - wann und wo Sie wollen: \u200bDie Comau Web Academy bietet individuelle Schulungsl\u00f6sungen f\u00fcr Unternehmen, Schulen und einzelne Fachkr\u00e4fte.","og_url":"https:\/\/www.comau.com\/de\/competencies\/systems\/consultancy-education\/web-academy\/","og_site_name":"Comau","article_publisher":"https:\/\/www.facebook.com\/COMAU\/","article_modified_time":"2022-10-25T15:20:47+00:00","og_image":[{"width":1280,"height":485,"url":"https:\/\/www.comau.com\/wp-content\/uploads\/2021\/06\/WebAcademy_header.jpg","type":"image\/jpeg"}],"twitter_card":"summary_large_image","twitter_site":"@comaugroup","twitter_misc":{"Gesch\u00e4tzte Lesezeit":"3\u00a0Minuten"},"schema":{"@context":"https:\/\/schema.org","@graph":[{"@type":"WebPage","@id":"https:\/\/www.comau.com\/de\/competencies\/systems\/consultancy-education\/web-academy\/","url":"https:\/\/www.comau.com\/de\/competencies\/systems\/consultancy-education\/web-academy\/","name":"Unsere Leistungen: die Web Academy | Comau","isPartOf":{"@id":"https:\/\/www.comau.com\/de\/#website"},"primaryImageOfPage":{"@id":"https:\/\/www.comau.com\/de\/competencies\/systems\/consultancy-education\/web-academy\/#primaryimage"},"image":{"@id":"https:\/\/www.comau.com\/de\/competencies\/systems\/consultancy-education\/web-academy\/#primaryimage"},"thumbnailUrl":"https:\/\/www.comau.com\/wp-content\/uploads\/2021\/06\/WebAcademy_header.jpg","datePublished":"2021-06-30T23:06:36+00:00","dateModified":"2022-10-25T15:20:47+00:00","description":"Schulung - wann und wo Sie wollen: \u200bDie Comau Web Academy bietet individuelle Schulungsl\u00f6sungen f\u00fcr Unternehmen, Schulen und einzelne Fachkr\u00e4fte.","breadcrumb":{"@id":"https:\/\/www.comau.com\/de\/competencies\/systems\/consultancy-education\/web-academy\/#breadcrumb"},"inLanguage":"de","potentialAction":[{"@type":"ReadAction","target":["https:\/\/www.comau.com\/de\/competencies\/systems\/consultancy-education\/web-academy\/"]}]},{"@type":"ImageObject","inLanguage":"de","@id":"https:\/\/www.comau.com\/de\/competencies\/systems\/consultancy-education\/web-academy\/#primaryimage","url":"https:\/\/www.comau.com\/wp-content\/uploads\/2021\/06\/WebAcademy_header.jpg","contentUrl":"https:\/\/www.comau.com\/wp-content\/uploads\/2021\/06\/WebAcademy_header.jpg","width":1280,"height":485},{"@type":"BreadcrumbList","@id":"https:\/\/www.comau.com\/de\/competencies\/systems\/consultancy-education\/web-academy\/#breadcrumb","itemListElement":[{"@type":"ListItem","position":1,"name":"Home","item":"https:\/\/www.comau.com\/de\/"},{"@type":"ListItem","position":2,"name":"Unsere Kompetenzen","item":"https:\/\/www.comau.com\/de\/competencies\/"},{"@type":"ListItem","position":3,"name":"Consultancy &amp; Education","item":"https:\/\/www.comau.com\/de\/competencies\/consultancy-education\/"},{"@type":"ListItem","position":4,"name":"Web Academy"}]},{"@type":"WebSite","@id":"https:\/\/www.comau.com\/de\/#website","url":"https:\/\/www.comau.com\/de\/","name":"Comau","description":"Industrial automation and robotics","publisher":{"@id":"https:\/\/www.comau.com\/de\/#organization"},"potentialAction":[{"@type":"SearchAction","target":{"@type":"EntryPoint","urlTemplate":"https:\/\/www.comau.com\/de\/?s={search_term_string}"},"query-input":{"@type":"PropertyValueSpecification","valueRequired":true,"valueName":"search_term_string"}}],"inLanguage":"de"},{"@type":"Organization","@id":"https:\/\/www.comau.com\/de\/#organization","name":"Comau","url":"https:\/\/www.comau.com\/de\/","logo":{"@type":"ImageObject","inLanguage":"de","@id":"https:\/\/www.comau.com\/de\/#\/schema\/logo\/image\/","url":"https:\/\/www.comau.com\/wp-content\/uploads\/2024\/07\/cropped-Logo-COMAU.png","contentUrl":"https:\/\/www.comau.com\/wp-content\/uploads\/2024\/07\/cropped-Logo-COMAU.png","width":434,"height":434,"caption":"Comau"},"image":{"@id":"https:\/\/www.comau.com\/de\/#\/schema\/logo\/image\/"},"sameAs":["https:\/\/www.facebook.com\/COMAU\/","https:\/\/x.com\/comaugroup","https:\/\/www.instagram.com\/comaugroup\/","https:\/\/www.linkedin.com\/company\/comau","https:\/\/www.youtube.com\/user\/comau"]}]}},"_links":{"self":[{"href":"https:\/\/www.comau.com\/de\/wp-json\/wp\/v2\/pages\/6400","targetHints":{"allow":["GET"]}}],"collection":[{"href":"https:\/\/www.comau.com\/de\/wp-json\/wp\/v2\/pages"}],"about":[{"href":"https:\/\/www.comau.com\/de\/wp-json\/wp\/v2\/types\/page"}],"author":[{"embeddable":true,"href":"https:\/\/www.comau.com\/de\/wp-json\/wp\/v2\/users\/11"}],"replies":[{"embeddable":true,"href":"https:\/\/www.comau.com\/de\/wp-json\/wp\/v2\/comments?post=6400"}],"version-history":[{"count":32,"href":"https:\/\/www.comau.com\/de\/wp-json\/wp\/v2\/pages\/6400\/revisions"}],"predecessor-version":[{"id":48562,"href":"https:\/\/www.comau.com\/de\/wp-json\/wp\/v2\/pages\/6400\/revisions\/48562"}],"up":[{"embeddable":true,"href":"https:\/\/www.comau.com\/de\/wp-json\/wp\/v2\/pages\/6242"}],"wp:featuredmedia":[{"embeddable":true,"href":"https:\/\/www.comau.com\/de\/wp-json\/wp\/v2\/media\/6415"}],"wp:attachment":[{"href":"https:\/\/www.comau.com\/de\/wp-json\/wp\/v2\/media?parent=6400"}],"curies":[{"name":"wp","href":"https:\/\/api.w.org\/{rel}","templated":true}]}}