{"id":6380,"date":"2021-07-01T01:05:19","date_gmt":"2021-06-30T23:05:19","guid":{"rendered":"https:\/\/www.comau.com\/?page_id=6380"},"modified":"2023-02-14T17:54:55","modified_gmt":"2023-02-14T16:54:55","slug":"robotics-license","status":"publish","type":"page","link":"https:\/\/www.comau.com\/de\/competencies\/systems\/consultancy-education\/robotics-license\/","title":{"rendered":"Roboterlizenz"},"content":{"rendered":"\n<p>Gemeinsam mit CampuStore, einem f\u00fchrenden Unternehmen im Bildungssektor, bieten wir Sch\u00fclern die M\u00f6glichkeit, eine <strong>Roboterlizenz<\/strong> zu erwerben, eine international anerkannte Zertifizierung.<\/p>\n\n\n\n<div class=\"wp-block-getwid-toggle download-dropdown has-icon-left\">\n<div class=\"wp-block-getwid-toggle__row\"><div class=\"wp-block-getwid-toggle__header-wrapper\"><span class=\"wp-block-getwid-toggle__header\"><a href=\"#\"><span class=\"wp-block-getwid-toggle__header-title\">Download the brochure<\/span><span class=\"wp-block-getwid-toggle__icon is-active\"><i class=\"fas fa-plus\"><\/i><\/span><span class=\"wp-block-getwid-toggle__icon is-passive\"><i class=\"fas fa-minus\"><\/i><\/span><\/a><\/span><\/div><div class=\"wp-block-getwid-toggle__content-wrapper\"><div class=\"wp-block-getwid-toggle__content\">\n<div class=\"wp-block-getwid-button-group\"><div class=\"wp-block-getwid-button-group__wrapper\">\n<div class=\"wp-block-button\"><a class=\"wp-block-button__link\" href=\"https:\/\/www.comau.com\/wp-content\/uploads\/2023\/02\/Brochure-Licenses-ENG-2020.pdf\" target=\"_blank\" rel=\"noreferrer noopener\">ComauAcademy Licenses<\/a><\/div>\n<\/div><\/div>\n<\/div><\/div><\/div>\n<\/div>\n\n\n\n<h2 class=\"wp-block-heading\">Warum eine Roboterlizenz?<\/h2>\n\n\n\n<p>Um Lehrern und Schulen ein hervorragendes Lehrprojekt anzubieten, mit dem sie ihr Bildungsangebot erweitern k\u00f6nnen, und um Sch\u00fclern einen Geleitbrief f\u00fcr die Arbeitswelt auszustellen. <\/p>\n\n\n\n<ol class=\"fancy-numbered-list wp-block-list\"><li><strong><em>Was ist die Roboterlizenz?<\/em><\/strong><br>Es ist ein international anerkanntes <strong>Zertifikat zur Nutzung und Programmierung von Industrierobotern<\/strong>. <\/li><li><strong><em>Was soll die Robotik im Klassenzimmer?<\/em><\/strong><br>Weil Robotik und Industrie 4.0 bereits <strong>Bestandteil unseres Lebensalltags<\/strong> sind und es wichtig ist, neuen Generationen Bildungsangebote in diesem Bereich zu machen.<\/li><li><strong><em>Worin liegen die Vorteile f\u00fcr die Sch\u00fcler?<\/em><\/strong><br>Nach drei Jahren k\u00f6nnen die Sch\u00fcler <strong>ein Zertifikat erwerben<\/strong>, das dem von Fachkr\u00e4ften gleichgestellt ist, indem sie am Ende der Schulung eine Pr\u00fcfung ablegen.<\/li><li><strong><em>Ist dies eine offizielle Schularbeit?<\/em><\/strong><br>Das Bildungsangebot ist vom <strong>italienischen Ministerium f\u00fcr Bildung, Universit\u00e4ten und Forschung als offizielle Schularbeit anerkannt<\/strong> und bel\u00e4uft sich auf insgesamt 100 Stunden pro Sch\u00fcler. <\/li><li><strong><em>Worin liegen die Vorteile f\u00fcr den Lehrer?<\/em><\/strong><br>Das Projekt umfasst eine zertifizierte <strong>40-Stunden-Schulung<\/strong> f\u00fcr die Lehrer. Diese Qualifikation ist f\u00fcr jeden einzelnen Lehrer an der Schule pers\u00f6nlich verf\u00fcgbar.<\/li><li><strong><em>Worin liegen die Vorteile f\u00fcr die Schule?<\/em><\/strong><br>Schulen k\u00f6nnen <strong>F\u00f6rdermittel in Anspruch nehmen<\/strong> f\u00fcr Projekte in Verbindung mit digitalem Unterricht und Robotik. <\/li><\/ol>\n\n\n\n<h2 class=\"wp-block-heading\">Der Schulungspfad f\u00fcr Lehrer und Sch\u00fcler<\/h2>\n\n\n\n<div class=\"wp-block-columns is-layout-flex wp-container-core-columns-is-layout-9d6595d7 wp-block-columns-is-layout-flex\">\n<div class=\"wp-block-column is-layout-flow wp-block-column-is-layout-flow\">\n<h3 class=\"wp-block-heading\">Lehrer<\/h3>\n\n\n\n<h3 class=\"wp-block-heading\">Kostenlose Ausbildung von 1 Lehrkraft<\/h3>\n\n\n\n<p>Durch von der CampuStore Academy und Comau autorisierte Ausbilder, f\u00fcr jede Klasse mit ca. 20 Teilnehmern, ca. 40 Stunden im gemischten Modus.<\/p>\n\n\n\n<div class=\"wp-block-buttons is-layout-flex wp-block-buttons-is-layout-flex\"><\/div>\n<\/div>\n\n\n\n<div class=\"wp-block-column is-layout-flow wp-block-column-is-layout-flow\">\n<h3 class=\"wp-block-heading\">Sch\u00fcler<\/h3>\n\n\n\n<h3 class=\"wp-block-heading\">Ausbildung f\u00fcr Studenten<\/h3>\n\n\n\n<p>Mehr als 60 Stunden asynchrone Fortbildung zur freien Verf\u00fcgung plus 30 Stunden in Anwesenheit von Lehrern der Schule (die zuvor von der CampuStore Academy und Comau geschult wurden), die in der Schule w\u00e4hrend des Unterrichts oder au\u00dferhalb des Unterrichts je nach den Rhythmen und Besonderheiten der Schule durchgef\u00fchrt werden.<\/p>\n\n\n\n<div class=\"wp-block-buttons is-layout-flex wp-block-buttons-is-layout-flex\"><\/div>\n<\/div>\n<\/div>\n","protected":false},"excerpt":{"rendered":"<p>Gemeinsam mit CampuStore, einem f\u00fchrenden Unternehmen im Bildungssektor, bieten wir Sch\u00fclern die M\u00f6glichkeit, eine Roboterlizenz zu erwerben, eine international anerkannte Zertifizierung. Warum eine Roboterlizenz? Um Lehrern und Schulen ein hervorragendes Lehrprojekt anzubieten, mit dem sie ihr Bildungsangebot erweitern k\u00f6nnen, und um Sch\u00fclern einen Geleitbrief f\u00fcr die Arbeitswelt auszustellen. Was ist die Roboterlizenz?Es ist ein international [&hellip;]<\/p>\n","protected":false},"author":11,"featured_media":6390,"parent":6242,"menu_order":5,"comment_status":"closed","ping_status":"closed","template":"","meta":{"_acf_changed":false,"ep_exclude_from_search":false,"footnotes":""},"class_list":["post-6380","page","type-page","status-publish","has-post-thumbnail","hentry"],"acf":[],"yoast_head":"<!-- This site is optimized with the Yoast SEO plugin v26.9 - https:\/\/yoast.com\/product\/yoast-seo-wordpress\/ -->\n<title>Roboterlizenz - Comau<\/title>\n<meta name=\"robots\" content=\"index, follow, max-snippet:-1, max-image-preview:large, max-video-preview:-1\" \/>\n<link rel=\"canonical\" href=\"https:\/\/www.comau.com\/de\/competencies\/systems\/consultancy-education\/robotics-license\/\" \/>\n<meta property=\"og:locale\" content=\"de_DE\" \/>\n<meta property=\"og:type\" content=\"article\" \/>\n<meta property=\"og:title\" content=\"Roboterlizenz - Comau\" \/>\n<meta property=\"og:description\" content=\"Gemeinsam mit CampuStore, einem f\u00fchrenden Unternehmen im Bildungssektor, bieten wir Sch\u00fclern die M\u00f6glichkeit, eine Roboterlizenz zu erwerben, eine international anerkannte Zertifizierung. Warum eine Roboterlizenz? Um Lehrern und Schulen ein hervorragendes Lehrprojekt anzubieten, mit dem sie ihr Bildungsangebot erweitern k\u00f6nnen, und um Sch\u00fclern einen Geleitbrief f\u00fcr die Arbeitswelt auszustellen. Was ist die Roboterlizenz?Es ist ein international [&hellip;]\" \/>\n<meta property=\"og:url\" content=\"https:\/\/www.comau.com\/de\/competencies\/systems\/consultancy-education\/robotics-license\/\" \/>\n<meta property=\"og:site_name\" content=\"Comau\" \/>\n<meta property=\"article:publisher\" content=\"https:\/\/www.facebook.com\/COMAU\/\" \/>\n<meta property=\"article:modified_time\" content=\"2023-02-14T16:54:55+00:00\" \/>\n<meta property=\"og:image\" content=\"https:\/\/www.comau.com\/wp-content\/uploads\/2021\/06\/header_MAT3138.png\" \/>\n\t<meta property=\"og:image:width\" content=\"1280\" \/>\n\t<meta property=\"og:image:height\" content=\"485\" \/>\n\t<meta property=\"og:image:type\" content=\"image\/png\" \/>\n<meta name=\"twitter:card\" content=\"summary_large_image\" \/>\n<meta name=\"twitter:site\" content=\"@comaugroup\" \/>\n<meta name=\"twitter:label1\" content=\"Gesch\u00e4tzte Lesezeit\" \/>\n\t<meta name=\"twitter:data1\" content=\"2\u00a0Minuten\" \/>\n<script type=\"application\/ld+json\" class=\"yoast-schema-graph\">{\"@context\":\"https:\/\/schema.org\",\"@graph\":[{\"@type\":\"WebPage\",\"@id\":\"https:\/\/www.comau.com\/de\/competencies\/systems\/consultancy-education\/robotics-license\/\",\"url\":\"https:\/\/www.comau.com\/de\/competencies\/systems\/consultancy-education\/robotics-license\/\",\"name\":\"Roboterlizenz - Comau\",\"isPartOf\":{\"@id\":\"https:\/\/www.comau.com\/de\/#website\"},\"primaryImageOfPage\":{\"@id\":\"https:\/\/www.comau.com\/de\/competencies\/systems\/consultancy-education\/robotics-license\/#primaryimage\"},\"image\":{\"@id\":\"https:\/\/www.comau.com\/de\/competencies\/systems\/consultancy-education\/robotics-license\/#primaryimage\"},\"thumbnailUrl\":\"https:\/\/www.comau.com\/wp-content\/uploads\/2021\/06\/header_MAT3138.png\",\"datePublished\":\"2021-06-30T23:05:19+00:00\",\"dateModified\":\"2023-02-14T16:54:55+00:00\",\"breadcrumb\":{\"@id\":\"https:\/\/www.comau.com\/de\/competencies\/systems\/consultancy-education\/robotics-license\/#breadcrumb\"},\"inLanguage\":\"de\",\"potentialAction\":[{\"@type\":\"ReadAction\",\"target\":[\"https:\/\/www.comau.com\/de\/competencies\/systems\/consultancy-education\/robotics-license\/\"]}]},{\"@type\":\"ImageObject\",\"inLanguage\":\"de\",\"@id\":\"https:\/\/www.comau.com\/de\/competencies\/systems\/consultancy-education\/robotics-license\/#primaryimage\",\"url\":\"https:\/\/www.comau.com\/wp-content\/uploads\/2021\/06\/header_MAT3138.png\",\"contentUrl\":\"https:\/\/www.comau.com\/wp-content\/uploads\/2021\/06\/header_MAT3138.png\",\"width\":1280,\"height\":485},{\"@type\":\"BreadcrumbList\",\"@id\":\"https:\/\/www.comau.com\/de\/competencies\/systems\/consultancy-education\/robotics-license\/#breadcrumb\",\"itemListElement\":[{\"@type\":\"ListItem\",\"position\":1,\"name\":\"Home\",\"item\":\"https:\/\/www.comau.com\/de\/\"},{\"@type\":\"ListItem\",\"position\":2,\"name\":\"Unsere Kompetenzen\",\"item\":\"https:\/\/www.comau.com\/de\/competencies\/\"},{\"@type\":\"ListItem\",\"position\":3,\"name\":\"Consultancy &amp; Education\",\"item\":\"https:\/\/www.comau.com\/de\/competencies\/consultancy-education\/\"},{\"@type\":\"ListItem\",\"position\":4,\"name\":\"Roboterlizenz\"}]},{\"@type\":\"WebSite\",\"@id\":\"https:\/\/www.comau.com\/de\/#website\",\"url\":\"https:\/\/www.comau.com\/de\/\",\"name\":\"Comau\",\"description\":\"Industrial automation and robotics\",\"publisher\":{\"@id\":\"https:\/\/www.comau.com\/de\/#organization\"},\"potentialAction\":[{\"@type\":\"SearchAction\",\"target\":{\"@type\":\"EntryPoint\",\"urlTemplate\":\"https:\/\/www.comau.com\/de\/?s={search_term_string}\"},\"query-input\":{\"@type\":\"PropertyValueSpecification\",\"valueRequired\":true,\"valueName\":\"search_term_string\"}}],\"inLanguage\":\"de\"},{\"@type\":\"Organization\",\"@id\":\"https:\/\/www.comau.com\/de\/#organization\",\"name\":\"Comau\",\"url\":\"https:\/\/www.comau.com\/de\/\",\"logo\":{\"@type\":\"ImageObject\",\"inLanguage\":\"de\",\"@id\":\"https:\/\/www.comau.com\/de\/#\/schema\/logo\/image\/\",\"url\":\"https:\/\/www.comau.com\/wp-content\/uploads\/2024\/07\/cropped-Logo-COMAU.png\",\"contentUrl\":\"https:\/\/www.comau.com\/wp-content\/uploads\/2024\/07\/cropped-Logo-COMAU.png\",\"width\":434,\"height\":434,\"caption\":\"Comau\"},\"image\":{\"@id\":\"https:\/\/www.comau.com\/de\/#\/schema\/logo\/image\/\"},\"sameAs\":[\"https:\/\/www.facebook.com\/COMAU\/\",\"https:\/\/x.com\/comaugroup\",\"https:\/\/www.instagram.com\/comaugroup\/\",\"https:\/\/www.linkedin.com\/company\/comau\",\"https:\/\/www.youtube.com\/user\/comau\"]}]}<\/script>\n<!-- \/ Yoast SEO plugin. -->","yoast_head_json":{"title":"Roboterlizenz - Comau","robots":{"index":"index","follow":"follow","max-snippet":"max-snippet:-1","max-image-preview":"max-image-preview:large","max-video-preview":"max-video-preview:-1"},"canonical":"https:\/\/www.comau.com\/de\/competencies\/systems\/consultancy-education\/robotics-license\/","og_locale":"de_DE","og_type":"article","og_title":"Roboterlizenz - Comau","og_description":"Gemeinsam mit CampuStore, einem f\u00fchrenden Unternehmen im Bildungssektor, bieten wir Sch\u00fclern die M\u00f6glichkeit, eine Roboterlizenz zu erwerben, eine international anerkannte Zertifizierung. Warum eine Roboterlizenz? Um Lehrern und Schulen ein hervorragendes Lehrprojekt anzubieten, mit dem sie ihr Bildungsangebot erweitern k\u00f6nnen, und um Sch\u00fclern einen Geleitbrief f\u00fcr die Arbeitswelt auszustellen. Was ist die Roboterlizenz?Es ist ein international [&hellip;]","og_url":"https:\/\/www.comau.com\/de\/competencies\/systems\/consultancy-education\/robotics-license\/","og_site_name":"Comau","article_publisher":"https:\/\/www.facebook.com\/COMAU\/","article_modified_time":"2023-02-14T16:54:55+00:00","og_image":[{"width":1280,"height":485,"url":"https:\/\/www.comau.com\/wp-content\/uploads\/2021\/06\/header_MAT3138.png","type":"image\/png"}],"twitter_card":"summary_large_image","twitter_site":"@comaugroup","twitter_misc":{"Gesch\u00e4tzte Lesezeit":"2\u00a0Minuten"},"schema":{"@context":"https:\/\/schema.org","@graph":[{"@type":"WebPage","@id":"https:\/\/www.comau.com\/de\/competencies\/systems\/consultancy-education\/robotics-license\/","url":"https:\/\/www.comau.com\/de\/competencies\/systems\/consultancy-education\/robotics-license\/","name":"Roboterlizenz - Comau","isPartOf":{"@id":"https:\/\/www.comau.com\/de\/#website"},"primaryImageOfPage":{"@id":"https:\/\/www.comau.com\/de\/competencies\/systems\/consultancy-education\/robotics-license\/#primaryimage"},"image":{"@id":"https:\/\/www.comau.com\/de\/competencies\/systems\/consultancy-education\/robotics-license\/#primaryimage"},"thumbnailUrl":"https:\/\/www.comau.com\/wp-content\/uploads\/2021\/06\/header_MAT3138.png","datePublished":"2021-06-30T23:05:19+00:00","dateModified":"2023-02-14T16:54:55+00:00","breadcrumb":{"@id":"https:\/\/www.comau.com\/de\/competencies\/systems\/consultancy-education\/robotics-license\/#breadcrumb"},"inLanguage":"de","potentialAction":[{"@type":"ReadAction","target":["https:\/\/www.comau.com\/de\/competencies\/systems\/consultancy-education\/robotics-license\/"]}]},{"@type":"ImageObject","inLanguage":"de","@id":"https:\/\/www.comau.com\/de\/competencies\/systems\/consultancy-education\/robotics-license\/#primaryimage","url":"https:\/\/www.comau.com\/wp-content\/uploads\/2021\/06\/header_MAT3138.png","contentUrl":"https:\/\/www.comau.com\/wp-content\/uploads\/2021\/06\/header_MAT3138.png","width":1280,"height":485},{"@type":"BreadcrumbList","@id":"https:\/\/www.comau.com\/de\/competencies\/systems\/consultancy-education\/robotics-license\/#breadcrumb","itemListElement":[{"@type":"ListItem","position":1,"name":"Home","item":"https:\/\/www.comau.com\/de\/"},{"@type":"ListItem","position":2,"name":"Unsere Kompetenzen","item":"https:\/\/www.comau.com\/de\/competencies\/"},{"@type":"ListItem","position":3,"name":"Consultancy &amp; Education","item":"https:\/\/www.comau.com\/de\/competencies\/consultancy-education\/"},{"@type":"ListItem","position":4,"name":"Roboterlizenz"}]},{"@type":"WebSite","@id":"https:\/\/www.comau.com\/de\/#website","url":"https:\/\/www.comau.com\/de\/","name":"Comau","description":"Industrial automation and robotics","publisher":{"@id":"https:\/\/www.comau.com\/de\/#organization"},"potentialAction":[{"@type":"SearchAction","target":{"@type":"EntryPoint","urlTemplate":"https:\/\/www.comau.com\/de\/?s={search_term_string}"},"query-input":{"@type":"PropertyValueSpecification","valueRequired":true,"valueName":"search_term_string"}}],"inLanguage":"de"},{"@type":"Organization","@id":"https:\/\/www.comau.com\/de\/#organization","name":"Comau","url":"https:\/\/www.comau.com\/de\/","logo":{"@type":"ImageObject","inLanguage":"de","@id":"https:\/\/www.comau.com\/de\/#\/schema\/logo\/image\/","url":"https:\/\/www.comau.com\/wp-content\/uploads\/2024\/07\/cropped-Logo-COMAU.png","contentUrl":"https:\/\/www.comau.com\/wp-content\/uploads\/2024\/07\/cropped-Logo-COMAU.png","width":434,"height":434,"caption":"Comau"},"image":{"@id":"https:\/\/www.comau.com\/de\/#\/schema\/logo\/image\/"},"sameAs":["https:\/\/www.facebook.com\/COMAU\/","https:\/\/x.com\/comaugroup","https:\/\/www.instagram.com\/comaugroup\/","https:\/\/www.linkedin.com\/company\/comau","https:\/\/www.youtube.com\/user\/comau"]}]}},"_links":{"self":[{"href":"https:\/\/www.comau.com\/de\/wp-json\/wp\/v2\/pages\/6380","targetHints":{"allow":["GET"]}}],"collection":[{"href":"https:\/\/www.comau.com\/de\/wp-json\/wp\/v2\/pages"}],"about":[{"href":"https:\/\/www.comau.com\/de\/wp-json\/wp\/v2\/types\/page"}],"author":[{"embeddable":true,"href":"https:\/\/www.comau.com\/de\/wp-json\/wp\/v2\/users\/11"}],"replies":[{"embeddable":true,"href":"https:\/\/www.comau.com\/de\/wp-json\/wp\/v2\/comments?post=6380"}],"version-history":[{"count":31,"href":"https:\/\/www.comau.com\/de\/wp-json\/wp\/v2\/pages\/6380\/revisions"}],"predecessor-version":[{"id":50454,"href":"https:\/\/www.comau.com\/de\/wp-json\/wp\/v2\/pages\/6380\/revisions\/50454"}],"up":[{"embeddable":true,"href":"https:\/\/www.comau.com\/de\/wp-json\/wp\/v2\/pages\/6242"}],"wp:featuredmedia":[{"embeddable":true,"href":"https:\/\/www.comau.com\/de\/wp-json\/wp\/v2\/media\/6390"}],"wp:attachment":[{"href":"https:\/\/www.comau.com\/de\/wp-json\/wp\/v2\/media?parent=6380"}],"curies":[{"name":"wp","href":"https:\/\/api.w.org\/{rel}","templated":true}]}}