{"id":6370,"date":"2021-07-01T01:04:11","date_gmt":"2021-06-30T23:04:11","guid":{"rendered":"https:\/\/www.comau.com\/?page_id=6370"},"modified":"2022-02-03T15:22:58","modified_gmt":"2022-02-03T14:22:58","slug":"e-do-experience","status":"publish","type":"page","link":"https:\/\/www.comau.com\/de\/competencies\/systems\/consultancy-education\/e-do-experience\/","title":{"rendered":"e.DO\u2122 Experience"},"content":{"rendered":"\n<h2 class=\"wp-block-heading\" id=\"e-dotm-offene-robotik\">e.DO<sup>TM<\/sup> \u2013 Offene Robotik<\/h2>\n\n\n\n<p>Bauen Sie sich Ihren eigenen Roboter f\u00fcr den pers\u00f6nlichen Gebrauch.<\/p>\n\n\n\n<div class=\"wp-block-getwid-toggle download-dropdown has-icon-left\">\n<div class=\"wp-block-getwid-toggle__row\"><div class=\"wp-block-getwid-toggle__header-wrapper\"><span class=\"wp-block-getwid-toggle__header\"><a href=\"#\"><span class=\"wp-block-getwid-toggle__header-title\">Download the brochure<\/span><span class=\"wp-block-getwid-toggle__icon is-active\"><i class=\"fas fa-plus\"><\/i><\/span><span class=\"wp-block-getwid-toggle__icon is-passive\"><i class=\"fas fa-minus\"><\/i><\/span><\/a><\/span><\/div><div class=\"wp-block-getwid-toggle__content-wrapper\"><div class=\"wp-block-getwid-toggle__content\">\n<div class=\"wp-block-getwid-button-group\"><div class=\"wp-block-getwid-button-group__wrapper\">\n<div class=\"wp-block-button\"><a class=\"wp-block-button__link\" href=\"https:\/\/www.comau.com\/wp-content\/uploads\/2021\/06\/Brochure_e.DOExperience.pdf\" target=\"_blank\" rel=\"noreferrer noopener\">Brochure_e.DOExperience_EN<\/a><\/div>\n\n\n\n<div class=\"wp-block-button\"><a class=\"wp-block-button__link\" href=\"https:\/\/www.comau.com\/wp-content\/uploads\/2021\/06\/Comau_e.DOExperience_Brochure_PT.pdf\" target=\"_blank\" rel=\"noreferrer noopener\">Brochure_e.DOExperience_PT<\/a><\/div>\n<\/div><\/div>\n<\/div><\/div><\/div>\n<\/div>\n\n\n\n<p>e.DO<sup>TM<\/sup> ist ein modularer, mehrachsiger Gelenkarmroboter mit integrierter Open-Source-Software, der daf\u00fcr konzipiert wurde, das Lernen, Erschaffen, Erforschen und Programmieren interessanter und interaktiver zu machen.<\/p>\n\n\n\n<p>e.DO verf\u00fcgt nicht nur \u00fcber dieselbe innovative, benutzerfreundliche Technik, die Comaus preisgekr\u00f6nte Industrieroboter auszeichnet, sondern erf\u00fcllt auch die unterschiedlichsten Anforderungen: von Lehrern und Studenten bis hin zu Herstellern und Enthusiasten, von Schulen und Universit\u00e4ten bis hin zu Veranstaltern und Kommunikationszentren.<\/p>\n\n\n\n<p>Und damit zeigt e.DO erst einen Bruchteil seines wahren Potenzials.<\/p>\n\n\n\n<div class=\"wp-block-buttons is-layout-flex wp-block-buttons-is-layout-flex\">\n<div class=\"wp-block-button\"><a class=\"wp-block-button__link\" href=\"https:\/\/edo.cloud\/\" target=\"_blank\" rel=\"noreferrer noopener\">Entdecke mehr<\/a><\/div>\n<\/div>\n","protected":false},"excerpt":{"rendered":"<p>e.DOTM \u2013 Offene Robotik Bauen Sie sich Ihren eigenen Roboter f\u00fcr den pers\u00f6nlichen Gebrauch. e.DOTM ist ein modularer, mehrachsiger Gelenkarmroboter mit integrierter Open-Source-Software, der daf\u00fcr konzipiert wurde, das Lernen, Erschaffen, Erforschen und Programmieren interessanter und interaktiver zu machen. e.DO verf\u00fcgt nicht nur \u00fcber dieselbe innovative, benutzerfreundliche Technik, die Comaus preisgekr\u00f6nte Industrieroboter auszeichnet, sondern erf\u00fcllt auch [&hellip;]<\/p>\n","protected":false},"author":11,"featured_media":66421,"parent":6242,"menu_order":4,"comment_status":"closed","ping_status":"closed","template":"","meta":{"_acf_changed":false,"ep_exclude_from_search":false,"footnotes":""},"class_list":["post-6370","page","type-page","status-publish","has-post-thumbnail","hentry"],"acf":[],"yoast_head":"<!-- This site is optimized with the Yoast SEO plugin v26.9 - https:\/\/yoast.com\/product\/yoast-seo-wordpress\/ -->\n<title>Robot Open Source: eDo Experience | Comau<\/title>\n<meta name=\"description\" content=\"e.DO\u2122 Experience von Comau ist ein mehrachsiger Gelenkarmroboter mit integrierter Open-Source-Software, der sowohl Sch\u00fclern als auch Lehrern inspieriert!\" \/>\n<meta name=\"robots\" content=\"index, follow, max-snippet:-1, max-image-preview:large, max-video-preview:-1\" \/>\n<link rel=\"canonical\" href=\"https:\/\/www.comau.com\/de\/competencies\/systems\/consultancy-education\/e-do-experience\/\" \/>\n<meta property=\"og:locale\" content=\"de_DE\" \/>\n<meta property=\"og:type\" content=\"article\" \/>\n<meta property=\"og:title\" content=\"Robot Open Source: eDo Experience | Comau\" \/>\n<meta property=\"og:description\" content=\"e.DO\u2122 Experience von Comau ist ein mehrachsiger Gelenkarmroboter mit integrierter Open-Source-Software, der sowohl Sch\u00fclern als auch Lehrern inspieriert!\" \/>\n<meta property=\"og:url\" content=\"https:\/\/www.comau.com\/de\/competencies\/systems\/consultancy-education\/e-do-experience\/\" \/>\n<meta property=\"og:site_name\" content=\"Comau\" \/>\n<meta property=\"article:publisher\" content=\"https:\/\/www.facebook.com\/COMAU\/\" \/>\n<meta property=\"article:modified_time\" content=\"2022-02-03T14:22:58+00:00\" \/>\n<meta property=\"og:image\" content=\"https:\/\/www.comau.com\/wp-content\/uploads\/2021\/06\/e.DoAcademy_header.jpg\" \/>\n\t<meta property=\"og:image:width\" content=\"1280\" \/>\n\t<meta property=\"og:image:height\" content=\"485\" \/>\n\t<meta property=\"og:image:type\" content=\"image\/jpeg\" \/>\n<meta name=\"twitter:card\" content=\"summary_large_image\" \/>\n<meta name=\"twitter:site\" content=\"@comaugroup\" \/>\n<meta name=\"twitter:label1\" content=\"Gesch\u00e4tzte Lesezeit\" \/>\n\t<meta name=\"twitter:data1\" content=\"1\u00a0Minute\" \/>\n<script type=\"application\/ld+json\" class=\"yoast-schema-graph\">{\"@context\":\"https:\/\/schema.org\",\"@graph\":[{\"@type\":\"WebPage\",\"@id\":\"https:\/\/www.comau.com\/de\/competencies\/systems\/consultancy-education\/e-do-experience\/\",\"url\":\"https:\/\/www.comau.com\/de\/competencies\/systems\/consultancy-education\/e-do-experience\/\",\"name\":\"Robot Open Source: eDo Experience | Comau\",\"isPartOf\":{\"@id\":\"https:\/\/www.comau.com\/de\/#website\"},\"primaryImageOfPage\":{\"@id\":\"https:\/\/www.comau.com\/de\/competencies\/systems\/consultancy-education\/e-do-experience\/#primaryimage\"},\"image\":{\"@id\":\"https:\/\/www.comau.com\/de\/competencies\/systems\/consultancy-education\/e-do-experience\/#primaryimage\"},\"thumbnailUrl\":\"https:\/\/www.comau.com\/wp-content\/uploads\/2021\/07\/header-gallery-education_1425x450.jpg\",\"datePublished\":\"2021-06-30T23:04:11+00:00\",\"dateModified\":\"2022-02-03T14:22:58+00:00\",\"description\":\"e.DO\u2122 Experience von Comau ist ein mehrachsiger Gelenkarmroboter mit integrierter Open-Source-Software, der sowohl Sch\u00fclern als auch Lehrern inspieriert!\",\"breadcrumb\":{\"@id\":\"https:\/\/www.comau.com\/de\/competencies\/systems\/consultancy-education\/e-do-experience\/#breadcrumb\"},\"inLanguage\":\"de\",\"potentialAction\":[{\"@type\":\"ReadAction\",\"target\":[\"https:\/\/www.comau.com\/de\/competencies\/systems\/consultancy-education\/e-do-experience\/\"]}]},{\"@type\":\"ImageObject\",\"inLanguage\":\"de\",\"@id\":\"https:\/\/www.comau.com\/de\/competencies\/systems\/consultancy-education\/e-do-experience\/#primaryimage\",\"url\":\"https:\/\/www.comau.com\/wp-content\/uploads\/2021\/07\/header-gallery-education_1425x450.jpg\",\"contentUrl\":\"https:\/\/www.comau.com\/wp-content\/uploads\/2021\/07\/header-gallery-education_1425x450.jpg\",\"width\":1425,\"height\":450,\"caption\":\"educational robot form STEM activities\"},{\"@type\":\"BreadcrumbList\",\"@id\":\"https:\/\/www.comau.com\/de\/competencies\/systems\/consultancy-education\/e-do-experience\/#breadcrumb\",\"itemListElement\":[{\"@type\":\"ListItem\",\"position\":1,\"name\":\"Home\",\"item\":\"https:\/\/www.comau.com\/de\/\"},{\"@type\":\"ListItem\",\"position\":2,\"name\":\"Unsere Kompetenzen\",\"item\":\"https:\/\/www.comau.com\/de\/competencies\/\"},{\"@type\":\"ListItem\",\"position\":3,\"name\":\"Consultancy &amp; Education\",\"item\":\"https:\/\/www.comau.com\/de\/competencies\/consultancy-education\/\"},{\"@type\":\"ListItem\",\"position\":4,\"name\":\"e.DO\u2122 Experience\"}]},{\"@type\":\"WebSite\",\"@id\":\"https:\/\/www.comau.com\/de\/#website\",\"url\":\"https:\/\/www.comau.com\/de\/\",\"name\":\"Comau\",\"description\":\"Industrial automation and robotics\",\"publisher\":{\"@id\":\"https:\/\/www.comau.com\/de\/#organization\"},\"potentialAction\":[{\"@type\":\"SearchAction\",\"target\":{\"@type\":\"EntryPoint\",\"urlTemplate\":\"https:\/\/www.comau.com\/de\/?s={search_term_string}\"},\"query-input\":{\"@type\":\"PropertyValueSpecification\",\"valueRequired\":true,\"valueName\":\"search_term_string\"}}],\"inLanguage\":\"de\"},{\"@type\":\"Organization\",\"@id\":\"https:\/\/www.comau.com\/de\/#organization\",\"name\":\"Comau\",\"url\":\"https:\/\/www.comau.com\/de\/\",\"logo\":{\"@type\":\"ImageObject\",\"inLanguage\":\"de\",\"@id\":\"https:\/\/www.comau.com\/de\/#\/schema\/logo\/image\/\",\"url\":\"https:\/\/www.comau.com\/wp-content\/uploads\/2024\/07\/cropped-Logo-COMAU.png\",\"contentUrl\":\"https:\/\/www.comau.com\/wp-content\/uploads\/2024\/07\/cropped-Logo-COMAU.png\",\"width\":434,\"height\":434,\"caption\":\"Comau\"},\"image\":{\"@id\":\"https:\/\/www.comau.com\/de\/#\/schema\/logo\/image\/\"},\"sameAs\":[\"https:\/\/www.facebook.com\/COMAU\/\",\"https:\/\/x.com\/comaugroup\",\"https:\/\/www.instagram.com\/comaugroup\/\",\"https:\/\/www.linkedin.com\/company\/comau\",\"https:\/\/www.youtube.com\/user\/comau\"]}]}<\/script>\n<!-- \/ Yoast SEO plugin. -->","yoast_head_json":{"title":"Robot Open Source: eDo Experience | Comau","description":"e.DO\u2122 Experience von Comau ist ein mehrachsiger Gelenkarmroboter mit integrierter Open-Source-Software, der sowohl Sch\u00fclern als auch Lehrern inspieriert!","robots":{"index":"index","follow":"follow","max-snippet":"max-snippet:-1","max-image-preview":"max-image-preview:large","max-video-preview":"max-video-preview:-1"},"canonical":"https:\/\/www.comau.com\/de\/competencies\/systems\/consultancy-education\/e-do-experience\/","og_locale":"de_DE","og_type":"article","og_title":"Robot Open Source: eDo Experience | Comau","og_description":"e.DO\u2122 Experience von Comau ist ein mehrachsiger Gelenkarmroboter mit integrierter Open-Source-Software, der sowohl Sch\u00fclern als auch Lehrern inspieriert!","og_url":"https:\/\/www.comau.com\/de\/competencies\/systems\/consultancy-education\/e-do-experience\/","og_site_name":"Comau","article_publisher":"https:\/\/www.facebook.com\/COMAU\/","article_modified_time":"2022-02-03T14:22:58+00:00","og_image":[{"width":1280,"height":485,"url":"https:\/\/www.comau.com\/wp-content\/uploads\/2021\/06\/e.DoAcademy_header.jpg","type":"image\/jpeg"}],"twitter_card":"summary_large_image","twitter_site":"@comaugroup","twitter_misc":{"Gesch\u00e4tzte Lesezeit":"1\u00a0Minute"},"schema":{"@context":"https:\/\/schema.org","@graph":[{"@type":"WebPage","@id":"https:\/\/www.comau.com\/de\/competencies\/systems\/consultancy-education\/e-do-experience\/","url":"https:\/\/www.comau.com\/de\/competencies\/systems\/consultancy-education\/e-do-experience\/","name":"Robot Open Source: eDo Experience | Comau","isPartOf":{"@id":"https:\/\/www.comau.com\/de\/#website"},"primaryImageOfPage":{"@id":"https:\/\/www.comau.com\/de\/competencies\/systems\/consultancy-education\/e-do-experience\/#primaryimage"},"image":{"@id":"https:\/\/www.comau.com\/de\/competencies\/systems\/consultancy-education\/e-do-experience\/#primaryimage"},"thumbnailUrl":"https:\/\/www.comau.com\/wp-content\/uploads\/2021\/07\/header-gallery-education_1425x450.jpg","datePublished":"2021-06-30T23:04:11+00:00","dateModified":"2022-02-03T14:22:58+00:00","description":"e.DO\u2122 Experience von Comau ist ein mehrachsiger Gelenkarmroboter mit integrierter Open-Source-Software, der sowohl Sch\u00fclern als auch Lehrern inspieriert!","breadcrumb":{"@id":"https:\/\/www.comau.com\/de\/competencies\/systems\/consultancy-education\/e-do-experience\/#breadcrumb"},"inLanguage":"de","potentialAction":[{"@type":"ReadAction","target":["https:\/\/www.comau.com\/de\/competencies\/systems\/consultancy-education\/e-do-experience\/"]}]},{"@type":"ImageObject","inLanguage":"de","@id":"https:\/\/www.comau.com\/de\/competencies\/systems\/consultancy-education\/e-do-experience\/#primaryimage","url":"https:\/\/www.comau.com\/wp-content\/uploads\/2021\/07\/header-gallery-education_1425x450.jpg","contentUrl":"https:\/\/www.comau.com\/wp-content\/uploads\/2021\/07\/header-gallery-education_1425x450.jpg","width":1425,"height":450,"caption":"educational robot form STEM activities"},{"@type":"BreadcrumbList","@id":"https:\/\/www.comau.com\/de\/competencies\/systems\/consultancy-education\/e-do-experience\/#breadcrumb","itemListElement":[{"@type":"ListItem","position":1,"name":"Home","item":"https:\/\/www.comau.com\/de\/"},{"@type":"ListItem","position":2,"name":"Unsere Kompetenzen","item":"https:\/\/www.comau.com\/de\/competencies\/"},{"@type":"ListItem","position":3,"name":"Consultancy &amp; Education","item":"https:\/\/www.comau.com\/de\/competencies\/consultancy-education\/"},{"@type":"ListItem","position":4,"name":"e.DO\u2122 Experience"}]},{"@type":"WebSite","@id":"https:\/\/www.comau.com\/de\/#website","url":"https:\/\/www.comau.com\/de\/","name":"Comau","description":"Industrial automation and robotics","publisher":{"@id":"https:\/\/www.comau.com\/de\/#organization"},"potentialAction":[{"@type":"SearchAction","target":{"@type":"EntryPoint","urlTemplate":"https:\/\/www.comau.com\/de\/?s={search_term_string}"},"query-input":{"@type":"PropertyValueSpecification","valueRequired":true,"valueName":"search_term_string"}}],"inLanguage":"de"},{"@type":"Organization","@id":"https:\/\/www.comau.com\/de\/#organization","name":"Comau","url":"https:\/\/www.comau.com\/de\/","logo":{"@type":"ImageObject","inLanguage":"de","@id":"https:\/\/www.comau.com\/de\/#\/schema\/logo\/image\/","url":"https:\/\/www.comau.com\/wp-content\/uploads\/2024\/07\/cropped-Logo-COMAU.png","contentUrl":"https:\/\/www.comau.com\/wp-content\/uploads\/2024\/07\/cropped-Logo-COMAU.png","width":434,"height":434,"caption":"Comau"},"image":{"@id":"https:\/\/www.comau.com\/de\/#\/schema\/logo\/image\/"},"sameAs":["https:\/\/www.facebook.com\/COMAU\/","https:\/\/x.com\/comaugroup","https:\/\/www.instagram.com\/comaugroup\/","https:\/\/www.linkedin.com\/company\/comau","https:\/\/www.youtube.com\/user\/comau"]}]}},"_links":{"self":[{"href":"https:\/\/www.comau.com\/de\/wp-json\/wp\/v2\/pages\/6370","targetHints":{"allow":["GET"]}}],"collection":[{"href":"https:\/\/www.comau.com\/de\/wp-json\/wp\/v2\/pages"}],"about":[{"href":"https:\/\/www.comau.com\/de\/wp-json\/wp\/v2\/types\/page"}],"author":[{"embeddable":true,"href":"https:\/\/www.comau.com\/de\/wp-json\/wp\/v2\/users\/11"}],"replies":[{"embeddable":true,"href":"https:\/\/www.comau.com\/de\/wp-json\/wp\/v2\/comments?post=6370"}],"version-history":[{"count":19,"href":"https:\/\/www.comau.com\/de\/wp-json\/wp\/v2\/pages\/6370\/revisions"}],"predecessor-version":[{"id":41743,"href":"https:\/\/www.comau.com\/de\/wp-json\/wp\/v2\/pages\/6370\/revisions\/41743"}],"up":[{"embeddable":true,"href":"https:\/\/www.comau.com\/de\/wp-json\/wp\/v2\/pages\/6242"}],"wp:featuredmedia":[{"embeddable":true,"href":"https:\/\/www.comau.com\/de\/wp-json\/wp\/v2\/media\/66421"}],"wp:attachment":[{"href":"https:\/\/www.comau.com\/de\/wp-json\/wp\/v2\/media?parent=6370"}],"curies":[{"name":"wp","href":"https:\/\/api.w.org\/{rel}","templated":true}]}}