{"id":6287,"date":"2021-06-01T01:02:36","date_gmt":"2021-05-31T23:02:36","guid":{"rendered":"https:\/\/www.comau.com\/?page_id=6287"},"modified":"2021-07-16T18:56:05","modified_gmt":"2021-07-16T16:56:05","slug":"schools-education","status":"publish","type":"page","link":"https:\/\/www.comau.com\/de\/competencies\/systems\/consultancy-education\/schools-education\/","title":{"rendered":"Schools &#038; Education"},"content":{"rendered":"\n<h2 class=\"wp-block-heading\">Inspirierende und fesselnde Ausbildung<\/h2>\n\n<p>Comau engagiert sich f\u00fcr eine enge Zusammenarbeit mit Studenten und Ausbildern, um den Einsatz der Robotik als innovatives Lerninstrument weiterzuentwickeln \u2013 beginnend mit unserer e.DO\u2122-Roboterplattform. <\/p>\n\n<p>e.DO ist ein flexibler, interaktiver Open-Source-Roboter, der daf\u00fcr entwickelt wurde, die Kreativit\u00e4t und Beteiligung innerhalb und au\u00dferhalb des Klassenraums anzuregen. Der Industrie 4.0-kompatible Roboter ist Teil eines offenen, modularen \u00d6kosystems, das Ausbildern dabei hilft, mittels Robotertechnik unterschiedlichste Interessen und Zielgruppen im Rahmen eines modernen und h\u00f6chst relevanten didaktischen Pfads anzusprechen.<\/p>\n\n<div class=\"wp-block-getwid-toggle download-dropdown has-icon-left\">\n<div class=\"wp-block-getwid-toggle__row\"><div class=\"wp-block-getwid-toggle__header-wrapper\"><span class=\"wp-block-getwid-toggle__header\"><a href=\"#\"><span class=\"wp-block-getwid-toggle__header-title\">Download the brochure<\/span><span class=\"wp-block-getwid-toggle__icon is-active\"><i class=\"fas fa-plus\"><\/i><\/span><span class=\"wp-block-getwid-toggle__icon is-passive\"><i class=\"fas fa-minus\"><\/i><\/span><\/a><\/span><\/div><div class=\"wp-block-getwid-toggle__content-wrapper\"><div class=\"wp-block-getwid-toggle__content\">\n<div class=\"wp-block-getwid-button-group\"><div class=\"wp-block-getwid-button-group__wrapper\">\n<div class=\"wp-block-button\"><a class=\"wp-block-button__link\" href=\"https:\/\/www.comau.com\/wp-content\/uploads\/2021\/06\/Brochure_e.DOExperience.pdf\" target=\"_blank\" rel=\"noreferrer noopener\">Brochure_e.DOExperience_EN<\/a><\/div>\n\n\n\n<div class=\"wp-block-button\"><a class=\"wp-block-button__link\" href=\"https:\/\/www.comau.com\/wp-content\/uploads\/2021\/06\/Comau_e.DOExperience_Brochure_PT.pdf\" target=\"_blank\" rel=\"noreferrer noopener\">Brochure_e.DOExperience_PT<\/a><\/div>\n<\/div><\/div>\n<\/div><\/div><\/div>\n<\/div>\n\n<h2 class=\"wp-block-heading\">Ein neues Paradigma beim interaktiven Lernen <\/h2>\n\n<p>Die e.DO\u2122 Experience Suite basiert auf einem interdisziplin\u00e4ren Lernansatz, der zentrale Fachgebiete integriert und konsolidiert. Dazu geh\u00f6ren neben Robotik, MINT-F\u00e4cher, Kooperation, Kommunikation, Teamwork, Kreativit\u00e4t und andere soziale Kompetenzen auch eine Einf\u00fchrung in konkurrenzf\u00e4hige Probleml\u00f6sung, Industriekultur und eine ergebnisorientierte Ausrichtung. <\/p>\n\n<h2 class=\"wp-block-heading\">Ein neues Paradigma beim interaktiven Lernen <\/h2>\n\n<p>\u200bDie e.DO\u2122 Experience Suite wurde entwickelt, um einen pragmatischen, mehrere Fachbereiche und Altersgruppen umfassenden Lernansatz zu erleichtern. Im Klassenraum oder bei einer Veranstaltung kann e.DO helfen, durch praktische Erfahrung die Beteiligung, Zusammenarbeit und Einbeziehung der Teilnehmer zu f\u00f6rdern. Dar\u00fcber hinaus bietet e.DO einen unkonventionellen und anregenden Lernprozess sowie die M\u00f6glichkeit, disziplin\u00e4res Lernen mit der Welt insgesamt zu verkn\u00fcpfen. <\/p>\n\n<h2 class=\"wp-block-heading\">Jeder kann von der e.DO\u2122 Experience profitieren <\/h2>\n\n<p>\u200bVon Kindern, Sch\u00fclern und Lehrern bis hin zu Familien, Fachleuten, Roboterfans, Konferenzteilnehmern, Museums- und Veranstaltungsbesuchern \u2013 Comau hat eine e.DO\u2122 Experience, die den speziellen Bed\u00fcrfnissen der Zielgruppe gerecht wird und dem Lernstil der jeweiligen Generation entspricht.<\/p>\n\n<div class=\"wp-block-getwid-images-slider has-arrows-inside has-dots-outside has-images-center has-cropped-images\"><div class=\"wp-block-getwid-images-slider__wrapper\" data-effect=\"slide\" data-slides-show=\"1\" data-slides-show-laptop=\"1\" data-slides-show-tablet=\"1\" data-slides-show-mobile=\"1\" data-slides-scroll=\"1\" data-autoplay=\"true\" data-autoplay-speed=\"6000\" data-infinite=\"true\" data-animation-speed=\"800\" data-center-mode=\"false\" data-variable-width=\"false\" data-arrows=\"inside\" data-dots=\"outside\" data-spacing=\"none\"><div class=\"wp-block-getwid-images-slider__item\"><figure><img decoding=\"async\" width=\"800\" height=\"400\" src=\"https:\/\/www.comau.com\/wp-content\/uploads\/2021\/06\/01-3.jpg\" data-id=\"1200\" data-link=\"https:\/\/www.comau.com\/competencies\/consultancy-education\/schools-educatio\/01-3\/\" data-original-link=\"https:\/\/www.comau.com\/wp-content\/uploads\/2021\/06\/01-3.jpg\" class=\"wp-block-getwid-images-slider__image wp-image-6314\" srcset=\"https:\/\/www.comau.com\/wp-content\/uploads\/2021\/06\/01-3.jpg 800w, https:\/\/www.comau.com\/wp-content\/uploads\/2021\/06\/01-3-300x150.jpg 300w, https:\/\/www.comau.com\/wp-content\/uploads\/2021\/06\/01-3-768x384.jpg 768w\" sizes=\"(max-width: 800px) 100vw, 800px\" \/><\/figure><\/div><div class=\"wp-block-getwid-images-slider__item\"><figure><img decoding=\"async\" width=\"800\" height=\"400\" src=\"https:\/\/www.comau.com\/wp-content\/uploads\/2021\/06\/02-1.jpg\" data-id=\"1201\" data-link=\"https:\/\/www.comau.com\/competencies\/consultancy-education\/schools-educatio\/02-3\/\" data-original-link=\"https:\/\/www.comau.com\/wp-content\/uploads\/2021\/06\/02-1.jpg\" class=\"wp-block-getwid-images-slider__image wp-image-6315\" srcset=\"https:\/\/www.comau.com\/wp-content\/uploads\/2021\/06\/02-1.jpg 800w, https:\/\/www.comau.com\/wp-content\/uploads\/2021\/06\/02-1-300x150.jpg 300w, https:\/\/www.comau.com\/wp-content\/uploads\/2021\/06\/02-1-768x384.jpg 768w\" sizes=\"(max-width: 800px) 100vw, 800px\" \/><\/figure><\/div><div class=\"wp-block-getwid-images-slider__item\"><figure><img decoding=\"async\" width=\"800\" height=\"400\" src=\"https:\/\/www.comau.com\/wp-content\/uploads\/2021\/06\/03-1.jpg\" data-id=\"1202\" data-link=\"https:\/\/www.comau.com\/competencies\/consultancy-education\/schools-educatio\/03-3\/\" data-original-link=\"https:\/\/www.comau.com\/wp-content\/uploads\/2021\/06\/03-1.jpg\" class=\"wp-block-getwid-images-slider__image wp-image-6317\" srcset=\"https:\/\/www.comau.com\/wp-content\/uploads\/2021\/06\/03-1.jpg 800w, https:\/\/www.comau.com\/wp-content\/uploads\/2021\/06\/03-1-300x150.jpg 300w, https:\/\/www.comau.com\/wp-content\/uploads\/2021\/06\/03-1-768x384.jpg 768w\" sizes=\"(max-width: 800px) 100vw, 800px\" \/><\/figure><\/div><div class=\"wp-block-getwid-images-slider__item\"><figure><img decoding=\"async\" width=\"800\" height=\"400\" src=\"https:\/\/www.comau.com\/wp-content\/uploads\/2021\/06\/04-1.jpg\" data-id=\"1203\" data-link=\"https:\/\/www.comau.com\/competencies\/consultancy-education\/schools-educatio\/04-3\/\" data-original-link=\"https:\/\/www.comau.com\/wp-content\/uploads\/2021\/06\/04-1.jpg\" class=\"wp-block-getwid-images-slider__image wp-image-6318\" srcset=\"https:\/\/www.comau.com\/wp-content\/uploads\/2021\/06\/04-1.jpg 800w, https:\/\/www.comau.com\/wp-content\/uploads\/2021\/06\/04-1-300x150.jpg 300w, https:\/\/www.comau.com\/wp-content\/uploads\/2021\/06\/04-1-768x384.jpg 768w\" sizes=\"(max-width: 800px) 100vw, 800px\" \/><\/figure><\/div><div class=\"wp-block-getwid-images-slider__item\"><figure><img decoding=\"async\" width=\"800\" height=\"400\" src=\"https:\/\/www.comau.com\/wp-content\/uploads\/2021\/06\/05-1.jpg\" data-id=\"1204\" data-link=\"https:\/\/www.comau.com\/competencies\/consultancy-education\/schools-educatio\/05-3\/\" data-original-link=\"https:\/\/www.comau.com\/wp-content\/uploads\/2021\/06\/05-1.jpg\" class=\"wp-block-getwid-images-slider__image wp-image-6319\" srcset=\"https:\/\/www.comau.com\/wp-content\/uploads\/2021\/06\/05-1.jpg 800w, https:\/\/www.comau.com\/wp-content\/uploads\/2021\/06\/05-1-300x150.jpg 300w, https:\/\/www.comau.com\/wp-content\/uploads\/2021\/06\/05-1-768x384.jpg 768w\" sizes=\"(max-width: 800px) 100vw, 800px\" \/><\/figure><\/div><div class=\"wp-block-getwid-images-slider__item\"><figure><img decoding=\"async\" width=\"800\" height=\"400\" src=\"https:\/\/www.comau.com\/wp-content\/uploads\/2021\/06\/06-1.jpg\" data-id=\"1205\" data-link=\"https:\/\/www.comau.com\/competencies\/consultancy-education\/schools-educatio\/06-3\/\" data-original-link=\"https:\/\/www.comau.com\/wp-content\/uploads\/2021\/06\/06-1.jpg\" class=\"wp-block-getwid-images-slider__image wp-image-6320\" srcset=\"https:\/\/www.comau.com\/wp-content\/uploads\/2021\/06\/06-1.jpg 800w, https:\/\/www.comau.com\/wp-content\/uploads\/2021\/06\/06-1-300x150.jpg 300w, https:\/\/www.comau.com\/wp-content\/uploads\/2021\/06\/06-1-768x384.jpg 768w\" sizes=\"(max-width: 800px) 100vw, 800px\" \/><\/figure><\/div><div class=\"wp-block-getwid-images-slider__item\"><figure><img decoding=\"async\" width=\"800\" height=\"400\" src=\"https:\/\/www.comau.com\/wp-content\/uploads\/2021\/06\/07-1.jpg\" data-id=\"1206\" data-link=\"https:\/\/www.comau.com\/competencies\/consultancy-education\/schools-educatio\/07-3\/\" data-original-link=\"https:\/\/www.comau.com\/wp-content\/uploads\/2021\/06\/07-1.jpg\" class=\"wp-block-getwid-images-slider__image wp-image-6321\" srcset=\"https:\/\/www.comau.com\/wp-content\/uploads\/2021\/06\/07-1.jpg 800w, https:\/\/www.comau.com\/wp-content\/uploads\/2021\/06\/07-1-300x150.jpg 300w, https:\/\/www.comau.com\/wp-content\/uploads\/2021\/06\/07-1-768x384.jpg 768w\" sizes=\"(max-width: 800px) 100vw, 800px\" \/><\/figure><\/div><div class=\"wp-block-getwid-images-slider__item\"><figure><img decoding=\"async\" width=\"800\" height=\"400\" src=\"https:\/\/www.comau.com\/wp-content\/uploads\/2021\/06\/08-1.jpg\" data-id=\"1207\" data-link=\"https:\/\/www.comau.com\/competencies\/consultancy-education\/schools-educatio\/08-2\/\" data-original-link=\"https:\/\/www.comau.com\/wp-content\/uploads\/2021\/06\/08-1.jpg\" class=\"wp-block-getwid-images-slider__image wp-image-6322\" srcset=\"https:\/\/www.comau.com\/wp-content\/uploads\/2021\/06\/08-1.jpg 800w, https:\/\/www.comau.com\/wp-content\/uploads\/2021\/06\/08-1-300x150.jpg 300w, https:\/\/www.comau.com\/wp-content\/uploads\/2021\/06\/08-1-768x384.jpg 768w\" sizes=\"(max-width: 800px) 100vw, 800px\" \/><\/figure><\/div><div class=\"wp-block-getwid-images-slider__item\"><figure><img decoding=\"async\" width=\"800\" height=\"400\" src=\"https:\/\/www.comau.com\/wp-content\/uploads\/2021\/06\/09.jpg\" data-id=\"1208\" data-link=\"https:\/\/www.comau.com\/competencies\/consultancy-education\/schools-educatio\/attachment\/09\/\" data-original-link=\"https:\/\/www.comau.com\/wp-content\/uploads\/2021\/06\/09.jpg\" class=\"wp-block-getwid-images-slider__image wp-image-6323\" srcset=\"https:\/\/www.comau.com\/wp-content\/uploads\/2021\/06\/09.jpg 800w, https:\/\/www.comau.com\/wp-content\/uploads\/2021\/06\/09-300x150.jpg 300w, https:\/\/www.comau.com\/wp-content\/uploads\/2021\/06\/09-768x384.jpg 768w\" sizes=\"(max-width: 800px) 100vw, 800px\" \/><\/figure><\/div><\/div><\/div>\n","protected":false},"excerpt":{"rendered":"<p>Inspirierende und fesselnde Ausbildung Comau engagiert sich f\u00fcr eine enge Zusammenarbeit mit Studenten und Ausbildern, um den Einsatz der Robotik als innovatives Lerninstrument weiterzuentwickeln \u2013 beginnend mit unserer e.DO\u2122-Roboterplattform. e.DO ist ein flexibler, interaktiver Open-Source-Roboter, der daf\u00fcr entwickelt wurde, die Kreativit\u00e4t und Beteiligung innerhalb und au\u00dferhalb des Klassenraums anzuregen. Der Industrie 4.0-kompatible Roboter ist Teil [&hellip;]<\/p>\n","protected":false},"author":11,"featured_media":6313,"parent":6242,"menu_order":2,"comment_status":"closed","ping_status":"closed","template":"","meta":{"_acf_changed":false,"ep_exclude_from_search":false,"footnotes":""},"class_list":["post-6287","page","type-page","status-publish","has-post-thumbnail","hentry"],"acf":[],"yoast_head":"<!-- This site is optimized with the Yoast SEO plugin v26.9 - https:\/\/yoast.com\/product\/yoast-seo-wordpress\/ -->\n<title>Schools &amp; Education - Comau<\/title>\n<meta name=\"robots\" content=\"index, follow, max-snippet:-1, max-image-preview:large, max-video-preview:-1\" \/>\n<link rel=\"canonical\" href=\"https:\/\/www.comau.com\/de\/competencies\/systems\/consultancy-education\/schools-education\/\" \/>\n<meta property=\"og:locale\" content=\"de_DE\" \/>\n<meta property=\"og:type\" content=\"article\" \/>\n<meta property=\"og:title\" content=\"Schools &amp; Education - Comau\" \/>\n<meta property=\"og:description\" content=\"Inspirierende und fesselnde Ausbildung Comau engagiert sich f\u00fcr eine enge Zusammenarbeit mit Studenten und Ausbildern, um den Einsatz der Robotik als innovatives Lerninstrument weiterzuentwickeln \u2013 beginnend mit unserer e.DO\u2122-Roboterplattform. e.DO ist ein flexibler, interaktiver Open-Source-Roboter, der daf\u00fcr entwickelt wurde, die Kreativit\u00e4t und Beteiligung innerhalb und au\u00dferhalb des Klassenraums anzuregen. Der Industrie 4.0-kompatible Roboter ist Teil [&hellip;]\" \/>\n<meta property=\"og:url\" content=\"https:\/\/www.comau.com\/de\/competencies\/systems\/consultancy-education\/schools-education\/\" \/>\n<meta property=\"og:site_name\" content=\"Comau\" \/>\n<meta property=\"article:publisher\" content=\"https:\/\/www.facebook.com\/COMAU\/\" \/>\n<meta property=\"article:modified_time\" content=\"2021-07-16T16:56:05+00:00\" \/>\n<meta property=\"og:image\" content=\"https:\/\/www.comau.com\/wp-content\/uploads\/2021\/06\/e.DoAcademy_header.jpg\" \/>\n\t<meta property=\"og:image:width\" content=\"1280\" \/>\n\t<meta property=\"og:image:height\" content=\"485\" \/>\n\t<meta property=\"og:image:type\" content=\"image\/jpeg\" \/>\n<meta name=\"twitter:card\" content=\"summary_large_image\" \/>\n<meta name=\"twitter:site\" content=\"@comaugroup\" \/>\n<meta name=\"twitter:label1\" content=\"Gesch\u00e4tzte Lesezeit\" \/>\n\t<meta name=\"twitter:data1\" content=\"3\u00a0Minuten\" \/>\n<script type=\"application\/ld+json\" class=\"yoast-schema-graph\">{\"@context\":\"https:\/\/schema.org\",\"@graph\":[{\"@type\":\"WebPage\",\"@id\":\"https:\/\/www.comau.com\/de\/competencies\/systems\/consultancy-education\/schools-education\/\",\"url\":\"https:\/\/www.comau.com\/de\/competencies\/systems\/consultancy-education\/schools-education\/\",\"name\":\"Schools & Education - Comau\",\"isPartOf\":{\"@id\":\"https:\/\/www.comau.com\/de\/#website\"},\"primaryImageOfPage\":{\"@id\":\"https:\/\/www.comau.com\/de\/competencies\/systems\/consultancy-education\/schools-education\/#primaryimage\"},\"image\":{\"@id\":\"https:\/\/www.comau.com\/de\/competencies\/systems\/consultancy-education\/schools-education\/#primaryimage\"},\"thumbnailUrl\":\"https:\/\/www.comau.com\/wp-content\/uploads\/2021\/06\/e.DoAcademy_header.jpg\",\"datePublished\":\"2021-05-31T23:02:36+00:00\",\"dateModified\":\"2021-07-16T16:56:05+00:00\",\"breadcrumb\":{\"@id\":\"https:\/\/www.comau.com\/de\/competencies\/systems\/consultancy-education\/schools-education\/#breadcrumb\"},\"inLanguage\":\"de\",\"potentialAction\":[{\"@type\":\"ReadAction\",\"target\":[\"https:\/\/www.comau.com\/de\/competencies\/systems\/consultancy-education\/schools-education\/\"]}]},{\"@type\":\"ImageObject\",\"inLanguage\":\"de\",\"@id\":\"https:\/\/www.comau.com\/de\/competencies\/systems\/consultancy-education\/schools-education\/#primaryimage\",\"url\":\"https:\/\/www.comau.com\/wp-content\/uploads\/2021\/06\/e.DoAcademy_header.jpg\",\"contentUrl\":\"https:\/\/www.comau.com\/wp-content\/uploads\/2021\/06\/e.DoAcademy_header.jpg\",\"width\":1280,\"height\":485},{\"@type\":\"BreadcrumbList\",\"@id\":\"https:\/\/www.comau.com\/de\/competencies\/systems\/consultancy-education\/schools-education\/#breadcrumb\",\"itemListElement\":[{\"@type\":\"ListItem\",\"position\":1,\"name\":\"Home\",\"item\":\"https:\/\/www.comau.com\/de\/\"},{\"@type\":\"ListItem\",\"position\":2,\"name\":\"Unsere Kompetenzen\",\"item\":\"https:\/\/www.comau.com\/de\/competencies\/\"},{\"@type\":\"ListItem\",\"position\":3,\"name\":\"Consultancy &amp; Education\",\"item\":\"https:\/\/www.comau.com\/de\/competencies\/consultancy-education\/\"},{\"@type\":\"ListItem\",\"position\":4,\"name\":\"Schools &#038; Education\"}]},{\"@type\":\"WebSite\",\"@id\":\"https:\/\/www.comau.com\/de\/#website\",\"url\":\"https:\/\/www.comau.com\/de\/\",\"name\":\"Comau\",\"description\":\"Industrial automation and robotics\",\"publisher\":{\"@id\":\"https:\/\/www.comau.com\/de\/#organization\"},\"potentialAction\":[{\"@type\":\"SearchAction\",\"target\":{\"@type\":\"EntryPoint\",\"urlTemplate\":\"https:\/\/www.comau.com\/de\/?s={search_term_string}\"},\"query-input\":{\"@type\":\"PropertyValueSpecification\",\"valueRequired\":true,\"valueName\":\"search_term_string\"}}],\"inLanguage\":\"de\"},{\"@type\":\"Organization\",\"@id\":\"https:\/\/www.comau.com\/de\/#organization\",\"name\":\"Comau\",\"url\":\"https:\/\/www.comau.com\/de\/\",\"logo\":{\"@type\":\"ImageObject\",\"inLanguage\":\"de\",\"@id\":\"https:\/\/www.comau.com\/de\/#\/schema\/logo\/image\/\",\"url\":\"https:\/\/www.comau.com\/wp-content\/uploads\/2024\/07\/cropped-Logo-COMAU.png\",\"contentUrl\":\"https:\/\/www.comau.com\/wp-content\/uploads\/2024\/07\/cropped-Logo-COMAU.png\",\"width\":434,\"height\":434,\"caption\":\"Comau\"},\"image\":{\"@id\":\"https:\/\/www.comau.com\/de\/#\/schema\/logo\/image\/\"},\"sameAs\":[\"https:\/\/www.facebook.com\/COMAU\/\",\"https:\/\/x.com\/comaugroup\",\"https:\/\/www.instagram.com\/comaugroup\/\",\"https:\/\/www.linkedin.com\/company\/comau\",\"https:\/\/www.youtube.com\/user\/comau\"]}]}<\/script>\n<!-- \/ Yoast SEO plugin. -->","yoast_head_json":{"title":"Schools & Education - Comau","robots":{"index":"index","follow":"follow","max-snippet":"max-snippet:-1","max-image-preview":"max-image-preview:large","max-video-preview":"max-video-preview:-1"},"canonical":"https:\/\/www.comau.com\/de\/competencies\/systems\/consultancy-education\/schools-education\/","og_locale":"de_DE","og_type":"article","og_title":"Schools & Education - Comau","og_description":"Inspirierende und fesselnde Ausbildung Comau engagiert sich f\u00fcr eine enge Zusammenarbeit mit Studenten und Ausbildern, um den Einsatz der Robotik als innovatives Lerninstrument weiterzuentwickeln \u2013 beginnend mit unserer e.DO\u2122-Roboterplattform. e.DO ist ein flexibler, interaktiver Open-Source-Roboter, der daf\u00fcr entwickelt wurde, die Kreativit\u00e4t und Beteiligung innerhalb und au\u00dferhalb des Klassenraums anzuregen. Der Industrie 4.0-kompatible Roboter ist Teil [&hellip;]","og_url":"https:\/\/www.comau.com\/de\/competencies\/systems\/consultancy-education\/schools-education\/","og_site_name":"Comau","article_publisher":"https:\/\/www.facebook.com\/COMAU\/","article_modified_time":"2021-07-16T16:56:05+00:00","og_image":[{"width":1280,"height":485,"url":"https:\/\/www.comau.com\/wp-content\/uploads\/2021\/06\/e.DoAcademy_header.jpg","type":"image\/jpeg"}],"twitter_card":"summary_large_image","twitter_site":"@comaugroup","twitter_misc":{"Gesch\u00e4tzte Lesezeit":"3\u00a0Minuten"},"schema":{"@context":"https:\/\/schema.org","@graph":[{"@type":"WebPage","@id":"https:\/\/www.comau.com\/de\/competencies\/systems\/consultancy-education\/schools-education\/","url":"https:\/\/www.comau.com\/de\/competencies\/systems\/consultancy-education\/schools-education\/","name":"Schools & Education - Comau","isPartOf":{"@id":"https:\/\/www.comau.com\/de\/#website"},"primaryImageOfPage":{"@id":"https:\/\/www.comau.com\/de\/competencies\/systems\/consultancy-education\/schools-education\/#primaryimage"},"image":{"@id":"https:\/\/www.comau.com\/de\/competencies\/systems\/consultancy-education\/schools-education\/#primaryimage"},"thumbnailUrl":"https:\/\/www.comau.com\/wp-content\/uploads\/2021\/06\/e.DoAcademy_header.jpg","datePublished":"2021-05-31T23:02:36+00:00","dateModified":"2021-07-16T16:56:05+00:00","breadcrumb":{"@id":"https:\/\/www.comau.com\/de\/competencies\/systems\/consultancy-education\/schools-education\/#breadcrumb"},"inLanguage":"de","potentialAction":[{"@type":"ReadAction","target":["https:\/\/www.comau.com\/de\/competencies\/systems\/consultancy-education\/schools-education\/"]}]},{"@type":"ImageObject","inLanguage":"de","@id":"https:\/\/www.comau.com\/de\/competencies\/systems\/consultancy-education\/schools-education\/#primaryimage","url":"https:\/\/www.comau.com\/wp-content\/uploads\/2021\/06\/e.DoAcademy_header.jpg","contentUrl":"https:\/\/www.comau.com\/wp-content\/uploads\/2021\/06\/e.DoAcademy_header.jpg","width":1280,"height":485},{"@type":"BreadcrumbList","@id":"https:\/\/www.comau.com\/de\/competencies\/systems\/consultancy-education\/schools-education\/#breadcrumb","itemListElement":[{"@type":"ListItem","position":1,"name":"Home","item":"https:\/\/www.comau.com\/de\/"},{"@type":"ListItem","position":2,"name":"Unsere Kompetenzen","item":"https:\/\/www.comau.com\/de\/competencies\/"},{"@type":"ListItem","position":3,"name":"Consultancy &amp; Education","item":"https:\/\/www.comau.com\/de\/competencies\/consultancy-education\/"},{"@type":"ListItem","position":4,"name":"Schools &#038; Education"}]},{"@type":"WebSite","@id":"https:\/\/www.comau.com\/de\/#website","url":"https:\/\/www.comau.com\/de\/","name":"Comau","description":"Industrial automation and robotics","publisher":{"@id":"https:\/\/www.comau.com\/de\/#organization"},"potentialAction":[{"@type":"SearchAction","target":{"@type":"EntryPoint","urlTemplate":"https:\/\/www.comau.com\/de\/?s={search_term_string}"},"query-input":{"@type":"PropertyValueSpecification","valueRequired":true,"valueName":"search_term_string"}}],"inLanguage":"de"},{"@type":"Organization","@id":"https:\/\/www.comau.com\/de\/#organization","name":"Comau","url":"https:\/\/www.comau.com\/de\/","logo":{"@type":"ImageObject","inLanguage":"de","@id":"https:\/\/www.comau.com\/de\/#\/schema\/logo\/image\/","url":"https:\/\/www.comau.com\/wp-content\/uploads\/2024\/07\/cropped-Logo-COMAU.png","contentUrl":"https:\/\/www.comau.com\/wp-content\/uploads\/2024\/07\/cropped-Logo-COMAU.png","width":434,"height":434,"caption":"Comau"},"image":{"@id":"https:\/\/www.comau.com\/de\/#\/schema\/logo\/image\/"},"sameAs":["https:\/\/www.facebook.com\/COMAU\/","https:\/\/x.com\/comaugroup","https:\/\/www.instagram.com\/comaugroup\/","https:\/\/www.linkedin.com\/company\/comau","https:\/\/www.youtube.com\/user\/comau"]}]}},"_links":{"self":[{"href":"https:\/\/www.comau.com\/de\/wp-json\/wp\/v2\/pages\/6287","targetHints":{"allow":["GET"]}}],"collection":[{"href":"https:\/\/www.comau.com\/de\/wp-json\/wp\/v2\/pages"}],"about":[{"href":"https:\/\/www.comau.com\/de\/wp-json\/wp\/v2\/types\/page"}],"author":[{"embeddable":true,"href":"https:\/\/www.comau.com\/de\/wp-json\/wp\/v2\/users\/11"}],"replies":[{"embeddable":true,"href":"https:\/\/www.comau.com\/de\/wp-json\/wp\/v2\/comments?post=6287"}],"version-history":[{"count":12,"href":"https:\/\/www.comau.com\/de\/wp-json\/wp\/v2\/pages\/6287\/revisions"}],"predecessor-version":[{"id":24582,"href":"https:\/\/www.comau.com\/de\/wp-json\/wp\/v2\/pages\/6287\/revisions\/24582"}],"up":[{"embeddable":true,"href":"https:\/\/www.comau.com\/de\/wp-json\/wp\/v2\/pages\/6242"}],"wp:featuredmedia":[{"embeddable":true,"href":"https:\/\/www.comau.com\/de\/wp-json\/wp\/v2\/media\/6313"}],"wp:attachment":[{"href":"https:\/\/www.comau.com\/de\/wp-json\/wp\/v2\/media?parent=6287"}],"curies":[{"name":"wp","href":"https:\/\/api.w.org\/{rel}","templated":true}]}}