{"id":6272,"date":"2021-07-01T01:01:19","date_gmt":"2021-06-30T23:01:19","guid":{"rendered":"https:\/\/www.comau.com\/?page_id=6272"},"modified":"2021-08-27T17:21:26","modified_gmt":"2021-08-27T15:21:26","slug":"companies-professionals","status":"publish","type":"page","link":"https:\/\/www.comau.com\/de\/competencies\/systems\/consultancy-education\/companies-professionals\/","title":{"rendered":"Companies &#038; Professionals"},"content":{"rendered":"\n<h2 class=\"wp-block-heading\">Nutzen Sie einen Wettbewerbsvorteil oder eine Starthilfe f\u00fcr Ihre berufliche Karriere mit einer Comau-Schulung f\u00fcr Unternehmen und Fachpersonal<\/h2>\n\n\n\n<p>Unsere Schulungsprogramme f\u00fchren die fortschrittlichsten Lernressourcen zusammen, um die technischen Kompetenzen zu entwickeln, die f\u00fcr die neuen Produktionsherausforderungen ben\u00f6tigt werden. <\/p>\n\n\n\n<p>Unsere Schulungsprogramme f\u00fchren die fortschrittlichsten Lernressourcen zusammen, um die technischen Kompetenzen zu entwickeln, die f\u00fcr die neuen Produktionsherausforderungen ben\u00f6tigt werden.<\/p>\n\n\n\n<p>Es gen\u00fcgt nicht mehr, ein besseres Produkt oder eine modernere Technologie zu haben. Heutige Industrien m\u00fcssen ihre Produktionsabl\u00e4ufe kontinuierlich verbessern, um wettbewerbsf\u00e4hig zu bleiben.  \nUnternehmen jeder Gr\u00f6\u00dfenordnung k\u00f6nnen erfahren, wie sie ihre Produktionslinientechnologien erneuern und ihre Fertigungsm\u00f6glichkeiten ver\u00e4ndern, indem sie auf unsere mehr als 40-j\u00e4hrige Erfahrung in der Industrieautomatisierung zur\u00fcckgreifen.  <\/p>\n\n\n\n<p>\u00dcber zielorientierte Schulungen in industrieller Automatisierung stellen wir unsere Kultur der Automatisierung Firmen \u00fcberall auf der Welt zur Verf\u00fcgung. Mit Hilfe unseres einzigartigen praxisorientierten Ansatzes steigern diese Unternehmen die Qualit\u00e4t ihrer Belegschaft. Dar\u00fcber hinaus k\u00f6nnen sie ihre technischen Kompetenzen konsolidieren und innovative Prozesse, Systeme und Technologien beherrschen. <\/p>\n\n\n\n<p>Die Comau Project Management Academy (Comau PM Academy) basiert auf Lehrveranstaltungen, Informationsaustausch und Zusammenarbeit mit anderen Einrichtungen, um Unternehmen und Einzelpersonen \u00fcberall auf der Welt eine professionelle Fortbildungsschulung anzubieten. Die Comau PM Academy ist ein REP\u00ae (Registered Education Provider)-zertifizierter Schulungsanbieter und offiziell vom Project Management Institute (PMI\u00ae) anerkannt, der weltweit gr\u00f6\u00dften professionellen Projektmanagementvereinigung. Alle Kurse werden intern entwickelt und von Comau-Projektmanagementprofis abgehalten. So k\u00f6nnen wir praxisbew\u00e4hrte Erfahrung mit komplexen Projekten (pragmatischer Ansatz) und international anerkannten Projektmanagementverfahren (theoretischer Ansatz) verbinden. <\/p>\n\n\n\n<p>PMI ist ein eingetragenes Warenzeichen des Project Management Institute, Inc..<\/p>\n\n\n\n<div class=\"wp-block-columns columns-bg-dark three-per-row is-layout-flex wp-container-core-columns-is-layout-9d6595d7 wp-block-columns-is-layout-flex\">\n<div class=\"wp-block-column is-layout-flow wp-block-column-is-layout-flow\">\n<h3 class=\"wp-block-heading\">Master in Manufacturing Automation &amp; Digital Transformation<\/h3>\n\n\n\n<p>Machen Sie Ihren Master-Abschluss in Manufacturing Automation &amp; Digital Transformation und eignen Sie sich die erforderlichen Fach- und F\u00fchrungskompetenzen an, um fortschrittliche industrielle Automatisierungsl\u00f6sungen zu entwickeln und zu realisieren. Dieses innovative Programm ist eine Kombination aus Industrieautomatisierung, Personal- und Projektmanagement und Projektarbeit, die sich mit Themen einer fortschrittlichen Automatisierung befasst.<br><br><strong>Dauer: 260 Stunden insgesamt<br>4 Module an 3 internationalen Standorten<\/strong><\/p>\n\n\n\n<div class=\"wp-block-buttons is-layout-flex wp-block-buttons-is-layout-flex\">\n<div class=\"wp-block-button\"><a class=\"wp-block-button__link\" href=\"https:\/\/www.comau.com\/de\/competencies\/consultancy-education\/companies-professionals\/executive-master-in-manufacturing-automation-and-digital-transformation\/\">Weiterlesen<\/a><\/div>\n<\/div>\n<\/div>\n\n\n\n<div class=\"wp-block-column is-layout-flow wp-block-column-is-layout-flow\">\n<h3 class=\"wp-block-heading\">Workshop \u2013 Industry 4.0<\/h3>\n\n\n\n<p>Sind Sie bereit, die <strong>Chancen und Herausforderungen, die mit der fortschreitenden Digitalisierung moderner Unternehmen einhergehen<\/strong> in einem international anerkannten Schulungszentrum zu erkunden, das mit dem Ziel gegr\u00fcndet wurde, die 45-j\u00e4hrige Erfahrung von Comau Organisationen und Einzelpersonen zur Verf\u00fcgung zu stellen?<\/p>\n\n\n\n<div class=\"wp-block-buttons is-layout-flex wp-block-buttons-is-layout-flex\">\n<div class=\"wp-block-button\"><a class=\"wp-block-button__link\" href=\"https:\/\/www.comau.com\/en\/our-offer\/systems\/consultancy-education\/companies-professionals\/workshop-industry-4-0\/\">Weiterlesen<\/a><\/div>\n<\/div>\n<\/div>\n\n\n\n<div class=\"wp-block-column is-layout-flow wp-block-column-is-layout-flow\">\n<h3 class=\"wp-block-heading\">Grundlagen des Risikomanagements<\/h3>\n\n\n\n<p>Erweitern Sie Ihr Wissen \u00fcber das Projektrisikomanagement, einschlie\u00dflich dem Erkennen von Risiken sowie Ma\u00dfnahmen, um diese zu beseitigen, zu verringern und im Einklang mit den relevanten PMBOK\u00ae-Leitlinien \u201eA Guide to the Project Management Body of Knowledge (PMBOK\u00ae Guide) \u2013 5. Auflage, Project Management Institute, Inc., 2013)\u201d verantwortungsbewusst zu handhaben. PMBOK ist ein eingetragenes Warenzeichen des Project Management Institute, Inc.\n<br><br><strong>Dauer: 16 Stunden<\/strong><\/p>\n\n\n\n<div class=\"wp-block-buttons is-layout-flex wp-block-buttons-is-layout-flex\">\n<div class=\"wp-block-button\"><a class=\"wp-block-button__link\" href=\"https:\/\/www.comau.com\/de\/competencies\/consultancy-education\/companies-professionals\/risk-management-fundamentals\/\">Weiterlesen<\/a><\/div>\n<\/div>\n<\/div>\n<\/div>\n\n\n\n<div class=\"wp-block-columns columns-bg-dark three-per-row is-layout-flex wp-container-core-columns-is-layout-9d6595d7 wp-block-columns-is-layout-flex\">\n<div class=\"wp-block-column is-layout-flow wp-block-column-is-layout-flow\">\n<h3 class=\"wp-block-heading\">PMF \u2013 Projektmanagement<\/h3>\n\n\n\n<p>Erweitern Sie Ihre Kompetenz durch die Anwendung von Projektmanagementprozessen und -praktiken, indem Sie den Schwerpunkt auf das Definieren, Umsetzen, Verwalten, Leiten, \u00dcberwachen und Kontrollieren von Projekten und deren Komponenten legen.<br><br><strong>Dauer: 3 Tage <br>24 Berufsentwicklungseinheiten oder Kontaktstunden<\/strong><\/p>\n\n\n\n<div class=\"wp-block-buttons is-layout-flex wp-block-buttons-is-layout-flex\">\n<div class=\"wp-block-button\"><a class=\"wp-block-button__link\" href=\"https:\/\/www.comau.com\/de\/competencies\/consultancy-education\/companies-professionals\/pmf-project-management-fundamentals\/\">Weiterlesen<\/a><\/div>\n<\/div>\n<\/div>\n\n\n\n<div class=\"wp-block-column is-layout-flow wp-block-column-is-layout-flow\">\n<h3 class=\"wp-block-heading\">Project Management Professional (PMP)\u00ae-Zertifikat <\/h3>\n\n\n\n<p>Intensivschulung, bei der sowohl alle Project Management Institute (PMI\u00ae)-Prozesse, deren Beitr\u00e4ge, Instrumente, Techniken und Ergebnisse als auch weitergehende Kenntnisse in Personalmanagement, Qualit\u00e4tstheorien, Ethik und professioneller Verantwortung behandelt werden, die zum Bestehen der PMP\u00ae-Pr\u00fcfung erforderlich sind. PMP ist ein eingetragenes Warenzeichen des Project Management Institute, Inc.<br><br><strong>Dauer: 6 Tage<br>42 Berufsentwicklungseinheiten oder Kontaktstunden<\/strong><\/p>\n\n\n\n<div class=\"wp-block-buttons is-layout-flex wp-block-buttons-is-layout-flex\">\n<div class=\"wp-block-button\"><a class=\"wp-block-button__link\" href=\"https:\/\/www.comau.com\/de\/competencies\/consultancy-education\/companies-professionals\/professional-project-management-with-pmp-certification\/\">Weiterlesen<\/a><\/div>\n<\/div>\n<\/div>\n\n\n\n<div class=\"wp-block-column is-layout-flow wp-block-column-is-layout-flow\">\n<h3 class=\"wp-block-heading\">PME \u2013 Project Management Essentials<\/h3>\n\n\n\n<p>Verfeinern Sie Ihr Verst\u00e4ndnis f\u00fcr die Projektumgebung und verbessern Sie Ihre F\u00e4higkeit, Projektmanagementprozesse effizient anzuwenden. <br><br><strong>Dauer: 2 Tage <br>15 Berufsentwicklungseinheiten oder Kontaktstunden<\/strong><\/p>\n\n\n\n<div class=\"wp-block-buttons is-layout-flex wp-block-buttons-is-layout-flex\">\n<div class=\"wp-block-button\"><a class=\"wp-block-button__link\" href=\"https:\/\/www.comau.com\/de\/competencies\/consultancy-education\/companies-professionals\/project-management-essentials-pme\/\">Weiterlesen<\/a><\/div>\n<\/div>\n<\/div>\n<\/div>\n\n\n\n<div class=\"wp-block-columns columns-bg-dark four-per-row is-layout-flex wp-container-core-columns-is-layout-9d6595d7 wp-block-columns-is-layout-flex\">\n<div class=\"wp-block-column is-layout-flow wp-block-column-is-layout-flow\">\n<h3 class=\"wp-block-heading\">Benutzung und Programmierung<\/h3>\n\n\n\n<p>Erlernen Sie die Grundlagen der Benutzung und Programmierung von Robotersystemen. 1 Kurs, 4 Module, 4 Tage<\/p>\n\n\n\n<div class=\"wp-block-buttons is-layout-flex wp-block-buttons-is-layout-flex\">\n<div class=\"wp-block-button\"><a class=\"wp-block-button__link\" href=\"https:\/\/www.comau.com\/de\/competencies\/consultancy-education\/companies-professionals\/robotics-training-use-and-programming\/\">Weiterlesen<\/a><\/div>\n<\/div>\n<\/div>\n\n\n\n<div class=\"wp-block-column is-layout-flow wp-block-column-is-layout-flow\">\n<h3 class=\"wp-block-heading\">Weiterf\u00fchrende Programmierung und Integration<\/h3>\n\n\n\n<p>Erweitern Sie Ihre Kompetenzen im Bereich PDL2-Programmierung und Kommunikationsmittel.<\/p>\n\n\n\n<div class=\"wp-block-buttons is-layout-flex wp-block-buttons-is-layout-flex\">\n<div class=\"wp-block-button\"><a class=\"wp-block-button__link\" href=\"https:\/\/www.comau.com\/de\/competencies\/consultancy-education\/companies-professionals\/robotics-training-advanced-programming-and-integration\/\">Weiterlesen<\/a><\/div>\n<\/div>\n<\/div>\n\n\n\n<div class=\"wp-block-column is-layout-flow wp-block-column-is-layout-flow\">\n<h3 class=\"wp-block-heading\">Anwendung<\/h3>\n\n\n\n<p>Verbessern Sie Ihre Kenntnisse und erlernen Sie die Benutzung von Anwendungsprogrammschnittstellen.<\/p>\n\n\n\n<div class=\"wp-block-buttons is-layout-flex wp-block-buttons-is-layout-flex\">\n<div class=\"wp-block-button\"><a class=\"wp-block-button__link\" href=\"https:\/\/www.comau.com\/de\/competencies\/consultancy-education\/companies-professionals\/robotics-training-application\/\">Weiterlesen<\/a><\/div>\n<\/div>\n<\/div>\n\n\n\n<div class=\"wp-block-column is-layout-flow wp-block-column-is-layout-flow\">\n<h3 class=\"wp-block-heading\">Instandhaltung<\/h3>\n\n\n\n<p>Erweitern Sie Ihre Kompetenzen im Bereich elektrische und mechanische Instandhaltung.<\/p>\n\n\n\n<div class=\"wp-block-buttons is-layout-flex wp-block-buttons-is-layout-flex\">\n<div class=\"wp-block-button\"><a class=\"wp-block-button__link\" href=\"https:\/\/www.comau.com\/de\/competencies\/consultancy-education\/companies-professionals\/robotics-training-maintenance\/\">Weiterlesen<\/a><\/div>\n<\/div>\n<\/div>\n<\/div>\n","protected":false},"excerpt":{"rendered":"<p>Nutzen Sie einen Wettbewerbsvorteil oder eine Starthilfe f\u00fcr Ihre berufliche Karriere mit einer Comau-Schulung f\u00fcr Unternehmen und Fachpersonal Unsere Schulungsprogramme f\u00fchren die fortschrittlichsten Lernressourcen zusammen, um die technischen Kompetenzen zu entwickeln, die f\u00fcr die neuen Produktionsherausforderungen ben\u00f6tigt werden. Unsere Schulungsprogramme f\u00fchren die fortschrittlichsten Lernressourcen zusammen, um die technischen Kompetenzen zu entwickeln, die f\u00fcr die neuen [&hellip;]<\/p>\n","protected":false},"author":11,"featured_media":6281,"parent":6242,"menu_order":1,"comment_status":"closed","ping_status":"closed","template":"","meta":{"_acf_changed":false,"ep_exclude_from_search":false,"footnotes":""},"class_list":["post-6272","page","type-page","status-publish","has-post-thumbnail","hentry"],"acf":[],"yoast_head":"<!-- This site is optimized with the Yoast SEO plugin v26.9 - https:\/\/yoast.com\/product\/yoast-seo-wordpress\/ -->\n<title>Comau Academy f\u00fcr Unternehmen und Fachleute - Comau<\/title>\n<meta name=\"description\" content=\"Gewinnen Sie Wettbewerbsvorteile und verbessern Sie Ihr Know-how mit den Schulungen der Comau Academy f\u00fcr Unternehmen und Fachleute\" \/>\n<meta name=\"robots\" content=\"index, follow, max-snippet:-1, max-image-preview:large, max-video-preview:-1\" \/>\n<link rel=\"canonical\" href=\"https:\/\/www.comau.com\/de\/competencies\/systems\/consultancy-education\/companies-professionals\/\" \/>\n<meta property=\"og:locale\" content=\"de_DE\" \/>\n<meta property=\"og:type\" content=\"article\" \/>\n<meta property=\"og:title\" content=\"Comau Academy f\u00fcr Unternehmen und Fachleute - Comau\" \/>\n<meta property=\"og:description\" content=\"Gewinnen Sie Wettbewerbsvorteile und verbessern Sie Ihr Know-how mit den Schulungen der Comau Academy f\u00fcr Unternehmen und Fachleute\" \/>\n<meta property=\"og:url\" content=\"https:\/\/www.comau.com\/de\/competencies\/systems\/consultancy-education\/companies-professionals\/\" \/>\n<meta property=\"og:site_name\" content=\"Comau\" \/>\n<meta property=\"article:publisher\" content=\"https:\/\/www.facebook.com\/COMAU\/\" \/>\n<meta property=\"article:modified_time\" content=\"2021-08-27T15:21:26+00:00\" \/>\n<meta property=\"og:image\" content=\"https:\/\/www.comau.com\/wp-content\/uploads\/2021\/06\/header_DSC1940.png\" \/>\n\t<meta property=\"og:image:width\" content=\"1280\" \/>\n\t<meta property=\"og:image:height\" content=\"485\" \/>\n\t<meta property=\"og:image:type\" content=\"image\/png\" \/>\n<meta name=\"twitter:card\" content=\"summary_large_image\" \/>\n<meta name=\"twitter:site\" content=\"@comaugroup\" \/>\n<meta name=\"twitter:label1\" content=\"Gesch\u00e4tzte Lesezeit\" \/>\n\t<meta name=\"twitter:data1\" content=\"3\u00a0Minuten\" \/>\n<script type=\"application\/ld+json\" class=\"yoast-schema-graph\">{\"@context\":\"https:\/\/schema.org\",\"@graph\":[{\"@type\":\"WebPage\",\"@id\":\"https:\/\/www.comau.com\/de\/competencies\/systems\/consultancy-education\/companies-professionals\/\",\"url\":\"https:\/\/www.comau.com\/de\/competencies\/systems\/consultancy-education\/companies-professionals\/\",\"name\":\"Comau Academy f\u00fcr Unternehmen und Fachleute - Comau\",\"isPartOf\":{\"@id\":\"https:\/\/www.comau.com\/de\/#website\"},\"primaryImageOfPage\":{\"@id\":\"https:\/\/www.comau.com\/de\/competencies\/systems\/consultancy-education\/companies-professionals\/#primaryimage\"},\"image\":{\"@id\":\"https:\/\/www.comau.com\/de\/competencies\/systems\/consultancy-education\/companies-professionals\/#primaryimage\"},\"thumbnailUrl\":\"https:\/\/www.comau.com\/wp-content\/uploads\/2021\/06\/header_DSC1940.png\",\"datePublished\":\"2021-06-30T23:01:19+00:00\",\"dateModified\":\"2021-08-27T15:21:26+00:00\",\"description\":\"Gewinnen Sie Wettbewerbsvorteile und verbessern Sie Ihr Know-how mit den Schulungen der Comau Academy f\u00fcr Unternehmen und Fachleute\",\"breadcrumb\":{\"@id\":\"https:\/\/www.comau.com\/de\/competencies\/systems\/consultancy-education\/companies-professionals\/#breadcrumb\"},\"inLanguage\":\"de\",\"potentialAction\":[{\"@type\":\"ReadAction\",\"target\":[\"https:\/\/www.comau.com\/de\/competencies\/systems\/consultancy-education\/companies-professionals\/\"]}]},{\"@type\":\"ImageObject\",\"inLanguage\":\"de\",\"@id\":\"https:\/\/www.comau.com\/de\/competencies\/systems\/consultancy-education\/companies-professionals\/#primaryimage\",\"url\":\"https:\/\/www.comau.com\/wp-content\/uploads\/2021\/06\/header_DSC1940.png\",\"contentUrl\":\"https:\/\/www.comau.com\/wp-content\/uploads\/2021\/06\/header_DSC1940.png\",\"width\":1280,\"height\":485},{\"@type\":\"BreadcrumbList\",\"@id\":\"https:\/\/www.comau.com\/de\/competencies\/systems\/consultancy-education\/companies-professionals\/#breadcrumb\",\"itemListElement\":[{\"@type\":\"ListItem\",\"position\":1,\"name\":\"Home\",\"item\":\"https:\/\/www.comau.com\/de\/\"},{\"@type\":\"ListItem\",\"position\":2,\"name\":\"Unsere Kompetenzen\",\"item\":\"https:\/\/www.comau.com\/de\/competencies\/\"},{\"@type\":\"ListItem\",\"position\":3,\"name\":\"Consultancy &amp; Education\",\"item\":\"https:\/\/www.comau.com\/de\/competencies\/consultancy-education\/\"},{\"@type\":\"ListItem\",\"position\":4,\"name\":\"Companies &#038; Professionals\"}]},{\"@type\":\"WebSite\",\"@id\":\"https:\/\/www.comau.com\/de\/#website\",\"url\":\"https:\/\/www.comau.com\/de\/\",\"name\":\"Comau\",\"description\":\"Industrial automation and robotics\",\"publisher\":{\"@id\":\"https:\/\/www.comau.com\/de\/#organization\"},\"potentialAction\":[{\"@type\":\"SearchAction\",\"target\":{\"@type\":\"EntryPoint\",\"urlTemplate\":\"https:\/\/www.comau.com\/de\/?s={search_term_string}\"},\"query-input\":{\"@type\":\"PropertyValueSpecification\",\"valueRequired\":true,\"valueName\":\"search_term_string\"}}],\"inLanguage\":\"de\"},{\"@type\":\"Organization\",\"@id\":\"https:\/\/www.comau.com\/de\/#organization\",\"name\":\"Comau\",\"url\":\"https:\/\/www.comau.com\/de\/\",\"logo\":{\"@type\":\"ImageObject\",\"inLanguage\":\"de\",\"@id\":\"https:\/\/www.comau.com\/de\/#\/schema\/logo\/image\/\",\"url\":\"https:\/\/www.comau.com\/wp-content\/uploads\/2024\/07\/cropped-Logo-COMAU.png\",\"contentUrl\":\"https:\/\/www.comau.com\/wp-content\/uploads\/2024\/07\/cropped-Logo-COMAU.png\",\"width\":434,\"height\":434,\"caption\":\"Comau\"},\"image\":{\"@id\":\"https:\/\/www.comau.com\/de\/#\/schema\/logo\/image\/\"},\"sameAs\":[\"https:\/\/www.facebook.com\/COMAU\/\",\"https:\/\/x.com\/comaugroup\",\"https:\/\/www.instagram.com\/comaugroup\/\",\"https:\/\/www.linkedin.com\/company\/comau\",\"https:\/\/www.youtube.com\/user\/comau\"]}]}<\/script>\n<!-- \/ Yoast SEO plugin. -->","yoast_head_json":{"title":"Comau Academy f\u00fcr Unternehmen und Fachleute - Comau","description":"Gewinnen Sie Wettbewerbsvorteile und verbessern Sie Ihr Know-how mit den Schulungen der Comau Academy f\u00fcr Unternehmen und Fachleute","robots":{"index":"index","follow":"follow","max-snippet":"max-snippet:-1","max-image-preview":"max-image-preview:large","max-video-preview":"max-video-preview:-1"},"canonical":"https:\/\/www.comau.com\/de\/competencies\/systems\/consultancy-education\/companies-professionals\/","og_locale":"de_DE","og_type":"article","og_title":"Comau Academy f\u00fcr Unternehmen und Fachleute - Comau","og_description":"Gewinnen Sie Wettbewerbsvorteile und verbessern Sie Ihr Know-how mit den Schulungen der Comau Academy f\u00fcr Unternehmen und Fachleute","og_url":"https:\/\/www.comau.com\/de\/competencies\/systems\/consultancy-education\/companies-professionals\/","og_site_name":"Comau","article_publisher":"https:\/\/www.facebook.com\/COMAU\/","article_modified_time":"2021-08-27T15:21:26+00:00","og_image":[{"width":1280,"height":485,"url":"https:\/\/www.comau.com\/wp-content\/uploads\/2021\/06\/header_DSC1940.png","type":"image\/png"}],"twitter_card":"summary_large_image","twitter_site":"@comaugroup","twitter_misc":{"Gesch\u00e4tzte Lesezeit":"3\u00a0Minuten"},"schema":{"@context":"https:\/\/schema.org","@graph":[{"@type":"WebPage","@id":"https:\/\/www.comau.com\/de\/competencies\/systems\/consultancy-education\/companies-professionals\/","url":"https:\/\/www.comau.com\/de\/competencies\/systems\/consultancy-education\/companies-professionals\/","name":"Comau Academy f\u00fcr Unternehmen und Fachleute - Comau","isPartOf":{"@id":"https:\/\/www.comau.com\/de\/#website"},"primaryImageOfPage":{"@id":"https:\/\/www.comau.com\/de\/competencies\/systems\/consultancy-education\/companies-professionals\/#primaryimage"},"image":{"@id":"https:\/\/www.comau.com\/de\/competencies\/systems\/consultancy-education\/companies-professionals\/#primaryimage"},"thumbnailUrl":"https:\/\/www.comau.com\/wp-content\/uploads\/2021\/06\/header_DSC1940.png","datePublished":"2021-06-30T23:01:19+00:00","dateModified":"2021-08-27T15:21:26+00:00","description":"Gewinnen Sie Wettbewerbsvorteile und verbessern Sie Ihr Know-how mit den Schulungen der Comau Academy f\u00fcr Unternehmen und Fachleute","breadcrumb":{"@id":"https:\/\/www.comau.com\/de\/competencies\/systems\/consultancy-education\/companies-professionals\/#breadcrumb"},"inLanguage":"de","potentialAction":[{"@type":"ReadAction","target":["https:\/\/www.comau.com\/de\/competencies\/systems\/consultancy-education\/companies-professionals\/"]}]},{"@type":"ImageObject","inLanguage":"de","@id":"https:\/\/www.comau.com\/de\/competencies\/systems\/consultancy-education\/companies-professionals\/#primaryimage","url":"https:\/\/www.comau.com\/wp-content\/uploads\/2021\/06\/header_DSC1940.png","contentUrl":"https:\/\/www.comau.com\/wp-content\/uploads\/2021\/06\/header_DSC1940.png","width":1280,"height":485},{"@type":"BreadcrumbList","@id":"https:\/\/www.comau.com\/de\/competencies\/systems\/consultancy-education\/companies-professionals\/#breadcrumb","itemListElement":[{"@type":"ListItem","position":1,"name":"Home","item":"https:\/\/www.comau.com\/de\/"},{"@type":"ListItem","position":2,"name":"Unsere Kompetenzen","item":"https:\/\/www.comau.com\/de\/competencies\/"},{"@type":"ListItem","position":3,"name":"Consultancy &amp; Education","item":"https:\/\/www.comau.com\/de\/competencies\/consultancy-education\/"},{"@type":"ListItem","position":4,"name":"Companies &#038; Professionals"}]},{"@type":"WebSite","@id":"https:\/\/www.comau.com\/de\/#website","url":"https:\/\/www.comau.com\/de\/","name":"Comau","description":"Industrial automation and robotics","publisher":{"@id":"https:\/\/www.comau.com\/de\/#organization"},"potentialAction":[{"@type":"SearchAction","target":{"@type":"EntryPoint","urlTemplate":"https:\/\/www.comau.com\/de\/?s={search_term_string}"},"query-input":{"@type":"PropertyValueSpecification","valueRequired":true,"valueName":"search_term_string"}}],"inLanguage":"de"},{"@type":"Organization","@id":"https:\/\/www.comau.com\/de\/#organization","name":"Comau","url":"https:\/\/www.comau.com\/de\/","logo":{"@type":"ImageObject","inLanguage":"de","@id":"https:\/\/www.comau.com\/de\/#\/schema\/logo\/image\/","url":"https:\/\/www.comau.com\/wp-content\/uploads\/2024\/07\/cropped-Logo-COMAU.png","contentUrl":"https:\/\/www.comau.com\/wp-content\/uploads\/2024\/07\/cropped-Logo-COMAU.png","width":434,"height":434,"caption":"Comau"},"image":{"@id":"https:\/\/www.comau.com\/de\/#\/schema\/logo\/image\/"},"sameAs":["https:\/\/www.facebook.com\/COMAU\/","https:\/\/x.com\/comaugroup","https:\/\/www.instagram.com\/comaugroup\/","https:\/\/www.linkedin.com\/company\/comau","https:\/\/www.youtube.com\/user\/comau"]}]}},"_links":{"self":[{"href":"https:\/\/www.comau.com\/de\/wp-json\/wp\/v2\/pages\/6272","targetHints":{"allow":["GET"]}}],"collection":[{"href":"https:\/\/www.comau.com\/de\/wp-json\/wp\/v2\/pages"}],"about":[{"href":"https:\/\/www.comau.com\/de\/wp-json\/wp\/v2\/types\/page"}],"author":[{"embeddable":true,"href":"https:\/\/www.comau.com\/de\/wp-json\/wp\/v2\/users\/11"}],"replies":[{"embeddable":true,"href":"https:\/\/www.comau.com\/de\/wp-json\/wp\/v2\/comments?post=6272"}],"version-history":[{"count":36,"href":"https:\/\/www.comau.com\/de\/wp-json\/wp\/v2\/pages\/6272\/revisions"}],"predecessor-version":[{"id":38602,"href":"https:\/\/www.comau.com\/de\/wp-json\/wp\/v2\/pages\/6272\/revisions\/38602"}],"up":[{"embeddable":true,"href":"https:\/\/www.comau.com\/de\/wp-json\/wp\/v2\/pages\/6242"}],"wp:featuredmedia":[{"embeddable":true,"href":"https:\/\/www.comau.com\/de\/wp-json\/wp\/v2\/media\/6281"}],"wp:attachment":[{"href":"https:\/\/www.comau.com\/de\/wp-json\/wp\/v2\/media?parent=6272"}],"curies":[{"name":"wp","href":"https:\/\/api.w.org\/{rel}","templated":true}]}}