{"id":6242,"date":"2021-07-01T00:06:04","date_gmt":"2021-06-30T22:06:04","guid":{"rendered":"https:\/\/www.comau.com\/?page_id=6242"},"modified":"2022-10-25T17:16:37","modified_gmt":"2022-10-25T15:16:37","slug":"consultancy-education","status":"publish","type":"page","link":"https:\/\/www.comau.com\/de\/competencies\/systems\/consultancy-education\/","title":{"rendered":"Consultancy &amp; Education"},"content":{"rendered":"\n<h2 class=\"wp-block-heading\">Lernen durch Erfahrung<\/h2>\n\n\n\n<p>Unser Unternehmen besteht aus Menschen und deren Know-how. <\/p>\n\n\n\n<p>Als Repr\u00e4sentanten der Automatisierungskultur wollen wir \u00fcber die Comau Academy unser Wissen weitergeben, indem wir Master-Abschl\u00fcsse, Schulungsprogramme, Seminare und Publikationen f\u00fcr Unternehmen, Fachleute und junge Talente anbieten. <\/p>\n\n\n\n<h2 class=\"wp-block-heading\">Kurse<\/h2>\n\n\n\n<p>Die Comau Academy hat ein umfangreiches Kursangebot speziell f\u00fcr Fachkr\u00e4fte und junge Talente. <\/p>\n\n\n\n<p>Entdecken Sie unsere Angebote und investieren Sie in Ihre Zukunft.<\/p>\n\n\n\n<p><em>Eignen Sie sich die technischen und f\u00fchrungsrelevanten Kompetenzen an, um fortschrittliche industrielle Automatisierungsl\u00f6sungen zu entwickeln und zu realisieren.<\/em><\/p>\n\n\n\n<h2 class=\"wp-block-heading\">Schulungsprogramme f\u00fcr Unternehmen und Fachkr\u00e4ft <\/h2>\n\n\n\n<p>Die Fertigungswelt ver\u00e4ndert sich.  <br>Zur Bew\u00e4ltigung der neuen Produktionsanforderungen braucht man die besten Fachleute. <\/p>\n\n\n\n<figure class=\"wp-block-image size-large\"><img decoding=\"async\" width=\"1024\" height=\"388\" src=\"https:\/\/www.comau.com\/wp-content\/uploads\/2021\/06\/header_DSC1940-1024x388.png\" alt=\"\" class=\"wp-image-1080\" srcset=\"https:\/\/www.comau.com\/wp-content\/uploads\/2021\/06\/header_DSC1940-1024x388.png 1024w, https:\/\/www.comau.com\/wp-content\/uploads\/2021\/06\/header_DSC1940-300x114.png 300w, https:\/\/www.comau.com\/wp-content\/uploads\/2021\/06\/header_DSC1940-768x291.png 768w, https:\/\/www.comau.com\/wp-content\/uploads\/2021\/06\/header_DSC1940.png 1280w\" sizes=\"(max-width: 1024px) 100vw, 1024px\" \/><\/figure>\n\n\n\n<div class=\"wp-block-buttons is-layout-flex wp-block-buttons-is-layout-flex\">\n<div class=\"wp-block-button\"><a class=\"wp-block-button__link\" href=\"https:\/\/www.comau.com\/de\/competencies\/systems\/consultancy-education\/companies-professionals\/\">Entdecke mehr<\/a><\/div>\n<\/div>\n\n\n\n<h2 class=\"wp-block-heading\">Robotikschulung<\/h2>\n\n\n\n<figure class=\"wp-block-image size-large\"><img decoding=\"async\" width=\"1024\" height=\"388\" src=\"https:\/\/www.comau.com\/wp-content\/uploads\/2021\/07\/Edo-per-research.jpg\" alt=\"\" class=\"wp-image-6260\" srcset=\"https:\/\/www.comau.com\/wp-content\/uploads\/2021\/07\/Edo-per-research.jpg 1024w, https:\/\/www.comau.com\/wp-content\/uploads\/2021\/07\/Edo-per-research-300x114.jpg 300w, https:\/\/www.comau.com\/wp-content\/uploads\/2021\/07\/Edo-per-research-768x291.jpg 768w\" sizes=\"(max-width: 1024px) 100vw, 1024px\" \/><\/figure>\n\n\n\n<figure class=\"wp-block-embed is-type-wp-embed is-provider-comau wp-block-embed-comau\"><div class=\"wp-block-embed__wrapper\">\n<blockquote class=\"wp-embedded-content\" data-secret=\"1C7IJOZEDM\"><a href=\"https:\/\/www.comau.com\/en\/competencies\/consultancy-education\/robotics-license\/\">Robotics License<\/a><\/blockquote><iframe class=\"wp-embedded-content\" sandbox=\"allow-scripts\" security=\"restricted\" style=\"position: absolute; clip: rect(1px, 1px, 1px, 1px);\" title=\"&#8222;Robotics License&#8220; &#8212; Comau\" src=\"https:\/\/www.comau.com\/en\/competencies\/consultancy-education\/robotics-license\/embed\/#?secret=ONsGT6sG9H#?secret=1C7IJOZEDM\" data-secret=\"1C7IJOZEDM\" width=\"600\" height=\"338\" frameborder=\"0\" marginwidth=\"0\" marginheight=\"0\" scrolling=\"no\"><\/iframe>\n<\/div><\/figure>\n\n\n\n<div class=\"wp-block-buttons is-layout-flex wp-block-buttons-is-layout-flex\">\n<div class=\"wp-block-button\"><a class=\"wp-block-button__link\" href=\"https:\/\/www.comau.com\/de\/competencies\/systems\/consultancy-education\/robotics-license\/\">Entdecke mehr<\/a><\/div>\n<\/div>\n\n\n\n<h2 class=\"wp-block-heading\">Schulungsprogramme f\u00fcr Junge Talente<\/h2>\n\n\n\n<p>Hier bei Comau glauben wir an junge Talente und m\u00f6chten in deren Zukunft investieren. <\/p>\n\n\n\n<figure class=\"wp-block-image size-large\"><img decoding=\"async\" width=\"1024\" height=\"388\" src=\"https:\/\/www.comau.com\/wp-content\/uploads\/2021\/06\/header_DSC1951-1024x388.png\" alt=\"\" class=\"wp-image-1212\" srcset=\"https:\/\/www.comau.com\/wp-content\/uploads\/2021\/06\/header_DSC1951-1024x388.png 1024w, https:\/\/www.comau.com\/wp-content\/uploads\/2021\/06\/header_DSC1951-300x114.png 300w, https:\/\/www.comau.com\/wp-content\/uploads\/2021\/06\/header_DSC1951-768x291.png 768w, https:\/\/www.comau.com\/wp-content\/uploads\/2021\/06\/header_DSC1951.png 1280w\" sizes=\"(max-width: 1024px) 100vw, 1024px\" \/><\/figure>\n\n\n\n<div class=\"wp-block-buttons is-layout-flex wp-block-buttons-is-layout-flex\">\n<div class=\"wp-block-button\"><a class=\"wp-block-button__link\" href=\"https:\/\/www.comau.com\/de\/competencies\/systems\/consultancy-education\/young-talents\/\">Entdecke mehr<\/a><\/div>\n<\/div>\n\n\n\n<h2 class=\"wp-block-heading\">Begeisternde und fesselnde e.DO\u2122-Erfahrung<\/h2>\n\n\n\n<p>Bei Comau <strong>arbeiten wir direkt mit Sch\u00fclern und Lehrern zusammen, um den Einsatz der Robotik als innovatives Lerninstrument weiterzuentwickeln.<\/strong><\/p>\n\n\n\n<p><strong>e.DO\u2122 ist ein flexibler und \u00e4u\u00dferst vielseitiger interaktiver Roboter<\/strong>, der entwickelt wurde, um <strong>kritisches Denken<\/strong> und Probleml\u00f6sen sowie die Beteiligung der Auszubildenden innerhalb und au\u00dferhalb des Klassenzimmers anzuregen.<\/p>\n\n\n\n<p>Von <strong>aktivit\u00e4tsbasiertem Mathematikunterricht f\u00fcr Grundschulen bis hin zu fortgeschrittenem Mathematikunterricht mit Aspekten der Physik und Wirtschaftswissenschaften f\u00fcr Oberstufensch\u00fcler <\/strong>macht e.DO Spa\u00df beim Lernen und hilft dabei, Sch\u00fcler jeden Alters auf die Zukunft vorzubereiten.<\/p>\n\n\n\n<p>Unser auf Robotik basierendes Lernangebot unterst\u00fctzt sogar Oberstufensch\u00fcler beim Erwerb eines <strong>international anerkannten Robotik-Zertifikats<\/strong>. Die e.DO-Ausbildungsphilosophie hilft immer mehr Lehrern, Robotik im Klassenzimmer als Teil eines modernen und sehr relevanten Lernwegs von der Schule in den Beruf einzusetzen.<\/p>\n\n\n\n<div class=\"wp-block-group\"><div class=\"wp-block-group__inner-container is-layout-flow wp-block-group-is-layout-flow\">\n<div class=\"wp-block-group\"><div class=\"wp-block-group__inner-container is-layout-flow wp-block-group-is-layout-flow\"><\/div><\/div>\n<\/div><\/div>\n\n\n\n<div class=\"wp-block-buttons is-layout-flex wp-block-buttons-is-layout-flex\">\n<div class=\"wp-block-button\"><a class=\"wp-block-button__link\" href=\"https:\/\/www.comau.com\/de\/competencies\/systems\/consultancy-education\/e-do-experience\/\">Entdecke mehr<\/a><\/div>\n\n\n\n<div class=\"wp-block-button\"><a class=\"wp-block-button__link\" href=\"https:\/\/edo.cloud\/\" target=\"_blank\" rel=\"noreferrer noopener\">Entdecke e.DO\u2122 Experience<\/a><\/div>\n<\/div>\n\n\n\n<h2 class=\"wp-block-heading\">Online-Kurse<\/h2>\n\n\n\n<p>Verbessern Sie Ihre Kompetenzen mit unseren Web Academy \u2013 direkt an Ihrem Schreibtisch.<\/p>\n\n\n\n<figure class=\"wp-block-image size-large\"><img decoding=\"async\" width=\"1024\" height=\"404\" src=\"https:\/\/www.comau.com\/wp-content\/uploads\/2021\/06\/online-courses-1024x404.jpg\" alt=\"\" class=\"wp-image-1141\" srcset=\"https:\/\/www.comau.com\/wp-content\/uploads\/2021\/06\/online-courses-1024x404.jpg 1024w, https:\/\/www.comau.com\/wp-content\/uploads\/2021\/06\/online-courses-300x118.jpg 300w, https:\/\/www.comau.com\/wp-content\/uploads\/2021\/06\/online-courses-768x303.jpg 768w, https:\/\/www.comau.com\/wp-content\/uploads\/2021\/06\/online-courses.jpg 1180w\" sizes=\"(max-width: 1024px) 100vw, 1024px\" \/><\/figure>\n\n\n\n<div class=\"wp-block-buttons is-layout-flex wp-block-buttons-is-layout-flex\">\n<div class=\"wp-block-button\"><a class=\"wp-block-button__link\" href=\"https:\/\/www.comau.com\/de\/competencies\/systems\/consultancy-education\/web-academy\/\">Entdecke mehr<\/a><\/div>\n<\/div>\n\n\n\n<div class=\"wp-block-columns align-items-center compact-rows wide-section-light-1 is-layout-flex wp-container-core-columns-is-layout-9d6595d7 wp-block-columns-is-layout-flex\">\n<div class=\"wp-block-column is-layout-flow wp-block-column-is-layout-flow\">\n<h2 class=\"wp-block-heading\">Publikationen<\/h2>\n\n\n\n<p>Aus 45 Jahren Erfahrung in der Industrieautomation stammen eine Reihe von Betriebs-, Management- und praktischen Leitf\u00e4den von Comau. <strong>Project &amp; People Management \u2013 An Operational Guide<\/strong> veranschaulicht die Erfahrungen, Methoden und Praktiken, die von der Comau Group weltweit zum Management von Projekten und Mitarbeitern eingesetzt werden.<\/p>\n\n\n\n<p><\/p>\n\n\n\n<p><strong>Managing Challenges Across Cultures \u2013 A Multicultural Project Team Toolbox<\/strong> pr\u00e4sentiert die Ergebnisse eines mehrj\u00e4hrigen Programms, das von der Comau Project Management Academy in Zusammenarbeit mit TCO International durchgef\u00fchrt wurde.<\/p>\n\n\n\n<p>Ver\u00f6ffentlicht im Jahr 2018,<strong> Giovani, Universit\u00e0 e Azienda: il nuovo perimetro formativo- L&#8217;esperienza della Project &amp; People Management School <\/strong>(junge Menschen, Universit\u00e4ten und Unternehmen; der neue Schulungsumfang \u2013 Die Erfahrung der Schule f\u00fcr Projekt- und Mitarbeiter-Management) pr\u00e4sentiert das Ausbildungsmodell der P&amp;PM School Comau, ein Ausdruck der strategischen Zusammenarbeit zwischen der akademischen und der Gesch\u00e4ftswelt.<\/p>\n\n\n\n<div class=\"wp-block-buttons is-layout-flex wp-block-buttons-is-layout-flex\">\n<div class=\"wp-block-button\"><a class=\"wp-block-button__link\" href=\"https:\/\/www.comau.com\/de\/competencies\/systems\/consultancy-education\/publications\/\">Weiterlesen<\/a><\/div>\n<\/div>\n<\/div>\n\n\n\n<div class=\"wp-block-column is-layout-flow wp-block-column-is-layout-flow\">\n<figure class=\"wp-block-image size-large\"><img decoding=\"async\" width=\"600\" height=\"563\" src=\"https:\/\/www.comau.com\/wp-content\/uploads\/2021\/06\/comau_book_academy.png\" alt=\"\" class=\"wp-image-6259\" srcset=\"https:\/\/www.comau.com\/wp-content\/uploads\/2021\/06\/comau_book_academy.png 600w, https:\/\/www.comau.com\/wp-content\/uploads\/2021\/06\/comau_book_academy-300x282.png 300w\" sizes=\"(max-width: 600px) 100vw, 600px\" \/><\/figure>\n<\/div>\n<\/div>\n\n\n\n<figure class=\"wp-block-embed is-type-video is-provider-youtube wp-block-embed-youtube wp-embed-aspect-16-9 wp-has-aspect-ratio\"><div class=\"wp-block-embed__wrapper\">\n<iframe title=\"Comau. Sharing to educate - Ezio Fregnan\" width=\"640\" height=\"360\" src=\"https:\/\/www.youtube.com\/embed\/aoiU6vYPPJI?feature=oembed\" frameborder=\"0\" allow=\"accelerometer; autoplay; clipboard-write; encrypted-media; gyroscope; picture-in-picture; web-share\" referrerpolicy=\"strict-origin-when-cross-origin\" allowfullscreen><\/iframe>\n<\/div><\/figure>\n","protected":false},"excerpt":{"rendered":"<p>Lernen durch Erfahrung Unser Unternehmen besteht aus Menschen und deren Know-how. Als Repr\u00e4sentanten der Automatisierungskultur wollen wir \u00fcber die Comau Academy unser Wissen weitergeben, indem wir Master-Abschl\u00fcsse, Schulungsprogramme, Seminare und Publikationen f\u00fcr Unternehmen, Fachleute und junge Talente anbieten. Kurse Die Comau Academy hat ein umfangreiches Kursangebot speziell f\u00fcr Fachkr\u00e4fte und junge Talente. Entdecken Sie unsere [&hellip;]<\/p>\n","protected":false},"author":11,"featured_media":6257,"parent":65259,"menu_order":6,"comment_status":"closed","ping_status":"closed","template":"","meta":{"_acf_changed":false,"ep_exclude_from_search":false,"footnotes":""},"class_list":["post-6242","page","type-page","status-publish","has-post-thumbnail","hentry"],"acf":[],"yoast_head":"<!-- This site is optimized with the Yoast SEO plugin v26.9 - https:\/\/yoast.com\/product\/yoast-seo-wordpress\/ -->\n<title>Comau Academy For Companies &amp; Professionals<\/title>\n<meta name=\"robots\" content=\"index, follow, max-snippet:-1, max-image-preview:large, max-video-preview:-1\" \/>\n<link rel=\"canonical\" href=\"https:\/\/www.comau.com\/de\/competencies\/systems\/consultancy-education\/\" \/>\n<meta property=\"og:locale\" content=\"de_DE\" \/>\n<meta property=\"og:type\" content=\"article\" \/>\n<meta property=\"og:title\" content=\"Comau Academy For Companies &amp; Professionals\" \/>\n<meta property=\"og:description\" content=\"Lernen durch Erfahrung Unser Unternehmen besteht aus Menschen und deren Know-how. Als Repr\u00e4sentanten der Automatisierungskultur wollen wir \u00fcber die Comau Academy unser Wissen weitergeben, indem wir Master-Abschl\u00fcsse, Schulungsprogramme, Seminare und Publikationen f\u00fcr Unternehmen, Fachleute und junge Talente anbieten. Kurse Die Comau Academy hat ein umfangreiches Kursangebot speziell f\u00fcr Fachkr\u00e4fte und junge Talente. Entdecken Sie unsere [&hellip;]\" \/>\n<meta property=\"og:url\" content=\"https:\/\/www.comau.com\/de\/competencies\/systems\/consultancy-education\/\" \/>\n<meta property=\"og:site_name\" content=\"Comau\" \/>\n<meta property=\"article:publisher\" content=\"https:\/\/www.facebook.com\/COMAU\/\" \/>\n<meta property=\"article:modified_time\" content=\"2022-10-25T15:16:37+00:00\" \/>\n<meta property=\"og:image\" content=\"https:\/\/www.comau.com\/wp-content\/uploads\/2021\/06\/academy-overview_header.jpg\" \/>\n\t<meta property=\"og:image:width\" content=\"1280\" \/>\n\t<meta property=\"og:image:height\" content=\"485\" \/>\n\t<meta property=\"og:image:type\" content=\"image\/jpeg\" \/>\n<meta name=\"twitter:card\" content=\"summary_large_image\" \/>\n<meta name=\"twitter:site\" content=\"@comaugroup\" \/>\n<meta name=\"twitter:label1\" content=\"Gesch\u00e4tzte Lesezeit\" \/>\n\t<meta name=\"twitter:data1\" content=\"4\u00a0Minuten\" \/>\n<script type=\"application\/ld+json\" class=\"yoast-schema-graph\">{\"@context\":\"https:\/\/schema.org\",\"@graph\":[{\"@type\":\"WebPage\",\"@id\":\"https:\/\/www.comau.com\/de\/competencies\/systems\/consultancy-education\/\",\"url\":\"https:\/\/www.comau.com\/de\/competencies\/systems\/consultancy-education\/\",\"name\":\"Comau Academy For Companies & Professionals\",\"isPartOf\":{\"@id\":\"https:\/\/www.comau.com\/de\/#website\"},\"primaryImageOfPage\":{\"@id\":\"https:\/\/www.comau.com\/de\/competencies\/systems\/consultancy-education\/#primaryimage\"},\"image\":{\"@id\":\"https:\/\/www.comau.com\/de\/competencies\/systems\/consultancy-education\/#primaryimage\"},\"thumbnailUrl\":\"https:\/\/www.comau.com\/wp-content\/uploads\/2021\/06\/academy-overview_header.jpg\",\"datePublished\":\"2021-06-30T22:06:04+00:00\",\"dateModified\":\"2022-10-25T15:16:37+00:00\",\"breadcrumb\":{\"@id\":\"https:\/\/www.comau.com\/de\/competencies\/systems\/consultancy-education\/#breadcrumb\"},\"inLanguage\":\"de\",\"potentialAction\":[{\"@type\":\"ReadAction\",\"target\":[\"https:\/\/www.comau.com\/de\/competencies\/systems\/consultancy-education\/\"]}]},{\"@type\":\"ImageObject\",\"inLanguage\":\"de\",\"@id\":\"https:\/\/www.comau.com\/de\/competencies\/systems\/consultancy-education\/#primaryimage\",\"url\":\"https:\/\/www.comau.com\/wp-content\/uploads\/2021\/06\/academy-overview_header.jpg\",\"contentUrl\":\"https:\/\/www.comau.com\/wp-content\/uploads\/2021\/06\/academy-overview_header.jpg\",\"width\":1280,\"height\":485},{\"@type\":\"BreadcrumbList\",\"@id\":\"https:\/\/www.comau.com\/de\/competencies\/systems\/consultancy-education\/#breadcrumb\",\"itemListElement\":[{\"@type\":\"ListItem\",\"position\":1,\"name\":\"Home\",\"item\":\"https:\/\/www.comau.com\/de\/\"},{\"@type\":\"ListItem\",\"position\":2,\"name\":\"Unsere Kompetenzen\",\"item\":\"https:\/\/www.comau.com\/de\/competencies\/\"},{\"@type\":\"ListItem\",\"position\":3,\"name\":\"Consultancy &amp; Education\"}]},{\"@type\":\"WebSite\",\"@id\":\"https:\/\/www.comau.com\/de\/#website\",\"url\":\"https:\/\/www.comau.com\/de\/\",\"name\":\"Comau\",\"description\":\"Industrial automation and robotics\",\"publisher\":{\"@id\":\"https:\/\/www.comau.com\/de\/#organization\"},\"potentialAction\":[{\"@type\":\"SearchAction\",\"target\":{\"@type\":\"EntryPoint\",\"urlTemplate\":\"https:\/\/www.comau.com\/de\/?s={search_term_string}\"},\"query-input\":{\"@type\":\"PropertyValueSpecification\",\"valueRequired\":true,\"valueName\":\"search_term_string\"}}],\"inLanguage\":\"de\"},{\"@type\":\"Organization\",\"@id\":\"https:\/\/www.comau.com\/de\/#organization\",\"name\":\"Comau\",\"url\":\"https:\/\/www.comau.com\/de\/\",\"logo\":{\"@type\":\"ImageObject\",\"inLanguage\":\"de\",\"@id\":\"https:\/\/www.comau.com\/de\/#\/schema\/logo\/image\/\",\"url\":\"https:\/\/www.comau.com\/wp-content\/uploads\/2024\/07\/cropped-Logo-COMAU.png\",\"contentUrl\":\"https:\/\/www.comau.com\/wp-content\/uploads\/2024\/07\/cropped-Logo-COMAU.png\",\"width\":434,\"height\":434,\"caption\":\"Comau\"},\"image\":{\"@id\":\"https:\/\/www.comau.com\/de\/#\/schema\/logo\/image\/\"},\"sameAs\":[\"https:\/\/www.facebook.com\/COMAU\/\",\"https:\/\/x.com\/comaugroup\",\"https:\/\/www.instagram.com\/comaugroup\/\",\"https:\/\/www.linkedin.com\/company\/comau\",\"https:\/\/www.youtube.com\/user\/comau\"]}]}<\/script>\n<!-- \/ Yoast SEO plugin. -->","yoast_head_json":{"title":"Comau Academy For Companies & Professionals","robots":{"index":"index","follow":"follow","max-snippet":"max-snippet:-1","max-image-preview":"max-image-preview:large","max-video-preview":"max-video-preview:-1"},"canonical":"https:\/\/www.comau.com\/de\/competencies\/systems\/consultancy-education\/","og_locale":"de_DE","og_type":"article","og_title":"Comau Academy For Companies & Professionals","og_description":"Lernen durch Erfahrung Unser Unternehmen besteht aus Menschen und deren Know-how. Als Repr\u00e4sentanten der Automatisierungskultur wollen wir \u00fcber die Comau Academy unser Wissen weitergeben, indem wir Master-Abschl\u00fcsse, Schulungsprogramme, Seminare und Publikationen f\u00fcr Unternehmen, Fachleute und junge Talente anbieten. Kurse Die Comau Academy hat ein umfangreiches Kursangebot speziell f\u00fcr Fachkr\u00e4fte und junge Talente. Entdecken Sie unsere [&hellip;]","og_url":"https:\/\/www.comau.com\/de\/competencies\/systems\/consultancy-education\/","og_site_name":"Comau","article_publisher":"https:\/\/www.facebook.com\/COMAU\/","article_modified_time":"2022-10-25T15:16:37+00:00","og_image":[{"width":1280,"height":485,"url":"https:\/\/www.comau.com\/wp-content\/uploads\/2021\/06\/academy-overview_header.jpg","type":"image\/jpeg"}],"twitter_card":"summary_large_image","twitter_site":"@comaugroup","twitter_misc":{"Gesch\u00e4tzte Lesezeit":"4\u00a0Minuten"},"schema":{"@context":"https:\/\/schema.org","@graph":[{"@type":"WebPage","@id":"https:\/\/www.comau.com\/de\/competencies\/systems\/consultancy-education\/","url":"https:\/\/www.comau.com\/de\/competencies\/systems\/consultancy-education\/","name":"Comau Academy For Companies & Professionals","isPartOf":{"@id":"https:\/\/www.comau.com\/de\/#website"},"primaryImageOfPage":{"@id":"https:\/\/www.comau.com\/de\/competencies\/systems\/consultancy-education\/#primaryimage"},"image":{"@id":"https:\/\/www.comau.com\/de\/competencies\/systems\/consultancy-education\/#primaryimage"},"thumbnailUrl":"https:\/\/www.comau.com\/wp-content\/uploads\/2021\/06\/academy-overview_header.jpg","datePublished":"2021-06-30T22:06:04+00:00","dateModified":"2022-10-25T15:16:37+00:00","breadcrumb":{"@id":"https:\/\/www.comau.com\/de\/competencies\/systems\/consultancy-education\/#breadcrumb"},"inLanguage":"de","potentialAction":[{"@type":"ReadAction","target":["https:\/\/www.comau.com\/de\/competencies\/systems\/consultancy-education\/"]}]},{"@type":"ImageObject","inLanguage":"de","@id":"https:\/\/www.comau.com\/de\/competencies\/systems\/consultancy-education\/#primaryimage","url":"https:\/\/www.comau.com\/wp-content\/uploads\/2021\/06\/academy-overview_header.jpg","contentUrl":"https:\/\/www.comau.com\/wp-content\/uploads\/2021\/06\/academy-overview_header.jpg","width":1280,"height":485},{"@type":"BreadcrumbList","@id":"https:\/\/www.comau.com\/de\/competencies\/systems\/consultancy-education\/#breadcrumb","itemListElement":[{"@type":"ListItem","position":1,"name":"Home","item":"https:\/\/www.comau.com\/de\/"},{"@type":"ListItem","position":2,"name":"Unsere Kompetenzen","item":"https:\/\/www.comau.com\/de\/competencies\/"},{"@type":"ListItem","position":3,"name":"Consultancy &amp; Education"}]},{"@type":"WebSite","@id":"https:\/\/www.comau.com\/de\/#website","url":"https:\/\/www.comau.com\/de\/","name":"Comau","description":"Industrial automation and robotics","publisher":{"@id":"https:\/\/www.comau.com\/de\/#organization"},"potentialAction":[{"@type":"SearchAction","target":{"@type":"EntryPoint","urlTemplate":"https:\/\/www.comau.com\/de\/?s={search_term_string}"},"query-input":{"@type":"PropertyValueSpecification","valueRequired":true,"valueName":"search_term_string"}}],"inLanguage":"de"},{"@type":"Organization","@id":"https:\/\/www.comau.com\/de\/#organization","name":"Comau","url":"https:\/\/www.comau.com\/de\/","logo":{"@type":"ImageObject","inLanguage":"de","@id":"https:\/\/www.comau.com\/de\/#\/schema\/logo\/image\/","url":"https:\/\/www.comau.com\/wp-content\/uploads\/2024\/07\/cropped-Logo-COMAU.png","contentUrl":"https:\/\/www.comau.com\/wp-content\/uploads\/2024\/07\/cropped-Logo-COMAU.png","width":434,"height":434,"caption":"Comau"},"image":{"@id":"https:\/\/www.comau.com\/de\/#\/schema\/logo\/image\/"},"sameAs":["https:\/\/www.facebook.com\/COMAU\/","https:\/\/x.com\/comaugroup","https:\/\/www.instagram.com\/comaugroup\/","https:\/\/www.linkedin.com\/company\/comau","https:\/\/www.youtube.com\/user\/comau"]}]}},"_links":{"self":[{"href":"https:\/\/www.comau.com\/de\/wp-json\/wp\/v2\/pages\/6242","targetHints":{"allow":["GET"]}}],"collection":[{"href":"https:\/\/www.comau.com\/de\/wp-json\/wp\/v2\/pages"}],"about":[{"href":"https:\/\/www.comau.com\/de\/wp-json\/wp\/v2\/types\/page"}],"author":[{"embeddable":true,"href":"https:\/\/www.comau.com\/de\/wp-json\/wp\/v2\/users\/11"}],"replies":[{"embeddable":true,"href":"https:\/\/www.comau.com\/de\/wp-json\/wp\/v2\/comments?post=6242"}],"version-history":[{"count":28,"href":"https:\/\/www.comau.com\/de\/wp-json\/wp\/v2\/pages\/6242\/revisions"}],"predecessor-version":[{"id":48561,"href":"https:\/\/www.comau.com\/de\/wp-json\/wp\/v2\/pages\/6242\/revisions\/48561"}],"up":[{"embeddable":true,"href":"https:\/\/www.comau.com\/de\/wp-json\/wp\/v2\/pages\/65259"}],"wp:featuredmedia":[{"embeddable":true,"href":"https:\/\/www.comau.com\/de\/wp-json\/wp\/v2\/media\/6257"}],"wp:attachment":[{"href":"https:\/\/www.comau.com\/de\/wp-json\/wp\/v2\/media?parent=6242"}],"curies":[{"name":"wp","href":"https:\/\/api.w.org\/{rel}","templated":true}]}}