{"id":6217,"date":"2021-07-01T01:02:21","date_gmt":"2021-06-30T23:02:21","guid":{"rendered":"https:\/\/www.comau.com\/?page_id=6217"},"modified":"2023-06-28T00:25:42","modified_gmt":"2023-06-27T22:25:42","slug":"technologies","status":"publish","type":"page","link":"https:\/\/www.comau.com\/de\/competencies\/products-solutions\/digital-initiatives\/technologies\/","title":{"rendered":"Technologien"},"content":{"rendered":"\n<p>F\u00fcr Comau ist Innovation sowohl Geisteshaltung als auch Kompetenzmotivator. Es ist der Bereich, in dem uns ein erheblicher Wettbewerbsvorsprung bescheinigt wird. Es ist das, was uns herausfordert, in immer neue H\u00f6hen vorzusto\u00dfen, und der Grund daf\u00fcr, warum wir betr\u00e4chtliche finanzielle und personelle Ressourcen f\u00fcr Forschung und Entwicklung aufwenden, um unsere Innovationsf\u00fchrerschaft im Bereich der industriellen Produktion behaupten zu k\u00f6nnen. <\/p>\n\n\n\n<p>Ein konkretes Beispiel f\u00fcr unser Bekenntnis zu Innovation sind unsere zahlreichen Weltpremieren, unsere F\u00e4higkeit, technologische Trends vorauszuahnen sowie unsere zahlreichen Pilotprojekte, die dazu beitragen, Fertigungsparadigmen neu zu definieren.<\/p>\n\n\n\n<h2 class=\"wp-block-heading\">Pilotprojekte<\/h2>\n\n\n\n<div class=\"wp-block-columns columns-bg-dark compact-rows is-layout-flex wp-container-core-columns-is-layout-9d6595d7 wp-block-columns-is-layout-flex\">\n<div class=\"wp-block-column is-layout-flow wp-block-column-is-layout-flow\">\n<h3 class=\"wp-block-heading\">In.Grid<\/h3>\n\n\n\n<p>Unsere innovative Vernetzungsplattform kombiniert die digitale und die physikalische Welt mittels Sensorisierung, Datenanalyse und Echtzeit\u00fcberwachung von Ausr\u00fcstung und Systemen.<\/p>\n\n\n\n<div class=\"wp-block-buttons is-layout-flex wp-block-buttons-is-layout-flex\">\n<div class=\"wp-block-button\"><a class=\"wp-block-button__link wp-element-button\" href=\"https:\/\/www.comau.com\/de\/competencies\/products-solutions\/digital-initiatives\/technologies\/in-grid\/\">Weiterlesen<\/a><\/div>\n<\/div>\n<\/div>\n<\/div>\n\n\n\n<h2 class=\"wp-block-heading\">Patente<\/h2>\n\n\n\n<p>Innovation ist ein wiederkehrendes Thema, das fast alle Aktivit\u00e4ten bei Comau begleitet und sich in einer Kombination aus Technologie und Stil ausdr\u00fcckt.<\/p>\n\n\n\n<p>Es ist eine Geisteshaltung und ein Motor f\u00fcr Exzellenz.<\/p>\n\n\n\n<p>In diesem Bereich gelten wir als deutlich besser als die Konkurrenz.<\/p>\n\n\n\n<p>Das ist es, was uns herausfordert, neue H\u00f6hen zu erreichen, wenn es darum geht, federf\u00fchrend in der Kultur der Automatisierung zu sein.<\/p>\n\n\n\n<div class=\"wp-block-buttons is-layout-flex wp-block-buttons-is-layout-flex\">\n<div class=\"wp-block-button\"><a class=\"wp-block-button__link wp-element-button\" href=\"https:\/\/www.comau.com\/wp-content\/uploads\/2021\/06\/Comau-Granted-Patents-rev.-Sept-19-website.pdf\" target=\"_blank\" rel=\"noreferrer noopener\">Liste der angemeldeten Patente<\/a><\/div>\n<\/div>\n","protected":false},"excerpt":{"rendered":"<p>F\u00fcr Comau ist Innovation sowohl Geisteshaltung als auch Kompetenzmotivator. Es ist der Bereich, in dem uns ein erheblicher Wettbewerbsvorsprung bescheinigt wird. Es ist das, was uns herausfordert, in immer neue H\u00f6hen vorzusto\u00dfen, und der Grund daf\u00fcr, warum wir betr\u00e4chtliche finanzielle und personelle Ressourcen f\u00fcr Forschung und Entwicklung aufwenden, um unsere Innovationsf\u00fchrerschaft im Bereich der industriellen [&hellip;]<\/p>\n","protected":false},"author":11,"featured_media":6235,"parent":6212,"menu_order":2,"comment_status":"closed","ping_status":"closed","template":"","meta":{"_acf_changed":false,"ep_exclude_from_search":false,"footnotes":""},"class_list":["post-6217","page","type-page","status-publish","has-post-thumbnail","hentry"],"acf":[],"yoast_head":"<!-- This site is optimized with the Yoast SEO plugin v26.9 - https:\/\/yoast.com\/product\/yoast-seo-wordpress\/ -->\n<title>Technologien - Comau<\/title>\n<meta name=\"robots\" content=\"index, follow, max-snippet:-1, max-image-preview:large, max-video-preview:-1\" \/>\n<link rel=\"canonical\" href=\"https:\/\/www.comau.com\/de\/competencies\/products-solutions\/digital-initiatives\/technologies\/\" \/>\n<meta property=\"og:locale\" content=\"de_DE\" \/>\n<meta property=\"og:type\" content=\"article\" \/>\n<meta property=\"og:title\" content=\"Technologien - Comau\" \/>\n<meta property=\"og:description\" content=\"F\u00fcr Comau ist Innovation sowohl Geisteshaltung als auch Kompetenzmotivator. Es ist der Bereich, in dem uns ein erheblicher Wettbewerbsvorsprung bescheinigt wird. Es ist das, was uns herausfordert, in immer neue H\u00f6hen vorzusto\u00dfen, und der Grund daf\u00fcr, warum wir betr\u00e4chtliche finanzielle und personelle Ressourcen f\u00fcr Forschung und Entwicklung aufwenden, um unsere Innovationsf\u00fchrerschaft im Bereich der industriellen [&hellip;]\" \/>\n<meta property=\"og:url\" content=\"https:\/\/www.comau.com\/de\/competencies\/products-solutions\/digital-initiatives\/technologies\/\" \/>\n<meta property=\"og:site_name\" content=\"Comau\" \/>\n<meta property=\"article:publisher\" content=\"https:\/\/www.facebook.com\/COMAU\/\" \/>\n<meta property=\"article:modified_time\" content=\"2023-06-27T22:25:42+00:00\" \/>\n<meta property=\"og:image\" content=\"https:\/\/www.comau.com\/wp-content\/uploads\/2021\/06\/innovation_header.jpg\" \/>\n\t<meta property=\"og:image:width\" content=\"1280\" \/>\n\t<meta property=\"og:image:height\" content=\"485\" \/>\n\t<meta property=\"og:image:type\" content=\"image\/jpeg\" \/>\n<meta name=\"twitter:card\" content=\"summary_large_image\" \/>\n<meta name=\"twitter:site\" content=\"@comaugroup\" \/>\n<meta name=\"twitter:label1\" content=\"Gesch\u00e4tzte Lesezeit\" \/>\n\t<meta name=\"twitter:data1\" content=\"1\u00a0Minute\" \/>\n<script type=\"application\/ld+json\" class=\"yoast-schema-graph\">{\"@context\":\"https:\/\/schema.org\",\"@graph\":[{\"@type\":\"WebPage\",\"@id\":\"https:\/\/www.comau.com\/de\/competencies\/products-solutions\/digital-initiatives\/technologies\/\",\"url\":\"https:\/\/www.comau.com\/de\/competencies\/products-solutions\/digital-initiatives\/technologies\/\",\"name\":\"Technologien - Comau\",\"isPartOf\":{\"@id\":\"https:\/\/www.comau.com\/de\/#website\"},\"primaryImageOfPage\":{\"@id\":\"https:\/\/www.comau.com\/de\/competencies\/products-solutions\/digital-initiatives\/technologies\/#primaryimage\"},\"image\":{\"@id\":\"https:\/\/www.comau.com\/de\/competencies\/products-solutions\/digital-initiatives\/technologies\/#primaryimage\"},\"thumbnailUrl\":\"https:\/\/www.comau.com\/wp-content\/uploads\/2021\/06\/innovation_header.jpg\",\"datePublished\":\"2021-06-30T23:02:21+00:00\",\"dateModified\":\"2023-06-27T22:25:42+00:00\",\"breadcrumb\":{\"@id\":\"https:\/\/www.comau.com\/de\/competencies\/products-solutions\/digital-initiatives\/technologies\/#breadcrumb\"},\"inLanguage\":\"de\",\"potentialAction\":[{\"@type\":\"ReadAction\",\"target\":[\"https:\/\/www.comau.com\/de\/competencies\/products-solutions\/digital-initiatives\/technologies\/\"]}]},{\"@type\":\"ImageObject\",\"inLanguage\":\"de\",\"@id\":\"https:\/\/www.comau.com\/de\/competencies\/products-solutions\/digital-initiatives\/technologies\/#primaryimage\",\"url\":\"https:\/\/www.comau.com\/wp-content\/uploads\/2021\/06\/innovation_header.jpg\",\"contentUrl\":\"https:\/\/www.comau.com\/wp-content\/uploads\/2021\/06\/innovation_header.jpg\",\"width\":1280,\"height\":485},{\"@type\":\"BreadcrumbList\",\"@id\":\"https:\/\/www.comau.com\/de\/competencies\/products-solutions\/digital-initiatives\/technologies\/#breadcrumb\",\"itemListElement\":[{\"@type\":\"ListItem\",\"position\":1,\"name\":\"Home\",\"item\":\"https:\/\/www.comau.com\/de\/\"},{\"@type\":\"ListItem\",\"position\":2,\"name\":\"Unsere Kompetenzen\",\"item\":\"https:\/\/www.comau.com\/de\/competencies\/\"},{\"@type\":\"ListItem\",\"position\":3,\"name\":\"Digital initiatives\",\"item\":\"https:\/\/www.comau.com\/de\/competencies\/digital-initiatives\/\"},{\"@type\":\"ListItem\",\"position\":4,\"name\":\"Technologien\"}]},{\"@type\":\"WebSite\",\"@id\":\"https:\/\/www.comau.com\/de\/#website\",\"url\":\"https:\/\/www.comau.com\/de\/\",\"name\":\"Comau\",\"description\":\"Industrial automation and robotics\",\"publisher\":{\"@id\":\"https:\/\/www.comau.com\/de\/#organization\"},\"potentialAction\":[{\"@type\":\"SearchAction\",\"target\":{\"@type\":\"EntryPoint\",\"urlTemplate\":\"https:\/\/www.comau.com\/de\/?s={search_term_string}\"},\"query-input\":{\"@type\":\"PropertyValueSpecification\",\"valueRequired\":true,\"valueName\":\"search_term_string\"}}],\"inLanguage\":\"de\"},{\"@type\":\"Organization\",\"@id\":\"https:\/\/www.comau.com\/de\/#organization\",\"name\":\"Comau\",\"url\":\"https:\/\/www.comau.com\/de\/\",\"logo\":{\"@type\":\"ImageObject\",\"inLanguage\":\"de\",\"@id\":\"https:\/\/www.comau.com\/de\/#\/schema\/logo\/image\/\",\"url\":\"https:\/\/www.comau.com\/wp-content\/uploads\/2024\/07\/cropped-Logo-COMAU.png\",\"contentUrl\":\"https:\/\/www.comau.com\/wp-content\/uploads\/2024\/07\/cropped-Logo-COMAU.png\",\"width\":434,\"height\":434,\"caption\":\"Comau\"},\"image\":{\"@id\":\"https:\/\/www.comau.com\/de\/#\/schema\/logo\/image\/\"},\"sameAs\":[\"https:\/\/www.facebook.com\/COMAU\/\",\"https:\/\/x.com\/comaugroup\",\"https:\/\/www.instagram.com\/comaugroup\/\",\"https:\/\/www.linkedin.com\/company\/comau\",\"https:\/\/www.youtube.com\/user\/comau\"]}]}<\/script>\n<!-- \/ Yoast SEO plugin. -->","yoast_head_json":{"title":"Technologien - Comau","robots":{"index":"index","follow":"follow","max-snippet":"max-snippet:-1","max-image-preview":"max-image-preview:large","max-video-preview":"max-video-preview:-1"},"canonical":"https:\/\/www.comau.com\/de\/competencies\/products-solutions\/digital-initiatives\/technologies\/","og_locale":"de_DE","og_type":"article","og_title":"Technologien - Comau","og_description":"F\u00fcr Comau ist Innovation sowohl Geisteshaltung als auch Kompetenzmotivator. Es ist der Bereich, in dem uns ein erheblicher Wettbewerbsvorsprung bescheinigt wird. Es ist das, was uns herausfordert, in immer neue H\u00f6hen vorzusto\u00dfen, und der Grund daf\u00fcr, warum wir betr\u00e4chtliche finanzielle und personelle Ressourcen f\u00fcr Forschung und Entwicklung aufwenden, um unsere Innovationsf\u00fchrerschaft im Bereich der industriellen [&hellip;]","og_url":"https:\/\/www.comau.com\/de\/competencies\/products-solutions\/digital-initiatives\/technologies\/","og_site_name":"Comau","article_publisher":"https:\/\/www.facebook.com\/COMAU\/","article_modified_time":"2023-06-27T22:25:42+00:00","og_image":[{"width":1280,"height":485,"url":"https:\/\/www.comau.com\/wp-content\/uploads\/2021\/06\/innovation_header.jpg","type":"image\/jpeg"}],"twitter_card":"summary_large_image","twitter_site":"@comaugroup","twitter_misc":{"Gesch\u00e4tzte Lesezeit":"1\u00a0Minute"},"schema":{"@context":"https:\/\/schema.org","@graph":[{"@type":"WebPage","@id":"https:\/\/www.comau.com\/de\/competencies\/products-solutions\/digital-initiatives\/technologies\/","url":"https:\/\/www.comau.com\/de\/competencies\/products-solutions\/digital-initiatives\/technologies\/","name":"Technologien - Comau","isPartOf":{"@id":"https:\/\/www.comau.com\/de\/#website"},"primaryImageOfPage":{"@id":"https:\/\/www.comau.com\/de\/competencies\/products-solutions\/digital-initiatives\/technologies\/#primaryimage"},"image":{"@id":"https:\/\/www.comau.com\/de\/competencies\/products-solutions\/digital-initiatives\/technologies\/#primaryimage"},"thumbnailUrl":"https:\/\/www.comau.com\/wp-content\/uploads\/2021\/06\/innovation_header.jpg","datePublished":"2021-06-30T23:02:21+00:00","dateModified":"2023-06-27T22:25:42+00:00","breadcrumb":{"@id":"https:\/\/www.comau.com\/de\/competencies\/products-solutions\/digital-initiatives\/technologies\/#breadcrumb"},"inLanguage":"de","potentialAction":[{"@type":"ReadAction","target":["https:\/\/www.comau.com\/de\/competencies\/products-solutions\/digital-initiatives\/technologies\/"]}]},{"@type":"ImageObject","inLanguage":"de","@id":"https:\/\/www.comau.com\/de\/competencies\/products-solutions\/digital-initiatives\/technologies\/#primaryimage","url":"https:\/\/www.comau.com\/wp-content\/uploads\/2021\/06\/innovation_header.jpg","contentUrl":"https:\/\/www.comau.com\/wp-content\/uploads\/2021\/06\/innovation_header.jpg","width":1280,"height":485},{"@type":"BreadcrumbList","@id":"https:\/\/www.comau.com\/de\/competencies\/products-solutions\/digital-initiatives\/technologies\/#breadcrumb","itemListElement":[{"@type":"ListItem","position":1,"name":"Home","item":"https:\/\/www.comau.com\/de\/"},{"@type":"ListItem","position":2,"name":"Unsere Kompetenzen","item":"https:\/\/www.comau.com\/de\/competencies\/"},{"@type":"ListItem","position":3,"name":"Digital initiatives","item":"https:\/\/www.comau.com\/de\/competencies\/digital-initiatives\/"},{"@type":"ListItem","position":4,"name":"Technologien"}]},{"@type":"WebSite","@id":"https:\/\/www.comau.com\/de\/#website","url":"https:\/\/www.comau.com\/de\/","name":"Comau","description":"Industrial automation and robotics","publisher":{"@id":"https:\/\/www.comau.com\/de\/#organization"},"potentialAction":[{"@type":"SearchAction","target":{"@type":"EntryPoint","urlTemplate":"https:\/\/www.comau.com\/de\/?s={search_term_string}"},"query-input":{"@type":"PropertyValueSpecification","valueRequired":true,"valueName":"search_term_string"}}],"inLanguage":"de"},{"@type":"Organization","@id":"https:\/\/www.comau.com\/de\/#organization","name":"Comau","url":"https:\/\/www.comau.com\/de\/","logo":{"@type":"ImageObject","inLanguage":"de","@id":"https:\/\/www.comau.com\/de\/#\/schema\/logo\/image\/","url":"https:\/\/www.comau.com\/wp-content\/uploads\/2024\/07\/cropped-Logo-COMAU.png","contentUrl":"https:\/\/www.comau.com\/wp-content\/uploads\/2024\/07\/cropped-Logo-COMAU.png","width":434,"height":434,"caption":"Comau"},"image":{"@id":"https:\/\/www.comau.com\/de\/#\/schema\/logo\/image\/"},"sameAs":["https:\/\/www.facebook.com\/COMAU\/","https:\/\/x.com\/comaugroup","https:\/\/www.instagram.com\/comaugroup\/","https:\/\/www.linkedin.com\/company\/comau","https:\/\/www.youtube.com\/user\/comau"]}]}},"_links":{"self":[{"href":"https:\/\/www.comau.com\/de\/wp-json\/wp\/v2\/pages\/6217","targetHints":{"allow":["GET"]}}],"collection":[{"href":"https:\/\/www.comau.com\/de\/wp-json\/wp\/v2\/pages"}],"about":[{"href":"https:\/\/www.comau.com\/de\/wp-json\/wp\/v2\/types\/page"}],"author":[{"embeddable":true,"href":"https:\/\/www.comau.com\/de\/wp-json\/wp\/v2\/users\/11"}],"replies":[{"embeddable":true,"href":"https:\/\/www.comau.com\/de\/wp-json\/wp\/v2\/comments?post=6217"}],"version-history":[{"count":14,"href":"https:\/\/www.comau.com\/de\/wp-json\/wp\/v2\/pages\/6217\/revisions"}],"predecessor-version":[{"id":55696,"href":"https:\/\/www.comau.com\/de\/wp-json\/wp\/v2\/pages\/6217\/revisions\/55696"}],"up":[{"embeddable":true,"href":"https:\/\/www.comau.com\/de\/wp-json\/wp\/v2\/pages\/6212"}],"wp:featuredmedia":[{"embeddable":true,"href":"https:\/\/www.comau.com\/de\/wp-json\/wp\/v2\/media\/6235"}],"wp:attachment":[{"href":"https:\/\/www.comau.com\/de\/wp-json\/wp\/v2\/media?parent=6217"}],"curies":[{"name":"wp","href":"https:\/\/api.w.org\/{rel}","templated":true}]}}