{"id":6212,"date":"2021-07-01T00:05:48","date_gmt":"2021-06-30T22:05:48","guid":{"rendered":"https:\/\/www.comau.com\/?page_id=6212"},"modified":"2023-04-20T17:35:22","modified_gmt":"2023-04-20T15:35:22","slug":"digital-initiatives","status":"publish","type":"page","link":"https:\/\/www.comau.com\/de\/competencies\/products-solutions\/digital-initiatives\/","title":{"rendered":"Digital initiatives"},"content":{"rendered":"\n<h2 class=\"wp-block-heading\" id=\"wir-nutzen-das-potenzial-der-digitalen-fertigung\">Wir nutzen das potenzial der digitalen fertigung<\/h2>\n\n\n\n<p>Um im Zuge der Weiterentwicklung der Fertigungswelt besser auf Kundenbed\u00fcrfnisse und Marktherausforderungen reagieren zu k\u00f6nnen, zeigt Comau neue Wege auf. Unser Konzept f\u00fcr die Vernetzung von Menschen, Prozessen, Betriebsmitteln und Systemen treibt die Schaffung von Wertsch\u00f6pfungsnetzen voran, die durch die Erfassung, Analyse und Nutzung vernetzter Intelligenz immer flexibler, schneller und proaktiver werden. Basierend auf 50 Jahren an Erfahrung in der industriellen Automatisierung und profunder Kenntnisse der Fertigungsabl\u00e4ufe ist unsere digitale Infrastruktur f\u00fcr neue oder bestehende Anlagen sowie alle Marken installierter Ausr\u00fcstung konzipiert.<\/p>\n\n\n\n<h2 class=\"wp-block-heading\" id=\"rekonfiguration-als-herausforderung\">Rekonfiguration als herausforderung<\/h2>\n\n\n\n<p>Eine der gr\u00f6\u00dften Herausforderungen bei der kundenspezifischen Produktion ist die zunehmende Skalierbarkeit und Konvertierbarkeit unterschiedlicher Fertigungsprozesse. Dies bedeutet eine gr\u00f6\u00dfere Integration und Interaktion bei Fertigungslinien und Ausr\u00fcstung und erfordert eine verbesserte Diagnose, die Fehler und Qualit\u00e4tsabweichungen vorhersehen und ihnen vorgreifen kann. Um diesen Herausforderungen zu begegnen, entwickeln wir entsprechende Produkte, L\u00f6sungen und Dienstleistungen, die durch Nutzung von Digitalisierung und Analyse eine 360\u00b0-Sicht auf die gesamten Betriebsabl\u00e4ufe bieten. <\/p>\n\n\n\n<h2 class=\"wp-block-heading\" id=\"die-vernetzte-fabrik\">Die vernetzte fabrik<\/h2>\n\n\n\n<p>Durch zielgerichtete Sensorik, fortschrittliche Analytik und die Implementierung virtueller Umgebungen, die Anlagenmodifikationen und Chargenfertigungsparameter simulieren, erm\u00f6glichen wir die Weiterentwicklung hin zu einer effizienteren, st\u00e4rker qualit\u00e4tsorientierten Produktion.<\/p>\n\n\n\n<p>Die Digitalisierung erm\u00f6glicht die Echtzeitkommunikation zwischen Bediener und Fertigungssystem. Ferner stellt sie die erweiterte Intelligenz bereit, um Abl\u00e4ufe zu rationalisieren und die Wertsch\u00f6pfungskette zu optimieren. Somit kann Ihnen die Digitalisierung helfen, die Produktivit\u00e4t zu steigern, die Markteinf\u00fchrungszeit zu verk\u00fcrzen, die Betriebskosten zu senken und das Risiko von Betriebsverz\u00f6gerungen zu beseitigen. Au\u00dferdem l\u00e4sst sich die Digitalisierung sowohl auf eine einzelne Maschine als auch auf eine Fertigungslinie oder das gesamte Werk anwenden.<\/p>\n\n\n\n<h2 class=\"wp-block-heading\" id=\"entdecken-sie-unseren-weg-zur-digitalisierung\">Entdecken sie unseren weg zur digitalisierung<\/h2>\n\n\n\n<figure class=\"wp-block-embed is-type-video is-provider-youtube wp-block-embed-youtube wp-embed-aspect-16-9 wp-has-aspect-ratio\"><div class=\"wp-block-embed__wrapper\">\n<iframe title=\"Comau&#039;s Way to Digitalization\" width=\"640\" height=\"360\" src=\"https:\/\/www.youtube.com\/embed\/DF-KlIRQsJ0?feature=oembed\" frameborder=\"0\" allow=\"accelerometer; autoplay; clipboard-write; encrypted-media; gyroscope; picture-in-picture; web-share\" referrerpolicy=\"strict-origin-when-cross-origin\" allowfullscreen><\/iframe>\n<\/div><\/figure>\n\n\n\n<h2 class=\"wp-block-heading\" id=\"unser-strategisches-konzept\">Unser strategisches konzept<\/h2>\n\n\n\n<ul class=\"wp-block-list\">\n<li>Ermittlung wesentlicher Erfordernisse, strategische Ziele und messbarer KPIs<\/li>\n\n\n\n<li>Erfassung von Daten und Entwicklung von Analyse- und Gesch\u00e4ftsmodellen zur Optimierung von Leistungsf\u00e4higkeit und Kosten<\/li>\n\n\n\n<li>Weitergabe von Echtzeitinformationen \u00fcber digitale Tools und Wearable-Technologien<\/li>\n\n\n\n<li>Schrittweise Anwendung von digitalen L\u00f6sungen bei bestehenden Anlagen und kompletten Betrieben<\/li>\n\n\n\n<li>IoT-kompatible Implementierung bei neuen Installationen<\/li>\n<\/ul>\n\n\n\n<h2 class=\"wp-block-heading\" id=\"greifbare-resultate\">Greifbare resultate<\/h2>\n\n\n\n<ul class=\"wp-block-list\">\n<li>Echtzeit-Zustands\u00fcberwachung und vorausschauende Wartung<\/li>\n\n\n\n<li>Verbesserung des mittleren Ausfallabstandes (MTBF)<\/li>\n\n\n\n<li>Senkung der Kosten f\u00fcr Lagerhaltung und vorbeugende Wartung<\/li>\n\n\n\n<li>Optimierte Fertigung, h\u00f6here Produktionsraten, bessere Qualit\u00e4t<\/li>\n<\/ul>\n\n\n\n<div class=\"wp-block-columns columns-bg-dark is-layout-flex wp-container-core-columns-is-layout-9d6595d7 wp-block-columns-is-layout-flex\">\n<div class=\"wp-block-column is-layout-flow wp-block-column-is-layout-flow\">\n<h3 class=\"wp-block-heading\" id=\"research-and-innovation-projects\">Research and innovation Projects<\/h3>\n\n\n\n<p>Wir arbeiten aktiv im Rahmen eines internationalen Netzwerks, bestehend aus Unternehmen, Institutionen und Universit\u00e4ten, an der Umsetzung innovativer Projekte, die Antworten auf die Bed\u00fcrfnisse eines sich kontinuierlich weiterentwickelnden Industriesyste<\/p>\n\n\n\n<div class=\"wp-block-buttons is-layout-flex wp-block-buttons-is-layout-flex\">\n<div class=\"wp-block-button\"><a class=\"wp-block-button__link wp-element-button\" href=\"https:\/\/www.comau.com\/de\/about-us\/funded-projects\/\">Weiterlesen<\/a><\/div>\n<\/div>\n<\/div>\n\n\n\n<div class=\"wp-block-column is-layout-flow wp-block-column-is-layout-flow\">\n<h3 class=\"wp-block-heading\" id=\"technologies\">Technologies<\/h3>\n\n\n\n<p>F\u00fcr Comau ist Innovation sowohl Geisteshaltung als auch Kompetenzmotivator. Es ist der Bereich, in dem uns ein erheblicher Wettbewerbsvorsprung bescheinigt wird. Es ist das, was uns herausfordert, in immer neue H\u00f6hen vorzusto\u00dfen, und der Grund daf\u00fcr, warum wir betr\u00e4chtliche finanzielle und personelle Ressourcen f\u00fcr Forschung und Entwicklung aufwenden, um unsere Innovationsf\u00fchrerschaft im Bereich der industriellen Produktion behaupten zu k\u00f6nnen. <\/p>\n\n\n\n<div class=\"wp-block-buttons is-layout-flex wp-block-buttons-is-layout-flex\">\n<div class=\"wp-block-button\"><a class=\"wp-block-button__link wp-element-button\" href=\"https:\/\/www.comau.com\/de\/competencies\/products-solutions\/digital-initiatives\/technologies\/\">Weiterlesen<\/a><\/div>\n<\/div>\n<\/div>\n<\/div>\n\n\n\n<div class=\"wp-block-columns columns-bg-dark is-layout-flex wp-container-core-columns-is-layout-9d6595d7 wp-block-columns-is-layout-flex\">\n<div class=\"wp-block-column is-layout-flow wp-block-column-is-layout-flow\">\n<h3 class=\"wp-block-heading\" id=\"m-i-o\">M.I.O.<\/h3>\n\n\n\n<p>M.I.O. Modularit\u00e4t beantwortet den Wunsch nach Bereitschaft zur Rekonfigurierbarkeit moderner Fertigungslinien, um eine kostenoptimierte Intralogistik zu erreichen. Die intelligente, \u00e4u\u00dferst vielseitige und individuelle Logistikl\u00f6sung l\u00e4sst sich problemlos im gesamten Materialfluss \u2013 vom Warenlager bis zur Fertigungslinie \u2013 in den unterschiedlichsten Industriebereichen anwenden.<\/p>\n\n\n\n<div class=\"wp-block-buttons is-layout-flex wp-block-buttons-is-layout-flex\">\n<div class=\"wp-block-button\"><a class=\"wp-block-button__link wp-element-button\" href=\"https:\/\/www.comau.com\/de\/?page_id=23203\">Weiterlesen<\/a><\/div>\n<\/div>\n<\/div>\n\n\n\n<div class=\"wp-block-column is-layout-flow wp-block-column-is-layout-flow\">\n<h3 class=\"wp-block-heading\" id=\"in-grid\">In.Grid<\/h3>\n\n\n\n<p>Unsere innovative Vernetzungsplattform kombiniert die digitale und die physikalische Welt mittels Sensorisierung, Datenanalyse und Echtzeit\u00fcberwachung von Ausr\u00fcstung und Systemen.<\/p>\n\n\n\n<div class=\"wp-block-buttons is-layout-flex wp-block-buttons-is-layout-flex\">\n<div class=\"wp-block-button\"><a class=\"wp-block-button__link wp-element-button\" href=\"https:\/\/www.comau.com\/de\/competencies\/products-solutions\/digital-initiatives\/technologies\/in-grid\/\">Weiterlesen<\/a><\/div>\n<\/div>\n<\/div>\n\n\n\n<div class=\"wp-block-column is-layout-flow wp-block-column-is-layout-flow\">\n<h3 class=\"wp-block-heading\" id=\"vir-gil\">Vir.GIL<\/h3>\n\n\n\n<p>Vir.GIL ist einfaches und intuitives System, das digitale Technologien, Sensoren und Steuerungssoftware kombiniert, um Arbeitskr\u00e4fte bei der Durchf\u00fchrung manueller T\u00e4tigkeiten zu f\u00fchren, indem es eine menschen\u00e4hnliche Interaktion zwischen Bediener und Maschine schafft.<\/p>\n\n\n\n<div class=\"wp-block-buttons is-layout-flex wp-block-buttons-is-layout-flex\">\n<div class=\"wp-block-button\"><a class=\"wp-block-button__link wp-element-button\" href=\"https:\/\/www.comau.com\/de\/?page_id=23198\">Weiterlesen<\/a><\/div>\n<\/div>\n<\/div>\n<\/div>\n","protected":false},"excerpt":{"rendered":"<p>Wir nutzen das potenzial der digitalen fertigung Um im Zuge der Weiterentwicklung der Fertigungswelt besser auf Kundenbed\u00fcrfnisse und Marktherausforderungen reagieren zu k\u00f6nnen, zeigt Comau neue Wege auf. Unser Konzept f\u00fcr die Vernetzung von Menschen, Prozessen, Betriebsmitteln und Systemen treibt die Schaffung von Wertsch\u00f6pfungsnetzen voran, die durch die Erfassung, Analyse und Nutzung vernetzter Intelligenz immer flexibler, [&hellip;]<\/p>\n","protected":false},"author":11,"featured_media":6226,"parent":65270,"menu_order":5,"comment_status":"closed","ping_status":"closed","template":"","meta":{"_acf_changed":false,"ep_exclude_from_search":false,"footnotes":""},"class_list":["post-6212","page","type-page","status-publish","has-post-thumbnail","hentry"],"acf":[],"yoast_head":"<!-- This site is optimized with the Yoast SEO plugin v26.9 - https:\/\/yoast.com\/product\/yoast-seo-wordpress\/ -->\n<title>Digital Manufacturing: Digitalisierung von Fertigungsprozessen | Comau<\/title>\n<meta name=\"description\" content=\"Comau bietet Systeml\u00f6sungen f\u00fcr die Digitalisierung von Unternehmensprozessen f\u00fcr Institutionen, Unternehmen und Universit\u00e4ten: Entdecken Sie unsere Website!\" \/>\n<meta name=\"robots\" content=\"index, follow, max-snippet:-1, max-image-preview:large, max-video-preview:-1\" \/>\n<link rel=\"canonical\" href=\"https:\/\/www.comau.com\/de\/competencies\/products-solutions\/digital-initiatives\/\" \/>\n<meta property=\"og:locale\" content=\"de_DE\" \/>\n<meta property=\"og:type\" content=\"article\" \/>\n<meta property=\"og:title\" content=\"Digital Manufacturing: Digitalisierung von Fertigungsprozessen | Comau\" \/>\n<meta property=\"og:description\" content=\"Comau bietet Systeml\u00f6sungen f\u00fcr die Digitalisierung von Unternehmensprozessen f\u00fcr Institutionen, Unternehmen und Universit\u00e4ten: Entdecken Sie unsere Website!\" \/>\n<meta property=\"og:url\" content=\"https:\/\/www.comau.com\/de\/competencies\/products-solutions\/digital-initiatives\/\" \/>\n<meta property=\"og:site_name\" content=\"Comau\" \/>\n<meta property=\"article:publisher\" content=\"https:\/\/www.facebook.com\/COMAU\/\" \/>\n<meta property=\"article:modified_time\" content=\"2023-04-20T15:35:22+00:00\" \/>\n<meta property=\"og:image\" content=\"https:\/\/www.comau.com\/wp-content\/uploads\/2021\/06\/Heder_DigitalSolutions.jpg\" \/>\n\t<meta property=\"og:image:width\" content=\"1280\" \/>\n\t<meta property=\"og:image:height\" content=\"485\" \/>\n\t<meta property=\"og:image:type\" content=\"image\/jpeg\" \/>\n<meta name=\"twitter:card\" content=\"summary_large_image\" \/>\n<meta name=\"twitter:site\" content=\"@comaugroup\" \/>\n<meta name=\"twitter:label1\" content=\"Gesch\u00e4tzte Lesezeit\" \/>\n\t<meta name=\"twitter:data1\" content=\"3\u00a0Minuten\" \/>\n<script type=\"application\/ld+json\" class=\"yoast-schema-graph\">{\"@context\":\"https:\/\/schema.org\",\"@graph\":[{\"@type\":\"WebPage\",\"@id\":\"https:\/\/www.comau.com\/de\/competencies\/products-solutions\/digital-initiatives\/\",\"url\":\"https:\/\/www.comau.com\/de\/competencies\/products-solutions\/digital-initiatives\/\",\"name\":\"Digital Manufacturing: Digitalisierung von Fertigungsprozessen | Comau\",\"isPartOf\":{\"@id\":\"https:\/\/www.comau.com\/de\/#website\"},\"primaryImageOfPage\":{\"@id\":\"https:\/\/www.comau.com\/de\/competencies\/products-solutions\/digital-initiatives\/#primaryimage\"},\"image\":{\"@id\":\"https:\/\/www.comau.com\/de\/competencies\/products-solutions\/digital-initiatives\/#primaryimage\"},\"thumbnailUrl\":\"https:\/\/www.comau.com\/wp-content\/uploads\/2021\/06\/Heder_DigitalSolutions.jpg\",\"datePublished\":\"2021-06-30T22:05:48+00:00\",\"dateModified\":\"2023-04-20T15:35:22+00:00\",\"description\":\"Comau bietet Systeml\u00f6sungen f\u00fcr die Digitalisierung von Unternehmensprozessen f\u00fcr Institutionen, Unternehmen und Universit\u00e4ten: Entdecken Sie unsere Website!\",\"breadcrumb\":{\"@id\":\"https:\/\/www.comau.com\/de\/competencies\/products-solutions\/digital-initiatives\/#breadcrumb\"},\"inLanguage\":\"de\",\"potentialAction\":[{\"@type\":\"ReadAction\",\"target\":[\"https:\/\/www.comau.com\/de\/competencies\/products-solutions\/digital-initiatives\/\"]}]},{\"@type\":\"ImageObject\",\"inLanguage\":\"de\",\"@id\":\"https:\/\/www.comau.com\/de\/competencies\/products-solutions\/digital-initiatives\/#primaryimage\",\"url\":\"https:\/\/www.comau.com\/wp-content\/uploads\/2021\/06\/Heder_DigitalSolutions.jpg\",\"contentUrl\":\"https:\/\/www.comau.com\/wp-content\/uploads\/2021\/06\/Heder_DigitalSolutions.jpg\",\"width\":1280,\"height\":485},{\"@type\":\"BreadcrumbList\",\"@id\":\"https:\/\/www.comau.com\/de\/competencies\/products-solutions\/digital-initiatives\/#breadcrumb\",\"itemListElement\":[{\"@type\":\"ListItem\",\"position\":1,\"name\":\"Home\",\"item\":\"https:\/\/www.comau.com\/de\/\"},{\"@type\":\"ListItem\",\"position\":2,\"name\":\"Unsere Kompetenzen\",\"item\":\"https:\/\/www.comau.com\/de\/competencies\/\"},{\"@type\":\"ListItem\",\"position\":3,\"name\":\"Digital initiatives\"}]},{\"@type\":\"WebSite\",\"@id\":\"https:\/\/www.comau.com\/de\/#website\",\"url\":\"https:\/\/www.comau.com\/de\/\",\"name\":\"Comau\",\"description\":\"Industrial automation and robotics\",\"publisher\":{\"@id\":\"https:\/\/www.comau.com\/de\/#organization\"},\"potentialAction\":[{\"@type\":\"SearchAction\",\"target\":{\"@type\":\"EntryPoint\",\"urlTemplate\":\"https:\/\/www.comau.com\/de\/?s={search_term_string}\"},\"query-input\":{\"@type\":\"PropertyValueSpecification\",\"valueRequired\":true,\"valueName\":\"search_term_string\"}}],\"inLanguage\":\"de\"},{\"@type\":\"Organization\",\"@id\":\"https:\/\/www.comau.com\/de\/#organization\",\"name\":\"Comau\",\"url\":\"https:\/\/www.comau.com\/de\/\",\"logo\":{\"@type\":\"ImageObject\",\"inLanguage\":\"de\",\"@id\":\"https:\/\/www.comau.com\/de\/#\/schema\/logo\/image\/\",\"url\":\"https:\/\/www.comau.com\/wp-content\/uploads\/2024\/07\/cropped-Logo-COMAU.png\",\"contentUrl\":\"https:\/\/www.comau.com\/wp-content\/uploads\/2024\/07\/cropped-Logo-COMAU.png\",\"width\":434,\"height\":434,\"caption\":\"Comau\"},\"image\":{\"@id\":\"https:\/\/www.comau.com\/de\/#\/schema\/logo\/image\/\"},\"sameAs\":[\"https:\/\/www.facebook.com\/COMAU\/\",\"https:\/\/x.com\/comaugroup\",\"https:\/\/www.instagram.com\/comaugroup\/\",\"https:\/\/www.linkedin.com\/company\/comau\",\"https:\/\/www.youtube.com\/user\/comau\"]}]}<\/script>\n<!-- \/ Yoast SEO plugin. -->","yoast_head_json":{"title":"Digital Manufacturing: Digitalisierung von Fertigungsprozessen | Comau","description":"Comau bietet Systeml\u00f6sungen f\u00fcr die Digitalisierung von Unternehmensprozessen f\u00fcr Institutionen, Unternehmen und Universit\u00e4ten: Entdecken Sie unsere Website!","robots":{"index":"index","follow":"follow","max-snippet":"max-snippet:-1","max-image-preview":"max-image-preview:large","max-video-preview":"max-video-preview:-1"},"canonical":"https:\/\/www.comau.com\/de\/competencies\/products-solutions\/digital-initiatives\/","og_locale":"de_DE","og_type":"article","og_title":"Digital Manufacturing: Digitalisierung von Fertigungsprozessen | Comau","og_description":"Comau bietet Systeml\u00f6sungen f\u00fcr die Digitalisierung von Unternehmensprozessen f\u00fcr Institutionen, Unternehmen und Universit\u00e4ten: Entdecken Sie unsere Website!","og_url":"https:\/\/www.comau.com\/de\/competencies\/products-solutions\/digital-initiatives\/","og_site_name":"Comau","article_publisher":"https:\/\/www.facebook.com\/COMAU\/","article_modified_time":"2023-04-20T15:35:22+00:00","og_image":[{"width":1280,"height":485,"url":"https:\/\/www.comau.com\/wp-content\/uploads\/2021\/06\/Heder_DigitalSolutions.jpg","type":"image\/jpeg"}],"twitter_card":"summary_large_image","twitter_site":"@comaugroup","twitter_misc":{"Gesch\u00e4tzte Lesezeit":"3\u00a0Minuten"},"schema":{"@context":"https:\/\/schema.org","@graph":[{"@type":"WebPage","@id":"https:\/\/www.comau.com\/de\/competencies\/products-solutions\/digital-initiatives\/","url":"https:\/\/www.comau.com\/de\/competencies\/products-solutions\/digital-initiatives\/","name":"Digital Manufacturing: Digitalisierung von Fertigungsprozessen | Comau","isPartOf":{"@id":"https:\/\/www.comau.com\/de\/#website"},"primaryImageOfPage":{"@id":"https:\/\/www.comau.com\/de\/competencies\/products-solutions\/digital-initiatives\/#primaryimage"},"image":{"@id":"https:\/\/www.comau.com\/de\/competencies\/products-solutions\/digital-initiatives\/#primaryimage"},"thumbnailUrl":"https:\/\/www.comau.com\/wp-content\/uploads\/2021\/06\/Heder_DigitalSolutions.jpg","datePublished":"2021-06-30T22:05:48+00:00","dateModified":"2023-04-20T15:35:22+00:00","description":"Comau bietet Systeml\u00f6sungen f\u00fcr die Digitalisierung von Unternehmensprozessen f\u00fcr Institutionen, Unternehmen und Universit\u00e4ten: Entdecken Sie unsere Website!","breadcrumb":{"@id":"https:\/\/www.comau.com\/de\/competencies\/products-solutions\/digital-initiatives\/#breadcrumb"},"inLanguage":"de","potentialAction":[{"@type":"ReadAction","target":["https:\/\/www.comau.com\/de\/competencies\/products-solutions\/digital-initiatives\/"]}]},{"@type":"ImageObject","inLanguage":"de","@id":"https:\/\/www.comau.com\/de\/competencies\/products-solutions\/digital-initiatives\/#primaryimage","url":"https:\/\/www.comau.com\/wp-content\/uploads\/2021\/06\/Heder_DigitalSolutions.jpg","contentUrl":"https:\/\/www.comau.com\/wp-content\/uploads\/2021\/06\/Heder_DigitalSolutions.jpg","width":1280,"height":485},{"@type":"BreadcrumbList","@id":"https:\/\/www.comau.com\/de\/competencies\/products-solutions\/digital-initiatives\/#breadcrumb","itemListElement":[{"@type":"ListItem","position":1,"name":"Home","item":"https:\/\/www.comau.com\/de\/"},{"@type":"ListItem","position":2,"name":"Unsere Kompetenzen","item":"https:\/\/www.comau.com\/de\/competencies\/"},{"@type":"ListItem","position":3,"name":"Digital initiatives"}]},{"@type":"WebSite","@id":"https:\/\/www.comau.com\/de\/#website","url":"https:\/\/www.comau.com\/de\/","name":"Comau","description":"Industrial automation and robotics","publisher":{"@id":"https:\/\/www.comau.com\/de\/#organization"},"potentialAction":[{"@type":"SearchAction","target":{"@type":"EntryPoint","urlTemplate":"https:\/\/www.comau.com\/de\/?s={search_term_string}"},"query-input":{"@type":"PropertyValueSpecification","valueRequired":true,"valueName":"search_term_string"}}],"inLanguage":"de"},{"@type":"Organization","@id":"https:\/\/www.comau.com\/de\/#organization","name":"Comau","url":"https:\/\/www.comau.com\/de\/","logo":{"@type":"ImageObject","inLanguage":"de","@id":"https:\/\/www.comau.com\/de\/#\/schema\/logo\/image\/","url":"https:\/\/www.comau.com\/wp-content\/uploads\/2024\/07\/cropped-Logo-COMAU.png","contentUrl":"https:\/\/www.comau.com\/wp-content\/uploads\/2024\/07\/cropped-Logo-COMAU.png","width":434,"height":434,"caption":"Comau"},"image":{"@id":"https:\/\/www.comau.com\/de\/#\/schema\/logo\/image\/"},"sameAs":["https:\/\/www.facebook.com\/COMAU\/","https:\/\/x.com\/comaugroup","https:\/\/www.instagram.com\/comaugroup\/","https:\/\/www.linkedin.com\/company\/comau","https:\/\/www.youtube.com\/user\/comau"]}]}},"_links":{"self":[{"href":"https:\/\/www.comau.com\/de\/wp-json\/wp\/v2\/pages\/6212","targetHints":{"allow":["GET"]}}],"collection":[{"href":"https:\/\/www.comau.com\/de\/wp-json\/wp\/v2\/pages"}],"about":[{"href":"https:\/\/www.comau.com\/de\/wp-json\/wp\/v2\/types\/page"}],"author":[{"embeddable":true,"href":"https:\/\/www.comau.com\/de\/wp-json\/wp\/v2\/users\/11"}],"replies":[{"embeddable":true,"href":"https:\/\/www.comau.com\/de\/wp-json\/wp\/v2\/comments?post=6212"}],"version-history":[{"count":35,"href":"https:\/\/www.comau.com\/de\/wp-json\/wp\/v2\/pages\/6212\/revisions"}],"predecessor-version":[{"id":52647,"href":"https:\/\/www.comau.com\/de\/wp-json\/wp\/v2\/pages\/6212\/revisions\/52647"}],"up":[{"embeddable":true,"href":"https:\/\/www.comau.com\/de\/wp-json\/wp\/v2\/pages\/65270"}],"wp:featuredmedia":[{"embeddable":true,"href":"https:\/\/www.comau.com\/de\/wp-json\/wp\/v2\/media\/6226"}],"wp:attachment":[{"href":"https:\/\/www.comau.com\/de\/wp-json\/wp\/v2\/media?parent=6212"}],"curies":[{"name":"wp","href":"https:\/\/api.w.org\/{rel}","templated":true}]}}