{"id":6182,"date":"2021-07-01T01:02:53","date_gmt":"2021-06-30T23:02:53","guid":{"rendered":"https:\/\/www.comau.com\/?page_id=6182"},"modified":"2024-03-27T03:49:58","modified_gmt":"2024-03-27T02:49:58","slug":"battery-manufacturing","status":"publish","type":"page","link":"https:\/\/www.comau.com\/de\/competencies\/electromobility\/battery-manufacturing\/","title":{"rendered":"Battery manufacturing"},"content":{"rendered":"\n<h2 class=\"wp-block-heading\" id=\"cells-modules-packs-cases-and-more\">Zellen, Module, Pakete, Geh\u00e4use und mehr<\/h2>\n\n\n\n<p>\u200bWir verstehen die inh\u00e4rente Komplexit\u00e4t batteriebasierter Leistungsvarianten und k\u00f6nnen von Anfang an zur Weiterentwicklung Ihres Produkts beitragen. Als Einzelanbieter f\u00fcr das gesamte Batterieproduktionssystem umfasst unser Angebot spezielle L\u00f6sungen f\u00fcr:<\/p>\n\n\n\n<ul class=\"wp-block-list\">\n<li>Testen und Realisierung von Batteriezellen<\/li>\n\n\n\n<li>Montage des Batteriemoduls<\/li>\n\n\n\n<li>Montage der kompletten Batterien<\/li>\n\n\n\n<li>Aufbau eines station\u00e4ren Speicherpakets<\/li>\n\n\n\n<li>End-of-Line-Pr\u00fcfungen<\/li>\n\n\n\n<li>Bearbeitung von Batteriek\u00e4sten<\/li>\n<\/ul>\n\n\n\n<h2 class=\"wp-block-heading\" id=\"komplettanbieter\">Komplettanbieter<\/h2>\n\n\n\n<p>Unser Portfolio an Batteriel\u00f6sungen basiert auf firmeneigenen Technologien und Produkten von Comau. Unsere Systeme k\u00f6nnen m\u00fchelos prismatische, zylindrische oder Pouch-Zellen-Konfigurationen bew\u00e4ltigen; dies tr\u00e4gt zum Schutz Ihrer Investition bei und l\u00e4sst Ihnen gleichzeitig die Freiheit der Wahl.<\/p>\n\n\n<div class=\"wp-block-image\">\n<figure class=\"aligncenter size-large\"><img decoding=\"async\" width=\"768\" height=\"656\" src=\"https:\/\/www.comau.com\/wp-content\/uploads\/2021\/06\/E-Batteries.png\" alt=\"\" class=\"wp-image-6200\" srcset=\"https:\/\/www.comau.com\/wp-content\/uploads\/2021\/06\/E-Batteries.png 768w, https:\/\/www.comau.com\/wp-content\/uploads\/2021\/06\/E-Batteries-300x256.png 300w\" sizes=\"(max-width: 768px) 100vw, 768px\" \/><\/figure>\n<\/div>\n\n\n<h2 class=\"wp-block-heading\" id=\"vorteile\">Vorteile<\/h2>\n\n\n\n<p>Nutzen Sie den Comau-Vorteil f\u00fcr sich. Mit dem richtigen Know-how k\u00f6nnen wir Ihnen jetzt helfen, jeden Batteriemontagevorgang zu bew\u00e4ltigen und gleichzeitig die folgenden Ergebnisse zu erzielen, die von Vorteil sind:<\/p>\n\n\n\n<ul class=\"wp-block-list\">\n<li>Kurze Markteinf\u00fchrungszeit<\/li>\n\n\n\n<li>Unterst\u00fctzung bei der Prozessentwicklung f\u00fcr ein Produkt in der Entwicklung<\/li>\n\n\n\n<li>Comau internes Laserschwei\u00dflabor zur Prozessvalidierung und Einrichtung<\/li>\n\n\n\n<li>Produktionslabor f\u00fcr Batterieprototypen<\/li>\n\n\n\n<li>Modularit\u00e4t der Montagelinie und einfache Rekonfigurierbarkeit<\/li>\n<\/ul>\n","protected":false},"excerpt":{"rendered":"<p>Zellen, Module, Pakete, Geh\u00e4use und mehr \u200bWir verstehen die inh\u00e4rente Komplexit\u00e4t batteriebasierter Leistungsvarianten und k\u00f6nnen von Anfang an zur Weiterentwicklung Ihres Produkts beitragen. Als Einzelanbieter f\u00fcr das gesamte Batterieproduktionssystem umfasst unser Angebot spezielle L\u00f6sungen f\u00fcr: Komplettanbieter Unser Portfolio an Batteriel\u00f6sungen basiert auf firmeneigenen Technologien und Produkten von Comau. Unsere Systeme k\u00f6nnen m\u00fchelos prismatische, zylindrische oder [&hellip;]<\/p>\n","protected":false},"author":11,"featured_media":5961,"parent":6167,"menu_order":2,"comment_status":"closed","ping_status":"closed","template":"","meta":{"_acf_changed":false,"ep_exclude_from_search":false,"footnotes":""},"class_list":["post-6182","page","type-page","status-publish","has-post-thumbnail","hentry"],"acf":[],"yoast_head":"<!-- This site is optimized with the Yoast SEO plugin v26.9 - https:\/\/yoast.com\/product\/yoast-seo-wordpress\/ -->\n<title>Batteriemodule f\u00fcr Elektrofahrzeuge: Produktion und Montage | Comau<\/title>\n<meta name=\"description\" content=\"Entdecken Sie das Batterieproduktionssystem und die speziellen L\u00f6sungen von Comau: von der Produktion bis zur Kontrolle.\" \/>\n<meta name=\"robots\" content=\"index, follow, max-snippet:-1, max-image-preview:large, max-video-preview:-1\" \/>\n<link rel=\"canonical\" href=\"https:\/\/www.comau.com\/de\/competencies\/electromobility\/battery-manufacturing\/\" \/>\n<meta property=\"og:locale\" content=\"de_DE\" \/>\n<meta property=\"og:type\" content=\"article\" \/>\n<meta property=\"og:title\" content=\"Batteriemodule f\u00fcr Elektrofahrzeuge: Produktion und Montage | Comau\" \/>\n<meta property=\"og:description\" content=\"Entdecken Sie das Batterieproduktionssystem und die speziellen L\u00f6sungen von Comau: von der Produktion bis zur Kontrolle.\" \/>\n<meta property=\"og:url\" content=\"https:\/\/www.comau.com\/de\/competencies\/electromobility\/battery-manufacturing\/\" \/>\n<meta property=\"og:site_name\" content=\"Comau\" \/>\n<meta property=\"article:publisher\" content=\"https:\/\/www.facebook.com\/COMAU\/\" \/>\n<meta property=\"article:modified_time\" content=\"2024-03-27T02:49:58+00:00\" \/>\n<meta property=\"og:image\" content=\"https:\/\/www.comau.com\/wp-content\/uploads\/2021\/06\/emobility_header2.png\" \/>\n\t<meta property=\"og:image:width\" content=\"1280\" \/>\n\t<meta property=\"og:image:height\" content=\"485\" \/>\n\t<meta property=\"og:image:type\" content=\"image\/png\" \/>\n<meta name=\"twitter:card\" content=\"summary_large_image\" \/>\n<meta name=\"twitter:site\" content=\"@comaugroup\" \/>\n<meta name=\"twitter:label1\" content=\"Gesch\u00e4tzte Lesezeit\" \/>\n\t<meta name=\"twitter:data1\" content=\"2\u00a0Minuten\" \/>\n<script type=\"application\/ld+json\" class=\"yoast-schema-graph\">{\"@context\":\"https:\/\/schema.org\",\"@graph\":[{\"@type\":\"WebPage\",\"@id\":\"https:\/\/www.comau.com\/de\/competencies\/electromobility\/battery-manufacturing\/\",\"url\":\"https:\/\/www.comau.com\/de\/competencies\/electromobility\/battery-manufacturing\/\",\"name\":\"Batteriemodule f\u00fcr Elektrofahrzeuge: Produktion und Montage | Comau\",\"isPartOf\":{\"@id\":\"https:\/\/www.comau.com\/de\/#website\"},\"primaryImageOfPage\":{\"@id\":\"https:\/\/www.comau.com\/de\/competencies\/electromobility\/battery-manufacturing\/#primaryimage\"},\"image\":{\"@id\":\"https:\/\/www.comau.com\/de\/competencies\/electromobility\/battery-manufacturing\/#primaryimage\"},\"thumbnailUrl\":\"https:\/\/www.comau.com\/wp-content\/uploads\/2021\/06\/emobility_header2.png\",\"datePublished\":\"2021-06-30T23:02:53+00:00\",\"dateModified\":\"2024-03-27T02:49:58+00:00\",\"description\":\"Entdecken Sie das Batterieproduktionssystem und die speziellen L\u00f6sungen von Comau: von der Produktion bis zur Kontrolle.\",\"breadcrumb\":{\"@id\":\"https:\/\/www.comau.com\/de\/competencies\/electromobility\/battery-manufacturing\/#breadcrumb\"},\"inLanguage\":\"de\",\"potentialAction\":[{\"@type\":\"ReadAction\",\"target\":[\"https:\/\/www.comau.com\/de\/competencies\/electromobility\/battery-manufacturing\/\"]}]},{\"@type\":\"ImageObject\",\"inLanguage\":\"de\",\"@id\":\"https:\/\/www.comau.com\/de\/competencies\/electromobility\/battery-manufacturing\/#primaryimage\",\"url\":\"https:\/\/www.comau.com\/wp-content\/uploads\/2021\/06\/emobility_header2.png\",\"contentUrl\":\"https:\/\/www.comau.com\/wp-content\/uploads\/2021\/06\/emobility_header2.png\",\"width\":1280,\"height\":485},{\"@type\":\"BreadcrumbList\",\"@id\":\"https:\/\/www.comau.com\/de\/competencies\/electromobility\/battery-manufacturing\/#breadcrumb\",\"itemListElement\":[{\"@type\":\"ListItem\",\"position\":1,\"name\":\"Home\",\"item\":\"https:\/\/www.comau.com\/de\/\"},{\"@type\":\"ListItem\",\"position\":2,\"name\":\"Unsere Kompetenzen\",\"item\":\"https:\/\/www.comau.com\/de\/competencies\/\"},{\"@type\":\"ListItem\",\"position\":3,\"name\":\"Electromobility\",\"item\":\"https:\/\/www.comau.com\/de\/competencies\/electromobility\/\"},{\"@type\":\"ListItem\",\"position\":4,\"name\":\"Battery manufacturing\"}]},{\"@type\":\"WebSite\",\"@id\":\"https:\/\/www.comau.com\/de\/#website\",\"url\":\"https:\/\/www.comau.com\/de\/\",\"name\":\"Comau\",\"description\":\"Industrial automation and robotics\",\"publisher\":{\"@id\":\"https:\/\/www.comau.com\/de\/#organization\"},\"potentialAction\":[{\"@type\":\"SearchAction\",\"target\":{\"@type\":\"EntryPoint\",\"urlTemplate\":\"https:\/\/www.comau.com\/de\/?s={search_term_string}\"},\"query-input\":{\"@type\":\"PropertyValueSpecification\",\"valueRequired\":true,\"valueName\":\"search_term_string\"}}],\"inLanguage\":\"de\"},{\"@type\":\"Organization\",\"@id\":\"https:\/\/www.comau.com\/de\/#organization\",\"name\":\"Comau\",\"url\":\"https:\/\/www.comau.com\/de\/\",\"logo\":{\"@type\":\"ImageObject\",\"inLanguage\":\"de\",\"@id\":\"https:\/\/www.comau.com\/de\/#\/schema\/logo\/image\/\",\"url\":\"https:\/\/www.comau.com\/wp-content\/uploads\/2024\/07\/cropped-Logo-COMAU.png\",\"contentUrl\":\"https:\/\/www.comau.com\/wp-content\/uploads\/2024\/07\/cropped-Logo-COMAU.png\",\"width\":434,\"height\":434,\"caption\":\"Comau\"},\"image\":{\"@id\":\"https:\/\/www.comau.com\/de\/#\/schema\/logo\/image\/\"},\"sameAs\":[\"https:\/\/www.facebook.com\/COMAU\/\",\"https:\/\/x.com\/comaugroup\",\"https:\/\/www.instagram.com\/comaugroup\/\",\"https:\/\/www.linkedin.com\/company\/comau\",\"https:\/\/www.youtube.com\/user\/comau\"]}]}<\/script>\n<!-- \/ Yoast SEO plugin. -->","yoast_head_json":{"title":"Batteriemodule f\u00fcr Elektrofahrzeuge: Produktion und Montage | Comau","description":"Entdecken Sie das Batterieproduktionssystem und die speziellen L\u00f6sungen von Comau: von der Produktion bis zur Kontrolle.","robots":{"index":"index","follow":"follow","max-snippet":"max-snippet:-1","max-image-preview":"max-image-preview:large","max-video-preview":"max-video-preview:-1"},"canonical":"https:\/\/www.comau.com\/de\/competencies\/electromobility\/battery-manufacturing\/","og_locale":"de_DE","og_type":"article","og_title":"Batteriemodule f\u00fcr Elektrofahrzeuge: Produktion und Montage | Comau","og_description":"Entdecken Sie das Batterieproduktionssystem und die speziellen L\u00f6sungen von Comau: von der Produktion bis zur Kontrolle.","og_url":"https:\/\/www.comau.com\/de\/competencies\/electromobility\/battery-manufacturing\/","og_site_name":"Comau","article_publisher":"https:\/\/www.facebook.com\/COMAU\/","article_modified_time":"2024-03-27T02:49:58+00:00","og_image":[{"width":1280,"height":485,"url":"https:\/\/www.comau.com\/wp-content\/uploads\/2021\/06\/emobility_header2.png","type":"image\/png"}],"twitter_card":"summary_large_image","twitter_site":"@comaugroup","twitter_misc":{"Gesch\u00e4tzte Lesezeit":"2\u00a0Minuten"},"schema":{"@context":"https:\/\/schema.org","@graph":[{"@type":"WebPage","@id":"https:\/\/www.comau.com\/de\/competencies\/electromobility\/battery-manufacturing\/","url":"https:\/\/www.comau.com\/de\/competencies\/electromobility\/battery-manufacturing\/","name":"Batteriemodule f\u00fcr Elektrofahrzeuge: Produktion und Montage | Comau","isPartOf":{"@id":"https:\/\/www.comau.com\/de\/#website"},"primaryImageOfPage":{"@id":"https:\/\/www.comau.com\/de\/competencies\/electromobility\/battery-manufacturing\/#primaryimage"},"image":{"@id":"https:\/\/www.comau.com\/de\/competencies\/electromobility\/battery-manufacturing\/#primaryimage"},"thumbnailUrl":"https:\/\/www.comau.com\/wp-content\/uploads\/2021\/06\/emobility_header2.png","datePublished":"2021-06-30T23:02:53+00:00","dateModified":"2024-03-27T02:49:58+00:00","description":"Entdecken Sie das Batterieproduktionssystem und die speziellen L\u00f6sungen von Comau: von der Produktion bis zur Kontrolle.","breadcrumb":{"@id":"https:\/\/www.comau.com\/de\/competencies\/electromobility\/battery-manufacturing\/#breadcrumb"},"inLanguage":"de","potentialAction":[{"@type":"ReadAction","target":["https:\/\/www.comau.com\/de\/competencies\/electromobility\/battery-manufacturing\/"]}]},{"@type":"ImageObject","inLanguage":"de","@id":"https:\/\/www.comau.com\/de\/competencies\/electromobility\/battery-manufacturing\/#primaryimage","url":"https:\/\/www.comau.com\/wp-content\/uploads\/2021\/06\/emobility_header2.png","contentUrl":"https:\/\/www.comau.com\/wp-content\/uploads\/2021\/06\/emobility_header2.png","width":1280,"height":485},{"@type":"BreadcrumbList","@id":"https:\/\/www.comau.com\/de\/competencies\/electromobility\/battery-manufacturing\/#breadcrumb","itemListElement":[{"@type":"ListItem","position":1,"name":"Home","item":"https:\/\/www.comau.com\/de\/"},{"@type":"ListItem","position":2,"name":"Unsere Kompetenzen","item":"https:\/\/www.comau.com\/de\/competencies\/"},{"@type":"ListItem","position":3,"name":"Electromobility","item":"https:\/\/www.comau.com\/de\/competencies\/electromobility\/"},{"@type":"ListItem","position":4,"name":"Battery manufacturing"}]},{"@type":"WebSite","@id":"https:\/\/www.comau.com\/de\/#website","url":"https:\/\/www.comau.com\/de\/","name":"Comau","description":"Industrial automation and robotics","publisher":{"@id":"https:\/\/www.comau.com\/de\/#organization"},"potentialAction":[{"@type":"SearchAction","target":{"@type":"EntryPoint","urlTemplate":"https:\/\/www.comau.com\/de\/?s={search_term_string}"},"query-input":{"@type":"PropertyValueSpecification","valueRequired":true,"valueName":"search_term_string"}}],"inLanguage":"de"},{"@type":"Organization","@id":"https:\/\/www.comau.com\/de\/#organization","name":"Comau","url":"https:\/\/www.comau.com\/de\/","logo":{"@type":"ImageObject","inLanguage":"de","@id":"https:\/\/www.comau.com\/de\/#\/schema\/logo\/image\/","url":"https:\/\/www.comau.com\/wp-content\/uploads\/2024\/07\/cropped-Logo-COMAU.png","contentUrl":"https:\/\/www.comau.com\/wp-content\/uploads\/2024\/07\/cropped-Logo-COMAU.png","width":434,"height":434,"caption":"Comau"},"image":{"@id":"https:\/\/www.comau.com\/de\/#\/schema\/logo\/image\/"},"sameAs":["https:\/\/www.facebook.com\/COMAU\/","https:\/\/x.com\/comaugroup","https:\/\/www.instagram.com\/comaugroup\/","https:\/\/www.linkedin.com\/company\/comau","https:\/\/www.youtube.com\/user\/comau"]}]}},"_links":{"self":[{"href":"https:\/\/www.comau.com\/de\/wp-json\/wp\/v2\/pages\/6182","targetHints":{"allow":["GET"]}}],"collection":[{"href":"https:\/\/www.comau.com\/de\/wp-json\/wp\/v2\/pages"}],"about":[{"href":"https:\/\/www.comau.com\/de\/wp-json\/wp\/v2\/types\/page"}],"author":[{"embeddable":true,"href":"https:\/\/www.comau.com\/de\/wp-json\/wp\/v2\/users\/11"}],"replies":[{"embeddable":true,"href":"https:\/\/www.comau.com\/de\/wp-json\/wp\/v2\/comments?post=6182"}],"version-history":[{"count":8,"href":"https:\/\/www.comau.com\/de\/wp-json\/wp\/v2\/pages\/6182\/revisions"}],"predecessor-version":[{"id":61708,"href":"https:\/\/www.comau.com\/de\/wp-json\/wp\/v2\/pages\/6182\/revisions\/61708"}],"up":[{"embeddable":true,"href":"https:\/\/www.comau.com\/de\/wp-json\/wp\/v2\/pages\/6167"}],"wp:featuredmedia":[{"embeddable":true,"href":"https:\/\/www.comau.com\/de\/wp-json\/wp\/v2\/media\/5961"}],"wp:attachment":[{"href":"https:\/\/www.comau.com\/de\/wp-json\/wp\/v2\/media?parent=6182"}],"curies":[{"name":"wp","href":"https:\/\/api.w.org\/{rel}","templated":true}]}}