{"id":6177,"date":"2022-05-13T09:44:44","date_gmt":"2022-05-13T07:44:44","guid":{"rendered":"https:\/\/www.comau.com\/?page_id=6177"},"modified":"2023-02-17T14:34:37","modified_gmt":"2023-02-17T13:34:37","slug":"real-solutions-for-real-projects","status":"publish","type":"page","link":"https:\/\/www.comau.com\/de\/competencies\/electromobility\/real-solutions-for-real-projects\/","title":{"rendered":"Real solutions for real projects"},"content":{"rendered":"\n<h2 class=\"wp-block-heading\" id=\"being-good-isn-t-enough\">Gut sein reicht nicht<\/h2>\n\n\n\n<p>Wenn es um Automatisierung geht, k\u00f6nnen nur wenige das Fachwissen und die Erfolgsbilanz von Comau \u00fcbertreffen. Doch die Elektrifizierung etwas ganz anderes und gut zu sein ist hier nur der erste Schritt. Aus diesem Grund nutzen wir die Comau-DNA und den teamorientierten Ansatz, um die gesamte E-Wertsch\u00f6pfungskette mit echten Antworten auf eine Vielzahl realer Projektszenarien abzudecken<\/p>\n\n\n\n<p>Mit einem ganzen Portfolio innovativer Produkte und Prozesstechnologien zur Unterst\u00fctzung der Transformation und Nutzung der Stromversorgung ebnen wir den Weg zur Elektrifizierung mit modularen, skalierbaren und investitionseffektiven L\u00f6sungen. Dar\u00fcber hinaus hat unser aus \u00fcber 200 engagierten Ressourcen und 3 Forschungszentren bestehendes weltweites Team mehr als 40 Unternehmen auf der ganzen Welt geholfen, ihre Elektrifizierungsstrategien voranzutreiben.<\/p>\n\n\n\n<h2 class=\"wp-block-heading\" id=\"ai-based-assurance\">KI-basierte Sicherheit<\/h2>\n\n\n\n<p>\u200bWenn es um die \u00dcberpr\u00fcfung der Effizienz von E-Power-L\u00f6sungen geht, ist das propriet\u00e4re automatisierte Test- und Steuerungsparadigma von Comau un\u00fcbertroffen. Das nicht-invasive Verfahren, das auf der Inline-Erfassung von W\u00e4rmebildern basiert, \u00fcberpr\u00fcft den elektrischen Widerstand und die Schwei\u00dfnahtqualit\u00e4t jeder einzelnen Schwei\u00dfnaht schnell und effizient. Durch die Bewertung der Qualit\u00e4t jeder Schwei\u00dfnaht vor der Endmontage k\u00f6nnen Hersteller die Batteriesicherheit gew\u00e4hrleisten und Abfall vermeiden. Und da die L\u00f6sung keine eigene Stromquelle ben\u00f6tigt, kann sie zu jeder industriellen Batteriefertigungslinie hinzugef\u00fcgt werden, ohne dass die Zykluszeit oder das Fertigungslayout beeintr\u00e4chtigt werden.<\/p>\n\n\n<div class=\"wp-block-image\">\n<figure class=\"aligncenter size-large\"><img decoding=\"async\" src=\"https:\/\/www.comau.com\/wp-content\/uploads\/2021\/06\/Comau_Real-solutions-for-real-projects_Image1.jpg\" alt=\"\" \/><\/figure>\n<\/div>\n\n\n<h2 class=\"wp-block-heading\" id=\"automating-outdoor-installation\">Automatisierung der Au\u00dfeninstallation<\/h2>\n\n\n\n<p>Eines der besten Dinge an innovativer Technik ist das Finden von L\u00f6sungen f\u00fcr Probleme, die zuvor gar nicht erkannt wurden. Nehmen Sie zum Beispiel Hyperion, ein einzigartiges mobiles Installationssystem f\u00fcr den Au\u00dfenbereich, das Comau entwickelt hat, um 30-kg-Solarmodule unter praktisch allen Bedingungen im freiem Feld zu transportieren, zu handhaben und autonom zu installieren.<\/p>\n\n\n\n<p>Die L\u00f6sung ist ein perfektes Beispiel f\u00fcr den Ansatz von Comau bei der offenen Automatisierung. Comau erkannte die M\u00f6glichkeit, einen manuellen Prozess zu industrialisieren, und arbeitete eng mit dem Kunden zusammen, um in knapp 7 Monaten ein mobiles Installationssystem \u2013 mit einem automatisierten Raupenfahrzeug und einem Schwerlast-Gelenkroboter \u2013 zu entwerfen, zu entwickeln und einzusetzen. Heute kann das komplette, gebrauchsfertige mobile Installationssystem problemlos sowohl in neuen als auch in bestehenden Solarfeldern eingesetzt werden, um den Einsatz von Photovoltaikanlagen zu vereinfachen und die Arbeiten zu begrenzen, die die Arbeiter unter rauen Au\u00dfenbedingungen wie starkem Regen und hohen\/niedrigen Temperaturen durchf\u00fchren m\u00fcssten.<\/p>\n\n\n<div class=\"wp-block-image\">\n<figure class=\"aligncenter size-large\"><img decoding=\"async\" src=\"https:\/\/www.comau.com\/wp-content\/uploads\/2021\/06\/Comau_Real-solutions-for-real-projects_Image2.jpg\" alt=\"\" \/><\/figure>\n<\/div>\n\n\n<h2 class=\"wp-block-heading\" id=\"batteries-for-ships\">Schiffsbatterien<\/h2>\n\n\n\n<p>Im Gegensatz zur hochvolumigen, standardisierten Automatisierung in der Automobilindustrie \u00e4hnelt die Batterieherstellung der Nischenproduktion, da keine zwei Module genau gleich sind. Bis vor kurzem war die Batterieherstellung f\u00fcr den Schwertransport, die Schifffahrt und die Schiene ein weitgehend manueller Prozess, der von der Notwendigkeit getrieben wurde, eine Reihe von inh\u00e4renten Abweichungen zu ber\u00fccksichtigen, die sich aus den Anforderungen der Endnutzung ergeben.<\/p>\n\n\n\n<p>In Zusammenarbeit mit einem der weltweit f\u00fchrenden Anbieter von Stromversorgungsl\u00f6sungen f\u00fcr die Marine hat Comau den Herstellungsprozess von Lithium-Ionen-Batteriezellen mit End-to-End-Automatisierung industrialisiert. Die L\u00f6sung basiert auf einer innovativen Schwei\u00dfumgebung, in der Robotik, Laserschwei\u00dfen, KI und die automatische Validierung von Mechanik und elektrischem Widerstand gemeinsam eingesetzt werden, um die Flexibilit\u00e4t bei der Konfiguration mehrerer Module von Hochleistungs-Batteriemodulen zu gew\u00e4hrleisten..<\/p>\n","protected":false},"excerpt":{"rendered":"<p>Gut sein reicht nicht Wenn es um Automatisierung geht, k\u00f6nnen nur wenige das Fachwissen und die Erfolgsbilanz von Comau \u00fcbertreffen. Doch die Elektrifizierung etwas ganz anderes und gut zu sein ist hier nur der erste Schritt. Aus diesem Grund nutzen wir die Comau-DNA und den teamorientierten Ansatz, um die gesamte E-Wertsch\u00f6pfungskette mit echten Antworten auf [&hellip;]<\/p>\n","protected":false},"author":11,"featured_media":5961,"parent":6167,"menu_order":1,"comment_status":"closed","ping_status":"closed","template":"","meta":{"_acf_changed":false,"ep_exclude_from_search":false,"footnotes":""},"class_list":["post-6177","page","type-page","status-publish","has-post-thumbnail","hentry"],"acf":[],"yoast_head":"<!-- This site is optimized with the Yoast SEO plugin v26.9 - https:\/\/yoast.com\/product\/yoast-seo-wordpress\/ -->\n<title>Ma\u00dfgeschneiderte L\u00f6sungen f\u00fcr die Electromobilit\u00e4t | Comau<\/title>\n<meta name=\"description\" content=\"Vertrauen Sie der Erfahrung von Comau im Bereich der Elektromobilit\u00e4t und der Automatisierung und entdecken Sie die M\u00f6glichkeiten f\u00fcr Ihr Unternehmen.\" \/>\n<meta name=\"robots\" content=\"index, follow, max-snippet:-1, max-image-preview:large, max-video-preview:-1\" \/>\n<link rel=\"canonical\" href=\"https:\/\/www.comau.com\/de\/competencies\/electromobility\/real-solutions-for-real-projects\/\" \/>\n<meta property=\"og:locale\" content=\"de_DE\" \/>\n<meta property=\"og:type\" content=\"article\" \/>\n<meta property=\"og:title\" content=\"Ma\u00dfgeschneiderte L\u00f6sungen f\u00fcr die Electromobilit\u00e4t | Comau\" \/>\n<meta property=\"og:description\" content=\"Vertrauen Sie der Erfahrung von Comau im Bereich der Elektromobilit\u00e4t und der Automatisierung und entdecken Sie die M\u00f6glichkeiten f\u00fcr Ihr Unternehmen.\" \/>\n<meta property=\"og:url\" content=\"https:\/\/www.comau.com\/de\/competencies\/electromobility\/real-solutions-for-real-projects\/\" \/>\n<meta property=\"og:site_name\" content=\"Comau\" \/>\n<meta property=\"article:publisher\" content=\"https:\/\/www.facebook.com\/COMAU\/\" \/>\n<meta property=\"article:modified_time\" content=\"2023-02-17T13:34:37+00:00\" \/>\n<meta property=\"og:image\" content=\"https:\/\/www.comau.com\/wp-content\/uploads\/2021\/06\/emobility_header2.png\" \/>\n\t<meta property=\"og:image:width\" content=\"1280\" \/>\n\t<meta property=\"og:image:height\" content=\"485\" \/>\n\t<meta property=\"og:image:type\" content=\"image\/png\" \/>\n<meta name=\"twitter:card\" content=\"summary_large_image\" \/>\n<meta name=\"twitter:site\" content=\"@comaugroup\" \/>\n<meta name=\"twitter:label1\" content=\"Gesch\u00e4tzte Lesezeit\" \/>\n\t<meta name=\"twitter:data1\" content=\"3\u00a0Minuten\" \/>\n<script type=\"application\/ld+json\" class=\"yoast-schema-graph\">{\"@context\":\"https:\/\/schema.org\",\"@graph\":[{\"@type\":\"WebPage\",\"@id\":\"https:\/\/www.comau.com\/de\/competencies\/electromobility\/real-solutions-for-real-projects\/\",\"url\":\"https:\/\/www.comau.com\/de\/competencies\/electromobility\/real-solutions-for-real-projects\/\",\"name\":\"Ma\u00dfgeschneiderte L\u00f6sungen f\u00fcr die Electromobilit\u00e4t | Comau\",\"isPartOf\":{\"@id\":\"https:\/\/www.comau.com\/de\/#website\"},\"primaryImageOfPage\":{\"@id\":\"https:\/\/www.comau.com\/de\/competencies\/electromobility\/real-solutions-for-real-projects\/#primaryimage\"},\"image\":{\"@id\":\"https:\/\/www.comau.com\/de\/competencies\/electromobility\/real-solutions-for-real-projects\/#primaryimage\"},\"thumbnailUrl\":\"https:\/\/www.comau.com\/wp-content\/uploads\/2021\/06\/emobility_header2.png\",\"datePublished\":\"2022-05-13T07:44:44+00:00\",\"dateModified\":\"2023-02-17T13:34:37+00:00\",\"description\":\"Vertrauen Sie der Erfahrung von Comau im Bereich der Elektromobilit\u00e4t und der Automatisierung und entdecken Sie die M\u00f6glichkeiten f\u00fcr Ihr Unternehmen.\",\"breadcrumb\":{\"@id\":\"https:\/\/www.comau.com\/de\/competencies\/electromobility\/real-solutions-for-real-projects\/#breadcrumb\"},\"inLanguage\":\"de\",\"potentialAction\":[{\"@type\":\"ReadAction\",\"target\":[\"https:\/\/www.comau.com\/de\/competencies\/electromobility\/real-solutions-for-real-projects\/\"]}]},{\"@type\":\"ImageObject\",\"inLanguage\":\"de\",\"@id\":\"https:\/\/www.comau.com\/de\/competencies\/electromobility\/real-solutions-for-real-projects\/#primaryimage\",\"url\":\"https:\/\/www.comau.com\/wp-content\/uploads\/2021\/06\/emobility_header2.png\",\"contentUrl\":\"https:\/\/www.comau.com\/wp-content\/uploads\/2021\/06\/emobility_header2.png\",\"width\":1280,\"height\":485},{\"@type\":\"BreadcrumbList\",\"@id\":\"https:\/\/www.comau.com\/de\/competencies\/electromobility\/real-solutions-for-real-projects\/#breadcrumb\",\"itemListElement\":[{\"@type\":\"ListItem\",\"position\":1,\"name\":\"Home\",\"item\":\"https:\/\/www.comau.com\/de\/\"},{\"@type\":\"ListItem\",\"position\":2,\"name\":\"Unsere Kompetenzen\",\"item\":\"https:\/\/www.comau.com\/de\/competencies\/\"},{\"@type\":\"ListItem\",\"position\":3,\"name\":\"Electromobility\",\"item\":\"https:\/\/www.comau.com\/de\/competencies\/electromobility\/\"},{\"@type\":\"ListItem\",\"position\":4,\"name\":\"Real solutions for real projects\"}]},{\"@type\":\"WebSite\",\"@id\":\"https:\/\/www.comau.com\/de\/#website\",\"url\":\"https:\/\/www.comau.com\/de\/\",\"name\":\"Comau\",\"description\":\"Industrial automation and robotics\",\"publisher\":{\"@id\":\"https:\/\/www.comau.com\/de\/#organization\"},\"potentialAction\":[{\"@type\":\"SearchAction\",\"target\":{\"@type\":\"EntryPoint\",\"urlTemplate\":\"https:\/\/www.comau.com\/de\/?s={search_term_string}\"},\"query-input\":{\"@type\":\"PropertyValueSpecification\",\"valueRequired\":true,\"valueName\":\"search_term_string\"}}],\"inLanguage\":\"de\"},{\"@type\":\"Organization\",\"@id\":\"https:\/\/www.comau.com\/de\/#organization\",\"name\":\"Comau\",\"url\":\"https:\/\/www.comau.com\/de\/\",\"logo\":{\"@type\":\"ImageObject\",\"inLanguage\":\"de\",\"@id\":\"https:\/\/www.comau.com\/de\/#\/schema\/logo\/image\/\",\"url\":\"https:\/\/www.comau.com\/wp-content\/uploads\/2024\/07\/cropped-Logo-COMAU.png\",\"contentUrl\":\"https:\/\/www.comau.com\/wp-content\/uploads\/2024\/07\/cropped-Logo-COMAU.png\",\"width\":434,\"height\":434,\"caption\":\"Comau\"},\"image\":{\"@id\":\"https:\/\/www.comau.com\/de\/#\/schema\/logo\/image\/\"},\"sameAs\":[\"https:\/\/www.facebook.com\/COMAU\/\",\"https:\/\/x.com\/comaugroup\",\"https:\/\/www.instagram.com\/comaugroup\/\",\"https:\/\/www.linkedin.com\/company\/comau\",\"https:\/\/www.youtube.com\/user\/comau\"]}]}<\/script>\n<!-- \/ Yoast SEO plugin. -->","yoast_head_json":{"title":"Ma\u00dfgeschneiderte L\u00f6sungen f\u00fcr die Electromobilit\u00e4t | Comau","description":"Vertrauen Sie der Erfahrung von Comau im Bereich der Elektromobilit\u00e4t und der Automatisierung und entdecken Sie die M\u00f6glichkeiten f\u00fcr Ihr Unternehmen.","robots":{"index":"index","follow":"follow","max-snippet":"max-snippet:-1","max-image-preview":"max-image-preview:large","max-video-preview":"max-video-preview:-1"},"canonical":"https:\/\/www.comau.com\/de\/competencies\/electromobility\/real-solutions-for-real-projects\/","og_locale":"de_DE","og_type":"article","og_title":"Ma\u00dfgeschneiderte L\u00f6sungen f\u00fcr die Electromobilit\u00e4t | Comau","og_description":"Vertrauen Sie der Erfahrung von Comau im Bereich der Elektromobilit\u00e4t und der Automatisierung und entdecken Sie die M\u00f6glichkeiten f\u00fcr Ihr Unternehmen.","og_url":"https:\/\/www.comau.com\/de\/competencies\/electromobility\/real-solutions-for-real-projects\/","og_site_name":"Comau","article_publisher":"https:\/\/www.facebook.com\/COMAU\/","article_modified_time":"2023-02-17T13:34:37+00:00","og_image":[{"width":1280,"height":485,"url":"https:\/\/www.comau.com\/wp-content\/uploads\/2021\/06\/emobility_header2.png","type":"image\/png"}],"twitter_card":"summary_large_image","twitter_site":"@comaugroup","twitter_misc":{"Gesch\u00e4tzte Lesezeit":"3\u00a0Minuten"},"schema":{"@context":"https:\/\/schema.org","@graph":[{"@type":"WebPage","@id":"https:\/\/www.comau.com\/de\/competencies\/electromobility\/real-solutions-for-real-projects\/","url":"https:\/\/www.comau.com\/de\/competencies\/electromobility\/real-solutions-for-real-projects\/","name":"Ma\u00dfgeschneiderte L\u00f6sungen f\u00fcr die Electromobilit\u00e4t | Comau","isPartOf":{"@id":"https:\/\/www.comau.com\/de\/#website"},"primaryImageOfPage":{"@id":"https:\/\/www.comau.com\/de\/competencies\/electromobility\/real-solutions-for-real-projects\/#primaryimage"},"image":{"@id":"https:\/\/www.comau.com\/de\/competencies\/electromobility\/real-solutions-for-real-projects\/#primaryimage"},"thumbnailUrl":"https:\/\/www.comau.com\/wp-content\/uploads\/2021\/06\/emobility_header2.png","datePublished":"2022-05-13T07:44:44+00:00","dateModified":"2023-02-17T13:34:37+00:00","description":"Vertrauen Sie der Erfahrung von Comau im Bereich der Elektromobilit\u00e4t und der Automatisierung und entdecken Sie die M\u00f6glichkeiten f\u00fcr Ihr Unternehmen.","breadcrumb":{"@id":"https:\/\/www.comau.com\/de\/competencies\/electromobility\/real-solutions-for-real-projects\/#breadcrumb"},"inLanguage":"de","potentialAction":[{"@type":"ReadAction","target":["https:\/\/www.comau.com\/de\/competencies\/electromobility\/real-solutions-for-real-projects\/"]}]},{"@type":"ImageObject","inLanguage":"de","@id":"https:\/\/www.comau.com\/de\/competencies\/electromobility\/real-solutions-for-real-projects\/#primaryimage","url":"https:\/\/www.comau.com\/wp-content\/uploads\/2021\/06\/emobility_header2.png","contentUrl":"https:\/\/www.comau.com\/wp-content\/uploads\/2021\/06\/emobility_header2.png","width":1280,"height":485},{"@type":"BreadcrumbList","@id":"https:\/\/www.comau.com\/de\/competencies\/electromobility\/real-solutions-for-real-projects\/#breadcrumb","itemListElement":[{"@type":"ListItem","position":1,"name":"Home","item":"https:\/\/www.comau.com\/de\/"},{"@type":"ListItem","position":2,"name":"Unsere Kompetenzen","item":"https:\/\/www.comau.com\/de\/competencies\/"},{"@type":"ListItem","position":3,"name":"Electromobility","item":"https:\/\/www.comau.com\/de\/competencies\/electromobility\/"},{"@type":"ListItem","position":4,"name":"Real solutions for real projects"}]},{"@type":"WebSite","@id":"https:\/\/www.comau.com\/de\/#website","url":"https:\/\/www.comau.com\/de\/","name":"Comau","description":"Industrial automation and robotics","publisher":{"@id":"https:\/\/www.comau.com\/de\/#organization"},"potentialAction":[{"@type":"SearchAction","target":{"@type":"EntryPoint","urlTemplate":"https:\/\/www.comau.com\/de\/?s={search_term_string}"},"query-input":{"@type":"PropertyValueSpecification","valueRequired":true,"valueName":"search_term_string"}}],"inLanguage":"de"},{"@type":"Organization","@id":"https:\/\/www.comau.com\/de\/#organization","name":"Comau","url":"https:\/\/www.comau.com\/de\/","logo":{"@type":"ImageObject","inLanguage":"de","@id":"https:\/\/www.comau.com\/de\/#\/schema\/logo\/image\/","url":"https:\/\/www.comau.com\/wp-content\/uploads\/2024\/07\/cropped-Logo-COMAU.png","contentUrl":"https:\/\/www.comau.com\/wp-content\/uploads\/2024\/07\/cropped-Logo-COMAU.png","width":434,"height":434,"caption":"Comau"},"image":{"@id":"https:\/\/www.comau.com\/de\/#\/schema\/logo\/image\/"},"sameAs":["https:\/\/www.facebook.com\/COMAU\/","https:\/\/x.com\/comaugroup","https:\/\/www.instagram.com\/comaugroup\/","https:\/\/www.linkedin.com\/company\/comau","https:\/\/www.youtube.com\/user\/comau"]}]}},"_links":{"self":[{"href":"https:\/\/www.comau.com\/de\/wp-json\/wp\/v2\/pages\/6177","targetHints":{"allow":["GET"]}}],"collection":[{"href":"https:\/\/www.comau.com\/de\/wp-json\/wp\/v2\/pages"}],"about":[{"href":"https:\/\/www.comau.com\/de\/wp-json\/wp\/v2\/types\/page"}],"author":[{"embeddable":true,"href":"https:\/\/www.comau.com\/de\/wp-json\/wp\/v2\/users\/11"}],"replies":[{"embeddable":true,"href":"https:\/\/www.comau.com\/de\/wp-json\/wp\/v2\/comments?post=6177"}],"version-history":[{"count":9,"href":"https:\/\/www.comau.com\/de\/wp-json\/wp\/v2\/pages\/6177\/revisions"}],"predecessor-version":[{"id":50534,"href":"https:\/\/www.comau.com\/de\/wp-json\/wp\/v2\/pages\/6177\/revisions\/50534"}],"up":[{"embeddable":true,"href":"https:\/\/www.comau.com\/de\/wp-json\/wp\/v2\/pages\/6167"}],"wp:featuredmedia":[{"embeddable":true,"href":"https:\/\/www.comau.com\/de\/wp-json\/wp\/v2\/media\/5961"}],"wp:attachment":[{"href":"https:\/\/www.comau.com\/de\/wp-json\/wp\/v2\/media?parent=6177"}],"curies":[{"name":"wp","href":"https:\/\/api.w.org\/{rel}","templated":true}]}}