{"id":6167,"date":"2021-07-01T00:04:28","date_gmt":"2021-06-30T22:04:28","guid":{"rendered":"https:\/\/www.comau.com\/?page_id=6167"},"modified":"2022-02-03T15:00:38","modified_gmt":"2022-02-03T14:00:38","slug":"electromobility","status":"publish","type":"page","link":"https:\/\/www.comau.com\/de\/competencies\/electromobility\/","title":{"rendered":"Electromobility"},"content":{"rendered":"\n<h2 class=\"wp-block-heading\" id=\"know-how-right-now\">Know-how right now<\/h2>\n\n\n\n<p>\u200bOur field-proven expertise in automation, digitalization and intelligent technologies covers the entire e-value chain, leveraging a unique set of competencies that derive from hands-on experience on dozens of projects executed at a global level. We are helping established and emerging companies begin and evolve their electrification journeys. More importantly, our culture of innovative excellence lets us engineer concrete and sustainable tailored solutions that will help you quickly accelerate your business.<\/p>\n\n\n\n<h2 class=\"wp-block-heading\" id=\"designed-innovation\">Designed innovation<\/h2>\n\n\n\n<p>\u200bIn addition to field-proven solutions and proprietary technology, we specialize in helping discover your needs, determining which are unmet, and then engineering concrete, value-added, sustainable automation solutions to address them. In helping you evolve your ideas, Comau becomes a catalyst for success for breakthrough projects.<\/p>\n\n\n\n<figure class=\"wp-block-embed is-type-video is-provider-youtube wp-block-embed-youtube wp-embed-aspect-16-9 wp-has-aspect-ratio\"><div class=\"wp-block-embed__wrapper\">\n<iframe title=\"Know How Right Now\" width=\"640\" height=\"360\" src=\"https:\/\/www.youtube.com\/embed\/3Wk4GSaRjGE?feature=oembed\" frameborder=\"0\" allow=\"accelerometer; autoplay; clipboard-write; encrypted-media; gyroscope; picture-in-picture; web-share\" referrerpolicy=\"strict-origin-when-cross-origin\" allowfullscreen><\/iframe>\n<\/div><\/figure>\n\n\n\n<h2 class=\"wp-block-heading\" id=\"flexible-systems\">Flexible systems<\/h2>\n\n\n\n<p>When market predictability is low yet time-to-market matters, the high standardization and high reusability of our flexible, archetype-based manufacturing solutions give you a competitive edge. With a building block approach to engineered scalability, we help you cost-effectively meet the variable demands of the electrification market in a highly-competitive timeframe. What\u2019s more, we understand that flexibility and adaptability within your production environment is a key success driver, which is why we are uniquely positioned to respond to your current and future needs with solutions you can count on.<\/p>\n\n\n\n<ul class=\"wp-block-list\"><li>Modulare und skalierbare Montage- und Bearbeitungssysteme<\/li><li>Verfahrenstechnologien<\/li><li>Comau-Standardprodukte<\/li><li>Digitale L\u00f6sungen und Industrie 4.0-Architekturen <\/li><li>Integrierte Logistikl\u00f6sungen<\/li><\/ul>\n\n\n\n<h2 class=\"wp-block-heading\" id=\"real-solutions-for-real-projects\">Real solutions for real projects<\/h2>\n\n\n\n<p>Because every customer has different needs, our engineering team works closely with you to identify the best product and process solution for the project at hand. This approach allows us to bring sense and method to the rapidly evolving world of electrification, creating cutting-edge solutions, tailored resources and new technologies with an innovation-centric approach.<\/p>\n\n\n\n<div class=\"wp-block-buttons is-layout-flex wp-block-buttons-is-layout-flex\">\n<div class=\"wp-block-button\"><a class=\"wp-block-button__link\" href=\"https:\/\/www.comau.com\/en\/our-offer\/systems\/battery-manufacturing-and-assembly\/electromobility\/real-solutions-for-real-projects\/\">Entdecke mehr<\/a><\/div>\n<\/div>\n\n\n\n<h2 class=\"wp-block-heading\" id=\"single-source-provider\">Single-source provider<\/h2>\n\n\n\n<p>\u200bAs your electrification partner, we act as the turnkey partner to harmonize collaboration between specialists, technology companies and systems integrators and bring new innovations and processes to the table. From energy sources to storage and transformation, we&#8217;ve got you covered.&nbsp;<\/p>\n\n\n\n<h2 class=\"wp-block-heading\" id=\"vollstandig-integriertes-angebot\">Vollst\u00e4ndig integriertes Angebot<\/h2>\n\n\n\n<div class=\"wp-block-columns columns-bg-dark is-layout-flex wp-container-core-columns-is-layout-9d6595d7 wp-block-columns-is-layout-flex\">\n<div class=\"wp-block-column is-layout-flow wp-block-column-is-layout-flow\">\n<h3 class=\"wp-block-heading\" id=\"battery-manufacturing-cells\">Battery manufacturing cells<\/h3>\n\n\n\n<p>We help you quickly move from the prototype and validation process to full industrialization. Trust our field-proven assembly systems for battery packs and modules to speed your time to market.<\/p>\n\n\n\n<div class=\"wp-block-buttons is-layout-flex wp-block-buttons-is-layout-flex\">\n<div class=\"wp-block-button\"><a class=\"wp-block-button__link\" href=\"https:\/\/www.comau.com\/de\/competencies\/electromobility\/battery-manufacturing\/\">Weiterlesen<\/a><\/div>\n<\/div>\n<\/div>\n\n\n\n<div class=\"wp-block-column is-layout-flow wp-block-column-is-layout-flow\">\n<h3 class=\"wp-block-heading\" id=\"e-drive-manufacturing\">e-Drive manufacturing<\/h3>\n\n\n\n<p>We deliver powerful systems for the entire driveline, from the assembly and balancing all the way to e-motors and e-transmissions machining and assembly and comprehensive testing.<\/p>\n\n\n\n<div class=\"wp-block-buttons is-layout-flex wp-block-buttons-is-layout-flex\">\n<div class=\"wp-block-button\"><a class=\"wp-block-button__link\" href=\"https:\/\/www.comau.com\/de\/competencies\/electromobility\/e-drives-and-transmission-assembly\/\">Weiterlesen<\/a><\/div>\n<\/div>\n<\/div>\n<\/div>\n","protected":false},"excerpt":{"rendered":"<p>Know-how right now \u200bOur field-proven expertise in automation, digitalization and intelligent technologies covers the entire e-value chain, leveraging a unique set of competencies that derive from hands-on experience on dozens of projects executed at a global level. We are helping established and emerging companies begin and evolve their electrification journeys. More importantly, our culture of [&hellip;]<\/p>\n","protected":false},"author":11,"featured_media":5961,"parent":4763,"menu_order":4,"comment_status":"closed","ping_status":"closed","template":"","meta":{"_acf_changed":false,"ep_exclude_from_search":false,"footnotes":""},"class_list":["post-6167","page","type-page","status-publish","has-post-thumbnail","hentry"],"acf":[],"yoast_head":"<!-- This site is optimized with the Yoast SEO plugin v26.9 - https:\/\/yoast.com\/product\/yoast-seo-wordpress\/ -->\n<title>Elektromobilit\u00e4t: E-Mobility und Automatisierung der Automobilindustrie | Comau<\/title>\n<meta name=\"description\" content=\"E-Mobility: L\u00f6sungen von Comau f\u00fcr das Management von Produktionsprozessen in der industriellen Automatisierung im Automobilsektor und der Elektromobilit\u00e4t.\" \/>\n<meta name=\"robots\" content=\"index, follow, max-snippet:-1, max-image-preview:large, max-video-preview:-1\" \/>\n<link rel=\"canonical\" href=\"https:\/\/www.comau.com\/de\/competencies\/electromobility\/\" \/>\n<meta property=\"og:locale\" content=\"de_DE\" \/>\n<meta property=\"og:type\" content=\"article\" \/>\n<meta property=\"og:title\" content=\"Elektromobilit\u00e4t: E-Mobility und Automatisierung der Automobilindustrie | Comau\" \/>\n<meta property=\"og:description\" content=\"E-Mobility: L\u00f6sungen von Comau f\u00fcr das Management von Produktionsprozessen in der industriellen Automatisierung im Automobilsektor und der Elektromobilit\u00e4t.\" \/>\n<meta property=\"og:url\" content=\"https:\/\/www.comau.com\/de\/competencies\/electromobility\/\" \/>\n<meta property=\"og:site_name\" content=\"Comau\" \/>\n<meta property=\"article:publisher\" content=\"https:\/\/www.facebook.com\/COMAU\/\" \/>\n<meta property=\"article:modified_time\" content=\"2022-02-03T14:00:38+00:00\" \/>\n<meta property=\"og:image\" content=\"https:\/\/www.comau.com\/wp-content\/uploads\/2021\/06\/emobility_header2.png\" \/>\n\t<meta property=\"og:image:width\" content=\"1280\" \/>\n\t<meta property=\"og:image:height\" content=\"485\" \/>\n\t<meta property=\"og:image:type\" content=\"image\/png\" \/>\n<meta name=\"twitter:card\" content=\"summary_large_image\" \/>\n<meta name=\"twitter:site\" content=\"@comaugroup\" \/>\n<meta name=\"twitter:label1\" content=\"Gesch\u00e4tzte Lesezeit\" \/>\n\t<meta name=\"twitter:data1\" content=\"2\u00a0Minuten\" \/>\n<script type=\"application\/ld+json\" class=\"yoast-schema-graph\">{\"@context\":\"https:\/\/schema.org\",\"@graph\":[{\"@type\":\"WebPage\",\"@id\":\"https:\/\/www.comau.com\/de\/competencies\/electromobility\/\",\"url\":\"https:\/\/www.comau.com\/de\/competencies\/electromobility\/\",\"name\":\"Elektromobilit\u00e4t: E-Mobility und Automatisierung der Automobilindustrie | Comau\",\"isPartOf\":{\"@id\":\"https:\/\/www.comau.com\/de\/#website\"},\"primaryImageOfPage\":{\"@id\":\"https:\/\/www.comau.com\/de\/competencies\/electromobility\/#primaryimage\"},\"image\":{\"@id\":\"https:\/\/www.comau.com\/de\/competencies\/electromobility\/#primaryimage\"},\"thumbnailUrl\":\"https:\/\/www.comau.com\/wp-content\/uploads\/2021\/06\/emobility_header2.png\",\"datePublished\":\"2021-06-30T22:04:28+00:00\",\"dateModified\":\"2022-02-03T14:00:38+00:00\",\"description\":\"E-Mobility: L\u00f6sungen von Comau f\u00fcr das Management von Produktionsprozessen in der industriellen Automatisierung im Automobilsektor und der Elektromobilit\u00e4t.\",\"breadcrumb\":{\"@id\":\"https:\/\/www.comau.com\/de\/competencies\/electromobility\/#breadcrumb\"},\"inLanguage\":\"de\",\"potentialAction\":[{\"@type\":\"ReadAction\",\"target\":[\"https:\/\/www.comau.com\/de\/competencies\/electromobility\/\"]}]},{\"@type\":\"ImageObject\",\"inLanguage\":\"de\",\"@id\":\"https:\/\/www.comau.com\/de\/competencies\/electromobility\/#primaryimage\",\"url\":\"https:\/\/www.comau.com\/wp-content\/uploads\/2021\/06\/emobility_header2.png\",\"contentUrl\":\"https:\/\/www.comau.com\/wp-content\/uploads\/2021\/06\/emobility_header2.png\",\"width\":1280,\"height\":485},{\"@type\":\"BreadcrumbList\",\"@id\":\"https:\/\/www.comau.com\/de\/competencies\/electromobility\/#breadcrumb\",\"itemListElement\":[{\"@type\":\"ListItem\",\"position\":1,\"name\":\"Home\",\"item\":\"https:\/\/www.comau.com\/de\/\"},{\"@type\":\"ListItem\",\"position\":2,\"name\":\"Unsere Kompetenzen\",\"item\":\"https:\/\/www.comau.com\/de\/competencies\/\"},{\"@type\":\"ListItem\",\"position\":3,\"name\":\"Electromobility\"}]},{\"@type\":\"WebSite\",\"@id\":\"https:\/\/www.comau.com\/de\/#website\",\"url\":\"https:\/\/www.comau.com\/de\/\",\"name\":\"Comau\",\"description\":\"Industrial automation and robotics\",\"publisher\":{\"@id\":\"https:\/\/www.comau.com\/de\/#organization\"},\"potentialAction\":[{\"@type\":\"SearchAction\",\"target\":{\"@type\":\"EntryPoint\",\"urlTemplate\":\"https:\/\/www.comau.com\/de\/?s={search_term_string}\"},\"query-input\":{\"@type\":\"PropertyValueSpecification\",\"valueRequired\":true,\"valueName\":\"search_term_string\"}}],\"inLanguage\":\"de\"},{\"@type\":\"Organization\",\"@id\":\"https:\/\/www.comau.com\/de\/#organization\",\"name\":\"Comau\",\"url\":\"https:\/\/www.comau.com\/de\/\",\"logo\":{\"@type\":\"ImageObject\",\"inLanguage\":\"de\",\"@id\":\"https:\/\/www.comau.com\/de\/#\/schema\/logo\/image\/\",\"url\":\"https:\/\/www.comau.com\/wp-content\/uploads\/2024\/07\/cropped-Logo-COMAU.png\",\"contentUrl\":\"https:\/\/www.comau.com\/wp-content\/uploads\/2024\/07\/cropped-Logo-COMAU.png\",\"width\":434,\"height\":434,\"caption\":\"Comau\"},\"image\":{\"@id\":\"https:\/\/www.comau.com\/de\/#\/schema\/logo\/image\/\"},\"sameAs\":[\"https:\/\/www.facebook.com\/COMAU\/\",\"https:\/\/x.com\/comaugroup\",\"https:\/\/www.instagram.com\/comaugroup\/\",\"https:\/\/www.linkedin.com\/company\/comau\",\"https:\/\/www.youtube.com\/user\/comau\"]}]}<\/script>\n<!-- \/ Yoast SEO plugin. -->","yoast_head_json":{"title":"Elektromobilit\u00e4t: E-Mobility und Automatisierung der Automobilindustrie | Comau","description":"E-Mobility: L\u00f6sungen von Comau f\u00fcr das Management von Produktionsprozessen in der industriellen Automatisierung im Automobilsektor und der Elektromobilit\u00e4t.","robots":{"index":"index","follow":"follow","max-snippet":"max-snippet:-1","max-image-preview":"max-image-preview:large","max-video-preview":"max-video-preview:-1"},"canonical":"https:\/\/www.comau.com\/de\/competencies\/electromobility\/","og_locale":"de_DE","og_type":"article","og_title":"Elektromobilit\u00e4t: E-Mobility und Automatisierung der Automobilindustrie | Comau","og_description":"E-Mobility: L\u00f6sungen von Comau f\u00fcr das Management von Produktionsprozessen in der industriellen Automatisierung im Automobilsektor und der Elektromobilit\u00e4t.","og_url":"https:\/\/www.comau.com\/de\/competencies\/electromobility\/","og_site_name":"Comau","article_publisher":"https:\/\/www.facebook.com\/COMAU\/","article_modified_time":"2022-02-03T14:00:38+00:00","og_image":[{"width":1280,"height":485,"url":"https:\/\/www.comau.com\/wp-content\/uploads\/2021\/06\/emobility_header2.png","type":"image\/png"}],"twitter_card":"summary_large_image","twitter_site":"@comaugroup","twitter_misc":{"Gesch\u00e4tzte Lesezeit":"2\u00a0Minuten"},"schema":{"@context":"https:\/\/schema.org","@graph":[{"@type":"WebPage","@id":"https:\/\/www.comau.com\/de\/competencies\/electromobility\/","url":"https:\/\/www.comau.com\/de\/competencies\/electromobility\/","name":"Elektromobilit\u00e4t: E-Mobility und Automatisierung der Automobilindustrie | Comau","isPartOf":{"@id":"https:\/\/www.comau.com\/de\/#website"},"primaryImageOfPage":{"@id":"https:\/\/www.comau.com\/de\/competencies\/electromobility\/#primaryimage"},"image":{"@id":"https:\/\/www.comau.com\/de\/competencies\/electromobility\/#primaryimage"},"thumbnailUrl":"https:\/\/www.comau.com\/wp-content\/uploads\/2021\/06\/emobility_header2.png","datePublished":"2021-06-30T22:04:28+00:00","dateModified":"2022-02-03T14:00:38+00:00","description":"E-Mobility: L\u00f6sungen von Comau f\u00fcr das Management von Produktionsprozessen in der industriellen Automatisierung im Automobilsektor und der Elektromobilit\u00e4t.","breadcrumb":{"@id":"https:\/\/www.comau.com\/de\/competencies\/electromobility\/#breadcrumb"},"inLanguage":"de","potentialAction":[{"@type":"ReadAction","target":["https:\/\/www.comau.com\/de\/competencies\/electromobility\/"]}]},{"@type":"ImageObject","inLanguage":"de","@id":"https:\/\/www.comau.com\/de\/competencies\/electromobility\/#primaryimage","url":"https:\/\/www.comau.com\/wp-content\/uploads\/2021\/06\/emobility_header2.png","contentUrl":"https:\/\/www.comau.com\/wp-content\/uploads\/2021\/06\/emobility_header2.png","width":1280,"height":485},{"@type":"BreadcrumbList","@id":"https:\/\/www.comau.com\/de\/competencies\/electromobility\/#breadcrumb","itemListElement":[{"@type":"ListItem","position":1,"name":"Home","item":"https:\/\/www.comau.com\/de\/"},{"@type":"ListItem","position":2,"name":"Unsere Kompetenzen","item":"https:\/\/www.comau.com\/de\/competencies\/"},{"@type":"ListItem","position":3,"name":"Electromobility"}]},{"@type":"WebSite","@id":"https:\/\/www.comau.com\/de\/#website","url":"https:\/\/www.comau.com\/de\/","name":"Comau","description":"Industrial automation and robotics","publisher":{"@id":"https:\/\/www.comau.com\/de\/#organization"},"potentialAction":[{"@type":"SearchAction","target":{"@type":"EntryPoint","urlTemplate":"https:\/\/www.comau.com\/de\/?s={search_term_string}"},"query-input":{"@type":"PropertyValueSpecification","valueRequired":true,"valueName":"search_term_string"}}],"inLanguage":"de"},{"@type":"Organization","@id":"https:\/\/www.comau.com\/de\/#organization","name":"Comau","url":"https:\/\/www.comau.com\/de\/","logo":{"@type":"ImageObject","inLanguage":"de","@id":"https:\/\/www.comau.com\/de\/#\/schema\/logo\/image\/","url":"https:\/\/www.comau.com\/wp-content\/uploads\/2024\/07\/cropped-Logo-COMAU.png","contentUrl":"https:\/\/www.comau.com\/wp-content\/uploads\/2024\/07\/cropped-Logo-COMAU.png","width":434,"height":434,"caption":"Comau"},"image":{"@id":"https:\/\/www.comau.com\/de\/#\/schema\/logo\/image\/"},"sameAs":["https:\/\/www.facebook.com\/COMAU\/","https:\/\/x.com\/comaugroup","https:\/\/www.instagram.com\/comaugroup\/","https:\/\/www.linkedin.com\/company\/comau","https:\/\/www.youtube.com\/user\/comau"]}]}},"_links":{"self":[{"href":"https:\/\/www.comau.com\/de\/wp-json\/wp\/v2\/pages\/6167","targetHints":{"allow":["GET"]}}],"collection":[{"href":"https:\/\/www.comau.com\/de\/wp-json\/wp\/v2\/pages"}],"about":[{"href":"https:\/\/www.comau.com\/de\/wp-json\/wp\/v2\/types\/page"}],"author":[{"embeddable":true,"href":"https:\/\/www.comau.com\/de\/wp-json\/wp\/v2\/users\/11"}],"replies":[{"embeddable":true,"href":"https:\/\/www.comau.com\/de\/wp-json\/wp\/v2\/comments?post=6167"}],"version-history":[{"count":17,"href":"https:\/\/www.comau.com\/de\/wp-json\/wp\/v2\/pages\/6167\/revisions"}],"predecessor-version":[{"id":44100,"href":"https:\/\/www.comau.com\/de\/wp-json\/wp\/v2\/pages\/6167\/revisions\/44100"}],"up":[{"embeddable":true,"href":"https:\/\/www.comau.com\/de\/wp-json\/wp\/v2\/pages\/4763"}],"wp:featuredmedia":[{"embeddable":true,"href":"https:\/\/www.comau.com\/de\/wp-json\/wp\/v2\/media\/5961"}],"wp:attachment":[{"href":"https:\/\/www.comau.com\/de\/wp-json\/wp\/v2\/media?parent=6167"}],"curies":[{"name":"wp","href":"https:\/\/api.w.org\/{rel}","templated":true}]}}