{"id":6139,"date":"2021-07-01T01:12:40","date_gmt":"2021-06-30T23:12:40","guid":{"rendered":"https:\/\/www.comau.com\/?page_id=6139"},"modified":"2023-01-12T17:26:37","modified_gmt":"2023-01-12T16:26:37","slug":"robotics-presence","status":"publish","type":"page","link":"https:\/\/www.comau.com\/de\/competencies\/robotics-automation\/robotics-presence\/","title":{"rendered":"Robotik Pr\u00e4senz"},"content":{"rendered":"\n<p>\u200bBei Comau Robotics legen wir gro\u00dfen Wert darauf, nah an unseren Kunden zu sein. <br><br>Aus diesem Grund haben wir ein globales H\u00e4ndlernetzwerk mit direkten Pr\u00e4senzen und professionellen Distributoren entwickelt. Was auch immer Ihr Ber\u00fchrungspunkt ist, wir bieten Ihnen erstklassige und umfassende Unterst\u00fctzung, vom Vertrieb \u00fcber After-Sales bis hin zu Schulungen. <\/p>\n\n\n\n<h2 class=\"wp-block-heading\">\u200bBei Comau Robotics legen wir gro\u00dfen Wert darauf, nah an unseren Kunden zu sein. <\/h2>\n\n\n\n<div style=\"height:50px\" aria-hidden=\"true\" class=\"wp-block-spacer\"><\/div>\n\n\n\n<h3 class=\"wp-block-heading\">ARGENTINA<\/h3>\n\n\n\n<p><strong>C.M. Automacion S.A.S<br><\/strong>Address: Central Plaza, Polo Logistico Ruta 9 km 690\/Sabbattini 5301, C\u00f3rdoba Argentina<br>Website: <a href=\"https:\/\/www.cmautomacion.com\/\" target=\"_blank\" rel=\"noreferrer noopener\">www.cmautomacion.com\/<\/a><br>Phone: +54 351 4103311 <\/p>\n\n\n\n<h3 class=\"wp-block-heading\">BELGIUM<\/h3>\n\n\n\n<p><strong>Robotics Benelux BV (Comau Robotics Distributor)<\/strong><br>Address: De Aaldor, 10A Geldermalsen, 4191PC, Netherlands<br>Website: <a href=\"https:\/\/www.roboticsbenelux.com\/\" target=\"_blank\" rel=\"noreferrer noopener\">www.roboticsbenelux.com<\/a><br>Email: <a href=\"mailto:info@roboticsbenelux.com\">info@roboticsbenelux.com<\/a><br>Phone: +31 (0) 345 760 750 <\/p>\n\n\n\n<h3 class=\"wp-block-heading\">BRASIL<\/h3>\n\n\n\n<p><strong>Comau do Brasil Ind. e Com. Ltda.<br><\/strong>Address: Avenida do Contorno, n\u00ba 3455, Distrito Industrial Paulo Camilo Pena Betim, MG<br>CEP: 32.669-900<br>Phone: + 55 31 21237203 <\/p>\n\n\n\n<h3 class=\"wp-block-heading\">CHINA<\/h3>\n\n\n\n<p><strong>Comau (Shanghai) Engineering Co. Ltd.<br><\/strong>Address: 1353 Jiu Gan Road &#8211; Sijing Town, Songjiang Ditrict &#8211; 201601 Shanghai<br>Phone: +86-21-37616222 <\/p>\n\n\n\n<p><strong>Comau (Shanghai) Engineering Co., Ltd.<br><\/strong>Address: No. 4F, Unit C No.6 Yiyang Road, High-Tech Zone Dalian<br>Phone: +86-411 3997 3423 <\/p>\n\n\n\n<p><strong>Comau (Kunshan) Automation Co. Ltd.<br><\/strong>Address: No.232 Yuanfeng Road, Kunshan Hi-Tech Park \u2013 215300 Jiangsu<br>Phone: +86 512 3682 1000 <\/p>\n\n\n\n<p><strong>Comau(Shanghai) International Trading Co., Ltd<\/strong><br>Address: Room 402,Sanlian Building,No.8 Huajing Road, Shanghai<\/p>\n\n\n\n<h3 class=\"wp-block-heading\">CZECH REPUBLIC<\/h3>\n\n\n\n<p><strong>ROBIX AUTOMATION S.R.O.&nbsp;(Comau Robotics Distributor)<br><\/strong>Address: Kbel 26, 294 71 Ben\u00e1tky nad Jizerou, Czech Republic<br>Website:&nbsp;<a href=\"https:\/\/www.robixautomation.com\/cs\/\">https:\/\/www.robixautomation.com\/cs\/<\/a><br>Email: <a href=\"mailto:valdemar.mokry@robixautomation.com\">valdemar.mokry@robixautomation.com<\/a><br>Phone: +420 732 114 561<\/p>\n\n\n\n<h3 class=\"wp-block-heading\">DENMARK<\/h3>\n\n\n\n<p><strong>EGATEC A\/S (Comau Robotics Distributor)<br><\/strong>Address: Hvidk\u00e6rvej 3, 5250 Odense SV, Denmark<br>Website: : <a href=\"https:\/\/www.egatec.dk\/\">https:\/\/www.egatec.dk\/<\/a><br>Email: <a href=\"mailto:kontakt@egatec.dk\">kontakt@egatec.dk<\/a><br>Phone: (+45) 63 15 20 60 <\/p>\n\n\n\n<h3 class=\"wp-block-heading\">GERMANY<\/h3>\n\n\n\n<p><strong>Comau Deutschland GmbH<br><\/strong>Address: Hugo-Eckener-Stra\u00dfe 20 &#8211; 50829 K\u00f6ln<br>Email: <a href=\"mailto:contact.de@comau.com\">contact.de@comau.com<\/a><\/p>\n\n\n\n<p><\/p>\n\n\n\n<h3 class=\"wp-block-heading\">GREECE<\/h3>\n\n\n\n<p><strong>NIMAC Robotics(Comau Robotics Distributor)<br><\/strong>Address: 17 klm. P.E.O. Thessaloniki &#8211; Kavala, PC. 57200, Lagadas P.O. BOX 208, Greece<br>Website: <a href=\"https:\/\/www.nimacrobotics.gr\/\" target=\"_blank\" rel=\"noreferrer noopener\">www.nimacrobotics.gr<\/a><br>Email: <a href=\"mailto:info@nimacrobotics.gr\">info@nimacrobotics.gr<\/a><br>Phone: +30 23940 53030 <\/p>\n\n\n\n<h3 class=\"wp-block-heading\">HUNGARY<\/h3>\n\n\n\n<p><strong>eCON Trading Kft (Comau Robotics Distributor)<br><\/strong>Address: 1116 Budapest Kondorosi \u00fat 3. 4.em. &#8211; Hungary<br>Website: <a href=\"https:\/\/econtrading.hu\/\" target=\"_blank\" rel=\"noreferrer noopener\">https:\/\/econtrading.hu\/<\/a><br>Email: <a href=\"mailto:info@econtrading.hu\">info@econtrading.hu<\/a><br>Phone: +36-1 7766-091 <\/p>\n\n\n\n<h3 class=\"wp-block-heading\">ICELAND<\/h3>\n\n\n\n<p><strong>EGATEC A\/S (Comau Robotics Distributor)<br><\/strong>Address: Hvidk\u00e6rvej 3, 5250 Odense SV, Denmark<br>Website: : <a href=\"https:\/\/www.egatec.dk\/\">https:\/\/www.egatec.dk\/<\/a><br>Email: <a href=\"mailto:kontakt@egatec.dk\">kontakt@egatec.dk<\/a><br>Phone: (+45) 63 15 20 60 <\/p>\n\n\n\n<h3 class=\"wp-block-heading\">INDIA<\/h3>\n\n\n\n<p><strong>Comau India Pvt. Ltd.<br><\/strong>Address: 34Km Milestone &#8211; Pune-Nagar Road \u2013 Shikrapur &#8211; Pune \u2013 412 208<br>Phone: +91 2137 678100 <\/p>\n\n\n\n<h3 class=\"wp-block-heading\">ITALY<\/h3>\n\n\n\n<p><strong>Comau S.p.A.<br><\/strong>Address: Via Rivalta, 30 &#8211; 10095 Grugliasco (TO), Italy<br>Phone: +39 011 0049111 <\/p>\n\n\n\n<h3 class=\"wp-block-heading\">LUXEMBOURG<\/h3>\n\n\n\n<p><strong>Robotics Benelux BV (Comau Robotics Distributor)<\/strong><br>Address: De Aaldor, 10A Geldermalsen, 4191PC, Netherlands<br>Website: <a href=\"https:\/\/www.roboticsbenelux.com\/\" target=\"_blank\" rel=\"noreferrer noopener\">www.roboticsbenelux.com<\/a><br>Email: <a href=\"mailto:info@roboticsbenelux.com\">info@roboticsbenelux.com<\/a><br>Phone: +31 (0) 345 760 750 <\/p>\n\n\n\n<h3 class=\"wp-block-heading\">MALAYSIA<\/h3>\n\n\n\n<p><strong>DNC Automation (M)SDN BHD (Comau Robotics Distributor)<\/strong><br>Address: No 5, Jalan MJ13, Taman Indurty Meranti Jaya, 47120 Puchong, Selangor<br>Website: <a href=\"https:\/\/www.dnc-automation.com\/\" target=\"_blank\" rel=\"noreferrer noopener\">www.dnc-automation.com<\/a><br>Email: <a href=\"mailto:admin@dnc-automation.com\" target=\"_blank\" rel=\"noreferrer noopener\">admin@dnc-automation.com<\/a><br>Phone: +603 8051 3881 <\/p>\n\n\n\n<h3 class=\"wp-block-heading\">MEXICO<\/h3>\n\n\n\n<p><strong>Comau Mexico S. de R.L. de C.V.<\/strong><br>Autopista Chamapa \u2013 Lecheria Km 2.5 Int B017<br>San Martin Obispo &#8211; Cuautitlan Izcalli &#8211; C.P. 54769 \u2013 M\u00e9xico<br>Tel. +11-52-55 5899 69 00 <\/p>\n\n\n\n<p><strong>Nexon Technologies, SA de CV (Comau Robotics Distributor)<\/strong><br>Blvd. Isidro L\u00f3pez Zertuche, 2833<br>Col. Los Maestros, Saltillo 25260, Mexico<br>Website: <a href=\"https:\/\/www.nexontechnologies.com\/\" target=\"_blank\" rel=\"noreferrer noopener\">www.nexontechnologies.com<\/a><br>Email: <a href=\"mailto:servicioalcliente@nexontechnologies.com\">servicioalcliente@nexontechnologies.com<\/a><br>Phone: +52 844 430 9444 <\/p>\n\n\n\n<p><strong>Alfa Automatizaci\u00f3n (Comau Robotics Distributor)<\/strong><br>Address: Fernando no. 45, Delegaci\u00f2n Benito Ju\u00e1rez, Col. \u00c1lamos, Ciudad de M\u00e9xico, CDMX, Mexico<br>Website: <a href=\"https:\/\/www.alfaautomatizacion.com\/\" target=\"_blank\" rel=\"noreferrer noopener\">www.alfaautomatizacion.com<\/a><br>Email: <a href=\"mailto:info@alfaautomatizacion.com\">info@alfaautomatizacion.com<\/a><br>Phone: +52 55 8590 7610 <\/p>\n\n\n\n<p><strong>Nojoxten (Comau Distributor)<\/strong><br>Address: Santa Martha No. 2275&nbsp; \/ 269, Colonia Santa Margarita CP 45140 Zapopan Jalisco, M\u00e9xico<br>Website: <a href=\"https:\/\/www.nojoxten.com.mx\/index.html\/\" target=\"_blank\" rel=\"noreferrer noopener\">www.nojoxten.com<\/a><br>Phone: +52 01 33 3833 1999<\/p>\n\n\n\n<h3 class=\"wp-block-heading\">NETHERLANDS<\/h3>\n\n\n\n<p><strong>Robotics Benelux BV (Comau Robotics Distributor)<\/strong><br>Address: De Aaldor, 10A Geldermalsen, 4191PC, Netherlands<br>Website: <a href=\"https:\/\/www.roboticsbenelux.com\/\" target=\"_blank\" rel=\"noreferrer noopener\">www.roboticsbenelux.com<\/a><br>Email: <a href=\"mailto:info@roboticsbenelux.com\">info@roboticsbenelux.com<\/a><br>Phone: +31 (0) 345 760 750&nbsp; &nbsp; &nbsp; &nbsp;&nbsp; <\/p>\n\n\n\n<h3 class=\"wp-block-heading\">NORWAY <\/h3>\n\n\n\n<p><strong>EGATEC A\/S (Comau Robotics Distributor)<br><\/strong>Address: Hvidk\u00e6rvej 3, 5250 Odense SV, Denmark<br>Website: : <a href=\"https:\/\/www.egatec.dk\/\">https:\/\/www.egatec.dk\/<\/a><br>Email: <a href=\"mailto:kontakt@egatec.dk\">kontakt@egatec.dk<\/a><br>Phone: (+45) 63 15 20 60 <\/p>\n\n\n\n<h3 class=\"wp-block-heading\">POLAND<\/h3>\n\n\n\n<p><strong>RBS Robotics Sp. z o.o. (Comau Certified Service Provider)<br><\/strong>Address: ul. Unii Europejskiej 24, 32-600 O\u015bwi\u0119cim<br>Website:&nbsp; <a href=\"https:\/\/www.rbs-robotics.com\/\">www.rbs-robotics.com<\/a>&nbsp;<br>Email:&nbsp; <a href=\"mailto:biuro@rbs-robotics.com\">biuro@rbs-robotics.com<\/a>&nbsp;<br>Phone:&nbsp; +48 510 009 398 <\/p>\n\n\n\n<p><strong>ROBIX AUTOMATION sp. Zo.o (Comau Robotics Distributor)<br><\/strong>Address: ul. Boczna 1044-240 \u017bory, Zory, PL<br>Website:&nbsp; <a href=\"https:\/\/www.robixautomation.com\/cs\/\">https:\/\/www.robixautomation.com\/cs\/<\/a><br>Email:&nbsp; <a href=\"mailto:valdemar.mokry@robixautomation.com\">valdemar.mokry@robixautomation.com<\/a>&nbsp;<br>Phone:&nbsp; +420 732 114 561 <\/p>\n\n\n\n<h3 class=\"wp-block-heading\">RUSSIA <\/h3>\n\n\n\n<p><strong>Comau Russia OOO<\/strong><br>Address: Street SH-2, 2\/7, SEZ \u00abAlabuga\u00bb The Republic of Tatarstan, Elabuga, 423600&nbsp;<br>Phone:&nbsp;+7 85557 52209<\/p>\n\n\n\n<h3 class=\"wp-block-heading\">SOUTH KOREA<\/h3>\n\n\n\n<p><strong>NAU Technics Co.(Comau Robotics Distributor)<br><\/strong>Address: #719-2, LI Center, 50 Hogupo Ro, Incheon, Notrh Gyeonsang, South Korea<br>Email: <a href=\"mailto:jth@nautech.co.kr\">jth@nautech.co.kr<\/a><br>Phone: +82 32 719 7040 <\/p>\n\n\n\n<h3 class=\"wp-block-heading\">SPAIN<\/h3>\n\n\n\n<p><strong>INTRA AUTOMATION (Comau Robotics Distributor)<br>Valencia<\/strong><br>Address: Ronda Auguste y Louis Lumiere, 45 &#8211; Nave 3, Parque tecnol\u00f3gico de Paterna &#8211; Paterna 46980, Valencia &#8211; Spain<br><strong>Barcelona<\/strong><br>Address: Edif. Ayue 1\u00ba Planta izq. Via Paralela C-35 Km 56, 6 08470, Sant Celon &#8211; Spain<br>Website: <a href=\"https:\/\/www.intraautomationsl.com\/\" target=\"_blank\" rel=\"noreferrer noopener\">www.intraautomationsl.com<\/a><br>Email: <a href=\"mailto:info@intraautomationsl.com\">info@intraautomationsl.com<\/a><br>Phone: (+34) 963 961 008 <\/p>\n\n\n\n<h3 class=\"wp-block-heading\">TAIWAN<\/h3>\n\n\n\n<p><strong>PRO Machinery Co. LTD (Comau Robotics Distributor)<br><\/strong>Address: No 1-1, Mokeng Lane, Mingjan Township, Nantou Country 55142, Taiwan<br>Website: <a href=\"https:\/\/www.probar.com.tw\/\">www.probar.com.tw<\/a><br>Email: <a href=\"mailto:business@probar.com.tw\">business@probar.com.tw<\/a><br>Phone: +886 (0)49-2730888 <\/p>\n\n\n\n<h3 class=\"wp-block-heading\">THAILAND<\/h3>\n\n\n\n<p><strong>RoboCloud Co., Ltd. (Comau Certified Service Provider)<\/strong><br>Address:&nbsp; 1\/61 Bang Bon 2 Rd, Khwaeng Bang Bon, Khet Bang Bon, Krung Thep Maha Nakhon 10150<br>Website:&nbsp; <a href=\"https:\/\/www.robocloud.co.th\/\">www.robocloud.co.th<\/a><br>Email:&nbsp; <a href=\"mailto:pitoon.w@robocloud.co.th\">pitoon.w@robocloud.co.th&nbsp;<\/a><br>Phone:&nbsp; +66 (0) 92 437 7410<\/p>\n\n\n\n<h3 class=\"wp-block-heading\">TURKEY<\/h3>\n\n\n\n<p><strong>Rotam Otomasyon M\u00fchendislikTasar\u0131m Makina Elektrik Ltd. \u015eti (Comau Certified Service Provider)<\/strong><br>Address: \u00c7iftlik Mahallesi Atat\u00fcrk Bulvar\u0131, 380\/A, G\u00f6lc\u00fck\/KOCAEL\u0130<br>Website:&nbsp;<a href=\"https:\/\/www.rotammuhendislik.com\/\">www.rotammuhendislik.com<\/a><br>Email:&nbsp;<a href=\"mailto:info@rotammuhendislik.com\">info@rotammuhendislik.com&nbsp;<\/a><br>Phone: +90 262 435 5663 <\/p>\n\n\n\n<p><strong>AS Metal (Comau Robotics Distributor)<\/strong><br>Address: Dudullu O.S.B. 1. Cad. No:30\/A, Umraniye, Istanbul, Turkey<br>Website:&nbsp;<a href=\"https:\/\/www.asmetal.com.tr\/\">https:\/\/www.asmetal.com.tr\/<\/a><br>Email:&nbsp;<a href=\"mailto:snecipoglu@asmetal.com.tr\" target=\"_blank\" rel=\"noreferrer noopener\">snecipoglu@asmetal.com.tr<\/a><br>Phone: +90 216 415 4556<\/p>\n\n\n\n<h3 class=\"wp-block-heading\">UNITED KINGDOM<\/h3>\n\n\n\n<p><strong>Comau UK Ltd.<br><\/strong>Address: Unit A2 Swift Park &#8211; Old Leicester Road &#8211; Rugby CV21 1DZ<br>Phone: +44 1788 554 500 <\/p>\n\n\n\n<h3 class=\"wp-block-heading\">USA<\/h3>\n\n\n\n<p><strong>Comau LLC.<br><\/strong>Address: 21000 Telegraph Road &#8211; Southfield, MI<br>Phone: +1 248 353 8888 &#8211; Toll Free: +1 888 888 8998 <\/p>\n\n\n\n<p><strong>Hartfiel Automation (Comau Robotics Distributor)<br><\/strong>Areas: North &amp; South Dakota, Minnesota, Nebraska, Iowa, Kansas, Oklahoma, West Missouri, and Texas<br>Website: <a href=\"https:\/\/www.hartfiel.com\/\" target=\"_blank\" rel=\"noreferrer noopener\">www.hartfiel.com<\/a><br>Phone: 952.974.2500&nbsp; &#8211;&nbsp; Toll Free: 800.331.7301 <\/p>\n\n\n\n<p><strong>IFP (Comau Robotics Distributor)<\/strong><br>Areas: Indiana<br>Address: 3911 Merchant Road, Ft. Wayne, IN 46818<br>Website: <a href=\"https:\/\/ifp1.com\/\">https:\/\/ifp1.com\/<\/a><br>Email: <a href=\"mailto:sales@ifp1.com\">sales@ifp1.com<\/a><br>Phone: 260.489.4575 <\/p>\n\n\n\n<p><strong>Kundinger, Inc (Comau Robotics Distributor)<\/strong><br>Areas: Michigan and Wisconsin<br>Address: 1771 Harmon Road Auburn Hills, MI 48326<br>Website: <a href=\"https:\/\/www.kundinger.com\/\" target=\"_blank\" rel=\"noreferrer noopener\">www.kundinger.com<\/a><br>Email: <a href=\"mailto:sales@kundinger.com\">sales@kundinger.com<\/a><br>Phone: 800 242 4811 <\/p>\n\n\n\n<p><strong>Barry Sales Engineering(Comau Robotics Distributor)<br><\/strong>Areas: Illinois, Missouri and Kansas<br>Address: 1755 Larkin Williams Rd, Fenton, MO 63026<br>Website: <a href=\"https:\/\/www.barrysalesinc.com\/\">https:\/\/www.barrysalesinc.com<\/a><br>Email: <a href=\"mailto:info@barrysalesinc.com\">info@barrysalesinc.com<\/a><br>Phone: (636) 326-1211; <\/p>\n\n\n\n<p><strong>Pneumatic Automation, Inc.(Comau Robotics Distributor)<br><\/strong>Address: 220 Bearden Rd, Pelham, AL 35124<br>Website: <a href=\"https:\/\/www.pneumaticautomation.com\/\" target=\"_blank\" rel=\"noreferrer noopener\">https:\/\/www.pneumaticautomation.com<\/a><br>Email: <a href=\"mailto:Info@pneumaticautomation.com\">Info@pneumaticautomation.com<\/a><br>Phone: (205) 620-1952<\/p>\n","protected":false},"excerpt":{"rendered":"<p>\u200bBei Comau Robotics legen wir gro\u00dfen Wert darauf, nah an unseren Kunden zu sein. Aus diesem Grund haben wir ein globales H\u00e4ndlernetzwerk mit direkten Pr\u00e4senzen und professionellen Distributoren entwickelt. Was auch immer Ihr Ber\u00fchrungspunkt ist, wir bieten Ihnen erstklassige und umfassende Unterst\u00fctzung, vom Vertrieb \u00fcber After-Sales bis hin zu Schulungen. \u200bBei Comau Robotics legen wir [&hellip;]<\/p>\n","protected":false},"author":11,"featured_media":6149,"parent":5716,"menu_order":12,"comment_status":"closed","ping_status":"closed","template":"","meta":{"_acf_changed":false,"ep_exclude_from_search":false,"footnotes":""},"class_list":["post-6139","page","type-page","status-publish","has-post-thumbnail","hentry"],"acf":[],"yoast_head":"<!-- This site is optimized with the Yoast SEO plugin v26.9 - https:\/\/yoast.com\/product\/yoast-seo-wordpress\/ -->\n<title>Robotik Pr\u00e4senz - Comau<\/title>\n<meta name=\"robots\" content=\"index, follow, max-snippet:-1, max-image-preview:large, max-video-preview:-1\" \/>\n<link rel=\"canonical\" href=\"https:\/\/www.comau.com\/de\/competencies\/robotics-automation\/robotics-presence\/\" \/>\n<meta property=\"og:locale\" content=\"de_DE\" \/>\n<meta property=\"og:type\" content=\"article\" \/>\n<meta property=\"og:title\" content=\"Robotik Pr\u00e4senz - Comau\" \/>\n<meta property=\"og:description\" content=\"\u200bBei Comau Robotics legen wir gro\u00dfen Wert darauf, nah an unseren Kunden zu sein. Aus diesem Grund haben wir ein globales H\u00e4ndlernetzwerk mit direkten Pr\u00e4senzen und professionellen Distributoren entwickelt. Was auch immer Ihr Ber\u00fchrungspunkt ist, wir bieten Ihnen erstklassige und umfassende Unterst\u00fctzung, vom Vertrieb \u00fcber After-Sales bis hin zu Schulungen. \u200bBei Comau Robotics legen wir [&hellip;]\" \/>\n<meta property=\"og:url\" content=\"https:\/\/www.comau.com\/de\/competencies\/robotics-automation\/robotics-presence\/\" \/>\n<meta property=\"og:site_name\" content=\"Comau\" \/>\n<meta property=\"article:publisher\" content=\"https:\/\/www.facebook.com\/COMAU\/\" \/>\n<meta property=\"article:modified_time\" content=\"2023-01-12T16:26:37+00:00\" \/>\n<meta property=\"og:image\" content=\"https:\/\/www.comau.com\/wp-content\/uploads\/2021\/06\/Distributors_header.jpg\" \/>\n\t<meta property=\"og:image:width\" content=\"1179\" \/>\n\t<meta property=\"og:image:height\" content=\"401\" \/>\n\t<meta property=\"og:image:type\" content=\"image\/jpeg\" \/>\n<meta name=\"twitter:card\" content=\"summary_large_image\" \/>\n<meta name=\"twitter:site\" content=\"@comaugroup\" \/>\n<meta name=\"twitter:label1\" content=\"Gesch\u00e4tzte Lesezeit\" \/>\n\t<meta name=\"twitter:data1\" content=\"5\u00a0Minuten\" \/>\n<script type=\"application\/ld+json\" class=\"yoast-schema-graph\">{\"@context\":\"https:\/\/schema.org\",\"@graph\":[{\"@type\":\"WebPage\",\"@id\":\"https:\/\/www.comau.com\/de\/competencies\/robotics-automation\/robotics-presence\/\",\"url\":\"https:\/\/www.comau.com\/de\/competencies\/robotics-automation\/robotics-presence\/\",\"name\":\"Robotik Pr\u00e4senz - Comau\",\"isPartOf\":{\"@id\":\"https:\/\/www.comau.com\/de\/#website\"},\"primaryImageOfPage\":{\"@id\":\"https:\/\/www.comau.com\/de\/competencies\/robotics-automation\/robotics-presence\/#primaryimage\"},\"image\":{\"@id\":\"https:\/\/www.comau.com\/de\/competencies\/robotics-automation\/robotics-presence\/#primaryimage\"},\"thumbnailUrl\":\"https:\/\/www.comau.com\/wp-content\/uploads\/2021\/06\/Distributors_header.jpg\",\"datePublished\":\"2021-06-30T23:12:40+00:00\",\"dateModified\":\"2023-01-12T16:26:37+00:00\",\"breadcrumb\":{\"@id\":\"https:\/\/www.comau.com\/de\/competencies\/robotics-automation\/robotics-presence\/#breadcrumb\"},\"inLanguage\":\"de\",\"potentialAction\":[{\"@type\":\"ReadAction\",\"target\":[\"https:\/\/www.comau.com\/de\/competencies\/robotics-automation\/robotics-presence\/\"]}]},{\"@type\":\"ImageObject\",\"inLanguage\":\"de\",\"@id\":\"https:\/\/www.comau.com\/de\/competencies\/robotics-automation\/robotics-presence\/#primaryimage\",\"url\":\"https:\/\/www.comau.com\/wp-content\/uploads\/2021\/06\/Distributors_header.jpg\",\"contentUrl\":\"https:\/\/www.comau.com\/wp-content\/uploads\/2021\/06\/Distributors_header.jpg\",\"width\":1179,\"height\":401,\"caption\":\"Global network mesh. Social communications background. Earth map. Vector illustration.\"},{\"@type\":\"BreadcrumbList\",\"@id\":\"https:\/\/www.comau.com\/de\/competencies\/robotics-automation\/robotics-presence\/#breadcrumb\",\"itemListElement\":[{\"@type\":\"ListItem\",\"position\":1,\"name\":\"Home\",\"item\":\"https:\/\/www.comau.com\/de\/\"},{\"@type\":\"ListItem\",\"position\":2,\"name\":\"Unsere Kompetenzen\",\"item\":\"https:\/\/www.comau.com\/de\/competencies\/\"},{\"@type\":\"ListItem\",\"position\":3,\"name\":\"Robotics &amp; Automation\",\"item\":\"https:\/\/www.comau.com\/de\/competencies\/robotics-automation\/\"},{\"@type\":\"ListItem\",\"position\":4,\"name\":\"Robotik Pr\u00e4senz\"}]},{\"@type\":\"WebSite\",\"@id\":\"https:\/\/www.comau.com\/de\/#website\",\"url\":\"https:\/\/www.comau.com\/de\/\",\"name\":\"Comau\",\"description\":\"Industrial automation and robotics\",\"publisher\":{\"@id\":\"https:\/\/www.comau.com\/de\/#organization\"},\"potentialAction\":[{\"@type\":\"SearchAction\",\"target\":{\"@type\":\"EntryPoint\",\"urlTemplate\":\"https:\/\/www.comau.com\/de\/?s={search_term_string}\"},\"query-input\":{\"@type\":\"PropertyValueSpecification\",\"valueRequired\":true,\"valueName\":\"search_term_string\"}}],\"inLanguage\":\"de\"},{\"@type\":\"Organization\",\"@id\":\"https:\/\/www.comau.com\/de\/#organization\",\"name\":\"Comau\",\"url\":\"https:\/\/www.comau.com\/de\/\",\"logo\":{\"@type\":\"ImageObject\",\"inLanguage\":\"de\",\"@id\":\"https:\/\/www.comau.com\/de\/#\/schema\/logo\/image\/\",\"url\":\"https:\/\/www.comau.com\/wp-content\/uploads\/2024\/07\/cropped-Logo-COMAU.png\",\"contentUrl\":\"https:\/\/www.comau.com\/wp-content\/uploads\/2024\/07\/cropped-Logo-COMAU.png\",\"width\":434,\"height\":434,\"caption\":\"Comau\"},\"image\":{\"@id\":\"https:\/\/www.comau.com\/de\/#\/schema\/logo\/image\/\"},\"sameAs\":[\"https:\/\/www.facebook.com\/COMAU\/\",\"https:\/\/x.com\/comaugroup\",\"https:\/\/www.instagram.com\/comaugroup\/\",\"https:\/\/www.linkedin.com\/company\/comau\",\"https:\/\/www.youtube.com\/user\/comau\"]}]}<\/script>\n<!-- \/ Yoast SEO plugin. -->","yoast_head_json":{"title":"Robotik Pr\u00e4senz - Comau","robots":{"index":"index","follow":"follow","max-snippet":"max-snippet:-1","max-image-preview":"max-image-preview:large","max-video-preview":"max-video-preview:-1"},"canonical":"https:\/\/www.comau.com\/de\/competencies\/robotics-automation\/robotics-presence\/","og_locale":"de_DE","og_type":"article","og_title":"Robotik Pr\u00e4senz - Comau","og_description":"\u200bBei Comau Robotics legen wir gro\u00dfen Wert darauf, nah an unseren Kunden zu sein. Aus diesem Grund haben wir ein globales H\u00e4ndlernetzwerk mit direkten Pr\u00e4senzen und professionellen Distributoren entwickelt. Was auch immer Ihr Ber\u00fchrungspunkt ist, wir bieten Ihnen erstklassige und umfassende Unterst\u00fctzung, vom Vertrieb \u00fcber After-Sales bis hin zu Schulungen. \u200bBei Comau Robotics legen wir [&hellip;]","og_url":"https:\/\/www.comau.com\/de\/competencies\/robotics-automation\/robotics-presence\/","og_site_name":"Comau","article_publisher":"https:\/\/www.facebook.com\/COMAU\/","article_modified_time":"2023-01-12T16:26:37+00:00","og_image":[{"width":1179,"height":401,"url":"https:\/\/www.comau.com\/wp-content\/uploads\/2021\/06\/Distributors_header.jpg","type":"image\/jpeg"}],"twitter_card":"summary_large_image","twitter_site":"@comaugroup","twitter_misc":{"Gesch\u00e4tzte Lesezeit":"5\u00a0Minuten"},"schema":{"@context":"https:\/\/schema.org","@graph":[{"@type":"WebPage","@id":"https:\/\/www.comau.com\/de\/competencies\/robotics-automation\/robotics-presence\/","url":"https:\/\/www.comau.com\/de\/competencies\/robotics-automation\/robotics-presence\/","name":"Robotik Pr\u00e4senz - Comau","isPartOf":{"@id":"https:\/\/www.comau.com\/de\/#website"},"primaryImageOfPage":{"@id":"https:\/\/www.comau.com\/de\/competencies\/robotics-automation\/robotics-presence\/#primaryimage"},"image":{"@id":"https:\/\/www.comau.com\/de\/competencies\/robotics-automation\/robotics-presence\/#primaryimage"},"thumbnailUrl":"https:\/\/www.comau.com\/wp-content\/uploads\/2021\/06\/Distributors_header.jpg","datePublished":"2021-06-30T23:12:40+00:00","dateModified":"2023-01-12T16:26:37+00:00","breadcrumb":{"@id":"https:\/\/www.comau.com\/de\/competencies\/robotics-automation\/robotics-presence\/#breadcrumb"},"inLanguage":"de","potentialAction":[{"@type":"ReadAction","target":["https:\/\/www.comau.com\/de\/competencies\/robotics-automation\/robotics-presence\/"]}]},{"@type":"ImageObject","inLanguage":"de","@id":"https:\/\/www.comau.com\/de\/competencies\/robotics-automation\/robotics-presence\/#primaryimage","url":"https:\/\/www.comau.com\/wp-content\/uploads\/2021\/06\/Distributors_header.jpg","contentUrl":"https:\/\/www.comau.com\/wp-content\/uploads\/2021\/06\/Distributors_header.jpg","width":1179,"height":401,"caption":"Global network mesh. Social communications background. Earth map. Vector illustration."},{"@type":"BreadcrumbList","@id":"https:\/\/www.comau.com\/de\/competencies\/robotics-automation\/robotics-presence\/#breadcrumb","itemListElement":[{"@type":"ListItem","position":1,"name":"Home","item":"https:\/\/www.comau.com\/de\/"},{"@type":"ListItem","position":2,"name":"Unsere Kompetenzen","item":"https:\/\/www.comau.com\/de\/competencies\/"},{"@type":"ListItem","position":3,"name":"Robotics &amp; Automation","item":"https:\/\/www.comau.com\/de\/competencies\/robotics-automation\/"},{"@type":"ListItem","position":4,"name":"Robotik Pr\u00e4senz"}]},{"@type":"WebSite","@id":"https:\/\/www.comau.com\/de\/#website","url":"https:\/\/www.comau.com\/de\/","name":"Comau","description":"Industrial automation and robotics","publisher":{"@id":"https:\/\/www.comau.com\/de\/#organization"},"potentialAction":[{"@type":"SearchAction","target":{"@type":"EntryPoint","urlTemplate":"https:\/\/www.comau.com\/de\/?s={search_term_string}"},"query-input":{"@type":"PropertyValueSpecification","valueRequired":true,"valueName":"search_term_string"}}],"inLanguage":"de"},{"@type":"Organization","@id":"https:\/\/www.comau.com\/de\/#organization","name":"Comau","url":"https:\/\/www.comau.com\/de\/","logo":{"@type":"ImageObject","inLanguage":"de","@id":"https:\/\/www.comau.com\/de\/#\/schema\/logo\/image\/","url":"https:\/\/www.comau.com\/wp-content\/uploads\/2024\/07\/cropped-Logo-COMAU.png","contentUrl":"https:\/\/www.comau.com\/wp-content\/uploads\/2024\/07\/cropped-Logo-COMAU.png","width":434,"height":434,"caption":"Comau"},"image":{"@id":"https:\/\/www.comau.com\/de\/#\/schema\/logo\/image\/"},"sameAs":["https:\/\/www.facebook.com\/COMAU\/","https:\/\/x.com\/comaugroup","https:\/\/www.instagram.com\/comaugroup\/","https:\/\/www.linkedin.com\/company\/comau","https:\/\/www.youtube.com\/user\/comau"]}]}},"_links":{"self":[{"href":"https:\/\/www.comau.com\/de\/wp-json\/wp\/v2\/pages\/6139","targetHints":{"allow":["GET"]}}],"collection":[{"href":"https:\/\/www.comau.com\/de\/wp-json\/wp\/v2\/pages"}],"about":[{"href":"https:\/\/www.comau.com\/de\/wp-json\/wp\/v2\/types\/page"}],"author":[{"embeddable":true,"href":"https:\/\/www.comau.com\/de\/wp-json\/wp\/v2\/users\/11"}],"replies":[{"embeddable":true,"href":"https:\/\/www.comau.com\/de\/wp-json\/wp\/v2\/comments?post=6139"}],"version-history":[{"count":11,"href":"https:\/\/www.comau.com\/de\/wp-json\/wp\/v2\/pages\/6139\/revisions"}],"predecessor-version":[{"id":50094,"href":"https:\/\/www.comau.com\/de\/wp-json\/wp\/v2\/pages\/6139\/revisions\/50094"}],"up":[{"embeddable":true,"href":"https:\/\/www.comau.com\/de\/wp-json\/wp\/v2\/pages\/5716"}],"wp:featuredmedia":[{"embeddable":true,"href":"https:\/\/www.comau.com\/de\/wp-json\/wp\/v2\/media\/6149"}],"wp:attachment":[{"href":"https:\/\/www.comau.com\/de\/wp-json\/wp\/v2\/media?parent=6139"}],"curies":[{"name":"wp","href":"https:\/\/api.w.org\/{rel}","templated":true}]}}