{"id":6083,"date":"2021-07-01T01:05:36","date_gmt":"2021-06-30T23:05:36","guid":{"rendered":"https:\/\/www.comau.com\/?page_id=6083"},"modified":"2022-02-03T17:52:33","modified_gmt":"2022-02-03T16:52:33","slug":"integrated-robotics","status":"publish","type":"page","link":"https:\/\/www.comau.com\/de\/competencies\/robotics-automation\/integrated-robotics\/","title":{"rendered":"Integrierte Robotik"},"content":{"rendered":"\n<h2 class=\"wp-block-heading\" id=\"startklar\">Startklar<\/h2>\n\n\n\n<p>Unsere Roboter basieren vollst\u00e4ndig auf der Software und den Steuerungen, die Sie bereits benutzen.<\/p>\n\n\n\n<p>Und unsere Verpflichtung, Ihnen dabei zu helfen, unser breitgef\u00e4chertes Angebot an hochwertigen Robotern optimal zu nutzen, geht soweit, dass wir Ihnen den vollst\u00e4ndigen Zugriff auf Prozesssteuerungs- und weiterf\u00fchrende Funktionen gew\u00e4hren. Dieser Grad an nahtloser Integration \u00e4u\u00dfert sich in einer Steigerung der Gesamteffizienz. Alles, was Sie brauchen, um Ihre fortschrittlichen Digitalisierungsl\u00f6sungen noch besser zu machen.<\/p>\n\n\n\n<div class=\"wp-block-image\"><figure class=\"aligncenter size-large\"><img decoding=\"async\" width=\"1024\" height=\"129\" src=\"https:\/\/www.comau.com\/wp-content\/uploads\/2021\/06\/IntegratedRobotics_img_test-1024x129.png\" alt=\"\" class=\"wp-image-957\" srcset=\"https:\/\/www.comau.com\/wp-content\/uploads\/2021\/06\/IntegratedRobotics_img_test-1024x129.png 1024w, https:\/\/www.comau.com\/wp-content\/uploads\/2021\/06\/IntegratedRobotics_img_test-300x38.png 300w, https:\/\/www.comau.com\/wp-content\/uploads\/2021\/06\/IntegratedRobotics_img_test-768x96.png 768w, https:\/\/www.comau.com\/wp-content\/uploads\/2021\/06\/IntegratedRobotics_img_test-1536x193.png 1536w, https:\/\/www.comau.com\/wp-content\/uploads\/2021\/06\/IntegratedRobotics_img_test.png 1839w\" sizes=\"(max-width: 1024px) 100vw, 1024px\" \/><\/figure><\/div>\n\n\n\n<div class=\"wp-block-columns columns-bg-dark is-layout-flex wp-container-core-columns-is-layout-9d6595d7 wp-block-columns-is-layout-flex\">\n<div class=\"wp-block-column is-layout-flow wp-block-column-is-layout-flow\">\n<h3 class=\"wp-block-heading\" id=\"siemens-sinumerik\">SIEMENS Sinumerik<\/h3>\n\n\n\n<p>Wir haben intelligente L\u00f6sungen f\u00fcr Bearbeitungsmaschinen von Siemens genutzt, um unsere Roboter vollst\u00e4ndig in das Siemens Sinumerik CNC DirectControl-System zu integrieren. Mit Siemens Run MyRobot \/DirectControl k\u00f6nnen Sie unsere Roboterarme mit Ihren Bearbeitungszellen und deren CNC-Werkzeugmaschinenumgebung auf direkte und umfassende Weise synchronisieren. Pr\u00e4zise Pfadsteuerung, kosteng\u00fcnstige \u00dcberwachung und Ferndiagnose des gesamten Prozesses sind erst der Anfang.<\/p>\n\n\n\n<div class=\"wp-block-buttons is-layout-flex wp-block-buttons-is-layout-flex\">\n<div class=\"wp-block-button\"><a class=\"wp-block-button__link\" href=\"\/wp-content\/uploads\/2021\/06\/INTEGRATED-Sinumerick-Double-Page.pdf\" target=\"_blank\" rel=\"noreferrer noopener\">BROSCH\u00dcRE HERUNTERLADEN<\/a><\/div>\n<\/div>\n<\/div>\n\n\n\n<div class=\"wp-block-column is-layout-flow wp-block-column-is-layout-flow\">\n<h3 class=\"wp-block-heading\" id=\"b-r-openrobotics\">B&amp;R openRobotics<\/h3>\n\n\n\n<p>Dank B&amp;R Industrial Automation wird die Kinematik unserer Roboter jetzt von derselben CPU gesteuert, die die vorhandene Ausr\u00fcstung in einer automatisierten Anlage mittels MAPP (modular application technology), einer integrierten modularen Anwendungstechnologie, steuert. So lassen sich Comaus controllerlose Roboter nahtlos in jedes automatisierte System integrieren, indem man dieselbe einsatzbereite Softwarefunktionalit\u00e4t der CPUs nutzt, die bereits in der Automatisierungsinfrastruktur einer Fabrik vorhanden ist. Da der Roboter von der openRobotics-Maschinen-SPS gesteuert wird und die Programmierung \u00fcber integrierte MAPP-Komponentenbibliotheken erfolgt, kommen Sie zudem in den Genuss k\u00fcrzerer Programmierungszeiten \u2013 abgesehen von einer vollst\u00e4ndigen Synchronisierung und einfachen Diagnose der automatisierten Linien.<\/p>\n\n\n\n<div class=\"wp-block-buttons is-layout-flex wp-block-buttons-is-layout-flex\">\n<div class=\"wp-block-button\"><a class=\"wp-block-button__link\" href=\"\/wp-content\/uploads\/2021\/06\/INTEGRATED-Open-Robotics-Double-Page.pdf\" target=\"_blank\" rel=\"noreferrer noopener\">BROSCH\u00dcRE HERUNTERLADEN<\/a><\/div>\n<\/div>\n<\/div>\n<\/div>\n\n\n\n<div class=\"wp-block-columns columns-bg-dark is-layout-flex wp-container-core-columns-is-layout-9d6595d7 wp-block-columns-is-layout-flex\">\n<div class=\"wp-block-column is-layout-flow wp-block-column-is-layout-flow\">\n<h3 class=\"wp-block-heading\" id=\"keba-kemotion\">KEBA KeMotion<\/h3>\n\n\n\n<p>Unsere Roboter verf\u00fcgen jetzt \u00fcber eine integrierte KEBA KeMotion-Option, so dass Sie das gesamte Potenzial dieser schl\u00fcsselfertigen Automatisierungsl\u00f6sung abrufen k\u00f6nnen. Wir liefern den Roboterarm und die Kabel \u2013 alles andere ist schon betriebsbereit, dank des mit KeMotion-Komponenten best\u00fcckten Schaltschranks, der Bewegungs-, Roboter- und Antriebstechnologie, der Sicherheitstechnik sowie einer benutzerfreundlichen HMI in einem kompakten, modularen und skalierbaren System vereint. Zu guter Letzt k\u00f6nnen Sie mit Hilfe dieser integrierten L\u00f6sung Automatisierungsaufgaben auf einer einzelnen, gemeinsamen Hardware- und Softwareplattform implementieren \u2013 f\u00fcr eine schnellere Inbetriebnahme, h\u00f6here Leistungsf\u00e4higkeit und gr\u00f6\u00dfere Effizienz.<\/p>\n\n\n\n<div class=\"wp-block-buttons is-layout-flex wp-block-buttons-is-layout-flex\">\n<div class=\"wp-block-button\"><a class=\"wp-block-button__link\" href=\"\/wp-content\/uploads\/2021\/06\/INTEGRATED-Keba-Double-Page.pdf\" target=\"_blank\" rel=\"noreferrer noopener\">BROSCH\u00dcRE HERUNTERLADEN<\/a><\/div>\n<\/div>\n<\/div>\n\n\n\n<div class=\"wp-block-column is-layout-flow wp-block-column-is-layout-flow\">\n<h3 class=\"wp-block-heading\" id=\"rockwell-automation\">Rockwell Automation<\/h3>\n\n\n\n<p>Dank eines einheitlichen Steuerungssystems, das in Zusammenarbeit mit Rockwell Automation entwickelt wurde, k\u00f6nnen unsere Roboter gemeinsam mit anderen Industrieanlagen innerhalb einer einzigen Programmierumgebung konfiguriert werden. Mit diesem System und der Konstruktionssoftware Studio 5000\u00ae von Rockwell Automation l\u00e4sst sich die Robotersteuerung problemlos mit der Werkzeugmaschinensteuerung koordinieren, wodurch der erforderliche Prozess einfacher, schneller und intuitiver wird. Die Vorteile sind greifbar: Betriebe k\u00f6nnen das Management von Fertigungsprozessen vereinfachen, die Maschinenleistung verbessern, Zeit sparen und Bearbeitungskosten senken.<\/p>\n\n\n\n<div class=\"wp-block-buttons is-layout-flex wp-block-buttons-is-layout-flex\"><\/div>\n<\/div>\n<\/div>\n","protected":false},"excerpt":{"rendered":"<p>Startklar Unsere Roboter basieren vollst\u00e4ndig auf der Software und den Steuerungen, die Sie bereits benutzen. Und unsere Verpflichtung, Ihnen dabei zu helfen, unser breitgef\u00e4chertes Angebot an hochwertigen Robotern optimal zu nutzen, geht soweit, dass wir Ihnen den vollst\u00e4ndigen Zugriff auf Prozesssteuerungs- und weiterf\u00fchrende Funktionen gew\u00e4hren. Dieser Grad an nahtloser Integration \u00e4u\u00dfert sich in einer Steigerung [&hellip;]<\/p>\n","protected":false},"author":11,"featured_media":6093,"parent":5716,"menu_order":5,"comment_status":"closed","ping_status":"closed","template":"","meta":{"_acf_changed":false,"ep_exclude_from_search":false,"footnotes":""},"class_list":["post-6083","page","type-page","status-publish","has-post-thumbnail","hentry"],"acf":[],"yoast_head":"<!-- This site is optimized with the Yoast SEO plugin v26.9 - https:\/\/yoast.com\/product\/yoast-seo-wordpress\/ -->\n<title>Automatische Industriemaschinen: Integrierte Robotik | Comau<\/title>\n<meta name=\"description\" content=\"Entdecken Sie integrierte Robotik und Robotertechnik von Comau, die mit Software mit fortschrittlichen Funktionen ausgestattet sind.\" \/>\n<meta name=\"robots\" content=\"index, follow, max-snippet:-1, max-image-preview:large, max-video-preview:-1\" \/>\n<link rel=\"canonical\" href=\"https:\/\/www.comau.com\/de\/competencies\/robotics-automation\/integrated-robotics\/\" \/>\n<meta property=\"og:locale\" content=\"de_DE\" \/>\n<meta property=\"og:type\" content=\"article\" \/>\n<meta property=\"og:title\" content=\"Automatische Industriemaschinen: Integrierte Robotik | Comau\" \/>\n<meta property=\"og:description\" content=\"Entdecken Sie integrierte Robotik und Robotertechnik von Comau, die mit Software mit fortschrittlichen Funktionen ausgestattet sind.\" \/>\n<meta property=\"og:url\" content=\"https:\/\/www.comau.com\/de\/competencies\/robotics-automation\/integrated-robotics\/\" \/>\n<meta property=\"og:site_name\" content=\"Comau\" \/>\n<meta property=\"article:publisher\" content=\"https:\/\/www.facebook.com\/COMAU\/\" \/>\n<meta property=\"article:modified_time\" content=\"2022-02-03T16:52:33+00:00\" \/>\n<meta property=\"og:image\" content=\"https:\/\/www.comau.com\/wp-content\/uploads\/2021\/06\/IntegratedRobotics_header.jpg\" \/>\n\t<meta property=\"og:image:width\" content=\"1280\" \/>\n\t<meta property=\"og:image:height\" content=\"485\" \/>\n\t<meta property=\"og:image:type\" content=\"image\/jpeg\" \/>\n<meta name=\"twitter:card\" content=\"summary_large_image\" \/>\n<meta name=\"twitter:site\" content=\"@comaugroup\" \/>\n<meta name=\"twitter:label1\" content=\"Gesch\u00e4tzte Lesezeit\" \/>\n\t<meta name=\"twitter:data1\" content=\"2\u00a0Minuten\" \/>\n<script type=\"application\/ld+json\" class=\"yoast-schema-graph\">{\"@context\":\"https:\/\/schema.org\",\"@graph\":[{\"@type\":\"WebPage\",\"@id\":\"https:\/\/www.comau.com\/de\/competencies\/robotics-automation\/integrated-robotics\/\",\"url\":\"https:\/\/www.comau.com\/de\/competencies\/robotics-automation\/integrated-robotics\/\",\"name\":\"Automatische Industriemaschinen: Integrierte Robotik | Comau\",\"isPartOf\":{\"@id\":\"https:\/\/www.comau.com\/de\/#website\"},\"primaryImageOfPage\":{\"@id\":\"https:\/\/www.comau.com\/de\/competencies\/robotics-automation\/integrated-robotics\/#primaryimage\"},\"image\":{\"@id\":\"https:\/\/www.comau.com\/de\/competencies\/robotics-automation\/integrated-robotics\/#primaryimage\"},\"thumbnailUrl\":\"https:\/\/www.comau.com\/wp-content\/uploads\/2021\/06\/IntegratedRobotics_header.jpg\",\"datePublished\":\"2021-06-30T23:05:36+00:00\",\"dateModified\":\"2022-02-03T16:52:33+00:00\",\"description\":\"Entdecken Sie integrierte Robotik und Robotertechnik von Comau, die mit Software mit fortschrittlichen Funktionen ausgestattet sind.\",\"breadcrumb\":{\"@id\":\"https:\/\/www.comau.com\/de\/competencies\/robotics-automation\/integrated-robotics\/#breadcrumb\"},\"inLanguage\":\"de\",\"potentialAction\":[{\"@type\":\"ReadAction\",\"target\":[\"https:\/\/www.comau.com\/de\/competencies\/robotics-automation\/integrated-robotics\/\"]}]},{\"@type\":\"ImageObject\",\"inLanguage\":\"de\",\"@id\":\"https:\/\/www.comau.com\/de\/competencies\/robotics-automation\/integrated-robotics\/#primaryimage\",\"url\":\"https:\/\/www.comau.com\/wp-content\/uploads\/2021\/06\/IntegratedRobotics_header.jpg\",\"contentUrl\":\"https:\/\/www.comau.com\/wp-content\/uploads\/2021\/06\/IntegratedRobotics_header.jpg\",\"width\":1280,\"height\":485},{\"@type\":\"BreadcrumbList\",\"@id\":\"https:\/\/www.comau.com\/de\/competencies\/robotics-automation\/integrated-robotics\/#breadcrumb\",\"itemListElement\":[{\"@type\":\"ListItem\",\"position\":1,\"name\":\"Home\",\"item\":\"https:\/\/www.comau.com\/de\/\"},{\"@type\":\"ListItem\",\"position\":2,\"name\":\"Unsere Kompetenzen\",\"item\":\"https:\/\/www.comau.com\/de\/competencies\/\"},{\"@type\":\"ListItem\",\"position\":3,\"name\":\"Robotics &amp; Automation\",\"item\":\"https:\/\/www.comau.com\/de\/competencies\/robotics-automation\/\"},{\"@type\":\"ListItem\",\"position\":4,\"name\":\"Integrierte Robotik\"}]},{\"@type\":\"WebSite\",\"@id\":\"https:\/\/www.comau.com\/de\/#website\",\"url\":\"https:\/\/www.comau.com\/de\/\",\"name\":\"Comau\",\"description\":\"Industrial automation and robotics\",\"publisher\":{\"@id\":\"https:\/\/www.comau.com\/de\/#organization\"},\"potentialAction\":[{\"@type\":\"SearchAction\",\"target\":{\"@type\":\"EntryPoint\",\"urlTemplate\":\"https:\/\/www.comau.com\/de\/?s={search_term_string}\"},\"query-input\":{\"@type\":\"PropertyValueSpecification\",\"valueRequired\":true,\"valueName\":\"search_term_string\"}}],\"inLanguage\":\"de\"},{\"@type\":\"Organization\",\"@id\":\"https:\/\/www.comau.com\/de\/#organization\",\"name\":\"Comau\",\"url\":\"https:\/\/www.comau.com\/de\/\",\"logo\":{\"@type\":\"ImageObject\",\"inLanguage\":\"de\",\"@id\":\"https:\/\/www.comau.com\/de\/#\/schema\/logo\/image\/\",\"url\":\"https:\/\/www.comau.com\/wp-content\/uploads\/2024\/07\/cropped-Logo-COMAU.png\",\"contentUrl\":\"https:\/\/www.comau.com\/wp-content\/uploads\/2024\/07\/cropped-Logo-COMAU.png\",\"width\":434,\"height\":434,\"caption\":\"Comau\"},\"image\":{\"@id\":\"https:\/\/www.comau.com\/de\/#\/schema\/logo\/image\/\"},\"sameAs\":[\"https:\/\/www.facebook.com\/COMAU\/\",\"https:\/\/x.com\/comaugroup\",\"https:\/\/www.instagram.com\/comaugroup\/\",\"https:\/\/www.linkedin.com\/company\/comau\",\"https:\/\/www.youtube.com\/user\/comau\"]}]}<\/script>\n<!-- \/ Yoast SEO plugin. -->","yoast_head_json":{"title":"Automatische Industriemaschinen: Integrierte Robotik | Comau","description":"Entdecken Sie integrierte Robotik und Robotertechnik von Comau, die mit Software mit fortschrittlichen Funktionen ausgestattet sind.","robots":{"index":"index","follow":"follow","max-snippet":"max-snippet:-1","max-image-preview":"max-image-preview:large","max-video-preview":"max-video-preview:-1"},"canonical":"https:\/\/www.comau.com\/de\/competencies\/robotics-automation\/integrated-robotics\/","og_locale":"de_DE","og_type":"article","og_title":"Automatische Industriemaschinen: Integrierte Robotik | Comau","og_description":"Entdecken Sie integrierte Robotik und Robotertechnik von Comau, die mit Software mit fortschrittlichen Funktionen ausgestattet sind.","og_url":"https:\/\/www.comau.com\/de\/competencies\/robotics-automation\/integrated-robotics\/","og_site_name":"Comau","article_publisher":"https:\/\/www.facebook.com\/COMAU\/","article_modified_time":"2022-02-03T16:52:33+00:00","og_image":[{"width":1280,"height":485,"url":"https:\/\/www.comau.com\/wp-content\/uploads\/2021\/06\/IntegratedRobotics_header.jpg","type":"image\/jpeg"}],"twitter_card":"summary_large_image","twitter_site":"@comaugroup","twitter_misc":{"Gesch\u00e4tzte Lesezeit":"2\u00a0Minuten"},"schema":{"@context":"https:\/\/schema.org","@graph":[{"@type":"WebPage","@id":"https:\/\/www.comau.com\/de\/competencies\/robotics-automation\/integrated-robotics\/","url":"https:\/\/www.comau.com\/de\/competencies\/robotics-automation\/integrated-robotics\/","name":"Automatische Industriemaschinen: Integrierte Robotik | Comau","isPartOf":{"@id":"https:\/\/www.comau.com\/de\/#website"},"primaryImageOfPage":{"@id":"https:\/\/www.comau.com\/de\/competencies\/robotics-automation\/integrated-robotics\/#primaryimage"},"image":{"@id":"https:\/\/www.comau.com\/de\/competencies\/robotics-automation\/integrated-robotics\/#primaryimage"},"thumbnailUrl":"https:\/\/www.comau.com\/wp-content\/uploads\/2021\/06\/IntegratedRobotics_header.jpg","datePublished":"2021-06-30T23:05:36+00:00","dateModified":"2022-02-03T16:52:33+00:00","description":"Entdecken Sie integrierte Robotik und Robotertechnik von Comau, die mit Software mit fortschrittlichen Funktionen ausgestattet sind.","breadcrumb":{"@id":"https:\/\/www.comau.com\/de\/competencies\/robotics-automation\/integrated-robotics\/#breadcrumb"},"inLanguage":"de","potentialAction":[{"@type":"ReadAction","target":["https:\/\/www.comau.com\/de\/competencies\/robotics-automation\/integrated-robotics\/"]}]},{"@type":"ImageObject","inLanguage":"de","@id":"https:\/\/www.comau.com\/de\/competencies\/robotics-automation\/integrated-robotics\/#primaryimage","url":"https:\/\/www.comau.com\/wp-content\/uploads\/2021\/06\/IntegratedRobotics_header.jpg","contentUrl":"https:\/\/www.comau.com\/wp-content\/uploads\/2021\/06\/IntegratedRobotics_header.jpg","width":1280,"height":485},{"@type":"BreadcrumbList","@id":"https:\/\/www.comau.com\/de\/competencies\/robotics-automation\/integrated-robotics\/#breadcrumb","itemListElement":[{"@type":"ListItem","position":1,"name":"Home","item":"https:\/\/www.comau.com\/de\/"},{"@type":"ListItem","position":2,"name":"Unsere Kompetenzen","item":"https:\/\/www.comau.com\/de\/competencies\/"},{"@type":"ListItem","position":3,"name":"Robotics &amp; Automation","item":"https:\/\/www.comau.com\/de\/competencies\/robotics-automation\/"},{"@type":"ListItem","position":4,"name":"Integrierte Robotik"}]},{"@type":"WebSite","@id":"https:\/\/www.comau.com\/de\/#website","url":"https:\/\/www.comau.com\/de\/","name":"Comau","description":"Industrial automation and robotics","publisher":{"@id":"https:\/\/www.comau.com\/de\/#organization"},"potentialAction":[{"@type":"SearchAction","target":{"@type":"EntryPoint","urlTemplate":"https:\/\/www.comau.com\/de\/?s={search_term_string}"},"query-input":{"@type":"PropertyValueSpecification","valueRequired":true,"valueName":"search_term_string"}}],"inLanguage":"de"},{"@type":"Organization","@id":"https:\/\/www.comau.com\/de\/#organization","name":"Comau","url":"https:\/\/www.comau.com\/de\/","logo":{"@type":"ImageObject","inLanguage":"de","@id":"https:\/\/www.comau.com\/de\/#\/schema\/logo\/image\/","url":"https:\/\/www.comau.com\/wp-content\/uploads\/2024\/07\/cropped-Logo-COMAU.png","contentUrl":"https:\/\/www.comau.com\/wp-content\/uploads\/2024\/07\/cropped-Logo-COMAU.png","width":434,"height":434,"caption":"Comau"},"image":{"@id":"https:\/\/www.comau.com\/de\/#\/schema\/logo\/image\/"},"sameAs":["https:\/\/www.facebook.com\/COMAU\/","https:\/\/x.com\/comaugroup","https:\/\/www.instagram.com\/comaugroup\/","https:\/\/www.linkedin.com\/company\/comau","https:\/\/www.youtube.com\/user\/comau"]}]}},"_links":{"self":[{"href":"https:\/\/www.comau.com\/de\/wp-json\/wp\/v2\/pages\/6083","targetHints":{"allow":["GET"]}}],"collection":[{"href":"https:\/\/www.comau.com\/de\/wp-json\/wp\/v2\/pages"}],"about":[{"href":"https:\/\/www.comau.com\/de\/wp-json\/wp\/v2\/types\/page"}],"author":[{"embeddable":true,"href":"https:\/\/www.comau.com\/de\/wp-json\/wp\/v2\/users\/11"}],"replies":[{"embeddable":true,"href":"https:\/\/www.comau.com\/de\/wp-json\/wp\/v2\/comments?post=6083"}],"version-history":[{"count":14,"href":"https:\/\/www.comau.com\/de\/wp-json\/wp\/v2\/pages\/6083\/revisions"}],"predecessor-version":[{"id":41759,"href":"https:\/\/www.comau.com\/de\/wp-json\/wp\/v2\/pages\/6083\/revisions\/41759"}],"up":[{"embeddable":true,"href":"https:\/\/www.comau.com\/de\/wp-json\/wp\/v2\/pages\/5716"}],"wp:featuredmedia":[{"embeddable":true,"href":"https:\/\/www.comau.com\/de\/wp-json\/wp\/v2\/media\/6093"}],"wp:attachment":[{"href":"https:\/\/www.comau.com\/de\/wp-json\/wp\/v2\/media?parent=6083"}],"curies":[{"name":"wp","href":"https:\/\/api.w.org\/{rel}","templated":true}]}}