{"id":59926,"date":"2024-02-05T14:56:46","date_gmt":"2024-02-05T13:56:46","guid":{"rendered":"https:\/\/www.comau.com\/?page_id=59926"},"modified":"2026-04-02T23:57:35","modified_gmt":"2026-04-02T21:57:35","slug":"wearable-robotics-exoskeletons","status":"publish","type":"page","link":"https:\/\/www.comau.com\/de\/competencies\/products-solutions\/wearable-robotics-exoskeletons\/","title":{"rendered":"Tragbare Robotik | Exoskelette"},"content":{"rendered":"\n<div class=\"wp-block-group wide-section-dark\"><div class=\"wp-block-group__inner-container is-layout-constrained wp-block-group-is-layout-constrained\">\n<h2 class=\"wp-block-heading\" style=\"text-transform:none\">Tragbare Robotik\/Exoskelette mit verbesserter Ergonomie<\/h2>\n\n\n\n<p>Comaus neue <strong>MATE-Familie tragbare Robotik<\/strong> zielt darauf ab, das menschliche Potenzial zu steigern, indem sie \u00fcberm\u00e4\u00dfige k\u00f6rperliche Belastungen w\u00e4hrend der Arbeit reduziert und t\u00e4gliche Aktivit\u00e4ten vereinfacht und ma\u00dfgeschneiderte und effektive Exoskelett-L\u00f6sungen bietet.<\/p>\n\n\n\n<p>Die <strong>MATE-Exoskelette <\/strong>reduzieren kontinuierlich die Muskelaktivierung im Lenden- oder Schulterbereich w\u00e4hrend \u00dcberkopfarbeiten und beim manuellen Heben von Gewichten. <strong>Dadurch werden Ergonomie, Haltung und Muskelbelastung sp\u00fcrbar verbessert<\/strong>.<\/p>\n\n\n\n<h2 class=\"wp-block-heading h3 text-reset\" id=\"the-right-solution-for-your-market\">Entdecken Sie die tragbare Robotikl\u00f6sungen von Comau<\/h2>\n\n\n\n<div class=\"wp-block-columns is-layout-flex wp-container-core-columns-is-layout-9d6595d7 wp-block-columns-is-layout-flex\">\n<div class=\"wp-block-column is-layout-flow wp-block-column-is-layout-flow\">\n<h2 class=\"wp-block-heading has-text-align-center\">MATE-XT GO<\/h2>\n\n\n\n<figure class=\"wp-block-image size-medium is-resized\"><a href=\"https:\/\/www.comau.com\/en\/our-offer\/products-and-solutions\/wearable-robotics-exoskeletons\/mate-xt-go-exoskeleton\/\" target=\"_blank\" rel=\" noreferrer noopener\"><img decoding=\"async\" width=\"300\" height=\"300\" src=\"https:\/\/www.comau.com\/wp-content\/uploads\/2026\/02\/MATE-XT-GO-Rear-view-300x300.png\" alt=\"\" class=\"wp-image-85343\" style=\"width:auto;height:300px\"\/><\/a><\/figure>\n\n\n\n<p class=\"has-text-align-center\">Mechanisch angetriebenes Exoskelett (keine Batterien, keine Motoren) zur Entlastung der Muskulatur im Schulterbereich f\u00fcr Arbeitnehmer, die mit hochgehobenem(n) Arm(en) arbeiten, durch physische Unterst\u00fctzung bei sich wiederholenden und statischen Aufgaben.<\/p>\n\n\n\n<div class=\"wp-block-buttons is-content-justification-center is-layout-flex wp-container-core-buttons-is-layout-16018d1d wp-block-buttons-is-layout-flex\">\n<div class=\"wp-block-button\"><a class=\"wp-block-button__link wp-element-button\" href=\"https:\/\/www.comau.com\/de\/competencies\/products-solutions\/wearable-robotics-exoskeletons\/mate-xt-go-exoskelette\/\" target=\"_blank\" rel=\"noreferrer noopener\">Entdecken Sie MATE-XT GO<\/a><\/div>\n<\/div>\n<\/div>\n\n\n\n<div class=\"wp-block-column is-layout-flow wp-block-column-is-layout-flow\">\n<h2 class=\"wp-block-heading has-text-align-center\">MATE-XT 4.0<\/h2>\n\n\n\n<figure class=\"wp-block-image size-medium is-resized\"><img decoding=\"async\" width=\"269\" height=\"300\" src=\"https:\/\/www.comau.com\/wp-content\/uploads\/2024\/06\/mate-xt4-269x300.png\" alt=\"\" class=\"wp-image-64409\" style=\"width:auto;height:300px\" srcset=\"https:\/\/www.comau.com\/wp-content\/uploads\/2024\/06\/mate-xt4-269x300.png 269w, https:\/\/www.comau.com\/wp-content\/uploads\/2024\/06\/mate-xt4.png 334w\" sizes=\"(max-width: 269px) 100vw, 269px\" \/><\/figure>\n\n\n\n<p class=\"has-text-align-center\">Kombiniert die MATE-XT Schulterunterst\u00fctzung mit fortschrittlichen Sensoren, um IoT-L\u00f6sungen und Vorteile zu erm\u00f6glichen. Die \u00fcber Wi-Fi verbundenen Sensoren liefern nahezu in Echtzeit Daten an ein intuitives digitales Dashboard.<\/p>\n\n\n\n<div class=\"wp-block-buttons is-content-justification-center is-layout-flex wp-container-core-buttons-is-layout-16018d1d wp-block-buttons-is-layout-flex\">\n<div class=\"wp-block-button\"><a class=\"wp-block-button__link wp-element-button\" href=\"https:\/\/www.comau.com\/en\/competencies\/robotics-automation\/mate-xt-4-0-exoskeleton-data-analytics\/\">Entdecken Sie MATE-XT 4.0<\/a><\/div>\n<\/div>\n<\/div>\n\n\n\n<div class=\"wp-block-column is-layout-flow wp-block-column-is-layout-flow\">\n<h2 class=\"wp-block-heading has-text-align-center\">MATE-XB<\/h2>\n\n\n\n<figure class=\"wp-block-image size-medium is-resized\"><img decoding=\"async\" width=\"185\" height=\"300\" src=\"https:\/\/www.comau.com\/wp-content\/uploads\/2024\/06\/mate-xb-185x300.png\" alt=\"\" class=\"wp-image-64415\" style=\"width:auto;height:300px\" srcset=\"https:\/\/www.comau.com\/wp-content\/uploads\/2024\/06\/mate-xb-185x300.png 185w, https:\/\/www.comau.com\/wp-content\/uploads\/2024\/06\/mate-xb.png 317w\" sizes=\"(max-width: 185px) 100vw, 185px\" \/><\/figure>\n\n\n\n<p class=\"has-text-align-center\">Nicht angetriebenes Exoskelett zur Reduzierung von Erm\u00fcdungserscheinungen im Lendenwirbelbereich f\u00fcr Arbeiter, die Gewichte bewegen. Es unterst\u00fctzt den Benutzer bei der Arbeit in verschiedenen statischen Positionen oder beim wiederholten Heben von Lasten.<\/p>\n\n\n\n<div class=\"wp-block-buttons is-content-justification-center is-layout-flex wp-container-core-buttons-is-layout-16018d1d wp-block-buttons-is-layout-flex\">\n<div class=\"wp-block-button\"><a class=\"wp-block-button__link wp-element-button\" href=\"https:\/\/www.comau.com\/en\/competencies\/robotics-automation\/mate-xb-exoskeleton\/\">Entdecken Sie MATE-XB<\/a><\/div>\n<\/div>\n<\/div>\n<\/div>\n<\/div><\/div>\n\n\n\n<div class=\"wp-block-group wide-section-light-1 py-4\"><div class=\"wp-block-group__inner-container is-layout-constrained wp-block-group-is-layout-constrained\">\n<div class=\"wp-block-columns align-items-center justify-content-between is-layout-flex wp-container-core-columns-is-layout-9d6595d7 wp-block-columns-is-layout-flex\">\n<div class=\"wp-block-column is-layout-flow wp-block-column-is-layout-flow\">\n<h2 class=\"wp-block-heading has-text-align-left\">Tragbare Robotik mit MATE-Exoskeletten revolutionieren<\/h2>\n\n\n\n<p class=\"lead\">Als weltweit f\u00fchrendes Unternehmen im Bereich fortschrittlicher Automatisierungsl\u00f6sungen verbessert Comau seit jeher Fertigungsszenarien durch moderne und menschenzentrierte Technologien, die die soziale und \u00f6kologische Nachhaltigkeit am Arbeitsplatz f\u00f6rdern.<\/p>\n\n\n\n<h3 class=\"wp-block-heading\">Warum MATE?<\/h3>\n\n\n\n<p>Die Muscular Aiding Tech Exoskelette wurden entwickelt, um das Wohlbefinden der Mitarbeiter in den Mittelpunkt zu stellen, die Effizienz von Fabriken zu steigern und die Lebensqualit\u00e4t am Arbeitsplatz zu verbessern.<\/p>\n\n\n\n<p>Unsere innovativen Exoskelett-Anz\u00fcge bieten durchg\u00e4ngige und fortschrittliche Bewegungsunterst\u00fctzung bei repetitiven und t\u00e4glichen Aufgaben. Sie bieten spezifische L\u00f6sungen, die die Muskeln entlasten und ergonomische Risiken minimieren.<\/p>\n<\/div>\n\n\n\n<div class=\"wp-block-column is-vertically-aligned-center is-layout-flow wp-block-column-is-layout-flow\">\n<figure class=\"wp-block-image size-full\"><img decoding=\"async\" width=\"906\" height=\"1024\" src=\"https:\/\/www.comau.com\/wp-content\/uploads\/2024\/06\/Image-illustrata@2x-906x1024-1.webp\" alt=\"\" class=\"wp-image-64378\" srcset=\"https:\/\/www.comau.com\/wp-content\/uploads\/2024\/06\/Image-illustrata@2x-906x1024-1.webp 906w, https:\/\/www.comau.com\/wp-content\/uploads\/2024\/06\/Image-illustrata@2x-906x1024-1-265x300.webp 265w, https:\/\/www.comau.com\/wp-content\/uploads\/2024\/06\/Image-illustrata@2x-906x1024-1-768x868.webp 768w\" sizes=\"(max-width: 906px) 100vw, 906px\" \/><\/figure>\n<\/div>\n<\/div>\n<\/div><\/div>\n\n\n\n<div style=\"height:50px\" aria-hidden=\"true\" class=\"wp-block-spacer\"><\/div>\n\n\n\n<h2 class=\"wp-block-heading has-text-align-center\">Erfahren Sie mehr \u00fcber MATE<\/h2>\n\n\n\n<div class=\"wp-block-columns is-layout-flex wp-container-core-columns-is-layout-9d6595d7 wp-block-columns-is-layout-flex\">\n<div class=\"wp-block-column is-layout-flow wp-block-column-is-layout-flow\">\n<div class=\"wp-block-getwid-image-box getwid-animation has-text-center has-mobile-layout-default has-mobile-alignment-center\" data-animation=\"zoomSmall\"><div class=\"wp-block-getwid-image-box__image-container is-position-top\"><a href=\"https:\/\/www.comau.com\/en\/our-offer\/products-and-solutions\/wearable-robotics-exoskeletons\/mate-xb-exoskeleton\/\" target=\"_blank\" rel=\"noreferrer noopener\" class=\"wp-block-getwid-image-box__image-wrapper\"><img decoding=\"async\" width=\"1458\" height=\"1040\" src=\"https:\/\/www.comau.com\/wp-content\/uploads\/2024\/02\/Img_Featured_MATE-XB_Wearable-exoskeleton.jpg\" alt=\"\" class=\"wp-block-getwid-image-box__image wp-image-60155\" srcset=\"https:\/\/www.comau.com\/wp-content\/uploads\/2024\/02\/Img_Featured_MATE-XB_Wearable-exoskeleton.jpg 1458w, https:\/\/www.comau.com\/wp-content\/uploads\/2024\/02\/Img_Featured_MATE-XB_Wearable-exoskeleton-300x214.jpg 300w, https:\/\/www.comau.com\/wp-content\/uploads\/2024\/02\/Img_Featured_MATE-XB_Wearable-exoskeleton-1024x730.jpg 1024w, https:\/\/www.comau.com\/wp-content\/uploads\/2024\/02\/Img_Featured_MATE-XB_Wearable-exoskeleton-768x548.jpg 768w\" sizes=\"(max-width: 1458px) 100vw, 1458px\" \/><\/a><\/div><div class=\"wp-block-getwid-image-box__content\">\n<p>Reduzieren Sie Erm\u00fcdung im unteren R\u00fcckenbereich bei Hebe- und Wiederholungsaufgaben mit einem Ger\u00e4t, das die R\u00fcckenmuskulatur unterst\u00fctzt.<\/p>\n\n\n\n<div class=\"wp-block-buttons is-content-justification-center is-layout-flex wp-container-core-buttons-is-layout-16018d1d wp-block-buttons-is-layout-flex\">\n<div class=\"wp-block-button\"><a class=\"wp-block-button__link wp-element-button\" href=\"https:\/\/www.comau.com\/en\/our-offer\/products-and-solutions\/wearable-robotics-exoskeletons\/mate-xb-exoskeleton\/\" target=\"_blank\" rel=\"noreferrer noopener\">Mehr erfahren<\/a><\/div>\n<\/div>\n<\/div><\/div>\n<\/div>\n\n\n\n<div class=\"wp-block-column is-layout-flow wp-block-column-is-layout-flow\">\n<div class=\"wp-block-getwid-image-box getwid-animation has-text-center has-mobile-layout-default has-mobile-alignment-default\" data-animation=\"zoomSmall\"><div class=\"wp-block-getwid-image-box__image-container is-position-top\"><a href=\"https:\/\/www.comau.com\/en\/our-offer\/products-and-solutions\/wearable-robotics-exoskeletons\/wearable-robotics-mate-xt-exoskeleton\/\" target=\"_blank\" rel=\"noreferrer noopener\" class=\"wp-block-getwid-image-box__image-wrapper\"><img decoding=\"async\" width=\"1458\" height=\"1040\" src=\"https:\/\/www.comau.com\/wp-content\/uploads\/2024\/02\/Img_Featured_MATE-XT_Wearable-exoskeleton.jpg\" alt=\"\" class=\"wp-block-getwid-image-box__image wp-image-60149\" srcset=\"https:\/\/www.comau.com\/wp-content\/uploads\/2024\/02\/Img_Featured_MATE-XT_Wearable-exoskeleton.jpg 1458w, https:\/\/www.comau.com\/wp-content\/uploads\/2024\/02\/Img_Featured_MATE-XT_Wearable-exoskeleton-300x214.jpg 300w, https:\/\/www.comau.com\/wp-content\/uploads\/2024\/02\/Img_Featured_MATE-XT_Wearable-exoskeleton-1024x730.jpg 1024w, https:\/\/www.comau.com\/wp-content\/uploads\/2024\/02\/Img_Featured_MATE-XT_Wearable-exoskeleton-768x548.jpg 768w\" sizes=\"(max-width: 1458px) 100vw, 1458px\" \/><\/a><\/div><div class=\"wp-block-getwid-image-box__content\">\n<p>Minimieren Sie den Krafteinsatz der Muskeln bei anspruchsvollen Innen- und Au\u00dfeneins\u00e4tzen, schwierigen Anwendungen und herausfordernden Umgebungen.<\/p>\n\n\n\n<div class=\"wp-block-buttons is-content-justification-center is-layout-flex wp-container-core-buttons-is-layout-16018d1d wp-block-buttons-is-layout-flex\">\n<div class=\"wp-block-button\"><a class=\"wp-block-button__link wp-element-button\" href=\"https:\/\/www.comau.com\/en\/our-offer\/products-and-solutions\/wearable-robotics-exoskeletons\/wearable-robotics-mate-xt-exoskeleton\/\" target=\"_blank\" rel=\"noreferrer noopener\">Mehr lesen<\/a><\/div>\n<\/div>\n<\/div><\/div>\n<\/div>\n\n\n\n<div class=\"wp-block-column is-layout-flow wp-block-column-is-layout-flow\">\n<div class=\"wp-block-getwid-image-box getwid-animation has-text-center has-mobile-layout-default has-mobile-alignment-default\" data-animation=\"zoomSmall\"><div class=\"wp-block-getwid-image-box__image-container is-position-top\"><a href=\"\/en?page_id=59846\" target=\"_blank\" rel=\"noreferrer noopener\" class=\"wp-block-getwid-image-box__image-wrapper\"><img decoding=\"async\" width=\"1458\" height=\"1040\" src=\"https:\/\/www.comau.com\/wp-content\/uploads\/2024\/02\/Img_Featured_MATE-XT_4-0_Wearable-exoskeleton.jpg\" alt=\"\" class=\"wp-block-getwid-image-box__image wp-image-60143\" srcset=\"https:\/\/www.comau.com\/wp-content\/uploads\/2024\/02\/Img_Featured_MATE-XT_4-0_Wearable-exoskeleton.jpg 1458w, https:\/\/www.comau.com\/wp-content\/uploads\/2024\/02\/Img_Featured_MATE-XT_4-0_Wearable-exoskeleton-300x214.jpg 300w, https:\/\/www.comau.com\/wp-content\/uploads\/2024\/02\/Img_Featured_MATE-XT_4-0_Wearable-exoskeleton-1024x730.jpg 1024w, https:\/\/www.comau.com\/wp-content\/uploads\/2024\/02\/Img_Featured_MATE-XT_4-0_Wearable-exoskeleton-768x548.jpg 768w\" sizes=\"(max-width: 1458px) 100vw, 1458px\" \/><\/a><\/div><div class=\"wp-block-getwid-image-box__content\">\n<p>Kombinieren Sie leichte Muskelunterst\u00fctzung mit digitalisierten Betriebsdaten.<\/p>\n\n\n\n<div class=\"wp-block-buttons is-content-justification-center is-layout-flex wp-container-core-buttons-is-layout-16018d1d wp-block-buttons-is-layout-flex\">\n<div class=\"wp-block-button\"><a class=\"wp-block-button__link wp-element-button\" href=\"\/en?page_id=59846\" target=\"_blank\" rel=\"noreferrer noopener\">Mehr lesen<\/a><\/div>\n<\/div>\n<\/div><\/div>\n<\/div>\n<\/div>\n","protected":false},"excerpt":{"rendered":"<p>Tragbare Robotik\/Exoskelette mit verbesserter Ergonomie Comaus neue MATE-Familie tragbare Robotik zielt darauf ab, das menschliche Potenzial zu steigern, indem sie \u00fcberm\u00e4\u00dfige k\u00f6rperliche Belastungen w\u00e4hrend der Arbeit reduziert und t\u00e4gliche Aktivit\u00e4ten vereinfacht und ma\u00dfgeschneiderte und effektive Exoskelett-L\u00f6sungen bietet. Die MATE-Exoskelette reduzieren kontinuierlich die Muskelaktivierung im Lenden- oder Schulterbereich w\u00e4hrend \u00dcberkopfarbeiten und beim manuellen Heben von Gewichten. [&hellip;]<\/p>\n","protected":false},"author":21,"featured_media":64393,"parent":65270,"menu_order":2,"comment_status":"closed","ping_status":"closed","template":"","meta":{"_acf_changed":false,"ep_exclude_from_search":false,"footnotes":""},"class_list":["post-59926","page","type-page","status-publish","has-post-thumbnail","hentry"],"acf":[],"yoast_head":"<!-- This site is optimized with the Yoast SEO plugin v26.9 - https:\/\/yoast.com\/product\/yoast-seo-wordpress\/ -->\n<title>Tragbare Robotik | Exoskelette | Roboteranz\u00fcge | Comau<\/title>\n<meta name=\"description\" content=\"Entdecken Sie, wie die innovativen Exoskelette von Comau; verbessern Sie Sicherheit und Produktivit\u00e4t mit tragbare Robotik.\" \/>\n<meta name=\"robots\" content=\"index, follow, max-snippet:-1, max-image-preview:large, max-video-preview:-1\" \/>\n<link rel=\"canonical\" href=\"https:\/\/www.comau.com\/de\/competencies\/products-solutions\/wearable-robotics-exoskeletons\/\" \/>\n<meta property=\"og:locale\" content=\"de_DE\" \/>\n<meta property=\"og:type\" content=\"article\" \/>\n<meta property=\"og:title\" content=\"Tragbare Robotik | Exoskelette | Roboteranz\u00fcge | Comau\" \/>\n<meta property=\"og:description\" content=\"Entdecken Sie, wie die innovativen Exoskelette von Comau; verbessern Sie Sicherheit und Produktivit\u00e4t mit tragbare Robotik.\" \/>\n<meta property=\"og:url\" content=\"https:\/\/www.comau.com\/de\/competencies\/products-solutions\/wearable-robotics-exoskeletons\/\" \/>\n<meta property=\"og:site_name\" content=\"Comau\" \/>\n<meta property=\"article:publisher\" content=\"https:\/\/www.facebook.com\/COMAU\/\" \/>\n<meta property=\"article:modified_time\" content=\"2026-04-02T21:57:35+00:00\" \/>\n<meta property=\"og:image\" content=\"https:\/\/www.comau.com\/wp-content\/uploads\/2024\/06\/Hero-Mate@2x@2x-scaled.webp\" \/>\n\t<meta property=\"og:image:width\" content=\"2560\" \/>\n\t<meta property=\"og:image:height\" content=\"795\" \/>\n\t<meta property=\"og:image:type\" content=\"image\/webp\" \/>\n<meta name=\"twitter:card\" content=\"summary_large_image\" \/>\n<meta name=\"twitter:site\" content=\"@comaugroup\" \/>\n<meta name=\"twitter:label1\" content=\"Gesch\u00e4tzte Lesezeit\" \/>\n\t<meta name=\"twitter:data1\" content=\"3\u00a0Minuten\" \/>\n<script type=\"application\/ld+json\" class=\"yoast-schema-graph\">{\"@context\":\"https:\/\/schema.org\",\"@graph\":[{\"@type\":\"WebPage\",\"@id\":\"https:\/\/www.comau.com\/de\/competencies\/products-solutions\/wearable-robotics-exoskeletons\/\",\"url\":\"https:\/\/www.comau.com\/de\/competencies\/products-solutions\/wearable-robotics-exoskeletons\/\",\"name\":\"Tragbare Robotik | Exoskelette | Roboteranz\u00fcge | Comau\",\"isPartOf\":{\"@id\":\"https:\/\/www.comau.com\/de\/#website\"},\"primaryImageOfPage\":{\"@id\":\"https:\/\/www.comau.com\/de\/competencies\/products-solutions\/wearable-robotics-exoskeletons\/#primaryimage\"},\"image\":{\"@id\":\"https:\/\/www.comau.com\/de\/competencies\/products-solutions\/wearable-robotics-exoskeletons\/#primaryimage\"},\"thumbnailUrl\":\"https:\/\/www.comau.com\/wp-content\/uploads\/2024\/06\/Hero-Mate@2x@2x-scaled.webp\",\"datePublished\":\"2024-02-05T13:56:46+00:00\",\"dateModified\":\"2026-04-02T21:57:35+00:00\",\"description\":\"Entdecken Sie, wie die innovativen Exoskelette von Comau; verbessern Sie Sicherheit und Produktivit\u00e4t mit tragbare Robotik.\",\"breadcrumb\":{\"@id\":\"https:\/\/www.comau.com\/de\/competencies\/products-solutions\/wearable-robotics-exoskeletons\/#breadcrumb\"},\"inLanguage\":\"de\",\"potentialAction\":[{\"@type\":\"ReadAction\",\"target\":[\"https:\/\/www.comau.com\/de\/competencies\/products-solutions\/wearable-robotics-exoskeletons\/\"]}]},{\"@type\":\"ImageObject\",\"inLanguage\":\"de\",\"@id\":\"https:\/\/www.comau.com\/de\/competencies\/products-solutions\/wearable-robotics-exoskeletons\/#primaryimage\",\"url\":\"https:\/\/www.comau.com\/wp-content\/uploads\/2024\/06\/Hero-Mate@2x@2x-scaled.webp\",\"contentUrl\":\"https:\/\/www.comau.com\/wp-content\/uploads\/2024\/06\/Hero-Mate@2x@2x-scaled.webp\",\"width\":2560,\"height\":795,\"caption\":\"Worker using robotic exoskeleton for overhead assembly\"},{\"@type\":\"BreadcrumbList\",\"@id\":\"https:\/\/www.comau.com\/de\/competencies\/products-solutions\/wearable-robotics-exoskeletons\/#breadcrumb\",\"itemListElement\":[{\"@type\":\"ListItem\",\"position\":1,\"name\":\"Home\",\"item\":\"https:\/\/www.comau.com\/de\/\"},{\"@type\":\"ListItem\",\"position\":2,\"name\":\"Unsere Kompetenzen\",\"item\":\"https:\/\/www.comau.com\/de\/competencies\/\"},{\"@type\":\"ListItem\",\"position\":3,\"name\":\"Produkte &amp; L\u00f6sungen\",\"item\":\"https:\/\/www.comau.com\/de\/competencies\/products-solutions\/\"},{\"@type\":\"ListItem\",\"position\":4,\"name\":\"Tragbare Robotik | Exoskelette\"}]},{\"@type\":\"WebSite\",\"@id\":\"https:\/\/www.comau.com\/de\/#website\",\"url\":\"https:\/\/www.comau.com\/de\/\",\"name\":\"Comau\",\"description\":\"Industrial automation and robotics\",\"publisher\":{\"@id\":\"https:\/\/www.comau.com\/de\/#organization\"},\"potentialAction\":[{\"@type\":\"SearchAction\",\"target\":{\"@type\":\"EntryPoint\",\"urlTemplate\":\"https:\/\/www.comau.com\/de\/?s={search_term_string}\"},\"query-input\":{\"@type\":\"PropertyValueSpecification\",\"valueRequired\":true,\"valueName\":\"search_term_string\"}}],\"inLanguage\":\"de\"},{\"@type\":\"Organization\",\"@id\":\"https:\/\/www.comau.com\/de\/#organization\",\"name\":\"Comau\",\"url\":\"https:\/\/www.comau.com\/de\/\",\"logo\":{\"@type\":\"ImageObject\",\"inLanguage\":\"de\",\"@id\":\"https:\/\/www.comau.com\/de\/#\/schema\/logo\/image\/\",\"url\":\"https:\/\/www.comau.com\/wp-content\/uploads\/2024\/07\/cropped-Logo-COMAU.png\",\"contentUrl\":\"https:\/\/www.comau.com\/wp-content\/uploads\/2024\/07\/cropped-Logo-COMAU.png\",\"width\":434,\"height\":434,\"caption\":\"Comau\"},\"image\":{\"@id\":\"https:\/\/www.comau.com\/de\/#\/schema\/logo\/image\/\"},\"sameAs\":[\"https:\/\/www.facebook.com\/COMAU\/\",\"https:\/\/x.com\/comaugroup\",\"https:\/\/www.instagram.com\/comaugroup\/\",\"https:\/\/www.linkedin.com\/company\/comau\",\"https:\/\/www.youtube.com\/user\/comau\"]}]}<\/script>\n<!-- \/ Yoast SEO plugin. -->","yoast_head_json":{"title":"Tragbare Robotik | Exoskelette | Roboteranz\u00fcge | Comau","description":"Entdecken Sie, wie die innovativen Exoskelette von Comau; verbessern Sie Sicherheit und Produktivit\u00e4t mit tragbare Robotik.","robots":{"index":"index","follow":"follow","max-snippet":"max-snippet:-1","max-image-preview":"max-image-preview:large","max-video-preview":"max-video-preview:-1"},"canonical":"https:\/\/www.comau.com\/de\/competencies\/products-solutions\/wearable-robotics-exoskeletons\/","og_locale":"de_DE","og_type":"article","og_title":"Tragbare Robotik | Exoskelette | Roboteranz\u00fcge | Comau","og_description":"Entdecken Sie, wie die innovativen Exoskelette von Comau; verbessern Sie Sicherheit und Produktivit\u00e4t mit tragbare Robotik.","og_url":"https:\/\/www.comau.com\/de\/competencies\/products-solutions\/wearable-robotics-exoskeletons\/","og_site_name":"Comau","article_publisher":"https:\/\/www.facebook.com\/COMAU\/","article_modified_time":"2026-04-02T21:57:35+00:00","og_image":[{"width":2560,"height":795,"url":"https:\/\/www.comau.com\/wp-content\/uploads\/2024\/06\/Hero-Mate@2x@2x-scaled.webp","type":"image\/webp"}],"twitter_card":"summary_large_image","twitter_site":"@comaugroup","twitter_misc":{"Gesch\u00e4tzte Lesezeit":"3\u00a0Minuten"},"schema":{"@context":"https:\/\/schema.org","@graph":[{"@type":"WebPage","@id":"https:\/\/www.comau.com\/de\/competencies\/products-solutions\/wearable-robotics-exoskeletons\/","url":"https:\/\/www.comau.com\/de\/competencies\/products-solutions\/wearable-robotics-exoskeletons\/","name":"Tragbare Robotik | Exoskelette | Roboteranz\u00fcge | Comau","isPartOf":{"@id":"https:\/\/www.comau.com\/de\/#website"},"primaryImageOfPage":{"@id":"https:\/\/www.comau.com\/de\/competencies\/products-solutions\/wearable-robotics-exoskeletons\/#primaryimage"},"image":{"@id":"https:\/\/www.comau.com\/de\/competencies\/products-solutions\/wearable-robotics-exoskeletons\/#primaryimage"},"thumbnailUrl":"https:\/\/www.comau.com\/wp-content\/uploads\/2024\/06\/Hero-Mate@2x@2x-scaled.webp","datePublished":"2024-02-05T13:56:46+00:00","dateModified":"2026-04-02T21:57:35+00:00","description":"Entdecken Sie, wie die innovativen Exoskelette von Comau; verbessern Sie Sicherheit und Produktivit\u00e4t mit tragbare Robotik.","breadcrumb":{"@id":"https:\/\/www.comau.com\/de\/competencies\/products-solutions\/wearable-robotics-exoskeletons\/#breadcrumb"},"inLanguage":"de","potentialAction":[{"@type":"ReadAction","target":["https:\/\/www.comau.com\/de\/competencies\/products-solutions\/wearable-robotics-exoskeletons\/"]}]},{"@type":"ImageObject","inLanguage":"de","@id":"https:\/\/www.comau.com\/de\/competencies\/products-solutions\/wearable-robotics-exoskeletons\/#primaryimage","url":"https:\/\/www.comau.com\/wp-content\/uploads\/2024\/06\/Hero-Mate@2x@2x-scaled.webp","contentUrl":"https:\/\/www.comau.com\/wp-content\/uploads\/2024\/06\/Hero-Mate@2x@2x-scaled.webp","width":2560,"height":795,"caption":"Worker using robotic exoskeleton for overhead assembly"},{"@type":"BreadcrumbList","@id":"https:\/\/www.comau.com\/de\/competencies\/products-solutions\/wearable-robotics-exoskeletons\/#breadcrumb","itemListElement":[{"@type":"ListItem","position":1,"name":"Home","item":"https:\/\/www.comau.com\/de\/"},{"@type":"ListItem","position":2,"name":"Unsere Kompetenzen","item":"https:\/\/www.comau.com\/de\/competencies\/"},{"@type":"ListItem","position":3,"name":"Produkte &amp; L\u00f6sungen","item":"https:\/\/www.comau.com\/de\/competencies\/products-solutions\/"},{"@type":"ListItem","position":4,"name":"Tragbare Robotik | Exoskelette"}]},{"@type":"WebSite","@id":"https:\/\/www.comau.com\/de\/#website","url":"https:\/\/www.comau.com\/de\/","name":"Comau","description":"Industrial automation and robotics","publisher":{"@id":"https:\/\/www.comau.com\/de\/#organization"},"potentialAction":[{"@type":"SearchAction","target":{"@type":"EntryPoint","urlTemplate":"https:\/\/www.comau.com\/de\/?s={search_term_string}"},"query-input":{"@type":"PropertyValueSpecification","valueRequired":true,"valueName":"search_term_string"}}],"inLanguage":"de"},{"@type":"Organization","@id":"https:\/\/www.comau.com\/de\/#organization","name":"Comau","url":"https:\/\/www.comau.com\/de\/","logo":{"@type":"ImageObject","inLanguage":"de","@id":"https:\/\/www.comau.com\/de\/#\/schema\/logo\/image\/","url":"https:\/\/www.comau.com\/wp-content\/uploads\/2024\/07\/cropped-Logo-COMAU.png","contentUrl":"https:\/\/www.comau.com\/wp-content\/uploads\/2024\/07\/cropped-Logo-COMAU.png","width":434,"height":434,"caption":"Comau"},"image":{"@id":"https:\/\/www.comau.com\/de\/#\/schema\/logo\/image\/"},"sameAs":["https:\/\/www.facebook.com\/COMAU\/","https:\/\/x.com\/comaugroup","https:\/\/www.instagram.com\/comaugroup\/","https:\/\/www.linkedin.com\/company\/comau","https:\/\/www.youtube.com\/user\/comau"]}]}},"_links":{"self":[{"href":"https:\/\/www.comau.com\/de\/wp-json\/wp\/v2\/pages\/59926","targetHints":{"allow":["GET"]}}],"collection":[{"href":"https:\/\/www.comau.com\/de\/wp-json\/wp\/v2\/pages"}],"about":[{"href":"https:\/\/www.comau.com\/de\/wp-json\/wp\/v2\/types\/page"}],"author":[{"embeddable":true,"href":"https:\/\/www.comau.com\/de\/wp-json\/wp\/v2\/users\/21"}],"replies":[{"embeddable":true,"href":"https:\/\/www.comau.com\/de\/wp-json\/wp\/v2\/comments?post=59926"}],"version-history":[{"count":4,"href":"https:\/\/www.comau.com\/de\/wp-json\/wp\/v2\/pages\/59926\/revisions"}],"predecessor-version":[{"id":86911,"href":"https:\/\/www.comau.com\/de\/wp-json\/wp\/v2\/pages\/59926\/revisions\/86911"}],"up":[{"embeddable":true,"href":"https:\/\/www.comau.com\/de\/wp-json\/wp\/v2\/pages\/65270"}],"wp:featuredmedia":[{"embeddable":true,"href":"https:\/\/www.comau.com\/de\/wp-json\/wp\/v2\/media\/64393"}],"wp:attachment":[{"href":"https:\/\/www.comau.com\/de\/wp-json\/wp\/v2\/media?parent=59926"}],"curies":[{"name":"wp","href":"https:\/\/api.w.org\/{rel}","templated":true}]}}