{"id":5977,"date":"2021-07-01T01:03:47","date_gmt":"2021-06-30T23:03:47","guid":{"rendered":"https:\/\/www.comau.com\/?page_id=5977"},"modified":"2023-05-17T00:06:48","modified_gmt":"2023-05-16T22:06:48","slug":"controls-auxiliary-equipment","status":"publish","type":"page","link":"https:\/\/www.comau.com\/de\/competencies\/products-solutions\/controls-auxiliary-equipment\/","title":{"rendered":"Steuerung und Zusatzausr\u00fcstung"},"content":{"rendered":"\n<h2 class=\"wp-block-heading\">Controls<\/h2>\n\n\n\n<div class=\"wp-block-columns is-layout-flex wp-container-core-columns-is-layout-9d6595d7 wp-block-columns-is-layout-flex\">\n<div class=\"wp-block-column is-layout-flow wp-block-column-is-layout-flow\">\n<div class=\"wp-block-getwid-image-box has-text-left has-mobile-layout-default has-mobile-alignment-default\"><div class=\"wp-block-getwid-image-box__image-container is-position-top\"><a href=\"https:\/\/www.comau.com\/de\/competencies\/products-solutions\/controls-auxiliary-equipment\/c5g\/\" class=\"wp-block-getwid-image-box__image-wrapper\"><img decoding=\"async\" width=\"1280\" height=\"485\" src=\"https:\/\/www.comau.com\/wp-content\/uploads\/2021\/06\/controls_header.jpg\" alt=\"\" class=\"wp-block-getwid-image-box__image wp-image-6014\" srcset=\"https:\/\/www.comau.com\/wp-content\/uploads\/2021\/06\/controls_header.jpg 1280w, https:\/\/www.comau.com\/wp-content\/uploads\/2021\/06\/controls_header-300x114.jpg 300w, https:\/\/www.comau.com\/wp-content\/uploads\/2021\/06\/controls_header-1024x388.jpg 1024w, https:\/\/www.comau.com\/wp-content\/uploads\/2021\/06\/controls_header-768x291.jpg 768w\" sizes=\"(max-width: 1280px) 100vw, 1280px\" \/><\/a><\/div><div class=\"wp-block-getwid-image-box__content\">\n\n<h3 class=\"wp-block-heading\">C5G<\/h3>\n\n\n<p><\/p>\n\n<\/div><\/div>\n<\/div>\n\n\n\n<div class=\"wp-block-column is-layout-flow wp-block-column-is-layout-flow\">\n<div class=\"wp-block-getwid-image-box has-text-left has-mobile-layout-default has-mobile-alignment-default\"><div class=\"wp-block-getwid-image-box__image-container is-position-top\"><a href=\"https:\/\/www.comau.com\/de\/competencies\/products-solutions\/controls-auxiliary-equipment\/r1c\/\" class=\"wp-block-getwid-image-box__image-wrapper\"><img decoding=\"async\" width=\"1280\" height=\"485\" src=\"https:\/\/www.comau.com\/wp-content\/uploads\/2021\/06\/R1C_header.jpg\" alt=\"\" class=\"wp-block-getwid-image-box__image wp-image-6015\" srcset=\"https:\/\/www.comau.com\/wp-content\/uploads\/2021\/06\/R1C_header.jpg 1280w, https:\/\/www.comau.com\/wp-content\/uploads\/2021\/06\/R1C_header-300x114.jpg 300w, https:\/\/www.comau.com\/wp-content\/uploads\/2021\/06\/R1C_header-1024x388.jpg 1024w, https:\/\/www.comau.com\/wp-content\/uploads\/2021\/06\/R1C_header-768x291.jpg 768w\" sizes=\"(max-width: 1280px) 100vw, 1280px\" \/><\/a><\/div><div class=\"wp-block-getwid-image-box__content\">\n\n<h3 class=\"wp-block-heading\">R1C<\/h3>\n\n\n<p><\/p>\n\n<\/div><\/div>\n<\/div>\n\n\n\n<div class=\"wp-block-column is-layout-flow wp-block-column-is-layout-flow\">\n<div class=\"wp-block-getwid-image-box has-text-left has-mobile-layout-default has-mobile-alignment-default\"><div class=\"wp-block-getwid-image-box__image-container is-position-top\"><a href=\"https:\/\/www.comau.com\/de\/competencies\/products-solutions\/controls-auxiliary-equipment\/r1c-4\/\" class=\"wp-block-getwid-image-box__image-wrapper\"><img decoding=\"async\" width=\"1280\" height=\"485\" src=\"https:\/\/www.comau.com\/wp-content\/uploads\/2021\/06\/R1C_header.jpg\" alt=\"\" class=\"wp-block-getwid-image-box__image wp-image-6015\" srcset=\"https:\/\/www.comau.com\/wp-content\/uploads\/2021\/06\/R1C_header.jpg 1280w, https:\/\/www.comau.com\/wp-content\/uploads\/2021\/06\/R1C_header-300x114.jpg 300w, https:\/\/www.comau.com\/wp-content\/uploads\/2021\/06\/R1C_header-1024x388.jpg 1024w, https:\/\/www.comau.com\/wp-content\/uploads\/2021\/06\/R1C_header-768x291.jpg 768w\" sizes=\"(max-width: 1280px) 100vw, 1280px\" \/><\/a><\/div><div class=\"wp-block-getwid-image-box__content\">\n\n<h3 class=\"wp-block-heading\">R1C-4<\/h3>\n\n\n<p><\/p>\n\n<\/div><\/div>\n<\/div>\n\n\n\n<div class=\"wp-block-column is-layout-flow wp-block-column-is-layout-flow\">\n<div class=\"wp-block-getwid-image-box has-text-left has-mobile-layout-default has-mobile-alignment-default\"><div class=\"wp-block-getwid-image-box__image-container is-position-top\"><a href=\"https:\/\/www.comau.com\/de\/competencies\/products-solutions\/controls-auxiliary-equipment\/teach-pendant\/\" class=\"wp-block-getwid-image-box__image-wrapper\"><img decoding=\"async\" width=\"1280\" height=\"485\" src=\"https:\/\/www.comau.com\/wp-content\/uploads\/2021\/06\/tech-pendant_header.jpg\" alt=\"\" class=\"wp-block-getwid-image-box__image wp-image-6016\" srcset=\"https:\/\/www.comau.com\/wp-content\/uploads\/2021\/06\/tech-pendant_header.jpg 1280w, https:\/\/www.comau.com\/wp-content\/uploads\/2021\/06\/tech-pendant_header-300x114.jpg 300w, https:\/\/www.comau.com\/wp-content\/uploads\/2021\/06\/tech-pendant_header-1024x388.jpg 1024w, https:\/\/www.comau.com\/wp-content\/uploads\/2021\/06\/tech-pendant_header-768x291.jpg 768w\" sizes=\"(max-width: 1280px) 100vw, 1280px\" \/><\/a><\/div><div class=\"wp-block-getwid-image-box__content\">\n\n<h3 class=\"wp-block-heading\">TP5<\/h3>\n\n\n<p><\/p>\n\n<\/div><\/div>\n<\/div>\n<\/div>\n\n\n\n<h2 class=\"wp-block-heading\">Zusatzausr\u00fcstung<\/h2>\n\n\n\n<div class=\"wp-block-columns is-layout-flex wp-container-core-columns-is-layout-9d6595d7 wp-block-columns-is-layout-flex\">\n<div class=\"wp-block-column is-layout-flow wp-block-column-is-layout-flow\">\n<div class=\"wp-block-getwid-image-box has-text-left has-mobile-layout-default has-mobile-alignment-default\"><div class=\"wp-block-getwid-image-box__image-container is-position-top\"><div class=\"wp-block-getwid-image-box__image-wrapper\"><img decoding=\"async\" width=\"392\" height=\"181\" src=\"https:\/\/www.comau.com\/wp-content\/uploads\/2021\/06\/positioners.jpg\" alt=\"\" class=\"wp-block-getwid-image-box__image wp-image-6017\" srcset=\"https:\/\/www.comau.com\/wp-content\/uploads\/2021\/06\/positioners.jpg 392w, https:\/\/www.comau.com\/wp-content\/uploads\/2021\/06\/positioners-300x139.jpg 300w\" sizes=\"(max-width: 392px) 100vw, 392px\" \/><\/div><\/div><div class=\"wp-block-getwid-image-box__content\">\n\n<h3 class=\"wp-block-heading\">Positionierer<\/h3>\n\n\n<p>Integrierte Positionierer werden direkt von der Steuereinheit kontrolliert und erm\u00f6glichen es dem Roboter, das Anwendungsverfahren f\u00fcr jede Komponente ungeachtet von Gr\u00f6\u00dfe und Form zu maximieren.<\/p>\n\n<\/div><\/div>\n<\/div>\n\n\n\n<div class=\"wp-block-column is-layout-flow wp-block-column-is-layout-flow\">\n<div class=\"wp-block-getwid-image-box has-text-left has-mobile-layout-default has-mobile-alignment-default\"><div class=\"wp-block-getwid-image-box__image-container is-position-top\"><div class=\"wp-block-getwid-image-box__image-wrapper\"><img decoding=\"async\" width=\"392\" height=\"181\" src=\"https:\/\/www.comau.com\/wp-content\/uploads\/2021\/06\/slides.jpg\" alt=\"\" class=\"wp-block-getwid-image-box__image wp-image-6018\" srcset=\"https:\/\/www.comau.com\/wp-content\/uploads\/2021\/06\/slides.jpg 392w, https:\/\/www.comau.com\/wp-content\/uploads\/2021\/06\/slides-300x139.jpg 300w\" sizes=\"(max-width: 392px) 100vw, 392px\" \/><\/div><\/div><div class=\"wp-block-getwid-image-box__content\">\n\n<h3 class=\"wp-block-heading\">Verfahrachsen<\/h3>\n\n\n<p>Schnelle und pr\u00e4zise Verfahrachsen, die mit der C5G-Robotersteuerung perfekt kontrolliert werden und f\u00fcr maximale Flexibilit\u00e4t sorgen, indem sie den Operationsbereich des Roboters erweitern.<\/p>\n\n<\/div><\/div>\n<\/div>\n\n\n\n<div class=\"wp-block-column is-layout-flow wp-block-column-is-layout-flow\">\n<div class=\"wp-block-getwid-image-box has-text-left has-mobile-layout-default has-mobile-alignment-default\"><div class=\"wp-block-getwid-image-box__image-container is-position-top\"><div class=\"wp-block-getwid-image-box__image-wrapper\"><img decoding=\"async\" width=\"392\" height=\"181\" src=\"https:\/\/www.comau.com\/wp-content\/uploads\/2021\/06\/external-axis.jpg\" alt=\"\" class=\"wp-block-getwid-image-box__image wp-image-6019\" srcset=\"https:\/\/www.comau.com\/wp-content\/uploads\/2021\/06\/external-axis.jpg 392w, https:\/\/www.comau.com\/wp-content\/uploads\/2021\/06\/external-axis-300x139.jpg 300w\" sizes=\"(max-width: 392px) 100vw, 392px\" \/><\/div><\/div><div class=\"wp-block-getwid-image-box__content\">\n\n<h3 class=\"wp-block-heading\">Externe Achse<\/h3>\n\n\n<p>Als L\u00f6sung f\u00fcr unterschiedlichste Automatisierungsanforderungen ist eine ganze Reihe externer Achsen mit Motoren von 0,75 Nm bis 33 Nm verf\u00fcgbar, die sich nahtlos in die C5G-Steuerung integrieren l\u00e4sst.<\/p>\n\n<\/div><\/div>\n<\/div>\n<\/div>\n","protected":false},"excerpt":{"rendered":"<p>Controls Zusatzausr\u00fcstung<\/p>\n","protected":false},"author":11,"featured_media":6008,"parent":65270,"menu_order":3,"comment_status":"closed","ping_status":"closed","template":"","meta":{"_acf_changed":false,"ep_exclude_from_search":false,"footnotes":""},"class_list":["post-5977","page","type-page","status-publish","has-post-thumbnail","hentry"],"acf":[],"yoast_head":"<!-- This site is optimized with the Yoast SEO plugin v26.9 - https:\/\/yoast.com\/product\/yoast-seo-wordpress\/ -->\n<title>Steuerung und Zusatzausr\u00fcstung | Comau<\/title>\n<meta name=\"description\" content=\"Entdecken Sie Robotersteuerung, Stellungsregler, Slides und externe Achsen von Comau f\u00fcr Ihr Unternehmen.\" \/>\n<meta name=\"robots\" content=\"index, follow, max-snippet:-1, max-image-preview:large, max-video-preview:-1\" \/>\n<link rel=\"canonical\" href=\"https:\/\/www.comau.com\/de\/competencies\/products-solutions\/controls-auxiliary-equipment\/\" \/>\n<meta property=\"og:locale\" content=\"de_DE\" \/>\n<meta property=\"og:type\" content=\"article\" \/>\n<meta property=\"og:title\" content=\"Steuerung und Zusatzausr\u00fcstung | Comau\" \/>\n<meta property=\"og:description\" content=\"Entdecken Sie Robotersteuerung, Stellungsregler, Slides und externe Achsen von Comau f\u00fcr Ihr Unternehmen.\" \/>\n<meta property=\"og:url\" content=\"https:\/\/www.comau.com\/de\/competencies\/products-solutions\/controls-auxiliary-equipment\/\" \/>\n<meta property=\"og:site_name\" content=\"Comau\" \/>\n<meta property=\"article:publisher\" content=\"https:\/\/www.facebook.com\/COMAU\/\" \/>\n<meta property=\"article:modified_time\" content=\"2023-05-16T22:06:48+00:00\" \/>\n<meta property=\"og:image\" content=\"https:\/\/www.comau.com\/wp-content\/uploads\/2021\/06\/Header_controls.jpg\" \/>\n\t<meta property=\"og:image:width\" content=\"1280\" \/>\n\t<meta property=\"og:image:height\" content=\"485\" \/>\n\t<meta property=\"og:image:type\" content=\"image\/jpeg\" \/>\n<meta name=\"twitter:card\" content=\"summary_large_image\" \/>\n<meta name=\"twitter:site\" content=\"@comaugroup\" \/>\n<meta name=\"twitter:label1\" content=\"Gesch\u00e4tzte Lesezeit\" \/>\n\t<meta name=\"twitter:data1\" content=\"2\u00a0Minuten\" \/>\n<script type=\"application\/ld+json\" class=\"yoast-schema-graph\">{\"@context\":\"https:\/\/schema.org\",\"@graph\":[{\"@type\":\"WebPage\",\"@id\":\"https:\/\/www.comau.com\/de\/competencies\/products-solutions\/controls-auxiliary-equipment\/\",\"url\":\"https:\/\/www.comau.com\/de\/competencies\/products-solutions\/controls-auxiliary-equipment\/\",\"name\":\"Steuerung und Zusatzausr\u00fcstung | Comau\",\"isPartOf\":{\"@id\":\"https:\/\/www.comau.com\/de\/#website\"},\"primaryImageOfPage\":{\"@id\":\"https:\/\/www.comau.com\/de\/competencies\/products-solutions\/controls-auxiliary-equipment\/#primaryimage\"},\"image\":{\"@id\":\"https:\/\/www.comau.com\/de\/competencies\/products-solutions\/controls-auxiliary-equipment\/#primaryimage\"},\"thumbnailUrl\":\"https:\/\/www.comau.com\/wp-content\/uploads\/2021\/06\/Header_controls.jpg\",\"datePublished\":\"2021-06-30T23:03:47+00:00\",\"dateModified\":\"2023-05-16T22:06:48+00:00\",\"description\":\"Entdecken Sie Robotersteuerung, Stellungsregler, Slides und externe Achsen von Comau f\u00fcr Ihr Unternehmen.\",\"breadcrumb\":{\"@id\":\"https:\/\/www.comau.com\/de\/competencies\/products-solutions\/controls-auxiliary-equipment\/#breadcrumb\"},\"inLanguage\":\"de\",\"potentialAction\":[{\"@type\":\"ReadAction\",\"target\":[\"https:\/\/www.comau.com\/de\/competencies\/products-solutions\/controls-auxiliary-equipment\/\"]}]},{\"@type\":\"ImageObject\",\"inLanguage\":\"de\",\"@id\":\"https:\/\/www.comau.com\/de\/competencies\/products-solutions\/controls-auxiliary-equipment\/#primaryimage\",\"url\":\"https:\/\/www.comau.com\/wp-content\/uploads\/2021\/06\/Header_controls.jpg\",\"contentUrl\":\"https:\/\/www.comau.com\/wp-content\/uploads\/2021\/06\/Header_controls.jpg\",\"width\":1280,\"height\":485},{\"@type\":\"BreadcrumbList\",\"@id\":\"https:\/\/www.comau.com\/de\/competencies\/products-solutions\/controls-auxiliary-equipment\/#breadcrumb\",\"itemListElement\":[{\"@type\":\"ListItem\",\"position\":1,\"name\":\"Home\",\"item\":\"https:\/\/www.comau.com\/de\/\"},{\"@type\":\"ListItem\",\"position\":2,\"name\":\"Unsere Kompetenzen\",\"item\":\"https:\/\/www.comau.com\/de\/competencies\/\"},{\"@type\":\"ListItem\",\"position\":3,\"name\":\"Robotics &amp; Automation\",\"item\":\"https:\/\/www.comau.com\/de\/competencies\/robotics-automation\/\"},{\"@type\":\"ListItem\",\"position\":4,\"name\":\"Steuerung und Zusatzausr\u00fcstung\"}]},{\"@type\":\"WebSite\",\"@id\":\"https:\/\/www.comau.com\/de\/#website\",\"url\":\"https:\/\/www.comau.com\/de\/\",\"name\":\"Comau\",\"description\":\"Industrial automation and robotics\",\"publisher\":{\"@id\":\"https:\/\/www.comau.com\/de\/#organization\"},\"potentialAction\":[{\"@type\":\"SearchAction\",\"target\":{\"@type\":\"EntryPoint\",\"urlTemplate\":\"https:\/\/www.comau.com\/de\/?s={search_term_string}\"},\"query-input\":{\"@type\":\"PropertyValueSpecification\",\"valueRequired\":true,\"valueName\":\"search_term_string\"}}],\"inLanguage\":\"de\"},{\"@type\":\"Organization\",\"@id\":\"https:\/\/www.comau.com\/de\/#organization\",\"name\":\"Comau\",\"url\":\"https:\/\/www.comau.com\/de\/\",\"logo\":{\"@type\":\"ImageObject\",\"inLanguage\":\"de\",\"@id\":\"https:\/\/www.comau.com\/de\/#\/schema\/logo\/image\/\",\"url\":\"https:\/\/www.comau.com\/wp-content\/uploads\/2024\/07\/cropped-Logo-COMAU.png\",\"contentUrl\":\"https:\/\/www.comau.com\/wp-content\/uploads\/2024\/07\/cropped-Logo-COMAU.png\",\"width\":434,\"height\":434,\"caption\":\"Comau\"},\"image\":{\"@id\":\"https:\/\/www.comau.com\/de\/#\/schema\/logo\/image\/\"},\"sameAs\":[\"https:\/\/www.facebook.com\/COMAU\/\",\"https:\/\/x.com\/comaugroup\",\"https:\/\/www.instagram.com\/comaugroup\/\",\"https:\/\/www.linkedin.com\/company\/comau\",\"https:\/\/www.youtube.com\/user\/comau\"]}]}<\/script>\n<!-- \/ Yoast SEO plugin. -->","yoast_head_json":{"title":"Steuerung und Zusatzausr\u00fcstung | Comau","description":"Entdecken Sie Robotersteuerung, Stellungsregler, Slides und externe Achsen von Comau f\u00fcr Ihr Unternehmen.","robots":{"index":"index","follow":"follow","max-snippet":"max-snippet:-1","max-image-preview":"max-image-preview:large","max-video-preview":"max-video-preview:-1"},"canonical":"https:\/\/www.comau.com\/de\/competencies\/products-solutions\/controls-auxiliary-equipment\/","og_locale":"de_DE","og_type":"article","og_title":"Steuerung und Zusatzausr\u00fcstung | Comau","og_description":"Entdecken Sie Robotersteuerung, Stellungsregler, Slides und externe Achsen von Comau f\u00fcr Ihr Unternehmen.","og_url":"https:\/\/www.comau.com\/de\/competencies\/products-solutions\/controls-auxiliary-equipment\/","og_site_name":"Comau","article_publisher":"https:\/\/www.facebook.com\/COMAU\/","article_modified_time":"2023-05-16T22:06:48+00:00","og_image":[{"width":1280,"height":485,"url":"https:\/\/www.comau.com\/wp-content\/uploads\/2021\/06\/Header_controls.jpg","type":"image\/jpeg"}],"twitter_card":"summary_large_image","twitter_site":"@comaugroup","twitter_misc":{"Gesch\u00e4tzte Lesezeit":"2\u00a0Minuten"},"schema":{"@context":"https:\/\/schema.org","@graph":[{"@type":"WebPage","@id":"https:\/\/www.comau.com\/de\/competencies\/products-solutions\/controls-auxiliary-equipment\/","url":"https:\/\/www.comau.com\/de\/competencies\/products-solutions\/controls-auxiliary-equipment\/","name":"Steuerung und Zusatzausr\u00fcstung | Comau","isPartOf":{"@id":"https:\/\/www.comau.com\/de\/#website"},"primaryImageOfPage":{"@id":"https:\/\/www.comau.com\/de\/competencies\/products-solutions\/controls-auxiliary-equipment\/#primaryimage"},"image":{"@id":"https:\/\/www.comau.com\/de\/competencies\/products-solutions\/controls-auxiliary-equipment\/#primaryimage"},"thumbnailUrl":"https:\/\/www.comau.com\/wp-content\/uploads\/2021\/06\/Header_controls.jpg","datePublished":"2021-06-30T23:03:47+00:00","dateModified":"2023-05-16T22:06:48+00:00","description":"Entdecken Sie Robotersteuerung, Stellungsregler, Slides und externe Achsen von Comau f\u00fcr Ihr Unternehmen.","breadcrumb":{"@id":"https:\/\/www.comau.com\/de\/competencies\/products-solutions\/controls-auxiliary-equipment\/#breadcrumb"},"inLanguage":"de","potentialAction":[{"@type":"ReadAction","target":["https:\/\/www.comau.com\/de\/competencies\/products-solutions\/controls-auxiliary-equipment\/"]}]},{"@type":"ImageObject","inLanguage":"de","@id":"https:\/\/www.comau.com\/de\/competencies\/products-solutions\/controls-auxiliary-equipment\/#primaryimage","url":"https:\/\/www.comau.com\/wp-content\/uploads\/2021\/06\/Header_controls.jpg","contentUrl":"https:\/\/www.comau.com\/wp-content\/uploads\/2021\/06\/Header_controls.jpg","width":1280,"height":485},{"@type":"BreadcrumbList","@id":"https:\/\/www.comau.com\/de\/competencies\/products-solutions\/controls-auxiliary-equipment\/#breadcrumb","itemListElement":[{"@type":"ListItem","position":1,"name":"Home","item":"https:\/\/www.comau.com\/de\/"},{"@type":"ListItem","position":2,"name":"Unsere Kompetenzen","item":"https:\/\/www.comau.com\/de\/competencies\/"},{"@type":"ListItem","position":3,"name":"Robotics &amp; Automation","item":"https:\/\/www.comau.com\/de\/competencies\/robotics-automation\/"},{"@type":"ListItem","position":4,"name":"Steuerung und Zusatzausr\u00fcstung"}]},{"@type":"WebSite","@id":"https:\/\/www.comau.com\/de\/#website","url":"https:\/\/www.comau.com\/de\/","name":"Comau","description":"Industrial automation and robotics","publisher":{"@id":"https:\/\/www.comau.com\/de\/#organization"},"potentialAction":[{"@type":"SearchAction","target":{"@type":"EntryPoint","urlTemplate":"https:\/\/www.comau.com\/de\/?s={search_term_string}"},"query-input":{"@type":"PropertyValueSpecification","valueRequired":true,"valueName":"search_term_string"}}],"inLanguage":"de"},{"@type":"Organization","@id":"https:\/\/www.comau.com\/de\/#organization","name":"Comau","url":"https:\/\/www.comau.com\/de\/","logo":{"@type":"ImageObject","inLanguage":"de","@id":"https:\/\/www.comau.com\/de\/#\/schema\/logo\/image\/","url":"https:\/\/www.comau.com\/wp-content\/uploads\/2024\/07\/cropped-Logo-COMAU.png","contentUrl":"https:\/\/www.comau.com\/wp-content\/uploads\/2024\/07\/cropped-Logo-COMAU.png","width":434,"height":434,"caption":"Comau"},"image":{"@id":"https:\/\/www.comau.com\/de\/#\/schema\/logo\/image\/"},"sameAs":["https:\/\/www.facebook.com\/COMAU\/","https:\/\/x.com\/comaugroup","https:\/\/www.instagram.com\/comaugroup\/","https:\/\/www.linkedin.com\/company\/comau","https:\/\/www.youtube.com\/user\/comau"]}]}},"_links":{"self":[{"href":"https:\/\/www.comau.com\/de\/wp-json\/wp\/v2\/pages\/5977","targetHints":{"allow":["GET"]}}],"collection":[{"href":"https:\/\/www.comau.com\/de\/wp-json\/wp\/v2\/pages"}],"about":[{"href":"https:\/\/www.comau.com\/de\/wp-json\/wp\/v2\/types\/page"}],"author":[{"embeddable":true,"href":"https:\/\/www.comau.com\/de\/wp-json\/wp\/v2\/users\/11"}],"replies":[{"embeddable":true,"href":"https:\/\/www.comau.com\/de\/wp-json\/wp\/v2\/comments?post=5977"}],"version-history":[{"count":15,"href":"https:\/\/www.comau.com\/de\/wp-json\/wp\/v2\/pages\/5977\/revisions"}],"predecessor-version":[{"id":53244,"href":"https:\/\/www.comau.com\/de\/wp-json\/wp\/v2\/pages\/5977\/revisions\/53244"}],"up":[{"embeddable":true,"href":"https:\/\/www.comau.com\/de\/wp-json\/wp\/v2\/pages\/65270"}],"wp:featuredmedia":[{"embeddable":true,"href":"https:\/\/www.comau.com\/de\/wp-json\/wp\/v2\/media\/6008"}],"wp:attachment":[{"href":"https:\/\/www.comau.com\/de\/wp-json\/wp\/v2\/media?parent=5977"}],"curies":[{"name":"wp","href":"https:\/\/api.w.org\/{rel}","templated":true}]}}