{"id":5947,"date":"2021-07-01T00:02:15","date_gmt":"2021-06-30T22:02:15","guid":{"rendered":"https:\/\/www.comau.com\/?page_id=5947"},"modified":"2022-02-03T15:07:15","modified_gmt":"2022-02-03T14:07:15","slug":"power-system-products","status":"publish","type":"page","link":"https:\/\/www.comau.com\/de\/competencies\/products-solutions\/powertrain-machining\/power-system-products\/","title":{"rendered":"Stromversorgungssysteme &#038; Produkte"},"content":{"rendered":"\n<h2 class=\"wp-block-heading\" id=\"leistungsfahige-losungen-fur-herkommliche-und-e-mobilitatsanwendungen\">Leistungsf\u00e4hige L\u00f6sungen f\u00fcr herk\u00f6mmliche und E-Mobilit\u00e4tsanwendungen<\/h2>\n\n\n\n<p>Es ist nicht schwer zu verstehen, warum sich Unternehmen \u00fcberall auf der Welt f\u00fcr Comau als Alleinanbieter f\u00fcr alles entscheiden \u2013 von der Pilotanlage bis zur Gro\u00dfserienproduktion. <\/p>\n\n\n\n<p>Comau liefert zuverl\u00e4ssig standardbasierte Produkte und Technologien sowohl f\u00fcr herk\u00f6mmliche als auch f\u00fcr elektrische Energiesystemanwendungen, die vollst\u00e4ndige Modularit\u00e4t und skalierbare Flexibilit\u00e4t vereinen.<\/p>\n\n\n\n<ul class=\"wp-block-list\"><li>Modulare und skalierbare Montage- und Bearbeitungssysteme<\/li><li>Verfahrenstechnologien<\/li><li>Comau-Standardprodukte<\/li><li>Digitale L\u00f6sungen und Industrie 4.0-Architekturen <\/li><li>Integrierte Logistikl\u00f6sungen<\/li><\/ul>\n\n\n\n<div class=\"wp-block-getwid-toggle download-dropdown has-icon-left\">\n<div class=\"wp-block-getwid-toggle__row\"><div class=\"wp-block-getwid-toggle__header-wrapper\"><span class=\"wp-block-getwid-toggle__header\"><a href=\"#\"><span class=\"wp-block-getwid-toggle__header-title\">Download the brochure<\/span><span class=\"wp-block-getwid-toggle__icon is-active\"><i class=\"fas fa-plus\"><\/i><\/span><span class=\"wp-block-getwid-toggle__icon is-passive\"><i class=\"fas fa-minus\"><\/i><\/span><\/a><\/span><\/div><div class=\"wp-block-getwid-toggle__content-wrapper\"><div class=\"wp-block-getwid-toggle__content\">\n<div class=\"wp-block-getwid-button-group\"><div class=\"wp-block-getwid-button-group__wrapper\">\n<div class=\"wp-block-button\"><a class=\"wp-block-button__link\" href=\"https:\/\/www.comau.com\/wp-content\/uploads\/2021\/06\/COMAU_scheda_emobility.pdf\" target=\"_blank\" rel=\"noreferrer noopener\">COMAU scheda electrification<\/a><\/div>\n<\/div><\/div>\n<\/div><\/div><\/div>\n<\/div>\n\n\n\n<h2 class=\"wp-block-heading\" id=\"vollstandig-integriertes-angebot\">Vollst\u00e4ndig integriertes Angebot<\/h2>\n\n\n\n<div class=\"wp-block-columns columns-bg-dark is-layout-flex wp-container-core-columns-is-layout-9d6595d7 wp-block-columns-is-layout-flex\">\n<div class=\"wp-block-column is-layout-flow wp-block-column-is-layout-flow\">\n<h3 class=\"wp-block-heading\" id=\"verbrennungsmotor-und-getriebemontage\">Verbrennungsmotor- und Getriebemontage<\/h3>\n\n\n\n<p>Von Zylinderk\u00f6pfen bis zu Motoren und Getrieben \u2013 mit unseren hocheffizienten Montagelinien k\u00f6nnen Sie Ihre Produktionsleistung steigern.<\/p>\n\n\n\n<div class=\"wp-block-buttons is-layout-flex wp-block-buttons-is-layout-flex\">\n<div class=\"wp-block-button\"><a class=\"wp-block-button__link\" href=\"https:\/\/www.comau.com\/de\/competencies\/products-solutions\/powertrain-machining\/power-system-products\/internal-combustion-engine-assembly\/\">Weiterlesen<\/a><\/div>\n<\/div>\n<\/div>\n\n\n\n<div class=\"wp-block-column is-layout-flow wp-block-column-is-layout-flow\">\n<h3 class=\"wp-block-heading\" id=\"batteriemontage\">Batteriemontage<\/h3>\n\n\n\n<p>Unsere praxiserprobten Montagesysteme f\u00fcr Batteriepakete und -module sind so konzipiert, dass sie rasch von der Prozess- und Prototypenvalidierung zur vollst\u00e4ndigen Industrialisierung \u00fcbergehen k\u00f6nnen.<\/p>\n<\/div>\n<\/div>\n\n\n\n<div class=\"wp-block-columns columns-bg-dark is-layout-flex wp-container-core-columns-is-layout-9d6595d7 wp-block-columns-is-layout-flex\">\n<div class=\"wp-block-column is-layout-flow wp-block-column-is-layout-flow\">\n<h3 class=\"wp-block-heading\" id=\"montage-von-e-antrieben-und-antriebsstrangen\">Montage von E-Antrieben und -Antriebsstr\u00e4ngen<\/h3>\n\n\n\n<p>Wir liefern leistungsf\u00e4hige Montagesysteme f\u00fcr das gesamte Antriebssystem. Von der Montage von Rotoren und Statoren bis zu kompletten E-Motoren und E-Antriebssystemen.<\/p>\n\n\n\n<div class=\"wp-block-buttons is-layout-flex wp-block-buttons-is-layout-flex\">\n<div class=\"wp-block-button\"><a class=\"wp-block-button__link\" href=\"https:\/\/www.comau.com\/de\/competencies\/products-solutions\/powertrain-machining\/power-system-products\/e-drive-and-transmission-assembly\/\">Weiterlesen<\/a><\/div>\n<\/div>\n<\/div>\n\n\n\n<div class=\"wp-block-column is-layout-flow wp-block-column-is-layout-flow\">\n<h3 class=\"wp-block-heading\" id=\"motoren-und-getriebebearbeitung\">Motoren- und Getriebebearbeitung<\/h3>\n\n\n\n<p>Um Ihre Anforderungen bei der Motoren- und Getriebebearbeitung zu unterst\u00fctzen, sorgen unsere leistungsf\u00e4higen Systeme f\u00fcr dynamische Pr\u00e4zision, hohe Produktivit\u00e4t und gleichbleibende Genauigkeit.<\/p>\n\n\n\n<div class=\"wp-block-buttons is-layout-flex wp-block-buttons-is-layout-flex\">\n<div class=\"wp-block-button\"><a class=\"wp-block-button__link\" href=\"https:\/\/www.comau.com\/de\/competencies\/products-solutions\/machining-system-products\/\">Weiterlesen<\/a><\/div>\n<\/div>\n<\/div>\n<\/div>\n\n\n\n<p>\u200bWie man es auch betrachtet: Comau ist Ihr vertrauensvoller Partner, wenn es um die Energieerzeugung f\u00fcr Ihre Fahrzeuge geht.<\/p>\n\n\n\n<h2 class=\"wp-block-heading\" id=\"automatisierte-montage-leicht-gemacht\">Automatisierte Montage leicht gemacht<\/h2>\n\n\n\n<p>Wenn es darum geht, den Montageerfordernissen bei herk\u00f6mmlichen Motoren und E-Antriebssystemen zu entsprechen, bietet Comau zahlreiche M\u00f6glichkeiten an, wie Sie Ihren Produktionsfluss maximieren k\u00f6nnen. Unsere leistungsf\u00e4higen Montagemodule f\u00fcr Motoren, Batterien, Getriebe und Komponenten bieten Unternehmen jeder Gr\u00f6\u00dfenordnung die M\u00f6glichkeit, kosteng\u00fcnstige Fertigungsl\u00f6sungen einzusetzen, mit denen sich der gesamte Montageprozess in weniger als einer Minute vervollst\u00e4ndigen l\u00e4sst. Au\u00dferdem k\u00f6nnen sie problemlos neu konfiguriert werden, um in nur wenigen Tagen ein anderes Teil oder eine andere Art von Getriebe zu montieren. Damit bieten sie die erforderliche hohe Flexibilit\u00e4t, um in einem sich entwickelnden Markt wettbewerbsf\u00e4hig zu bleiben.<\/p>\n\n\n\n<h2 class=\"wp-block-heading\" id=\"montagezentren\">Montagezentren<\/h2>\n\n\n\n<p>\u200bOb manuelle, halbautomatische oder vollautomatische Montagesysteme \u2013 vertrauen Sie auf Comau, um Pr\u00e4zision und Genauigkeit zu einer t\u00e4glichen Garantie zu machen.<\/p>\n\n\n\n<div class=\"wp-block-columns is-layout-flex wp-container-core-columns-is-layout-9d6595d7 wp-block-columns-is-layout-flex\">\n<div class=\"wp-block-column is-layout-flow wp-block-column-is-layout-flow\">\n<div class=\"wp-block-getwid-image-box has-text-left has-mobile-layout-default has-mobile-alignment-default\"><div class=\"wp-block-getwid-image-box__image-container is-position-top\"><a href=\"https:\/\/www.comau.com\/de\/competencies\/products-solutions\/powertrain-machining\/power-system-products\/smartcellcomau\/\" class=\"wp-block-getwid-image-box__image-wrapper\"><img decoding=\"async\" width=\"1280\" height=\"485\" src=\"https:\/\/www.comau.com\/wp-content\/uploads\/2021\/06\/smartcellcomau_header.jpg\" alt=\"\" class=\"wp-block-getwid-image-box__image wp-image-709\" srcset=\"https:\/\/www.comau.com\/wp-content\/uploads\/2021\/06\/smartcellcomau_header.jpg 1280w, https:\/\/www.comau.com\/wp-content\/uploads\/2021\/06\/smartcellcomau_header-300x114.jpg 300w, https:\/\/www.comau.com\/wp-content\/uploads\/2021\/06\/smartcellcomau_header-1024x388.jpg 1024w, https:\/\/www.comau.com\/wp-content\/uploads\/2021\/06\/smartcellcomau_header-768x291.jpg 768w\" sizes=\"(max-width: 1280px) 100vw, 1280px\" \/><\/a><\/div><div class=\"wp-block-getwid-image-box__content\">\n<h3 class=\"wp-block-heading\">SmartCellComau<\/h3>\n\n\n\n<p>Eine parallele Montagestation f\u00fcr die automatisierte Montage von Komponenten, die nur geringe Toleranzen zulassen<\/p>\n<\/div><\/div>\n<\/div>\n\n\n\n<div class=\"wp-block-column is-layout-flow wp-block-column-is-layout-flow\">\n<div class=\"wp-block-getwid-image-box has-text-left has-mobile-layout-default has-mobile-alignment-default\"><div class=\"wp-block-getwid-image-box__image-container is-position-top\"><a href=\"https:\/\/www.comau.com\/de\/competencies\/products-solutions\/powertrain-machining\/power-system-products\/smartmancomau\/\" class=\"wp-block-getwid-image-box__image-wrapper\"><img decoding=\"async\" width=\"1280\" height=\"485\" src=\"https:\/\/www.comau.com\/wp-content\/uploads\/2021\/06\/smartmancomau_header.jpg\" alt=\"\" class=\"wp-block-getwid-image-box__image wp-image-710\" srcset=\"https:\/\/www.comau.com\/wp-content\/uploads\/2021\/06\/smartmancomau_header.jpg 1280w, https:\/\/www.comau.com\/wp-content\/uploads\/2021\/06\/smartmancomau_header-300x114.jpg 300w, https:\/\/www.comau.com\/wp-content\/uploads\/2021\/06\/smartmancomau_header-1024x388.jpg 1024w, https:\/\/www.comau.com\/wp-content\/uploads\/2021\/06\/smartmancomau_header-768x291.jpg 768w\" sizes=\"(max-width: 1280px) 100vw, 1280px\" \/><\/a><\/div><div class=\"wp-block-getwid-image-box__content\">\n<h3 class=\"wp-block-heading\">SmartManComau<\/h3>\n\n\n\n<p>Eine moderne manuelle Fertigungsl\u00f6sung, die die Produktivit\u00e4t steigert und gleichzeitig die Gesamtkosten der Produktionsenkt<\/p>\n<\/div><\/div>\n<\/div>\n\n\n\n<div class=\"wp-block-column is-layout-flow wp-block-column-is-layout-flow\">\n<div class=\"wp-block-getwid-image-box has-text-left has-mobile-layout-default has-mobile-alignment-default\"><div class=\"wp-block-getwid-image-box__image-container is-position-top\"><a href=\"https:\/\/www.comau.com\/de\/competencies\/products-solutions\/powertrain-machining\/power-system-products\/smartrobcomau-automated\/\" class=\"wp-block-getwid-image-box__image-wrapper\"><img decoding=\"async\" width=\"1280\" height=\"485\" src=\"https:\/\/www.comau.com\/wp-content\/uploads\/2021\/06\/smartrobcomau-automated_header.jpg\" alt=\"\" class=\"wp-block-getwid-image-box__image wp-image-711\" srcset=\"https:\/\/www.comau.com\/wp-content\/uploads\/2021\/06\/smartrobcomau-automated_header.jpg 1280w, https:\/\/www.comau.com\/wp-content\/uploads\/2021\/06\/smartrobcomau-automated_header-300x114.jpg 300w, https:\/\/www.comau.com\/wp-content\/uploads\/2021\/06\/smartrobcomau-automated_header-1024x388.jpg 1024w, https:\/\/www.comau.com\/wp-content\/uploads\/2021\/06\/smartrobcomau-automated_header-768x291.jpg 768w\" sizes=\"(max-width: 1280px) 100vw, 1280px\" \/><\/a><\/div><div class=\"wp-block-getwid-image-box__content\">\n<h3 class=\"wp-block-heading\">SmartRobComau Automated<\/h3>\n\n\n\n<p>L\u00e4sst Ihre Montageprozesse nahezu autonom ablaufen und minimiert die Kosten<\/p>\n<\/div><\/div>\n<\/div>\n<\/div>\n\n\n\n<h2 class=\"wp-block-heading\" id=\"mehrwert\">Mehrwert<\/h2>\n\n\n\n<ul class=\"wp-block-list\"><li>Serielle und parallele Prozessintegration<\/li><li>Modulare Skalierbarkeit zur Anpassung der Kapitalinvestition an den Marktbedarf<\/li><li>Schnelle Neukonfigurierung und Umr\u00fcstung<\/li><li>Kompakte Stellfl\u00e4che<\/li><li>Lean Manufacturing-Design mit optimierter Materiallogistik<\/li><li>IoT-f\u00e4hig (e-Vernetzung, e-Dokumentation, pr\u00e4diktive Instandhaltung, virtuelle Inbetriebnahme, virtuelle Bearbeitung)<\/li><\/ul>\n\n\n\n<h2 class=\"wp-block-heading\" id=\"vorteile\">Vorteile<\/h2>\n\n\n\n<ul class=\"wp-block-list\"><li>Energiesparmodi-Management<\/li><li>Geringerer Fl\u00fcssigkeitsverbrauch<\/li><li>Neueste Komponentengeneration mit geringerer Leistungsaufnahme<\/li><li>Kompakte Stellfl\u00e4che<\/li><\/ul>\n","protected":false},"excerpt":{"rendered":"<p>Leistungsf\u00e4hige L\u00f6sungen f\u00fcr herk\u00f6mmliche und E-Mobilit\u00e4tsanwendungen Es ist nicht schwer zu verstehen, warum sich Unternehmen \u00fcberall auf der Welt f\u00fcr Comau als Alleinanbieter f\u00fcr alles entscheiden \u2013 von der Pilotanlage bis zur Gro\u00dfserienproduktion. Comau liefert zuverl\u00e4ssig standardbasierte Produkte und Technologien sowohl f\u00fcr herk\u00f6mmliche als auch f\u00fcr elektrische Energiesystemanwendungen, die vollst\u00e4ndige Modularit\u00e4t und skalierbare Flexibilit\u00e4t vereinen. [&hellip;]<\/p>\n","protected":false},"author":11,"featured_media":5961,"parent":4806,"menu_order":2,"comment_status":"closed","ping_status":"closed","template":"","meta":{"_acf_changed":false,"ep_exclude_from_search":false,"footnotes":""},"class_list":["post-5947","page","type-page","status-publish","has-post-thumbnail","hentry"],"acf":[],"yoast_head":"<!-- This site is optimized with the Yoast SEO plugin v26.9 - https:\/\/yoast.com\/product\/yoast-seo-wordpress\/ -->\n<title>Elektromotoren: Technologien und L\u00f6sungen | Comau<\/title>\n<meta name=\"description\" content=\"Entdecken Sie die L\u00f6sungen von Comau f\u00fcr Elektromotoren: Bearbeitungen und Fertigungsprozesse in einem einzigen Unternehmen.\" \/>\n<meta name=\"robots\" content=\"index, follow, max-snippet:-1, max-image-preview:large, max-video-preview:-1\" \/>\n<link rel=\"canonical\" href=\"https:\/\/www.comau.com\/de\/competencies\/products-solutions\/powertrain-machining\/power-system-products\/\" \/>\n<meta property=\"og:locale\" content=\"de_DE\" \/>\n<meta property=\"og:type\" content=\"article\" \/>\n<meta property=\"og:title\" content=\"Elektromotoren: Technologien und L\u00f6sungen | Comau\" \/>\n<meta property=\"og:description\" content=\"Entdecken Sie die L\u00f6sungen von Comau f\u00fcr Elektromotoren: Bearbeitungen und Fertigungsprozesse in einem einzigen Unternehmen.\" \/>\n<meta property=\"og:url\" content=\"https:\/\/www.comau.com\/de\/competencies\/products-solutions\/powertrain-machining\/power-system-products\/\" \/>\n<meta property=\"og:site_name\" content=\"Comau\" \/>\n<meta property=\"article:publisher\" content=\"https:\/\/www.facebook.com\/COMAU\/\" \/>\n<meta property=\"article:modified_time\" content=\"2022-02-03T14:07:15+00:00\" \/>\n<meta property=\"og:image\" content=\"https:\/\/www.comau.com\/wp-content\/uploads\/2021\/06\/emobility_header2.png\" \/>\n\t<meta property=\"og:image:width\" content=\"1280\" \/>\n\t<meta property=\"og:image:height\" content=\"485\" \/>\n\t<meta property=\"og:image:type\" content=\"image\/png\" \/>\n<meta name=\"twitter:card\" content=\"summary_large_image\" \/>\n<meta name=\"twitter:site\" content=\"@comaugroup\" \/>\n<meta name=\"twitter:label1\" content=\"Gesch\u00e4tzte Lesezeit\" \/>\n\t<meta name=\"twitter:data1\" content=\"3\u00a0Minuten\" \/>\n<script type=\"application\/ld+json\" class=\"yoast-schema-graph\">{\"@context\":\"https:\/\/schema.org\",\"@graph\":[{\"@type\":\"WebPage\",\"@id\":\"https:\/\/www.comau.com\/de\/competencies\/products-solutions\/powertrain-machining\/power-system-products\/\",\"url\":\"https:\/\/www.comau.com\/de\/competencies\/products-solutions\/powertrain-machining\/power-system-products\/\",\"name\":\"Elektromotoren: Technologien und L\u00f6sungen | Comau\",\"isPartOf\":{\"@id\":\"https:\/\/www.comau.com\/de\/#website\"},\"primaryImageOfPage\":{\"@id\":\"https:\/\/www.comau.com\/de\/competencies\/products-solutions\/powertrain-machining\/power-system-products\/#primaryimage\"},\"image\":{\"@id\":\"https:\/\/www.comau.com\/de\/competencies\/products-solutions\/powertrain-machining\/power-system-products\/#primaryimage\"},\"thumbnailUrl\":\"https:\/\/www.comau.com\/wp-content\/uploads\/2021\/06\/emobility_header2.png\",\"datePublished\":\"2021-06-30T22:02:15+00:00\",\"dateModified\":\"2022-02-03T14:07:15+00:00\",\"description\":\"Entdecken Sie die L\u00f6sungen von Comau f\u00fcr Elektromotoren: Bearbeitungen und Fertigungsprozesse in einem einzigen Unternehmen.\",\"breadcrumb\":{\"@id\":\"https:\/\/www.comau.com\/de\/competencies\/products-solutions\/powertrain-machining\/power-system-products\/#breadcrumb\"},\"inLanguage\":\"de\",\"potentialAction\":[{\"@type\":\"ReadAction\",\"target\":[\"https:\/\/www.comau.com\/de\/competencies\/products-solutions\/powertrain-machining\/power-system-products\/\"]}]},{\"@type\":\"ImageObject\",\"inLanguage\":\"de\",\"@id\":\"https:\/\/www.comau.com\/de\/competencies\/products-solutions\/powertrain-machining\/power-system-products\/#primaryimage\",\"url\":\"https:\/\/www.comau.com\/wp-content\/uploads\/2021\/06\/emobility_header2.png\",\"contentUrl\":\"https:\/\/www.comau.com\/wp-content\/uploads\/2021\/06\/emobility_header2.png\",\"width\":1280,\"height\":485},{\"@type\":\"BreadcrumbList\",\"@id\":\"https:\/\/www.comau.com\/de\/competencies\/products-solutions\/powertrain-machining\/power-system-products\/#breadcrumb\",\"itemListElement\":[{\"@type\":\"ListItem\",\"position\":1,\"name\":\"Home\",\"item\":\"https:\/\/www.comau.com\/de\/\"},{\"@type\":\"ListItem\",\"position\":2,\"name\":\"Unsere Kompetenzen\",\"item\":\"https:\/\/www.comau.com\/de\/competencies\/\"},{\"@type\":\"ListItem\",\"position\":3,\"name\":\"Powertrain &#038; Machining\",\"item\":\"https:\/\/www.comau.com\/de\/competencies\/powertrain-machining\/\"},{\"@type\":\"ListItem\",\"position\":4,\"name\":\"Stromversorgungssysteme &#038; Produkte\"}]},{\"@type\":\"WebSite\",\"@id\":\"https:\/\/www.comau.com\/de\/#website\",\"url\":\"https:\/\/www.comau.com\/de\/\",\"name\":\"Comau\",\"description\":\"Industrial automation and robotics\",\"publisher\":{\"@id\":\"https:\/\/www.comau.com\/de\/#organization\"},\"potentialAction\":[{\"@type\":\"SearchAction\",\"target\":{\"@type\":\"EntryPoint\",\"urlTemplate\":\"https:\/\/www.comau.com\/de\/?s={search_term_string}\"},\"query-input\":{\"@type\":\"PropertyValueSpecification\",\"valueRequired\":true,\"valueName\":\"search_term_string\"}}],\"inLanguage\":\"de\"},{\"@type\":\"Organization\",\"@id\":\"https:\/\/www.comau.com\/de\/#organization\",\"name\":\"Comau\",\"url\":\"https:\/\/www.comau.com\/de\/\",\"logo\":{\"@type\":\"ImageObject\",\"inLanguage\":\"de\",\"@id\":\"https:\/\/www.comau.com\/de\/#\/schema\/logo\/image\/\",\"url\":\"https:\/\/www.comau.com\/wp-content\/uploads\/2024\/07\/cropped-Logo-COMAU.png\",\"contentUrl\":\"https:\/\/www.comau.com\/wp-content\/uploads\/2024\/07\/cropped-Logo-COMAU.png\",\"width\":434,\"height\":434,\"caption\":\"Comau\"},\"image\":{\"@id\":\"https:\/\/www.comau.com\/de\/#\/schema\/logo\/image\/\"},\"sameAs\":[\"https:\/\/www.facebook.com\/COMAU\/\",\"https:\/\/x.com\/comaugroup\",\"https:\/\/www.instagram.com\/comaugroup\/\",\"https:\/\/www.linkedin.com\/company\/comau\",\"https:\/\/www.youtube.com\/user\/comau\"]}]}<\/script>\n<!-- \/ Yoast SEO plugin. -->","yoast_head_json":{"title":"Elektromotoren: Technologien und L\u00f6sungen | Comau","description":"Entdecken Sie die L\u00f6sungen von Comau f\u00fcr Elektromotoren: Bearbeitungen und Fertigungsprozesse in einem einzigen Unternehmen.","robots":{"index":"index","follow":"follow","max-snippet":"max-snippet:-1","max-image-preview":"max-image-preview:large","max-video-preview":"max-video-preview:-1"},"canonical":"https:\/\/www.comau.com\/de\/competencies\/products-solutions\/powertrain-machining\/power-system-products\/","og_locale":"de_DE","og_type":"article","og_title":"Elektromotoren: Technologien und L\u00f6sungen | Comau","og_description":"Entdecken Sie die L\u00f6sungen von Comau f\u00fcr Elektromotoren: Bearbeitungen und Fertigungsprozesse in einem einzigen Unternehmen.","og_url":"https:\/\/www.comau.com\/de\/competencies\/products-solutions\/powertrain-machining\/power-system-products\/","og_site_name":"Comau","article_publisher":"https:\/\/www.facebook.com\/COMAU\/","article_modified_time":"2022-02-03T14:07:15+00:00","og_image":[{"width":1280,"height":485,"url":"https:\/\/www.comau.com\/wp-content\/uploads\/2021\/06\/emobility_header2.png","type":"image\/png"}],"twitter_card":"summary_large_image","twitter_site":"@comaugroup","twitter_misc":{"Gesch\u00e4tzte Lesezeit":"3\u00a0Minuten"},"schema":{"@context":"https:\/\/schema.org","@graph":[{"@type":"WebPage","@id":"https:\/\/www.comau.com\/de\/competencies\/products-solutions\/powertrain-machining\/power-system-products\/","url":"https:\/\/www.comau.com\/de\/competencies\/products-solutions\/powertrain-machining\/power-system-products\/","name":"Elektromotoren: Technologien und L\u00f6sungen | Comau","isPartOf":{"@id":"https:\/\/www.comau.com\/de\/#website"},"primaryImageOfPage":{"@id":"https:\/\/www.comau.com\/de\/competencies\/products-solutions\/powertrain-machining\/power-system-products\/#primaryimage"},"image":{"@id":"https:\/\/www.comau.com\/de\/competencies\/products-solutions\/powertrain-machining\/power-system-products\/#primaryimage"},"thumbnailUrl":"https:\/\/www.comau.com\/wp-content\/uploads\/2021\/06\/emobility_header2.png","datePublished":"2021-06-30T22:02:15+00:00","dateModified":"2022-02-03T14:07:15+00:00","description":"Entdecken Sie die L\u00f6sungen von Comau f\u00fcr Elektromotoren: Bearbeitungen und Fertigungsprozesse in einem einzigen Unternehmen.","breadcrumb":{"@id":"https:\/\/www.comau.com\/de\/competencies\/products-solutions\/powertrain-machining\/power-system-products\/#breadcrumb"},"inLanguage":"de","potentialAction":[{"@type":"ReadAction","target":["https:\/\/www.comau.com\/de\/competencies\/products-solutions\/powertrain-machining\/power-system-products\/"]}]},{"@type":"ImageObject","inLanguage":"de","@id":"https:\/\/www.comau.com\/de\/competencies\/products-solutions\/powertrain-machining\/power-system-products\/#primaryimage","url":"https:\/\/www.comau.com\/wp-content\/uploads\/2021\/06\/emobility_header2.png","contentUrl":"https:\/\/www.comau.com\/wp-content\/uploads\/2021\/06\/emobility_header2.png","width":1280,"height":485},{"@type":"BreadcrumbList","@id":"https:\/\/www.comau.com\/de\/competencies\/products-solutions\/powertrain-machining\/power-system-products\/#breadcrumb","itemListElement":[{"@type":"ListItem","position":1,"name":"Home","item":"https:\/\/www.comau.com\/de\/"},{"@type":"ListItem","position":2,"name":"Unsere Kompetenzen","item":"https:\/\/www.comau.com\/de\/competencies\/"},{"@type":"ListItem","position":3,"name":"Powertrain &#038; Machining","item":"https:\/\/www.comau.com\/de\/competencies\/powertrain-machining\/"},{"@type":"ListItem","position":4,"name":"Stromversorgungssysteme &#038; Produkte"}]},{"@type":"WebSite","@id":"https:\/\/www.comau.com\/de\/#website","url":"https:\/\/www.comau.com\/de\/","name":"Comau","description":"Industrial automation and robotics","publisher":{"@id":"https:\/\/www.comau.com\/de\/#organization"},"potentialAction":[{"@type":"SearchAction","target":{"@type":"EntryPoint","urlTemplate":"https:\/\/www.comau.com\/de\/?s={search_term_string}"},"query-input":{"@type":"PropertyValueSpecification","valueRequired":true,"valueName":"search_term_string"}}],"inLanguage":"de"},{"@type":"Organization","@id":"https:\/\/www.comau.com\/de\/#organization","name":"Comau","url":"https:\/\/www.comau.com\/de\/","logo":{"@type":"ImageObject","inLanguage":"de","@id":"https:\/\/www.comau.com\/de\/#\/schema\/logo\/image\/","url":"https:\/\/www.comau.com\/wp-content\/uploads\/2024\/07\/cropped-Logo-COMAU.png","contentUrl":"https:\/\/www.comau.com\/wp-content\/uploads\/2024\/07\/cropped-Logo-COMAU.png","width":434,"height":434,"caption":"Comau"},"image":{"@id":"https:\/\/www.comau.com\/de\/#\/schema\/logo\/image\/"},"sameAs":["https:\/\/www.facebook.com\/COMAU\/","https:\/\/x.com\/comaugroup","https:\/\/www.instagram.com\/comaugroup\/","https:\/\/www.linkedin.com\/company\/comau","https:\/\/www.youtube.com\/user\/comau"]}]}},"_links":{"self":[{"href":"https:\/\/www.comau.com\/de\/wp-json\/wp\/v2\/pages\/5947","targetHints":{"allow":["GET"]}}],"collection":[{"href":"https:\/\/www.comau.com\/de\/wp-json\/wp\/v2\/pages"}],"about":[{"href":"https:\/\/www.comau.com\/de\/wp-json\/wp\/v2\/types\/page"}],"author":[{"embeddable":true,"href":"https:\/\/www.comau.com\/de\/wp-json\/wp\/v2\/users\/11"}],"replies":[{"embeddable":true,"href":"https:\/\/www.comau.com\/de\/wp-json\/wp\/v2\/comments?post=5947"}],"version-history":[{"count":48,"href":"https:\/\/www.comau.com\/de\/wp-json\/wp\/v2\/pages\/5947\/revisions"}],"predecessor-version":[{"id":41719,"href":"https:\/\/www.comau.com\/de\/wp-json\/wp\/v2\/pages\/5947\/revisions\/41719"}],"up":[{"embeddable":true,"href":"https:\/\/www.comau.com\/de\/wp-json\/wp\/v2\/pages\/4806"}],"wp:featuredmedia":[{"embeddable":true,"href":"https:\/\/www.comau.com\/de\/wp-json\/wp\/v2\/media\/5961"}],"wp:attachment":[{"href":"https:\/\/www.comau.com\/de\/wp-json\/wp\/v2\/media?parent=5947"}],"curies":[{"name":"wp","href":"https:\/\/api.w.org\/{rel}","templated":true}]}}