{"id":58799,"date":"2023-12-12T17:35:11","date_gmt":"2023-12-12T16:35:11","guid":{"rendered":"https:\/\/www.comau.com\/?page_id=58799"},"modified":"2023-12-13T09:56:32","modified_gmt":"2023-12-13T08:56:32","slug":"hybridgetriebe-montagelinien-fuer-hycet","status":"publish","type":"page","link":"https:\/\/www.comau.com\/de\/about-us\/success-stories\/hybridgetriebe-montagelinien-fuer-hycet\/","title":{"rendered":"Comau entwickelt und setzt spezielle hybridgetriebe-montagelinien f\u00fcr Hycet ein"},"content":{"rendered":"\n<p>Angesichts der rasanten Fortschritte in der Hybridtechnologie und der weltweiten Betonung neuer Energiepolitiken erforschen Automobilhersteller aktiv neue M\u00f6glichkeiten f\u00fcr kraftstoffeffiziente und emissionsarme Hybridfahrzeuge. Die DHT-Technologie (Dedicated Hybrid Transmission) ist ein wichtiger Faktor f\u00fcr diesen wachsenden Markt, da mit DHT ausgestattete Fahrzeuge nicht von der Ladedauer beeinflusst werden und somit ein zuverl\u00e4ssigeres Benutzererlebnis gew\u00e4hrleisten. Diese Technologie bietet ebenfalls den gleichzeitigen Einsatz von Benzin- und Elektromotoren, was eine effiziente Leistungsverteilung zwischen ihnen erm\u00f6glicht. In der Tat \u00fcbertreffen Hybridfahrzeuge mit DHT-Technologie herk\u00f6mmliche Benzinfahrzeuge in Bezug auf Leistung, Kraftstoffeffizienz und Emissionsreduzierung.<br>HYCET, ein hundertprozentiges Tochterunternehmen von Great Wall Motor, spielt eine zentrale Rolle im Bereich der Hybridtechnologie mit einem starken Fokus auf Getriebesysteme. Um die Produktionskapazit\u00e4t zu erh\u00f6hen und der wachsenden Marktnachfrage nach dem L.E.M.O.N. Hybrid-DHT-System gerecht zu werden, hat das Engineering-Team von HYCET Comau mit der Entwicklung einer automatisierten Hochgeschwindigkeits-Fertigungsl\u00f6sung, die neben Effizienz und Skalierbarkeit absolute Qualit\u00e4t gew\u00e4hrleistet, beauftragt.<\/p>\n\n\n\n<p><\/p>\n\n\n\n<div class=\"wp-block-group wide-section-light-1 py-5 my-5\"><div class=\"wp-block-group__inner-container is-layout-flow wp-block-group-is-layout-flow\">\n<blockquote class=\"wp-block-quote is-layout-flow wp-block-quote-is-layout-flow\">\n<p>\u201eDie DHT-Technologie von HYCET steht f\u00fcr Spitzeninnovationen im Hybridfahrzeugsektor und liefert herausragende Leistung f\u00fcr das DHT-System von Great Wall Motor. Als unser Technologiepartner best\u00e4tigen die Design- und Engineering-F\u00e4higkeiten von Comau ihre au\u00dfergew\u00f6hnliche Position in diesem Bereich. W\u00e4hrend der gesamten Projektimplementierungsphase hat Comau trotz der wiederkehrenden Auswirkungen der Pandemie den Projektzeitplan eingehalten und eine gleichbleibende Fertigungsqualit\u00e4t sichergestellt. Diese Stabilit\u00e4t ist f\u00fcr unsere Produktionsziele von entscheidender Bedeutung, damit wir die Marktanforderungen erf\u00fcllen und eine optimale Fertigungseffizienz aufrechterhalten k\u00f6nnen.\u201c<\/p>\n<cite>Wu Hongchao, Vizepr\u00e4sident von HYCET Technology Co., Ltd.<\/cite><\/blockquote>\n<\/div><\/div>\n\n\n\n<div class=\"wp-block-columns is-layout-flex wp-container-core-columns-is-layout-9d6595d7 wp-block-columns-is-layout-flex\">\n<div class=\"wp-block-column is-layout-flow wp-block-column-is-layout-flow\">\n<h2 class=\"wp-block-heading h3\" id=\"the-challenge\">Die Herausfoderung<\/h2>\n\n\n\n<p>Anfang 2021 begann HYCET mit der Suche nach einem zuverl\u00e4ssigen Partner, um die Industrialisierung seines selbst entwickelten L.E.M.O.N. Hybrid-DHT-Systems zu erreichen und eine Produktion in gro\u00dfem Ma\u00dfstab zu erm\u00f6glichen. Im Einklang mit seiner Aufgabe, Innovationen im Bereich der Hybridfahrzeuge voranzutreiben und eine solide Grundlage f\u00fcr die Great Wall Motors Group bei ihrem \u00dcbergang zu neuen Energien zu schaffen, vergab HYCET das Projekt an Comau, da das Automatisierungsunternehmen \u00fcber fundiertes Fachwissen und eine solide Erfolgsbilanz bei Innovationen im Bereich der Elektromobilit\u00e4t verf\u00fcgt.<br>Comau stand vor der Herausforderung, eine automatisierte Montagelinie f\u00fcr hohe St\u00fcckzahlen zu entwerfen, die strenge Anforderungen an die Fertigungsgenauigkeit und die Produktqualit\u00e4t erf\u00fcllt. Beides ist auf die hohe Integration, Intelligenz und Anpassungsf\u00e4higkeit des L.E.M.O.N. DHT-Systems zur\u00fcckzuf\u00fchren.<br>Das Design der Montagelinie musste au\u00dferdem flexibel und skalierbar sein, um sich an k\u00fcnftige \u00c4nderungen und Upgrades anpassen zu k\u00f6nnen. Dies bedeutete, dass Comau die Fertigungsanforderungen f\u00fcr die aktuellen Produkte erf\u00fcllen und sich auf k\u00fcnftige Produktverbesserungen vorbereiten musste.<br>Gleichzeitig musste Comau angesichts des wettbewerbsintensiven Marktumfelds HYCET helfen, seine strategischen Marktanteilsziele zu erreichen. Zu diesem Zweck musste das Team die Produktion steigern, damit der Kunde die Anzahl der Lieferungen erh\u00f6hen und gleichzeitig die Produktqualit\u00e4t sicherstellen und die wachsende Nachfrage nach dem L.E.M.O.N. DHT erf\u00fcllen konnte.<\/p>\n<\/div>\n\n\n\n<div class=\"wp-block-column is-layout-flow wp-block-column-is-layout-flow\">\n<h2 class=\"wp-block-heading h3\" id=\"the-solution\">Die L\u00f6sung<\/h2>\n\n\n\n<p>Das DHT-Montageprojekt umfasst insgesamt sechs Produktionslinien. Comau hat alle erforderlichen Komponenten, einschlie\u00dflich der E-Motor-Montagelinien, der Getriebe- und Wellenmontagelinien, der Hauptmontagelinien und der Montagetestlinien, vollst\u00e4ndig entwickelt und implementiert. Das System deckt auch kritische Prozesse ab, wie z. B. das Einbringen von W\u00e4rme, das Einsetzen und Verbinden, das Verpressen von Wellenpaketen und die EOL-Pr\u00fcfung (End of Line), was zu einer prozess\u00fcbergreifenden Montage von einzelnen Komponenten bis hin zu voll funktionsf\u00e4higen Einheiten f\u00fchrt.<br>Der Einsatz fortschrittlicher Automatisierungstechnologien steigert die Produktionseffizienz erheblich. Die L\u00f6sung von Comau nutzt beispielsweise die Bildf\u00fchrungstechnologie von Robotern bei der Wellenmontage, um Kupplungsgeh\u00e4use und automatische Online-Vorg\u00e4nge durchzuf\u00fchren, wodurch Wartezeiten und Stillstandszeiten der Produktionslinie reduziert und die Prozesseffizienz verbessert werden. Um zu gew\u00e4hrleisten, dass die Teile den Spezifikationen mit pr\u00e4zisen Winkeln entsprechen, hat Comau eine automatische Mehrkopf-Messungstechnologie f\u00fcr Passscheiben eingef\u00fchrt und f\u00fchrt an der Station zum Einsetzen des Wellenpakets einen doppelten Kontrollprozess durch. Dadurch wird die Produktionseffizienz gesteigert und das Auftreten von Montagefehlern minimiert. Dar\u00fcber hinaus reduziert der automatisierte Prozess des Einsetzens von f\u00fcnf Wellen in das Geh\u00e4use den Bedarf an manuellen Eingriffen erheblich, wodurch die Montagegenauigkeit und die Gesamteffizienz weiter verbessert werden.<br>Schlie\u00dflich verwendete Comau ein prozessintegriertes Gesamtstationsdesign, um Stabilit\u00e4t und Qualit\u00e4t in der Produktionslinie zu gew\u00e4hrleisten. In der E-Motor-Montage wird dieser Ansatz beispielsweise auf die Rotor-Unterbaugruppe und die beiden Stationen zum Einsetzen des Rotors und des Geh\u00e4uses angewendet. Dieser Ansatz spart Platz und Ressourcen in der Produktionslinie. Genauer gesagt eliminiert die vollst\u00e4ndige Automatisierung des Komponentenmanagements von der Rotor-Unterbaugruppe bis zur Hauptlinie die Risiken der manuellen Handhabung und gew\u00e4hrleistet eine h\u00f6here Pr\u00e4zision und Produktqualit\u00e4t. Servopressen werden im gesamten Projekt zur \u00dcberwachung von Prozessparametern wie Kraft und Weg eingesetzt, um die Qualit\u00e4tskontrolle w\u00e4hrend des gesamten Produktionsprozesses zu gew\u00e4hrleisten und die R\u00fcckverfolgbarkeit der Daten zu unterst\u00fctzen.<br>Um die Skalierbarkeit zu verbessern und die Produktionskosten f\u00fcr zuk\u00fcnftige DHT-Produkt-Upgrades zu senken, hat Comau grunds\u00e4tzlich flexible Stationen entwickelt, die eine verbesserte Anpassungsf\u00e4higkeit und Effizienz der gesamten Produktionslinie gew\u00e4hrleisten. Insgesamt umfasst die Linie 12 <a href=\"https:\/\/www.comau.com\/de\/competencies\/products-solutions\/robot-team\/\">Roboter<\/a> und ist mit automatischen Greifern und einem automatischen Wechsel der Montagewerkzeuge ausgestattet, was eine schnelle Anpassung an unterschiedliche Produkt- und Werkst\u00fcckgr\u00f6\u00dfen erm\u00f6glicht. Au\u00dferdem kann w\u00e4hrend des Prozesses nahtlos zwischen verschiedenen Arten von Vorrichtungen gewechselt werden, was die Anpassung der Linie an unterschiedliche Marktanforderungen erleichtert.<\/p>\n<\/div>\n<\/div>\n\n\n\n<div class=\"wp-block-group wide-section-light-1 py-5 my-5\"><div class=\"wp-block-group__inner-container is-layout-flow wp-block-group-is-layout-flow\">\n<div class=\"wp-block-group wide-section-light-1 py-5 my-5\"><div class=\"wp-block-group__inner-container is-layout-flow wp-block-group-is-layout-flow\">\n<h2 class=\"wp-block-heading h2\" id=\"the-results\">Das Ergebnis<\/h2>\n\n\n\n<p>Die erfolgreiche Auslieferung dieser technologisch bedeutenden Produktionslinie stellt einen wichtigen Schritt bei der gro\u00df angelegten Einf\u00fchrung neuer Energietechnologien zwischen den beiden Unternehmen dar. Durch die Priorisierung von Flexibilit\u00e4t, Automatisierungseffizienz und absoluter Qualit\u00e4t innerhalb der Fertigungsphilosophie hat Comau es <a href=\"https:\/\/en.hycet.com\/\" target=\"_blank\" rel=\"noreferrer noopener\">HYCET<\/a> erm\u00f6glicht, die angestrebte Produktionskapazit\u00e4t von 150.000 Einheiten pro Jahr mit einer Zykluszeit von weniger als 113 Sekunden als Teil des 100 % fehlerfreien Produktionsprozesses zu erreichen. Diese beeindruckenden Ergebnisse werden durch die Integration fortschrittlicher Technologien wie fortschrittliche Bildverarbeitungssysteme und Sensor\u00fcberwachung noch unterst\u00fctzt.<\/p>\n\n\n\n<p>Dar\u00fcber hinaus hat Comau auch ein MES (Manufacturing Execution System) f\u00fcr die wissenschaftliche Verwaltung und Planung der Produktionslinie eingef\u00fchrt. Dieses System gew\u00e4hrleistet die strikte Einhaltung von Fertigungsstandards und Managementprotokollen und bietet so eine hervorragende Qualit\u00e4tssicherung f\u00fcr den L.E.M.O.N. Hybrid DHT.<\/p>\n\n\n\n<div class=\"wp-block-columns is-layout-flex wp-container-core-columns-is-layout-9d6595d7 wp-block-columns-is-layout-flex\">\n<div class=\"wp-block-column is-layout-flow wp-block-column-is-layout-flow\">\n<div class=\"wp-block-getwid-counter \u00b0\"><div class=\"wp-block-getwid-counter__wrapper\" data-start=\"0\" data-end=\"150\" data-decimal-places=\"0\" data-duration=\"2\" data-use-easing=\"true\" data-use-grouping=\"true\" data-separator=\",\" data-decimal=\".\" data-easing-fn=\"outExpo\" data-numerals=\"default\"><span class=\"wp-block-getwid-counter__number\">0<\/span><p class=\"wp-block-getwid-counter__suffix\">K<\/p><\/div><\/div>\n\n\n\n<p>J\u00e4hrliche Produktionskapazit\u00e4t einer Linie<\/p>\n<\/div>\n\n\n\n<div class=\"wp-block-column is-layout-flow wp-block-column-is-layout-flow\">\n<div class=\"wp-block-getwid-counter\"><div class=\"wp-block-getwid-counter__wrapper\" data-start=\"0\" data-end=\"90\" data-decimal-places=\"0\" data-duration=\"2\" data-use-easing=\"true\" data-use-grouping=\"true\" data-separator=\",\" data-decimal=\".\" data-easing-fn=\"outExpo\" data-numerals=\"default\"><span class=\"wp-block-getwid-counter__number\">0<\/span><p class=\"wp-block-getwid-counter__suffix\">K<\/p><\/div><\/div>\n\n\n\n<p>Verf\u00fcgbarkeit der Ausr\u00fcstung<\/p>\n<\/div>\n\n\n\n<div class=\"wp-block-column is-layout-flow wp-block-column-is-layout-flow\">\n<div class=\"wp-block-getwid-counter\"><div class=\"wp-block-getwid-counter__wrapper\" data-start=\"0\" data-end=\"113\" data-decimal-places=\"0\" data-duration=\"3\" data-use-easing=\"true\" data-use-grouping=\"true\" data-separator=\",\" data-decimal=\".\" data-easing-fn=\"outExpo\" data-numerals=\"default\"><p class=\"wp-block-getwid-counter__prefix\">\u2264<\/p><span class=\"wp-block-getwid-counter__number\">0<\/span><p class=\"wp-block-getwid-counter__suffix\"> <\/p><\/div><\/div>\n\n\n\n<p>Zykluszeit<\/p>\n<\/div>\n\n\n\n<div class=\"wp-block-column is-layout-flow wp-block-column-is-layout-flow\"><\/div>\n<\/div>\n<\/div><\/div>\n\n\n\n<div class=\"wp-block-columns is-layout-flex wp-container-core-columns-is-layout-9d6595d7 wp-block-columns-is-layout-flex\">\n<div class=\"wp-block-column is-layout-flow wp-block-column-is-layout-flow\"><\/div>\n\n\n\n<div class=\"wp-block-column is-layout-flow wp-block-column-is-layout-flow\"><\/div>\n<\/div>\n<\/div><\/div>\n\n\n\n<div class=\"wp-block-group\"><div class=\"wp-block-group__inner-container is-layout-flow wp-block-group-is-layout-flow\"><\/div><\/div>\n\n\n\n<div class=\"wp-block-columns is-layout-flex wp-container-core-columns-is-layout-9d6595d7 wp-block-columns-is-layout-flex\">\n<div class=\"wp-block-column is-layout-flow wp-block-column-is-layout-flow\"><\/div>\n<\/div>\n","protected":false},"excerpt":{"rendered":"<p>Angesichts der rasanten Fortschritte in der Hybridtechnologie und der weltweiten Betonung neuer Energiepolitiken erforschen Automobilhersteller aktiv neue M\u00f6glichkeiten f\u00fcr kraftstoffeffiziente und emissionsarme Hybridfahrzeuge. Die DHT-Technologie (Dedicated Hybrid Transmission) ist ein wichtiger Faktor f\u00fcr diesen wachsenden Markt, da mit DHT ausgestattete Fahrzeuge nicht von der Ladedauer beeinflusst werden und somit ein zuverl\u00e4ssigeres Benutzererlebnis gew\u00e4hrleisten. Diese Technologie [&hellip;]<\/p>\n","protected":false},"author":21,"featured_media":58732,"parent":41299,"menu_order":1,"comment_status":"closed","ping_status":"closed","template":"","meta":{"_acf_changed":false,"ep_exclude_from_search":false,"footnotes":""},"class_list":["post-58799","page","type-page","status-publish","has-post-thumbnail","hentry"],"acf":[],"yoast_head":"<!-- This site is optimized with the Yoast SEO plugin v26.9 - https:\/\/yoast.com\/product\/yoast-seo-wordpress\/ -->\n<title>Comau setzt Hybridgetriebe-Montagelinien f\u00fcr Hycet ein<\/title>\n<meta name=\"description\" content=\"Comau entwickelte eine automatisierte Hochgeschwindigkeits-Fertigungsl\u00f6sung, um effiziente und skalierbare Hybridgetriebe-Montagelinien\" \/>\n<meta name=\"robots\" content=\"index, follow, max-snippet:-1, max-image-preview:large, max-video-preview:-1\" \/>\n<link rel=\"canonical\" href=\"https:\/\/www.comau.com\/de\/about-us\/success-stories\/hybridgetriebe-montagelinien-fuer-hycet\/\" \/>\n<meta property=\"og:locale\" content=\"de_DE\" \/>\n<meta property=\"og:type\" content=\"article\" \/>\n<meta property=\"og:title\" content=\"Comau setzt Hybridgetriebe-Montagelinien f\u00fcr Hycet ein\" \/>\n<meta property=\"og:description\" content=\"Comau entwickelte eine automatisierte Hochgeschwindigkeits-Fertigungsl\u00f6sung, um effiziente und skalierbare Hybridgetriebe-Montagelinien\" \/>\n<meta property=\"og:url\" content=\"https:\/\/www.comau.com\/de\/about-us\/success-stories\/hybridgetriebe-montagelinien-fuer-hycet\/\" \/>\n<meta property=\"og:site_name\" content=\"Comau\" \/>\n<meta property=\"article:publisher\" content=\"https:\/\/www.facebook.com\/COMAU\/\" \/>\n<meta property=\"article:modified_time\" content=\"2023-12-13T08:56:32+00:00\" \/>\n<meta property=\"og:image\" content=\"https:\/\/www.comau.com\/wp-content\/uploads\/2023\/12\/Shell-Press-Fit.jpg\" \/>\n\t<meta property=\"og:image:width\" content=\"2434\" \/>\n\t<meta property=\"og:image:height\" content=\"1623\" \/>\n\t<meta property=\"og:image:type\" content=\"image\/jpeg\" \/>\n<meta name=\"twitter:card\" content=\"summary_large_image\" \/>\n<meta name=\"twitter:site\" content=\"@comaugroup\" \/>\n<meta name=\"twitter:label1\" content=\"Gesch\u00e4tzte Lesezeit\" \/>\n\t<meta name=\"twitter:data1\" content=\"5\u00a0Minuten\" \/>\n<script type=\"application\/ld+json\" class=\"yoast-schema-graph\">{\"@context\":\"https:\/\/schema.org\",\"@graph\":[{\"@type\":\"WebPage\",\"@id\":\"https:\/\/www.comau.com\/de\/about-us\/success-stories\/hybridgetriebe-montagelinien-fuer-hycet\/\",\"url\":\"https:\/\/www.comau.com\/de\/about-us\/success-stories\/hybridgetriebe-montagelinien-fuer-hycet\/\",\"name\":\"Comau setzt Hybridgetriebe-Montagelinien f\u00fcr Hycet ein\",\"isPartOf\":{\"@id\":\"https:\/\/www.comau.com\/de\/#website\"},\"primaryImageOfPage\":{\"@id\":\"https:\/\/www.comau.com\/de\/about-us\/success-stories\/hybridgetriebe-montagelinien-fuer-hycet\/#primaryimage\"},\"image\":{\"@id\":\"https:\/\/www.comau.com\/de\/about-us\/success-stories\/hybridgetriebe-montagelinien-fuer-hycet\/#primaryimage\"},\"thumbnailUrl\":\"https:\/\/www.comau.com\/wp-content\/uploads\/2023\/12\/Shell-Press-Fit.jpg\",\"datePublished\":\"2023-12-12T16:35:11+00:00\",\"dateModified\":\"2023-12-13T08:56:32+00:00\",\"description\":\"Comau entwickelte eine automatisierte Hochgeschwindigkeits-Fertigungsl\u00f6sung, um effiziente und skalierbare Hybridgetriebe-Montagelinien\",\"breadcrumb\":{\"@id\":\"https:\/\/www.comau.com\/de\/about-us\/success-stories\/hybridgetriebe-montagelinien-fuer-hycet\/#breadcrumb\"},\"inLanguage\":\"de\",\"potentialAction\":[{\"@type\":\"ReadAction\",\"target\":[\"https:\/\/www.comau.com\/de\/about-us\/success-stories\/hybridgetriebe-montagelinien-fuer-hycet\/\"]}]},{\"@type\":\"ImageObject\",\"inLanguage\":\"de\",\"@id\":\"https:\/\/www.comau.com\/de\/about-us\/success-stories\/hybridgetriebe-montagelinien-fuer-hycet\/#primaryimage\",\"url\":\"https:\/\/www.comau.com\/wp-content\/uploads\/2023\/12\/Shell-Press-Fit.jpg\",\"contentUrl\":\"https:\/\/www.comau.com\/wp-content\/uploads\/2023\/12\/Shell-Press-Fit.jpg\",\"width\":2434,\"height\":1623},{\"@type\":\"BreadcrumbList\",\"@id\":\"https:\/\/www.comau.com\/de\/about-us\/success-stories\/hybridgetriebe-montagelinien-fuer-hycet\/#breadcrumb\",\"itemListElement\":[{\"@type\":\"ListItem\",\"position\":1,\"name\":\"Home\",\"item\":\"https:\/\/www.comau.com\/de\/\"},{\"@type\":\"ListItem\",\"position\":2,\"name\":\"\u00dcber Comau\",\"item\":\"https:\/\/www.comau.com\/de\/about-us\/\"},{\"@type\":\"ListItem\",\"position\":3,\"name\":\"Erfolgsgeschichten\",\"item\":\"https:\/\/www.comau.com\/de\/about-us\/success-stories\/\"},{\"@type\":\"ListItem\",\"position\":4,\"name\":\"Comau entwickelt und setzt spezielle hybridgetriebe-montagelinien f\u00fcr Hycet ein\"}]},{\"@type\":\"WebSite\",\"@id\":\"https:\/\/www.comau.com\/de\/#website\",\"url\":\"https:\/\/www.comau.com\/de\/\",\"name\":\"Comau\",\"description\":\"Industrial automation and robotics\",\"publisher\":{\"@id\":\"https:\/\/www.comau.com\/de\/#organization\"},\"potentialAction\":[{\"@type\":\"SearchAction\",\"target\":{\"@type\":\"EntryPoint\",\"urlTemplate\":\"https:\/\/www.comau.com\/de\/?s={search_term_string}\"},\"query-input\":{\"@type\":\"PropertyValueSpecification\",\"valueRequired\":true,\"valueName\":\"search_term_string\"}}],\"inLanguage\":\"de\"},{\"@type\":\"Organization\",\"@id\":\"https:\/\/www.comau.com\/de\/#organization\",\"name\":\"Comau\",\"url\":\"https:\/\/www.comau.com\/de\/\",\"logo\":{\"@type\":\"ImageObject\",\"inLanguage\":\"de\",\"@id\":\"https:\/\/www.comau.com\/de\/#\/schema\/logo\/image\/\",\"url\":\"https:\/\/www.comau.com\/wp-content\/uploads\/2024\/07\/cropped-Logo-COMAU.png\",\"contentUrl\":\"https:\/\/www.comau.com\/wp-content\/uploads\/2024\/07\/cropped-Logo-COMAU.png\",\"width\":434,\"height\":434,\"caption\":\"Comau\"},\"image\":{\"@id\":\"https:\/\/www.comau.com\/de\/#\/schema\/logo\/image\/\"},\"sameAs\":[\"https:\/\/www.facebook.com\/COMAU\/\",\"https:\/\/x.com\/comaugroup\",\"https:\/\/www.instagram.com\/comaugroup\/\",\"https:\/\/www.linkedin.com\/company\/comau\",\"https:\/\/www.youtube.com\/user\/comau\"]}]}<\/script>\n<!-- \/ Yoast SEO plugin. -->","yoast_head_json":{"title":"Comau setzt Hybridgetriebe-Montagelinien f\u00fcr Hycet ein","description":"Comau entwickelte eine automatisierte Hochgeschwindigkeits-Fertigungsl\u00f6sung, um effiziente und skalierbare Hybridgetriebe-Montagelinien","robots":{"index":"index","follow":"follow","max-snippet":"max-snippet:-1","max-image-preview":"max-image-preview:large","max-video-preview":"max-video-preview:-1"},"canonical":"https:\/\/www.comau.com\/de\/about-us\/success-stories\/hybridgetriebe-montagelinien-fuer-hycet\/","og_locale":"de_DE","og_type":"article","og_title":"Comau setzt Hybridgetriebe-Montagelinien f\u00fcr Hycet ein","og_description":"Comau entwickelte eine automatisierte Hochgeschwindigkeits-Fertigungsl\u00f6sung, um effiziente und skalierbare Hybridgetriebe-Montagelinien","og_url":"https:\/\/www.comau.com\/de\/about-us\/success-stories\/hybridgetriebe-montagelinien-fuer-hycet\/","og_site_name":"Comau","article_publisher":"https:\/\/www.facebook.com\/COMAU\/","article_modified_time":"2023-12-13T08:56:32+00:00","og_image":[{"width":2434,"height":1623,"url":"https:\/\/www.comau.com\/wp-content\/uploads\/2023\/12\/Shell-Press-Fit.jpg","type":"image\/jpeg"}],"twitter_card":"summary_large_image","twitter_site":"@comaugroup","twitter_misc":{"Gesch\u00e4tzte Lesezeit":"5\u00a0Minuten"},"schema":{"@context":"https:\/\/schema.org","@graph":[{"@type":"WebPage","@id":"https:\/\/www.comau.com\/de\/about-us\/success-stories\/hybridgetriebe-montagelinien-fuer-hycet\/","url":"https:\/\/www.comau.com\/de\/about-us\/success-stories\/hybridgetriebe-montagelinien-fuer-hycet\/","name":"Comau setzt Hybridgetriebe-Montagelinien f\u00fcr Hycet ein","isPartOf":{"@id":"https:\/\/www.comau.com\/de\/#website"},"primaryImageOfPage":{"@id":"https:\/\/www.comau.com\/de\/about-us\/success-stories\/hybridgetriebe-montagelinien-fuer-hycet\/#primaryimage"},"image":{"@id":"https:\/\/www.comau.com\/de\/about-us\/success-stories\/hybridgetriebe-montagelinien-fuer-hycet\/#primaryimage"},"thumbnailUrl":"https:\/\/www.comau.com\/wp-content\/uploads\/2023\/12\/Shell-Press-Fit.jpg","datePublished":"2023-12-12T16:35:11+00:00","dateModified":"2023-12-13T08:56:32+00:00","description":"Comau entwickelte eine automatisierte Hochgeschwindigkeits-Fertigungsl\u00f6sung, um effiziente und skalierbare Hybridgetriebe-Montagelinien","breadcrumb":{"@id":"https:\/\/www.comau.com\/de\/about-us\/success-stories\/hybridgetriebe-montagelinien-fuer-hycet\/#breadcrumb"},"inLanguage":"de","potentialAction":[{"@type":"ReadAction","target":["https:\/\/www.comau.com\/de\/about-us\/success-stories\/hybridgetriebe-montagelinien-fuer-hycet\/"]}]},{"@type":"ImageObject","inLanguage":"de","@id":"https:\/\/www.comau.com\/de\/about-us\/success-stories\/hybridgetriebe-montagelinien-fuer-hycet\/#primaryimage","url":"https:\/\/www.comau.com\/wp-content\/uploads\/2023\/12\/Shell-Press-Fit.jpg","contentUrl":"https:\/\/www.comau.com\/wp-content\/uploads\/2023\/12\/Shell-Press-Fit.jpg","width":2434,"height":1623},{"@type":"BreadcrumbList","@id":"https:\/\/www.comau.com\/de\/about-us\/success-stories\/hybridgetriebe-montagelinien-fuer-hycet\/#breadcrumb","itemListElement":[{"@type":"ListItem","position":1,"name":"Home","item":"https:\/\/www.comau.com\/de\/"},{"@type":"ListItem","position":2,"name":"\u00dcber Comau","item":"https:\/\/www.comau.com\/de\/about-us\/"},{"@type":"ListItem","position":3,"name":"Erfolgsgeschichten","item":"https:\/\/www.comau.com\/de\/about-us\/success-stories\/"},{"@type":"ListItem","position":4,"name":"Comau entwickelt und setzt spezielle hybridgetriebe-montagelinien f\u00fcr Hycet ein"}]},{"@type":"WebSite","@id":"https:\/\/www.comau.com\/de\/#website","url":"https:\/\/www.comau.com\/de\/","name":"Comau","description":"Industrial automation and robotics","publisher":{"@id":"https:\/\/www.comau.com\/de\/#organization"},"potentialAction":[{"@type":"SearchAction","target":{"@type":"EntryPoint","urlTemplate":"https:\/\/www.comau.com\/de\/?s={search_term_string}"},"query-input":{"@type":"PropertyValueSpecification","valueRequired":true,"valueName":"search_term_string"}}],"inLanguage":"de"},{"@type":"Organization","@id":"https:\/\/www.comau.com\/de\/#organization","name":"Comau","url":"https:\/\/www.comau.com\/de\/","logo":{"@type":"ImageObject","inLanguage":"de","@id":"https:\/\/www.comau.com\/de\/#\/schema\/logo\/image\/","url":"https:\/\/www.comau.com\/wp-content\/uploads\/2024\/07\/cropped-Logo-COMAU.png","contentUrl":"https:\/\/www.comau.com\/wp-content\/uploads\/2024\/07\/cropped-Logo-COMAU.png","width":434,"height":434,"caption":"Comau"},"image":{"@id":"https:\/\/www.comau.com\/de\/#\/schema\/logo\/image\/"},"sameAs":["https:\/\/www.facebook.com\/COMAU\/","https:\/\/x.com\/comaugroup","https:\/\/www.instagram.com\/comaugroup\/","https:\/\/www.linkedin.com\/company\/comau","https:\/\/www.youtube.com\/user\/comau"]}]}},"_links":{"self":[{"href":"https:\/\/www.comau.com\/de\/wp-json\/wp\/v2\/pages\/58799","targetHints":{"allow":["GET"]}}],"collection":[{"href":"https:\/\/www.comau.com\/de\/wp-json\/wp\/v2\/pages"}],"about":[{"href":"https:\/\/www.comau.com\/de\/wp-json\/wp\/v2\/types\/page"}],"author":[{"embeddable":true,"href":"https:\/\/www.comau.com\/de\/wp-json\/wp\/v2\/users\/21"}],"replies":[{"embeddable":true,"href":"https:\/\/www.comau.com\/de\/wp-json\/wp\/v2\/comments?post=58799"}],"version-history":[{"count":4,"href":"https:\/\/www.comau.com\/de\/wp-json\/wp\/v2\/pages\/58799\/revisions"}],"predecessor-version":[{"id":58847,"href":"https:\/\/www.comau.com\/de\/wp-json\/wp\/v2\/pages\/58799\/revisions\/58847"}],"up":[{"embeddable":true,"href":"https:\/\/www.comau.com\/de\/wp-json\/wp\/v2\/pages\/41299"}],"wp:featuredmedia":[{"embeddable":true,"href":"https:\/\/www.comau.com\/de\/wp-json\/wp\/v2\/media\/58732"}],"wp:attachment":[{"href":"https:\/\/www.comau.com\/de\/wp-json\/wp\/v2\/media?parent=58799"}],"curies":[{"name":"wp","href":"https:\/\/api.w.org\/{rel}","templated":true}]}}