{"id":55287,"date":"2023-06-27T06:39:12","date_gmt":"2023-06-27T04:39:12","guid":{"rendered":"https:\/\/www.comau.com\/?page_id=55287"},"modified":"2025-09-15T04:07:44","modified_gmt":"2025-09-15T02:07:44","slug":"schweiss-mobilroboter","status":"publish","type":"page","link":"https:\/\/www.comau.com\/de\/competencies\/robotics-automation\/schweiss-mobilroboter\/","title":{"rendered":"MR4Weld (Mobiler Schwei\u00dfroboter)"},"content":{"rendered":"\n<h2 class=\"wp-block-heading\">Ein neues Modell nachhaltiger Automatisierung<\/h2>\n\n\n\n<p>MR4Weld ist eine innovative Automatisierungsl\u00f6sung f\u00fcr den Au\u00dfeneinsatz, die Qualit\u00e4t, Leistung und das Wohlbefinden bei arbeitsintensiven Schwei\u00dfarbeiten verbessert.<\/p>\n\n\n\n<p>Entwickelt in Zusammenarbeit mit Fincantieri, einem der weltweit f\u00fchrenden Schiffsbauer, kann der benutzerfreundliche MR4Weld Mobilroboter autonom bis zu 170 Meter Stahl in einer einzigen Schicht schwei\u00dfen, was einer 3-fachen Steigerung im Vergleich zu manuellen Prozessen entspricht.<\/p>\n\n\n\n<p>Und da das System die geltenden Sicherheitsvorschriften vollst\u00e4ndig erf\u00fcllt, kann es ohne Z\u00e4une auf jedem der mehreren Decks eines Schiffes eingesetzt werden.<\/p>\n\n\n\n<div style=\"height:30px\" aria-hidden=\"true\" class=\"wp-block-spacer\"><\/div>\n\n\n\n<h2 class=\"wp-block-heading\">Automatisierung im Au\u00dfenbereich wird Realit\u00e4t<\/h2>\n\n\n\n<div class=\"wp-block-columns columns-bg-dark is-layout-flex wp-container-core-columns-is-layout-9d6595d7 wp-block-columns-is-layout-flex\">\n<div class=\"wp-block-column is-layout-flow wp-block-column-is-layout-flow\">\n<h3 class=\"wp-block-heading\" id=\"innovations-in-body-assembly\" style=\"font-size:26px;font-style:normal;font-weight:400\">Intelligente mobile Robotik<\/h3>\n\n\n\n<p>Gesteuert von einem einzigen Bediener ohne spezifische Roboterprogrammierkenntnisse, wird MR4Weld durch Sensoren, eingebettete Programmieralgorithmen und eine hochintuitive Navigationssoftware gesteuert, um sich m\u00fchelos in jeder Umgebung zu bewegen.<\/p>\n<\/div>\n\n\n\n<div class=\"wp-block-column is-layout-flow wp-block-column-is-layout-flow\">\n<h3 class=\"wp-block-heading\" id=\"our-solutions-meet-customer-needs\" style=\"font-size:26px;font-style:normal;font-weight:400\">Bessere Schwei\u00dfqualit\u00e4t<\/h3>\n\n\n\n<p>Neben hoher Pr\u00e4zision und Wiederholgenauigkeit verf\u00fcgt MR4Weld \u00fcber digitale Tools zur Erfassung von Schwei\u00df- und Produktionsdaten, die zur R\u00fcckverfolgung und Zertifizierung der Schwei\u00dfnahtqualit\u00e4t verwendet werden k\u00f6nnen.<\/p>\n<\/div>\n<\/div>\n\n\n\n<h2 class=\"wp-block-heading\">Wertsch\u00f6pfende Produktivit\u00e4t<\/h2>\n\n\n\n<p>MR4Weld arbeitet mit einem 6-Achs-Gelenkroboter hoher Traglast, der mit einem Schwei\u00dfbrenner ausgestattet und auf einem Raupenfahrwerk montiert ist. Er ist au\u00dferdem mit einem integrierten Kamera-System ausgestattet, um Schwei\u00dfn\u00e4hte autonom zu identifizieren. Dadurch gew\u00e4hrleistet er kosteng\u00fcnstig eine bessere Qualit\u00e4t, Leistung und Sicherheit. Er kann auch nahtlos in die digitale Infrastruktur von Comau integriert werden, um die Produktivit\u00e4t und Rentabilit\u00e4t w\u00e4hrend des gesamten Projekts weiter zu sichern.<\/p>\n\n\n\n<p>Ein Mehrwert wird auch durch Umschulungen geschaffen, bei denen Mitarbeiter f\u00fcr h\u00f6herwertige T\u00e4tigkeiten wie die Bedienung der Maschine oder die Kontrolle der Prozessqualit\u00e4t geschult werden.<\/p>\n\n\n\n<div style=\"height:25px\" aria-hidden=\"true\" class=\"wp-block-spacer\"><\/div>\n\n\n\n<h2 class=\"wp-block-heading\">Schwei\u00df-Mobilroboter: Unbegrenzte M\u00f6glichkeiten<\/h2>\n\n\n\n<p>Dank seines hochflexiblen Designs kann MR4Weld an eine Vielzahl von Anwendungen f\u00fcr verschiedene M\u00e4rkte angepasst werden.<\/p>\n\n\n\n<p>Dazu geh\u00f6ren alle Bereiche, von der Produktion gro\u00dfer Stahlinfrastrukturprojekte und durchgehender Strukturen f\u00fcr H\u00e4ngebr\u00fccken bis hin zu gro\u00dfen Hebesystemen und vielem mehr.<\/p>\n\n\n\n<h2 class=\"wp-block-heading\">Vorteile<\/h2>\n\n\n\n<ul class=\"wp-block-list\">\n<li>Automatisiertes Schwei\u00dfen vor Ort in Au\u00dfen- und unstrukturierten Umgebungen<\/li>\n\n\n\n<li>Bis zu 3x schneller als manuelles Schwei\u00dfen<\/li>\n\n\n\n<li>F\u00f6rderung von Weiterbildungsm\u00f6glichkeiten f\u00fcr Mitarbeiter<\/li>\n\n\n\n<li>Proaktive Reaktion auf den globalen Mangel an Schwei\u00dffachkr\u00e4ften<\/li>\n\n\n\n<li>Erhebliche Zeit- und Kosteneinsparungen im Vergleich zu manuellen Prozessen<\/li>\n<\/ul>\n","protected":false},"excerpt":{"rendered":"<p>Ein neues Modell nachhaltiger Automatisierung MR4Weld ist eine innovative Automatisierungsl\u00f6sung f\u00fcr den Au\u00dfeneinsatz, die Qualit\u00e4t, Leistung und das Wohlbefinden bei arbeitsintensiven Schwei\u00dfarbeiten verbessert. Entwickelt in Zusammenarbeit mit Fincantieri, einem der weltweit f\u00fchrenden Schiffsbauer, kann der benutzerfreundliche MR4Weld Mobilroboter autonom bis zu 170 Meter Stahl in einer einzigen Schicht schwei\u00dfen, was einer 3-fachen Steigerung im Vergleich [&hellip;]<\/p>\n","protected":false},"author":21,"featured_media":55327,"parent":5716,"menu_order":2,"comment_status":"closed","ping_status":"closed","template":"","meta":{"_acf_changed":false,"ep_exclude_from_search":false,"footnotes":""},"class_list":["post-55287","page","type-page","status-publish","has-post-thumbnail","hentry"],"acf":[],"yoast_head":"<!-- This site is optimized with the Yoast SEO plugin v26.9 - https:\/\/yoast.com\/product\/yoast-seo-wordpress\/ -->\n<title>MR4Weld (Mobiler Schwei\u00dfroboter) - Comau<\/title>\n<meta name=\"description\" content=\"MR4Weld ist eine innovative Automatisierungsl\u00f6sung f\u00fcr den Au\u00dfeneinsatz, die Qualit\u00e4t, Leistung und das Wohlbefinden bei arbeitsintensiven Schwei\u00dfarbeiten verbessert.\" \/>\n<meta name=\"robots\" content=\"index, follow, max-snippet:-1, max-image-preview:large, max-video-preview:-1\" \/>\n<link rel=\"canonical\" href=\"https:\/\/www.comau.com\/de\/competencies\/robotics-automation\/schweiss-mobilroboter\/\" \/>\n<meta property=\"og:locale\" content=\"de_DE\" \/>\n<meta property=\"og:type\" content=\"article\" \/>\n<meta property=\"og:title\" content=\"MR4Weld (Mobiler Schwei\u00dfroboter) - Comau\" \/>\n<meta property=\"og:description\" content=\"MR4Weld ist eine innovative Automatisierungsl\u00f6sung f\u00fcr den Au\u00dfeneinsatz, die Qualit\u00e4t, Leistung und das Wohlbefinden bei arbeitsintensiven Schwei\u00dfarbeiten verbessert.\" \/>\n<meta property=\"og:url\" content=\"https:\/\/www.comau.com\/de\/competencies\/robotics-automation\/schweiss-mobilroboter\/\" \/>\n<meta property=\"og:site_name\" content=\"Comau\" \/>\n<meta property=\"article:publisher\" content=\"https:\/\/www.facebook.com\/COMAU\/\" \/>\n<meta property=\"article:modified_time\" content=\"2025-09-15T02:07:44+00:00\" \/>\n<meta property=\"og:image\" content=\"https:\/\/www.comau.com\/wp-content\/uploads\/2023\/06\/Comau_MR4Weld_Fincantieri-1024x683.jpg\" \/>\n\t<meta property=\"og:image:width\" content=\"1024\" \/>\n\t<meta property=\"og:image:height\" content=\"683\" \/>\n\t<meta property=\"og:image:type\" content=\"image\/jpeg\" \/>\n<meta name=\"twitter:card\" content=\"summary_large_image\" \/>\n<meta name=\"twitter:site\" content=\"@comaugroup\" \/>\n<meta name=\"twitter:label1\" content=\"Gesch\u00e4tzte Lesezeit\" \/>\n\t<meta name=\"twitter:data1\" content=\"2\u00a0Minuten\" \/>\n<script type=\"application\/ld+json\" class=\"yoast-schema-graph\">{\"@context\":\"https:\/\/schema.org\",\"@graph\":[{\"@type\":\"WebPage\",\"@id\":\"https:\/\/www.comau.com\/de\/competencies\/robotics-automation\/schweiss-mobilroboter\/\",\"url\":\"https:\/\/www.comau.com\/de\/competencies\/robotics-automation\/schweiss-mobilroboter\/\",\"name\":\"MR4Weld (Mobiler Schwei\u00dfroboter) - Comau\",\"isPartOf\":{\"@id\":\"https:\/\/www.comau.com\/de\/#website\"},\"primaryImageOfPage\":{\"@id\":\"https:\/\/www.comau.com\/de\/competencies\/robotics-automation\/schweiss-mobilroboter\/#primaryimage\"},\"image\":{\"@id\":\"https:\/\/www.comau.com\/de\/competencies\/robotics-automation\/schweiss-mobilroboter\/#primaryimage\"},\"thumbnailUrl\":\"https:\/\/www.comau.com\/wp-content\/uploads\/2023\/06\/Comau_MR4Weld_Fincantieri.jpg\",\"datePublished\":\"2023-06-27T04:39:12+00:00\",\"dateModified\":\"2025-09-15T02:07:44+00:00\",\"description\":\"MR4Weld ist eine innovative Automatisierungsl\u00f6sung f\u00fcr den Au\u00dfeneinsatz, die Qualit\u00e4t, Leistung und das Wohlbefinden bei arbeitsintensiven Schwei\u00dfarbeiten verbessert.\",\"breadcrumb\":{\"@id\":\"https:\/\/www.comau.com\/de\/competencies\/robotics-automation\/schweiss-mobilroboter\/#breadcrumb\"},\"inLanguage\":\"de\",\"potentialAction\":[{\"@type\":\"ReadAction\",\"target\":[\"https:\/\/www.comau.com\/de\/competencies\/robotics-automation\/schweiss-mobilroboter\/\"]}]},{\"@type\":\"ImageObject\",\"inLanguage\":\"de\",\"@id\":\"https:\/\/www.comau.com\/de\/competencies\/robotics-automation\/schweiss-mobilroboter\/#primaryimage\",\"url\":\"https:\/\/www.comau.com\/wp-content\/uploads\/2023\/06\/Comau_MR4Weld_Fincantieri.jpg\",\"contentUrl\":\"https:\/\/www.comau.com\/wp-content\/uploads\/2023\/06\/Comau_MR4Weld_Fincantieri.jpg\",\"width\":2500,\"height\":1667,\"caption\":\"MR4Weld mobile robot for welding\"},{\"@type\":\"BreadcrumbList\",\"@id\":\"https:\/\/www.comau.com\/de\/competencies\/robotics-automation\/schweiss-mobilroboter\/#breadcrumb\",\"itemListElement\":[{\"@type\":\"ListItem\",\"position\":1,\"name\":\"Home\",\"item\":\"https:\/\/www.comau.com\/de\/\"},{\"@type\":\"ListItem\",\"position\":2,\"name\":\"Unsere Kompetenzen\",\"item\":\"https:\/\/www.comau.com\/de\/competencies\/\"},{\"@type\":\"ListItem\",\"position\":3,\"name\":\"Robotics &amp; Automation\",\"item\":\"https:\/\/www.comau.com\/de\/competencies\/robotics-automation\/\"},{\"@type\":\"ListItem\",\"position\":4,\"name\":\"MR4Weld (Mobiler Schwei\u00dfroboter)\"}]},{\"@type\":\"WebSite\",\"@id\":\"https:\/\/www.comau.com\/de\/#website\",\"url\":\"https:\/\/www.comau.com\/de\/\",\"name\":\"Comau\",\"description\":\"Industrial automation and robotics\",\"publisher\":{\"@id\":\"https:\/\/www.comau.com\/de\/#organization\"},\"potentialAction\":[{\"@type\":\"SearchAction\",\"target\":{\"@type\":\"EntryPoint\",\"urlTemplate\":\"https:\/\/www.comau.com\/de\/?s={search_term_string}\"},\"query-input\":{\"@type\":\"PropertyValueSpecification\",\"valueRequired\":true,\"valueName\":\"search_term_string\"}}],\"inLanguage\":\"de\"},{\"@type\":\"Organization\",\"@id\":\"https:\/\/www.comau.com\/de\/#organization\",\"name\":\"Comau\",\"url\":\"https:\/\/www.comau.com\/de\/\",\"logo\":{\"@type\":\"ImageObject\",\"inLanguage\":\"de\",\"@id\":\"https:\/\/www.comau.com\/de\/#\/schema\/logo\/image\/\",\"url\":\"https:\/\/www.comau.com\/wp-content\/uploads\/2024\/07\/cropped-Logo-COMAU.png\",\"contentUrl\":\"https:\/\/www.comau.com\/wp-content\/uploads\/2024\/07\/cropped-Logo-COMAU.png\",\"width\":434,\"height\":434,\"caption\":\"Comau\"},\"image\":{\"@id\":\"https:\/\/www.comau.com\/de\/#\/schema\/logo\/image\/\"},\"sameAs\":[\"https:\/\/www.facebook.com\/COMAU\/\",\"https:\/\/x.com\/comaugroup\",\"https:\/\/www.instagram.com\/comaugroup\/\",\"https:\/\/www.linkedin.com\/company\/comau\",\"https:\/\/www.youtube.com\/user\/comau\"]}]}<\/script>\n<!-- \/ Yoast SEO plugin. -->","yoast_head_json":{"title":"MR4Weld (Mobiler Schwei\u00dfroboter) - Comau","description":"MR4Weld ist eine innovative Automatisierungsl\u00f6sung f\u00fcr den Au\u00dfeneinsatz, die Qualit\u00e4t, Leistung und das Wohlbefinden bei arbeitsintensiven Schwei\u00dfarbeiten verbessert.","robots":{"index":"index","follow":"follow","max-snippet":"max-snippet:-1","max-image-preview":"max-image-preview:large","max-video-preview":"max-video-preview:-1"},"canonical":"https:\/\/www.comau.com\/de\/competencies\/robotics-automation\/schweiss-mobilroboter\/","og_locale":"de_DE","og_type":"article","og_title":"MR4Weld (Mobiler Schwei\u00dfroboter) - Comau","og_description":"MR4Weld ist eine innovative Automatisierungsl\u00f6sung f\u00fcr den Au\u00dfeneinsatz, die Qualit\u00e4t, Leistung und das Wohlbefinden bei arbeitsintensiven Schwei\u00dfarbeiten verbessert.","og_url":"https:\/\/www.comau.com\/de\/competencies\/robotics-automation\/schweiss-mobilroboter\/","og_site_name":"Comau","article_publisher":"https:\/\/www.facebook.com\/COMAU\/","article_modified_time":"2025-09-15T02:07:44+00:00","og_image":[{"width":1024,"height":683,"url":"https:\/\/www.comau.com\/wp-content\/uploads\/2023\/06\/Comau_MR4Weld_Fincantieri-1024x683.jpg","type":"image\/jpeg"}],"twitter_card":"summary_large_image","twitter_site":"@comaugroup","twitter_misc":{"Gesch\u00e4tzte Lesezeit":"2\u00a0Minuten"},"schema":{"@context":"https:\/\/schema.org","@graph":[{"@type":"WebPage","@id":"https:\/\/www.comau.com\/de\/competencies\/robotics-automation\/schweiss-mobilroboter\/","url":"https:\/\/www.comau.com\/de\/competencies\/robotics-automation\/schweiss-mobilroboter\/","name":"MR4Weld (Mobiler Schwei\u00dfroboter) - Comau","isPartOf":{"@id":"https:\/\/www.comau.com\/de\/#website"},"primaryImageOfPage":{"@id":"https:\/\/www.comau.com\/de\/competencies\/robotics-automation\/schweiss-mobilroboter\/#primaryimage"},"image":{"@id":"https:\/\/www.comau.com\/de\/competencies\/robotics-automation\/schweiss-mobilroboter\/#primaryimage"},"thumbnailUrl":"https:\/\/www.comau.com\/wp-content\/uploads\/2023\/06\/Comau_MR4Weld_Fincantieri.jpg","datePublished":"2023-06-27T04:39:12+00:00","dateModified":"2025-09-15T02:07:44+00:00","description":"MR4Weld ist eine innovative Automatisierungsl\u00f6sung f\u00fcr den Au\u00dfeneinsatz, die Qualit\u00e4t, Leistung und das Wohlbefinden bei arbeitsintensiven Schwei\u00dfarbeiten verbessert.","breadcrumb":{"@id":"https:\/\/www.comau.com\/de\/competencies\/robotics-automation\/schweiss-mobilroboter\/#breadcrumb"},"inLanguage":"de","potentialAction":[{"@type":"ReadAction","target":["https:\/\/www.comau.com\/de\/competencies\/robotics-automation\/schweiss-mobilroboter\/"]}]},{"@type":"ImageObject","inLanguage":"de","@id":"https:\/\/www.comau.com\/de\/competencies\/robotics-automation\/schweiss-mobilroboter\/#primaryimage","url":"https:\/\/www.comau.com\/wp-content\/uploads\/2023\/06\/Comau_MR4Weld_Fincantieri.jpg","contentUrl":"https:\/\/www.comau.com\/wp-content\/uploads\/2023\/06\/Comau_MR4Weld_Fincantieri.jpg","width":2500,"height":1667,"caption":"MR4Weld mobile robot for welding"},{"@type":"BreadcrumbList","@id":"https:\/\/www.comau.com\/de\/competencies\/robotics-automation\/schweiss-mobilroboter\/#breadcrumb","itemListElement":[{"@type":"ListItem","position":1,"name":"Home","item":"https:\/\/www.comau.com\/de\/"},{"@type":"ListItem","position":2,"name":"Unsere Kompetenzen","item":"https:\/\/www.comau.com\/de\/competencies\/"},{"@type":"ListItem","position":3,"name":"Robotics &amp; Automation","item":"https:\/\/www.comau.com\/de\/competencies\/robotics-automation\/"},{"@type":"ListItem","position":4,"name":"MR4Weld (Mobiler Schwei\u00dfroboter)"}]},{"@type":"WebSite","@id":"https:\/\/www.comau.com\/de\/#website","url":"https:\/\/www.comau.com\/de\/","name":"Comau","description":"Industrial automation and robotics","publisher":{"@id":"https:\/\/www.comau.com\/de\/#organization"},"potentialAction":[{"@type":"SearchAction","target":{"@type":"EntryPoint","urlTemplate":"https:\/\/www.comau.com\/de\/?s={search_term_string}"},"query-input":{"@type":"PropertyValueSpecification","valueRequired":true,"valueName":"search_term_string"}}],"inLanguage":"de"},{"@type":"Organization","@id":"https:\/\/www.comau.com\/de\/#organization","name":"Comau","url":"https:\/\/www.comau.com\/de\/","logo":{"@type":"ImageObject","inLanguage":"de","@id":"https:\/\/www.comau.com\/de\/#\/schema\/logo\/image\/","url":"https:\/\/www.comau.com\/wp-content\/uploads\/2024\/07\/cropped-Logo-COMAU.png","contentUrl":"https:\/\/www.comau.com\/wp-content\/uploads\/2024\/07\/cropped-Logo-COMAU.png","width":434,"height":434,"caption":"Comau"},"image":{"@id":"https:\/\/www.comau.com\/de\/#\/schema\/logo\/image\/"},"sameAs":["https:\/\/www.facebook.com\/COMAU\/","https:\/\/x.com\/comaugroup","https:\/\/www.instagram.com\/comaugroup\/","https:\/\/www.linkedin.com\/company\/comau","https:\/\/www.youtube.com\/user\/comau"]}]}},"_links":{"self":[{"href":"https:\/\/www.comau.com\/de\/wp-json\/wp\/v2\/pages\/55287","targetHints":{"allow":["GET"]}}],"collection":[{"href":"https:\/\/www.comau.com\/de\/wp-json\/wp\/v2\/pages"}],"about":[{"href":"https:\/\/www.comau.com\/de\/wp-json\/wp\/v2\/types\/page"}],"author":[{"embeddable":true,"href":"https:\/\/www.comau.com\/de\/wp-json\/wp\/v2\/users\/21"}],"replies":[{"embeddable":true,"href":"https:\/\/www.comau.com\/de\/wp-json\/wp\/v2\/comments?post=55287"}],"version-history":[{"count":5,"href":"https:\/\/www.comau.com\/de\/wp-json\/wp\/v2\/pages\/55287\/revisions"}],"predecessor-version":[{"id":81352,"href":"https:\/\/www.comau.com\/de\/wp-json\/wp\/v2\/pages\/55287\/revisions\/81352"}],"up":[{"embeddable":true,"href":"https:\/\/www.comau.com\/de\/wp-json\/wp\/v2\/pages\/5716"}],"wp:featuredmedia":[{"embeddable":true,"href":"https:\/\/www.comau.com\/de\/wp-json\/wp\/v2\/media\/55327"}],"wp:attachment":[{"href":"https:\/\/www.comau.com\/de\/wp-json\/wp\/v2\/media?parent=55287"}],"curies":[{"name":"wp","href":"https:\/\/api.w.org\/{rel}","templated":true}]}}