{"id":5355,"date":"2021-06-01T00:09:04","date_gmt":"2021-05-31T22:09:04","guid":{"rendered":"https:\/\/www.comau.com\/?page_id=5355"},"modified":"2022-06-22T10:56:31","modified_gmt":"2022-06-22T08:56:31","slug":"funded-projects","status":"publish","type":"page","link":"https:\/\/www.comau.com\/de\/about-us\/funded-projects\/","title":{"rendered":"Funded Projects"},"content":{"rendered":"\n<h2 class=\"wp-block-heading\" id=\"projects\">Projekte<\/h2>\n\n\n\n<p>The industrial landscape is in constant evolution. For this reason, Comau is an active collaborator in an interDie industrielle Landschaft ist in st\u00e4ndiger Entwicklung begriffen. Aus diesem Grund beteiligt sich Comau aktiv an einem internationalen Netzwerk, das zahlreiche Projekte erforscht und umsetzt, um die Innovation und Wettbewerbsf\u00e4higkeit in den f\u00fcr die Gesellschaft strategisch wichtigen Branchen zu f\u00f6rdern. Gemeinsam mit \u00f6ffentlichen Einrichtungen, Universit\u00e4ten und Unternehmen der Privatwirtschaft nutzen wir unsere langj\u00e4hrige Erfahrung und unser umfassendes Know-how auf Gebieten wie Robotik, Automatisierung, Elektrifizierung, Antriebsstr\u00e4nge &amp; maschinelle Bearbeitung, um gro\u00dfen Herstellern und KMU dabei zu helfen, mit den Ver\u00e4nderungen auf den globalen M\u00e4rkten Schritt zu halten.<\/p>\n\n\n\n<div class=\"wp-block-columns is-layout-flex wp-container-core-columns-is-layout-9d6595d7 wp-block-columns-is-layout-flex\">\n<div class=\"wp-block-column is-layout-flow wp-block-column-is-layout-flow\">\n<h3 class=\"h3 wp-block-heading\" id=\"powertrain-machining\">Antriebsstr\u00e4nge &amp; Maschinelle Bearbeitung<\/h3>\n\n\n\n<figure class=\"wp-block-image size-large\"><img decoding=\"async\" width=\"1024\" height=\"683\" src=\"https:\/\/www.comau.com\/wp-content\/uploads\/2021\/12\/d0c58795a0c559f14c2baffd7655fcd2-1024x683.jpg\" alt=\"\" class=\"wp-image-40203\" srcset=\"https:\/\/www.comau.com\/wp-content\/uploads\/2021\/12\/d0c58795a0c559f14c2baffd7655fcd2-1024x683.jpg 1024w, https:\/\/www.comau.com\/wp-content\/uploads\/2021\/12\/d0c58795a0c559f14c2baffd7655fcd2-300x200.jpg 300w, https:\/\/www.comau.com\/wp-content\/uploads\/2021\/12\/d0c58795a0c559f14c2baffd7655fcd2-768x512.jpg 768w, https:\/\/www.comau.com\/wp-content\/uploads\/2021\/12\/d0c58795a0c559f14c2baffd7655fcd2.jpg 1236w\" sizes=\"(max-width: 1024px) 100vw, 1024px\" \/><\/figure>\n\n\n\n<p>Mit den Jahren hat sich die Erfahrung von Comau im Bereich Antriebsstr\u00e4nge und maschinelle Bearbeitung f\u00fcr viele europ\u00e4ische Projekte als eine wichtige Unterst\u00fctzung erwiesen.<\/p>\n\n\n\n<div class=\"wp-block-buttons is-layout-flex wp-block-buttons-is-layout-flex\">\n<div class=\"wp-block-button\"><a class=\"wp-block-button__link\" href=\"https:\/\/www.comau.com\/en\/our-offer\/systems\/powertrain-machining\/\">Mehr Erfahren<\/a><\/div>\n<\/div>\n<\/div>\n\n\n\n<div class=\"wp-block-column is-layout-flow wp-block-column-is-layout-flow\">\n<h3 class=\"h3 wp-block-heading\" id=\"robotics\">Robotik<\/h3>\n\n\n\n<figure class=\"wp-block-image size-large\"><img decoding=\"async\" width=\"1024\" height=\"683\" src=\"https:\/\/www.comau.com\/wp-content\/uploads\/2021\/12\/2ad4c4d31a97ac7de034a3a4d3908fde-1024x683.jpg\" alt=\"\" class=\"wp-image-40216\" srcset=\"https:\/\/www.comau.com\/wp-content\/uploads\/2021\/12\/2ad4c4d31a97ac7de034a3a4d3908fde-1024x683.jpg 1024w, https:\/\/www.comau.com\/wp-content\/uploads\/2021\/12\/2ad4c4d31a97ac7de034a3a4d3908fde-300x200.jpg 300w, https:\/\/www.comau.com\/wp-content\/uploads\/2021\/12\/2ad4c4d31a97ac7de034a3a4d3908fde-768x512.jpg 768w, https:\/\/www.comau.com\/wp-content\/uploads\/2021\/12\/2ad4c4d31a97ac7de034a3a4d3908fde.jpg 1236w\" sizes=\"(max-width: 1024px) 100vw, 1024px\" \/><\/figure>\n\n\n\n<p>Eine jahrzehntelange Erfahrung hat Comau zu einer renommierten Marke in der Roboterindustrie gemacht.<\/p>\n\n\n\n<div class=\"wp-block-buttons is-layout-flex wp-block-buttons-is-layout-flex\">\n<div class=\"wp-block-button\"><a class=\"wp-block-button__link\" href=\"https:\/\/www.comau.com\/en\/about-us\/funded-projects\/robotics\/\">Mehr Erfahren<\/a><\/div>\n<\/div>\n<\/div>\n<\/div>\n\n\n\n<div class=\"wp-block-columns is-layout-flex wp-container-core-columns-is-layout-9d6595d7 wp-block-columns-is-layout-flex\">\n<div class=\"wp-block-column is-layout-flow wp-block-column-is-layout-flow\">\n<h3 class=\"h3 wp-block-heading\" id=\"electrification\">Elektrifizierung<\/h3>\n\n\n\n<figure class=\"wp-block-image size-large\"><img decoding=\"async\" width=\"1024\" height=\"683\" src=\"https:\/\/www.comau.com\/wp-content\/uploads\/2021\/12\/bab347429023515b276770d624beb964-1024x683.jpg\" alt=\"\" class=\"wp-image-40223\" srcset=\"https:\/\/www.comau.com\/wp-content\/uploads\/2021\/12\/bab347429023515b276770d624beb964-1024x683.jpg 1024w, https:\/\/www.comau.com\/wp-content\/uploads\/2021\/12\/bab347429023515b276770d624beb964-300x200.jpg 300w, https:\/\/www.comau.com\/wp-content\/uploads\/2021\/12\/bab347429023515b276770d624beb964-768x512.jpg 768w, https:\/\/www.comau.com\/wp-content\/uploads\/2021\/12\/bab347429023515b276770d624beb964.jpg 1236w\" sizes=\"(max-width: 1024px) 100vw, 1024px\" \/><\/figure>\n\n\n\n<p>In zahlreichen Branchen von der Mobilit\u00e4t bis hin zur Industrieproduktion verwandelt die Elektrifizierung die industrielle Landschaft in Europa.<\/p>\n\n\n\n<div class=\"wp-block-buttons is-layout-flex wp-block-buttons-is-layout-flex\">\n<div class=\"wp-block-button\"><a class=\"wp-block-button__link\" href=\"https:\/\/www.comau.com\/en\/about-us\/funded-projects\/electrification\/\">Mehr Erfahren<\/a><\/div>\n<\/div>\n<\/div>\n\n\n\n<div class=\"wp-block-column is-layout-flow wp-block-column-is-layout-flow\">\n<h3 class=\"h3 wp-block-heading\" id=\"automation-system\">Automatisierungssysteme<\/h3>\n\n\n\n<figure class=\"wp-block-image size-full\"><img decoding=\"async\" width=\"1024\" height=\"683\" src=\"https:\/\/www.comau.com\/wp-content\/uploads\/2021\/12\/Automation-System-1.jpg\" alt=\"\" class=\"wp-image-40978\" srcset=\"https:\/\/www.comau.com\/wp-content\/uploads\/2021\/12\/Automation-System-1.jpg 1024w, https:\/\/www.comau.com\/wp-content\/uploads\/2021\/12\/Automation-System-1-300x200.jpg 300w, https:\/\/www.comau.com\/wp-content\/uploads\/2021\/12\/Automation-System-1-768x512.jpg 768w\" sizes=\"(max-width: 1024px) 100vw, 1024px\" \/><\/figure>\n\n\n\n<p>Dank seines umfassenden Angebots an Automatisierungsl\u00f6sungen hat sich Comau zu einem wichtigen Partner in zahlreichen nationalen und internationalen Projekten entwickelt.<\/p>\n\n\n\n<div class=\"wp-block-buttons is-layout-flex wp-block-buttons-is-layout-flex\">\n<div class=\"wp-block-button\"><a class=\"wp-block-button__link\" href=\"https:\/\/www.comau.com\/en\/about-us\/funded-projects\/automation-system\/\">Mehr Erfahren<\/a><\/div>\n<\/div>\n<\/div>\n<\/div>\n\n\n\n<div class=\"wp-block-columns is-layout-flex wp-container-core-columns-is-layout-9d6595d7 wp-block-columns-is-layout-flex\">\n<div class=\"wp-block-column is-layout-flow wp-block-column-is-layout-flow\">\n<h3 class=\"h3 wp-block-heading\" id=\"digital-innovation\">Digitale Innovation<\/h3>\n\n\n\n<figure class=\"wp-block-image size-large\"><img decoding=\"async\" width=\"1024\" height=\"683\" src=\"https:\/\/www.comau.com\/wp-content\/uploads\/2021\/12\/aca627849905f30cd9d164fe07c8fd25-1024x683.jpg\" alt=\"\" class=\"wp-image-40235\" srcset=\"https:\/\/www.comau.com\/wp-content\/uploads\/2021\/12\/aca627849905f30cd9d164fe07c8fd25-1024x683.jpg 1024w, https:\/\/www.comau.com\/wp-content\/uploads\/2021\/12\/aca627849905f30cd9d164fe07c8fd25-300x200.jpg 300w, https:\/\/www.comau.com\/wp-content\/uploads\/2021\/12\/aca627849905f30cd9d164fe07c8fd25-768x512.jpg 768w, https:\/\/www.comau.com\/wp-content\/uploads\/2021\/12\/aca627849905f30cd9d164fe07c8fd25.jpg 1236w\" sizes=\"(max-width: 1024px) 100vw, 1024px\" \/><\/figure>\n\n\n\n<p>Die digitale Erfahrung von Comau hat sich \u00fcber die Jahre f\u00fcr zahlreiche Projekte in Europa als sehr wertvoll erwiesen.<\/p>\n\n\n\n<div class=\"wp-block-buttons is-layout-flex wp-block-buttons-is-layout-flex\">\n<div class=\"wp-block-button\"><a class=\"wp-block-button__link\" href=\"https:\/\/www.comau.com\/en\/about-us\/funded-projects\/digital-innovation-projects\/\">Mehr Erfahren<\/a><\/div>\n<\/div>\n<\/div>\n\n\n\n<div class=\"wp-block-column is-layout-flow wp-block-column-is-layout-flow\"><\/div>\n<\/div>\n","protected":false},"excerpt":{"rendered":"<p>Projekte The industrial landscape is in constant evolution. For this reason, Comau is an active collaborator in an interDie industrielle Landschaft ist in st\u00e4ndiger Entwicklung begriffen. Aus diesem Grund beteiligt sich Comau aktiv an einem internationalen Netzwerk, das zahlreiche Projekte erforscht und umsetzt, um die Innovation und Wettbewerbsf\u00e4higkeit in den f\u00fcr die Gesellschaft strategisch wichtigen [&hellip;]<\/p>\n","protected":false},"author":11,"featured_media":40210,"parent":5216,"menu_order":9,"comment_status":"closed","ping_status":"closed","template":"","meta":{"_acf_changed":false,"ep_exclude_from_search":false,"footnotes":""},"class_list":["post-5355","page","type-page","status-publish","has-post-thumbnail","hentry"],"acf":[],"yoast_head":"<!-- This site is optimized with the Yoast SEO plugin v26.9 - https:\/\/yoast.com\/product\/yoast-seo-wordpress\/ -->\n<title>Industrielle Automatisierung und System\u00fcberwachung | Comau<\/title>\n<meta name=\"description\" content=\"Informieren Sie sich \u00fcber die industriellen Automatisierungsprojekte von Comau und finden Sie die L\u00f6sung, die Ihren Bed\u00fcrfnissen am n\u00e4chsten kommt.\" \/>\n<meta name=\"robots\" content=\"index, follow, max-snippet:-1, max-image-preview:large, max-video-preview:-1\" \/>\n<link rel=\"canonical\" href=\"https:\/\/www.comau.com\/de\/about-us\/funded-projects\/\" \/>\n<meta property=\"og:locale\" content=\"de_DE\" \/>\n<meta property=\"og:type\" content=\"article\" \/>\n<meta property=\"og:title\" content=\"Industrielle Automatisierung und System\u00fcberwachung | Comau\" \/>\n<meta property=\"og:description\" content=\"Informieren Sie sich \u00fcber die industriellen Automatisierungsprojekte von Comau und finden Sie die L\u00f6sung, die Ihren Bed\u00fcrfnissen am n\u00e4chsten kommt.\" \/>\n<meta property=\"og:url\" content=\"https:\/\/www.comau.com\/de\/about-us\/funded-projects\/\" \/>\n<meta property=\"og:site_name\" content=\"Comau\" \/>\n<meta property=\"article:publisher\" content=\"https:\/\/www.facebook.com\/COMAU\/\" \/>\n<meta property=\"article:modified_time\" content=\"2022-06-22T08:56:31+00:00\" \/>\n<meta property=\"og:image\" content=\"https:\/\/www.comau.com\/wp-content\/uploads\/2021\/12\/shutterstock_1708245121-scaled.jpg\" \/>\n\t<meta property=\"og:image:width\" content=\"2560\" \/>\n\t<meta property=\"og:image:height\" content=\"808\" \/>\n\t<meta property=\"og:image:type\" content=\"image\/jpeg\" \/>\n<meta name=\"twitter:card\" content=\"summary_large_image\" \/>\n<meta name=\"twitter:site\" content=\"@comaugroup\" \/>\n<meta name=\"twitter:label1\" content=\"Gesch\u00e4tzte Lesezeit\" \/>\n\t<meta name=\"twitter:data1\" content=\"3\u00a0Minuten\" \/>\n<script type=\"application\/ld+json\" class=\"yoast-schema-graph\">{\"@context\":\"https:\/\/schema.org\",\"@graph\":[{\"@type\":\"WebPage\",\"@id\":\"https:\/\/www.comau.com\/de\/about-us\/funded-projects\/\",\"url\":\"https:\/\/www.comau.com\/de\/about-us\/funded-projects\/\",\"name\":\"Industrielle Automatisierung und System\u00fcberwachung | Comau\",\"isPartOf\":{\"@id\":\"https:\/\/www.comau.com\/de\/#website\"},\"primaryImageOfPage\":{\"@id\":\"https:\/\/www.comau.com\/de\/about-us\/funded-projects\/#primaryimage\"},\"image\":{\"@id\":\"https:\/\/www.comau.com\/de\/about-us\/funded-projects\/#primaryimage\"},\"thumbnailUrl\":\"https:\/\/www.comau.com\/wp-content\/uploads\/2021\/12\/shutterstock_1708245121-scaled.jpg\",\"datePublished\":\"2021-05-31T22:09:04+00:00\",\"dateModified\":\"2022-06-22T08:56:31+00:00\",\"description\":\"Informieren Sie sich \u00fcber die industriellen Automatisierungsprojekte von Comau und finden Sie die L\u00f6sung, die Ihren Bed\u00fcrfnissen am n\u00e4chsten kommt.\",\"breadcrumb\":{\"@id\":\"https:\/\/www.comau.com\/de\/about-us\/funded-projects\/#breadcrumb\"},\"inLanguage\":\"de\",\"potentialAction\":[{\"@type\":\"ReadAction\",\"target\":[\"https:\/\/www.comau.com\/de\/about-us\/funded-projects\/\"]}]},{\"@type\":\"ImageObject\",\"inLanguage\":\"de\",\"@id\":\"https:\/\/www.comau.com\/de\/about-us\/funded-projects\/#primaryimage\",\"url\":\"https:\/\/www.comau.com\/wp-content\/uploads\/2021\/12\/shutterstock_1708245121-scaled.jpg\",\"contentUrl\":\"https:\/\/www.comau.com\/wp-content\/uploads\/2021\/12\/shutterstock_1708245121-scaled.jpg\",\"width\":2560,\"height\":808},{\"@type\":\"BreadcrumbList\",\"@id\":\"https:\/\/www.comau.com\/de\/about-us\/funded-projects\/#breadcrumb\",\"itemListElement\":[{\"@type\":\"ListItem\",\"position\":1,\"name\":\"Home\",\"item\":\"https:\/\/www.comau.com\/de\/\"},{\"@type\":\"ListItem\",\"position\":2,\"name\":\"\u00dcber Comau\",\"item\":\"https:\/\/www.comau.com\/de\/about-us\/\"},{\"@type\":\"ListItem\",\"position\":3,\"name\":\"Funded Projects\"}]},{\"@type\":\"WebSite\",\"@id\":\"https:\/\/www.comau.com\/de\/#website\",\"url\":\"https:\/\/www.comau.com\/de\/\",\"name\":\"Comau\",\"description\":\"Industrial automation and robotics\",\"publisher\":{\"@id\":\"https:\/\/www.comau.com\/de\/#organization\"},\"potentialAction\":[{\"@type\":\"SearchAction\",\"target\":{\"@type\":\"EntryPoint\",\"urlTemplate\":\"https:\/\/www.comau.com\/de\/?s={search_term_string}\"},\"query-input\":{\"@type\":\"PropertyValueSpecification\",\"valueRequired\":true,\"valueName\":\"search_term_string\"}}],\"inLanguage\":\"de\"},{\"@type\":\"Organization\",\"@id\":\"https:\/\/www.comau.com\/de\/#organization\",\"name\":\"Comau\",\"url\":\"https:\/\/www.comau.com\/de\/\",\"logo\":{\"@type\":\"ImageObject\",\"inLanguage\":\"de\",\"@id\":\"https:\/\/www.comau.com\/de\/#\/schema\/logo\/image\/\",\"url\":\"https:\/\/www.comau.com\/wp-content\/uploads\/2024\/07\/cropped-Logo-COMAU.png\",\"contentUrl\":\"https:\/\/www.comau.com\/wp-content\/uploads\/2024\/07\/cropped-Logo-COMAU.png\",\"width\":434,\"height\":434,\"caption\":\"Comau\"},\"image\":{\"@id\":\"https:\/\/www.comau.com\/de\/#\/schema\/logo\/image\/\"},\"sameAs\":[\"https:\/\/www.facebook.com\/COMAU\/\",\"https:\/\/x.com\/comaugroup\",\"https:\/\/www.instagram.com\/comaugroup\/\",\"https:\/\/www.linkedin.com\/company\/comau\",\"https:\/\/www.youtube.com\/user\/comau\"]}]}<\/script>\n<!-- \/ Yoast SEO plugin. -->","yoast_head_json":{"title":"Industrielle Automatisierung und System\u00fcberwachung | Comau","description":"Informieren Sie sich \u00fcber die industriellen Automatisierungsprojekte von Comau und finden Sie die L\u00f6sung, die Ihren Bed\u00fcrfnissen am n\u00e4chsten kommt.","robots":{"index":"index","follow":"follow","max-snippet":"max-snippet:-1","max-image-preview":"max-image-preview:large","max-video-preview":"max-video-preview:-1"},"canonical":"https:\/\/www.comau.com\/de\/about-us\/funded-projects\/","og_locale":"de_DE","og_type":"article","og_title":"Industrielle Automatisierung und System\u00fcberwachung | Comau","og_description":"Informieren Sie sich \u00fcber die industriellen Automatisierungsprojekte von Comau und finden Sie die L\u00f6sung, die Ihren Bed\u00fcrfnissen am n\u00e4chsten kommt.","og_url":"https:\/\/www.comau.com\/de\/about-us\/funded-projects\/","og_site_name":"Comau","article_publisher":"https:\/\/www.facebook.com\/COMAU\/","article_modified_time":"2022-06-22T08:56:31+00:00","og_image":[{"width":2560,"height":808,"url":"https:\/\/www.comau.com\/wp-content\/uploads\/2021\/12\/shutterstock_1708245121-scaled.jpg","type":"image\/jpeg"}],"twitter_card":"summary_large_image","twitter_site":"@comaugroup","twitter_misc":{"Gesch\u00e4tzte Lesezeit":"3\u00a0Minuten"},"schema":{"@context":"https:\/\/schema.org","@graph":[{"@type":"WebPage","@id":"https:\/\/www.comau.com\/de\/about-us\/funded-projects\/","url":"https:\/\/www.comau.com\/de\/about-us\/funded-projects\/","name":"Industrielle Automatisierung und System\u00fcberwachung | Comau","isPartOf":{"@id":"https:\/\/www.comau.com\/de\/#website"},"primaryImageOfPage":{"@id":"https:\/\/www.comau.com\/de\/about-us\/funded-projects\/#primaryimage"},"image":{"@id":"https:\/\/www.comau.com\/de\/about-us\/funded-projects\/#primaryimage"},"thumbnailUrl":"https:\/\/www.comau.com\/wp-content\/uploads\/2021\/12\/shutterstock_1708245121-scaled.jpg","datePublished":"2021-05-31T22:09:04+00:00","dateModified":"2022-06-22T08:56:31+00:00","description":"Informieren Sie sich \u00fcber die industriellen Automatisierungsprojekte von Comau und finden Sie die L\u00f6sung, die Ihren Bed\u00fcrfnissen am n\u00e4chsten kommt.","breadcrumb":{"@id":"https:\/\/www.comau.com\/de\/about-us\/funded-projects\/#breadcrumb"},"inLanguage":"de","potentialAction":[{"@type":"ReadAction","target":["https:\/\/www.comau.com\/de\/about-us\/funded-projects\/"]}]},{"@type":"ImageObject","inLanguage":"de","@id":"https:\/\/www.comau.com\/de\/about-us\/funded-projects\/#primaryimage","url":"https:\/\/www.comau.com\/wp-content\/uploads\/2021\/12\/shutterstock_1708245121-scaled.jpg","contentUrl":"https:\/\/www.comau.com\/wp-content\/uploads\/2021\/12\/shutterstock_1708245121-scaled.jpg","width":2560,"height":808},{"@type":"BreadcrumbList","@id":"https:\/\/www.comau.com\/de\/about-us\/funded-projects\/#breadcrumb","itemListElement":[{"@type":"ListItem","position":1,"name":"Home","item":"https:\/\/www.comau.com\/de\/"},{"@type":"ListItem","position":2,"name":"\u00dcber Comau","item":"https:\/\/www.comau.com\/de\/about-us\/"},{"@type":"ListItem","position":3,"name":"Funded Projects"}]},{"@type":"WebSite","@id":"https:\/\/www.comau.com\/de\/#website","url":"https:\/\/www.comau.com\/de\/","name":"Comau","description":"Industrial automation and robotics","publisher":{"@id":"https:\/\/www.comau.com\/de\/#organization"},"potentialAction":[{"@type":"SearchAction","target":{"@type":"EntryPoint","urlTemplate":"https:\/\/www.comau.com\/de\/?s={search_term_string}"},"query-input":{"@type":"PropertyValueSpecification","valueRequired":true,"valueName":"search_term_string"}}],"inLanguage":"de"},{"@type":"Organization","@id":"https:\/\/www.comau.com\/de\/#organization","name":"Comau","url":"https:\/\/www.comau.com\/de\/","logo":{"@type":"ImageObject","inLanguage":"de","@id":"https:\/\/www.comau.com\/de\/#\/schema\/logo\/image\/","url":"https:\/\/www.comau.com\/wp-content\/uploads\/2024\/07\/cropped-Logo-COMAU.png","contentUrl":"https:\/\/www.comau.com\/wp-content\/uploads\/2024\/07\/cropped-Logo-COMAU.png","width":434,"height":434,"caption":"Comau"},"image":{"@id":"https:\/\/www.comau.com\/de\/#\/schema\/logo\/image\/"},"sameAs":["https:\/\/www.facebook.com\/COMAU\/","https:\/\/x.com\/comaugroup","https:\/\/www.instagram.com\/comaugroup\/","https:\/\/www.linkedin.com\/company\/comau","https:\/\/www.youtube.com\/user\/comau"]}]}},"_links":{"self":[{"href":"https:\/\/www.comau.com\/de\/wp-json\/wp\/v2\/pages\/5355","targetHints":{"allow":["GET"]}}],"collection":[{"href":"https:\/\/www.comau.com\/de\/wp-json\/wp\/v2\/pages"}],"about":[{"href":"https:\/\/www.comau.com\/de\/wp-json\/wp\/v2\/types\/page"}],"author":[{"embeddable":true,"href":"https:\/\/www.comau.com\/de\/wp-json\/wp\/v2\/users\/11"}],"replies":[{"embeddable":true,"href":"https:\/\/www.comau.com\/de\/wp-json\/wp\/v2\/comments?post=5355"}],"version-history":[{"count":65,"href":"https:\/\/www.comau.com\/de\/wp-json\/wp\/v2\/pages\/5355\/revisions"}],"predecessor-version":[{"id":46108,"href":"https:\/\/www.comau.com\/de\/wp-json\/wp\/v2\/pages\/5355\/revisions\/46108"}],"up":[{"embeddable":true,"href":"https:\/\/www.comau.com\/de\/wp-json\/wp\/v2\/pages\/5216"}],"wp:featuredmedia":[{"embeddable":true,"href":"https:\/\/www.comau.com\/de\/wp-json\/wp\/v2\/media\/40210"}],"wp:attachment":[{"href":"https:\/\/www.comau.com\/de\/wp-json\/wp\/v2\/media?parent=5355"}],"curies":[{"name":"wp","href":"https:\/\/api.w.org\/{rel}","templated":true}]}}