{"id":5347,"date":"2021-06-01T00:08:19","date_gmt":"2021-05-31T22:08:19","guid":{"rendered":"https:\/\/www.comau.com\/?page_id=5347"},"modified":"2025-04-07T09:46:34","modified_gmt":"2025-04-07T07:46:34","slug":"suppliers","status":"publish","type":"page","link":"https:\/\/www.comau.com\/de\/about-us\/suppliers\/","title":{"rendered":"Zulieferer"},"content":{"rendered":"\n<p>\u200bComau wei\u00df, welche bedeutende Rolle den Zulieferern bei der Unterst\u00fctzung seiner Kunden zukommt.<\/p>\n\n\n\n<p>Deshalb betrachten wir bei Comau unsere Zulieferer als Partner. Wichtige Partner, auf die wir uns verlassen k\u00f6nnen, wenn es darum geht, das hohe Leistungs- und Qualit\u00e4tsniveau aufrechtzuerhalten, f\u00fcr das Comau bekannt ist. Deswegen sind wir intensiv bem\u00fcht, Ihnen die erforderlichen Instrumente und Dienstleistungen zur St\u00e4rkung Ihrer Kompetenz bereitzustellen, Ihre Aktivit\u00e4ten noch effizienter zu unterst\u00fctzen und eine enge und produktive Beziehung zu Comau zu f\u00f6rdern.<\/p>\n\n\n\n<p>Wir unterst\u00fctzen Sie in Bezug auf folgende Aspekte:<\/p>\n\n\n\n<ul class=\"wp-block-list\">\n<li>Zeitnaher Zugriff auf Informationen<\/li>\n\n\n\n<li>Einfache Erstellung und Pr\u00fcfung von Bestellungen und Rechnungen<\/li>\n\n\n\n<li>Senkung betrieblicher Kosten durch rationalisierte Prozesse<\/li>\n\n\n\n<li>Vereinfachte Kommunikation bei aufkommenden Fragen<\/li>\n\n\n\n<li>Quelleninformationen \u00fcber Ihre Gesch\u00e4ftsabl\u00e4ufe und Beschaffungsanforderungen<\/li>\n<\/ul>\n\n\n\n<div class=\"wp-block-getwid-toggle download-dropdown has-icon-left\">\n<div class=\"wp-block-getwid-toggle__row\"><div class=\"wp-block-getwid-toggle__header-wrapper\"><span class=\"wp-block-getwid-toggle__header\"><a href=\"#\"><span class=\"wp-block-getwid-toggle__header-title\">Download<\/span><span class=\"wp-block-getwid-toggle__icon is-active\"><i class=\"fas fa-plus\"><\/i><\/span><span class=\"wp-block-getwid-toggle__icon is-passive\"><i class=\"fas fa-minus\"><\/i><\/span><\/a><\/span><\/div><div class=\"wp-block-getwid-toggle__content-wrapper\"><div class=\"wp-block-getwid-toggle__content\">\n<div class=\"wp-block-getwid-button-group\"><div class=\"wp-block-getwid-button-group__wrapper\">\n<div class=\"wp-block-button\"><a class=\"wp-block-button__link wp-element-button\" href=\"https:\/\/www.comau.com\/wp-content\/uploads\/2021\/06\/EN_supplierstermsconditions_usa.pdf\" target=\"_blank\" rel=\"noreferrer noopener\">Terms and Conditions USA<\/a><\/div>\n\n\n\n<div class=\"wp-block-button\"><a class=\"wp-block-button__link wp-element-button\" href=\"https:\/\/www.comau.com\/wp-content\/uploads\/2025\/04\/EN_routinginstructions_suppliers_usa-april-2025.pdf\" target=\"_blank\" rel=\"noreferrer noopener\">Comau Routing Instructions Suppliers USA<\/a><\/div>\n\n\n\n<div class=\"wp-block-button\"><a class=\"wp-block-button__link wp-element-button\" href=\"https:\/\/www.comau.com\/wp-content\/uploads\/2021\/06\/Comau_California_Transparency_SupplyChains_Act.pdf\" target=\"_blank\" rel=\"noreferrer noopener\">\u201cCalifornia Transparency in Supply Chains Act\u201d Statement<\/a><\/div>\n\n\n\n<div class=\"wp-block-button\"><a class=\"wp-block-button__link wp-element-button\" href=\"https:\/\/www.comau.com\/wp-content\/uploads\/2024\/01\/Comau-Italy-Routing-Instructions-PO-2024-rev-01242024eg.pdf\" target=\"_blank\" rel=\"noreferrer noopener\">Comau Routing Instructions Suppliers Italy<\/a><\/div>\n\n\n\n<div class=\"wp-block-button\"><a class=\"wp-block-button__link wp-element-button\" href=\"https:\/\/www.comau.com\/wp-content\/uploads\/2021\/06\/EN_routinginstructions_suppliers_mexico.pdf\" target=\"_blank\" rel=\"noreferrer noopener\">Comau Routing Instructions Suppliers Mexico<\/a><\/div>\n\n\n\n<div class=\"wp-block-button\"><a class=\"wp-block-button__link wp-element-button\" href=\"https:\/\/www.comau.com\/wp-content\/uploads\/2022\/09\/COMAU-AT___Termos-e-Condicoes-Gerais-para-a-Compra-de-Bens-e-Produtos__v1.10.2021.pdf\" target=\"_blank\" rel=\"noreferrer noopener\">Terms and Conditions Brazil<\/a><\/div>\n\n\n\n<div class=\"wp-block-button\"><a class=\"wp-block-button__link wp-element-button\" href=\"https:\/\/www.comau.com\/wp-content\/uploads\/2021\/06\/EN_ES_supplierstermsconditions_mexico.pdf\" target=\"_blank\" rel=\"noreferrer noopener\">Terms and Conditions Mexico EN and ES<\/a><\/div>\n<\/div><\/div>\n<\/div><\/div><\/div>\n<\/div>\n\n\n\n<p><\/p>\n","protected":false},"excerpt":{"rendered":"<p>\u200bComau wei\u00df, welche bedeutende Rolle den Zulieferern bei der Unterst\u00fctzung seiner Kunden zukommt. Deshalb betrachten wir bei Comau unsere Zulieferer als Partner. Wichtige Partner, auf die wir uns verlassen k\u00f6nnen, wenn es darum geht, das hohe Leistungs- und Qualit\u00e4tsniveau aufrechtzuerhalten, f\u00fcr das Comau bekannt ist. Deswegen sind wir intensiv bem\u00fcht, Ihnen die erforderlichen Instrumente und [&hellip;]<\/p>\n","protected":false},"author":11,"featured_media":4165,"parent":5216,"menu_order":8,"comment_status":"closed","ping_status":"closed","template":"","meta":{"_acf_changed":false,"ep_exclude_from_search":false,"footnotes":""},"class_list":["post-5347","page","type-page","status-publish","has-post-thumbnail","hentry"],"acf":[],"yoast_head":"<!-- This site is optimized with the Yoast SEO plugin v26.9 - https:\/\/yoast.com\/product\/yoast-seo-wordpress\/ -->\n<title>Zulieferer - Comau<\/title>\n<meta name=\"description\" content=\"Wichtige Partner, auf die wir uns verlassen k\u00f6nnen, wenn es darum geht, das hohe Leistungs- und Qualit\u00e4tsniveau aufrechtzuerhalten.\" \/>\n<meta name=\"robots\" content=\"index, follow, max-snippet:-1, max-image-preview:large, max-video-preview:-1\" \/>\n<link rel=\"canonical\" href=\"https:\/\/www.comau.com\/de\/about-us\/suppliers\/\" \/>\n<meta property=\"og:locale\" content=\"de_DE\" \/>\n<meta property=\"og:type\" content=\"article\" \/>\n<meta property=\"og:title\" content=\"Zulieferer - Comau\" \/>\n<meta property=\"og:description\" content=\"Wichtige Partner, auf die wir uns verlassen k\u00f6nnen, wenn es darum geht, das hohe Leistungs- und Qualit\u00e4tsniveau aufrechtzuerhalten.\" \/>\n<meta property=\"og:url\" content=\"https:\/\/www.comau.com\/de\/about-us\/suppliers\/\" \/>\n<meta property=\"og:site_name\" content=\"Comau\" \/>\n<meta property=\"article:publisher\" content=\"https:\/\/www.facebook.com\/COMAU\/\" \/>\n<meta property=\"article:modified_time\" content=\"2025-04-07T07:46:34+00:00\" \/>\n<meta property=\"og:image\" content=\"https:\/\/www.comau.com\/wp-content\/uploads\/2021\/06\/suppliers_header.jpg\" \/>\n\t<meta property=\"og:image:width\" content=\"1280\" \/>\n\t<meta property=\"og:image:height\" content=\"485\" \/>\n\t<meta property=\"og:image:type\" content=\"image\/jpeg\" \/>\n<meta name=\"twitter:card\" content=\"summary_large_image\" \/>\n<meta name=\"twitter:site\" content=\"@comaugroup\" \/>\n<meta name=\"twitter:label1\" content=\"Gesch\u00e4tzte Lesezeit\" \/>\n\t<meta name=\"twitter:data1\" content=\"2\u00a0Minuten\" \/>\n<script type=\"application\/ld+json\" class=\"yoast-schema-graph\">{\"@context\":\"https:\/\/schema.org\",\"@graph\":[{\"@type\":\"WebPage\",\"@id\":\"https:\/\/www.comau.com\/de\/about-us\/suppliers\/\",\"url\":\"https:\/\/www.comau.com\/de\/about-us\/suppliers\/\",\"name\":\"Zulieferer - Comau\",\"isPartOf\":{\"@id\":\"https:\/\/www.comau.com\/de\/#website\"},\"primaryImageOfPage\":{\"@id\":\"https:\/\/www.comau.com\/de\/about-us\/suppliers\/#primaryimage\"},\"image\":{\"@id\":\"https:\/\/www.comau.com\/de\/about-us\/suppliers\/#primaryimage\"},\"thumbnailUrl\":\"https:\/\/www.comau.com\/wp-content\/uploads\/2021\/06\/suppliers_header.jpg\",\"datePublished\":\"2021-05-31T22:08:19+00:00\",\"dateModified\":\"2025-04-07T07:46:34+00:00\",\"description\":\"Wichtige Partner, auf die wir uns verlassen k\u00f6nnen, wenn es darum geht, das hohe Leistungs- und Qualit\u00e4tsniveau aufrechtzuerhalten.\",\"breadcrumb\":{\"@id\":\"https:\/\/www.comau.com\/de\/about-us\/suppliers\/#breadcrumb\"},\"inLanguage\":\"de\",\"potentialAction\":[{\"@type\":\"ReadAction\",\"target\":[\"https:\/\/www.comau.com\/de\/about-us\/suppliers\/\"]}]},{\"@type\":\"ImageObject\",\"inLanguage\":\"de\",\"@id\":\"https:\/\/www.comau.com\/de\/about-us\/suppliers\/#primaryimage\",\"url\":\"https:\/\/www.comau.com\/wp-content\/uploads\/2021\/06\/suppliers_header.jpg\",\"contentUrl\":\"https:\/\/www.comau.com\/wp-content\/uploads\/2021\/06\/suppliers_header.jpg\",\"width\":1280,\"height\":485},{\"@type\":\"BreadcrumbList\",\"@id\":\"https:\/\/www.comau.com\/de\/about-us\/suppliers\/#breadcrumb\",\"itemListElement\":[{\"@type\":\"ListItem\",\"position\":1,\"name\":\"Home\",\"item\":\"https:\/\/www.comau.com\/de\/\"},{\"@type\":\"ListItem\",\"position\":2,\"name\":\"\u00dcber Comau\",\"item\":\"https:\/\/www.comau.com\/de\/about-us\/\"},{\"@type\":\"ListItem\",\"position\":3,\"name\":\"Zulieferer\"}]},{\"@type\":\"WebSite\",\"@id\":\"https:\/\/www.comau.com\/de\/#website\",\"url\":\"https:\/\/www.comau.com\/de\/\",\"name\":\"Comau\",\"description\":\"Industrial automation and robotics\",\"publisher\":{\"@id\":\"https:\/\/www.comau.com\/de\/#organization\"},\"potentialAction\":[{\"@type\":\"SearchAction\",\"target\":{\"@type\":\"EntryPoint\",\"urlTemplate\":\"https:\/\/www.comau.com\/de\/?s={search_term_string}\"},\"query-input\":{\"@type\":\"PropertyValueSpecification\",\"valueRequired\":true,\"valueName\":\"search_term_string\"}}],\"inLanguage\":\"de\"},{\"@type\":\"Organization\",\"@id\":\"https:\/\/www.comau.com\/de\/#organization\",\"name\":\"Comau\",\"url\":\"https:\/\/www.comau.com\/de\/\",\"logo\":{\"@type\":\"ImageObject\",\"inLanguage\":\"de\",\"@id\":\"https:\/\/www.comau.com\/de\/#\/schema\/logo\/image\/\",\"url\":\"https:\/\/www.comau.com\/wp-content\/uploads\/2024\/07\/cropped-Logo-COMAU.png\",\"contentUrl\":\"https:\/\/www.comau.com\/wp-content\/uploads\/2024\/07\/cropped-Logo-COMAU.png\",\"width\":434,\"height\":434,\"caption\":\"Comau\"},\"image\":{\"@id\":\"https:\/\/www.comau.com\/de\/#\/schema\/logo\/image\/\"},\"sameAs\":[\"https:\/\/www.facebook.com\/COMAU\/\",\"https:\/\/x.com\/comaugroup\",\"https:\/\/www.instagram.com\/comaugroup\/\",\"https:\/\/www.linkedin.com\/company\/comau\",\"https:\/\/www.youtube.com\/user\/comau\"]}]}<\/script>\n<!-- \/ Yoast SEO plugin. -->","yoast_head_json":{"title":"Zulieferer - Comau","description":"Wichtige Partner, auf die wir uns verlassen k\u00f6nnen, wenn es darum geht, das hohe Leistungs- und Qualit\u00e4tsniveau aufrechtzuerhalten.","robots":{"index":"index","follow":"follow","max-snippet":"max-snippet:-1","max-image-preview":"max-image-preview:large","max-video-preview":"max-video-preview:-1"},"canonical":"https:\/\/www.comau.com\/de\/about-us\/suppliers\/","og_locale":"de_DE","og_type":"article","og_title":"Zulieferer - Comau","og_description":"Wichtige Partner, auf die wir uns verlassen k\u00f6nnen, wenn es darum geht, das hohe Leistungs- und Qualit\u00e4tsniveau aufrechtzuerhalten.","og_url":"https:\/\/www.comau.com\/de\/about-us\/suppliers\/","og_site_name":"Comau","article_publisher":"https:\/\/www.facebook.com\/COMAU\/","article_modified_time":"2025-04-07T07:46:34+00:00","og_image":[{"width":1280,"height":485,"url":"https:\/\/www.comau.com\/wp-content\/uploads\/2021\/06\/suppliers_header.jpg","type":"image\/jpeg"}],"twitter_card":"summary_large_image","twitter_site":"@comaugroup","twitter_misc":{"Gesch\u00e4tzte Lesezeit":"2\u00a0Minuten"},"schema":{"@context":"https:\/\/schema.org","@graph":[{"@type":"WebPage","@id":"https:\/\/www.comau.com\/de\/about-us\/suppliers\/","url":"https:\/\/www.comau.com\/de\/about-us\/suppliers\/","name":"Zulieferer - Comau","isPartOf":{"@id":"https:\/\/www.comau.com\/de\/#website"},"primaryImageOfPage":{"@id":"https:\/\/www.comau.com\/de\/about-us\/suppliers\/#primaryimage"},"image":{"@id":"https:\/\/www.comau.com\/de\/about-us\/suppliers\/#primaryimage"},"thumbnailUrl":"https:\/\/www.comau.com\/wp-content\/uploads\/2021\/06\/suppliers_header.jpg","datePublished":"2021-05-31T22:08:19+00:00","dateModified":"2025-04-07T07:46:34+00:00","description":"Wichtige Partner, auf die wir uns verlassen k\u00f6nnen, wenn es darum geht, das hohe Leistungs- und Qualit\u00e4tsniveau aufrechtzuerhalten.","breadcrumb":{"@id":"https:\/\/www.comau.com\/de\/about-us\/suppliers\/#breadcrumb"},"inLanguage":"de","potentialAction":[{"@type":"ReadAction","target":["https:\/\/www.comau.com\/de\/about-us\/suppliers\/"]}]},{"@type":"ImageObject","inLanguage":"de","@id":"https:\/\/www.comau.com\/de\/about-us\/suppliers\/#primaryimage","url":"https:\/\/www.comau.com\/wp-content\/uploads\/2021\/06\/suppliers_header.jpg","contentUrl":"https:\/\/www.comau.com\/wp-content\/uploads\/2021\/06\/suppliers_header.jpg","width":1280,"height":485},{"@type":"BreadcrumbList","@id":"https:\/\/www.comau.com\/de\/about-us\/suppliers\/#breadcrumb","itemListElement":[{"@type":"ListItem","position":1,"name":"Home","item":"https:\/\/www.comau.com\/de\/"},{"@type":"ListItem","position":2,"name":"\u00dcber Comau","item":"https:\/\/www.comau.com\/de\/about-us\/"},{"@type":"ListItem","position":3,"name":"Zulieferer"}]},{"@type":"WebSite","@id":"https:\/\/www.comau.com\/de\/#website","url":"https:\/\/www.comau.com\/de\/","name":"Comau","description":"Industrial automation and robotics","publisher":{"@id":"https:\/\/www.comau.com\/de\/#organization"},"potentialAction":[{"@type":"SearchAction","target":{"@type":"EntryPoint","urlTemplate":"https:\/\/www.comau.com\/de\/?s={search_term_string}"},"query-input":{"@type":"PropertyValueSpecification","valueRequired":true,"valueName":"search_term_string"}}],"inLanguage":"de"},{"@type":"Organization","@id":"https:\/\/www.comau.com\/de\/#organization","name":"Comau","url":"https:\/\/www.comau.com\/de\/","logo":{"@type":"ImageObject","inLanguage":"de","@id":"https:\/\/www.comau.com\/de\/#\/schema\/logo\/image\/","url":"https:\/\/www.comau.com\/wp-content\/uploads\/2024\/07\/cropped-Logo-COMAU.png","contentUrl":"https:\/\/www.comau.com\/wp-content\/uploads\/2024\/07\/cropped-Logo-COMAU.png","width":434,"height":434,"caption":"Comau"},"image":{"@id":"https:\/\/www.comau.com\/de\/#\/schema\/logo\/image\/"},"sameAs":["https:\/\/www.facebook.com\/COMAU\/","https:\/\/x.com\/comaugroup","https:\/\/www.instagram.com\/comaugroup\/","https:\/\/www.linkedin.com\/company\/comau","https:\/\/www.youtube.com\/user\/comau"]}]}},"_links":{"self":[{"href":"https:\/\/www.comau.com\/de\/wp-json\/wp\/v2\/pages\/5347","targetHints":{"allow":["GET"]}}],"collection":[{"href":"https:\/\/www.comau.com\/de\/wp-json\/wp\/v2\/pages"}],"about":[{"href":"https:\/\/www.comau.com\/de\/wp-json\/wp\/v2\/types\/page"}],"author":[{"embeddable":true,"href":"https:\/\/www.comau.com\/de\/wp-json\/wp\/v2\/users\/11"}],"replies":[{"embeddable":true,"href":"https:\/\/www.comau.com\/de\/wp-json\/wp\/v2\/comments?post=5347"}],"version-history":[{"count":23,"href":"https:\/\/www.comau.com\/de\/wp-json\/wp\/v2\/pages\/5347\/revisions"}],"predecessor-version":[{"id":75296,"href":"https:\/\/www.comau.com\/de\/wp-json\/wp\/v2\/pages\/5347\/revisions\/75296"}],"up":[{"embeddable":true,"href":"https:\/\/www.comau.com\/de\/wp-json\/wp\/v2\/pages\/5216"}],"wp:featuredmedia":[{"embeddable":true,"href":"https:\/\/www.comau.com\/de\/wp-json\/wp\/v2\/media\/4165"}],"wp:attachment":[{"href":"https:\/\/www.comau.com\/de\/wp-json\/wp\/v2\/media?parent=5347"}],"curies":[{"name":"wp","href":"https:\/\/api.w.org\/{rel}","templated":true}]}}