{"id":5304,"date":"2021-06-01T00:05:31","date_gmt":"2021-05-31T22:05:31","guid":{"rendered":"https:\/\/www.comau.com\/?page_id=5304"},"modified":"2026-02-12T16:02:21","modified_gmt":"2026-02-12T15:02:21","slug":"quality-and-sustainability","status":"publish","type":"page","link":"https:\/\/www.comau.com\/de\/about-us\/quality-and-sustainability\/","title":{"rendered":"Qualit\u00e4t"},"content":{"rendered":"\n<h2 class=\"wp-block-heading has-text-color has-link-color wp-elements-500775d1493594b89377359b61caa08b\" style=\"color:#0046ad\">Comau Qualit\u00e4tsphilosophie<\/h2>\n\n\n\n<p><strong>Das Qualit\u00e4tsmanagementsystem von Comau erf\u00fcllt die Vorgaben der neuesten internationalen Normen<\/strong> &#8211; u.a. ISO 9001:2015, ISO 14001:2015, ISO 50001 und OHSAS 18001 &#8211; und gilt f\u00fcr alle Niederlassungen des Unternehmens weltweit.<\/p>\n\n\n\n<p>Auf diese Weise best\u00e4tigt <strong>Comau den hohen Stellenwert und die konstante Aufmerksamkeit gegen\u00fcber den Themen Qualit\u00e4t und Nachhaltigkeit<\/strong>, die jeden Aspekt der eigenen unternehmerischen T\u00e4tigkeit betreffen.<\/p>\n\n\n\n<p>Die Ausgangspunkte der eigenen \u201ebest practices\u201c sind nach wie vor die Kundschaft, die Partner, die Zulieferer und s\u00e4mtliche Personen, die innerhalb des Comau Teams arbeiten. <strong>Jede angewandte Politik in puncto Qualit\u00e4t, Umwelt, Sicherheit und Energie ist Ausdruck der Werte, die die Unternehmensphilosophie von Comau kennzeichnen<\/strong>. Schon immer stand dabei die Vortrefflichkeit in der Produktion und in der technologischen Innovation im Mittelpunkt, um Produkte und Dienstleistungen bereitzustellen, die in jeder Hinsicht die Anforderungen der Kunden erf\u00fcllen, wobei der Schutz der Umwelt, die Belange der Menschen und ihre Arbeit stets an erster Stelle stehen.<\/p>\n\n\n\n<div style=\"height:25px\" aria-hidden=\"true\" class=\"wp-block-spacer\"><\/div>\n\n\n\n<h2 class=\"wp-block-heading has-text-color has-link-color wp-elements-693982610d684578aa6518ca9530285f\" style=\"color:#0046ad\">Comau Qualit\u00e4tsrichtlinie<\/h2>\n\n\n\n<p>\u200bInformieren Sie sich \u00fcber unsere Politiken zu Qualit\u00e4t, Energie, Umwelt, Gesundheit &amp; Sicherheit:<\/p>\n\n\n\n<div class=\"wp-block-buttons is-layout-flex wp-block-buttons-is-layout-flex\">\n<div class=\"wp-block-button is-style-outline is-style-outline--1\"><a class=\"wp-block-button__link has-text-color has-link-color wp-element-button\" href=\"https:\/\/www.comau.com\/wp-content\/uploads\/2022\/06\/2022-05-Quality-Policy-signed.pdf\" style=\"border-radius:100px;color:#414141\" target=\"_blank\" rel=\"noreferrer noopener\">Quality Policy<\/a><\/div>\n\n\n\n<div class=\"wp-block-button is-style-outline is-style-outline--2\"><a class=\"wp-block-button__link has-text-color has-link-color wp-element-button\" href=\"https:\/\/www.comau.com\/wp-content\/uploads\/2025\/03\/Comau-Global-Energy-policy.pdf\" style=\"border-radius:100px;color:#414141\" target=\"_blank\" rel=\"noreferrer noopener\">Energy Policy<\/a><\/div>\n\n\n\n<div class=\"wp-block-button is-style-outline is-style-outline--3\"><a class=\"wp-block-button__link has-text-color has-link-color wp-element-button\" href=\"https:\/\/www.comau.com\/wp-content\/uploads\/2021\/06\/Environmental-Protection.pdf\" style=\"border-radius:100px;color:#414141\" target=\"_blank\" rel=\"noreferrer noopener\">Environment Policy<\/a><\/div>\n\n\n\n<div class=\"wp-block-button is-style-outline is-style-outline--4\"><a class=\"wp-block-button__link has-text-color has-link-color wp-element-button\" href=\"https:\/\/www.comau.com\/wp-content\/uploads\/2026\/02\/HS-Policy.pdf\" style=\"border-radius:100px;color:#414141\" target=\"_blank\" rel=\"noreferrer noopener\">Health &amp; Safety Policy<\/a><\/div>\n<\/div>\n\n\n\n<div style=\"height:25px\" aria-hidden=\"true\" class=\"wp-block-spacer\"><\/div>\n\n\n\n<h2 class=\"wp-block-heading has-text-color has-link-color wp-elements-0d262cdd0be4f1dd8f73cf83db7c9c46\" style=\"color:#0046ad\">Zertifizierung des Comau Qualit\u00e4tsmanagementsystems<\/h2>\n\n\n\n<p>\u200bInformieren Sie sich \u00fcber die Zertifizierung und somit den Nachweis, dass Comau die Vorgaben und Anforderungen der Norm ISO 9001:2015 weltweit erf\u00fcllt:<\/p>\n\n\n\n<div class=\"wp-block-buttons is-layout-flex wp-block-buttons-is-layout-flex\">\n<div class=\"wp-block-button is-style-outline is-style-outline--5\"><a class=\"wp-block-button__link has-white-background-color has-text-color has-background has-link-color wp-element-button\" href=\"https:\/\/www.comau.com\/wp-content\/uploads\/2025\/07\/COMAU_ISO_9001-ENG-C572635-5-20250707.pdf\" style=\"border-radius:100px;color:#414141\" target=\"_blank\" rel=\"\">ISO 9001:2015 Corporate Certificate<\/a><\/div>\n<\/div>\n\n\n\n<div style=\"height:25px\" aria-hidden=\"true\" class=\"wp-block-spacer\"><\/div>\n\n\n\n<h2 class=\"wp-block-heading has-text-color has-link-color wp-elements-9e03ece5d9c8d912e2cb5a5334fe20a7\" style=\"color:#0046ad\">Konformit\u00e4t seines Informationssicherheits-Managementsystems<\/h2>\n\n\n\n<p>Comau verpflichtet sich, die Vertraulichkeit, Integrit\u00e4t und Verf\u00fcgbarkeit unserer Informationen und der uns von unseren Kunden, Partnern und Mitarbeitern anvertrauten Informationen zu sch\u00fctzen. Diese Richtlinie zur Informationssicherheit umrei\u00dft unsere Verpflichtung und bietet einen Rahmen f\u00fcr das Management von Informationssicherheitsrisiken in \u00dcbereinstimmung mit international anerkannten Standards, darunter ISO\/IEC 27001 und TISAX (Trusted Information Security Assessment Exchange).<\/p>\n\n\n\n<p>Comau \u00fcberpr\u00fcft und verbessert regelm\u00e4\u00dfig das Informationssicherheits-Managementsystem (ISMS), um auf neue Bedrohungen und Technologien zu reagieren.<\/p>\n\n\n\n<p>Diese Richtlinie gilt f\u00fcr alle Informationen in jedem Format (digital, physisch, m\u00fcndlich) und alle Informationsverarbeitungsressourcen, die Comau geh\u00f6ren oder von Comau genutzt werden. Sie gilt f\u00fcr alle Mitarbeiter, Auftragnehmer und Dritte, die Zugang zu unseren Informationssystemen haben.<\/p>\n\n\n\n<p>Unser ISMS ist so strukturiert, dass es die Anforderungen der ISO\/IEC 27001:2022 erf\u00fcllt. Wir haben einen risikobasierten Ansatz f\u00fcr die Informationssicherheit etabliert, und unsere Sicherheitskontrollen leiten sich aus den Kontrollen in Anhang A der ISO 27001 ab. Dar\u00fcber hinaus verpflichten wir uns als Teilnehmer an der Automobil-Lieferkette zur Einhaltung der Informationssicherheitsanforderungen von TISAX.<\/p>\n\n\n\n<div class=\"wp-block-buttons is-layout-flex wp-block-buttons-is-layout-flex\">\n<div class=\"wp-block-button is-style-outline is-style-outline--6\"><a class=\"wp-block-button__link has-text-color has-link-color wp-element-button\" href=\"https:\/\/www.comau.com\/wp-content\/uploads\/2025\/10\/MSC-Certificate-1.pdf\" style=\"border-radius:100px;color:#414141\" target=\"_blank\" rel=\"\">ISO\/IEC 27001:2022 CERTIFICATE<\/a><\/div>\n<\/div>\n\n\n\n<p>In diesem Zusammenhang hat Comau beschlossen, ein ISMS-System zu implementieren, um ein angemessenes Ma\u00df an Vertraulichkeit, Integrit\u00e4t und Verf\u00fcgbarkeit von Informationen zu gew\u00e4hrleisten.<\/p>\n\n\n\n<div style=\"height:25px\" aria-hidden=\"true\" class=\"wp-block-spacer\"><\/div>\n\n\n\n<p class=\"has-medium-font-size\"><strong>Zugriff auf unsere Richtlinie zur Informationssicherheit<\/strong><\/p>\n\n\n\n<p>Die vollst\u00e4ndige Dokumentation zu unserer Richtlinie zur Informationssicherheit ist \u00f6ffentlich zug\u00e4nglich und auf Anfrage erh\u00e4ltlich. Weitere Informationen erhalten Sie unter <strong>isms@comau.com<\/strong>.<\/p>\n","protected":false},"excerpt":{"rendered":"<p>Comau Qualit\u00e4tsphilosophie Das Qualit\u00e4tsmanagementsystem von Comau erf\u00fcllt die Vorgaben der neuesten internationalen Normen &#8211; u.a. ISO 9001:2015, ISO 14001:2015, ISO 50001 und OHSAS 18001 &#8211; und gilt f\u00fcr alle Niederlassungen des Unternehmens weltweit. Auf diese Weise best\u00e4tigt Comau den hohen Stellenwert und die konstante Aufmerksamkeit gegen\u00fcber den Themen Qualit\u00e4t und Nachhaltigkeit, die jeden Aspekt der [&hellip;]<\/p>\n","protected":false},"author":11,"featured_media":4333,"parent":5216,"menu_order":5,"comment_status":"closed","ping_status":"closed","template":"","meta":{"_acf_changed":false,"ep_exclude_from_search":false,"footnotes":""},"class_list":["post-5304","page","type-page","status-publish","has-post-thumbnail","hentry"],"acf":[],"yoast_head":"<!-- This site is optimized with the Yoast SEO plugin v26.9 - https:\/\/yoast.com\/product\/yoast-seo-wordpress\/ -->\n<title>Qualit\u00e4t - Comau<\/title>\n<meta name=\"robots\" content=\"index, follow, max-snippet:-1, max-image-preview:large, max-video-preview:-1\" \/>\n<link rel=\"canonical\" href=\"https:\/\/www.comau.com\/de\/about-us\/quality-and-sustainability\/\" \/>\n<meta property=\"og:locale\" content=\"de_DE\" \/>\n<meta property=\"og:type\" content=\"article\" \/>\n<meta property=\"og:title\" content=\"Qualit\u00e4t - Comau\" \/>\n<meta property=\"og:description\" content=\"Comau Qualit\u00e4tsphilosophie Das Qualit\u00e4tsmanagementsystem von Comau erf\u00fcllt die Vorgaben der neuesten internationalen Normen &#8211; u.a. ISO 9001:2015, ISO 14001:2015, ISO 50001 und OHSAS 18001 &#8211; und gilt f\u00fcr alle Niederlassungen des Unternehmens weltweit. Auf diese Weise best\u00e4tigt Comau den hohen Stellenwert und die konstante Aufmerksamkeit gegen\u00fcber den Themen Qualit\u00e4t und Nachhaltigkeit, die jeden Aspekt der [&hellip;]\" \/>\n<meta property=\"og:url\" content=\"https:\/\/www.comau.com\/de\/about-us\/quality-and-sustainability\/\" \/>\n<meta property=\"og:site_name\" content=\"Comau\" \/>\n<meta property=\"article:publisher\" content=\"https:\/\/www.facebook.com\/COMAU\/\" \/>\n<meta property=\"article:modified_time\" content=\"2026-02-12T15:02:21+00:00\" \/>\n<meta property=\"og:image\" content=\"https:\/\/www.comau.com\/wp-content\/uploads\/2021\/06\/sustainabily_header.jpg\" \/>\n\t<meta property=\"og:image:width\" content=\"1280\" \/>\n\t<meta property=\"og:image:height\" content=\"485\" \/>\n\t<meta property=\"og:image:type\" content=\"image\/jpeg\" \/>\n<meta name=\"twitter:card\" content=\"summary_large_image\" \/>\n<meta name=\"twitter:site\" content=\"@comaugroup\" \/>\n<meta name=\"twitter:label1\" content=\"Gesch\u00e4tzte Lesezeit\" \/>\n\t<meta name=\"twitter:data1\" content=\"3\u00a0Minuten\" \/>\n<script type=\"application\/ld+json\" class=\"yoast-schema-graph\">{\"@context\":\"https:\/\/schema.org\",\"@graph\":[{\"@type\":\"WebPage\",\"@id\":\"https:\/\/www.comau.com\/de\/about-us\/quality-and-sustainability\/\",\"url\":\"https:\/\/www.comau.com\/de\/about-us\/quality-and-sustainability\/\",\"name\":\"Qualit\u00e4t - Comau\",\"isPartOf\":{\"@id\":\"https:\/\/www.comau.com\/de\/#website\"},\"primaryImageOfPage\":{\"@id\":\"https:\/\/www.comau.com\/de\/about-us\/quality-and-sustainability\/#primaryimage\"},\"image\":{\"@id\":\"https:\/\/www.comau.com\/de\/about-us\/quality-and-sustainability\/#primaryimage\"},\"thumbnailUrl\":\"https:\/\/www.comau.com\/wp-content\/uploads\/2021\/06\/sustainabily_header.jpg\",\"datePublished\":\"2021-05-31T22:05:31+00:00\",\"dateModified\":\"2026-02-12T15:02:21+00:00\",\"breadcrumb\":{\"@id\":\"https:\/\/www.comau.com\/de\/about-us\/quality-and-sustainability\/#breadcrumb\"},\"inLanguage\":\"de\",\"potentialAction\":[{\"@type\":\"ReadAction\",\"target\":[\"https:\/\/www.comau.com\/de\/about-us\/quality-and-sustainability\/\"]}]},{\"@type\":\"ImageObject\",\"inLanguage\":\"de\",\"@id\":\"https:\/\/www.comau.com\/de\/about-us\/quality-and-sustainability\/#primaryimage\",\"url\":\"https:\/\/www.comau.com\/wp-content\/uploads\/2021\/06\/sustainabily_header.jpg\",\"contentUrl\":\"https:\/\/www.comau.com\/wp-content\/uploads\/2021\/06\/sustainabily_header.jpg\",\"width\":1280,\"height\":485},{\"@type\":\"BreadcrumbList\",\"@id\":\"https:\/\/www.comau.com\/de\/about-us\/quality-and-sustainability\/#breadcrumb\",\"itemListElement\":[{\"@type\":\"ListItem\",\"position\":1,\"name\":\"Home\",\"item\":\"https:\/\/www.comau.com\/de\/\"},{\"@type\":\"ListItem\",\"position\":2,\"name\":\"\u00dcber Comau\",\"item\":\"https:\/\/www.comau.com\/de\/about-us\/\"},{\"@type\":\"ListItem\",\"position\":3,\"name\":\"Qualit\u00e4t\"}]},{\"@type\":\"WebSite\",\"@id\":\"https:\/\/www.comau.com\/de\/#website\",\"url\":\"https:\/\/www.comau.com\/de\/\",\"name\":\"Comau\",\"description\":\"Industrial automation and robotics\",\"publisher\":{\"@id\":\"https:\/\/www.comau.com\/de\/#organization\"},\"potentialAction\":[{\"@type\":\"SearchAction\",\"target\":{\"@type\":\"EntryPoint\",\"urlTemplate\":\"https:\/\/www.comau.com\/de\/?s={search_term_string}\"},\"query-input\":{\"@type\":\"PropertyValueSpecification\",\"valueRequired\":true,\"valueName\":\"search_term_string\"}}],\"inLanguage\":\"de\"},{\"@type\":\"Organization\",\"@id\":\"https:\/\/www.comau.com\/de\/#organization\",\"name\":\"Comau\",\"url\":\"https:\/\/www.comau.com\/de\/\",\"logo\":{\"@type\":\"ImageObject\",\"inLanguage\":\"de\",\"@id\":\"https:\/\/www.comau.com\/de\/#\/schema\/logo\/image\/\",\"url\":\"https:\/\/www.comau.com\/wp-content\/uploads\/2024\/07\/cropped-Logo-COMAU.png\",\"contentUrl\":\"https:\/\/www.comau.com\/wp-content\/uploads\/2024\/07\/cropped-Logo-COMAU.png\",\"width\":434,\"height\":434,\"caption\":\"Comau\"},\"image\":{\"@id\":\"https:\/\/www.comau.com\/de\/#\/schema\/logo\/image\/\"},\"sameAs\":[\"https:\/\/www.facebook.com\/COMAU\/\",\"https:\/\/x.com\/comaugroup\",\"https:\/\/www.instagram.com\/comaugroup\/\",\"https:\/\/www.linkedin.com\/company\/comau\",\"https:\/\/www.youtube.com\/user\/comau\"]}]}<\/script>\n<!-- \/ Yoast SEO plugin. -->","yoast_head_json":{"title":"Qualit\u00e4t - Comau","robots":{"index":"index","follow":"follow","max-snippet":"max-snippet:-1","max-image-preview":"max-image-preview:large","max-video-preview":"max-video-preview:-1"},"canonical":"https:\/\/www.comau.com\/de\/about-us\/quality-and-sustainability\/","og_locale":"de_DE","og_type":"article","og_title":"Qualit\u00e4t - Comau","og_description":"Comau Qualit\u00e4tsphilosophie Das Qualit\u00e4tsmanagementsystem von Comau erf\u00fcllt die Vorgaben der neuesten internationalen Normen &#8211; u.a. ISO 9001:2015, ISO 14001:2015, ISO 50001 und OHSAS 18001 &#8211; und gilt f\u00fcr alle Niederlassungen des Unternehmens weltweit. Auf diese Weise best\u00e4tigt Comau den hohen Stellenwert und die konstante Aufmerksamkeit gegen\u00fcber den Themen Qualit\u00e4t und Nachhaltigkeit, die jeden Aspekt der [&hellip;]","og_url":"https:\/\/www.comau.com\/de\/about-us\/quality-and-sustainability\/","og_site_name":"Comau","article_publisher":"https:\/\/www.facebook.com\/COMAU\/","article_modified_time":"2026-02-12T15:02:21+00:00","og_image":[{"width":1280,"height":485,"url":"https:\/\/www.comau.com\/wp-content\/uploads\/2021\/06\/sustainabily_header.jpg","type":"image\/jpeg"}],"twitter_card":"summary_large_image","twitter_site":"@comaugroup","twitter_misc":{"Gesch\u00e4tzte Lesezeit":"3\u00a0Minuten"},"schema":{"@context":"https:\/\/schema.org","@graph":[{"@type":"WebPage","@id":"https:\/\/www.comau.com\/de\/about-us\/quality-and-sustainability\/","url":"https:\/\/www.comau.com\/de\/about-us\/quality-and-sustainability\/","name":"Qualit\u00e4t - Comau","isPartOf":{"@id":"https:\/\/www.comau.com\/de\/#website"},"primaryImageOfPage":{"@id":"https:\/\/www.comau.com\/de\/about-us\/quality-and-sustainability\/#primaryimage"},"image":{"@id":"https:\/\/www.comau.com\/de\/about-us\/quality-and-sustainability\/#primaryimage"},"thumbnailUrl":"https:\/\/www.comau.com\/wp-content\/uploads\/2021\/06\/sustainabily_header.jpg","datePublished":"2021-05-31T22:05:31+00:00","dateModified":"2026-02-12T15:02:21+00:00","breadcrumb":{"@id":"https:\/\/www.comau.com\/de\/about-us\/quality-and-sustainability\/#breadcrumb"},"inLanguage":"de","potentialAction":[{"@type":"ReadAction","target":["https:\/\/www.comau.com\/de\/about-us\/quality-and-sustainability\/"]}]},{"@type":"ImageObject","inLanguage":"de","@id":"https:\/\/www.comau.com\/de\/about-us\/quality-and-sustainability\/#primaryimage","url":"https:\/\/www.comau.com\/wp-content\/uploads\/2021\/06\/sustainabily_header.jpg","contentUrl":"https:\/\/www.comau.com\/wp-content\/uploads\/2021\/06\/sustainabily_header.jpg","width":1280,"height":485},{"@type":"BreadcrumbList","@id":"https:\/\/www.comau.com\/de\/about-us\/quality-and-sustainability\/#breadcrumb","itemListElement":[{"@type":"ListItem","position":1,"name":"Home","item":"https:\/\/www.comau.com\/de\/"},{"@type":"ListItem","position":2,"name":"\u00dcber Comau","item":"https:\/\/www.comau.com\/de\/about-us\/"},{"@type":"ListItem","position":3,"name":"Qualit\u00e4t"}]},{"@type":"WebSite","@id":"https:\/\/www.comau.com\/de\/#website","url":"https:\/\/www.comau.com\/de\/","name":"Comau","description":"Industrial automation and robotics","publisher":{"@id":"https:\/\/www.comau.com\/de\/#organization"},"potentialAction":[{"@type":"SearchAction","target":{"@type":"EntryPoint","urlTemplate":"https:\/\/www.comau.com\/de\/?s={search_term_string}"},"query-input":{"@type":"PropertyValueSpecification","valueRequired":true,"valueName":"search_term_string"}}],"inLanguage":"de"},{"@type":"Organization","@id":"https:\/\/www.comau.com\/de\/#organization","name":"Comau","url":"https:\/\/www.comau.com\/de\/","logo":{"@type":"ImageObject","inLanguage":"de","@id":"https:\/\/www.comau.com\/de\/#\/schema\/logo\/image\/","url":"https:\/\/www.comau.com\/wp-content\/uploads\/2024\/07\/cropped-Logo-COMAU.png","contentUrl":"https:\/\/www.comau.com\/wp-content\/uploads\/2024\/07\/cropped-Logo-COMAU.png","width":434,"height":434,"caption":"Comau"},"image":{"@id":"https:\/\/www.comau.com\/de\/#\/schema\/logo\/image\/"},"sameAs":["https:\/\/www.facebook.com\/COMAU\/","https:\/\/x.com\/comaugroup","https:\/\/www.instagram.com\/comaugroup\/","https:\/\/www.linkedin.com\/company\/comau","https:\/\/www.youtube.com\/user\/comau"]}]}},"_links":{"self":[{"href":"https:\/\/www.comau.com\/de\/wp-json\/wp\/v2\/pages\/5304","targetHints":{"allow":["GET"]}}],"collection":[{"href":"https:\/\/www.comau.com\/de\/wp-json\/wp\/v2\/pages"}],"about":[{"href":"https:\/\/www.comau.com\/de\/wp-json\/wp\/v2\/types\/page"}],"author":[{"embeddable":true,"href":"https:\/\/www.comau.com\/de\/wp-json\/wp\/v2\/users\/11"}],"replies":[{"embeddable":true,"href":"https:\/\/www.comau.com\/de\/wp-json\/wp\/v2\/comments?post=5304"}],"version-history":[{"count":47,"href":"https:\/\/www.comau.com\/de\/wp-json\/wp\/v2\/pages\/5304\/revisions"}],"predecessor-version":[{"id":85775,"href":"https:\/\/www.comau.com\/de\/wp-json\/wp\/v2\/pages\/5304\/revisions\/85775"}],"up":[{"embeddable":true,"href":"https:\/\/www.comau.com\/de\/wp-json\/wp\/v2\/pages\/5216"}],"wp:featuredmedia":[{"embeddable":true,"href":"https:\/\/www.comau.com\/de\/wp-json\/wp\/v2\/media\/4333"}],"wp:attachment":[{"href":"https:\/\/www.comau.com\/de\/wp-json\/wp\/v2\/media?parent=5304"}],"curies":[{"name":"wp","href":"https:\/\/api.w.org\/{rel}","templated":true}]}}