{"id":5292,"date":"2021-06-01T00:04:13","date_gmt":"2021-05-31T22:04:13","guid":{"rendered":"https:\/\/www.comau.com\/?page_id=5292"},"modified":"2025-04-01T07:28:38","modified_gmt":"2025-04-01T05:28:38","slug":"corporate-governance","status":"publish","type":"page","link":"https:\/\/www.comau.com\/de\/about-us\/corporate-governance\/","title":{"rendered":"Unternehmensf\u00fchrung"},"content":{"rendered":"\n<h1 class=\"wp-block-heading has-text-color has-link-color has-x-large-font-size wp-elements-40d03605a26380a248b37bd7a6f745e2\" style=\"color:#0046ad\">H\u00f6chste Integrit\u00e4t, Transparenz und Verantwortlichkeit in all unseren Aktivit\u00e4ten<\/h1>\n\n\n\n<div class=\"wp-block-getwid-advanced-spacer\" style=\"height:20px\" aria-hidden=\"true\"><\/div>\n\n\n\n<p>Bei Comau ist Corporate Governance unerl\u00e4sslich, um unsere Standards an Transparenz, Integrit\u00e4t und Verantwortlichkeit in allen unseren Gesch\u00e4ftsbereichen aufrechtzuerhalten. Eine starke Corporate Governance f\u00f6rdert eine Kultur ethischen Verhaltens, treibt die Leistungsverbesserung voran und gew\u00e4hrleistet die Einhaltung regulatorischer Anforderungen.<\/p>\n\n\n\n<p>Die Comau Gruppe ist fest entschlossen, ihre Aktivit\u00e4ten weltweit in \u00dcbereinstimmung mit den geltenden Gesetzen, Regeln und Vorschriften durchzuf\u00fchren und gleichzeitig die h\u00f6chsten ethischen und Integrit\u00e4tsstandards aufrechtzuerhalten.<\/p>\n\n\n\n<div class=\"wp-block-buttons is-layout-flex wp-block-buttons-is-layout-flex\">\n<div class=\"wp-block-button is-style-outline is-style-outline--1\"><a class=\"wp-block-button__link has-text-color has-link-color wp-element-button\" href=\"#comau-governance-framework\" style=\"border-radius:100px;color:#3f3f3f\">Rahmenwerk<\/a><\/div>\n\n\n\n<div class=\"wp-block-button is-style-outline is-style-outline--2\"><a class=\"wp-block-button__link has-text-color has-link-color wp-element-button\" href=\"#executive-team\" style=\"border-radius:100px;color:#3f3f3f\">F\u00fchrungskr\u00e4fte<\/a><\/div>\n\n\n\n<div class=\"wp-block-button is-style-outline is-style-outline--3\"><a class=\"wp-block-button__link has-text-color has-link-color wp-element-button\" href=\"#comau-code-of-conduct\" style=\"border-radius:100px;color:#3f3f3f\">Verhaltenskodex<\/a><\/div>\n\n\n\n<div class=\"wp-block-button is-style-outline is-style-outline--4\"><a class=\"wp-block-button__link has-text-color has-link-color wp-element-button\" href=\"#comau-esg-commitment\" style=\"border-radius:100px;color:#3f3f3f\">ESG-Engagement<\/a><\/div>\n<\/div>\n\n\n\n<div class=\"wp-block-getwid-advanced-spacer\" style=\"height:50px\" aria-hidden=\"true\"><\/div>\n\n\n\n<div class=\"wp-block-getwid-anchor\" id=\"comau-governance-framework\"><\/div>\n\n\n\n<h2 class=\"wp-block-heading has-text-color has-link-color has-large-font-size wp-elements-85c131a6412b8bcfadb827b36364e36a\" style=\"color:#0046ad\">Governance-Rahmenwerk<\/h2>\n\n\n\n<div class=\"wp-block-getwid-advanced-spacer\" style=\"height:20px\" aria-hidden=\"true\"><\/div>\n\n\n\n<p>Die Governance-Struktur von Comau steuert sowohl Risiken als auch Chancen effektiv, um ein nachhaltiges Wachstum zu gew\u00e4hrleisten. Der Verwaltungsrat \u00fcberwacht das Corporate-Governance-Rahmenwerk, wobei ein Exekutivausschuss sich auf verschiedene Bereiche konzentriert, darunter L\u00e4ndercluster, Betriebsabl\u00e4ufe, Funktionen und die globale F\u00fchrung.<\/p>\n\n\n\n<p><\/p>\n\n\n\n<div style=\"height:25px\" aria-hidden=\"true\" class=\"wp-block-spacer\"><\/div>\n\n\n\n<p>Der Exekutivausschuss von Comau besteht aus einem sehr erfahrenen und engagierten F\u00fchrungsteam, das eine gemeinsame Vision f\u00fcr Wachstum teilt und fundierte Expertise aus verschiedenen Gesch\u00e4ftsbereichen einbringt. Der Verwaltungsrat ist verantwortlich f\u00fcr die Festlegung der strategischen Ausrichtung, die \u00dcberwachung des Managements und die Sicherstellung der Einhaltung der Governance-Prinzipien.<\/p>\n\n\n\n<div class=\"wp-block-getwid-anchor\" id=\"executive-team\"><\/div>\n\n\n\n<div style=\"height:60px\" aria-hidden=\"true\" class=\"wp-block-spacer\"><\/div>\n\n\n\n<div class=\"wp-block-getwid-section getwid-section-content-full-width\"><div class=\"wp-block-getwid-section__wrapper getwid-padding-top-large getwid-padding-bottom-large getwid-padding-left-large getwid-padding-right-large getwid-padding-tablet-top-large getwid-padding-tablet-bottom-large getwid-padding-mobile-top-large getwid-padding-mobile-bottom-large getwid-padding-mobile-left-medium getwid-padding-mobile-right-medium getwid-justify-content-flex-end getwid-justify-content-tablet-flex-end getwid-justify-content-mobile-flex-end\"><div class=\"wp-block-getwid-section__inner-wrapper\"><div class=\"wp-block-getwid-section__background-holder\"><div class=\"wp-block-getwid-section__background\" style=\"background-image:url('https:\/\/www.comau.com\/wp-content\/uploads\/2025\/01\/Comau_CEO-Gorlier-and-Chairman_Nasi-scaled.jpeg')\"><div class=\"wp-block-getwid-section__background-image-wrapper\"><img decoding=\"async\" class=\"wp-block-getwid-section__background-image\" src=\"https:\/\/www.comau.com\/wp-content\/uploads\/2025\/01\/Comau_CEO-Gorlier-and-Chairman_Nasi-scaled.jpeg\" alt=\"Comau CEO and Chairman\" \/><\/div><\/div><div class=\"wp-block-getwid-section__foreground\"><\/div><\/div><div class=\"wp-block-getwid-section__content\"><div class=\"wp-block-getwid-section__inner-content\">\n<h2 class=\"wp-block-heading mb-3 has-white-color has-text-color has-link-color wp-elements-85823460a92460a60fafba23e0c3f000\" id=\"success-stories\">Treffen Sie unsere F\u00fchrungskr\u00e4fte<\/h2>\n\n\n\n<p class=\"lead has-white-color has-text-color has-link-color wp-elements-69b593c5b31170f3fe1f3df0aaedd635\">Erfahrenes und engagiertes F\u00fchrungsteam mit einer gemeinsamen Vision f\u00fcr Wachstum.<\/p>\n\n\n\n<div class=\"wp-block-buttons is-layout-flex wp-block-buttons-is-layout-flex\">\n<div class=\"wp-block-button\"><a class=\"wp-block-button__link has-white-color has-text-color has-background has-link-color wp-element-button\" href=\"https:\/\/www.comau.com\/de\/about-us\/corporate-governance\/executive-committee\/\" style=\"border-radius:100px;background-color:#0046ad\">Vorstands<\/a><\/div>\n\n\n\n<div class=\"wp-block-button\"><a class=\"wp-block-button__link has-white-color has-text-color has-background has-link-color wp-element-button\" href=\"https:\/\/www.comau.com\/en\/about-us\/corporate-governance\/board-of-directors\/\" style=\"border-radius:100px;background-color:#0046ad\">Aufsichtsrat<\/a><\/div>\n<\/div>\n<\/div><\/div><\/div><\/div><\/div>\n\n\n\n<div style=\"height:50px\" aria-hidden=\"true\" class=\"wp-block-spacer\"><\/div>\n\n\n\n<div class=\"wp-block-getwid-anchor\" id=\"comau-code-of-conduct\"><\/div>\n\n\n\n<h3 class=\"wp-block-heading has-text-color has-link-color has-large-font-size wp-elements-f7608fa701a8d059a7e1f0334e767613\" style=\"color:#0046ad\">Verhaltenskodex: Wahrung der Integrit\u00e4t<\/h3>\n\n\n<div class=\"wp-block-image\">\n<figure class=\"alignleft size-full is-resized\"><a href=\"https:\/\/www.comau.com\/wp-content\/uploads\/2025\/04\/Comau-Verhaltenskodex-DE.pdf\" target=\"_blank\" rel=\" noreferrer noopener\"><img decoding=\"async\" width=\"760\" height=\"1071\" src=\"https:\/\/www.comau.com\/wp-content\/uploads\/2025\/03\/comau-code-of-conduct-cover.jpg\" alt=\"\" class=\"wp-image-74405\" style=\"width:200px\" srcset=\"https:\/\/www.comau.com\/wp-content\/uploads\/2025\/03\/comau-code-of-conduct-cover.jpg 760w, https:\/\/www.comau.com\/wp-content\/uploads\/2025\/03\/comau-code-of-conduct-cover-213x300.jpg 213w, https:\/\/www.comau.com\/wp-content\/uploads\/2025\/03\/comau-code-of-conduct-cover-727x1024.jpg 727w\" sizes=\"(max-width: 760px) 100vw, 760px\" \/><\/a><\/figure>\n<\/div>\n\n\n<p>Bei Comau betrachten wir Integrit\u00e4t und ethisches Verhalten als grundlegende Werte. Unser Verhaltenskodex legt Richtlinien fest, um sicherzustellen, dass alle unsere Handlungen, Entscheidungen und Verhaltensweisen mit den h\u00f6chsten ethischen und professionellen Standards \u00fcbereinstimmen, die von allen Mitarbeitern, Stakeholdern und Partnern erwartet werden.<\/p>\n\n\n\n<p>Jeden Tag sind wir aufgefordert, Entscheidungen zu treffen, die nicht nur die Gesch\u00e4ftsergebnisse beeinflussen, sondern auch, wie wir sie erreichen, und dieser Kodex soll ein Instrument sein, um sicherzustellen, dass die Entscheidungen, die wir treffen, mit den Werten \u00fcbereinstimmen, die uns definieren.<\/p>\n\n\n\n<div class=\"wp-block-buttons is-layout-flex wp-block-buttons-is-layout-flex\">\n<div class=\"wp-block-button\"><a class=\"wp-block-button__link wp-element-button\" href=\"https:\/\/www.comau.com\/wp-content\/uploads\/2025\/04\/Comau-Verhaltenskodex-DE.pdf\" style=\"border-radius:100px\" target=\"_blank\" rel=\"noreferrer noopener\">Den Comau Verhaltenskodex herunterladen<\/a><\/div>\n<\/div>\n\n\n\n<div style=\"height:10px\" aria-hidden=\"true\" class=\"wp-block-spacer\"><\/div>\n\n\n\n<p>Der Verhaltenskodex gilt auch f\u00fcr alle Mitarbeiter, Manager, Berater, Lieferanten und alle Personen, die im Auftrag der Comau Gruppe arbeiten, einschlie\u00dflich Vorstandsmitglieder und Gesch\u00e4ftspartner. Jede Person, die eine berufliche Beziehung zur Comau Gruppe hat, ist bestrebt sicherzustellen, dass ihr Kodex als Best Practice der Gesch\u00e4ftsf\u00fchrung angesehen und von diesen Dritten beachtet wird, insbesondere im Hinblick auf die Transparenz bei kommerziellen Transaktionen.<\/p>\n\n\n\n<div style=\"height:50px\" aria-hidden=\"true\" class=\"wp-block-spacer\"><\/div>\n\n\n\n<p><\/p>\n\n\n\n<div class=\"wp-block-getwid-anchor\" id=\"comau-esg-commitment\"><\/div>\n\n\n\n<h4 class=\"wp-block-heading has-text-color has-link-color has-large-font-size wp-elements-ddd27a847a7dcb424eff498654b9878f\" style=\"color:#0046ad\">ESG-Engagement: Aufbau einer nachhaltigen Zukunft<\/h4>\n\n\n\n<div class=\"wp-block-getwid-advanced-spacer\" style=\"height:20px\" aria-hidden=\"true\"><\/div>\n\n\n\n<p>Comau engagiert sich f\u00fcr Nachhaltigkeit und unternehmerische Verantwortung. Wir leisten durch eine Vielzahl von Projekten und Initiativen in vier spezifischen Bereichen einen Beitrag zu Industrie und Gesellschaft:<\/p>\n\n\n\n<div class=\"wp-block-columns is-layout-flex wp-container-core-columns-is-layout-9d6595d7 wp-block-columns-is-layout-flex\">\n<div class=\"wp-block-column is-layout-flow wp-block-column-is-layout-flow\">\n<div class=\"wp-block-getwid-image-box getwid-animation has-text-center has-mobile-layout-default has-mobile-alignment-default\" data-animation=\"slideBottom\"><div class=\"wp-block-getwid-image-box__image-container is-position-top\"><div class=\"wp-block-getwid-image-box__image-wrapper\"><img decoding=\"async\" src=\"https:\/\/www.comau.com\/wp-content\/uploads\/2022\/02\/Box-Product-DE.jpg\" alt=\"\" class=\"wp-block-getwid-image-box__image wp-image-43184\" \/><\/div><\/div><div class=\"wp-block-getwid-image-box__content\">\n<h3 class=\"wp-block-heading has-medium-font-size\">Produkt<\/h3>\n\n\n\n<p style=\"font-size:16px;font-style:normal;font-weight:400\">Werkzeuge, die entwickelt wurden, um die Produktivit\u00e4t zu steigern, Treibhausgasemissionen zu reduzieren und einen verantwortungsvollen Materialeinsatz zu f\u00f6rdern<\/p>\n<\/div><\/div>\n<\/div>\n\n\n\n<div class=\"wp-block-column is-layout-flow wp-block-column-is-layout-flow\">\n<div class=\"wp-block-getwid-image-box getwid-animation has-text-center has-mobile-layout-default has-mobile-alignment-default\" data-animation=\"slideBottom\"><div class=\"wp-block-getwid-image-box__image-container is-position-top\"><div class=\"wp-block-getwid-image-box__image-wrapper\"><img decoding=\"async\" src=\"https:\/\/www.comau.com\/wp-content\/uploads\/2022\/02\/Box-Environmental-DE.jpg\" alt=\"\" class=\"wp-block-getwid-image-box__image wp-image-43172\" \/><\/div><\/div><div class=\"wp-block-getwid-image-box__content\">\n<h3 class=\"wp-block-heading has-medium-font-size\">Umwelt<\/h3>\n\n\n\n<p style=\"font-size:16px\">Entwicklung umweltfreundlicher Technologien und Produktionsprozesse<\/p>\n<\/div><\/div>\n<\/div>\n\n\n\n<div class=\"wp-block-column is-layout-flow wp-block-column-is-layout-flow\">\n<div class=\"wp-block-getwid-image-box getwid-animation has-text-center has-mobile-layout-default has-mobile-alignment-default\" data-animation=\"slideBottom\"><div class=\"wp-block-getwid-image-box__image-container is-position-top\"><div class=\"wp-block-getwid-image-box__image-wrapper\"><img decoding=\"async\" src=\"https:\/\/www.comau.com\/wp-content\/uploads\/2022\/02\/Box-Social-DE.jpg\" alt=\"\" class=\"wp-block-getwid-image-box__image wp-image-43178\" \/><\/div><\/div><div class=\"wp-block-getwid-image-box__content\">\n<h3 class=\"wp-block-heading has-medium-font-size\">Soziales<\/h3>\n\n\n\n<p style=\"font-size:16px\">Rekrutierung von Talenten, Schaffung eines fairen, inklusiven und sicheren Arbeitsumfelds und Beitrag zum gesellschaftlichen Fortschritt<\/p>\n<\/div><\/div>\n<\/div>\n\n\n\n<div class=\"wp-block-column is-layout-flow wp-block-column-is-layout-flow\">\n<div class=\"wp-block-getwid-image-box getwid-animation has-text-center has-mobile-layout-default has-mobile-alignment-default\" data-animation=\"slideBottom\"><div class=\"wp-block-getwid-image-box__image-container is-position-top\"><div class=\"wp-block-getwid-image-box__image-wrapper\"><img decoding=\"async\" src=\"https:\/\/www.comau.com\/wp-content\/uploads\/2022\/02\/Box-Governance-DE.jpg\" alt=\"\" class=\"wp-block-getwid-image-box__image wp-image-43190\" \/><\/div><\/div><div class=\"wp-block-getwid-image-box__content\">\n<h3 class=\"wp-block-heading\">Governance<\/h3>\n\n\n\n<p style=\"font-size:16px\">Verantwortungsvolle Beschaffungspraktiken mit offener Zusammenarbeit mit unseren Stakeholdern<\/p>\n<\/div><\/div>\n<\/div>\n<\/div>\n\n\n\n<hr class=\"wp-block-separator has-text-color has-cyan-bluish-gray-color has-alpha-channel-opacity has-cyan-bluish-gray-background-color has-background is-style-wide\" \/>\n\n\n\n<p>Wir integrieren ESG-Kriterien in unsere Gesch\u00e4ftsentscheidungen, um langfristigen Wert f\u00fcr unsere Stakeholder zu schaffen. Die Nachhaltigkeitsbem\u00fchungen von Comau haben zu bedeutenden Erfolgen in den Bereichen Energieeffizienz, Emissionsreduzierung, Produktentwicklung und gesellschaftliches Engagement gef\u00fchrt. Wir sind stets bestrebt, nachhaltige Praktiken zu entwickeln und umzusetzen, die sowohl unserem Unternehmen als auch der Umwelt zugutekommen.<\/p>\n\n\n\n<div class=\"wp-block-buttons is-layout-flex wp-block-buttons-is-layout-flex\">\n<div class=\"wp-block-button\"><a class=\"wp-block-button__link wp-element-button\" href=\"https:\/\/www.comau.com\/de\/about-us\/sustainability\/\" style=\"border-radius:100px\">Erfahren Sie mehr \u00fcber Nachhaltigkeit bei Comau<\/a><\/div>\n<\/div>\n\n\n\n<p><\/p>\n","protected":false},"excerpt":{"rendered":"<p>H\u00f6chste Integrit\u00e4t, Transparenz und Verantwortlichkeit in all unseren Aktivit\u00e4ten Bei Comau ist Corporate Governance unerl\u00e4sslich, um unsere Standards an Transparenz, Integrit\u00e4t und Verantwortlichkeit in allen unseren Gesch\u00e4ftsbereichen aufrechtzuerhalten. Eine starke Corporate Governance f\u00f6rdert eine Kultur ethischen Verhaltens, treibt die Leistungsverbesserung voran und gew\u00e4hrleistet die Einhaltung regulatorischer Anforderungen. Die Comau Gruppe ist fest entschlossen, ihre Aktivit\u00e4ten [&hellip;]<\/p>\n","protected":false},"author":11,"featured_media":71552,"parent":5216,"menu_order":4,"comment_status":"closed","ping_status":"closed","template":"","meta":{"_acf_changed":false,"ep_exclude_from_search":false,"footnotes":""},"class_list":["post-5292","page","type-page","status-publish","has-post-thumbnail","hentry"],"acf":[],"yoast_head":"<!-- This site is optimized with the Yoast SEO plugin v26.9 - https:\/\/yoast.com\/product\/yoast-seo-wordpress\/ -->\n<title>Unternehmensf\u00fchrung - Comau<\/title>\n<meta name=\"robots\" content=\"index, follow, max-snippet:-1, max-image-preview:large, max-video-preview:-1\" \/>\n<link rel=\"canonical\" href=\"https:\/\/www.comau.com\/de\/about-us\/corporate-governance\/\" \/>\n<meta property=\"og:locale\" content=\"de_DE\" \/>\n<meta property=\"og:type\" content=\"article\" \/>\n<meta property=\"og:title\" content=\"Unternehmensf\u00fchrung - Comau\" \/>\n<meta property=\"og:description\" content=\"H\u00f6chste Integrit\u00e4t, Transparenz und Verantwortlichkeit in all unseren Aktivit\u00e4ten Bei Comau ist Corporate Governance unerl\u00e4sslich, um unsere Standards an Transparenz, Integrit\u00e4t und Verantwortlichkeit in allen unseren Gesch\u00e4ftsbereichen aufrechtzuerhalten. Eine starke Corporate Governance f\u00f6rdert eine Kultur ethischen Verhaltens, treibt die Leistungsverbesserung voran und gew\u00e4hrleistet die Einhaltung regulatorischer Anforderungen. Die Comau Gruppe ist fest entschlossen, ihre Aktivit\u00e4ten [&hellip;]\" \/>\n<meta property=\"og:url\" content=\"https:\/\/www.comau.com\/de\/about-us\/corporate-governance\/\" \/>\n<meta property=\"og:site_name\" content=\"Comau\" \/>\n<meta property=\"article:publisher\" content=\"https:\/\/www.facebook.com\/COMAU\/\" \/>\n<meta property=\"article:modified_time\" content=\"2025-04-01T05:28:38+00:00\" \/>\n<meta property=\"og:image\" content=\"https:\/\/www.comau.com\/wp-content\/uploads\/2024\/12\/corporate-governance-header.jpg\" \/>\n\t<meta property=\"og:image:width\" content=\"1920\" \/>\n\t<meta property=\"og:image:height\" content=\"960\" \/>\n\t<meta property=\"og:image:type\" content=\"image\/jpeg\" \/>\n<meta name=\"twitter:card\" content=\"summary_large_image\" \/>\n<meta name=\"twitter:site\" content=\"@comaugroup\" \/>\n<meta name=\"twitter:label1\" content=\"Gesch\u00e4tzte Lesezeit\" \/>\n\t<meta name=\"twitter:data1\" content=\"4\u00a0Minuten\" \/>\n<script type=\"application\/ld+json\" class=\"yoast-schema-graph\">{\"@context\":\"https:\/\/schema.org\",\"@graph\":[{\"@type\":\"WebPage\",\"@id\":\"https:\/\/www.comau.com\/de\/about-us\/corporate-governance\/\",\"url\":\"https:\/\/www.comau.com\/de\/about-us\/corporate-governance\/\",\"name\":\"Unternehmensf\u00fchrung - Comau\",\"isPartOf\":{\"@id\":\"https:\/\/www.comau.com\/de\/#website\"},\"primaryImageOfPage\":{\"@id\":\"https:\/\/www.comau.com\/de\/about-us\/corporate-governance\/#primaryimage\"},\"image\":{\"@id\":\"https:\/\/www.comau.com\/de\/about-us\/corporate-governance\/#primaryimage\"},\"thumbnailUrl\":\"https:\/\/www.comau.com\/wp-content\/uploads\/2024\/12\/corporate-governance-header.jpg\",\"datePublished\":\"2021-05-31T22:04:13+00:00\",\"dateModified\":\"2025-04-01T05:28:38+00:00\",\"breadcrumb\":{\"@id\":\"https:\/\/www.comau.com\/de\/about-us\/corporate-governance\/#breadcrumb\"},\"inLanguage\":\"de\",\"potentialAction\":[{\"@type\":\"ReadAction\",\"target\":[\"https:\/\/www.comau.com\/de\/about-us\/corporate-governance\/\"]}]},{\"@type\":\"ImageObject\",\"inLanguage\":\"de\",\"@id\":\"https:\/\/www.comau.com\/de\/about-us\/corporate-governance\/#primaryimage\",\"url\":\"https:\/\/www.comau.com\/wp-content\/uploads\/2024\/12\/corporate-governance-header.jpg\",\"contentUrl\":\"https:\/\/www.comau.com\/wp-content\/uploads\/2024\/12\/corporate-governance-header.jpg\",\"width\":1920,\"height\":960},{\"@type\":\"BreadcrumbList\",\"@id\":\"https:\/\/www.comau.com\/de\/about-us\/corporate-governance\/#breadcrumb\",\"itemListElement\":[{\"@type\":\"ListItem\",\"position\":1,\"name\":\"Home\",\"item\":\"https:\/\/www.comau.com\/de\/\"},{\"@type\":\"ListItem\",\"position\":2,\"name\":\"\u00dcber Comau\",\"item\":\"https:\/\/www.comau.com\/de\/about-us\/\"},{\"@type\":\"ListItem\",\"position\":3,\"name\":\"Unternehmensf\u00fchrung\"}]},{\"@type\":\"WebSite\",\"@id\":\"https:\/\/www.comau.com\/de\/#website\",\"url\":\"https:\/\/www.comau.com\/de\/\",\"name\":\"Comau\",\"description\":\"Industrial automation and robotics\",\"publisher\":{\"@id\":\"https:\/\/www.comau.com\/de\/#organization\"},\"potentialAction\":[{\"@type\":\"SearchAction\",\"target\":{\"@type\":\"EntryPoint\",\"urlTemplate\":\"https:\/\/www.comau.com\/de\/?s={search_term_string}\"},\"query-input\":{\"@type\":\"PropertyValueSpecification\",\"valueRequired\":true,\"valueName\":\"search_term_string\"}}],\"inLanguage\":\"de\"},{\"@type\":\"Organization\",\"@id\":\"https:\/\/www.comau.com\/de\/#organization\",\"name\":\"Comau\",\"url\":\"https:\/\/www.comau.com\/de\/\",\"logo\":{\"@type\":\"ImageObject\",\"inLanguage\":\"de\",\"@id\":\"https:\/\/www.comau.com\/de\/#\/schema\/logo\/image\/\",\"url\":\"https:\/\/www.comau.com\/wp-content\/uploads\/2024\/07\/cropped-Logo-COMAU.png\",\"contentUrl\":\"https:\/\/www.comau.com\/wp-content\/uploads\/2024\/07\/cropped-Logo-COMAU.png\",\"width\":434,\"height\":434,\"caption\":\"Comau\"},\"image\":{\"@id\":\"https:\/\/www.comau.com\/de\/#\/schema\/logo\/image\/\"},\"sameAs\":[\"https:\/\/www.facebook.com\/COMAU\/\",\"https:\/\/x.com\/comaugroup\",\"https:\/\/www.instagram.com\/comaugroup\/\",\"https:\/\/www.linkedin.com\/company\/comau\",\"https:\/\/www.youtube.com\/user\/comau\"]}]}<\/script>\n<!-- \/ Yoast SEO plugin. -->","yoast_head_json":{"title":"Unternehmensf\u00fchrung - Comau","robots":{"index":"index","follow":"follow","max-snippet":"max-snippet:-1","max-image-preview":"max-image-preview:large","max-video-preview":"max-video-preview:-1"},"canonical":"https:\/\/www.comau.com\/de\/about-us\/corporate-governance\/","og_locale":"de_DE","og_type":"article","og_title":"Unternehmensf\u00fchrung - Comau","og_description":"H\u00f6chste Integrit\u00e4t, Transparenz und Verantwortlichkeit in all unseren Aktivit\u00e4ten Bei Comau ist Corporate Governance unerl\u00e4sslich, um unsere Standards an Transparenz, Integrit\u00e4t und Verantwortlichkeit in allen unseren Gesch\u00e4ftsbereichen aufrechtzuerhalten. Eine starke Corporate Governance f\u00f6rdert eine Kultur ethischen Verhaltens, treibt die Leistungsverbesserung voran und gew\u00e4hrleistet die Einhaltung regulatorischer Anforderungen. Die Comau Gruppe ist fest entschlossen, ihre Aktivit\u00e4ten [&hellip;]","og_url":"https:\/\/www.comau.com\/de\/about-us\/corporate-governance\/","og_site_name":"Comau","article_publisher":"https:\/\/www.facebook.com\/COMAU\/","article_modified_time":"2025-04-01T05:28:38+00:00","og_image":[{"width":1920,"height":960,"url":"https:\/\/www.comau.com\/wp-content\/uploads\/2024\/12\/corporate-governance-header.jpg","type":"image\/jpeg"}],"twitter_card":"summary_large_image","twitter_site":"@comaugroup","twitter_misc":{"Gesch\u00e4tzte Lesezeit":"4\u00a0Minuten"},"schema":{"@context":"https:\/\/schema.org","@graph":[{"@type":"WebPage","@id":"https:\/\/www.comau.com\/de\/about-us\/corporate-governance\/","url":"https:\/\/www.comau.com\/de\/about-us\/corporate-governance\/","name":"Unternehmensf\u00fchrung - Comau","isPartOf":{"@id":"https:\/\/www.comau.com\/de\/#website"},"primaryImageOfPage":{"@id":"https:\/\/www.comau.com\/de\/about-us\/corporate-governance\/#primaryimage"},"image":{"@id":"https:\/\/www.comau.com\/de\/about-us\/corporate-governance\/#primaryimage"},"thumbnailUrl":"https:\/\/www.comau.com\/wp-content\/uploads\/2024\/12\/corporate-governance-header.jpg","datePublished":"2021-05-31T22:04:13+00:00","dateModified":"2025-04-01T05:28:38+00:00","breadcrumb":{"@id":"https:\/\/www.comau.com\/de\/about-us\/corporate-governance\/#breadcrumb"},"inLanguage":"de","potentialAction":[{"@type":"ReadAction","target":["https:\/\/www.comau.com\/de\/about-us\/corporate-governance\/"]}]},{"@type":"ImageObject","inLanguage":"de","@id":"https:\/\/www.comau.com\/de\/about-us\/corporate-governance\/#primaryimage","url":"https:\/\/www.comau.com\/wp-content\/uploads\/2024\/12\/corporate-governance-header.jpg","contentUrl":"https:\/\/www.comau.com\/wp-content\/uploads\/2024\/12\/corporate-governance-header.jpg","width":1920,"height":960},{"@type":"BreadcrumbList","@id":"https:\/\/www.comau.com\/de\/about-us\/corporate-governance\/#breadcrumb","itemListElement":[{"@type":"ListItem","position":1,"name":"Home","item":"https:\/\/www.comau.com\/de\/"},{"@type":"ListItem","position":2,"name":"\u00dcber Comau","item":"https:\/\/www.comau.com\/de\/about-us\/"},{"@type":"ListItem","position":3,"name":"Unternehmensf\u00fchrung"}]},{"@type":"WebSite","@id":"https:\/\/www.comau.com\/de\/#website","url":"https:\/\/www.comau.com\/de\/","name":"Comau","description":"Industrial automation and robotics","publisher":{"@id":"https:\/\/www.comau.com\/de\/#organization"},"potentialAction":[{"@type":"SearchAction","target":{"@type":"EntryPoint","urlTemplate":"https:\/\/www.comau.com\/de\/?s={search_term_string}"},"query-input":{"@type":"PropertyValueSpecification","valueRequired":true,"valueName":"search_term_string"}}],"inLanguage":"de"},{"@type":"Organization","@id":"https:\/\/www.comau.com\/de\/#organization","name":"Comau","url":"https:\/\/www.comau.com\/de\/","logo":{"@type":"ImageObject","inLanguage":"de","@id":"https:\/\/www.comau.com\/de\/#\/schema\/logo\/image\/","url":"https:\/\/www.comau.com\/wp-content\/uploads\/2024\/07\/cropped-Logo-COMAU.png","contentUrl":"https:\/\/www.comau.com\/wp-content\/uploads\/2024\/07\/cropped-Logo-COMAU.png","width":434,"height":434,"caption":"Comau"},"image":{"@id":"https:\/\/www.comau.com\/de\/#\/schema\/logo\/image\/"},"sameAs":["https:\/\/www.facebook.com\/COMAU\/","https:\/\/x.com\/comaugroup","https:\/\/www.instagram.com\/comaugroup\/","https:\/\/www.linkedin.com\/company\/comau","https:\/\/www.youtube.com\/user\/comau"]}]}},"_links":{"self":[{"href":"https:\/\/www.comau.com\/de\/wp-json\/wp\/v2\/pages\/5292","targetHints":{"allow":["GET"]}}],"collection":[{"href":"https:\/\/www.comau.com\/de\/wp-json\/wp\/v2\/pages"}],"about":[{"href":"https:\/\/www.comau.com\/de\/wp-json\/wp\/v2\/types\/page"}],"author":[{"embeddable":true,"href":"https:\/\/www.comau.com\/de\/wp-json\/wp\/v2\/users\/11"}],"replies":[{"embeddable":true,"href":"https:\/\/www.comau.com\/de\/wp-json\/wp\/v2\/comments?post=5292"}],"version-history":[{"count":26,"href":"https:\/\/www.comau.com\/de\/wp-json\/wp\/v2\/pages\/5292\/revisions"}],"predecessor-version":[{"id":74943,"href":"https:\/\/www.comau.com\/de\/wp-json\/wp\/v2\/pages\/5292\/revisions\/74943"}],"up":[{"embeddable":true,"href":"https:\/\/www.comau.com\/de\/wp-json\/wp\/v2\/pages\/5216"}],"wp:featuredmedia":[{"embeddable":true,"href":"https:\/\/www.comau.com\/de\/wp-json\/wp\/v2\/media\/71552"}],"wp:attachment":[{"href":"https:\/\/www.comau.com\/de\/wp-json\/wp\/v2\/media?parent=5292"}],"curies":[{"name":"wp","href":"https:\/\/api.w.org\/{rel}","templated":true}]}}