{"id":5216,"date":"2021-05-31T00:01:48","date_gmt":"2021-05-30T22:01:48","guid":{"rendered":"https:\/\/www.comau.com\/?page_id=5216"},"modified":"2025-06-24T10:20:35","modified_gmt":"2025-06-24T08:20:35","slug":"about-us","status":"publish","type":"page","link":"https:\/\/www.comau.com\/de\/about-us\/","title":{"rendered":"\u00dcber Comau"},"content":{"rendered":"\n<h2 class=\"wp-block-heading\">Wer wir sind<\/h2>\n\n\n\n<p class=\"lead\"><strong>\u200bComau ist ein f\u00fchrendes Unternehmen im Bereich der industriellen Automatisierung auf globaler Ebene<\/strong>.<\/p>\n\n\n\n<p>Comau kombiniert <strong>innovative Ingenieurl\u00f6sungen<\/strong> mit <strong>anwenderfreundlichen Open Automation<\/strong>&#8211;<strong>Konzepten<\/strong> und Grundlagentechnologien, um Unternehmen jeder Gr\u00f6\u00dfenordnung \u2013 sowie in einer Vielzahl von Industriesegmenten \u2013 darin zu unterst\u00fctzen, ihr Potenzial in der <strong>digitalen Fertigung<\/strong> optimal zu nutzen. Comau\u2018s Kompetenz basiert <strong>50 Jahren an Praxiserfahrung sowie einer starken Pr\u00e4senz in jedem f\u00fchrenden Industrieland<\/strong>.<\/p>\n\n\n\n<h2 class=\"wp-block-heading\">Was wir tun<\/h2>\n\n\n\n<p class=\"lead\"><strong>Comau entwickelt Industrie 4.0-f\u00e4hige Systeme, Produkte und Dienstleistungen.<\/strong>.<\/p>\n\n\n\n<p>Das vollst\u00e4ndige Portfolio umfasst unter anderem: F\u00fcge-, Montage- und Bearbeitungsl\u00f6sungen f\u00fcr herk\u00f6mmliche und elektrische Fahrzeuge, robotisierte Fertigungssysteme, eine komplette Roboterfamilie (inklusive kollaborativer und tragbarer Robotersysteme) mit umfassenden Reichweite- und Nutzlastkonfigurationen, selbststeuernde Logistikl\u00f6sungen sowie Anlagenoptimierungsdienste mit Echtzeit\u00fcberwachungsund -steuerungsm\u00f6glichkeiten. Das Angebot erstreckt sich ferner auf Projektmanagement- und -beratung, IoT-Dienste sowie Instandhaltung und Schulung f\u00fcr eine Vielzahl von Industriesegmenten. Comau\u2019s L\u00f6sungen unterst\u00fctzen die Fahrzeugfertigung, Schwerindustrie, Eisenbahnindustrie, erneuerbare Energien sowie weite Bereich der allgemeinen Industrie.<\/p>\n\n\n\n<div class=\"wp-block-buttons is-layout-flex wp-block-buttons-is-layout-flex\">\n<div class=\"wp-block-button is-style-fill\"><a class=\"wp-block-button__link wp-element-button\" href=\"https:\/\/www.comau.com\/wp-content\/uploads\/2025\/06\/Comau_Company_Profile_DEU-GER.pdf\" target=\"_blank\" rel=\"noreferrer noopener\">Entdecke mehr<\/a><\/div>\n<\/div>\n\n\n\n<h2 class=\"wp-block-heading\">Nah am kunden sein<\/h2>\n\n\n\n<p class=\"lead\">Wir reagieren rasch auf Markt- und Kundenbed\u00fcrfnisse mit einer wachsenden weltweiten Pr\u00e4senz und einem interkulturellen Ansatz.<\/p>\n\n\n\n<div class=\"wp-block-getwid-image-box has-text-center has-mobile-layout-default has-mobile-alignment-default\"><div class=\"wp-block-getwid-image-box__image-container is-position-top\"><div class=\"wp-block-getwid-image-box__image-wrapper\"><img decoding=\"async\" width=\"144\" height=\"89\" src=\"https:\/\/www.comau.com\/wp-content\/uploads\/2021\/06\/plants.png\" alt=\"\" class=\"wp-block-getwid-image-box__image wp-image-229\" \/><\/div><\/div><div class=\"wp-block-getwid-image-box__content\">\n<h3 class=\"wp-block-heading\"><\/h3>\n\n\n\n<p><strong>11<\/strong> Produktionsst\u00e4tten<\/p>\n<\/div><\/div>\n\n\n\n<div class=\"wp-block-buttons is-layout-flex wp-block-buttons-is-layout-flex\">\n<div class=\"wp-block-button\"><a class=\"wp-block-button__link wp-element-button\" href=\"https:\/\/www.comau.com\/en\/about-us\/global-presence\/\">Globale pr\u00e4senz<\/a><\/div>\n<\/div>\n\n\n\n<h2 class=\"wp-block-heading\">Wertorientierte l\u00f6sungen entwickeln<\/h2>\n\n\n\n<p>Wir sind kontinuierlich darum bem\u00fcht, Wertsch\u00f6pfung f\u00fcr unsere Kunden zu betreiben, ihnen zuzuh\u00f6ren und kompetent und zielorientiert zu reagieren.<\/p>\n\n\n\n<h2 class=\"wp-block-heading\">Innovativ denken<\/h2>\n\n\n\n<p class=\"lead\">Bestehendes in Frage zu stellen, neue Entwicklungsbereiche zu erforschen und mit Mut und Phantasie zu arbeiten, ist unser Weg zur Innovation.<\/p>\n\n\n\n<div class=\"wp-block-columns is-layout-flex wp-container-core-columns-is-layout-9d6595d7 wp-block-columns-is-layout-flex\">\n<div class=\"wp-block-column is-layout-flow wp-block-column-is-layout-flow\">\n<div class=\"wp-block-getwid-image-box has-text-center has-mobile-layout-default has-mobile-alignment-default\"><div class=\"wp-block-getwid-image-box__image-container is-position-top\"><div class=\"wp-block-getwid-image-box__image-wrapper\"><img decoding=\"async\" width=\"184\" height=\"130\" src=\"https:\/\/www.comau.com\/wp-content\/uploads\/2021\/06\/innovationCenters.png\" alt=\"\" class=\"wp-block-getwid-image-box__image wp-image-241\" \/><\/div><\/div><div class=\"wp-block-getwid-image-box__content\">\n<h3 class=\"wp-block-heading\"><\/h3>\n\n\n\n<p><strong>7<\/strong> Innovationszentren<\/p>\n<\/div><\/div>\n<\/div>\n\n\n\n<div class=\"wp-block-column is-layout-flow wp-block-column-is-layout-flow\">\n<div class=\"wp-block-getwid-image-box has-text-center has-mobile-layout-default has-mobile-alignment-default\"><div class=\"wp-block-getwid-image-box__image-container is-position-top\"><div class=\"wp-block-getwid-image-box__image-wrapper\"><img decoding=\"async\" width=\"184\" height=\"130\" src=\"https:\/\/www.comau.com\/wp-content\/uploads\/2021\/06\/patents.jpg\" alt=\"\" class=\"wp-block-getwid-image-box__image wp-image-240\" \/><\/div><\/div><div class=\"wp-block-getwid-image-box__content\">\n<h3 class=\"wp-block-heading\"><\/h3>\n\n\n\n<p><strong>1,200+<\/strong> Patente<\/p>\n<\/div><\/div>\n<\/div>\n<\/div>\n\n\n\n<div class=\"wp-block-buttons is-layout-flex wp-block-buttons-is-layout-flex\">\n<div class=\"wp-block-button\"><a class=\"wp-block-button__link wp-element-button\" href=\"https:\/\/www.comau.com\/en\/about-us\/our-vision-humanufacturing\/\">Unsere vorstellung von innovation<\/a><\/div>\n<\/div>\n\n\n\n<h2 class=\"wp-block-heading\">Herausforderungen annehmen und lernen<\/h2>\n\n\n\n<p class=\"lead\">Unsere Einstellung besteht darin, Herausforderungen anzunehmen und zu \u00fcberwinden lernen.<\/p>\n\n\n\n<div class=\"wp-block-getwid-image-box has-text-center has-mobile-layout-default has-mobile-alignment-default\"><div class=\"wp-block-getwid-image-box__image-container is-position-top\"><div class=\"wp-block-getwid-image-box__image-wrapper\"><img decoding=\"async\" width=\"184\" height=\"130\" src=\"https:\/\/www.comau.com\/wp-content\/uploads\/2021\/06\/years_of_history.jpg\" alt=\"\" class=\"wp-block-getwid-image-box__image wp-image-239\" \/><\/div><\/div><div class=\"wp-block-getwid-image-box__content\">\n<h3 class=\"wp-block-heading\"><\/h3>\n\n\n\n<p><strong>50<\/strong>+ Jahre Erfahrung<\/p>\n<\/div><\/div>\n\n\n\n<div class=\"wp-block-buttons is-layout-flex wp-block-buttons-is-layout-flex\">\n<div class=\"wp-block-button\"><a class=\"wp-block-button__link wp-element-button\" href=\"https:\/\/www.comau.com\/en\/about-us\/history\/\">Eine langj\u00e4hrige Erfolgsgeschichte<\/a><\/div>\n<\/div>\n\n\n\n<h2 class=\"wp-block-heading\">Als netzwerk handeln<\/h2>\n\n\n\n<p class=\"lead\">Wir denken global, handeln lokal und geben Erfahrungen weiter.<\/p>\n\n\n\n<div class=\"wp-block-getwid-image-box has-text-center has-mobile-layout-default has-mobile-alignment-default\"><div class=\"wp-block-getwid-image-box__image-container is-position-top\"><div class=\"wp-block-getwid-image-box__image-wrapper\"><img decoding=\"async\" width=\"142\" height=\"68\" src=\"https:\/\/www.comau.com\/wp-content\/uploads\/2021\/06\/employees-idea.png\" alt=\"\" class=\"wp-block-getwid-image-box__image wp-image-238\" \/><\/div><\/div><div class=\"wp-block-getwid-image-box__content\">\n<h3 class=\"wp-block-heading\"><\/h3>\n\n\n\n<p><strong>3,800<\/strong> Mitarbeiter<\/p>\n<\/div><\/div>\n\n\n\n<h2 class=\"wp-block-heading\">Verantwortung \u00fcbernehmen<\/h2>\n\n\n\n<p class=\"lead\">Wir arbeiten kompetent und verantwortungsvoll, garantieren L\u00f6sungen und steigern Werte. Wir lassen Taten sprechen.<\/p>\n\n\n\n<div class=\"wp-block-getwid-image-box has-text-center has-mobile-layout-default has-mobile-alignment-default\"><div class=\"wp-block-getwid-image-box__image-container is-position-top\"><div class=\"wp-block-getwid-image-box__image-wrapper\"><img decoding=\"async\" width=\"184\" height=\"130\" src=\"https:\/\/www.comau.com\/wp-content\/uploads\/2021\/06\/Project_Managers.jpg\" alt=\"\" class=\"wp-block-getwid-image-box__image wp-image-237\" \/><\/div><\/div><div class=\"wp-block-getwid-image-box__content\">\n<h3 class=\"wp-block-heading\"><\/h3>\n\n\n\n<p><strong>200+ PMI \u00ae<\/strong> Zertifizierter Projektmanager<\/p>\n<\/div><\/div>\n\n\n\n<div class=\"wp-block-buttons is-layout-flex wp-block-buttons-is-layout-flex\">\n<div class=\"wp-block-button\"><a class=\"wp-block-button__link wp-element-button\" href=\"https:\/\/www.comau.com\/en\/about-us\/corporate-governance\/\">Unser verhaltenskodex<\/a><\/div>\n<\/div>\n\n\n\n<h2 class=\"wp-block-heading\">Einfach, \u00fcbersichtlich und transparent sein<\/h2>\n\n\n\n<p class=\"lead\">Plug-and-Play: Automatisierung ist effizient, wenn sie vereinfacht und optimiert und sich auf offene, flexible und intelligente Weise in Produktionsabl\u00e4ufe einf\u00fcgt.<\/p>\n\n\n\n<div class=\"wp-block-columns is-layout-flex wp-container-core-columns-is-layout-9d6595d7 wp-block-columns-is-layout-flex\">\n<div class=\"wp-block-column is-layout-flow wp-block-column-is-layout-flow\">\n<div class=\"wp-block-getwid-image-box has-text-center has-mobile-layout-default has-mobile-alignment-default\"><div class=\"wp-block-getwid-image-box__image-container is-position-top\"><div class=\"wp-block-getwid-image-box__image-wrapper\"><img decoding=\"async\" width=\"184\" height=\"130\" src=\"https:\/\/www.comau.com\/wp-content\/uploads\/2021\/06\/World_Class_Manufacturing.jpg\" alt=\"\" class=\"wp-block-getwid-image-box__image wp-image-236\" \/><\/div><\/div><div class=\"wp-block-getwid-image-box__content\">\n<h3 class=\"wp-block-heading\"><\/h3>\n\n\n\n<p><strong>1<\/strong> Erstklassige Produktion<\/p>\n<\/div><\/div>\n<\/div>\n\n\n\n<div class=\"wp-block-column is-layout-flow wp-block-column-is-layout-flow\">\n<div class=\"wp-block-getwid-image-box has-text-center has-mobile-layout-default has-mobile-alignment-default\"><div class=\"wp-block-getwid-image-box__image-container is-position-top\"><div class=\"wp-block-getwid-image-box__image-wrapper\"><img decoding=\"async\" width=\"184\" height=\"130\" src=\"https:\/\/www.comau.com\/wp-content\/uploads\/2021\/06\/Pioneering_vision.jpg\" alt=\"\" class=\"wp-block-getwid-image-box__image wp-image-235\" \/><\/div><\/div><div class=\"wp-block-getwid-image-box__content\">\n<h3 class=\"wp-block-heading\"><\/h3>\n\n\n\n<p><strong>1<\/strong> Wegweisende Vision<\/p>\n<\/div><\/div>\n<\/div>\n<\/div>\n\n\n\n<h2 class=\"wp-block-heading\">Offen kommunizieren<\/h2>\n\n\n\n<p class=\"lead\">Wir bringen unsere gesamte Erfahrung ein. Meinungen und Ideen auszutauschen, um gemeinsame Ziele zu verfolgen, ist unsere Art, f\u00fcr Transparenz zu sorgen.<\/p>\n\n\n\n<div class=\"wp-block-columns is-layout-flex wp-container-core-columns-is-layout-9d6595d7 wp-block-columns-is-layout-flex\">\n<div class=\"wp-block-column is-layout-flow wp-block-column-is-layout-flow\">\n<div class=\"wp-block-getwid-image-box has-text-center has-mobile-layout-default has-mobile-alignment-default\"><div class=\"wp-block-getwid-image-box__image-container is-position-top\"><div class=\"wp-block-getwid-image-box__image-wrapper\"><img decoding=\"async\" width=\"184\" height=\"130\" src=\"https:\/\/www.comau.com\/wp-content\/uploads\/2021\/06\/common_vision.jpg\" alt=\"\" class=\"wp-block-getwid-image-box__image wp-image-234\" \/><\/div><\/div><div class=\"wp-block-getwid-image-box__content\">\n<h3 class=\"wp-block-heading\"><\/h3>\n\n\n\n<p><strong>1<\/strong> Allgemeine Vision<\/p>\n<\/div><\/div>\n<\/div>\n\n\n\n<div class=\"wp-block-column is-layout-flow wp-block-column-is-layout-flow\">\n<div class=\"wp-block-getwid-image-box has-text-center has-mobile-layout-default has-mobile-alignment-default\"><div class=\"wp-block-getwid-image-box__image-container is-position-top\"><div class=\"wp-block-getwid-image-box__image-wrapper\"><img decoding=\"async\" width=\"184\" height=\"130\" src=\"https:\/\/www.comau.com\/wp-content\/uploads\/2021\/06\/shared_knowledge.jpg\" alt=\"\" class=\"wp-block-getwid-image-box__image wp-image-233\" \/><\/div><\/div><div class=\"wp-block-getwid-image-box__content\">\n<h3 class=\"wp-block-heading\"><\/h3>\n\n\n\n<p><strong>1<\/strong> Gemeinsames Wissen<\/p>\n<\/div><\/div>\n<\/div>\n\n\n\n<div class=\"wp-block-column is-layout-flow wp-block-column-is-layout-flow\">\n<div class=\"wp-block-getwid-image-box has-text-center has-mobile-layout-default has-mobile-alignment-default\"><div class=\"wp-block-getwid-image-box__image-container is-position-top\"><div class=\"wp-block-getwid-image-box__image-wrapper\"><img decoding=\"async\" width=\"184\" height=\"130\" src=\"https:\/\/www.comau.com\/wp-content\/uploads\/2021\/06\/objective_create_solutions.jpg\" alt=\"\" class=\"wp-block-getwid-image-box__image wp-image-232\" \/><\/div><\/div><div class=\"wp-block-getwid-image-box__content\">\n<h3 class=\"wp-block-heading\"><\/h3>\n\n\n\n<p><strong>1<\/strong> Ziel: L\u00f6sungen schaffen<\/p>\n<\/div><\/div>\n<\/div>\n<\/div>\n\n\n\n<div class=\"wp-block-buttons is-layout-flex wp-block-buttons-is-layout-flex\">\n<div class=\"wp-block-button\"><a class=\"wp-block-button__link wp-element-button\" href=\"https:\/\/www.comau.com\/en\/contact-us\/media-area\/\">Media wall<\/a><\/div>\n<\/div>\n\n\n\n<h2 class=\"wp-block-heading\">Motor hinter deiner Fantasie<\/h2>\n\n\n\n<figure class=\"wp-block-embed is-type-video is-provider-youtube wp-block-embed-youtube wp-embed-aspect-16-9 wp-has-aspect-ratio\"><div class=\"wp-block-embed__wrapper\">\nhttps:\/\/www.youtube.com\/watch?v=AijNUAOerXY\n<\/div><\/figure>\n","protected":false},"excerpt":{"rendered":"<p>Wer wir sind \u200bComau ist ein f\u00fchrendes Unternehmen im Bereich der industriellen Automatisierung auf globaler Ebene. Comau kombiniert innovative Ingenieurl\u00f6sungen mit anwenderfreundlichen Open Automation&#8211;Konzepten und Grundlagentechnologien, um Unternehmen jeder Gr\u00f6\u00dfenordnung \u2013 sowie in einer Vielzahl von Industriesegmenten \u2013 darin zu unterst\u00fctzen, ihr Potenzial in der digitalen Fertigung optimal zu nutzen. Comau\u2018s Kompetenz basiert 50 Jahren [&hellip;]<\/p>\n","protected":false},"author":11,"featured_media":3818,"parent":0,"menu_order":1,"comment_status":"closed","ping_status":"closed","template":"","meta":{"_acf_changed":false,"ep_exclude_from_search":false,"footnotes":""},"class_list":["post-5216","page","type-page","status-publish","has-post-thumbnail","hentry"],"acf":[],"yoast_head":"<!-- This site is optimized with the Yoast SEO plugin v26.9 - https:\/\/yoast.com\/product\/yoast-seo-wordpress\/ -->\n<title>\u00dcber Comau - Comau<\/title>\n<meta name=\"description\" content=\"Comau kombiniert innovative Ingenieurl\u00f6sungen mit anwenderfreundlichen Open Automation-Konzepten, um Unternehmen jeder Gr\u00f6\u00dfenordnung\" \/>\n<meta name=\"robots\" content=\"index, follow, max-snippet:-1, max-image-preview:large, max-video-preview:-1\" \/>\n<link rel=\"canonical\" href=\"https:\/\/www.comau.com\/de\/about-us\/\" \/>\n<meta property=\"og:locale\" content=\"de_DE\" \/>\n<meta property=\"og:type\" content=\"article\" \/>\n<meta property=\"og:title\" content=\"\u00dcber Comau - Comau\" \/>\n<meta property=\"og:description\" content=\"Comau kombiniert innovative Ingenieurl\u00f6sungen mit anwenderfreundlichen Open Automation-Konzepten, um Unternehmen jeder Gr\u00f6\u00dfenordnung\" \/>\n<meta property=\"og:url\" content=\"https:\/\/www.comau.com\/de\/about-us\/\" \/>\n<meta property=\"og:site_name\" content=\"Comau\" \/>\n<meta property=\"article:publisher\" content=\"https:\/\/www.facebook.com\/COMAU\/\" \/>\n<meta property=\"article:modified_time\" content=\"2025-06-24T08:20:35+00:00\" \/>\n<meta property=\"og:image\" content=\"https:\/\/www.comau.com\/wp-content\/uploads\/2021\/06\/manifesto_header.jpg\" \/>\n\t<meta property=\"og:image:width\" content=\"1280\" \/>\n\t<meta property=\"og:image:height\" content=\"485\" \/>\n\t<meta property=\"og:image:type\" content=\"image\/jpeg\" \/>\n<meta name=\"twitter:card\" content=\"summary_large_image\" \/>\n<meta name=\"twitter:site\" content=\"@comaugroup\" \/>\n<meta name=\"twitter:label1\" content=\"Gesch\u00e4tzte Lesezeit\" \/>\n\t<meta name=\"twitter:data1\" content=\"4\u00a0Minuten\" \/>\n<script type=\"application\/ld+json\" class=\"yoast-schema-graph\">{\"@context\":\"https:\/\/schema.org\",\"@graph\":[{\"@type\":\"WebPage\",\"@id\":\"https:\/\/www.comau.com\/de\/about-us\/\",\"url\":\"https:\/\/www.comau.com\/de\/about-us\/\",\"name\":\"\u00dcber Comau - Comau\",\"isPartOf\":{\"@id\":\"https:\/\/www.comau.com\/de\/#website\"},\"primaryImageOfPage\":{\"@id\":\"https:\/\/www.comau.com\/de\/about-us\/#primaryimage\"},\"image\":{\"@id\":\"https:\/\/www.comau.com\/de\/about-us\/#primaryimage\"},\"thumbnailUrl\":\"https:\/\/www.comau.com\/wp-content\/uploads\/2021\/06\/manifesto_header.jpg\",\"datePublished\":\"2021-05-30T22:01:48+00:00\",\"dateModified\":\"2025-06-24T08:20:35+00:00\",\"description\":\"Comau kombiniert innovative Ingenieurl\u00f6sungen mit anwenderfreundlichen Open Automation-Konzepten, um Unternehmen jeder Gr\u00f6\u00dfenordnung\",\"breadcrumb\":{\"@id\":\"https:\/\/www.comau.com\/de\/about-us\/#breadcrumb\"},\"inLanguage\":\"de\",\"potentialAction\":[{\"@type\":\"ReadAction\",\"target\":[\"https:\/\/www.comau.com\/de\/about-us\/\"]}]},{\"@type\":\"ImageObject\",\"inLanguage\":\"de\",\"@id\":\"https:\/\/www.comau.com\/de\/about-us\/#primaryimage\",\"url\":\"https:\/\/www.comau.com\/wp-content\/uploads\/2021\/06\/manifesto_header.jpg\",\"contentUrl\":\"https:\/\/www.comau.com\/wp-content\/uploads\/2021\/06\/manifesto_header.jpg\",\"width\":1280,\"height\":485},{\"@type\":\"BreadcrumbList\",\"@id\":\"https:\/\/www.comau.com\/de\/about-us\/#breadcrumb\",\"itemListElement\":[{\"@type\":\"ListItem\",\"position\":1,\"name\":\"Home\",\"item\":\"https:\/\/www.comau.com\/de\/\"},{\"@type\":\"ListItem\",\"position\":2,\"name\":\"\u00dcber Comau\"}]},{\"@type\":\"WebSite\",\"@id\":\"https:\/\/www.comau.com\/de\/#website\",\"url\":\"https:\/\/www.comau.com\/de\/\",\"name\":\"Comau\",\"description\":\"Industrial automation and robotics\",\"publisher\":{\"@id\":\"https:\/\/www.comau.com\/de\/#organization\"},\"potentialAction\":[{\"@type\":\"SearchAction\",\"target\":{\"@type\":\"EntryPoint\",\"urlTemplate\":\"https:\/\/www.comau.com\/de\/?s={search_term_string}\"},\"query-input\":{\"@type\":\"PropertyValueSpecification\",\"valueRequired\":true,\"valueName\":\"search_term_string\"}}],\"inLanguage\":\"de\"},{\"@type\":\"Organization\",\"@id\":\"https:\/\/www.comau.com\/de\/#organization\",\"name\":\"Comau\",\"url\":\"https:\/\/www.comau.com\/de\/\",\"logo\":{\"@type\":\"ImageObject\",\"inLanguage\":\"de\",\"@id\":\"https:\/\/www.comau.com\/de\/#\/schema\/logo\/image\/\",\"url\":\"https:\/\/www.comau.com\/wp-content\/uploads\/2024\/07\/cropped-Logo-COMAU.png\",\"contentUrl\":\"https:\/\/www.comau.com\/wp-content\/uploads\/2024\/07\/cropped-Logo-COMAU.png\",\"width\":434,\"height\":434,\"caption\":\"Comau\"},\"image\":{\"@id\":\"https:\/\/www.comau.com\/de\/#\/schema\/logo\/image\/\"},\"sameAs\":[\"https:\/\/www.facebook.com\/COMAU\/\",\"https:\/\/x.com\/comaugroup\",\"https:\/\/www.instagram.com\/comaugroup\/\",\"https:\/\/www.linkedin.com\/company\/comau\",\"https:\/\/www.youtube.com\/user\/comau\"]}]}<\/script>\n<!-- \/ Yoast SEO plugin. -->","yoast_head_json":{"title":"\u00dcber Comau - Comau","description":"Comau kombiniert innovative Ingenieurl\u00f6sungen mit anwenderfreundlichen Open Automation-Konzepten, um Unternehmen jeder Gr\u00f6\u00dfenordnung","robots":{"index":"index","follow":"follow","max-snippet":"max-snippet:-1","max-image-preview":"max-image-preview:large","max-video-preview":"max-video-preview:-1"},"canonical":"https:\/\/www.comau.com\/de\/about-us\/","og_locale":"de_DE","og_type":"article","og_title":"\u00dcber Comau - Comau","og_description":"Comau kombiniert innovative Ingenieurl\u00f6sungen mit anwenderfreundlichen Open Automation-Konzepten, um Unternehmen jeder Gr\u00f6\u00dfenordnung","og_url":"https:\/\/www.comau.com\/de\/about-us\/","og_site_name":"Comau","article_publisher":"https:\/\/www.facebook.com\/COMAU\/","article_modified_time":"2025-06-24T08:20:35+00:00","og_image":[{"width":1280,"height":485,"url":"https:\/\/www.comau.com\/wp-content\/uploads\/2021\/06\/manifesto_header.jpg","type":"image\/jpeg"}],"twitter_card":"summary_large_image","twitter_site":"@comaugroup","twitter_misc":{"Gesch\u00e4tzte Lesezeit":"4\u00a0Minuten"},"schema":{"@context":"https:\/\/schema.org","@graph":[{"@type":"WebPage","@id":"https:\/\/www.comau.com\/de\/about-us\/","url":"https:\/\/www.comau.com\/de\/about-us\/","name":"\u00dcber Comau - Comau","isPartOf":{"@id":"https:\/\/www.comau.com\/de\/#website"},"primaryImageOfPage":{"@id":"https:\/\/www.comau.com\/de\/about-us\/#primaryimage"},"image":{"@id":"https:\/\/www.comau.com\/de\/about-us\/#primaryimage"},"thumbnailUrl":"https:\/\/www.comau.com\/wp-content\/uploads\/2021\/06\/manifesto_header.jpg","datePublished":"2021-05-30T22:01:48+00:00","dateModified":"2025-06-24T08:20:35+00:00","description":"Comau kombiniert innovative Ingenieurl\u00f6sungen mit anwenderfreundlichen Open Automation-Konzepten, um Unternehmen jeder Gr\u00f6\u00dfenordnung","breadcrumb":{"@id":"https:\/\/www.comau.com\/de\/about-us\/#breadcrumb"},"inLanguage":"de","potentialAction":[{"@type":"ReadAction","target":["https:\/\/www.comau.com\/de\/about-us\/"]}]},{"@type":"ImageObject","inLanguage":"de","@id":"https:\/\/www.comau.com\/de\/about-us\/#primaryimage","url":"https:\/\/www.comau.com\/wp-content\/uploads\/2021\/06\/manifesto_header.jpg","contentUrl":"https:\/\/www.comau.com\/wp-content\/uploads\/2021\/06\/manifesto_header.jpg","width":1280,"height":485},{"@type":"BreadcrumbList","@id":"https:\/\/www.comau.com\/de\/about-us\/#breadcrumb","itemListElement":[{"@type":"ListItem","position":1,"name":"Home","item":"https:\/\/www.comau.com\/de\/"},{"@type":"ListItem","position":2,"name":"\u00dcber Comau"}]},{"@type":"WebSite","@id":"https:\/\/www.comau.com\/de\/#website","url":"https:\/\/www.comau.com\/de\/","name":"Comau","description":"Industrial automation and robotics","publisher":{"@id":"https:\/\/www.comau.com\/de\/#organization"},"potentialAction":[{"@type":"SearchAction","target":{"@type":"EntryPoint","urlTemplate":"https:\/\/www.comau.com\/de\/?s={search_term_string}"},"query-input":{"@type":"PropertyValueSpecification","valueRequired":true,"valueName":"search_term_string"}}],"inLanguage":"de"},{"@type":"Organization","@id":"https:\/\/www.comau.com\/de\/#organization","name":"Comau","url":"https:\/\/www.comau.com\/de\/","logo":{"@type":"ImageObject","inLanguage":"de","@id":"https:\/\/www.comau.com\/de\/#\/schema\/logo\/image\/","url":"https:\/\/www.comau.com\/wp-content\/uploads\/2024\/07\/cropped-Logo-COMAU.png","contentUrl":"https:\/\/www.comau.com\/wp-content\/uploads\/2024\/07\/cropped-Logo-COMAU.png","width":434,"height":434,"caption":"Comau"},"image":{"@id":"https:\/\/www.comau.com\/de\/#\/schema\/logo\/image\/"},"sameAs":["https:\/\/www.facebook.com\/COMAU\/","https:\/\/x.com\/comaugroup","https:\/\/www.instagram.com\/comaugroup\/","https:\/\/www.linkedin.com\/company\/comau","https:\/\/www.youtube.com\/user\/comau"]}]}},"_links":{"self":[{"href":"https:\/\/www.comau.com\/de\/wp-json\/wp\/v2\/pages\/5216","targetHints":{"allow":["GET"]}}],"collection":[{"href":"https:\/\/www.comau.com\/de\/wp-json\/wp\/v2\/pages"}],"about":[{"href":"https:\/\/www.comau.com\/de\/wp-json\/wp\/v2\/types\/page"}],"author":[{"embeddable":true,"href":"https:\/\/www.comau.com\/de\/wp-json\/wp\/v2\/users\/11"}],"replies":[{"embeddable":true,"href":"https:\/\/www.comau.com\/de\/wp-json\/wp\/v2\/comments?post=5216"}],"version-history":[{"count":69,"href":"https:\/\/www.comau.com\/de\/wp-json\/wp\/v2\/pages\/5216\/revisions"}],"predecessor-version":[{"id":78874,"href":"https:\/\/www.comau.com\/de\/wp-json\/wp\/v2\/pages\/5216\/revisions\/78874"}],"wp:featuredmedia":[{"embeddable":true,"href":"https:\/\/www.comau.com\/de\/wp-json\/wp\/v2\/media\/3818"}],"wp:attachment":[{"href":"https:\/\/www.comau.com\/de\/wp-json\/wp\/v2\/media?parent=5216"}],"curies":[{"name":"wp","href":"https:\/\/api.w.org\/{rel}","templated":true}]}}