{"id":51813,"date":"2023-04-19T15:59:55","date_gmt":"2023-04-19T13:59:55","guid":{"rendered":"https:\/\/www.comau.com\/?page_id=51813"},"modified":"2023-05-27T22:53:25","modified_gmt":"2023-05-27T20:53:25","slug":"john-deere-setzt-die-tragbaren-roboter-exoskelette-von-comau","status":"publish","type":"page","link":"https:\/\/www.comau.com\/de\/about-us\/success-stories\/john-deere-setzt-die-tragbaren-roboter-exoskelette-von-comau\/","title":{"rendered":"John Deere setzt die tragbaren roboter-exoskelette von Comau in Brasilien ein, um das wohlbefinden durch ergonomie w\u00e4hrend der manuellen betriebsabl\u00e4ufe zu gew\u00e4hrleisten"},"content":{"rendered":"\n<p>John Deere wurde 1837 gegr\u00fcndet und ist ein globales Technologieunternehmen, das haupts\u00e4chlich Software und Maschinen und Ger\u00e4te f\u00fcr die Landwirtschaft, die Baubranche und die Forstwirtschaft anbietet. Mit einem beeindruckenden Kundenstamm weltweit basiert der Ruf des Unternehmens auf innovativen, qualitativ hochwertigen Produkten, die die von Integrit\u00e4t gepr\u00e4gte 186-j\u00e4hrige Tradition widerspiegeln. Dieser Pioniergeist f\u00fchrte auch dazu, dass Manager im Teilevertriebszentrum des Unternehmens begannen, nach M\u00f6glichkeiten zu suchen, wie sie die Sicherheit, Gesundheit und Nachhaltigkeit der Belegschaft verbessern k\u00f6nnen.<\/p>\n\n\n<div class=\"wp-block-image\">\n<figure class=\"alignright size-large is-resized\"><img decoding=\"async\" src=\"https:\/\/www.comau.com\/wp-content\/uploads\/2023\/05\/JohnDeere_PDC_Campinas-Brasil_4-3-1024x767.jpg\" alt=\"\" class=\"wp-image-53004\" width=\"512\" height=\"384\" srcset=\"https:\/\/www.comau.com\/wp-content\/uploads\/2023\/05\/JohnDeere_PDC_Campinas-Brasil_4-3-1024x767.jpg 1024w, https:\/\/www.comau.com\/wp-content\/uploads\/2023\/05\/JohnDeere_PDC_Campinas-Brasil_4-3-300x225.jpg 300w, https:\/\/www.comau.com\/wp-content\/uploads\/2023\/05\/JohnDeere_PDC_Campinas-Brasil_4-3-768x576.jpg 768w, https:\/\/www.comau.com\/wp-content\/uploads\/2023\/05\/JohnDeere_PDC_Campinas-Brasil_4-3-1536x1151.jpg 1536w, https:\/\/www.comau.com\/wp-content\/uploads\/2023\/05\/JohnDeere_PDC_Campinas-Brasil_4-3-2048x1535.jpg 2048w\" sizes=\"(max-width: 512px) 100vw, 512px\" \/><\/figure>\n<\/div>\n\n\n<p>Die Ersatzteil-Logistik von John Deere spielt eine entscheidende Rolle, wenn es darum geht, den Landmaschinenhersteller dabei zu unterst\u00fctzen, die Bed\u00fcrfnisse sowohl der H\u00e4ndler als auch der Endverbraucher schnell zu erf\u00fcllen. Um die \u00fcber 150.000 verschiedenen Teile zu managen, die zur Unterst\u00fctzung des lokalen Marktes ben\u00f6tigt werden, baute das Unternehmen in Campinas im Bundesstaat Sao Paulo ein 75.000&nbsp;m<sup>2<\/sup> gro\u00dfes Vertriebszentrum. Die Gr\u00f6\u00dfe ist aber nur ein Teil des Bildes. F\u00fcr die Kundenzufriedenheit sind Schnelligkeit und Effizienz das, was wirklich z\u00e4hlt, da Teile h\u00e4ufig f\u00fcr die Lieferung am n\u00e4chsten Tag ben\u00f6tigt werden. Dazu m\u00fcssen die Mitarbeiter von John Deere t\u00e4glich Hunderte von Teilen ausw\u00e4hlen, sortieren und verpacken \u2013 eine Aufgabe, die sich wiederholende Bewegungen der Arme, Schultern und des R\u00fcckens notwendig macht.&nbsp;&nbsp;<\/p>\n\n\n\n<p>Anfang 2022 wandte sich das Team an Helmar De Aquino, Ingenieur und zertifizierter Ergonom bei Comau, um herauszufinden, inwieweit das tragbare Exoskelett des Unternehmens das Wohlbefinden und die Motivation f\u00fcr Mitarbeiter verbessern k\u00f6nnte, die mit dem Heben, Bewegen und Entnehmen von Teilen aller Formen, Gr\u00f6\u00dfen und Gewichte betraut sind.<\/p>\n\n\n\n<div class=\"wp-block-group wide-section-light-1 py-5 my-5\"><div class=\"wp-block-group__inner-container is-layout-flow wp-block-group-is-layout-flow\">\n<blockquote class=\"wp-block-quote has-text-align-left success-story-quote is-layout-flow wp-block-quote-is-layout-flow\">\n<p>\u201eUnsere Bem\u00fchungen, unseren Kunden innovative Automatisierungstechnologien anzubieten, reichen bis hin zur Suche nach neuen Wegen, um sicherzustellen, dass ihre Mitarbeiter w\u00e4hrend ihrer t\u00e4glichen Aktivit\u00e4ten in verschiedenen Anwendungen und M\u00e4rkten sicher bleiben. Das MATE-XT ist ein benutzerfreundliches tragbares Exoskelett, das es John Deere erm\u00f6glicht, einen gr\u00f6\u00dferen Mehrwert und messbare Vorteile in Bezug auf die Verringerung der wahrgenommenen Muskelerm\u00fcdung und als Folge davon die mechanische Belastung von R\u00fccken, Lendenwirbelbereich, Armen und Schultern eines Arbeiters zu bieten. Es ist ein weiteres Beispiel f\u00fcr den Wert, den Roboter bieten k\u00f6nnen.&#8220;<\/p>\n<cite><strong><strong>Laerte Scarpitta, Comau Leader f\u00fcr Nord- und S\u00fcdamerika<\/strong><\/strong><\/cite><\/blockquote>\n<\/div><\/div>\n\n\n\n<div class=\"wp-block-columns is-layout-flex wp-container-core-columns-is-layout-9d6595d7 wp-block-columns-is-layout-flex\">\n<div class=\"wp-block-column is-layout-flow wp-block-column-is-layout-flow\">\n<h2 class=\"h3 wp-block-heading\" id=\"the-challenge\">Die Herausfoderung<\/h2>\n\n\n\n<p>John Deere wollte das Wohlbefinden der Mitarbeiter verbessern und die ergonomische Nachhaltigkeit f\u00f6rdern, und suchte aktiv nach einer praktikablen L\u00f6sung, um die k\u00f6rperliche Belastung seiner Mitarbeiter zu verringern. Die Verbesserung ihrer K\u00f6rperhaltung und Arbeitsqualit\u00e4t war ein zweites Ziel, da das Unternehmen das ergonomische Risiko im Rahmen der Teilelogistik reduzieren wollte.<\/p>\n\n\n\n<p>Comau wurde daher gebeten, die ergonomische Leistung seines passiven MATE-XT-Roboterexoskeletts im Hinblick auf die Wirksamkeit bei der Verringerung des Risikos einer biomechanischen \u00dcberlastung der oberen Extremit\u00e4ten zu demonstrieren. Die Sicherstellung des allgemeinen Komforts und der Anpassungsf\u00e4higkeit waren zwei zus\u00e4tzliche Anforderungen, da die Arbeitnehmer das innovative Exoskelett bis zu 8 Stunden pro Tag tragen w\u00fcrden.<\/p>\n<\/div>\n\n\n\n<div class=\"wp-block-column is-layout-flow wp-block-column-is-layout-flow\">\n<h2 class=\"h3 wp-block-heading\" id=\"the-solution\">Die L\u00f6sung<\/h2>\n\n\n\n<p>Das Exoskelett MATE-XT von Comau f\u00fcr den Oberk\u00f6rper, das jetzt an den Paketumschlagstellen von Temi Spa zum Einsatz kommt, ist einfach zu tragen und zu benutzen. Das <a href=\"https:\/\/mate.comau.com\/\" target=\"_blank\" rel=\"noreferrer noopener\">Exoskelett MATE-XT<\/a> besteht aus einer schlanken, leichten Kohlefaserstruktur und kann in jeder beliebigen Arbeitsumgebung eingesetzt werden. Es ist atmungsaktiv, sch\u00fctzt den Bediener und l\u00e4sst sich problemlos an jede K\u00f6rperform anpassen. Es ist mit einem intuitiv bedienbaren Regulierungssystem mit 8&nbsp;Unterst\u00fctzungsniveaus ausgestattet, das einfach, schnell und selbstst\u00e4ndig vom Bediener ohne Unterbrechung seiner laufenden Arbeit eingestellt und ge\u00e4ndert werden kann. MATE-XT wird wie ein Rucksack getragen und folgt den Bewegungen des Bedieners, so dass der Oberk\u00f6rper optimal unterst\u00fctzt wird &#8211; ohne Batterien, Motoren oder andere st\u00f6ranf\u00e4llige Ger\u00e4te. MATE-XT hat sich in der Praxis bew\u00e4hrt: Es ist das einzige kommerziell erh\u00e4ltliche Exoskelett mit EAWS-Zertifizierung (Ergonomic Assessment Work-Sheet) und nachweislich in der Lage, die biomechanischen Lasten bei anstrengenden Arbeiten zu reduzieren.<\/p>\n<\/div>\n<\/div>\n\n\n\n<div class=\"wp-block-group wide-section-light-1 py-5 my-5\"><div class=\"wp-block-group__inner-container is-layout-flow wp-block-group-is-layout-flow\">\n<div class=\"wp-block-group wide-section-light-1 py-5 my-5\"><div class=\"wp-block-group__inner-container is-layout-flow wp-block-group-is-layout-flow\">\n<h2 class=\"h2 wp-block-heading\" id=\"the-results\"><strong>Ergebnisse<\/strong><\/h2>\n\n\n\n<p>Nach der Einf\u00fchrung des Exoskeletts im t\u00e4glichen Betrieb nahmen die Mitarbeiter von John Deere das System problemlos an und arbeiten gerne mit ihm. Mit seiner schlanken, leichten Carbonfaser-Struktur, die wie ein Rucksack getragen wird, bietet das MATE-XT-Exoskelett 8 Unterst\u00fctzungsstufen, die sich bei Bedarf schnell und einfach einstellen und wechseln lassen, ohne dass die anstehende Aufgabe unterbrochen werden muss.<\/p>\n\n\n\n<p>Selbst bei der Arbeit mit kleinen und leichten Objekten kann der anscheinend minimale Kraftaufwand sich wiederholender, manueller Bewegungen den K\u00f6rper belasten. Als Unterst\u00fctzung f\u00fcr John Deere bei der Quantifizierung der Vorteile der Verwendung von MATE-XT f\u00fchrte Comau eine elektromyographische Analyse des ergonomischen Risikofaktors durch. MATE-XT hielt den Muskel w\u00e4hrend 98,5 % der Aktivit\u00e4tszeit im Ruhezustand, w\u00e4hrend die Muskelanstrengungen im Ruhezustand ohne MATE-XT auf nur 2,4 % der Zeit begrenzt waren.<\/p>\n\n\n\n<p>Dar\u00fcber hinaus sorgt das MATE-XT von Comau f\u00fcr ein angemessenes Muskelgleichgewicht und optimiert gleichzeitig den Energieaufwand, der zur Stabilisierung und zum Halten des Gewichts der Arme erforderlich ist. Durch das Tragen des Exoskeletts kann die Armstabilit\u00e4t mit nur 10 % der maximalen Kraftkapazit\u00e4t des Bedieners aufrechterhalten werden. Dies bedeutet gesteigertes Wohlbefinden sowie greifbare, leistungsorientierte Ergebnisse wie Prozessoptimierung und Produktivit\u00e4tssteigerungen. Alles in allem hilft MATE-XT John Deere dabei, ergonomische Risiken zu mindern und eine Reduzierung der Muskel\u00fcberlastung um 68 % zu erreichen.<\/p>\n\n\n\n<div class=\"wp-block-columns is-layout-flex wp-container-core-columns-is-layout-9d6595d7 wp-block-columns-is-layout-flex\">\n<div class=\"wp-block-column is-layout-flow wp-block-column-is-layout-flow\">\n<div class=\"wp-block-getwid-counter\"><div class=\"wp-block-getwid-counter__wrapper\" data-start=\"0\" data-end=\"68\" data-decimal-places=\"0\" data-duration=\"3\" data-use-easing=\"true\" data-use-grouping=\"true\" data-separator=\",\" data-decimal=\".\" data-easing-fn=\"outExpo\" data-numerals=\"default\"><p class=\"wp-block-getwid-counter__prefix\">&#8211;<\/p><span class=\"wp-block-getwid-counter__number\">0<\/span><p class=\"wp-block-getwid-counter__suffix\">%<\/p><\/div><\/div>\n\n\n\n<p>weniger Muskel\u00fcberlastung<\/p>\n<\/div>\n\n\n\n<div class=\"wp-block-column is-layout-flow wp-block-column-is-layout-flow\">\n<div class=\"wp-block-getwid-counter\"><div class=\"wp-block-getwid-counter__wrapper\" data-start=\"0\" data-end=\"98\" data-decimal-places=\"0\" data-duration=\"3\" data-use-easing=\"true\" data-use-grouping=\"true\" data-separator=\",\" data-decimal=\".\" data-easing-fn=\"outExpo\" data-numerals=\"default\"><p class=\"wp-block-getwid-counter__prefix\">+<\/p><span class=\"wp-block-getwid-counter__number\">0<\/span><p class=\"wp-block-getwid-counter__suffix\">%<\/p><\/div><\/div>\n\n\n\n<p>Der Muskel wird w\u00e4hrend 98,5 % der Aktivit\u00e4tszeit im Ruhezustand gehalten<\/p>\n<\/div>\n\n\n\n<div class=\"wp-block-column is-layout-flow wp-block-column-is-layout-flow\">\n<h2 class=\"has-text-color wp-block-heading\" style=\"color:#095ffb;font-size:22px\">Verringerung des ergonomischen Risikos<\/h2>\n<\/div>\n\n\n\n<div class=\"wp-block-column is-layout-flow wp-block-column-is-layout-flow\">\n<p> <\/p>\n<\/div>\n<\/div>\n<\/div><\/div>\n\n\n\n<div class=\"wp-block-columns is-layout-flex wp-container-core-columns-is-layout-9d6595d7 wp-block-columns-is-layout-flex\">\n<div class=\"wp-block-column is-layout-flow wp-block-column-is-layout-flow\"><\/div>\n\n\n\n<div class=\"wp-block-column is-layout-flow wp-block-column-is-layout-flow\"><\/div>\n<\/div>\n<\/div><\/div>\n\n\n\n<p><\/p>\n","protected":false},"excerpt":{"rendered":"<p>John Deere wurde 1837 gegr\u00fcndet und ist ein globales Technologieunternehmen, das haupts\u00e4chlich Software und Maschinen und Ger\u00e4te f\u00fcr die Landwirtschaft, die Baubranche und die Forstwirtschaft anbietet. Mit einem beeindruckenden Kundenstamm weltweit basiert der Ruf des Unternehmens auf innovativen, qualitativ hochwertigen Produkten, die die von Integrit\u00e4t gepr\u00e4gte 186-j\u00e4hrige Tradition widerspiegeln. Dieser Pioniergeist f\u00fchrte auch dazu, dass [&hellip;]<\/p>\n","protected":false},"author":21,"featured_media":54108,"parent":41299,"menu_order":5,"comment_status":"closed","ping_status":"closed","template":"","meta":{"_acf_changed":false,"ep_exclude_from_search":false,"footnotes":""},"class_list":["post-51813","page","type-page","status-publish","has-post-thumbnail","hentry"],"acf":[],"yoast_head":"<!-- This site is optimized with the Yoast SEO plugin v26.9 - https:\/\/yoast.com\/product\/yoast-seo-wordpress\/ -->\n<title>John Deere setzt die tragbaren roboter-exoskelette von Comau<\/title>\n<meta name=\"description\" content=\"Die tragbare Technologie unterst\u00fctzt das ergonomische Wohlbefinden im Ersatzteilvertriebszentrum von John Deere in Brasilien\" \/>\n<meta name=\"robots\" content=\"index, follow, max-snippet:-1, max-image-preview:large, max-video-preview:-1\" \/>\n<link rel=\"canonical\" href=\"https:\/\/www.comau.com\/de\/about-us\/success-stories\/john-deere-setzt-die-tragbaren-roboter-exoskelette-von-comau\/\" \/>\n<meta property=\"og:locale\" content=\"de_DE\" \/>\n<meta property=\"og:type\" content=\"article\" \/>\n<meta property=\"og:title\" content=\"John Deere setzt die tragbaren roboter-exoskelette von Comau\" \/>\n<meta property=\"og:description\" content=\"Die tragbare Technologie unterst\u00fctzt das ergonomische Wohlbefinden im Ersatzteilvertriebszentrum von John Deere in Brasilien\" \/>\n<meta property=\"og:url\" content=\"https:\/\/www.comau.com\/de\/about-us\/success-stories\/john-deere-setzt-die-tragbaren-roboter-exoskelette-von-comau\/\" \/>\n<meta property=\"og:site_name\" content=\"Comau\" \/>\n<meta property=\"article:publisher\" content=\"https:\/\/www.facebook.com\/COMAU\/\" \/>\n<meta property=\"article:modified_time\" content=\"2023-05-27T20:53:25+00:00\" \/>\n<meta property=\"og:image\" content=\"https:\/\/www.comau.com\/wp-content\/uploads\/2023\/04\/Comau-1-WebPage-Banner_JohnDeere-Success-Story.png\" \/>\n\t<meta property=\"og:image:width\" content=\"1450\" \/>\n\t<meta property=\"og:image:height\" content=\"450\" \/>\n\t<meta property=\"og:image:type\" content=\"image\/png\" \/>\n<meta name=\"twitter:card\" content=\"summary_large_image\" \/>\n<meta name=\"twitter:site\" content=\"@comaugroup\" \/>\n<meta name=\"twitter:label1\" content=\"Gesch\u00e4tzte Lesezeit\" \/>\n\t<meta name=\"twitter:data1\" content=\"4\u00a0Minuten\" \/>\n<script type=\"application\/ld+json\" class=\"yoast-schema-graph\">{\"@context\":\"https:\/\/schema.org\",\"@graph\":[{\"@type\":\"WebPage\",\"@id\":\"https:\/\/www.comau.com\/de\/about-us\/success-stories\/john-deere-setzt-die-tragbaren-roboter-exoskelette-von-comau\/\",\"url\":\"https:\/\/www.comau.com\/de\/about-us\/success-stories\/john-deere-setzt-die-tragbaren-roboter-exoskelette-von-comau\/\",\"name\":\"John Deere setzt die tragbaren roboter-exoskelette von Comau\",\"isPartOf\":{\"@id\":\"https:\/\/www.comau.com\/de\/#website\"},\"primaryImageOfPage\":{\"@id\":\"https:\/\/www.comau.com\/de\/about-us\/success-stories\/john-deere-setzt-die-tragbaren-roboter-exoskelette-von-comau\/#primaryimage\"},\"image\":{\"@id\":\"https:\/\/www.comau.com\/de\/about-us\/success-stories\/john-deere-setzt-die-tragbaren-roboter-exoskelette-von-comau\/#primaryimage\"},\"thumbnailUrl\":\"https:\/\/www.comau.com\/wp-content\/uploads\/2023\/05\/Comau_Exoskeleton_Ergonomics_JohnDeere_header.jpg\",\"datePublished\":\"2023-04-19T13:59:55+00:00\",\"dateModified\":\"2023-05-27T20:53:25+00:00\",\"description\":\"Die tragbare Technologie unterst\u00fctzt das ergonomische Wohlbefinden im Ersatzteilvertriebszentrum von John Deere in Brasilien\",\"breadcrumb\":{\"@id\":\"https:\/\/www.comau.com\/de\/about-us\/success-stories\/john-deere-setzt-die-tragbaren-roboter-exoskelette-von-comau\/#breadcrumb\"},\"inLanguage\":\"de\",\"potentialAction\":[{\"@type\":\"ReadAction\",\"target\":[\"https:\/\/www.comau.com\/de\/about-us\/success-stories\/john-deere-setzt-die-tragbaren-roboter-exoskelette-von-comau\/\"]}]},{\"@type\":\"ImageObject\",\"inLanguage\":\"de\",\"@id\":\"https:\/\/www.comau.com\/de\/about-us\/success-stories\/john-deere-setzt-die-tragbaren-roboter-exoskelette-von-comau\/#primaryimage\",\"url\":\"https:\/\/www.comau.com\/wp-content\/uploads\/2023\/05\/Comau_Exoskeleton_Ergonomics_JohnDeere_header.jpg\",\"contentUrl\":\"https:\/\/www.comau.com\/wp-content\/uploads\/2023\/05\/Comau_Exoskeleton_Ergonomics_JohnDeere_header.jpg\",\"width\":1425,\"height\":450,\"caption\":\"Upper-limb fiber carbon exoskeleton\"},{\"@type\":\"BreadcrumbList\",\"@id\":\"https:\/\/www.comau.com\/de\/about-us\/success-stories\/john-deere-setzt-die-tragbaren-roboter-exoskelette-von-comau\/#breadcrumb\",\"itemListElement\":[{\"@type\":\"ListItem\",\"position\":1,\"name\":\"Home\",\"item\":\"https:\/\/www.comau.com\/de\/\"},{\"@type\":\"ListItem\",\"position\":2,\"name\":\"John Deere setzt die tragbaren roboter-exoskelette von Comau in Brasilien ein, um das wohlbefinden durch ergonomie w\u00e4hrend der manuellen betriebsabl\u00e4ufe zu gew\u00e4hrleisten\"}]},{\"@type\":\"WebSite\",\"@id\":\"https:\/\/www.comau.com\/de\/#website\",\"url\":\"https:\/\/www.comau.com\/de\/\",\"name\":\"Comau\",\"description\":\"Industrial automation and robotics\",\"publisher\":{\"@id\":\"https:\/\/www.comau.com\/de\/#organization\"},\"potentialAction\":[{\"@type\":\"SearchAction\",\"target\":{\"@type\":\"EntryPoint\",\"urlTemplate\":\"https:\/\/www.comau.com\/de\/?s={search_term_string}\"},\"query-input\":{\"@type\":\"PropertyValueSpecification\",\"valueRequired\":true,\"valueName\":\"search_term_string\"}}],\"inLanguage\":\"de\"},{\"@type\":\"Organization\",\"@id\":\"https:\/\/www.comau.com\/de\/#organization\",\"name\":\"Comau\",\"url\":\"https:\/\/www.comau.com\/de\/\",\"logo\":{\"@type\":\"ImageObject\",\"inLanguage\":\"de\",\"@id\":\"https:\/\/www.comau.com\/de\/#\/schema\/logo\/image\/\",\"url\":\"https:\/\/www.comau.com\/wp-content\/uploads\/2024\/07\/cropped-Logo-COMAU.png\",\"contentUrl\":\"https:\/\/www.comau.com\/wp-content\/uploads\/2024\/07\/cropped-Logo-COMAU.png\",\"width\":434,\"height\":434,\"caption\":\"Comau\"},\"image\":{\"@id\":\"https:\/\/www.comau.com\/de\/#\/schema\/logo\/image\/\"},\"sameAs\":[\"https:\/\/www.facebook.com\/COMAU\/\",\"https:\/\/x.com\/comaugroup\",\"https:\/\/www.instagram.com\/comaugroup\/\",\"https:\/\/www.linkedin.com\/company\/comau\",\"https:\/\/www.youtube.com\/user\/comau\"]}]}<\/script>\n<!-- \/ Yoast SEO plugin. -->","yoast_head_json":{"title":"John Deere setzt die tragbaren roboter-exoskelette von Comau","description":"Die tragbare Technologie unterst\u00fctzt das ergonomische Wohlbefinden im Ersatzteilvertriebszentrum von John Deere in Brasilien","robots":{"index":"index","follow":"follow","max-snippet":"max-snippet:-1","max-image-preview":"max-image-preview:large","max-video-preview":"max-video-preview:-1"},"canonical":"https:\/\/www.comau.com\/de\/about-us\/success-stories\/john-deere-setzt-die-tragbaren-roboter-exoskelette-von-comau\/","og_locale":"de_DE","og_type":"article","og_title":"John Deere setzt die tragbaren roboter-exoskelette von Comau","og_description":"Die tragbare Technologie unterst\u00fctzt das ergonomische Wohlbefinden im Ersatzteilvertriebszentrum von John Deere in Brasilien","og_url":"https:\/\/www.comau.com\/de\/about-us\/success-stories\/john-deere-setzt-die-tragbaren-roboter-exoskelette-von-comau\/","og_site_name":"Comau","article_publisher":"https:\/\/www.facebook.com\/COMAU\/","article_modified_time":"2023-05-27T20:53:25+00:00","og_image":[{"width":1450,"height":450,"url":"https:\/\/www.comau.com\/wp-content\/uploads\/2023\/04\/Comau-1-WebPage-Banner_JohnDeere-Success-Story.png","type":"image\/png"}],"twitter_card":"summary_large_image","twitter_site":"@comaugroup","twitter_misc":{"Gesch\u00e4tzte Lesezeit":"4\u00a0Minuten"},"schema":{"@context":"https:\/\/schema.org","@graph":[{"@type":"WebPage","@id":"https:\/\/www.comau.com\/de\/about-us\/success-stories\/john-deere-setzt-die-tragbaren-roboter-exoskelette-von-comau\/","url":"https:\/\/www.comau.com\/de\/about-us\/success-stories\/john-deere-setzt-die-tragbaren-roboter-exoskelette-von-comau\/","name":"John Deere setzt die tragbaren roboter-exoskelette von Comau","isPartOf":{"@id":"https:\/\/www.comau.com\/de\/#website"},"primaryImageOfPage":{"@id":"https:\/\/www.comau.com\/de\/about-us\/success-stories\/john-deere-setzt-die-tragbaren-roboter-exoskelette-von-comau\/#primaryimage"},"image":{"@id":"https:\/\/www.comau.com\/de\/about-us\/success-stories\/john-deere-setzt-die-tragbaren-roboter-exoskelette-von-comau\/#primaryimage"},"thumbnailUrl":"https:\/\/www.comau.com\/wp-content\/uploads\/2023\/05\/Comau_Exoskeleton_Ergonomics_JohnDeere_header.jpg","datePublished":"2023-04-19T13:59:55+00:00","dateModified":"2023-05-27T20:53:25+00:00","description":"Die tragbare Technologie unterst\u00fctzt das ergonomische Wohlbefinden im Ersatzteilvertriebszentrum von John Deere in Brasilien","breadcrumb":{"@id":"https:\/\/www.comau.com\/de\/about-us\/success-stories\/john-deere-setzt-die-tragbaren-roboter-exoskelette-von-comau\/#breadcrumb"},"inLanguage":"de","potentialAction":[{"@type":"ReadAction","target":["https:\/\/www.comau.com\/de\/about-us\/success-stories\/john-deere-setzt-die-tragbaren-roboter-exoskelette-von-comau\/"]}]},{"@type":"ImageObject","inLanguage":"de","@id":"https:\/\/www.comau.com\/de\/about-us\/success-stories\/john-deere-setzt-die-tragbaren-roboter-exoskelette-von-comau\/#primaryimage","url":"https:\/\/www.comau.com\/wp-content\/uploads\/2023\/05\/Comau_Exoskeleton_Ergonomics_JohnDeere_header.jpg","contentUrl":"https:\/\/www.comau.com\/wp-content\/uploads\/2023\/05\/Comau_Exoskeleton_Ergonomics_JohnDeere_header.jpg","width":1425,"height":450,"caption":"Upper-limb fiber carbon exoskeleton"},{"@type":"BreadcrumbList","@id":"https:\/\/www.comau.com\/de\/about-us\/success-stories\/john-deere-setzt-die-tragbaren-roboter-exoskelette-von-comau\/#breadcrumb","itemListElement":[{"@type":"ListItem","position":1,"name":"Home","item":"https:\/\/www.comau.com\/de\/"},{"@type":"ListItem","position":2,"name":"John Deere setzt die tragbaren roboter-exoskelette von Comau in Brasilien ein, um das wohlbefinden durch ergonomie w\u00e4hrend der manuellen betriebsabl\u00e4ufe zu gew\u00e4hrleisten"}]},{"@type":"WebSite","@id":"https:\/\/www.comau.com\/de\/#website","url":"https:\/\/www.comau.com\/de\/","name":"Comau","description":"Industrial automation and robotics","publisher":{"@id":"https:\/\/www.comau.com\/de\/#organization"},"potentialAction":[{"@type":"SearchAction","target":{"@type":"EntryPoint","urlTemplate":"https:\/\/www.comau.com\/de\/?s={search_term_string}"},"query-input":{"@type":"PropertyValueSpecification","valueRequired":true,"valueName":"search_term_string"}}],"inLanguage":"de"},{"@type":"Organization","@id":"https:\/\/www.comau.com\/de\/#organization","name":"Comau","url":"https:\/\/www.comau.com\/de\/","logo":{"@type":"ImageObject","inLanguage":"de","@id":"https:\/\/www.comau.com\/de\/#\/schema\/logo\/image\/","url":"https:\/\/www.comau.com\/wp-content\/uploads\/2024\/07\/cropped-Logo-COMAU.png","contentUrl":"https:\/\/www.comau.com\/wp-content\/uploads\/2024\/07\/cropped-Logo-COMAU.png","width":434,"height":434,"caption":"Comau"},"image":{"@id":"https:\/\/www.comau.com\/de\/#\/schema\/logo\/image\/"},"sameAs":["https:\/\/www.facebook.com\/COMAU\/","https:\/\/x.com\/comaugroup","https:\/\/www.instagram.com\/comaugroup\/","https:\/\/www.linkedin.com\/company\/comau","https:\/\/www.youtube.com\/user\/comau"]}]}},"_links":{"self":[{"href":"https:\/\/www.comau.com\/de\/wp-json\/wp\/v2\/pages\/51813","targetHints":{"allow":["GET"]}}],"collection":[{"href":"https:\/\/www.comau.com\/de\/wp-json\/wp\/v2\/pages"}],"about":[{"href":"https:\/\/www.comau.com\/de\/wp-json\/wp\/v2\/types\/page"}],"author":[{"embeddable":true,"href":"https:\/\/www.comau.com\/de\/wp-json\/wp\/v2\/users\/21"}],"replies":[{"embeddable":true,"href":"https:\/\/www.comau.com\/de\/wp-json\/wp\/v2\/comments?post=51813"}],"version-history":[{"count":20,"href":"https:\/\/www.comau.com\/de\/wp-json\/wp\/v2\/pages\/51813\/revisions"}],"predecessor-version":[{"id":53769,"href":"https:\/\/www.comau.com\/de\/wp-json\/wp\/v2\/pages\/51813\/revisions\/53769"}],"up":[{"embeddable":true,"href":"https:\/\/www.comau.com\/de\/wp-json\/wp\/v2\/pages\/41299"}],"wp:featuredmedia":[{"embeddable":true,"href":"https:\/\/www.comau.com\/de\/wp-json\/wp\/v2\/media\/54108"}],"wp:attachment":[{"href":"https:\/\/www.comau.com\/de\/wp-json\/wp\/v2\/media?parent=51813"}],"curies":[{"name":"wp","href":"https:\/\/api.w.org\/{rel}","templated":true}]}}