{"id":5155,"date":"2021-06-07T18:22:19","date_gmt":"2021-06-07T16:22:19","guid":{"rendered":"https:\/\/www.comau.com\/?page_id=5155"},"modified":"2022-02-03T15:12:21","modified_gmt":"2022-02-03T14:12:21","slug":"laser-technology","status":"publish","type":"page","link":"https:\/\/www.comau.com\/de\/competencies\/body-assembly\/technologies\/laser-technology\/","title":{"rendered":"Lasertechnologie"},"content":{"rendered":"\n<h2 class=\"wp-block-heading\" id=\"expertise\">Expertise<\/h2>\n\n\n\n<p>Mit mehr als vier Jahrzehnten Erfahrung in fortschrittlicher Industrieautomatisierung liegt Comaus Schwerpunkt auf der Montageinnovation und umfasst die Standardisierung flexibler Lasersysteme zur Steigerung der Prozessqualit\u00e4t und Produktivit\u00e4t.<\/p>\n\n\n\n<p>Diese Kompetenz im Bereich Laserprozessdefinition und Spezialwerkzeugentwicklung erweitert unser Portfolio um komplexe L\u00f6sungen f\u00fcr die speziellen Anforderungen durch moderne Werkstoffe, einschlie\u00dflich das Gro\u00dfserien-Laserschwei\u00dfen von Aluminiumteilen.<\/p>\n\n\n\n<p>Unsere gesch\u00fctzte, einfach einzusetzende Lasertechnik zum Schneiden, Schwei\u00dfen und L\u00f6ten ist eine direkte Reaktion auf die zunehmenden Anforderungen hinsichtlich Effizienz, Produktivit\u00e4t und Qualit\u00e4t in der heutigen Gro\u00dfserienverarbeitung. <\/p>\n\n\n\n<h2 class=\"wp-block-heading\" id=\"referenzen\">Referenzen<\/h2>\n\n\n\n<p>Comau befasst sich seit 1985 mit Laseranwendungen. Derzeit sind mehr als 120 Lasersysteme in 13 verschiedenen L\u00e4ndern installiert, die an der Produktion von Zehntausenden Teilen pro Jahr beteiligt sind.<\/p>\n\n\n\n<p>Unser globales Team besteht aus erfahrenen Ingenieuren in den USA, Europa und China sowie drei voll funktionsf\u00e4higen Laserlabors in Italien, China und den USA f\u00fcr Tests und die Prototypenentwicklung.<\/p>\n\n\n\n<h2 class=\"wp-block-heading\" id=\"losungen\">L\u00f6sungen<\/h2>\n\n\n\n<p>Comau bietet schl\u00fcsselfertige L\u00f6sungen zum Laserl\u00f6ten, -schneiden und -schwei\u00dfen, die auf der Integration technologisch fortschrittlicher Standardprodukte und Laserger\u00e4te basieren.<\/p>\n\n\n\n<div class=\"wp-block-getwid-images-slider has-arrows-inside has-dots-outside has-images-center has-cropped-images\"><div class=\"wp-block-getwid-images-slider__wrapper\" data-effect=\"slide\" data-slides-show=\"1\" data-slides-show-laptop=\"1\" data-slides-show-tablet=\"1\" data-slides-show-mobile=\"1\" data-slides-scroll=\"1\" data-autoplay=\"true\" data-autoplay-speed=\"6000\" data-infinite=\"true\" data-animation-speed=\"800\" data-center-mode=\"false\" data-variable-width=\"false\" data-arrows=\"inside\" data-dots=\"outside\" data-spacing=\"none\"><div class=\"wp-block-getwid-images-slider__item\"><figure><img decoding=\"async\" width=\"1180\" height=\"606\" src=\"https:\/\/www.comau.com\/wp-content\/uploads\/2021\/06\/laser-technology-1.jpg\" data-id=\"505\" data-link=\"https:\/\/www.comau.com\/competencies\/body-assembly\/technologies\/laser-technology\/laser-technology-1\/\" data-original-link=\"https:\/\/www.comau.com\/wp-content\/uploads\/2021\/06\/laser-technology-1.jpg\" class=\"wp-block-getwid-images-slider__image wp-image-5179\" srcset=\"https:\/\/www.comau.com\/wp-content\/uploads\/2021\/06\/laser-technology-1.jpg 1180w, https:\/\/www.comau.com\/wp-content\/uploads\/2021\/06\/laser-technology-1-300x154.jpg 300w, https:\/\/www.comau.com\/wp-content\/uploads\/2021\/06\/laser-technology-1-1024x526.jpg 1024w, https:\/\/www.comau.com\/wp-content\/uploads\/2021\/06\/laser-technology-1-768x394.jpg 768w\" sizes=\"(max-width: 1180px) 100vw, 1180px\" \/><\/figure><\/div><div class=\"wp-block-getwid-images-slider__item\"><figure><img decoding=\"async\" width=\"1180\" height=\"606\" src=\"https:\/\/www.comau.com\/wp-content\/uploads\/2021\/06\/laser-technology-2.jpg\" data-id=\"506\" data-link=\"https:\/\/www.comau.com\/competencies\/body-assembly\/technologies\/laser-technology\/laser-technology-2\/\" data-original-link=\"https:\/\/www.comau.com\/wp-content\/uploads\/2021\/06\/laser-technology-2.jpg\" class=\"wp-block-getwid-images-slider__image wp-image-5180\" srcset=\"https:\/\/www.comau.com\/wp-content\/uploads\/2021\/06\/laser-technology-2.jpg 1180w, https:\/\/www.comau.com\/wp-content\/uploads\/2021\/06\/laser-technology-2-300x154.jpg 300w, https:\/\/www.comau.com\/wp-content\/uploads\/2021\/06\/laser-technology-2-1024x526.jpg 1024w, https:\/\/www.comau.com\/wp-content\/uploads\/2021\/06\/laser-technology-2-768x394.jpg 768w\" sizes=\"(max-width: 1180px) 100vw, 1180px\" \/><\/figure><\/div><div class=\"wp-block-getwid-images-slider__item\"><figure><img decoding=\"async\" width=\"1180\" height=\"606\" src=\"https:\/\/www.comau.com\/wp-content\/uploads\/2021\/06\/laser-technology-3.jpg\" data-id=\"507\" data-link=\"https:\/\/www.comau.com\/competencies\/body-assembly\/technologies\/laser-technology\/laser-technology-3\/\" data-original-link=\"https:\/\/www.comau.com\/wp-content\/uploads\/2021\/06\/laser-technology-3.jpg\" class=\"wp-block-getwid-images-slider__image wp-image-5181\" srcset=\"https:\/\/www.comau.com\/wp-content\/uploads\/2021\/06\/laser-technology-3.jpg 1180w, https:\/\/www.comau.com\/wp-content\/uploads\/2021\/06\/laser-technology-3-300x154.jpg 300w, https:\/\/www.comau.com\/wp-content\/uploads\/2021\/06\/laser-technology-3-1024x526.jpg 1024w, https:\/\/www.comau.com\/wp-content\/uploads\/2021\/06\/laser-technology-3-768x394.jpg 768w\" sizes=\"(max-width: 1180px) 100vw, 1180px\" \/><\/figure><\/div><\/div><\/div>\n\n\n\n<figure class=\"wp-block-embed is-type-video is-provider-youtube wp-block-embed-youtube wp-embed-aspect-16-9 wp-has-aspect-ratio\"><div class=\"wp-block-embed__wrapper\">\n<iframe title=\"Comau 2014 Front End Line FCA SATA Plant Melfi\" width=\"640\" height=\"360\" src=\"https:\/\/www.youtube.com\/embed\/hTVCNBMAzHc?feature=oembed\" frameborder=\"0\" allow=\"accelerometer; autoplay; clipboard-write; encrypted-media; gyroscope; picture-in-picture; web-share\" referrerpolicy=\"strict-origin-when-cross-origin\" allowfullscreen><\/iframe>\n<\/div><\/figure>\n\n\n\n<figure class=\"wp-block-embed is-type-video is-provider-youtube wp-block-embed-youtube wp-embed-aspect-16-9 wp-has-aspect-ratio\"><div class=\"wp-block-embed__wrapper\">\n<iframe title=\"Comau 2014 Tail Gate FCA SATA Plant Melfi\" width=\"640\" height=\"360\" src=\"https:\/\/www.youtube.com\/embed\/SbhMUhM2eUo?feature=oembed\" frameborder=\"0\" allow=\"accelerometer; autoplay; clipboard-write; encrypted-media; gyroscope; picture-in-picture; web-share\" referrerpolicy=\"strict-origin-when-cross-origin\" allowfullscreen><\/iframe>\n<\/div><\/figure>\n\n\n\n<figure class=\"wp-block-embed is-type-video is-provider-youtube wp-block-embed-youtube wp-embed-aspect-16-9 wp-has-aspect-ratio\"><div class=\"wp-block-embed__wrapper\">\n<iframe title=\"Comau 2014 SmartLaser FCA SATA Plant Melfi\" width=\"640\" height=\"360\" src=\"https:\/\/www.youtube.com\/embed\/j8FJbOx12h0?feature=oembed\" frameborder=\"0\" allow=\"accelerometer; autoplay; clipboard-write; encrypted-media; gyroscope; picture-in-picture; web-share\" referrerpolicy=\"strict-origin-when-cross-origin\" allowfullscreen><\/iframe>\n<\/div><\/figure>\n","protected":false},"excerpt":{"rendered":"<p>Expertise Mit mehr als vier Jahrzehnten Erfahrung in fortschrittlicher Industrieautomatisierung liegt Comaus Schwerpunkt auf der Montageinnovation und umfasst die Standardisierung flexibler Lasersysteme zur Steigerung der Prozessqualit\u00e4t und Produktivit\u00e4t. Diese Kompetenz im Bereich Laserprozessdefinition und Spezialwerkzeugentwicklung erweitert unser Portfolio um komplexe L\u00f6sungen f\u00fcr die speziellen Anforderungen durch moderne Werkstoffe, einschlie\u00dflich das Gro\u00dfserien-Laserschwei\u00dfen von Aluminiumteilen. Unsere gesch\u00fctzte, [&hellip;]<\/p>\n","protected":false},"author":11,"featured_media":5178,"parent":5149,"menu_order":0,"comment_status":"closed","ping_status":"closed","template":"","meta":{"_acf_changed":false,"ep_exclude_from_search":false,"footnotes":""},"class_list":["post-5155","page","type-page","status-publish","has-post-thumbnail","hentry"],"acf":[],"yoast_head":"<!-- This site is optimized with the Yoast SEO plugin v26.9 - https:\/\/yoast.com\/product\/yoast-seo-wordpress\/ -->\n<title>Laseranwendungen: Lasertechnologien und -systeme | Comau<\/title>\n<meta name=\"description\" content=\"Entdecken Sie die patentierte Lasertechnologie von Comau: schnell und flexibel reduziert sie den Zeitaufwand und erh\u00f6ht die Schwei\u00dfqualit\u00e4t.\" \/>\n<meta name=\"robots\" content=\"index, follow, max-snippet:-1, max-image-preview:large, max-video-preview:-1\" \/>\n<link rel=\"canonical\" href=\"https:\/\/www.comau.com\/de\/competencies\/body-assembly\/technologies\/laser-technology\/\" \/>\n<meta property=\"og:locale\" content=\"de_DE\" \/>\n<meta property=\"og:type\" content=\"article\" \/>\n<meta property=\"og:title\" content=\"Laseranwendungen: Lasertechnologien und -systeme | Comau\" \/>\n<meta property=\"og:description\" content=\"Entdecken Sie die patentierte Lasertechnologie von Comau: schnell und flexibel reduziert sie den Zeitaufwand und erh\u00f6ht die Schwei\u00dfqualit\u00e4t.\" \/>\n<meta property=\"og:url\" content=\"https:\/\/www.comau.com\/de\/competencies\/body-assembly\/technologies\/laser-technology\/\" \/>\n<meta property=\"og:site_name\" content=\"Comau\" \/>\n<meta property=\"article:publisher\" content=\"https:\/\/www.facebook.com\/COMAU\/\" \/>\n<meta property=\"article:modified_time\" content=\"2022-02-03T14:12:21+00:00\" \/>\n<meta property=\"og:image\" content=\"https:\/\/www.comau.com\/wp-content\/uploads\/2021\/06\/laser-tech_header.jpg\" \/>\n\t<meta property=\"og:image:width\" content=\"1280\" \/>\n\t<meta property=\"og:image:height\" content=\"485\" \/>\n\t<meta property=\"og:image:type\" content=\"image\/jpeg\" \/>\n<meta name=\"twitter:card\" content=\"summary_large_image\" \/>\n<meta name=\"twitter:site\" content=\"@comaugroup\" \/>\n<meta name=\"twitter:label1\" content=\"Gesch\u00e4tzte Lesezeit\" \/>\n\t<meta name=\"twitter:data1\" content=\"2\u00a0Minuten\" \/>\n<script type=\"application\/ld+json\" class=\"yoast-schema-graph\">{\"@context\":\"https:\/\/schema.org\",\"@graph\":[{\"@type\":\"WebPage\",\"@id\":\"https:\/\/www.comau.com\/de\/competencies\/body-assembly\/technologies\/laser-technology\/\",\"url\":\"https:\/\/www.comau.com\/de\/competencies\/body-assembly\/technologies\/laser-technology\/\",\"name\":\"Laseranwendungen: Lasertechnologien und -systeme | Comau\",\"isPartOf\":{\"@id\":\"https:\/\/www.comau.com\/de\/#website\"},\"primaryImageOfPage\":{\"@id\":\"https:\/\/www.comau.com\/de\/competencies\/body-assembly\/technologies\/laser-technology\/#primaryimage\"},\"image\":{\"@id\":\"https:\/\/www.comau.com\/de\/competencies\/body-assembly\/technologies\/laser-technology\/#primaryimage\"},\"thumbnailUrl\":\"https:\/\/www.comau.com\/wp-content\/uploads\/2021\/06\/laser-tech_header.jpg\",\"datePublished\":\"2021-06-07T16:22:19+00:00\",\"dateModified\":\"2022-02-03T14:12:21+00:00\",\"description\":\"Entdecken Sie die patentierte Lasertechnologie von Comau: schnell und flexibel reduziert sie den Zeitaufwand und erh\u00f6ht die Schwei\u00dfqualit\u00e4t.\",\"breadcrumb\":{\"@id\":\"https:\/\/www.comau.com\/de\/competencies\/body-assembly\/technologies\/laser-technology\/#breadcrumb\"},\"inLanguage\":\"de\",\"potentialAction\":[{\"@type\":\"ReadAction\",\"target\":[\"https:\/\/www.comau.com\/de\/competencies\/body-assembly\/technologies\/laser-technology\/\"]}]},{\"@type\":\"ImageObject\",\"inLanguage\":\"de\",\"@id\":\"https:\/\/www.comau.com\/de\/competencies\/body-assembly\/technologies\/laser-technology\/#primaryimage\",\"url\":\"https:\/\/www.comau.com\/wp-content\/uploads\/2021\/06\/laser-tech_header.jpg\",\"contentUrl\":\"https:\/\/www.comau.com\/wp-content\/uploads\/2021\/06\/laser-tech_header.jpg\",\"width\":1280,\"height\":485},{\"@type\":\"BreadcrumbList\",\"@id\":\"https:\/\/www.comau.com\/de\/competencies\/body-assembly\/technologies\/laser-technology\/#breadcrumb\",\"itemListElement\":[{\"@type\":\"ListItem\",\"position\":1,\"name\":\"Home\",\"item\":\"https:\/\/www.comau.com\/de\/\"},{\"@type\":\"ListItem\",\"position\":2,\"name\":\"Unsere Kompetenzen\",\"item\":\"https:\/\/www.comau.com\/de\/competencies\/\"},{\"@type\":\"ListItem\",\"position\":3,\"name\":\"Body Assembly\",\"item\":\"https:\/\/www.comau.com\/de\/competencies\/body-assembly\/\"},{\"@type\":\"ListItem\",\"position\":4,\"name\":\"Technologien\",\"item\":\"https:\/\/www.comau.com\/de\/competencies\/body-assembly\/technologies\/\"},{\"@type\":\"ListItem\",\"position\":5,\"name\":\"Lasertechnologie\"}]},{\"@type\":\"WebSite\",\"@id\":\"https:\/\/www.comau.com\/de\/#website\",\"url\":\"https:\/\/www.comau.com\/de\/\",\"name\":\"Comau\",\"description\":\"Industrial automation and robotics\",\"publisher\":{\"@id\":\"https:\/\/www.comau.com\/de\/#organization\"},\"potentialAction\":[{\"@type\":\"SearchAction\",\"target\":{\"@type\":\"EntryPoint\",\"urlTemplate\":\"https:\/\/www.comau.com\/de\/?s={search_term_string}\"},\"query-input\":{\"@type\":\"PropertyValueSpecification\",\"valueRequired\":true,\"valueName\":\"search_term_string\"}}],\"inLanguage\":\"de\"},{\"@type\":\"Organization\",\"@id\":\"https:\/\/www.comau.com\/de\/#organization\",\"name\":\"Comau\",\"url\":\"https:\/\/www.comau.com\/de\/\",\"logo\":{\"@type\":\"ImageObject\",\"inLanguage\":\"de\",\"@id\":\"https:\/\/www.comau.com\/de\/#\/schema\/logo\/image\/\",\"url\":\"https:\/\/www.comau.com\/wp-content\/uploads\/2024\/07\/cropped-Logo-COMAU.png\",\"contentUrl\":\"https:\/\/www.comau.com\/wp-content\/uploads\/2024\/07\/cropped-Logo-COMAU.png\",\"width\":434,\"height\":434,\"caption\":\"Comau\"},\"image\":{\"@id\":\"https:\/\/www.comau.com\/de\/#\/schema\/logo\/image\/\"},\"sameAs\":[\"https:\/\/www.facebook.com\/COMAU\/\",\"https:\/\/x.com\/comaugroup\",\"https:\/\/www.instagram.com\/comaugroup\/\",\"https:\/\/www.linkedin.com\/company\/comau\",\"https:\/\/www.youtube.com\/user\/comau\"]}]}<\/script>\n<!-- \/ Yoast SEO plugin. -->","yoast_head_json":{"title":"Laseranwendungen: Lasertechnologien und -systeme | Comau","description":"Entdecken Sie die patentierte Lasertechnologie von Comau: schnell und flexibel reduziert sie den Zeitaufwand und erh\u00f6ht die Schwei\u00dfqualit\u00e4t.","robots":{"index":"index","follow":"follow","max-snippet":"max-snippet:-1","max-image-preview":"max-image-preview:large","max-video-preview":"max-video-preview:-1"},"canonical":"https:\/\/www.comau.com\/de\/competencies\/body-assembly\/technologies\/laser-technology\/","og_locale":"de_DE","og_type":"article","og_title":"Laseranwendungen: Lasertechnologien und -systeme | Comau","og_description":"Entdecken Sie die patentierte Lasertechnologie von Comau: schnell und flexibel reduziert sie den Zeitaufwand und erh\u00f6ht die Schwei\u00dfqualit\u00e4t.","og_url":"https:\/\/www.comau.com\/de\/competencies\/body-assembly\/technologies\/laser-technology\/","og_site_name":"Comau","article_publisher":"https:\/\/www.facebook.com\/COMAU\/","article_modified_time":"2022-02-03T14:12:21+00:00","og_image":[{"width":1280,"height":485,"url":"https:\/\/www.comau.com\/wp-content\/uploads\/2021\/06\/laser-tech_header.jpg","type":"image\/jpeg"}],"twitter_card":"summary_large_image","twitter_site":"@comaugroup","twitter_misc":{"Gesch\u00e4tzte Lesezeit":"2\u00a0Minuten"},"schema":{"@context":"https:\/\/schema.org","@graph":[{"@type":"WebPage","@id":"https:\/\/www.comau.com\/de\/competencies\/body-assembly\/technologies\/laser-technology\/","url":"https:\/\/www.comau.com\/de\/competencies\/body-assembly\/technologies\/laser-technology\/","name":"Laseranwendungen: Lasertechnologien und -systeme | Comau","isPartOf":{"@id":"https:\/\/www.comau.com\/de\/#website"},"primaryImageOfPage":{"@id":"https:\/\/www.comau.com\/de\/competencies\/body-assembly\/technologies\/laser-technology\/#primaryimage"},"image":{"@id":"https:\/\/www.comau.com\/de\/competencies\/body-assembly\/technologies\/laser-technology\/#primaryimage"},"thumbnailUrl":"https:\/\/www.comau.com\/wp-content\/uploads\/2021\/06\/laser-tech_header.jpg","datePublished":"2021-06-07T16:22:19+00:00","dateModified":"2022-02-03T14:12:21+00:00","description":"Entdecken Sie die patentierte Lasertechnologie von Comau: schnell und flexibel reduziert sie den Zeitaufwand und erh\u00f6ht die Schwei\u00dfqualit\u00e4t.","breadcrumb":{"@id":"https:\/\/www.comau.com\/de\/competencies\/body-assembly\/technologies\/laser-technology\/#breadcrumb"},"inLanguage":"de","potentialAction":[{"@type":"ReadAction","target":["https:\/\/www.comau.com\/de\/competencies\/body-assembly\/technologies\/laser-technology\/"]}]},{"@type":"ImageObject","inLanguage":"de","@id":"https:\/\/www.comau.com\/de\/competencies\/body-assembly\/technologies\/laser-technology\/#primaryimage","url":"https:\/\/www.comau.com\/wp-content\/uploads\/2021\/06\/laser-tech_header.jpg","contentUrl":"https:\/\/www.comau.com\/wp-content\/uploads\/2021\/06\/laser-tech_header.jpg","width":1280,"height":485},{"@type":"BreadcrumbList","@id":"https:\/\/www.comau.com\/de\/competencies\/body-assembly\/technologies\/laser-technology\/#breadcrumb","itemListElement":[{"@type":"ListItem","position":1,"name":"Home","item":"https:\/\/www.comau.com\/de\/"},{"@type":"ListItem","position":2,"name":"Unsere Kompetenzen","item":"https:\/\/www.comau.com\/de\/competencies\/"},{"@type":"ListItem","position":3,"name":"Body Assembly","item":"https:\/\/www.comau.com\/de\/competencies\/body-assembly\/"},{"@type":"ListItem","position":4,"name":"Technologien","item":"https:\/\/www.comau.com\/de\/competencies\/body-assembly\/technologies\/"},{"@type":"ListItem","position":5,"name":"Lasertechnologie"}]},{"@type":"WebSite","@id":"https:\/\/www.comau.com\/de\/#website","url":"https:\/\/www.comau.com\/de\/","name":"Comau","description":"Industrial automation and robotics","publisher":{"@id":"https:\/\/www.comau.com\/de\/#organization"},"potentialAction":[{"@type":"SearchAction","target":{"@type":"EntryPoint","urlTemplate":"https:\/\/www.comau.com\/de\/?s={search_term_string}"},"query-input":{"@type":"PropertyValueSpecification","valueRequired":true,"valueName":"search_term_string"}}],"inLanguage":"de"},{"@type":"Organization","@id":"https:\/\/www.comau.com\/de\/#organization","name":"Comau","url":"https:\/\/www.comau.com\/de\/","logo":{"@type":"ImageObject","inLanguage":"de","@id":"https:\/\/www.comau.com\/de\/#\/schema\/logo\/image\/","url":"https:\/\/www.comau.com\/wp-content\/uploads\/2024\/07\/cropped-Logo-COMAU.png","contentUrl":"https:\/\/www.comau.com\/wp-content\/uploads\/2024\/07\/cropped-Logo-COMAU.png","width":434,"height":434,"caption":"Comau"},"image":{"@id":"https:\/\/www.comau.com\/de\/#\/schema\/logo\/image\/"},"sameAs":["https:\/\/www.facebook.com\/COMAU\/","https:\/\/x.com\/comaugroup","https:\/\/www.instagram.com\/comaugroup\/","https:\/\/www.linkedin.com\/company\/comau","https:\/\/www.youtube.com\/user\/comau"]}]}},"_links":{"self":[{"href":"https:\/\/www.comau.com\/de\/wp-json\/wp\/v2\/pages\/5155","targetHints":{"allow":["GET"]}}],"collection":[{"href":"https:\/\/www.comau.com\/de\/wp-json\/wp\/v2\/pages"}],"about":[{"href":"https:\/\/www.comau.com\/de\/wp-json\/wp\/v2\/types\/page"}],"author":[{"embeddable":true,"href":"https:\/\/www.comau.com\/de\/wp-json\/wp\/v2\/users\/11"}],"replies":[{"embeddable":true,"href":"https:\/\/www.comau.com\/de\/wp-json\/wp\/v2\/comments?post=5155"}],"version-history":[{"count":14,"href":"https:\/\/www.comau.com\/de\/wp-json\/wp\/v2\/pages\/5155\/revisions"}],"predecessor-version":[{"id":41729,"href":"https:\/\/www.comau.com\/de\/wp-json\/wp\/v2\/pages\/5155\/revisions\/41729"}],"up":[{"embeddable":true,"href":"https:\/\/www.comau.com\/de\/wp-json\/wp\/v2\/pages\/5149"}],"wp:featuredmedia":[{"embeddable":true,"href":"https:\/\/www.comau.com\/de\/wp-json\/wp\/v2\/media\/5178"}],"wp:attachment":[{"href":"https:\/\/www.comau.com\/de\/wp-json\/wp\/v2\/media?parent=5155"}],"curies":[{"name":"wp","href":"https:\/\/api.w.org\/{rel}","templated":true}]}}