{"id":5149,"date":"2021-07-01T01:02:40","date_gmt":"2021-06-30T23:02:40","guid":{"rendered":"https:\/\/www.comau.com\/?page_id=5149"},"modified":"2021-07-19T22:21:32","modified_gmt":"2021-07-19T20:21:32","slug":"technologies","status":"publish","type":"page","link":"https:\/\/www.comau.com\/de\/competencies\/body-assembly\/technologies\/","title":{"rendered":"Technologien"},"content":{"rendered":"\n<h2 class=\"wp-block-heading\">Hochleistungsmontage<\/h2>\n\n<p>Comau versteht es wie kein anderer Anbieter, den globalen Ma\u00dfstab bei fortschrittlichen Automatisierungssystemen f\u00fcr Unternehmen jeder Gr\u00f6\u00dfenordnung zu setzen. Von vielseitigen 3D-Lasersystemen und roboterisierten Schneidverfahren bis zu modernen F\u00fcgel\u00f6sungen, von Rollfalz- bis zu Palettier- und Transfersystemen \u2013 Comaus innovative Technologien sind Garant f\u00fcr Effizienz, Flexibilit\u00e4t, Langlebigkeit und eine schnelle Investitionsrendite.<\/p>\n\n<h3 class=\"wp-block-heading\">Unsere Kompetenz:<\/h3>\n\n<ul class=\"wp-block-list\"><li><strong>Lasertechnologie<\/strong><br\/>Moderne Lasertechnologien zum Schwei\u00dfen, L\u00f6ten und Schneiden vereinen Geschwindigkeit, Pr\u00e4zision und Flexibilit\u00e4t mit Bedienerfreundlichkeit und hoher Durchsatzrate. So k\u00f6nnen Sie auch zunehmend anspruchsvollere Produktionsziele und strengere Qualit\u00e4tsstandards erf\u00fcllen. Des Weiteren sorgt unsere Lasertechnologie f\u00fcr optimale Produktivit\u00e4t beim Umgang mit komplexen oder dreidimensionalen Objekten.<\/li><li><strong>Punktschwei\u00dfen<\/strong><br\/>High-Density-Welding (HDW) erm\u00f6glicht es, bis zu 18 Roboter gleichzeitig in einer Station einzusetzen, bei maximaler Schwei\u00dfpunktqualit\u00e4t und geringstem Platzbedarf.<\/li><li><strong>Lichtbogentechnologie<\/strong><br\/>Vier Jahrzehnte Erfahrung in der Automobilindustrie machen Comau zum richtigen Partner f\u00fcr die Bereitstellung schl\u00fcsselfertiger automatischer Roboterl\u00f6sungen f\u00fcr Anwendungen im Bereich MIG-L\u00f6ten, MAG-Schwei\u00dfen und Plasmaschneiden. Unsere leitenden Ingenieure (IWE, IWT) unterst\u00fctzen die Kunden bei der Entwicklung flexibler und innovativer Systeme mit hoher Produktivit\u00e4t und Prozessqualit\u00e4t<\/li><li><strong>Nieten und Befestigen<\/strong><br\/>Automatische, halbautomatische und manuelle L\u00f6sungen, mit deren Hilfe Sie Ihren Fertigungsprozess problemlos durch neue leichte Materialien und innovative F\u00fcgetechnologien erweitern.<\/li><li><strong>Vision und Kontrolle<\/strong><br\/>Von 2D\/3D-Roboterf\u00fchrung mit echter optischer Erkennung bis hin zur erweiterten Messung und fortschrittlichen Inline-Dimensionskontrolle. Unsere Vision-Systemtechnologie umfasst leistungsf\u00e4hige, objektbasierte Algorithmen und Prozessoren f\u00fcr eine verbesserte Handhabung, Qualit\u00e4ts\u00fcberwachung, Spalt- und Versatzanalyse, Geometriepr\u00fcfung und mehr.<\/li><\/ul>\n\n<h2 class=\"wp-block-heading\">Palettierung und Transfer<\/h2>\n\n<p>H\u00f6here Geschwindigkeit, h\u00f6here Leistungsf\u00e4higkeit, niedrigerer Energieverbrauch. Von Standalone-Palettenf\u00f6rderern und -Transfersystemen zu automatisierten Inline-Transfer-L\u00f6sungen gehen Innovation und Kompetenz Hand in Hand.<\/p>\n\n<h3 class=\"wp-block-heading\">Unsere Kompetenz:<\/h3>\n\n<ul class=\"wp-block-list\"><li><strong>Standard-F\u00f6rderer<\/strong><\/li><li><strong>Palettenstauf\u00f6rderer<\/strong><\/li><li><strong>Automatisierte Linienbeschickung<\/strong><\/li><li><strong>Inline-Transfersysteme<\/strong><\/li><\/ul>\n\n<h2 class=\"wp-block-heading\">Leichtbau<\/h2>\n\n<p>Unsere weltweit f\u00fchrende Kompetenz und technologische Innovation in der Leichtbaufertigung sind die Gr\u00fcnde, warum die derzeit wichtigsten Autohersteller Comau als bevorzugten Partner w\u00e4hlen.<\/p>\n\n<h3 class=\"wp-block-heading\">Unsere Kompetenz:<\/h3>\n\n<ul class=\"wp-block-list\"><li><strong>Modellflexibilit\u00e4t mit wahlfreier Ablaufsteuerung<\/strong><\/li><li><strong>Volumenflexibilit\u00e4t<\/strong><\/li><li><strong>Diverse Materialien und F\u00fcgeverfahren<\/strong><\/li><li><strong>Verbesserte Logistik und reduziertem Transportfluss<\/strong><\/li><li><strong>Konsolidierung direkter Platzierung<\/strong><\/li><li><strong>Komprimierte Programmsteuerung<\/strong><\/li><li><strong>Geringere Stellfl\u00e4che<\/strong><\/li><\/ul>\n\n<div class=\"wp-block-columns columns-bg-dark is-layout-flex wp-container-core-columns-is-layout-9d6595d7 wp-block-columns-is-layout-flex\">\n<div class=\"wp-block-column is-layout-flow wp-block-column-is-layout-flow\">\n<h2 class=\"wp-block-heading\">Schwerpunkt: Rollfalzen<\/h2>\n\n\n\n<p>Dank fortschrittlicher Flexibilit\u00e4t und Push-Pull-Falzfunktion schlie\u00dft die RHEvo-Rollfalzl\u00f6sung den gesamten Falzzyklus in nur zwei Schritten durchg\u00e4ngig und zuverl\u00e4ssig ab, ohne Einbu\u00dfen hinsichtlich Geschwindigkeit oder Pr\u00e4zision.<\/p>\n\n\n\n<div class=\"wp-block-buttons is-layout-flex wp-block-buttons-is-layout-flex\">\n<div class=\"wp-block-button\"><a class=\"wp-block-button__link\" href=\"https:\/\/www.comau.com\/de\/competencies\/body-assembly\/products\/rhevo\/\">Weiterlesen<\/a><\/div>\n<\/div>\n<\/div>\n\n\n\n<div class=\"wp-block-column is-layout-flow wp-block-column-is-layout-flow\">\n<h2 class=\"wp-block-heading\">Schwerpunkt: Lasertechnologie<\/h2>\n\n\n\n<p>Unsere patentierte Lasertechnologie vereint die Pr\u00e4zision und Vielseitigkeit der Robotertechnik mit der extremen Schnelligkeit und Genauigkeit von Lasern und steigert so die Leistungsf\u00e4higkeit, Flexibilit\u00e4t und Qualit\u00e4t.<\/p>\n\n\n\n<div class=\"wp-block-buttons is-layout-flex wp-block-buttons-is-layout-flex\">\n<div class=\"wp-block-button\"><a class=\"wp-block-button__link\" href=\"https:\/\/www.comau.com\/de\/competencies\/body-assembly\/technologies\/laser-technology\/\">Weiterlesen<\/a><\/div>\n<\/div>\n<\/div>\n\n\n\n<div class=\"wp-block-column is-layout-flow wp-block-column-is-layout-flow\">\n<h2 class=\"wp-block-heading\">Schwerpunkt: Punktschwei\u00dftechnologie<\/h2>\n\n\n\n<p>Produktivit\u00e4t, Zuverl\u00e4ssigkeit und Elementintegration sind die wesentlichen Merkmale unserer Punktschwei\u00dftechnologie, die in Form eines leichten und kompakten Systems eine hohe Nutzlast bei hoher Geschwindigkeit bew\u00e4ltigen kann.<\/p>\n\n\n\n<div class=\"wp-block-buttons is-layout-flex wp-block-buttons-is-layout-flex\">\n<div class=\"wp-block-button\"><a class=\"wp-block-button__link\" href=\"https:\/\/www.comau.com\/de\/competencies\/body-assembly\/products\/spot-welding-machine\/\">Weiterlesen<\/a><\/div>\n<\/div>\n<\/div>\n<\/div>\n","protected":false},"excerpt":{"rendered":"<p>Hochleistungsmontage Comau versteht es wie kein anderer Anbieter, den globalen Ma\u00dfstab bei fortschrittlichen Automatisierungssystemen f\u00fcr Unternehmen jeder Gr\u00f6\u00dfenordnung zu setzen. Von vielseitigen 3D-Lasersystemen und roboterisierten Schneidverfahren bis zu modernen F\u00fcgel\u00f6sungen, von Rollfalz- bis zu Palettier- und Transfersystemen \u2013 Comaus innovative Technologien sind Garant f\u00fcr Effizienz, Flexibilit\u00e4t, Langlebigkeit und eine schnelle Investitionsrendite. Unsere Kompetenz: LasertechnologieModerne Lasertechnologien [&hellip;]<\/p>\n","protected":false},"author":11,"featured_media":5162,"parent":4811,"menu_order":2,"comment_status":"closed","ping_status":"closed","template":"","meta":{"_acf_changed":false,"ep_exclude_from_search":false,"footnotes":""},"class_list":["post-5149","page","type-page","status-publish","has-post-thumbnail","hentry"],"acf":[],"yoast_head":"<!-- This site is optimized with the Yoast SEO plugin v26.9 - https:\/\/yoast.com\/product\/yoast-seo-wordpress\/ -->\n<title>Technologien - Comau<\/title>\n<meta name=\"robots\" content=\"index, follow, max-snippet:-1, max-image-preview:large, max-video-preview:-1\" \/>\n<link rel=\"canonical\" href=\"https:\/\/www.comau.com\/de\/competencies\/body-assembly\/technologies\/\" \/>\n<meta property=\"og:locale\" content=\"de_DE\" \/>\n<meta property=\"og:type\" content=\"article\" \/>\n<meta property=\"og:title\" content=\"Technologien - Comau\" \/>\n<meta property=\"og:description\" content=\"Hochleistungsmontage Comau versteht es wie kein anderer Anbieter, den globalen Ma\u00dfstab bei fortschrittlichen Automatisierungssystemen f\u00fcr Unternehmen jeder Gr\u00f6\u00dfenordnung zu setzen. Von vielseitigen 3D-Lasersystemen und roboterisierten Schneidverfahren bis zu modernen F\u00fcgel\u00f6sungen, von Rollfalz- bis zu Palettier- und Transfersystemen \u2013 Comaus innovative Technologien sind Garant f\u00fcr Effizienz, Flexibilit\u00e4t, Langlebigkeit und eine schnelle Investitionsrendite. Unsere Kompetenz: LasertechnologieModerne Lasertechnologien [&hellip;]\" \/>\n<meta property=\"og:url\" content=\"https:\/\/www.comau.com\/de\/competencies\/body-assembly\/technologies\/\" \/>\n<meta property=\"og:site_name\" content=\"Comau\" \/>\n<meta property=\"article:publisher\" content=\"https:\/\/www.facebook.com\/COMAU\/\" \/>\n<meta property=\"article:modified_time\" content=\"2021-07-19T20:21:32+00:00\" \/>\n<meta property=\"og:image\" content=\"https:\/\/www.comau.com\/wp-content\/uploads\/2021\/06\/BA_header-1.jpg\" \/>\n\t<meta property=\"og:image:width\" content=\"1280\" \/>\n\t<meta property=\"og:image:height\" content=\"485\" \/>\n\t<meta property=\"og:image:type\" content=\"image\/jpeg\" \/>\n<meta name=\"twitter:card\" content=\"summary_large_image\" \/>\n<meta name=\"twitter:site\" content=\"@comaugroup\" \/>\n<meta name=\"twitter:label1\" content=\"Gesch\u00e4tzte Lesezeit\" \/>\n\t<meta name=\"twitter:data1\" content=\"2\u00a0Minuten\" \/>\n<script type=\"application\/ld+json\" class=\"yoast-schema-graph\">{\"@context\":\"https:\/\/schema.org\",\"@graph\":[{\"@type\":\"WebPage\",\"@id\":\"https:\/\/www.comau.com\/de\/competencies\/body-assembly\/technologies\/\",\"url\":\"https:\/\/www.comau.com\/de\/competencies\/body-assembly\/technologies\/\",\"name\":\"Technologien - Comau\",\"isPartOf\":{\"@id\":\"https:\/\/www.comau.com\/de\/#website\"},\"primaryImageOfPage\":{\"@id\":\"https:\/\/www.comau.com\/de\/competencies\/body-assembly\/technologies\/#primaryimage\"},\"image\":{\"@id\":\"https:\/\/www.comau.com\/de\/competencies\/body-assembly\/technologies\/#primaryimage\"},\"thumbnailUrl\":\"https:\/\/www.comau.com\/wp-content\/uploads\/2021\/06\/BA_header-1.jpg\",\"datePublished\":\"2021-06-30T23:02:40+00:00\",\"dateModified\":\"2021-07-19T20:21:32+00:00\",\"breadcrumb\":{\"@id\":\"https:\/\/www.comau.com\/de\/competencies\/body-assembly\/technologies\/#breadcrumb\"},\"inLanguage\":\"de\",\"potentialAction\":[{\"@type\":\"ReadAction\",\"target\":[\"https:\/\/www.comau.com\/de\/competencies\/body-assembly\/technologies\/\"]}]},{\"@type\":\"ImageObject\",\"inLanguage\":\"de\",\"@id\":\"https:\/\/www.comau.com\/de\/competencies\/body-assembly\/technologies\/#primaryimage\",\"url\":\"https:\/\/www.comau.com\/wp-content\/uploads\/2021\/06\/BA_header-1.jpg\",\"contentUrl\":\"https:\/\/www.comau.com\/wp-content\/uploads\/2021\/06\/BA_header-1.jpg\",\"width\":1280,\"height\":485},{\"@type\":\"BreadcrumbList\",\"@id\":\"https:\/\/www.comau.com\/de\/competencies\/body-assembly\/technologies\/#breadcrumb\",\"itemListElement\":[{\"@type\":\"ListItem\",\"position\":1,\"name\":\"Home\",\"item\":\"https:\/\/www.comau.com\/de\/\"},{\"@type\":\"ListItem\",\"position\":2,\"name\":\"Unsere Kompetenzen\",\"item\":\"https:\/\/www.comau.com\/de\/competencies\/\"},{\"@type\":\"ListItem\",\"position\":3,\"name\":\"Body Assembly\",\"item\":\"https:\/\/www.comau.com\/de\/competencies\/body-assembly\/\"},{\"@type\":\"ListItem\",\"position\":4,\"name\":\"Technologien\"}]},{\"@type\":\"WebSite\",\"@id\":\"https:\/\/www.comau.com\/de\/#website\",\"url\":\"https:\/\/www.comau.com\/de\/\",\"name\":\"Comau\",\"description\":\"Industrial automation and robotics\",\"publisher\":{\"@id\":\"https:\/\/www.comau.com\/de\/#organization\"},\"potentialAction\":[{\"@type\":\"SearchAction\",\"target\":{\"@type\":\"EntryPoint\",\"urlTemplate\":\"https:\/\/www.comau.com\/de\/?s={search_term_string}\"},\"query-input\":{\"@type\":\"PropertyValueSpecification\",\"valueRequired\":true,\"valueName\":\"search_term_string\"}}],\"inLanguage\":\"de\"},{\"@type\":\"Organization\",\"@id\":\"https:\/\/www.comau.com\/de\/#organization\",\"name\":\"Comau\",\"url\":\"https:\/\/www.comau.com\/de\/\",\"logo\":{\"@type\":\"ImageObject\",\"inLanguage\":\"de\",\"@id\":\"https:\/\/www.comau.com\/de\/#\/schema\/logo\/image\/\",\"url\":\"https:\/\/www.comau.com\/wp-content\/uploads\/2024\/07\/cropped-Logo-COMAU.png\",\"contentUrl\":\"https:\/\/www.comau.com\/wp-content\/uploads\/2024\/07\/cropped-Logo-COMAU.png\",\"width\":434,\"height\":434,\"caption\":\"Comau\"},\"image\":{\"@id\":\"https:\/\/www.comau.com\/de\/#\/schema\/logo\/image\/\"},\"sameAs\":[\"https:\/\/www.facebook.com\/COMAU\/\",\"https:\/\/x.com\/comaugroup\",\"https:\/\/www.instagram.com\/comaugroup\/\",\"https:\/\/www.linkedin.com\/company\/comau\",\"https:\/\/www.youtube.com\/user\/comau\"]}]}<\/script>\n<!-- \/ Yoast SEO plugin. -->","yoast_head_json":{"title":"Technologien - Comau","robots":{"index":"index","follow":"follow","max-snippet":"max-snippet:-1","max-image-preview":"max-image-preview:large","max-video-preview":"max-video-preview:-1"},"canonical":"https:\/\/www.comau.com\/de\/competencies\/body-assembly\/technologies\/","og_locale":"de_DE","og_type":"article","og_title":"Technologien - Comau","og_description":"Hochleistungsmontage Comau versteht es wie kein anderer Anbieter, den globalen Ma\u00dfstab bei fortschrittlichen Automatisierungssystemen f\u00fcr Unternehmen jeder Gr\u00f6\u00dfenordnung zu setzen. Von vielseitigen 3D-Lasersystemen und roboterisierten Schneidverfahren bis zu modernen F\u00fcgel\u00f6sungen, von Rollfalz- bis zu Palettier- und Transfersystemen \u2013 Comaus innovative Technologien sind Garant f\u00fcr Effizienz, Flexibilit\u00e4t, Langlebigkeit und eine schnelle Investitionsrendite. Unsere Kompetenz: LasertechnologieModerne Lasertechnologien [&hellip;]","og_url":"https:\/\/www.comau.com\/de\/competencies\/body-assembly\/technologies\/","og_site_name":"Comau","article_publisher":"https:\/\/www.facebook.com\/COMAU\/","article_modified_time":"2021-07-19T20:21:32+00:00","og_image":[{"width":1280,"height":485,"url":"https:\/\/www.comau.com\/wp-content\/uploads\/2021\/06\/BA_header-1.jpg","type":"image\/jpeg"}],"twitter_card":"summary_large_image","twitter_site":"@comaugroup","twitter_misc":{"Gesch\u00e4tzte Lesezeit":"2\u00a0Minuten"},"schema":{"@context":"https:\/\/schema.org","@graph":[{"@type":"WebPage","@id":"https:\/\/www.comau.com\/de\/competencies\/body-assembly\/technologies\/","url":"https:\/\/www.comau.com\/de\/competencies\/body-assembly\/technologies\/","name":"Technologien - Comau","isPartOf":{"@id":"https:\/\/www.comau.com\/de\/#website"},"primaryImageOfPage":{"@id":"https:\/\/www.comau.com\/de\/competencies\/body-assembly\/technologies\/#primaryimage"},"image":{"@id":"https:\/\/www.comau.com\/de\/competencies\/body-assembly\/technologies\/#primaryimage"},"thumbnailUrl":"https:\/\/www.comau.com\/wp-content\/uploads\/2021\/06\/BA_header-1.jpg","datePublished":"2021-06-30T23:02:40+00:00","dateModified":"2021-07-19T20:21:32+00:00","breadcrumb":{"@id":"https:\/\/www.comau.com\/de\/competencies\/body-assembly\/technologies\/#breadcrumb"},"inLanguage":"de","potentialAction":[{"@type":"ReadAction","target":["https:\/\/www.comau.com\/de\/competencies\/body-assembly\/technologies\/"]}]},{"@type":"ImageObject","inLanguage":"de","@id":"https:\/\/www.comau.com\/de\/competencies\/body-assembly\/technologies\/#primaryimage","url":"https:\/\/www.comau.com\/wp-content\/uploads\/2021\/06\/BA_header-1.jpg","contentUrl":"https:\/\/www.comau.com\/wp-content\/uploads\/2021\/06\/BA_header-1.jpg","width":1280,"height":485},{"@type":"BreadcrumbList","@id":"https:\/\/www.comau.com\/de\/competencies\/body-assembly\/technologies\/#breadcrumb","itemListElement":[{"@type":"ListItem","position":1,"name":"Home","item":"https:\/\/www.comau.com\/de\/"},{"@type":"ListItem","position":2,"name":"Unsere Kompetenzen","item":"https:\/\/www.comau.com\/de\/competencies\/"},{"@type":"ListItem","position":3,"name":"Body Assembly","item":"https:\/\/www.comau.com\/de\/competencies\/body-assembly\/"},{"@type":"ListItem","position":4,"name":"Technologien"}]},{"@type":"WebSite","@id":"https:\/\/www.comau.com\/de\/#website","url":"https:\/\/www.comau.com\/de\/","name":"Comau","description":"Industrial automation and robotics","publisher":{"@id":"https:\/\/www.comau.com\/de\/#organization"},"potentialAction":[{"@type":"SearchAction","target":{"@type":"EntryPoint","urlTemplate":"https:\/\/www.comau.com\/de\/?s={search_term_string}"},"query-input":{"@type":"PropertyValueSpecification","valueRequired":true,"valueName":"search_term_string"}}],"inLanguage":"de"},{"@type":"Organization","@id":"https:\/\/www.comau.com\/de\/#organization","name":"Comau","url":"https:\/\/www.comau.com\/de\/","logo":{"@type":"ImageObject","inLanguage":"de","@id":"https:\/\/www.comau.com\/de\/#\/schema\/logo\/image\/","url":"https:\/\/www.comau.com\/wp-content\/uploads\/2024\/07\/cropped-Logo-COMAU.png","contentUrl":"https:\/\/www.comau.com\/wp-content\/uploads\/2024\/07\/cropped-Logo-COMAU.png","width":434,"height":434,"caption":"Comau"},"image":{"@id":"https:\/\/www.comau.com\/de\/#\/schema\/logo\/image\/"},"sameAs":["https:\/\/www.facebook.com\/COMAU\/","https:\/\/x.com\/comaugroup","https:\/\/www.instagram.com\/comaugroup\/","https:\/\/www.linkedin.com\/company\/comau","https:\/\/www.youtube.com\/user\/comau"]}]}},"_links":{"self":[{"href":"https:\/\/www.comau.com\/de\/wp-json\/wp\/v2\/pages\/5149","targetHints":{"allow":["GET"]}}],"collection":[{"href":"https:\/\/www.comau.com\/de\/wp-json\/wp\/v2\/pages"}],"about":[{"href":"https:\/\/www.comau.com\/de\/wp-json\/wp\/v2\/types\/page"}],"author":[{"embeddable":true,"href":"https:\/\/www.comau.com\/de\/wp-json\/wp\/v2\/users\/11"}],"replies":[{"embeddable":true,"href":"https:\/\/www.comau.com\/de\/wp-json\/wp\/v2\/comments?post=5149"}],"version-history":[{"count":36,"href":"https:\/\/www.comau.com\/de\/wp-json\/wp\/v2\/pages\/5149\/revisions"}],"predecessor-version":[{"id":29159,"href":"https:\/\/www.comau.com\/de\/wp-json\/wp\/v2\/pages\/5149\/revisions\/29159"}],"up":[{"embeddable":true,"href":"https:\/\/www.comau.com\/de\/wp-json\/wp\/v2\/pages\/4811"}],"wp:featuredmedia":[{"embeddable":true,"href":"https:\/\/www.comau.com\/de\/wp-json\/wp\/v2\/media\/5162"}],"wp:attachment":[{"href":"https:\/\/www.comau.com\/de\/wp-json\/wp\/v2\/media?parent=5149"}],"curies":[{"name":"wp","href":"https:\/\/api.w.org\/{rel}","templated":true}]}}